{"id":5967,"date":"2026-02-20T22:17:32","date_gmt":"2026-02-20T21:17:32","guid":{"rendered":"https:\/\/www.donadonsdd.com\/product\/indicador-de-rotura-ir2a-indicador-electrico-sanitario-de-rotura-de-disco-para-discos-de-pinza\/"},"modified":"2026-04-14T17:17:03","modified_gmt":"2026-04-14T15:17:03","slug":"ir2a-sanitary","status":"publish","type":"product","link":"https:\/\/www.donadonsdd.com\/es\/producto\/ir2a-sanitary\/","title":{"rendered":"Indicador de rotura IR2A &#8211; Indicador el\u00e9ctrico sanitario de rotura de disco para discos de pinza"},"content":{"rendered":"<p class=\"p1\">El DonadonSDD IR2A &#8211; Indicador de rotura de abrazadera es un dispositivo fiable y compacto dise\u00f1ado para la detecci\u00f3n de eventos de rotura en discos de ruptura sanitarios instalados con conexiones de abrazadera.<br \/>\nEl indicador se monta directamente en el disco de ruptura, lo que garantiza la detecci\u00f3n inmediata y precisa de la activaci\u00f3n del disco en aplicaciones de procesos higi\u00e9nicos.<\/p>\n<p class=\"p1\">La pinza IR2A se ha desarrollado espec\u00edficamente para las industrias farmac\u00e9utica, alimentaria, biotecnol\u00f3gica y otras industrias sanitarias, donde son esenciales un dise\u00f1o limpio, la fiabilidad y el cumplimiento de los requisitos de las zonas peligrosas.<\/p>\n<p class=\"p3\">El indicador IR2A &#8211; Pinza incorpora un elemento activo formado por una pista de cobre flexible, encapsulada de forma segura entre dos capas aislantes de poliimida (Kapton\u00ae).<br \/>\nEl elemento activo se integra mec\u00e1nicamente en el conjunto del disco de ruptura montado en la abrazadera mediante un anillo actuador met\u00e1lico, fabricado normalmente en acero inoxidable AISI 316L.<\/p>\n<p class=\"p3\">La se\u00f1al de alarma se transmite a trav\u00e9s de un cable de interfaz, disponible en configuraci\u00f3n est\u00e1ndar con casquillos dobles o, alternativamente, equipado con un conector.<\/p>\n<p class=\"p3\">La conexi\u00f3n al sistema de control o de seguridad de la planta debe realizarse a trav\u00e9s de una barrera de seguridad intr\u00ednseca, de acuerdo con los par\u00e1metros el\u00e9ctricos del sensor:<\/p>\n<ul class=\"ul1\">\n<li class=\"li3\">Tensi\u00f3n m\u00e1xima: 24 V CC<\/li>\n<li class=\"li3\">Corriente m\u00e1xima: 50 mA<\/li>\n<\/ul>\n<p class=\"p3\">La selecci\u00f3n de la barrera determina la clasificaci\u00f3n de zona peligrosa permitida.<\/p>\n<p class=\"p3\">El indicador de rotura de pinza IR2A est\u00e1 dise\u00f1ado para su uso en entornos peligrosos y es totalmente conforme con:<\/p>\n<ul class=\"ul1\">\n<li class=\"li3\">Directiva 2014\/34\/UE (ATEX)<\/li>\n<li class=\"li3\">CU TR 012 (EAC)<\/li>\n<li class=\"li3\">Sistema de certificaci\u00f3n IECEx<\/li>\n<\/ul>\n<p class=\"p3\">Zonas de instalaci\u00f3n permitidas<\/p>\n<ul class=\"ul1\">\n<li class=\"li3\">Con barrera Ex ia: Zonas 0, 20, 1, 21, 2, 22<\/li>\n<li class=\"li3\">Con barrera Ex ib: Zonas 1, 21, 2, 22<\/li>\n<\/ul>\n<p class=\"p3\">La instalaci\u00f3n debe realizarse de acuerdo con la norma EN 60079-14 y las normas el\u00e9ctricas nacionales aplicables.<\/p>\n","protected":false},"excerpt":{"rendered":"<p>El DonadonSDD IR2A &#8211; Indicador de rotura de abrazadera es un dispositivo fiable y compacto dise\u00f1ado para la detecci\u00f3n de eventos de rotura en discos de ruptura sanitarios instalados con conexiones de abrazadera. El indicador se monta directamente en el disco de ruptura, lo que garantiza la detecci\u00f3n inmediata y precisa de la activaci\u00f3n del [&hellip;]<\/p>\n","protected":false},"featured_media":10270,"menu_order":0,"template":"","meta":{"_acf_changed":false},"categoria_prodotto":[94,81],"class_list":["post-5967","product","type-product","status-publish","has-post-thumbnail","hentry","categoria_prodotto-electric","categoria_prodotto-rupture-indicators"],"acf":[],"yoast_head":"<!-- This site is optimized with the Yoast SEO plugin v27.3 - https:\/\/yoast.com\/product\/yoast-seo-wordpress\/ -->\n<title>Indicador el\u00e9ctrico sanitario de discos reventados para discos de pinza - IR2A<\/title>\n<meta name=\"description\" content=\"IR2A Clamp \u2013 indicador de rotura el\u00e9ctrico DonadonSDD para discos de ruptura sanitarios con conexi\u00f3n clamp. Certificado ATEX, IECEx y EAC. Para industrias farmac\u00e9utica, alimentaria y biotecnol\u00f3gica.\" \/>\n<meta name=\"robots\" content=\"index, follow, max-snippet:-1, max-image-preview:large, max-video-preview:-1\" \/>\n<link rel=\"canonical\" href=\"https:\/\/www.donadonsdd.com\/es\/producto\/ir2a-sanitary\/\" \/>\n<meta property=\"og:locale\" content=\"es_ES\" \/>\n<meta property=\"og:type\" content=\"article\" \/>\n<meta property=\"og:title\" content=\"Indicador el\u00e9ctrico sanitario de discos reventados para discos de pinza - IR2A\" \/>\n<meta property=\"og:description\" content=\"IR2A Clamp \u2013 indicador de rotura el\u00e9ctrico DonadonSDD para discos de ruptura sanitarios con conexi\u00f3n clamp. Certificado ATEX, IECEx y EAC. Para industrias farmac\u00e9utica, alimentaria y biotecnol\u00f3gica.\" \/>\n<meta property=\"og:url\" content=\"https:\/\/www.donadonsdd.com\/es\/producto\/ir2a-sanitary\/\" \/>\n<meta property=\"og:site_name\" content=\"DonadonSDD Srl\" \/>\n<meta property=\"article:modified_time\" content=\"2026-04-14T15:17:03+00:00\" \/>\n<meta property=\"og:image\" content=\"https:\/\/www.donadonsdd.com\/wp-content\/uploads\/2026\/02\/PXL_20260226_130000100.MP-remove-background.com_.png\" \/>\n\t<meta property=\"og:image:width\" content=\"1800\" \/>\n\t<meta property=\"og:image:height\" content=\"1013\" \/>\n\t<meta property=\"og:image:type\" content=\"image\/png\" \/>\n<meta name=\"twitter:card\" content=\"summary_large_image\" \/>\n<meta name=\"twitter:label1\" content=\"Tiempo de lectura\" \/>\n\t<meta name=\"twitter:data1\" content=\"3 minuto\" \/>\n<script type=\"application\/ld+json\" class=\"yoast-schema-graph\">{\"@context\":\"https:\\\/\\\/schema.org\",\"@graph\":[{\"@type\":\"WebPage\",\"@id\":\"https:\\\/\\\/www.donadonsdd.com\\\/es\\\/producto\\\/ir2a-sanitary\\\/\",\"url\":\"https:\\\/\\\/www.donadonsdd.com\\\/es\\\/producto\\\/ir2a-sanitary\\\/\",\"name\":\"Indicador el\u00e9ctrico sanitario de discos reventados para discos de pinza - IR2A\",\"isPartOf\":{\"@id\":\"https:\\\/\\\/www.donadonsdd.com\\\/es\\\/#website\"},\"primaryImageOfPage\":{\"@id\":\"https:\\\/\\\/www.donadonsdd.com\\\/es\\\/producto\\\/ir2a-sanitary\\\/#primaryimage\"},\"image\":{\"@id\":\"https:\\\/\\\/www.donadonsdd.com\\\/es\\\/producto\\\/ir2a-sanitary\\\/#primaryimage\"},\"thumbnailUrl\":\"https:\\\/\\\/www.donadonsdd.com\\\/wp-content\\\/uploads\\\/2026\\\/02\\\/PXL_20260226_130000100.MP-remove-background.com_.png\",\"datePublished\":\"2026-02-20T21:17:32+00:00\",\"dateModified\":\"2026-04-14T15:17:03+00:00\",\"description\":\"IR2A Clamp \u2013 indicador de rotura el\u00e9ctrico DonadonSDD para discos de ruptura sanitarios con conexi\u00f3n clamp. Certificado ATEX, IECEx y EAC. Para industrias farmac\u00e9utica, alimentaria y biotecnol\u00f3gica.\",\"breadcrumb\":{\"@id\":\"https:\\\/\\\/www.donadonsdd.com\\\/es\\\/producto\\\/ir2a-sanitary\\\/#breadcrumb\"},\"inLanguage\":\"es\",\"potentialAction\":[{\"@type\":\"ReadAction\",\"target\":[\"https:\\\/\\\/www.donadonsdd.com\\\/es\\\/producto\\\/ir2a-sanitary\\\/\"]}]},{\"@type\":\"ImageObject\",\"inLanguage\":\"es\",\"@id\":\"https:\\\/\\\/www.donadonsdd.com\\\/es\\\/producto\\\/ir2a-sanitary\\\/#primaryimage\",\"url\":\"https:\\\/\\\/www.donadonsdd.com\\\/wp-content\\\/uploads\\\/2026\\\/02\\\/PXL_20260226_130000100.MP-remove-background.com_.png\",\"contentUrl\":\"https:\\\/\\\/www.donadonsdd.com\\\/wp-content\\\/uploads\\\/2026\\\/02\\\/PXL_20260226_130000100.MP-remove-background.com_.png\",\"width\":1800,\"height\":1013},{\"@type\":\"BreadcrumbList\",\"@id\":\"https:\\\/\\\/www.donadonsdd.com\\\/es\\\/producto\\\/ir2a-sanitary\\\/#breadcrumb\",\"itemListElement\":[{\"@type\":\"ListItem\",\"position\":1,\"name\":\"HOMEPAGE\",\"item\":\"https:\\\/\\\/www.donadonsdd.com\\\/es\\\/\"},{\"@type\":\"ListItem\",\"position\":2,\"name\":\"Indicador de rotura IR2A &#8211; Indicador el\u00e9ctrico sanitario de rotura de disco para discos de pinza\"}]},{\"@type\":\"WebSite\",\"@id\":\"https:\\\/\\\/www.donadonsdd.com\\\/es\\\/#website\",\"url\":\"https:\\\/\\\/www.donadonsdd.com\\\/es\\\/\",\"name\":\"DonadonSDD Srl\",\"description\":\"\",\"publisher\":{\"@id\":\"https:\\\/\\\/www.donadonsdd.com\\\/es\\\/#organization\"},\"potentialAction\":[{\"@type\":\"SearchAction\",\"target\":{\"@type\":\"EntryPoint\",\"urlTemplate\":\"https:\\\/\\\/www.donadonsdd.com\\\/es\\\/?s={search_term_string}\"},\"query-input\":{\"@type\":\"PropertyValueSpecification\",\"valueRequired\":true,\"valueName\":\"search_term_string\"}}],\"inLanguage\":\"es\"},{\"@type\":\"Organization\",\"@id\":\"https:\\\/\\\/www.donadonsdd.com\\\/es\\\/#organization\",\"name\":\"DonadonSDD Srl\",\"url\":\"https:\\\/\\\/www.donadonsdd.com\\\/es\\\/\",\"logo\":{\"@type\":\"ImageObject\",\"inLanguage\":\"es\",\"@id\":\"https:\\\/\\\/www.donadonsdd.com\\\/es\\\/#\\\/schema\\\/logo\\\/image\\\/\",\"url\":\"https:\\\/\\\/www.donadonsdd.com\\\/wp-content\\\/uploads\\\/2025\\\/11\\\/donadonsdd-logo.png\",\"contentUrl\":\"https:\\\/\\\/www.donadonsdd.com\\\/wp-content\\\/uploads\\\/2025\\\/11\\\/donadonsdd-logo.png\",\"width\":544,\"height\":96,\"caption\":\"DonadonSDD Srl\"},\"image\":{\"@id\":\"https:\\\/\\\/www.donadonsdd.com\\\/es\\\/#\\\/schema\\\/logo\\\/image\\\/\"}}]}<\/script>\n<!-- \/ Yoast SEO plugin. -->","yoast_head_json":{"title":"Indicador el\u00e9ctrico sanitario de discos reventados para discos de pinza - IR2A","description":"IR2A Clamp \u2013 indicador de rotura el\u00e9ctrico DonadonSDD para discos de ruptura sanitarios con conexi\u00f3n clamp. Certificado ATEX, IECEx y EAC. Para industrias farmac\u00e9utica, alimentaria y biotecnol\u00f3gica.","robots":{"index":"index","follow":"follow","max-snippet":"max-snippet:-1","max-image-preview":"max-image-preview:large","max-video-preview":"max-video-preview:-1"},"canonical":"https:\/\/www.donadonsdd.com\/es\/producto\/ir2a-sanitary\/","og_locale":"es_ES","og_type":"article","og_title":"Indicador el\u00e9ctrico sanitario de discos reventados para discos de pinza - IR2A","og_description":"IR2A Clamp \u2013 indicador de rotura el\u00e9ctrico DonadonSDD para discos de ruptura sanitarios con conexi\u00f3n clamp. Certificado ATEX, IECEx y EAC. Para industrias farmac\u00e9utica, alimentaria y biotecnol\u00f3gica.","og_url":"https:\/\/www.donadonsdd.com\/es\/producto\/ir2a-sanitary\/","og_site_name":"DonadonSDD Srl","article_modified_time":"2026-04-14T15:17:03+00:00","og_image":[{"width":1800,"height":1013,"url":"https:\/\/www.donadonsdd.com\/wp-content\/uploads\/2026\/02\/PXL_20260226_130000100.MP-remove-background.com_.png","type":"image\/png"}],"twitter_card":"summary_large_image","twitter_misc":{"Tiempo de lectura":"3 minuto"},"schema":{"@context":"https:\/\/schema.org","@graph":[{"@type":"WebPage","@id":"https:\/\/www.donadonsdd.com\/es\/producto\/ir2a-sanitary\/","url":"https:\/\/www.donadonsdd.com\/es\/producto\/ir2a-sanitary\/","name":"Indicador el\u00e9ctrico sanitario de discos reventados para discos de pinza - IR2A","isPartOf":{"@id":"https:\/\/www.donadonsdd.com\/es\/#website"},"primaryImageOfPage":{"@id":"https:\/\/www.donadonsdd.com\/es\/producto\/ir2a-sanitary\/#primaryimage"},"image":{"@id":"https:\/\/www.donadonsdd.com\/es\/producto\/ir2a-sanitary\/#primaryimage"},"thumbnailUrl":"https:\/\/www.donadonsdd.com\/wp-content\/uploads\/2026\/02\/PXL_20260226_130000100.MP-remove-background.com_.png","datePublished":"2026-02-20T21:17:32+00:00","dateModified":"2026-04-14T15:17:03+00:00","description":"IR2A Clamp \u2013 indicador de rotura el\u00e9ctrico DonadonSDD para discos de ruptura sanitarios con conexi\u00f3n clamp. Certificado ATEX, IECEx y EAC. Para industrias farmac\u00e9utica, alimentaria y biotecnol\u00f3gica.","breadcrumb":{"@id":"https:\/\/www.donadonsdd.com\/es\/producto\/ir2a-sanitary\/#breadcrumb"},"inLanguage":"es","potentialAction":[{"@type":"ReadAction","target":["https:\/\/www.donadonsdd.com\/es\/producto\/ir2a-sanitary\/"]}]},{"@type":"ImageObject","inLanguage":"es","@id":"https:\/\/www.donadonsdd.com\/es\/producto\/ir2a-sanitary\/#primaryimage","url":"https:\/\/www.donadonsdd.com\/wp-content\/uploads\/2026\/02\/PXL_20260226_130000100.MP-remove-background.com_.png","contentUrl":"https:\/\/www.donadonsdd.com\/wp-content\/uploads\/2026\/02\/PXL_20260226_130000100.MP-remove-background.com_.png","width":1800,"height":1013},{"@type":"BreadcrumbList","@id":"https:\/\/www.donadonsdd.com\/es\/producto\/ir2a-sanitary\/#breadcrumb","itemListElement":[{"@type":"ListItem","position":1,"name":"HOMEPAGE","item":"https:\/\/www.donadonsdd.com\/es\/"},{"@type":"ListItem","position":2,"name":"Indicador de rotura IR2A &#8211; Indicador el\u00e9ctrico sanitario de rotura de disco para discos de pinza"}]},{"@type":"WebSite","@id":"https:\/\/www.donadonsdd.com\/es\/#website","url":"https:\/\/www.donadonsdd.com\/es\/","name":"DonadonSDD Srl","description":"","publisher":{"@id":"https:\/\/www.donadonsdd.com\/es\/#organization"},"potentialAction":[{"@type":"SearchAction","target":{"@type":"EntryPoint","urlTemplate":"https:\/\/www.donadonsdd.com\/es\/?s={search_term_string}"},"query-input":{"@type":"PropertyValueSpecification","valueRequired":true,"valueName":"search_term_string"}}],"inLanguage":"es"},{"@type":"Organization","@id":"https:\/\/www.donadonsdd.com\/es\/#organization","name":"DonadonSDD Srl","url":"https:\/\/www.donadonsdd.com\/es\/","logo":{"@type":"ImageObject","inLanguage":"es","@id":"https:\/\/www.donadonsdd.com\/es\/#\/schema\/logo\/image\/","url":"https:\/\/www.donadonsdd.com\/wp-content\/uploads\/2025\/11\/donadonsdd-logo.png","contentUrl":"https:\/\/www.donadonsdd.com\/wp-content\/uploads\/2025\/11\/donadonsdd-logo.png","width":544,"height":96,"caption":"DonadonSDD Srl"},"image":{"@id":"https:\/\/www.donadonsdd.com\/es\/#\/schema\/logo\/image\/"}}]}},"toolset-meta":{"toolset-woocommerce-fields":{"_download_limit":{"type":"numeric","raw":""},"_virtual":{"type":"checkbox","raw":""},"_downloadable":{"type":"checkbox","raw":""},"_download_expiry":{"type":"numeric","raw":""},"_download_type":{"type":"radio","raw":""},"_regular_price":{"type":"numeric","raw":""},"_sale_price":{"type":"numeric","raw":""},"_sale_price_dates_from":{"type":"date","raw":"","formatted":null},"_sale_price_dates_to":{"type":"date","raw":"","formatted":null},"_sku":{"type":"textfield","raw":""},"_manage_stock":{"type":"checkbox","raw":""},"_stock_status":{"type":"radio","raw":""},"_stock":{"type":"numeric","raw":""},"_backorders":{"type":"radio","raw":""},"_sold_individually":{"type":"checkbox","raw":""},"_width":{"type":"numeric","raw":""},"_weight":{"type":"numeric","raw":""},"_length":{"type":"numeric","raw":""},"_purchase_note":{"type":"textarea","raw":""}},"infografica":{"operation-ratio":{"type":"textfield","raw":""},"non-fragmenting":{"type":"textfield","raw":""},"vacumm-resistant":{"type":"textfield","raw":""},"sanitary":{"type":"textfield","raw":""},"liquid":{"type":"textfield","raw":""},"vapor-gas":{"type":"textfield","raw":""},"ferrules":{"type":"textfield","raw":""}},"dettagli-prodotto":{"immagini-prodotto":{"type":"image","raw":["https:\/\/www.donadonsdd.com\/wp-content\/uploads\/2026\/02\/PXL_20260226_130000100.MP_.jpg"],"repeatable":[{"raw":"https:\/\/www.donadonsdd.com\/wp-content\/uploads\/2026\/02\/PXL_20260226_130000100.MP_.jpg","attachment_id":10409}]},"tabella-specifiche":{"type":"wysiwyg","raw":"===TABLE===\r\nMODELO | ABRAZADERA IR2A;\r\nTEMPERATURA DE FUNCIONAMIENTO | Parte activa: de -196 \u00b0C a 260 \u00b0C \u00a7 Cable de interfaz: de -40 \u00b0C a +70 \u00b0C;\r\nENCAPSULADO DE MEMBRANA | Poliamida (Kapton\u00ae);\r\nPLACA DE CIRCUITO IMPRESO | Cobre;\r\nCABLE | Est\u00e1ndar, 2 m - disponible con dos casquillos o con conector \u00a7 Longitud m\u00e1xima 15 m;\r\nPAR\u00c1METROS EL\u00c9CTRICOS DE LA FUENTE DE ALIMENTACI\u00d3N (M\u00c1X) | Tensi\u00f3n: 24 V CC \u00a7 Corriente: 50 mA \u00a7 Potencia: 0.3 W \u00a7 Capacidad: 780 pF \u00a7 Inductancia: 10,2 \u00b5H;\r\nFLUIDO DE PROCESO | Gas, l\u00edquido, polvo;\r\nGRADO IP | 67;\r\nCOMPATIBILIDAD CON DISCOS DE RUPTURA | <a href=\"https:\/\/www.donadonsdd.com\/es\/producto\/dcd-sanitary\/\">Sanitario DCD<\/a>, <a href=\"https:\/\/www.donadonsdd.com\/es\/producto\/scd-sanitary\/\">Sanitario SCD<\/a>, <a href=\"https:\/\/www.donadonsdd.com\/es\/producto\/scr-sanitary\/\">Sanitario SCR<\/a>, <a href=\"https:\/\/www.donadonsdd.com\/es\/producto\/y90-sanitary\/\">Sanitario Y90<\/a>, <a href=\"https:\/\/www.donadonsdd.com\/es\/producto\/krd-sanitary\/\">Sanitario KRD<\/a>;\r\n\r\n===TEXT===\r\n<h3>La presi\u00f3n m\u00ednima de funcionamiento depende del di\u00e1metro:<\/h3>\r\n===TABLE===\r\nDN (MM) | 25 | 40 | 50 | 65 | 80 | 100 | 150 | 200;\r\nNPS (PULGADAS) | 1 | 1 1\/2 | 2 | 2 1\/2 | 3 | 4 | 6 | 8 ;\r\nPRESI\u00d3N M\u00cdNIMA (BAR G) | 0,8 | 0,5 | 0,45 | 0,4 | 0,12 | 0,1 | 0,07 | 0,05;"}}},"_links":{"self":[{"href":"https:\/\/www.donadonsdd.com\/es\/wp-json\/wp\/v2\/product\/5967","targetHints":{"allow":["GET"]}}],"collection":[{"href":"https:\/\/www.donadonsdd.com\/es\/wp-json\/wp\/v2\/product"}],"about":[{"href":"https:\/\/www.donadonsdd.com\/es\/wp-json\/wp\/v2\/types\/product"}],"wp:featuredmedia":[{"embeddable":true,"href":"https:\/\/www.donadonsdd.com\/es\/wp-json\/wp\/v2\/media\/10270"}],"wp:attachment":[{"href":"https:\/\/www.donadonsdd.com\/es\/wp-json\/wp\/v2\/media?parent=5967"}],"wp:term":[{"taxonomy":"categoria_prodotto","embeddable":true,"href":"https:\/\/www.donadonsdd.com\/es\/wp-json\/wp\/v2\/categoria_prodotto?post=5967"}],"curies":[{"name":"wp","href":"https:\/\/api.w.org\/{rel}","templated":true}]}}