{"id":5983,"date":"2026-02-20T23:27:38","date_gmt":"2026-02-20T22:27:38","guid":{"rendered":"https:\/\/www.donadonsdd.com\/product\/paneles-de-ventilacion-ps-r\/"},"modified":"2026-02-28T00:44:15","modified_gmt":"2026-02-27T23:44:15","slug":"psr","status":"publish","type":"product","link":"https:\/\/www.donadonsdd.com\/es\/producto\/psr\/","title":{"rendered":"Paneles de ventilaci\u00f3n PS-R"},"content":{"rendered":"<p class=\"p1\">Los paneles rectangulares de ventilaci\u00f3n DonadonSDD PS\/R son paneles tensados compuestos formados por tres partes:<\/p>\n<ul>\n<li class=\"p1\">una pieza met\u00e1lica calibrada<\/li>\n<li class=\"p1\">una membrana de sellado (normalmente de PTFE)<\/li>\n<li class=\"p1\">una secci\u00f3n de protecci\u00f3n met\u00e1lica<\/li>\n<\/ul>\n<p class=\"p1\">Tambi\u00e9n hay disponibles soportes de vac\u00edo.<\/p>\n<p class=\"p1\">Los paneles de venteo de explosiones son adecuados para su uso con gas y\/o polvo en condiciones est\u00e1ticas, pulsantes y c\u00edclicas. Suelen tener presiones de venteo muy bajas (est\u00e1ndar 0,1 bar g). Los paneles se instalan principalmente en colectores de polvo, secadores, artesas, silos, separadores, mezcladores, impulsores, purificadores de aire, tamices y filtros.  <\/p>\n<p class=\"p1\">Pueden montarse entre bastidores soldados o perfiles no mecanizados de acero al carbono o inoxidable. No son necesarios bastidores mecanizados ni costosos contenedores. <\/p>\n<p class=\"p1\">Los paneles pueden suministrarse en ejecuci\u00f3n ATEX (PS\/EX) y certificados EX II GD y EX II D. Por tanto, pueden instalarse en lugares con presencia de atm\u00f3sferas explosivas (zonas clasificadas como categor\u00eda 0, 20, 1, 21, 2 y 20 seg\u00fan la Directiva Europea ATEX 2014\/34\/UE). <\/p>\n","protected":false},"excerpt":{"rendered":"<p>Los paneles rectangulares de ventilaci\u00f3n DonadonSDD PS\/R son paneles tensados compuestos formados por tres partes: una pieza met\u00e1lica calibrada una membrana de sellado (normalmente de PTFE) una secci\u00f3n de protecci\u00f3n met\u00e1lica Tambi\u00e9n hay disponibles soportes de vac\u00edo. Los paneles de venteo de explosiones son adecuados para su uso con gas y\/o polvo en condiciones est\u00e1ticas, [&hellip;]<\/p>\n","protected":false},"featured_media":10262,"menu_order":0,"template":"","meta":{"_acf_changed":false},"categoria_prodotto":[80],"class_list":["post-5983","product","type-product","status-publish","has-post-thumbnail","hentry","categoria_prodotto-explosion-venting-panels"],"acf":[],"yoast_head":"<!-- This site is optimized with the Yoast SEO plugin v27.3 - https:\/\/yoast.com\/product\/yoast-seo-wordpress\/ -->\n<title>Panel rectangular de venteo de explosiones para aplicaciones de polvo y gas - PSR<\/title>\n<meta name=\"description\" content=\"Panel de venteo de explosiones compuesto rectangular para aplicaciones de polvo y gas. La baja presi\u00f3n de apertura y el dise\u00f1o no fragmentante permiten un venteo de explosiones fiable, con certificaci\u00f3n ATEX, adecuado para silos, filtros y equipos de manipulaci\u00f3n de polvo.\" \/>\n<meta name=\"robots\" content=\"index, follow, max-snippet:-1, max-image-preview:large, max-video-preview:-1\" \/>\n<link rel=\"canonical\" href=\"https:\/\/www.donadonsdd.com\/es\/producto\/psr\/\" \/>\n<meta property=\"og:locale\" content=\"es_ES\" \/>\n<meta property=\"og:type\" content=\"article\" \/>\n<meta property=\"og:title\" content=\"Panel rectangular de venteo de explosiones para aplicaciones de polvo y gas - PSR\" \/>\n<meta property=\"og:description\" content=\"Panel de venteo de explosiones compuesto rectangular para aplicaciones de polvo y gas. La baja presi\u00f3n de apertura y el dise\u00f1o no fragmentante permiten un venteo de explosiones fiable, con certificaci\u00f3n ATEX, adecuado para silos, filtros y equipos de manipulaci\u00f3n de polvo.\" \/>\n<meta property=\"og:url\" content=\"https:\/\/www.donadonsdd.com\/es\/producto\/psr\/\" \/>\n<meta property=\"og:site_name\" content=\"DonadonSDD Srl\" \/>\n<meta property=\"article:modified_time\" content=\"2026-02-27T23:44:15+00:00\" \/>\n<meta property=\"og:image\" content=\"https:\/\/www.donadonsdd.com\/wp-content\/uploads\/2026\/02\/donadon-138_result-remove-background.com_.png\" \/>\n\t<meta property=\"og:image:width\" content=\"1800\" \/>\n\t<meta property=\"og:image:height\" content=\"1200\" \/>\n\t<meta property=\"og:image:type\" content=\"image\/png\" \/>\n<meta name=\"twitter:card\" content=\"summary_large_image\" \/>\n<meta name=\"twitter:label1\" content=\"Tiempo de lectura\" \/>\n\t<meta name=\"twitter:data1\" content=\"1 minuto\" \/>\n<script type=\"application\/ld+json\" class=\"yoast-schema-graph\">{\"@context\":\"https:\\\/\\\/schema.org\",\"@graph\":[{\"@type\":\"WebPage\",\"@id\":\"https:\\\/\\\/www.donadonsdd.com\\\/es\\\/producto\\\/psr\\\/\",\"url\":\"https:\\\/\\\/www.donadonsdd.com\\\/es\\\/producto\\\/psr\\\/\",\"name\":\"Panel rectangular de venteo de explosiones para aplicaciones de polvo y gas - PSR\",\"isPartOf\":{\"@id\":\"https:\\\/\\\/www.donadonsdd.com\\\/es\\\/#website\"},\"primaryImageOfPage\":{\"@id\":\"https:\\\/\\\/www.donadonsdd.com\\\/es\\\/producto\\\/psr\\\/#primaryimage\"},\"image\":{\"@id\":\"https:\\\/\\\/www.donadonsdd.com\\\/es\\\/producto\\\/psr\\\/#primaryimage\"},\"thumbnailUrl\":\"https:\\\/\\\/www.donadonsdd.com\\\/wp-content\\\/uploads\\\/2026\\\/02\\\/donadon-138_result-remove-background.com_.png\",\"datePublished\":\"2026-02-20T22:27:38+00:00\",\"dateModified\":\"2026-02-27T23:44:15+00:00\",\"description\":\"Panel de venteo de explosiones compuesto rectangular para aplicaciones de polvo y gas. La baja presi\u00f3n de apertura y el dise\u00f1o no fragmentante permiten un venteo de explosiones fiable, con certificaci\u00f3n ATEX, adecuado para silos, filtros y equipos de manipulaci\u00f3n de polvo.\",\"breadcrumb\":{\"@id\":\"https:\\\/\\\/www.donadonsdd.com\\\/es\\\/producto\\\/psr\\\/#breadcrumb\"},\"inLanguage\":\"es\",\"potentialAction\":[{\"@type\":\"ReadAction\",\"target\":[\"https:\\\/\\\/www.donadonsdd.com\\\/es\\\/producto\\\/psr\\\/\"]}]},{\"@type\":\"ImageObject\",\"inLanguage\":\"es\",\"@id\":\"https:\\\/\\\/www.donadonsdd.com\\\/es\\\/producto\\\/psr\\\/#primaryimage\",\"url\":\"https:\\\/\\\/www.donadonsdd.com\\\/wp-content\\\/uploads\\\/2026\\\/02\\\/donadon-138_result-remove-background.com_.png\",\"contentUrl\":\"https:\\\/\\\/www.donadonsdd.com\\\/wp-content\\\/uploads\\\/2026\\\/02\\\/donadon-138_result-remove-background.com_.png\",\"width\":1800,\"height\":1200},{\"@type\":\"BreadcrumbList\",\"@id\":\"https:\\\/\\\/www.donadonsdd.com\\\/es\\\/producto\\\/psr\\\/#breadcrumb\",\"itemListElement\":[{\"@type\":\"ListItem\",\"position\":1,\"name\":\"HOMEPAGE\",\"item\":\"https:\\\/\\\/www.donadonsdd.com\\\/es\\\/\"},{\"@type\":\"ListItem\",\"position\":2,\"name\":\"Paneles de ventilaci\u00f3n PS-R\"}]},{\"@type\":\"WebSite\",\"@id\":\"https:\\\/\\\/www.donadonsdd.com\\\/es\\\/#website\",\"url\":\"https:\\\/\\\/www.donadonsdd.com\\\/es\\\/\",\"name\":\"DonadonSDD Srl\",\"description\":\"\",\"publisher\":{\"@id\":\"https:\\\/\\\/www.donadonsdd.com\\\/es\\\/#organization\"},\"potentialAction\":[{\"@type\":\"SearchAction\",\"target\":{\"@type\":\"EntryPoint\",\"urlTemplate\":\"https:\\\/\\\/www.donadonsdd.com\\\/es\\\/?s={search_term_string}\"},\"query-input\":{\"@type\":\"PropertyValueSpecification\",\"valueRequired\":true,\"valueName\":\"search_term_string\"}}],\"inLanguage\":\"es\"},{\"@type\":\"Organization\",\"@id\":\"https:\\\/\\\/www.donadonsdd.com\\\/es\\\/#organization\",\"name\":\"DonadonSDD Srl\",\"url\":\"https:\\\/\\\/www.donadonsdd.com\\\/es\\\/\",\"logo\":{\"@type\":\"ImageObject\",\"inLanguage\":\"es\",\"@id\":\"https:\\\/\\\/www.donadonsdd.com\\\/es\\\/#\\\/schema\\\/logo\\\/image\\\/\",\"url\":\"https:\\\/\\\/www.donadonsdd.com\\\/wp-content\\\/uploads\\\/2025\\\/11\\\/donadonsdd-logo.png\",\"contentUrl\":\"https:\\\/\\\/www.donadonsdd.com\\\/wp-content\\\/uploads\\\/2025\\\/11\\\/donadonsdd-logo.png\",\"width\":544,\"height\":96,\"caption\":\"DonadonSDD Srl\"},\"image\":{\"@id\":\"https:\\\/\\\/www.donadonsdd.com\\\/es\\\/#\\\/schema\\\/logo\\\/image\\\/\"}}]}<\/script>\n<!-- \/ Yoast SEO plugin. -->","yoast_head_json":{"title":"Panel rectangular de venteo de explosiones para aplicaciones de polvo y gas - PSR","description":"Panel de venteo de explosiones compuesto rectangular para aplicaciones de polvo y gas. La baja presi\u00f3n de apertura y el dise\u00f1o no fragmentante permiten un venteo de explosiones fiable, con certificaci\u00f3n ATEX, adecuado para silos, filtros y equipos de manipulaci\u00f3n de polvo.","robots":{"index":"index","follow":"follow","max-snippet":"max-snippet:-1","max-image-preview":"max-image-preview:large","max-video-preview":"max-video-preview:-1"},"canonical":"https:\/\/www.donadonsdd.com\/es\/producto\/psr\/","og_locale":"es_ES","og_type":"article","og_title":"Panel rectangular de venteo de explosiones para aplicaciones de polvo y gas - PSR","og_description":"Panel de venteo de explosiones compuesto rectangular para aplicaciones de polvo y gas. La baja presi\u00f3n de apertura y el dise\u00f1o no fragmentante permiten un venteo de explosiones fiable, con certificaci\u00f3n ATEX, adecuado para silos, filtros y equipos de manipulaci\u00f3n de polvo.","og_url":"https:\/\/www.donadonsdd.com\/es\/producto\/psr\/","og_site_name":"DonadonSDD Srl","article_modified_time":"2026-02-27T23:44:15+00:00","og_image":[{"width":1800,"height":1200,"url":"https:\/\/www.donadonsdd.com\/wp-content\/uploads\/2026\/02\/donadon-138_result-remove-background.com_.png","type":"image\/png"}],"twitter_card":"summary_large_image","twitter_misc":{"Tiempo de lectura":"1 minuto"},"schema":{"@context":"https:\/\/schema.org","@graph":[{"@type":"WebPage","@id":"https:\/\/www.donadonsdd.com\/es\/producto\/psr\/","url":"https:\/\/www.donadonsdd.com\/es\/producto\/psr\/","name":"Panel rectangular de venteo de explosiones para aplicaciones de polvo y gas - PSR","isPartOf":{"@id":"https:\/\/www.donadonsdd.com\/es\/#website"},"primaryImageOfPage":{"@id":"https:\/\/www.donadonsdd.com\/es\/producto\/psr\/#primaryimage"},"image":{"@id":"https:\/\/www.donadonsdd.com\/es\/producto\/psr\/#primaryimage"},"thumbnailUrl":"https:\/\/www.donadonsdd.com\/wp-content\/uploads\/2026\/02\/donadon-138_result-remove-background.com_.png","datePublished":"2026-02-20T22:27:38+00:00","dateModified":"2026-02-27T23:44:15+00:00","description":"Panel de venteo de explosiones compuesto rectangular para aplicaciones de polvo y gas. La baja presi\u00f3n de apertura y el dise\u00f1o no fragmentante permiten un venteo de explosiones fiable, con certificaci\u00f3n ATEX, adecuado para silos, filtros y equipos de manipulaci\u00f3n de polvo.","breadcrumb":{"@id":"https:\/\/www.donadonsdd.com\/es\/producto\/psr\/#breadcrumb"},"inLanguage":"es","potentialAction":[{"@type":"ReadAction","target":["https:\/\/www.donadonsdd.com\/es\/producto\/psr\/"]}]},{"@type":"ImageObject","inLanguage":"es","@id":"https:\/\/www.donadonsdd.com\/es\/producto\/psr\/#primaryimage","url":"https:\/\/www.donadonsdd.com\/wp-content\/uploads\/2026\/02\/donadon-138_result-remove-background.com_.png","contentUrl":"https:\/\/www.donadonsdd.com\/wp-content\/uploads\/2026\/02\/donadon-138_result-remove-background.com_.png","width":1800,"height":1200},{"@type":"BreadcrumbList","@id":"https:\/\/www.donadonsdd.com\/es\/producto\/psr\/#breadcrumb","itemListElement":[{"@type":"ListItem","position":1,"name":"HOMEPAGE","item":"https:\/\/www.donadonsdd.com\/es\/"},{"@type":"ListItem","position":2,"name":"Paneles de ventilaci\u00f3n PS-R"}]},{"@type":"WebSite","@id":"https:\/\/www.donadonsdd.com\/es\/#website","url":"https:\/\/www.donadonsdd.com\/es\/","name":"DonadonSDD Srl","description":"","publisher":{"@id":"https:\/\/www.donadonsdd.com\/es\/#organization"},"potentialAction":[{"@type":"SearchAction","target":{"@type":"EntryPoint","urlTemplate":"https:\/\/www.donadonsdd.com\/es\/?s={search_term_string}"},"query-input":{"@type":"PropertyValueSpecification","valueRequired":true,"valueName":"search_term_string"}}],"inLanguage":"es"},{"@type":"Organization","@id":"https:\/\/www.donadonsdd.com\/es\/#organization","name":"DonadonSDD Srl","url":"https:\/\/www.donadonsdd.com\/es\/","logo":{"@type":"ImageObject","inLanguage":"es","@id":"https:\/\/www.donadonsdd.com\/es\/#\/schema\/logo\/image\/","url":"https:\/\/www.donadonsdd.com\/wp-content\/uploads\/2025\/11\/donadonsdd-logo.png","contentUrl":"https:\/\/www.donadonsdd.com\/wp-content\/uploads\/2025\/11\/donadonsdd-logo.png","width":544,"height":96,"caption":"DonadonSDD Srl"},"image":{"@id":"https:\/\/www.donadonsdd.com\/es\/#\/schema\/logo\/image\/"}}]}},"toolset-meta":{"toolset-woocommerce-fields":{"_download_limit":{"type":"numeric","raw":""},"_virtual":{"type":"checkbox","raw":""},"_downloadable":{"type":"checkbox","raw":""},"_download_expiry":{"type":"numeric","raw":""},"_download_type":{"type":"radio","raw":""},"_regular_price":{"type":"numeric","raw":""},"_sale_price":{"type":"numeric","raw":""},"_sale_price_dates_from":{"type":"date","raw":"","formatted":null},"_sale_price_dates_to":{"type":"date","raw":"","formatted":null},"_sku":{"type":"textfield","raw":""},"_manage_stock":{"type":"checkbox","raw":""},"_stock_status":{"type":"radio","raw":""},"_stock":{"type":"numeric","raw":""},"_backorders":{"type":"radio","raw":""},"_sold_individually":{"type":"checkbox","raw":""},"_width":{"type":"numeric","raw":""},"_weight":{"type":"numeric","raw":""},"_length":{"type":"numeric","raw":""},"_purchase_note":{"type":"textarea","raw":""}},"infografica":{"operation-ratio":{"type":"textfield","raw":"50% - 70%"},"non-fragmenting":{"type":"textfield","raw":"s\u00ed (s\u00f3lo membrana)"},"vacumm-resistant":{"type":"textfield","raw":"s\u00ed, soporte de vac\u00edo disponible"},"sanitary":{"type":"textfield","raw":"no"},"liquid":{"type":"textfield","raw":""},"vapor-gas":{"type":"textfield","raw":""},"ferrules":{"type":"textfield","raw":""}},"dettagli-prodotto":{"immagini-prodotto":{"type":"image","raw":[""],"repeatable":[{"raw":""}]},"tabella-specifiche":{"type":"wysiwyg","raw":"<p class=\"p1\">MODELO | PS\/R;\nMATERIALES | Acero inoxidable;\nMEMBRANA DE SELLADO | PTFE;\nDIMENSIONES | M\u00edn 365x645 - M\u00e1x 920x920;\nPRESI\u00d3N DE RUPTURA | 0.1 bar g;\nTOLERANCIA | de +\/- 10% a +\/- 20%;\nTEMPERATURA DE FUNCIONAMIENTO | Hasta 260\u00b0C;\nMARGEN DE FUNCIONAMIENTO | 50%-70%;\nSOPORTE AL VAC\u00cdO | Disponible;\nFRAGMENTACI\u00d3N | No (s\u00f3lo membrana);\nRESISTENCIA A LA CORROSI\u00d3N | Buena - puede protegerse con una membrana de PTFE;\nINDICADORES DE RUPTURA | <a href=\"https:\/\/www.donadonsdd.com\/es\/productos\/sensores-de-ruptura\/electrico\/\">El\u00e9ctricos<\/a>, <a href=\"https:\/\/www.donadonsdd.com\/es\/productos\/sensores-de-ruptura\/inductivo\/\">inductivos<\/a>;\nFORROS | S\u00ed;<\/p>"}}},"_links":{"self":[{"href":"https:\/\/www.donadonsdd.com\/es\/wp-json\/wp\/v2\/product\/5983","targetHints":{"allow":["GET"]}}],"collection":[{"href":"https:\/\/www.donadonsdd.com\/es\/wp-json\/wp\/v2\/product"}],"about":[{"href":"https:\/\/www.donadonsdd.com\/es\/wp-json\/wp\/v2\/types\/product"}],"wp:featuredmedia":[{"embeddable":true,"href":"https:\/\/www.donadonsdd.com\/es\/wp-json\/wp\/v2\/media\/10262"}],"wp:attachment":[{"href":"https:\/\/www.donadonsdd.com\/es\/wp-json\/wp\/v2\/media?parent=5983"}],"wp:term":[{"taxonomy":"categoria_prodotto","embeddable":true,"href":"https:\/\/www.donadonsdd.com\/es\/wp-json\/wp\/v2\/categoria_prodotto?post=5983"}],"curies":[{"name":"wp","href":"https:\/\/api.w.org\/{rel}","templated":true}]}}