{"id":6005,"date":"2025-12-11T17:04:45","date_gmt":"2025-12-11T16:04:45","guid":{"rendered":"https:\/\/www.donadonsdd.com\/product\/indicadores-de-ruptura-nam-03-ht\/"},"modified":"2026-02-28T00:22:49","modified_gmt":"2026-02-27T23:22:49","slug":"nam03ht","status":"publish","type":"product","link":"https:\/\/www.donadonsdd.com\/es\/producto\/nam03ht\/","title":{"rendered":"Indicadores de ruptura NAM 03\/HT"},"content":{"rendered":"<p>Se recomienda utilizar los indicadores de rotura magn\u00e9ticos Donadon NAM 03\/HT con nuestros discos de rotura.<\/p>\n<p>El indicador NAM 03\/HT se compone de:<\/p>\n<ul>\n<li>un sensor magn\u00e9tico de proximidad instalado en el alojamiento roscado correspondiente, aguas abajo del soporte del disco de ruptura, para detectar la apertura<\/li>\n<li>un blanco con un im\u00e1n permanente suministrado con el disco<\/li>\n<\/ul>\n<p>Cuando el disco se abre, el im\u00e1n se desplaza y el sensor se activa. Los discos de repuesto se suministran con una diana nueva. <\/p>\n<p>NAM 03\/HT es un dispositivo de seguridad intr\u00ednseca certificado<\/p>\n<ul>\n<li>ATEX II 2GD Ex mb II T4\/T6<br \/>\nEx tD A21 IP67 T135\u00b0C\/T85\u00b0C<\/li>\n<li>ATEX II 1GD Ex ia IIB T3\/T6<br \/>\nEx iaD 20 T200\u00b0C\/T85\u00b0C<\/li>\n<\/ul>\n<p>Por tanto, puede utilizarse en lugares donde haya continuamente atm\u00f3sferas potencialmente explosivas (zonas clasificadas 0, 20 y 1, 21 y 2, 22 seg\u00fan la Directiva Europea 94\/9\/CE (ATEX)).<br \/>\nEl NAM 03\/HT se suministra normalmente con 2 metros de cable bipolar. Los cables del sistema de alarma deben conectarse al sistema de seguridad de la planta a trav\u00e9s de una barrera de seguridad adecuada. <\/p>\n<ul>\n<li>Barrera Ex ia &#8211;&gt; zona 0; 20; 1; 21; 2; 22<\/li>\n<li>Barrera Ex ib &#8211;&gt; zona 1; 21; 2; 22<\/li>\n<\/ul>\n","protected":false},"excerpt":{"rendered":"<p>Se recomienda utilizar los indicadores de rotura magn\u00e9ticos Donadon NAM 03\/HT con nuestros discos de rotura. El indicador NAM 03\/HT se compone de: un sensor magn\u00e9tico de proximidad instalado en el alojamiento roscado correspondiente, aguas abajo del soporte del disco de ruptura, para detectar la apertura un blanco con un im\u00e1n permanente suministrado con el [&hellip;]<\/p>\n","protected":false},"featured_media":6006,"menu_order":0,"template":"","meta":{"_acf_changed":false},"categoria_prodotto":[95,81],"class_list":["post-6005","product","type-product","status-publish","has-post-thumbnail","hentry","categoria_prodotto-magnetic","categoria_prodotto-rupture-indicators"],"acf":[],"yoast_head":"<!-- This site is optimized with the Yoast SEO plugin v27.3 - https:\/\/yoast.com\/product\/yoast-seo-wordpress\/ -->\n<title>Indicador magn\u00e9tico de disco de ruptura no intrusivo - NAM03HT<\/title>\n<meta name=\"description\" content=\"Indicador magn\u00e9tico de disco de ruptura con detecci\u00f3n no intrusiva. Se instala en el interior del soporte y se a\u00edsla de los medios del proceso, proporcionando una indicaci\u00f3n fiable en aplicaciones industriales agresivas y peligrosas.\" \/>\n<meta name=\"robots\" content=\"index, follow, max-snippet:-1, max-image-preview:large, max-video-preview:-1\" \/>\n<link rel=\"canonical\" href=\"https:\/\/www.donadonsdd.com\/es\/producto\/nam03ht\/\" \/>\n<meta property=\"og:locale\" content=\"es_ES\" \/>\n<meta property=\"og:type\" content=\"article\" \/>\n<meta property=\"og:title\" content=\"Indicador magn\u00e9tico de disco de ruptura no intrusivo - NAM03HT\" \/>\n<meta property=\"og:description\" content=\"Indicador magn\u00e9tico de disco de ruptura con detecci\u00f3n no intrusiva. Se instala en el interior del soporte y se a\u00edsla de los medios del proceso, proporcionando una indicaci\u00f3n fiable en aplicaciones industriales agresivas y peligrosas.\" \/>\n<meta property=\"og:url\" content=\"https:\/\/www.donadonsdd.com\/es\/producto\/nam03ht\/\" \/>\n<meta property=\"og:site_name\" content=\"DonadonSDD Srl\" \/>\n<meta property=\"article:modified_time\" content=\"2026-02-27T23:22:49+00:00\" \/>\n<meta property=\"og:image\" content=\"https:\/\/www.donadonsdd.com\/wp-content\/uploads\/2025\/12\/donadon-63.png\" \/>\n\t<meta property=\"og:image:width\" content=\"1800\" \/>\n\t<meta property=\"og:image:height\" content=\"1200\" \/>\n\t<meta property=\"og:image:type\" content=\"image\/png\" \/>\n<meta name=\"twitter:card\" content=\"summary_large_image\" \/>\n<meta name=\"twitter:label1\" content=\"Tiempo de lectura\" \/>\n\t<meta name=\"twitter:data1\" content=\"1 minuto\" \/>\n<script type=\"application\/ld+json\" class=\"yoast-schema-graph\">{\"@context\":\"https:\\\/\\\/schema.org\",\"@graph\":[{\"@type\":\"WebPage\",\"@id\":\"https:\\\/\\\/www.donadonsdd.com\\\/es\\\/producto\\\/nam03ht\\\/\",\"url\":\"https:\\\/\\\/www.donadonsdd.com\\\/es\\\/producto\\\/nam03ht\\\/\",\"name\":\"Indicador magn\u00e9tico de disco de ruptura no intrusivo - NAM03HT\",\"isPartOf\":{\"@id\":\"https:\\\/\\\/www.donadonsdd.com\\\/es\\\/#website\"},\"primaryImageOfPage\":{\"@id\":\"https:\\\/\\\/www.donadonsdd.com\\\/es\\\/producto\\\/nam03ht\\\/#primaryimage\"},\"image\":{\"@id\":\"https:\\\/\\\/www.donadonsdd.com\\\/es\\\/producto\\\/nam03ht\\\/#primaryimage\"},\"thumbnailUrl\":\"https:\\\/\\\/www.donadonsdd.com\\\/wp-content\\\/uploads\\\/2025\\\/12\\\/donadon-63.png\",\"datePublished\":\"2025-12-11T16:04:45+00:00\",\"dateModified\":\"2026-02-27T23:22:49+00:00\",\"description\":\"Indicador magn\u00e9tico de disco de ruptura con detecci\u00f3n no intrusiva. Se instala en el interior del soporte y se a\u00edsla de los medios del proceso, proporcionando una indicaci\u00f3n fiable en aplicaciones industriales agresivas y peligrosas.\",\"breadcrumb\":{\"@id\":\"https:\\\/\\\/www.donadonsdd.com\\\/es\\\/producto\\\/nam03ht\\\/#breadcrumb\"},\"inLanguage\":\"es\",\"potentialAction\":[{\"@type\":\"ReadAction\",\"target\":[\"https:\\\/\\\/www.donadonsdd.com\\\/es\\\/producto\\\/nam03ht\\\/\"]}]},{\"@type\":\"ImageObject\",\"inLanguage\":\"es\",\"@id\":\"https:\\\/\\\/www.donadonsdd.com\\\/es\\\/producto\\\/nam03ht\\\/#primaryimage\",\"url\":\"https:\\\/\\\/www.donadonsdd.com\\\/wp-content\\\/uploads\\\/2025\\\/12\\\/donadon-63.png\",\"contentUrl\":\"https:\\\/\\\/www.donadonsdd.com\\\/wp-content\\\/uploads\\\/2025\\\/12\\\/donadon-63.png\",\"width\":1800,\"height\":1200},{\"@type\":\"BreadcrumbList\",\"@id\":\"https:\\\/\\\/www.donadonsdd.com\\\/es\\\/producto\\\/nam03ht\\\/#breadcrumb\",\"itemListElement\":[{\"@type\":\"ListItem\",\"position\":1,\"name\":\"HOMEPAGE\",\"item\":\"https:\\\/\\\/www.donadonsdd.com\\\/es\\\/\"},{\"@type\":\"ListItem\",\"position\":2,\"name\":\"Indicadores de ruptura NAM 03\\\/HT\"}]},{\"@type\":\"WebSite\",\"@id\":\"https:\\\/\\\/www.donadonsdd.com\\\/es\\\/#website\",\"url\":\"https:\\\/\\\/www.donadonsdd.com\\\/es\\\/\",\"name\":\"DonadonSDD Srl\",\"description\":\"\",\"publisher\":{\"@id\":\"https:\\\/\\\/www.donadonsdd.com\\\/es\\\/#organization\"},\"potentialAction\":[{\"@type\":\"SearchAction\",\"target\":{\"@type\":\"EntryPoint\",\"urlTemplate\":\"https:\\\/\\\/www.donadonsdd.com\\\/es\\\/?s={search_term_string}\"},\"query-input\":{\"@type\":\"PropertyValueSpecification\",\"valueRequired\":true,\"valueName\":\"search_term_string\"}}],\"inLanguage\":\"es\"},{\"@type\":\"Organization\",\"@id\":\"https:\\\/\\\/www.donadonsdd.com\\\/es\\\/#organization\",\"name\":\"DonadonSDD Srl\",\"url\":\"https:\\\/\\\/www.donadonsdd.com\\\/es\\\/\",\"logo\":{\"@type\":\"ImageObject\",\"inLanguage\":\"es\",\"@id\":\"https:\\\/\\\/www.donadonsdd.com\\\/es\\\/#\\\/schema\\\/logo\\\/image\\\/\",\"url\":\"https:\\\/\\\/www.donadonsdd.com\\\/wp-content\\\/uploads\\\/2025\\\/11\\\/donadonsdd-logo.png\",\"contentUrl\":\"https:\\\/\\\/www.donadonsdd.com\\\/wp-content\\\/uploads\\\/2025\\\/11\\\/donadonsdd-logo.png\",\"width\":544,\"height\":96,\"caption\":\"DonadonSDD Srl\"},\"image\":{\"@id\":\"https:\\\/\\\/www.donadonsdd.com\\\/es\\\/#\\\/schema\\\/logo\\\/image\\\/\"}}]}<\/script>\n<!-- \/ Yoast SEO plugin. -->","yoast_head_json":{"title":"Indicador magn\u00e9tico de disco de ruptura no intrusivo - NAM03HT","description":"Indicador magn\u00e9tico de disco de ruptura con detecci\u00f3n no intrusiva. Se instala en el interior del soporte y se a\u00edsla de los medios del proceso, proporcionando una indicaci\u00f3n fiable en aplicaciones industriales agresivas y peligrosas.","robots":{"index":"index","follow":"follow","max-snippet":"max-snippet:-1","max-image-preview":"max-image-preview:large","max-video-preview":"max-video-preview:-1"},"canonical":"https:\/\/www.donadonsdd.com\/es\/producto\/nam03ht\/","og_locale":"es_ES","og_type":"article","og_title":"Indicador magn\u00e9tico de disco de ruptura no intrusivo - NAM03HT","og_description":"Indicador magn\u00e9tico de disco de ruptura con detecci\u00f3n no intrusiva. Se instala en el interior del soporte y se a\u00edsla de los medios del proceso, proporcionando una indicaci\u00f3n fiable en aplicaciones industriales agresivas y peligrosas.","og_url":"https:\/\/www.donadonsdd.com\/es\/producto\/nam03ht\/","og_site_name":"DonadonSDD Srl","article_modified_time":"2026-02-27T23:22:49+00:00","og_image":[{"width":1800,"height":1200,"url":"https:\/\/www.donadonsdd.com\/wp-content\/uploads\/2025\/12\/donadon-63.png","type":"image\/png"}],"twitter_card":"summary_large_image","twitter_misc":{"Tiempo de lectura":"1 minuto"},"schema":{"@context":"https:\/\/schema.org","@graph":[{"@type":"WebPage","@id":"https:\/\/www.donadonsdd.com\/es\/producto\/nam03ht\/","url":"https:\/\/www.donadonsdd.com\/es\/producto\/nam03ht\/","name":"Indicador magn\u00e9tico de disco de ruptura no intrusivo - NAM03HT","isPartOf":{"@id":"https:\/\/www.donadonsdd.com\/es\/#website"},"primaryImageOfPage":{"@id":"https:\/\/www.donadonsdd.com\/es\/producto\/nam03ht\/#primaryimage"},"image":{"@id":"https:\/\/www.donadonsdd.com\/es\/producto\/nam03ht\/#primaryimage"},"thumbnailUrl":"https:\/\/www.donadonsdd.com\/wp-content\/uploads\/2025\/12\/donadon-63.png","datePublished":"2025-12-11T16:04:45+00:00","dateModified":"2026-02-27T23:22:49+00:00","description":"Indicador magn\u00e9tico de disco de ruptura con detecci\u00f3n no intrusiva. Se instala en el interior del soporte y se a\u00edsla de los medios del proceso, proporcionando una indicaci\u00f3n fiable en aplicaciones industriales agresivas y peligrosas.","breadcrumb":{"@id":"https:\/\/www.donadonsdd.com\/es\/producto\/nam03ht\/#breadcrumb"},"inLanguage":"es","potentialAction":[{"@type":"ReadAction","target":["https:\/\/www.donadonsdd.com\/es\/producto\/nam03ht\/"]}]},{"@type":"ImageObject","inLanguage":"es","@id":"https:\/\/www.donadonsdd.com\/es\/producto\/nam03ht\/#primaryimage","url":"https:\/\/www.donadonsdd.com\/wp-content\/uploads\/2025\/12\/donadon-63.png","contentUrl":"https:\/\/www.donadonsdd.com\/wp-content\/uploads\/2025\/12\/donadon-63.png","width":1800,"height":1200},{"@type":"BreadcrumbList","@id":"https:\/\/www.donadonsdd.com\/es\/producto\/nam03ht\/#breadcrumb","itemListElement":[{"@type":"ListItem","position":1,"name":"HOMEPAGE","item":"https:\/\/www.donadonsdd.com\/es\/"},{"@type":"ListItem","position":2,"name":"Indicadores de ruptura NAM 03\/HT"}]},{"@type":"WebSite","@id":"https:\/\/www.donadonsdd.com\/es\/#website","url":"https:\/\/www.donadonsdd.com\/es\/","name":"DonadonSDD Srl","description":"","publisher":{"@id":"https:\/\/www.donadonsdd.com\/es\/#organization"},"potentialAction":[{"@type":"SearchAction","target":{"@type":"EntryPoint","urlTemplate":"https:\/\/www.donadonsdd.com\/es\/?s={search_term_string}"},"query-input":{"@type":"PropertyValueSpecification","valueRequired":true,"valueName":"search_term_string"}}],"inLanguage":"es"},{"@type":"Organization","@id":"https:\/\/www.donadonsdd.com\/es\/#organization","name":"DonadonSDD Srl","url":"https:\/\/www.donadonsdd.com\/es\/","logo":{"@type":"ImageObject","inLanguage":"es","@id":"https:\/\/www.donadonsdd.com\/es\/#\/schema\/logo\/image\/","url":"https:\/\/www.donadonsdd.com\/wp-content\/uploads\/2025\/11\/donadonsdd-logo.png","contentUrl":"https:\/\/www.donadonsdd.com\/wp-content\/uploads\/2025\/11\/donadonsdd-logo.png","width":544,"height":96,"caption":"DonadonSDD Srl"},"image":{"@id":"https:\/\/www.donadonsdd.com\/es\/#\/schema\/logo\/image\/"}}]}},"toolset-meta":{"toolset-woocommerce-fields":{"_download_limit":{"type":"numeric","raw":""},"_virtual":{"type":"checkbox","raw":""},"_downloadable":{"type":"checkbox","raw":""},"_download_expiry":{"type":"numeric","raw":""},"_download_type":{"type":"radio","raw":""},"_regular_price":{"type":"numeric","raw":""},"_sale_price":{"type":"numeric","raw":""},"_sale_price_dates_from":{"type":"date","raw":"","formatted":null},"_sale_price_dates_to":{"type":"date","raw":"","formatted":null},"_sku":{"type":"textfield","raw":""},"_manage_stock":{"type":"checkbox","raw":""},"_stock_status":{"type":"radio","raw":""},"_stock":{"type":"numeric","raw":""},"_backorders":{"type":"radio","raw":""},"_sold_individually":{"type":"checkbox","raw":""},"_width":{"type":"numeric","raw":""},"_weight":{"type":"numeric","raw":""},"_length":{"type":"numeric","raw":""},"_purchase_note":{"type":"textarea","raw":""}},"infografica":{"operation-ratio":{"type":"textfield","raw":""},"non-fragmenting":{"type":"textfield","raw":""},"vacumm-resistant":{"type":"textfield","raw":""},"sanitary":{"type":"textfield","raw":""},"liquid":{"type":"textfield","raw":""},"vapor-gas":{"type":"textfield","raw":""},"ferrules":{"type":"textfield","raw":""}},"dettagli-prodotto":{"immagini-prodotto":{"type":"image","raw":[""],"repeatable":[{"raw":""}]},"tabella-specifiche":{"type":"wysiwyg","raw":"MODELO | NAM 03\/HT;\nTEMPERATURA DE ALMACENAMIENTO | De -40\u00b0C a +200\u00b0C de acuerdo con la certificaci\u00f3n ATEX;\nMATERIAL EN CONTACTO CON EL L\u00cdQUIDO DE PROCESO | El mismo que el disco y el soporte del disco;\nTENSI\u00d3N M\u00c1XIMA DE CONMUTACI\u00d3N | 60 VCC;\nCORRIENTE M\u00c1XIMA DE CONMUTACI\u00d3N | 0,4 A;\nCABLE | 2 x 0.2 mm2, \u00f8 3,4 mm, 200\u00b0C, Clase C2;\nGRADO DE PROTECCI\u00d3N | IP 67;\nDISCO DE RUPTURA | <a href=\"https:\/\/www.donadonsdd.com\/es\/producto\/dcd-composite\/\">DCD<\/a>, <a href=\"https:\/\/www.donadonsdd.com\/es\/producto\/dif\/\">DIF<\/a>, <a href=\"https:\/\/www.donadonsdd.com\/es\/producto\/lpd\/\">LPD<\/a>, <a href=\"https:\/\/www.donadonsdd.com\/es\/producto\/scd\/\">SCD<\/a>, <a href=\"https:\/\/www.donadonsdd.com\/es\/producto\/scr\/\">SCR<\/a>, <a href=\"https:\/\/www.donadonsdd.com\/es\/producto\/y90\/\">Y90<\/a>, <a href=\"https:\/\/www.donadonsdd.com\/es\/producto\/krd\/\">KRD<\/a>;"}}},"_links":{"self":[{"href":"https:\/\/www.donadonsdd.com\/es\/wp-json\/wp\/v2\/product\/6005","targetHints":{"allow":["GET"]}}],"collection":[{"href":"https:\/\/www.donadonsdd.com\/es\/wp-json\/wp\/v2\/product"}],"about":[{"href":"https:\/\/www.donadonsdd.com\/es\/wp-json\/wp\/v2\/types\/product"}],"wp:featuredmedia":[{"embeddable":true,"href":"https:\/\/www.donadonsdd.com\/es\/wp-json\/wp\/v2\/media\/6006"}],"wp:attachment":[{"href":"https:\/\/www.donadonsdd.com\/es\/wp-json\/wp\/v2\/media?parent=6005"}],"wp:term":[{"taxonomy":"categoria_prodotto","embeddable":true,"href":"https:\/\/www.donadonsdd.com\/es\/wp-json\/wp\/v2\/categoria_prodotto?post=6005"}],"curies":[{"name":"wp","href":"https:\/\/api.w.org\/{rel}","templated":true}]}}