{"id":6019,"date":"2025-12-11T17:06:57","date_gmt":"2025-12-11T16:06:57","guid":{"rendered":"https:\/\/www.donadonsdd.com\/product\/indicadores-de-ruptura-nam-05\/"},"modified":"2026-03-01T02:27:39","modified_gmt":"2026-03-01T01:27:39","slug":"nam05","status":"publish","type":"product","link":"https:\/\/www.donadonsdd.com\/es\/producto\/nam05\/","title":{"rendered":"Indicadores de ruptura NAM 05"},"content":{"rendered":"<p>Los sistemas inductivos de alarma de rotura NAM 05 se recomiendan para su instalaci\u00f3n en discos de ruptura y paneles de venteo de explosiones.<\/p>\n<p>El indicador NAM 05 se compone de:<\/p>\n<ul>\n<li>un sensor de proximidad inductivo instalado aguas abajo del disco o panel<\/li>\n<li>un objetivo suministrado con el disco o el panel<\/li>\n<\/ul>\n<p>Cuando el disco se abre, el objetivo se mueve y el sensor env\u00eda una se\u00f1al al sistema de seguridad de la planta. Los discos o paneles se suministran con una diana nueva. <\/p>\n<p>NAM 05 es un dispositivo certificado de seguridad intr\u00ednseca:<\/p>\n<ul>\n<li>ATEX II 1G Ex ia IIC T6<\/li>\n<li>ATEX II 1D Ex iaD 20 T 108\u00b0C<\/li>\n<\/ul>\n<p>Por tanto, puede utilizarse en lugares donde haya atm\u00f3sferas potencialmente explosivas (zonas clasificadas 0, 20, 1, 21, 2, 22 seg\u00fan la Directiva Europea 94\/9\/CE (ATEX)).<br \/>\nLa instalaci\u00f3n por zonas tambi\u00e9n depende del tipo de barrera:<\/p>\n<ul>\n<li>Zona de barrera Ex ia 0; 20; 1; 21; 2; 22<\/li>\n<li>Ex ib zona barrera 1; 21; 2; 22<\/li>\n<\/ul>\n<p>El NAM 05 se suministra normalmente con un cable bipolar de 2 m que debe conectarse al sistema de seguridad de la planta a trav\u00e9s de una barrera de seguridad intr\u00ednseca.<\/p>\n<p>La instalaci\u00f3n debe realizarse conforme a la norma EN 60079-14.<\/p>\n","protected":false},"excerpt":{"rendered":"<p>Los sistemas inductivos de alarma de rotura NAM 05 se recomiendan para su instalaci\u00f3n en discos de ruptura y paneles de venteo de explosiones. El indicador NAM 05 se compone de: un sensor de proximidad inductivo instalado aguas abajo del disco o panel un objetivo suministrado con el disco o el panel Cuando el disco [&hellip;]<\/p>\n","protected":false},"featured_media":6020,"menu_order":0,"template":"","meta":{"_acf_changed":false},"categoria_prodotto":[96,81],"class_list":["post-6019","product","type-product","status-publish","has-post-thumbnail","hentry","categoria_prodotto-inductive","categoria_prodotto-rupture-indicators"],"acf":[],"yoast_head":"<!-- This site is optimized with the Yoast SEO plugin v27.3 - https:\/\/yoast.com\/product\/yoast-seo-wordpress\/ -->\n<title>Indicador inductivo de disco de ruptura NAMUR - NAM05<\/title>\n<meta name=\"description\" content=\"Indicador inductivo de disco de ruptura con salida NAMUR para una detecci\u00f3n fiable de la ruptura. Detecci\u00f3n sin contacto, dise\u00f1ada para la integraci\u00f3n directa con sistemas DCS y PLC en plantas de procesos industriales.\" \/>\n<meta name=\"robots\" content=\"index, follow, max-snippet:-1, max-image-preview:large, max-video-preview:-1\" \/>\n<link rel=\"canonical\" href=\"https:\/\/www.donadonsdd.com\/es\/producto\/nam05\/\" \/>\n<meta property=\"og:locale\" content=\"es_ES\" \/>\n<meta property=\"og:type\" content=\"article\" \/>\n<meta property=\"og:title\" content=\"Indicador inductivo de disco de ruptura NAMUR - NAM05\" \/>\n<meta property=\"og:description\" content=\"Indicador inductivo de disco de ruptura con salida NAMUR para una detecci\u00f3n fiable de la ruptura. Detecci\u00f3n sin contacto, dise\u00f1ada para la integraci\u00f3n directa con sistemas DCS y PLC en plantas de procesos industriales.\" \/>\n<meta property=\"og:url\" content=\"https:\/\/www.donadonsdd.com\/es\/producto\/nam05\/\" \/>\n<meta property=\"og:site_name\" content=\"DonadonSDD Srl\" \/>\n<meta property=\"article:modified_time\" content=\"2026-03-01T01:27:39+00:00\" \/>\n<meta property=\"og:image\" content=\"https:\/\/www.donadonsdd.com\/wp-content\/uploads\/2025\/12\/donadon-61.png\" \/>\n\t<meta property=\"og:image:width\" content=\"1800\" \/>\n\t<meta property=\"og:image:height\" content=\"1200\" \/>\n\t<meta property=\"og:image:type\" content=\"image\/png\" \/>\n<meta name=\"twitter:card\" content=\"summary_large_image\" \/>\n<meta name=\"twitter:label1\" content=\"Tiempo de lectura\" \/>\n\t<meta name=\"twitter:data1\" content=\"1 minuto\" \/>\n<script type=\"application\/ld+json\" class=\"yoast-schema-graph\">{\"@context\":\"https:\\\/\\\/schema.org\",\"@graph\":[{\"@type\":\"WebPage\",\"@id\":\"https:\\\/\\\/www.donadonsdd.com\\\/es\\\/producto\\\/nam05\\\/\",\"url\":\"https:\\\/\\\/www.donadonsdd.com\\\/es\\\/producto\\\/nam05\\\/\",\"name\":\"Indicador inductivo de disco de ruptura NAMUR - NAM05\",\"isPartOf\":{\"@id\":\"https:\\\/\\\/www.donadonsdd.com\\\/es\\\/#website\"},\"primaryImageOfPage\":{\"@id\":\"https:\\\/\\\/www.donadonsdd.com\\\/es\\\/producto\\\/nam05\\\/#primaryimage\"},\"image\":{\"@id\":\"https:\\\/\\\/www.donadonsdd.com\\\/es\\\/producto\\\/nam05\\\/#primaryimage\"},\"thumbnailUrl\":\"https:\\\/\\\/www.donadonsdd.com\\\/wp-content\\\/uploads\\\/2025\\\/12\\\/donadon-61.png\",\"datePublished\":\"2025-12-11T16:06:57+00:00\",\"dateModified\":\"2026-03-01T01:27:39+00:00\",\"description\":\"Indicador inductivo de disco de ruptura con salida NAMUR para una detecci\u00f3n fiable de la ruptura. Detecci\u00f3n sin contacto, dise\u00f1ada para la integraci\u00f3n directa con sistemas DCS y PLC en plantas de procesos industriales.\",\"breadcrumb\":{\"@id\":\"https:\\\/\\\/www.donadonsdd.com\\\/es\\\/producto\\\/nam05\\\/#breadcrumb\"},\"inLanguage\":\"es\",\"potentialAction\":[{\"@type\":\"ReadAction\",\"target\":[\"https:\\\/\\\/www.donadonsdd.com\\\/es\\\/producto\\\/nam05\\\/\"]}]},{\"@type\":\"ImageObject\",\"inLanguage\":\"es\",\"@id\":\"https:\\\/\\\/www.donadonsdd.com\\\/es\\\/producto\\\/nam05\\\/#primaryimage\",\"url\":\"https:\\\/\\\/www.donadonsdd.com\\\/wp-content\\\/uploads\\\/2025\\\/12\\\/donadon-61.png\",\"contentUrl\":\"https:\\\/\\\/www.donadonsdd.com\\\/wp-content\\\/uploads\\\/2025\\\/12\\\/donadon-61.png\",\"width\":1800,\"height\":1200},{\"@type\":\"BreadcrumbList\",\"@id\":\"https:\\\/\\\/www.donadonsdd.com\\\/es\\\/producto\\\/nam05\\\/#breadcrumb\",\"itemListElement\":[{\"@type\":\"ListItem\",\"position\":1,\"name\":\"HOMEPAGE\",\"item\":\"https:\\\/\\\/www.donadonsdd.com\\\/es\\\/\"},{\"@type\":\"ListItem\",\"position\":2,\"name\":\"Indicadores de ruptura NAM 05\"}]},{\"@type\":\"WebSite\",\"@id\":\"https:\\\/\\\/www.donadonsdd.com\\\/es\\\/#website\",\"url\":\"https:\\\/\\\/www.donadonsdd.com\\\/es\\\/\",\"name\":\"DonadonSDD Srl\",\"description\":\"\",\"publisher\":{\"@id\":\"https:\\\/\\\/www.donadonsdd.com\\\/es\\\/#organization\"},\"potentialAction\":[{\"@type\":\"SearchAction\",\"target\":{\"@type\":\"EntryPoint\",\"urlTemplate\":\"https:\\\/\\\/www.donadonsdd.com\\\/es\\\/?s={search_term_string}\"},\"query-input\":{\"@type\":\"PropertyValueSpecification\",\"valueRequired\":true,\"valueName\":\"search_term_string\"}}],\"inLanguage\":\"es\"},{\"@type\":\"Organization\",\"@id\":\"https:\\\/\\\/www.donadonsdd.com\\\/es\\\/#organization\",\"name\":\"DonadonSDD Srl\",\"url\":\"https:\\\/\\\/www.donadonsdd.com\\\/es\\\/\",\"logo\":{\"@type\":\"ImageObject\",\"inLanguage\":\"es\",\"@id\":\"https:\\\/\\\/www.donadonsdd.com\\\/es\\\/#\\\/schema\\\/logo\\\/image\\\/\",\"url\":\"https:\\\/\\\/www.donadonsdd.com\\\/wp-content\\\/uploads\\\/2025\\\/11\\\/donadonsdd-logo.png\",\"contentUrl\":\"https:\\\/\\\/www.donadonsdd.com\\\/wp-content\\\/uploads\\\/2025\\\/11\\\/donadonsdd-logo.png\",\"width\":544,\"height\":96,\"caption\":\"DonadonSDD Srl\"},\"image\":{\"@id\":\"https:\\\/\\\/www.donadonsdd.com\\\/es\\\/#\\\/schema\\\/logo\\\/image\\\/\"}}]}<\/script>\n<!-- \/ Yoast SEO plugin. -->","yoast_head_json":{"title":"Indicador inductivo de disco de ruptura NAMUR - NAM05","description":"Indicador inductivo de disco de ruptura con salida NAMUR para una detecci\u00f3n fiable de la ruptura. Detecci\u00f3n sin contacto, dise\u00f1ada para la integraci\u00f3n directa con sistemas DCS y PLC en plantas de procesos industriales.","robots":{"index":"index","follow":"follow","max-snippet":"max-snippet:-1","max-image-preview":"max-image-preview:large","max-video-preview":"max-video-preview:-1"},"canonical":"https:\/\/www.donadonsdd.com\/es\/producto\/nam05\/","og_locale":"es_ES","og_type":"article","og_title":"Indicador inductivo de disco de ruptura NAMUR - NAM05","og_description":"Indicador inductivo de disco de ruptura con salida NAMUR para una detecci\u00f3n fiable de la ruptura. Detecci\u00f3n sin contacto, dise\u00f1ada para la integraci\u00f3n directa con sistemas DCS y PLC en plantas de procesos industriales.","og_url":"https:\/\/www.donadonsdd.com\/es\/producto\/nam05\/","og_site_name":"DonadonSDD Srl","article_modified_time":"2026-03-01T01:27:39+00:00","og_image":[{"width":1800,"height":1200,"url":"https:\/\/www.donadonsdd.com\/wp-content\/uploads\/2025\/12\/donadon-61.png","type":"image\/png"}],"twitter_card":"summary_large_image","twitter_misc":{"Tiempo de lectura":"1 minuto"},"schema":{"@context":"https:\/\/schema.org","@graph":[{"@type":"WebPage","@id":"https:\/\/www.donadonsdd.com\/es\/producto\/nam05\/","url":"https:\/\/www.donadonsdd.com\/es\/producto\/nam05\/","name":"Indicador inductivo de disco de ruptura NAMUR - NAM05","isPartOf":{"@id":"https:\/\/www.donadonsdd.com\/es\/#website"},"primaryImageOfPage":{"@id":"https:\/\/www.donadonsdd.com\/es\/producto\/nam05\/#primaryimage"},"image":{"@id":"https:\/\/www.donadonsdd.com\/es\/producto\/nam05\/#primaryimage"},"thumbnailUrl":"https:\/\/www.donadonsdd.com\/wp-content\/uploads\/2025\/12\/donadon-61.png","datePublished":"2025-12-11T16:06:57+00:00","dateModified":"2026-03-01T01:27:39+00:00","description":"Indicador inductivo de disco de ruptura con salida NAMUR para una detecci\u00f3n fiable de la ruptura. Detecci\u00f3n sin contacto, dise\u00f1ada para la integraci\u00f3n directa con sistemas DCS y PLC en plantas de procesos industriales.","breadcrumb":{"@id":"https:\/\/www.donadonsdd.com\/es\/producto\/nam05\/#breadcrumb"},"inLanguage":"es","potentialAction":[{"@type":"ReadAction","target":["https:\/\/www.donadonsdd.com\/es\/producto\/nam05\/"]}]},{"@type":"ImageObject","inLanguage":"es","@id":"https:\/\/www.donadonsdd.com\/es\/producto\/nam05\/#primaryimage","url":"https:\/\/www.donadonsdd.com\/wp-content\/uploads\/2025\/12\/donadon-61.png","contentUrl":"https:\/\/www.donadonsdd.com\/wp-content\/uploads\/2025\/12\/donadon-61.png","width":1800,"height":1200},{"@type":"BreadcrumbList","@id":"https:\/\/www.donadonsdd.com\/es\/producto\/nam05\/#breadcrumb","itemListElement":[{"@type":"ListItem","position":1,"name":"HOMEPAGE","item":"https:\/\/www.donadonsdd.com\/es\/"},{"@type":"ListItem","position":2,"name":"Indicadores de ruptura NAM 05"}]},{"@type":"WebSite","@id":"https:\/\/www.donadonsdd.com\/es\/#website","url":"https:\/\/www.donadonsdd.com\/es\/","name":"DonadonSDD Srl","description":"","publisher":{"@id":"https:\/\/www.donadonsdd.com\/es\/#organization"},"potentialAction":[{"@type":"SearchAction","target":{"@type":"EntryPoint","urlTemplate":"https:\/\/www.donadonsdd.com\/es\/?s={search_term_string}"},"query-input":{"@type":"PropertyValueSpecification","valueRequired":true,"valueName":"search_term_string"}}],"inLanguage":"es"},{"@type":"Organization","@id":"https:\/\/www.donadonsdd.com\/es\/#organization","name":"DonadonSDD Srl","url":"https:\/\/www.donadonsdd.com\/es\/","logo":{"@type":"ImageObject","inLanguage":"es","@id":"https:\/\/www.donadonsdd.com\/es\/#\/schema\/logo\/image\/","url":"https:\/\/www.donadonsdd.com\/wp-content\/uploads\/2025\/11\/donadonsdd-logo.png","contentUrl":"https:\/\/www.donadonsdd.com\/wp-content\/uploads\/2025\/11\/donadonsdd-logo.png","width":544,"height":96,"caption":"DonadonSDD Srl"},"image":{"@id":"https:\/\/www.donadonsdd.com\/es\/#\/schema\/logo\/image\/"}}]}},"toolset-meta":{"toolset-woocommerce-fields":{"_download_limit":{"type":"numeric","raw":""},"_virtual":{"type":"checkbox","raw":""},"_downloadable":{"type":"checkbox","raw":""},"_download_expiry":{"type":"numeric","raw":""},"_download_type":{"type":"radio","raw":""},"_regular_price":{"type":"numeric","raw":""},"_sale_price":{"type":"numeric","raw":""},"_sale_price_dates_from":{"type":"date","raw":"","formatted":null},"_sale_price_dates_to":{"type":"date","raw":"","formatted":null},"_sku":{"type":"textfield","raw":""},"_manage_stock":{"type":"checkbox","raw":""},"_stock_status":{"type":"radio","raw":""},"_stock":{"type":"numeric","raw":""},"_backorders":{"type":"radio","raw":""},"_sold_individually":{"type":"checkbox","raw":""},"_width":{"type":"numeric","raw":""},"_weight":{"type":"numeric","raw":""},"_length":{"type":"numeric","raw":""},"_purchase_note":{"type":"textarea","raw":""}},"infografica":{"operation-ratio":{"type":"textfield","raw":""},"non-fragmenting":{"type":"textfield","raw":""},"vacumm-resistant":{"type":"textfield","raw":""},"sanitary":{"type":"textfield","raw":""},"liquid":{"type":"textfield","raw":""},"vapor-gas":{"type":"textfield","raw":""},"ferrules":{"type":"textfield","raw":""}},"dettagli-prodotto":{"immagini-prodotto":{"type":"image","raw":[""],"repeatable":[{"raw":""}]},"tabella-specifiche":{"type":"wysiwyg","raw":"MODELO | NAM 05;TEMPERATURA DE ALMACENAMIENTO | De -40\u00b0C a +100\u00b0C;TENSI\u00d3N NOMINAL DE ALIMENTACI\u00d3N | 8,2 V;CABLE | 2 m en PVC;GRADO DE PROTECCI\u00d3N | IP 66\/67;DISCO DE RUPTURA | <a href=\"https:\/\/www.donadonsdd.com\/es\/producto\/dcd-composite\/\">DCD<\/a>, <a href=\"https:\/\/www.donadonsdd.com\/es\/producto\/dif\/\">DIF<\/a>, <a href=\"https:\/\/www.donadonsdd.com\/es\/producto\/lpd\/\">LPD<\/a>, <a href=\"https:\/\/www.donadonsdd.com\/es\/producto\/scd\/\">SCD<\/a>, <a href=\"https:\/\/www.donadonsdd.com\/es\/producto\/scr\/\">SCR<\/a>, <a href=\"https:\/\/www.donadonsdd.com\/es\/producto\/y90\/\">Y90<\/a>, <a href=\"https:\/\/www.donadonsdd.com\/es\/producto\/krd\/\">KRD<\/a>;PANELES DE VENTILACI\u00d3N DE EXPLOSIONES | <a href=\"https:\/\/www.donadonsdd.com\/es\/producto\/psc\/\">PS\/C<\/a>, <a href=\"https:\/\/www.donadonsdd.com\/es\/producto\/psr\/\">PS\/R<\/a>;"}}},"_links":{"self":[{"href":"https:\/\/www.donadonsdd.com\/es\/wp-json\/wp\/v2\/product\/6019","targetHints":{"allow":["GET"]}}],"collection":[{"href":"https:\/\/www.donadonsdd.com\/es\/wp-json\/wp\/v2\/product"}],"about":[{"href":"https:\/\/www.donadonsdd.com\/es\/wp-json\/wp\/v2\/types\/product"}],"wp:featuredmedia":[{"embeddable":true,"href":"https:\/\/www.donadonsdd.com\/es\/wp-json\/wp\/v2\/media\/6020"}],"wp:attachment":[{"href":"https:\/\/www.donadonsdd.com\/es\/wp-json\/wp\/v2\/media?parent=6019"}],"wp:term":[{"taxonomy":"categoria_prodotto","embeddable":true,"href":"https:\/\/www.donadonsdd.com\/es\/wp-json\/wp\/v2\/categoria_prodotto?post=6019"}],"curies":[{"name":"wp","href":"https:\/\/api.w.org\/{rel}","templated":true}]}}