{"id":6035,"date":"2025-12-11T16:52:07","date_gmt":"2025-12-11T15:52:07","guid":{"rendered":"https:\/\/www.donadonsdd.com\/product\/indicadores-de-rotura-ire-deteccion-de-precision-para-mayor-seguridad\/"},"modified":"2026-03-01T02:33:48","modified_gmt":"2026-03-01T01:33:48","slug":"ire","status":"publish","type":"product","link":"https:\/\/www.donadonsdd.com\/es\/producto\/ire\/","title":{"rendered":"Indicadores de rotura IRE &#8211; Detecci\u00f3n de precisi\u00f3n para mayor seguridad"},"content":{"rendered":"<p>Los sensores de ruptura DonadonSDD IRE son instrumentos sencillos y eficaces para registrar el estallido de un disco de ruptura.<\/p>\n<p>El detector se instala entre el recipiente, en el lado de descarga, y la brida, aguas abajo del dispositivo de seguridad, en sustituci\u00f3n de la junta tradicional. Los cables del indicador de alarma se conectan al sistema de seguridad de la planta con una barrera intr\u00ednsecamente segura que se ajusta a las caracter\u00edsticas el\u00e9ctricas del sensor (tensi\u00f3n m\u00e1xima de 24 V CC y corriente m\u00e1xima de 50 mA) y a la clasificaci\u00f3n de zona peligrosa. <\/p>\n<p>El detector se compone de un sensor el\u00e9ctrico montado simplemente sobre un blanco formado por:<\/p>\n<ul>\n<li>un anillo de acero inoxidable<\/li>\n<li>una membrana perforada de PTFE<\/li>\n<li>juntas: fibra de aramida est\u00e1ndar disponible tambi\u00e9n en grafito, PTFE<\/li>\n<\/ul>\n<p>Cuando el disco estalla, el circuito de cobre del sistema de alarma IRE se abre y, como consecuencia de ello, se corta el flujo de corriente, permitiendo que el equipo conectado se\u00f1ale que el disco se ha abierto.<\/p>\n<p>El sensor IRE cumple plenamente la Directiva Europea 2014\/34\/UE (ATEX) y la norma CU TR 012 (EAC), lo que demuestra su dedicaci\u00f3n a mantener los m\u00e1s altos niveles de fiabilidad y seguridad. Esta conformidad garantiza que el sensor es adecuado para su aplicaci\u00f3n en entornos peligrosos, afirmando su capacidad para funcionar con eficacia y seguridad en condiciones dif\u00edciles. <\/p>\n<p>El sensor IRE est\u00e1 clasificado como \u00abmaterial el\u00e9ctrico b\u00e1sico\u00bb y est\u00e1 certificado seg\u00fan la Directiva Europea 94\/9\/CE (ATEX). La instalaci\u00f3n de la zona depende del tipo de barrera:<\/p>\n<ul>\n<li>Barrera Ex ia &#8211;&gt; zona 0; 20; 1; 21; 2; 22<\/li>\n<li>Barrera Ex ib &#8211;&gt; zona 1; 21; 2; 22<\/li>\n<\/ul>\n<p>La instalaci\u00f3n debe realizarse conforme a la norma EN 60079-14.<\/p>\n","protected":false},"excerpt":{"rendered":"<p>Los sensores de ruptura DonadonSDD IRE son instrumentos sencillos y eficaces para registrar el estallido de un disco de ruptura. El detector se instala entre el recipiente, en el lado de descarga, y la brida, aguas abajo del dispositivo de seguridad, en sustituci\u00f3n de la junta tradicional. Los cables del indicador de alarma se conectan [&hellip;]<\/p>\n","protected":false},"featured_media":6037,"menu_order":0,"template":"","meta":{"_acf_changed":false},"categoria_prodotto":[94,81],"class_list":["post-6035","product","type-product","status-publish","has-post-thumbnail","hentry","categoria_prodotto-electric","categoria_prodotto-rupture-indicators"],"acf":[],"yoast_head":"<!-- This site is optimized with the Yoast SEO plugin v27.3 - https:\/\/yoast.com\/product\/yoast-seo-wordpress\/ -->\n<title>Indicador el\u00e9ctrico de discos de ruptura - IRE<\/title>\n<meta name=\"description\" content=\"Indicador el\u00e9ctrico de disco de ruptura para la detecci\u00f3n de la activaci\u00f3n del disco de ruptura. Instalado entre el disco de ruptura o el soporte y la brida, dise\u00f1ado para una se\u00f1alizaci\u00f3n fiable, intr\u00ednsecamente seguro, certificado ATEX.\" \/>\n<meta name=\"robots\" content=\"index, follow, max-snippet:-1, max-image-preview:large, max-video-preview:-1\" \/>\n<link rel=\"canonical\" href=\"https:\/\/www.donadonsdd.com\/es\/producto\/ire\/\" \/>\n<meta property=\"og:locale\" content=\"es_ES\" \/>\n<meta property=\"og:type\" content=\"article\" \/>\n<meta property=\"og:title\" content=\"Indicador el\u00e9ctrico de discos de ruptura - IRE\" \/>\n<meta property=\"og:description\" content=\"Indicador el\u00e9ctrico de disco de ruptura para la detecci\u00f3n de la activaci\u00f3n del disco de ruptura. Instalado entre el disco de ruptura o el soporte y la brida, dise\u00f1ado para una se\u00f1alizaci\u00f3n fiable, intr\u00ednsecamente seguro, certificado ATEX.\" \/>\n<meta property=\"og:url\" content=\"https:\/\/www.donadonsdd.com\/es\/producto\/ire\/\" \/>\n<meta property=\"og:site_name\" content=\"DonadonSDD Srl\" \/>\n<meta property=\"article:modified_time\" content=\"2026-03-01T01:33:48+00:00\" \/>\n<meta property=\"og:image\" content=\"https:\/\/www.donadonsdd.com\/wp-content\/uploads\/2025\/12\/donadon-31-e1766346995115.png\" \/>\n\t<meta property=\"og:image:width\" content=\"1139\" \/>\n\t<meta property=\"og:image:height\" content=\"759\" \/>\n\t<meta property=\"og:image:type\" content=\"image\/png\" \/>\n<meta name=\"twitter:card\" content=\"summary_large_image\" \/>\n<meta name=\"twitter:label1\" content=\"Tiempo de lectura\" \/>\n\t<meta name=\"twitter:data1\" content=\"1 minuto\" \/>\n<script type=\"application\/ld+json\" class=\"yoast-schema-graph\">{\"@context\":\"https:\\\/\\\/schema.org\",\"@graph\":[{\"@type\":\"WebPage\",\"@id\":\"https:\\\/\\\/www.donadonsdd.com\\\/es\\\/producto\\\/ire\\\/\",\"url\":\"https:\\\/\\\/www.donadonsdd.com\\\/es\\\/producto\\\/ire\\\/\",\"name\":\"Indicador el\u00e9ctrico de discos de ruptura - IRE\",\"isPartOf\":{\"@id\":\"https:\\\/\\\/www.donadonsdd.com\\\/es\\\/#website\"},\"primaryImageOfPage\":{\"@id\":\"https:\\\/\\\/www.donadonsdd.com\\\/es\\\/producto\\\/ire\\\/#primaryimage\"},\"image\":{\"@id\":\"https:\\\/\\\/www.donadonsdd.com\\\/es\\\/producto\\\/ire\\\/#primaryimage\"},\"thumbnailUrl\":\"https:\\\/\\\/www.donadonsdd.com\\\/wp-content\\\/uploads\\\/2025\\\/12\\\/donadon-31-e1766346995115.png\",\"datePublished\":\"2025-12-11T15:52:07+00:00\",\"dateModified\":\"2026-03-01T01:33:48+00:00\",\"description\":\"Indicador el\u00e9ctrico de disco de ruptura para la detecci\u00f3n de la activaci\u00f3n del disco de ruptura. Instalado entre el disco de ruptura o el soporte y la brida, dise\u00f1ado para una se\u00f1alizaci\u00f3n fiable, intr\u00ednsecamente seguro, certificado ATEX.\",\"breadcrumb\":{\"@id\":\"https:\\\/\\\/www.donadonsdd.com\\\/es\\\/producto\\\/ire\\\/#breadcrumb\"},\"inLanguage\":\"es\",\"potentialAction\":[{\"@type\":\"ReadAction\",\"target\":[\"https:\\\/\\\/www.donadonsdd.com\\\/es\\\/producto\\\/ire\\\/\"]}]},{\"@type\":\"ImageObject\",\"inLanguage\":\"es\",\"@id\":\"https:\\\/\\\/www.donadonsdd.com\\\/es\\\/producto\\\/ire\\\/#primaryimage\",\"url\":\"https:\\\/\\\/www.donadonsdd.com\\\/wp-content\\\/uploads\\\/2025\\\/12\\\/donadon-31-e1766346995115.png\",\"contentUrl\":\"https:\\\/\\\/www.donadonsdd.com\\\/wp-content\\\/uploads\\\/2025\\\/12\\\/donadon-31-e1766346995115.png\",\"width\":1139,\"height\":759},{\"@type\":\"BreadcrumbList\",\"@id\":\"https:\\\/\\\/www.donadonsdd.com\\\/es\\\/producto\\\/ire\\\/#breadcrumb\",\"itemListElement\":[{\"@type\":\"ListItem\",\"position\":1,\"name\":\"HOMEPAGE\",\"item\":\"https:\\\/\\\/www.donadonsdd.com\\\/es\\\/\"},{\"@type\":\"ListItem\",\"position\":2,\"name\":\"Indicadores de rotura IRE &#8211; Detecci\u00f3n de precisi\u00f3n para mayor seguridad\"}]},{\"@type\":\"WebSite\",\"@id\":\"https:\\\/\\\/www.donadonsdd.com\\\/es\\\/#website\",\"url\":\"https:\\\/\\\/www.donadonsdd.com\\\/es\\\/\",\"name\":\"DonadonSDD Srl\",\"description\":\"\",\"publisher\":{\"@id\":\"https:\\\/\\\/www.donadonsdd.com\\\/es\\\/#organization\"},\"potentialAction\":[{\"@type\":\"SearchAction\",\"target\":{\"@type\":\"EntryPoint\",\"urlTemplate\":\"https:\\\/\\\/www.donadonsdd.com\\\/es\\\/?s={search_term_string}\"},\"query-input\":{\"@type\":\"PropertyValueSpecification\",\"valueRequired\":true,\"valueName\":\"search_term_string\"}}],\"inLanguage\":\"es\"},{\"@type\":\"Organization\",\"@id\":\"https:\\\/\\\/www.donadonsdd.com\\\/es\\\/#organization\",\"name\":\"DonadonSDD Srl\",\"url\":\"https:\\\/\\\/www.donadonsdd.com\\\/es\\\/\",\"logo\":{\"@type\":\"ImageObject\",\"inLanguage\":\"es\",\"@id\":\"https:\\\/\\\/www.donadonsdd.com\\\/es\\\/#\\\/schema\\\/logo\\\/image\\\/\",\"url\":\"https:\\\/\\\/www.donadonsdd.com\\\/wp-content\\\/uploads\\\/2025\\\/11\\\/donadonsdd-logo.png\",\"contentUrl\":\"https:\\\/\\\/www.donadonsdd.com\\\/wp-content\\\/uploads\\\/2025\\\/11\\\/donadonsdd-logo.png\",\"width\":544,\"height\":96,\"caption\":\"DonadonSDD Srl\"},\"image\":{\"@id\":\"https:\\\/\\\/www.donadonsdd.com\\\/es\\\/#\\\/schema\\\/logo\\\/image\\\/\"}}]}<\/script>\n<!-- \/ Yoast SEO plugin. -->","yoast_head_json":{"title":"Indicador el\u00e9ctrico de discos de ruptura - IRE","description":"Indicador el\u00e9ctrico de disco de ruptura para la detecci\u00f3n de la activaci\u00f3n del disco de ruptura. Instalado entre el disco de ruptura o el soporte y la brida, dise\u00f1ado para una se\u00f1alizaci\u00f3n fiable, intr\u00ednsecamente seguro, certificado ATEX.","robots":{"index":"index","follow":"follow","max-snippet":"max-snippet:-1","max-image-preview":"max-image-preview:large","max-video-preview":"max-video-preview:-1"},"canonical":"https:\/\/www.donadonsdd.com\/es\/producto\/ire\/","og_locale":"es_ES","og_type":"article","og_title":"Indicador el\u00e9ctrico de discos de ruptura - IRE","og_description":"Indicador el\u00e9ctrico de disco de ruptura para la detecci\u00f3n de la activaci\u00f3n del disco de ruptura. Instalado entre el disco de ruptura o el soporte y la brida, dise\u00f1ado para una se\u00f1alizaci\u00f3n fiable, intr\u00ednsecamente seguro, certificado ATEX.","og_url":"https:\/\/www.donadonsdd.com\/es\/producto\/ire\/","og_site_name":"DonadonSDD Srl","article_modified_time":"2026-03-01T01:33:48+00:00","og_image":[{"width":1139,"height":759,"url":"https:\/\/www.donadonsdd.com\/wp-content\/uploads\/2025\/12\/donadon-31-e1766346995115.png","type":"image\/png"}],"twitter_card":"summary_large_image","twitter_misc":{"Tiempo de lectura":"1 minuto"},"schema":{"@context":"https:\/\/schema.org","@graph":[{"@type":"WebPage","@id":"https:\/\/www.donadonsdd.com\/es\/producto\/ire\/","url":"https:\/\/www.donadonsdd.com\/es\/producto\/ire\/","name":"Indicador el\u00e9ctrico de discos de ruptura - IRE","isPartOf":{"@id":"https:\/\/www.donadonsdd.com\/es\/#website"},"primaryImageOfPage":{"@id":"https:\/\/www.donadonsdd.com\/es\/producto\/ire\/#primaryimage"},"image":{"@id":"https:\/\/www.donadonsdd.com\/es\/producto\/ire\/#primaryimage"},"thumbnailUrl":"https:\/\/www.donadonsdd.com\/wp-content\/uploads\/2025\/12\/donadon-31-e1766346995115.png","datePublished":"2025-12-11T15:52:07+00:00","dateModified":"2026-03-01T01:33:48+00:00","description":"Indicador el\u00e9ctrico de disco de ruptura para la detecci\u00f3n de la activaci\u00f3n del disco de ruptura. Instalado entre el disco de ruptura o el soporte y la brida, dise\u00f1ado para una se\u00f1alizaci\u00f3n fiable, intr\u00ednsecamente seguro, certificado ATEX.","breadcrumb":{"@id":"https:\/\/www.donadonsdd.com\/es\/producto\/ire\/#breadcrumb"},"inLanguage":"es","potentialAction":[{"@type":"ReadAction","target":["https:\/\/www.donadonsdd.com\/es\/producto\/ire\/"]}]},{"@type":"ImageObject","inLanguage":"es","@id":"https:\/\/www.donadonsdd.com\/es\/producto\/ire\/#primaryimage","url":"https:\/\/www.donadonsdd.com\/wp-content\/uploads\/2025\/12\/donadon-31-e1766346995115.png","contentUrl":"https:\/\/www.donadonsdd.com\/wp-content\/uploads\/2025\/12\/donadon-31-e1766346995115.png","width":1139,"height":759},{"@type":"BreadcrumbList","@id":"https:\/\/www.donadonsdd.com\/es\/producto\/ire\/#breadcrumb","itemListElement":[{"@type":"ListItem","position":1,"name":"HOMEPAGE","item":"https:\/\/www.donadonsdd.com\/es\/"},{"@type":"ListItem","position":2,"name":"Indicadores de rotura IRE &#8211; Detecci\u00f3n de precisi\u00f3n para mayor seguridad"}]},{"@type":"WebSite","@id":"https:\/\/www.donadonsdd.com\/es\/#website","url":"https:\/\/www.donadonsdd.com\/es\/","name":"DonadonSDD Srl","description":"","publisher":{"@id":"https:\/\/www.donadonsdd.com\/es\/#organization"},"potentialAction":[{"@type":"SearchAction","target":{"@type":"EntryPoint","urlTemplate":"https:\/\/www.donadonsdd.com\/es\/?s={search_term_string}"},"query-input":{"@type":"PropertyValueSpecification","valueRequired":true,"valueName":"search_term_string"}}],"inLanguage":"es"},{"@type":"Organization","@id":"https:\/\/www.donadonsdd.com\/es\/#organization","name":"DonadonSDD Srl","url":"https:\/\/www.donadonsdd.com\/es\/","logo":{"@type":"ImageObject","inLanguage":"es","@id":"https:\/\/www.donadonsdd.com\/es\/#\/schema\/logo\/image\/","url":"https:\/\/www.donadonsdd.com\/wp-content\/uploads\/2025\/11\/donadonsdd-logo.png","contentUrl":"https:\/\/www.donadonsdd.com\/wp-content\/uploads\/2025\/11\/donadonsdd-logo.png","width":544,"height":96,"caption":"DonadonSDD Srl"},"image":{"@id":"https:\/\/www.donadonsdd.com\/es\/#\/schema\/logo\/image\/"}}]}},"toolset-meta":{"toolset-woocommerce-fields":{"_download_limit":{"type":"numeric","raw":""},"_virtual":{"type":"checkbox","raw":""},"_downloadable":{"type":"checkbox","raw":""},"_download_expiry":{"type":"numeric","raw":""},"_download_type":{"type":"radio","raw":""},"_regular_price":{"type":"numeric","raw":""},"_sale_price":{"type":"numeric","raw":""},"_sale_price_dates_from":{"type":"date","raw":"","formatted":null},"_sale_price_dates_to":{"type":"date","raw":"","formatted":null},"_sku":{"type":"textfield","raw":""},"_manage_stock":{"type":"checkbox","raw":""},"_stock_status":{"type":"radio","raw":""},"_stock":{"type":"numeric","raw":""},"_backorders":{"type":"radio","raw":""},"_sold_individually":{"type":"checkbox","raw":""},"_width":{"type":"numeric","raw":""},"_weight":{"type":"numeric","raw":""},"_length":{"type":"numeric","raw":""},"_purchase_note":{"type":"textarea","raw":""}},"infografica":{"operation-ratio":{"type":"textfield","raw":""},"non-fragmenting":{"type":"textfield","raw":""},"vacumm-resistant":{"type":"textfield","raw":""},"sanitary":{"type":"textfield","raw":""},"liquid":{"type":"textfield","raw":""},"vapor-gas":{"type":"textfield","raw":""},"ferrules":{"type":"textfield","raw":""}},"dettagli-prodotto":{"immagini-prodotto":{"type":"image","raw":["https:\/\/www.donadonsdd.com\/wp-content\/uploads\/2025\/12\/donadon-31_result.webp","https:\/\/www.donadonsdd.com\/wp-content\/uploads\/2025\/12\/donadon-32_result-1.webp","https:\/\/www.donadonsdd.com\/wp-content\/uploads\/2025\/12\/donadon-33_result.webp"],"repeatable":[{"raw":"https:\/\/www.donadonsdd.com\/wp-content\/uploads\/2025\/12\/donadon-31_result.webp","attachment_id":8062},{"raw":"https:\/\/www.donadonsdd.com\/wp-content\/uploads\/2025\/12\/donadon-32_result-1.webp","attachment_id":8063},{"raw":"https:\/\/www.donadonsdd.com\/wp-content\/uploads\/2025\/12\/donadon-33_result.webp","attachment_id":8064}]},"tabella-specifiche":{"type":"wysiwyg","raw":"MODELO | IRE;\nTEMPERATURA DE FUNCIONAMIENTO | De -20\u00b0C a +265\u00b0C (seg\u00fan la junta utilizada);\nMEMBRANA ENCAPSULANTE | Poliamida (Kapton\u00ae);\nCIRCUITO IMPRESO | Cobre;\nTENSI\u00d3N M\u00c1XIMA DE ALIMENTACI\u00d3N | 24 V C.C;\nCORRIENTE M\u00c1XIMA DE ALIMENTACI\u00d3N | 50 mA;\nCABLE | Est\u00e1ndar, 2 m;\nCOMPATIBILIDAD CON DISCOS DE SOPORTE \/ RUPTURA | <a href=\"https:\/\/www.donadonsdd.com\/es\/producto\/hia-hra\/\">HIA<\/a>, <a href=\"https:\/\/www.donadonsdd.com\/es\/producto\/hia-hra\/\">HRA<\/a>, <a href=\"https:\/\/www.donadonsdd.com\/es\/producto\/hip-hrp\/\">HIP<\/a>, <a href=\"https:\/\/www.donadonsdd.com\/es\/producto\/hip-hrp\/\">HRP<\/a> \u00a7 <a href=\"https:\/\/www.donadonsdd.com\/es\/producto\/dcd-composite\/\">DCD<\/a>, <a href=\"https:\/\/www.donadonsdd.com\/es\/producto\/dif\/\">DIF<\/a>, <a href=\"https:\/\/www.donadonsdd.com\/es\/producto\/scd\/\">SCD<\/a>, <a href=\"https:\/\/www.donadonsdd.com\/es\/producto\/scr\/\">SCR<\/a>, <a href=\"https:\/\/www.donadonsdd.com\/es\/producto\/y90\/\">Y90<\/a>, <a href=\"https:\/\/www.donadonsdd.com\/es\/producto\/krd\/\">KRD<\/a>, <a href=\"https:\/\/www.donadonsdd.com\/es\/producto\/gm\/\">GM<\/a>, <a href=\"https:\/\/www.donadonsdd.com\/es\/producto\/ga\/\">GA<\/a>, <a href=\"https:\/\/www.donadonsdd.com\/es\/producto\/gr\/\">GR<\/a>;             "}}},"_links":{"self":[{"href":"https:\/\/www.donadonsdd.com\/es\/wp-json\/wp\/v2\/product\/6035","targetHints":{"allow":["GET"]}}],"collection":[{"href":"https:\/\/www.donadonsdd.com\/es\/wp-json\/wp\/v2\/product"}],"about":[{"href":"https:\/\/www.donadonsdd.com\/es\/wp-json\/wp\/v2\/types\/product"}],"wp:featuredmedia":[{"embeddable":true,"href":"https:\/\/www.donadonsdd.com\/es\/wp-json\/wp\/v2\/media\/6037"}],"wp:attachment":[{"href":"https:\/\/www.donadonsdd.com\/es\/wp-json\/wp\/v2\/media?parent=6035"}],"wp:term":[{"taxonomy":"categoria_prodotto","embeddable":true,"href":"https:\/\/www.donadonsdd.com\/es\/wp-json\/wp\/v2\/categoria_prodotto?post=6035"}],"curies":[{"name":"wp","href":"https:\/\/api.w.org\/{rel}","templated":true}]}}