{"id":6040,"date":"2025-12-11T16:49:34","date_gmt":"2025-12-11T15:49:34","guid":{"rendered":"https:\/\/www.donadonsdd.com\/product\/indicadores-de-ruptura-sanitaria-irc\/"},"modified":"2026-02-28T00:21:25","modified_gmt":"2026-02-27T23:21:25","slug":"irc","status":"publish","type":"product","link":"https:\/\/www.donadonsdd.com\/es\/producto\/irc\/","title":{"rendered":"Indicadores de Ruptura Sanitaria IRC"},"content":{"rendered":"<p>El indicador de rotura tipo IRC DonadonSDD es un instrumento sencillo y eficaz para la detecci\u00f3n de la rotura de disco.<\/p>\n<p>El detector se instala en el lado del desag\u00fce, aguas abajo del accesorio separador. Los cables del indicador de alarma se conectan al sistema de seguridad de la instalaci\u00f3n mediante una barrera de seguridad intr\u00ednseca conforme a las caracter\u00edsticas el\u00e9ctricas del sensor (tensi\u00f3n m\u00e1xima de 24 V CC y corriente m\u00e1xima de 50 mA) y la clasificaci\u00f3n de zonas. <\/p>\n<p>Los indicadores de rotura IRC consisten esencialmente en una pista de cobre encapsulada entre dos capas aislantes de Kapton (circuito impreso flexible), conectada el\u00e9ctricamente a un cable que permite la conexi\u00f3n remota a un indicador de continuidad el\u00e9ctrica. El circuito est\u00e1 encapsulado entre dos capas de PTFE y el dispositivo de seguridad se suministra completo con juntas de PTFE compatibles para su instalaci\u00f3n entre conexiones higi\u00e9nicas. <\/p>\n<p>Al romperse el disco, se abre el circuito de cobre del indicador IRC y, como consecuencia, se interrumpe el flujo de corriente, lo que permite al equipo conectado se\u00f1alar la apertura efectiva del disco de ruptura.<\/p>\n<p>El sensor IRC est\u00e1 clasificado como \u00abmaterial el\u00e9ctrico b\u00e1sico\u00bb y est\u00e1 certificado seg\u00fan la Directiva Europea 94\/9\/CE (ATEX). La instalaci\u00f3n de la zona depende del tipo de barrera:<\/p>\n<ul>\n<li>Barrera Ex ia &#8211;&gt; zona 0; 20; 1; 21; 2; 22<\/li>\n<li>Barrera Ex ib &#8211;&gt; zona 1; 21; 2; 22<\/li>\n<\/ul>\n<p>La instalaci\u00f3n debe realizarse conforme a la norma EN 60079-14.<\/p>\n","protected":false},"excerpt":{"rendered":"<p>El indicador de rotura tipo IRC DonadonSDD es un instrumento sencillo y eficaz para la detecci\u00f3n de la rotura de disco. El detector se instala en el lado del desag\u00fce, aguas abajo del accesorio separador. Los cables del indicador de alarma se conectan al sistema de seguridad de la instalaci\u00f3n mediante una barrera de seguridad [&hellip;]<\/p>\n","protected":false},"featured_media":6041,"menu_order":0,"template":"","meta":{"_acf_changed":false},"categoria_prodotto":[94,81],"class_list":["post-6040","product","type-product","status-publish","has-post-thumbnail","hentry","categoria_prodotto-electric","categoria_prodotto-rupture-indicators"],"acf":[],"yoast_head":"<!-- This site is optimized with the Yoast SEO plugin v27.3 - https:\/\/yoast.com\/product\/yoast-seo-wordpress\/ -->\n<title>Indicador el\u00e9ctrico sanitario de disco de ruptura - IRC<\/title>\n<meta name=\"description\" content=\"Indicador el\u00e9ctrico sanitario de disco de ruptura para la detecci\u00f3n de rupturas en aplicaciones higi\u00e9nicas. Instalado entre conexiones tri-clamp, intr\u00ednsecamente seguro, certificado ATEX.\" \/>\n<meta name=\"robots\" content=\"index, follow, max-snippet:-1, max-image-preview:large, max-video-preview:-1\" \/>\n<link rel=\"canonical\" href=\"https:\/\/www.donadonsdd.com\/es\/producto\/irc\/\" \/>\n<meta property=\"og:locale\" content=\"es_ES\" \/>\n<meta property=\"og:type\" content=\"article\" \/>\n<meta property=\"og:title\" content=\"Indicador el\u00e9ctrico sanitario de disco de ruptura - IRC\" \/>\n<meta property=\"og:description\" content=\"Indicador el\u00e9ctrico sanitario de disco de ruptura para la detecci\u00f3n de rupturas en aplicaciones higi\u00e9nicas. Instalado entre conexiones tri-clamp, intr\u00ednsecamente seguro, certificado ATEX.\" \/>\n<meta property=\"og:url\" content=\"https:\/\/www.donadonsdd.com\/es\/producto\/irc\/\" \/>\n<meta property=\"og:site_name\" content=\"DonadonSDD Srl\" \/>\n<meta property=\"article:modified_time\" content=\"2026-02-27T23:21:25+00:00\" \/>\n<meta property=\"og:image\" content=\"https:\/\/www.donadonsdd.com\/wp-content\/uploads\/2025\/12\/donadon-sdd-irc-sanitary-rupture-indicators.png\" \/>\n\t<meta property=\"og:image:width\" content=\"1800\" \/>\n\t<meta property=\"og:image:height\" content=\"1200\" \/>\n\t<meta property=\"og:image:type\" content=\"image\/png\" \/>\n<meta name=\"twitter:card\" content=\"summary_large_image\" \/>\n<meta name=\"twitter:label1\" content=\"Tiempo de lectura\" \/>\n\t<meta name=\"twitter:data1\" content=\"1 minuto\" \/>\n<script type=\"application\/ld+json\" class=\"yoast-schema-graph\">{\"@context\":\"https:\\\/\\\/schema.org\",\"@graph\":[{\"@type\":\"WebPage\",\"@id\":\"https:\\\/\\\/www.donadonsdd.com\\\/es\\\/producto\\\/irc\\\/\",\"url\":\"https:\\\/\\\/www.donadonsdd.com\\\/es\\\/producto\\\/irc\\\/\",\"name\":\"Indicador el\u00e9ctrico sanitario de disco de ruptura - IRC\",\"isPartOf\":{\"@id\":\"https:\\\/\\\/www.donadonsdd.com\\\/es\\\/#website\"},\"primaryImageOfPage\":{\"@id\":\"https:\\\/\\\/www.donadonsdd.com\\\/es\\\/producto\\\/irc\\\/#primaryimage\"},\"image\":{\"@id\":\"https:\\\/\\\/www.donadonsdd.com\\\/es\\\/producto\\\/irc\\\/#primaryimage\"},\"thumbnailUrl\":\"https:\\\/\\\/www.donadonsdd.com\\\/wp-content\\\/uploads\\\/2025\\\/12\\\/donadon-sdd-irc-sanitary-rupture-indicators.png\",\"datePublished\":\"2025-12-11T15:49:34+00:00\",\"dateModified\":\"2026-02-27T23:21:25+00:00\",\"description\":\"Indicador el\u00e9ctrico sanitario de disco de ruptura para la detecci\u00f3n de rupturas en aplicaciones higi\u00e9nicas. Instalado entre conexiones tri-clamp, intr\u00ednsecamente seguro, certificado ATEX.\",\"breadcrumb\":{\"@id\":\"https:\\\/\\\/www.donadonsdd.com\\\/es\\\/producto\\\/irc\\\/#breadcrumb\"},\"inLanguage\":\"es\",\"potentialAction\":[{\"@type\":\"ReadAction\",\"target\":[\"https:\\\/\\\/www.donadonsdd.com\\\/es\\\/producto\\\/irc\\\/\"]}]},{\"@type\":\"ImageObject\",\"inLanguage\":\"es\",\"@id\":\"https:\\\/\\\/www.donadonsdd.com\\\/es\\\/producto\\\/irc\\\/#primaryimage\",\"url\":\"https:\\\/\\\/www.donadonsdd.com\\\/wp-content\\\/uploads\\\/2025\\\/12\\\/donadon-sdd-irc-sanitary-rupture-indicators.png\",\"contentUrl\":\"https:\\\/\\\/www.donadonsdd.com\\\/wp-content\\\/uploads\\\/2025\\\/12\\\/donadon-sdd-irc-sanitary-rupture-indicators.png\",\"width\":1800,\"height\":1200,\"caption\":\"indicadores de rotura sanitaria donadon sdd irc\"},{\"@type\":\"BreadcrumbList\",\"@id\":\"https:\\\/\\\/www.donadonsdd.com\\\/es\\\/producto\\\/irc\\\/#breadcrumb\",\"itemListElement\":[{\"@type\":\"ListItem\",\"position\":1,\"name\":\"HOMEPAGE\",\"item\":\"https:\\\/\\\/www.donadonsdd.com\\\/es\\\/\"},{\"@type\":\"ListItem\",\"position\":2,\"name\":\"Indicadores de Ruptura Sanitaria IRC\"}]},{\"@type\":\"WebSite\",\"@id\":\"https:\\\/\\\/www.donadonsdd.com\\\/es\\\/#website\",\"url\":\"https:\\\/\\\/www.donadonsdd.com\\\/es\\\/\",\"name\":\"DonadonSDD Srl\",\"description\":\"\",\"publisher\":{\"@id\":\"https:\\\/\\\/www.donadonsdd.com\\\/es\\\/#organization\"},\"potentialAction\":[{\"@type\":\"SearchAction\",\"target\":{\"@type\":\"EntryPoint\",\"urlTemplate\":\"https:\\\/\\\/www.donadonsdd.com\\\/es\\\/?s={search_term_string}\"},\"query-input\":{\"@type\":\"PropertyValueSpecification\",\"valueRequired\":true,\"valueName\":\"search_term_string\"}}],\"inLanguage\":\"es\"},{\"@type\":\"Organization\",\"@id\":\"https:\\\/\\\/www.donadonsdd.com\\\/es\\\/#organization\",\"name\":\"DonadonSDD Srl\",\"url\":\"https:\\\/\\\/www.donadonsdd.com\\\/es\\\/\",\"logo\":{\"@type\":\"ImageObject\",\"inLanguage\":\"es\",\"@id\":\"https:\\\/\\\/www.donadonsdd.com\\\/es\\\/#\\\/schema\\\/logo\\\/image\\\/\",\"url\":\"https:\\\/\\\/www.donadonsdd.com\\\/wp-content\\\/uploads\\\/2025\\\/11\\\/donadonsdd-logo.png\",\"contentUrl\":\"https:\\\/\\\/www.donadonsdd.com\\\/wp-content\\\/uploads\\\/2025\\\/11\\\/donadonsdd-logo.png\",\"width\":544,\"height\":96,\"caption\":\"DonadonSDD Srl\"},\"image\":{\"@id\":\"https:\\\/\\\/www.donadonsdd.com\\\/es\\\/#\\\/schema\\\/logo\\\/image\\\/\"}}]}<\/script>\n<!-- \/ Yoast SEO plugin. -->","yoast_head_json":{"title":"Indicador el\u00e9ctrico sanitario de disco de ruptura - IRC","description":"Indicador el\u00e9ctrico sanitario de disco de ruptura para la detecci\u00f3n de rupturas en aplicaciones higi\u00e9nicas. Instalado entre conexiones tri-clamp, intr\u00ednsecamente seguro, certificado ATEX.","robots":{"index":"index","follow":"follow","max-snippet":"max-snippet:-1","max-image-preview":"max-image-preview:large","max-video-preview":"max-video-preview:-1"},"canonical":"https:\/\/www.donadonsdd.com\/es\/producto\/irc\/","og_locale":"es_ES","og_type":"article","og_title":"Indicador el\u00e9ctrico sanitario de disco de ruptura - IRC","og_description":"Indicador el\u00e9ctrico sanitario de disco de ruptura para la detecci\u00f3n de rupturas en aplicaciones higi\u00e9nicas. Instalado entre conexiones tri-clamp, intr\u00ednsecamente seguro, certificado ATEX.","og_url":"https:\/\/www.donadonsdd.com\/es\/producto\/irc\/","og_site_name":"DonadonSDD Srl","article_modified_time":"2026-02-27T23:21:25+00:00","og_image":[{"width":1800,"height":1200,"url":"https:\/\/www.donadonsdd.com\/wp-content\/uploads\/2025\/12\/donadon-sdd-irc-sanitary-rupture-indicators.png","type":"image\/png"}],"twitter_card":"summary_large_image","twitter_misc":{"Tiempo de lectura":"1 minuto"},"schema":{"@context":"https:\/\/schema.org","@graph":[{"@type":"WebPage","@id":"https:\/\/www.donadonsdd.com\/es\/producto\/irc\/","url":"https:\/\/www.donadonsdd.com\/es\/producto\/irc\/","name":"Indicador el\u00e9ctrico sanitario de disco de ruptura - IRC","isPartOf":{"@id":"https:\/\/www.donadonsdd.com\/es\/#website"},"primaryImageOfPage":{"@id":"https:\/\/www.donadonsdd.com\/es\/producto\/irc\/#primaryimage"},"image":{"@id":"https:\/\/www.donadonsdd.com\/es\/producto\/irc\/#primaryimage"},"thumbnailUrl":"https:\/\/www.donadonsdd.com\/wp-content\/uploads\/2025\/12\/donadon-sdd-irc-sanitary-rupture-indicators.png","datePublished":"2025-12-11T15:49:34+00:00","dateModified":"2026-02-27T23:21:25+00:00","description":"Indicador el\u00e9ctrico sanitario de disco de ruptura para la detecci\u00f3n de rupturas en aplicaciones higi\u00e9nicas. Instalado entre conexiones tri-clamp, intr\u00ednsecamente seguro, certificado ATEX.","breadcrumb":{"@id":"https:\/\/www.donadonsdd.com\/es\/producto\/irc\/#breadcrumb"},"inLanguage":"es","potentialAction":[{"@type":"ReadAction","target":["https:\/\/www.donadonsdd.com\/es\/producto\/irc\/"]}]},{"@type":"ImageObject","inLanguage":"es","@id":"https:\/\/www.donadonsdd.com\/es\/producto\/irc\/#primaryimage","url":"https:\/\/www.donadonsdd.com\/wp-content\/uploads\/2025\/12\/donadon-sdd-irc-sanitary-rupture-indicators.png","contentUrl":"https:\/\/www.donadonsdd.com\/wp-content\/uploads\/2025\/12\/donadon-sdd-irc-sanitary-rupture-indicators.png","width":1800,"height":1200,"caption":"indicadores de rotura sanitaria donadon sdd irc"},{"@type":"BreadcrumbList","@id":"https:\/\/www.donadonsdd.com\/es\/producto\/irc\/#breadcrumb","itemListElement":[{"@type":"ListItem","position":1,"name":"HOMEPAGE","item":"https:\/\/www.donadonsdd.com\/es\/"},{"@type":"ListItem","position":2,"name":"Indicadores de Ruptura Sanitaria IRC"}]},{"@type":"WebSite","@id":"https:\/\/www.donadonsdd.com\/es\/#website","url":"https:\/\/www.donadonsdd.com\/es\/","name":"DonadonSDD Srl","description":"","publisher":{"@id":"https:\/\/www.donadonsdd.com\/es\/#organization"},"potentialAction":[{"@type":"SearchAction","target":{"@type":"EntryPoint","urlTemplate":"https:\/\/www.donadonsdd.com\/es\/?s={search_term_string}"},"query-input":{"@type":"PropertyValueSpecification","valueRequired":true,"valueName":"search_term_string"}}],"inLanguage":"es"},{"@type":"Organization","@id":"https:\/\/www.donadonsdd.com\/es\/#organization","name":"DonadonSDD Srl","url":"https:\/\/www.donadonsdd.com\/es\/","logo":{"@type":"ImageObject","inLanguage":"es","@id":"https:\/\/www.donadonsdd.com\/es\/#\/schema\/logo\/image\/","url":"https:\/\/www.donadonsdd.com\/wp-content\/uploads\/2025\/11\/donadonsdd-logo.png","contentUrl":"https:\/\/www.donadonsdd.com\/wp-content\/uploads\/2025\/11\/donadonsdd-logo.png","width":544,"height":96,"caption":"DonadonSDD Srl"},"image":{"@id":"https:\/\/www.donadonsdd.com\/es\/#\/schema\/logo\/image\/"}}]}},"toolset-meta":{"toolset-woocommerce-fields":{"_download_limit":{"type":"numeric","raw":""},"_virtual":{"type":"checkbox","raw":""},"_downloadable":{"type":"checkbox","raw":""},"_download_expiry":{"type":"numeric","raw":""},"_download_type":{"type":"radio","raw":""},"_regular_price":{"type":"numeric","raw":""},"_sale_price":{"type":"numeric","raw":""},"_sale_price_dates_from":{"type":"date","raw":"","formatted":null},"_sale_price_dates_to":{"type":"date","raw":"","formatted":null},"_sku":{"type":"textfield","raw":""},"_manage_stock":{"type":"checkbox","raw":""},"_stock_status":{"type":"radio","raw":""},"_stock":{"type":"numeric","raw":""},"_backorders":{"type":"radio","raw":""},"_sold_individually":{"type":"checkbox","raw":""},"_width":{"type":"numeric","raw":""},"_weight":{"type":"numeric","raw":""},"_length":{"type":"numeric","raw":""},"_purchase_note":{"type":"textarea","raw":""}},"infografica":{"operation-ratio":{"type":"textfield","raw":""},"non-fragmenting":{"type":"textfield","raw":""},"vacumm-resistant":{"type":"textfield","raw":""},"sanitary":{"type":"textfield","raw":""},"liquid":{"type":"textfield","raw":""},"vapor-gas":{"type":"textfield","raw":""},"ferrules":{"type":"textfield","raw":""}},"dettagli-prodotto":{"immagini-prodotto":{"type":"image","raw":["https:\/\/www.donadonsdd.com\/wp-content\/uploads\/2025\/12\/donadon-11_result.webp"],"repeatable":[{"raw":"https:\/\/www.donadonsdd.com\/wp-content\/uploads\/2025\/12\/donadon-11_result.webp","attachment_id":8049}]},"tabella-specifiche":{"type":"wysiwyg","raw":"MODELO | IRC;\nTEMPERATURA DE FUNCIONAMIENTO | De -20\u00b0C a +260\u00b0C (seg\u00fan la junta utilizada);\nMEMBRANA DE ENCAPSULADO | Poliamida (Kapton\u00ae);\nCIRCUITO IMPRESO | Cobre;\nTENSI\u00d3N M\u00c1XIMA DE ALIMENTACI\u00d3N | 24 V CC;\nCORRIENTE M\u00c1XIMA DE ALIMENTACI\u00d3N | 50 mA;\nCABLE | Est\u00e1ndar, 2 m;\nDISCO SANITARIO | <a href=\"https:\/\/www.donadonsdd.com\/es\/producto\/dcd-composite\/\">DCD<\/a>, <a href=\"https:\/\/www.donadonsdd.com\/es\/producto\/scd\/\">SCD<\/a>, <a href=\"https:\/\/www.donadonsdd.com\/es\/producto\/scr\/\">SCR<\/a>, <a href=\"https:\/\/www.donadonsdd.com\/es\/producto\/y90\/\">Y90<\/a>, <a href=\"https:\/\/www.donadonsdd.com\/es\/producto\/krd\/\">KRD<\/a>;"}}},"_links":{"self":[{"href":"https:\/\/www.donadonsdd.com\/es\/wp-json\/wp\/v2\/product\/6040","targetHints":{"allow":["GET"]}}],"collection":[{"href":"https:\/\/www.donadonsdd.com\/es\/wp-json\/wp\/v2\/product"}],"about":[{"href":"https:\/\/www.donadonsdd.com\/es\/wp-json\/wp\/v2\/types\/product"}],"wp:featuredmedia":[{"embeddable":true,"href":"https:\/\/www.donadonsdd.com\/es\/wp-json\/wp\/v2\/media\/6041"}],"wp:attachment":[{"href":"https:\/\/www.donadonsdd.com\/es\/wp-json\/wp\/v2\/media?parent=6040"}],"wp:term":[{"taxonomy":"categoria_prodotto","embeddable":true,"href":"https:\/\/www.donadonsdd.com\/es\/wp-json\/wp\/v2\/categoria_prodotto?post=6040"}],"curies":[{"name":"wp","href":"https:\/\/api.w.org\/{rel}","templated":true}]}}