{"id":6048,"date":"2025-12-11T16:54:38","date_gmt":"2025-12-11T15:54:38","guid":{"rendered":"https:\/\/www.donadonsdd.com\/product\/indicadores-de-rotura-irp-deteccion-de-precision-para-paneles-de-ventilacion\/"},"modified":"2026-02-28T00:22:50","modified_gmt":"2026-02-27T23:22:50","slug":"irp","status":"publish","type":"product","link":"https:\/\/www.donadonsdd.com\/es\/producto\/irp\/","title":{"rendered":"Indicadores de rotura IRP &#8211; Detecci\u00f3n de precisi\u00f3n para paneles de ventilaci\u00f3n"},"content":{"rendered":"<p>Los indicadores de rotura Donadon IRP son instrumentos sencillos y eficaces para detectar la rotura de un panel de venteo de explosiones.<\/p>\n<p>El detector se instala durante la fabricaci\u00f3n del panel y tiene un cable de 2 metros.<\/p>\n<p>El cable del indicador de alarma debe conectarse al sistema de seguridad de la planta con una barrera intr\u00ednsecamente segura que se ajuste a las caracter\u00edsticas el\u00e9ctricas del sensor (tensi\u00f3n m\u00e1xima de 24 V CC e intensidad m\u00e1xima de 50 mA) y a la clasificaci\u00f3n de zona peligrosa.<\/p>\n<p>Cuando el panel estalla, el circuito el\u00e9ctrico del indicador IRP se interrumpe, permitiendo que el equipo conectado se\u00f1ale que el dispositivo de seguridad se ha abierto.<\/p>\n<p>El sensor IRP est\u00e1 clasificado como \u00abmaterial el\u00e9ctrico b\u00e1sico\u00bb y est\u00e1 certificado seg\u00fan la Directiva Europea 94\/9\/CE (ATEX). La instalaci\u00f3n de la zona depende del tipo de barrera:<\/p>\n<ul>\n<li>Barrera Ex ia &#8211;&gt; zona 0; 20; 1; 21; 2; 22<\/li>\n<li>Barrera Ex ib &#8211;&gt; zona 1; 21; 2; 22<\/li>\n<\/ul>\n<p>La instalaci\u00f3n debe realizarse conforme a la norma EN 60079-14.<\/p>\n","protected":false},"excerpt":{"rendered":"<p>Los indicadores de rotura Donadon IRP son instrumentos sencillos y eficaces para detectar la rotura de un panel de venteo de explosiones. El detector se instala durante la fabricaci\u00f3n del panel y tiene un cable de 2 metros. El cable del indicador de alarma debe conectarse al sistema de seguridad de la planta con una [&hellip;]<\/p>\n","protected":false},"featured_media":10274,"menu_order":0,"template":"","meta":{"_acf_changed":false},"categoria_prodotto":[94,81],"class_list":["post-6048","product","type-product","status-publish","has-post-thumbnail","hentry","categoria_prodotto-electric","categoria_prodotto-rupture-indicators"],"acf":[],"yoast_head":"<!-- This site is optimized with the Yoast SEO plugin v27.3 - https:\/\/yoast.com\/product\/yoast-seo-wordpress\/ -->\n<title>Indicador el\u00e9ctrico de rotura para paneles de venteo de explosiones - IRP<\/title>\n<meta name=\"description\" content=\"Indicador el\u00e9ctrico de rotura para la detecci\u00f3n de apertura de paneles de venteo de explosiones. Integrado durante la fabricaci\u00f3n del panel, intr\u00ednsecamente seguro, certificado ATEX, adecuado para paneles PSC y PSR.\" \/>\n<meta name=\"robots\" content=\"index, follow, max-snippet:-1, max-image-preview:large, max-video-preview:-1\" \/>\n<link rel=\"canonical\" href=\"https:\/\/www.donadonsdd.com\/es\/producto\/irp\/\" \/>\n<meta property=\"og:locale\" content=\"es_ES\" \/>\n<meta property=\"og:type\" content=\"article\" \/>\n<meta property=\"og:title\" content=\"Indicador el\u00e9ctrico de rotura para paneles de venteo de explosiones - IRP\" \/>\n<meta property=\"og:description\" content=\"Indicador el\u00e9ctrico de rotura para la detecci\u00f3n de apertura de paneles de venteo de explosiones. Integrado durante la fabricaci\u00f3n del panel, intr\u00ednsecamente seguro, certificado ATEX, adecuado para paneles PSC y PSR.\" \/>\n<meta property=\"og:url\" content=\"https:\/\/www.donadonsdd.com\/es\/producto\/irp\/\" \/>\n<meta property=\"og:site_name\" content=\"DonadonSDD Srl\" \/>\n<meta property=\"article:modified_time\" content=\"2026-02-27T23:22:50+00:00\" \/>\n<meta property=\"og:image\" content=\"https:\/\/www.donadonsdd.com\/wp-content\/uploads\/2025\/12\/img_136-remove-background.com_.png\" \/>\n\t<meta property=\"og:image:width\" content=\"700\" \/>\n\t<meta property=\"og:image:height\" content=\"466\" \/>\n\t<meta property=\"og:image:type\" content=\"image\/png\" \/>\n<meta name=\"twitter:card\" content=\"summary_large_image\" \/>\n<meta name=\"twitter:label1\" content=\"Tiempo de lectura\" \/>\n\t<meta name=\"twitter:data1\" content=\"1 minuto\" \/>\n<script type=\"application\/ld+json\" class=\"yoast-schema-graph\">{\"@context\":\"https:\\\/\\\/schema.org\",\"@graph\":[{\"@type\":\"WebPage\",\"@id\":\"https:\\\/\\\/www.donadonsdd.com\\\/es\\\/producto\\\/irp\\\/\",\"url\":\"https:\\\/\\\/www.donadonsdd.com\\\/es\\\/producto\\\/irp\\\/\",\"name\":\"Indicador el\u00e9ctrico de rotura para paneles de venteo de explosiones - IRP\",\"isPartOf\":{\"@id\":\"https:\\\/\\\/www.donadonsdd.com\\\/es\\\/#website\"},\"primaryImageOfPage\":{\"@id\":\"https:\\\/\\\/www.donadonsdd.com\\\/es\\\/producto\\\/irp\\\/#primaryimage\"},\"image\":{\"@id\":\"https:\\\/\\\/www.donadonsdd.com\\\/es\\\/producto\\\/irp\\\/#primaryimage\"},\"thumbnailUrl\":\"https:\\\/\\\/www.donadonsdd.com\\\/wp-content\\\/uploads\\\/2025\\\/12\\\/img_136-remove-background.com_.png\",\"datePublished\":\"2025-12-11T15:54:38+00:00\",\"dateModified\":\"2026-02-27T23:22:50+00:00\",\"description\":\"Indicador el\u00e9ctrico de rotura para la detecci\u00f3n de apertura de paneles de venteo de explosiones. Integrado durante la fabricaci\u00f3n del panel, intr\u00ednsecamente seguro, certificado ATEX, adecuado para paneles PSC y PSR.\",\"breadcrumb\":{\"@id\":\"https:\\\/\\\/www.donadonsdd.com\\\/es\\\/producto\\\/irp\\\/#breadcrumb\"},\"inLanguage\":\"es\",\"potentialAction\":[{\"@type\":\"ReadAction\",\"target\":[\"https:\\\/\\\/www.donadonsdd.com\\\/es\\\/producto\\\/irp\\\/\"]}]},{\"@type\":\"ImageObject\",\"inLanguage\":\"es\",\"@id\":\"https:\\\/\\\/www.donadonsdd.com\\\/es\\\/producto\\\/irp\\\/#primaryimage\",\"url\":\"https:\\\/\\\/www.donadonsdd.com\\\/wp-content\\\/uploads\\\/2025\\\/12\\\/img_136-remove-background.com_.png\",\"contentUrl\":\"https:\\\/\\\/www.donadonsdd.com\\\/wp-content\\\/uploads\\\/2025\\\/12\\\/img_136-remove-background.com_.png\",\"width\":700,\"height\":466},{\"@type\":\"BreadcrumbList\",\"@id\":\"https:\\\/\\\/www.donadonsdd.com\\\/es\\\/producto\\\/irp\\\/#breadcrumb\",\"itemListElement\":[{\"@type\":\"ListItem\",\"position\":1,\"name\":\"HOMEPAGE\",\"item\":\"https:\\\/\\\/www.donadonsdd.com\\\/es\\\/\"},{\"@type\":\"ListItem\",\"position\":2,\"name\":\"Indicadores de rotura IRP &#8211; Detecci\u00f3n de precisi\u00f3n para paneles de ventilaci\u00f3n\"}]},{\"@type\":\"WebSite\",\"@id\":\"https:\\\/\\\/www.donadonsdd.com\\\/es\\\/#website\",\"url\":\"https:\\\/\\\/www.donadonsdd.com\\\/es\\\/\",\"name\":\"DonadonSDD Srl\",\"description\":\"\",\"publisher\":{\"@id\":\"https:\\\/\\\/www.donadonsdd.com\\\/es\\\/#organization\"},\"potentialAction\":[{\"@type\":\"SearchAction\",\"target\":{\"@type\":\"EntryPoint\",\"urlTemplate\":\"https:\\\/\\\/www.donadonsdd.com\\\/es\\\/?s={search_term_string}\"},\"query-input\":{\"@type\":\"PropertyValueSpecification\",\"valueRequired\":true,\"valueName\":\"search_term_string\"}}],\"inLanguage\":\"es\"},{\"@type\":\"Organization\",\"@id\":\"https:\\\/\\\/www.donadonsdd.com\\\/es\\\/#organization\",\"name\":\"DonadonSDD Srl\",\"url\":\"https:\\\/\\\/www.donadonsdd.com\\\/es\\\/\",\"logo\":{\"@type\":\"ImageObject\",\"inLanguage\":\"es\",\"@id\":\"https:\\\/\\\/www.donadonsdd.com\\\/es\\\/#\\\/schema\\\/logo\\\/image\\\/\",\"url\":\"https:\\\/\\\/www.donadonsdd.com\\\/wp-content\\\/uploads\\\/2025\\\/11\\\/donadonsdd-logo.png\",\"contentUrl\":\"https:\\\/\\\/www.donadonsdd.com\\\/wp-content\\\/uploads\\\/2025\\\/11\\\/donadonsdd-logo.png\",\"width\":544,\"height\":96,\"caption\":\"DonadonSDD Srl\"},\"image\":{\"@id\":\"https:\\\/\\\/www.donadonsdd.com\\\/es\\\/#\\\/schema\\\/logo\\\/image\\\/\"}}]}<\/script>\n<!-- \/ Yoast SEO plugin. -->","yoast_head_json":{"title":"Indicador el\u00e9ctrico de rotura para paneles de venteo de explosiones - IRP","description":"Indicador el\u00e9ctrico de rotura para la detecci\u00f3n de apertura de paneles de venteo de explosiones. Integrado durante la fabricaci\u00f3n del panel, intr\u00ednsecamente seguro, certificado ATEX, adecuado para paneles PSC y PSR.","robots":{"index":"index","follow":"follow","max-snippet":"max-snippet:-1","max-image-preview":"max-image-preview:large","max-video-preview":"max-video-preview:-1"},"canonical":"https:\/\/www.donadonsdd.com\/es\/producto\/irp\/","og_locale":"es_ES","og_type":"article","og_title":"Indicador el\u00e9ctrico de rotura para paneles de venteo de explosiones - IRP","og_description":"Indicador el\u00e9ctrico de rotura para la detecci\u00f3n de apertura de paneles de venteo de explosiones. Integrado durante la fabricaci\u00f3n del panel, intr\u00ednsecamente seguro, certificado ATEX, adecuado para paneles PSC y PSR.","og_url":"https:\/\/www.donadonsdd.com\/es\/producto\/irp\/","og_site_name":"DonadonSDD Srl","article_modified_time":"2026-02-27T23:22:50+00:00","og_image":[{"width":700,"height":466,"url":"https:\/\/www.donadonsdd.com\/wp-content\/uploads\/2025\/12\/img_136-remove-background.com_.png","type":"image\/png"}],"twitter_card":"summary_large_image","twitter_misc":{"Tiempo de lectura":"1 minuto"},"schema":{"@context":"https:\/\/schema.org","@graph":[{"@type":"WebPage","@id":"https:\/\/www.donadonsdd.com\/es\/producto\/irp\/","url":"https:\/\/www.donadonsdd.com\/es\/producto\/irp\/","name":"Indicador el\u00e9ctrico de rotura para paneles de venteo de explosiones - IRP","isPartOf":{"@id":"https:\/\/www.donadonsdd.com\/es\/#website"},"primaryImageOfPage":{"@id":"https:\/\/www.donadonsdd.com\/es\/producto\/irp\/#primaryimage"},"image":{"@id":"https:\/\/www.donadonsdd.com\/es\/producto\/irp\/#primaryimage"},"thumbnailUrl":"https:\/\/www.donadonsdd.com\/wp-content\/uploads\/2025\/12\/img_136-remove-background.com_.png","datePublished":"2025-12-11T15:54:38+00:00","dateModified":"2026-02-27T23:22:50+00:00","description":"Indicador el\u00e9ctrico de rotura para la detecci\u00f3n de apertura de paneles de venteo de explosiones. Integrado durante la fabricaci\u00f3n del panel, intr\u00ednsecamente seguro, certificado ATEX, adecuado para paneles PSC y PSR.","breadcrumb":{"@id":"https:\/\/www.donadonsdd.com\/es\/producto\/irp\/#breadcrumb"},"inLanguage":"es","potentialAction":[{"@type":"ReadAction","target":["https:\/\/www.donadonsdd.com\/es\/producto\/irp\/"]}]},{"@type":"ImageObject","inLanguage":"es","@id":"https:\/\/www.donadonsdd.com\/es\/producto\/irp\/#primaryimage","url":"https:\/\/www.donadonsdd.com\/wp-content\/uploads\/2025\/12\/img_136-remove-background.com_.png","contentUrl":"https:\/\/www.donadonsdd.com\/wp-content\/uploads\/2025\/12\/img_136-remove-background.com_.png","width":700,"height":466},{"@type":"BreadcrumbList","@id":"https:\/\/www.donadonsdd.com\/es\/producto\/irp\/#breadcrumb","itemListElement":[{"@type":"ListItem","position":1,"name":"HOMEPAGE","item":"https:\/\/www.donadonsdd.com\/es\/"},{"@type":"ListItem","position":2,"name":"Indicadores de rotura IRP &#8211; Detecci\u00f3n de precisi\u00f3n para paneles de ventilaci\u00f3n"}]},{"@type":"WebSite","@id":"https:\/\/www.donadonsdd.com\/es\/#website","url":"https:\/\/www.donadonsdd.com\/es\/","name":"DonadonSDD Srl","description":"","publisher":{"@id":"https:\/\/www.donadonsdd.com\/es\/#organization"},"potentialAction":[{"@type":"SearchAction","target":{"@type":"EntryPoint","urlTemplate":"https:\/\/www.donadonsdd.com\/es\/?s={search_term_string}"},"query-input":{"@type":"PropertyValueSpecification","valueRequired":true,"valueName":"search_term_string"}}],"inLanguage":"es"},{"@type":"Organization","@id":"https:\/\/www.donadonsdd.com\/es\/#organization","name":"DonadonSDD Srl","url":"https:\/\/www.donadonsdd.com\/es\/","logo":{"@type":"ImageObject","inLanguage":"es","@id":"https:\/\/www.donadonsdd.com\/es\/#\/schema\/logo\/image\/","url":"https:\/\/www.donadonsdd.com\/wp-content\/uploads\/2025\/11\/donadonsdd-logo.png","contentUrl":"https:\/\/www.donadonsdd.com\/wp-content\/uploads\/2025\/11\/donadonsdd-logo.png","width":544,"height":96,"caption":"DonadonSDD Srl"},"image":{"@id":"https:\/\/www.donadonsdd.com\/es\/#\/schema\/logo\/image\/"}}]}},"toolset-meta":{"toolset-woocommerce-fields":{"_download_limit":{"type":"numeric","raw":""},"_virtual":{"type":"checkbox","raw":""},"_downloadable":{"type":"checkbox","raw":""},"_download_expiry":{"type":"numeric","raw":""},"_download_type":{"type":"radio","raw":""},"_regular_price":{"type":"numeric","raw":""},"_sale_price":{"type":"numeric","raw":""},"_sale_price_dates_from":{"type":"date","raw":"","formatted":null},"_sale_price_dates_to":{"type":"date","raw":"","formatted":null},"_sku":{"type":"textfield","raw":""},"_manage_stock":{"type":"checkbox","raw":""},"_stock_status":{"type":"radio","raw":""},"_stock":{"type":"numeric","raw":""},"_backorders":{"type":"radio","raw":""},"_sold_individually":{"type":"checkbox","raw":""},"_width":{"type":"numeric","raw":""},"_weight":{"type":"numeric","raw":""},"_length":{"type":"numeric","raw":""},"_purchase_note":{"type":"textarea","raw":""}},"infografica":{"operation-ratio":{"type":"textfield","raw":""},"non-fragmenting":{"type":"textfield","raw":""},"vacumm-resistant":{"type":"textfield","raw":""},"sanitary":{"type":"textfield","raw":""},"liquid":{"type":"textfield","raw":""},"vapor-gas":{"type":"textfield","raw":""},"ferrules":{"type":"textfield","raw":""}},"dettagli-prodotto":{"immagini-prodotto":{"type":"image","raw":["https:\/\/www.donadonsdd.com\/wp-content\/uploads\/2025\/12\/img_136-remove-background.com_.png"],"repeatable":[{"raw":"https:\/\/www.donadonsdd.com\/wp-content\/uploads\/2025\/12\/img_136-remove-background.com_.png","attachment_id":10274}]},"tabella-specifiche":{"type":"wysiwyg","raw":"MODELO | IRP;\nTEMPERATURA DE FUNCIONAMIENTO | De -20\u00b0C a +300\u00b0C;\nMEMBRANA DE ENCAPSULAMIENTO | Poliamida (Kapton\u00ae);\nCIRCUITO IMPRESO | Cobre;\nTENSI\u00d3N M\u00c1XIMA DE ALIMENTACI\u00d3N | 24 V CC;\nCORRIENTE M\u00c1XIMA DE ALIMENTACI\u00d3N | 50 mA;\nCABLE | Est\u00e1ndar, 2 m;\nPANELES DE VENTILACI\u00d3N DE EXPLOSIONES | <a href=\"https:\/\/www.donadonsdd.com\/es\/producto\/psc\/\">PSC<\/a>, <a href=\"https:\/\/www.donadonsdd.com\/es\/producto\/psr\/\">PSR<\/a>;"}}},"_links":{"self":[{"href":"https:\/\/www.donadonsdd.com\/es\/wp-json\/wp\/v2\/product\/6048","targetHints":{"allow":["GET"]}}],"collection":[{"href":"https:\/\/www.donadonsdd.com\/es\/wp-json\/wp\/v2\/product"}],"about":[{"href":"https:\/\/www.donadonsdd.com\/es\/wp-json\/wp\/v2\/types\/product"}],"wp:featuredmedia":[{"embeddable":true,"href":"https:\/\/www.donadonsdd.com\/es\/wp-json\/wp\/v2\/media\/10274"}],"wp:attachment":[{"href":"https:\/\/www.donadonsdd.com\/es\/wp-json\/wp\/v2\/media?parent=6048"}],"wp:term":[{"taxonomy":"categoria_prodotto","embeddable":true,"href":"https:\/\/www.donadonsdd.com\/es\/wp-json\/wp\/v2\/categoria_prodotto?post=6048"}],"curies":[{"name":"wp","href":"https:\/\/api.w.org\/{rel}","templated":true}]}}