{"id":6054,"date":"2025-12-11T14:10:11","date_gmt":"2025-12-11T13:10:11","guid":{"rendered":"https:\/\/www.donadonsdd.com\/product\/soportes-hip-hrp-garantizar-la-maxima-fiabilidad-de-los-discos-de-ruptura\/"},"modified":"2026-02-28T00:32:52","modified_gmt":"2026-02-27T23:32:52","slug":"hip-hrp","status":"publish","type":"product","link":"https:\/\/www.donadonsdd.com\/es\/producto\/hip-hrp\/","title":{"rendered":"Soportes HIP\/HRP &#8211; Garantizar la m\u00e1xima fiabilidad de los discos de ruptura"},"content":{"rendered":"<p>Los soportes HIP\/HRP est\u00e1n dise\u00f1ados espec\u00edficamente para garantizar la m\u00e1xima fiabilidad, optimizar el flujo (debido a la apertura \u00f3ptima de los discos de ruptura), asegurar una orientaci\u00f3n adecuada en el sistema de tuber\u00edas, proporcionar un cierre herm\u00e9tico y evitar la fragmentaci\u00f3n de los discos de ruptura DonadonSDD.<\/p>\n<p>Normalmente, un soporte de disco de ruptura es una unidad de dos piezas formada por una brida base (entrada) y una brida de sujeci\u00f3n (salida). La cara del soporte est\u00e1 mecanizada para sujetar el disco de ruptura y forma un cierre herm\u00e9tico metal-metal. <\/p>\n<p>Esto evita que el disco de ruptura se da\u00f1e y permite escenarios de inspecci\u00f3n ilimitados (retirada temporal del disco de ruptura para inspecci\u00f3n visual)<br \/>\nEstos soportes se montan entre bridas y el dise\u00f1o preapretado garantiza una instalaci\u00f3n f\u00e1cil, incluso en situaciones en las que se requiere acceso horizontal a la tuber\u00eda. El prop\u00f3sito de los dise\u00f1os de soportes preapretados es permitir que los discos de ruptura se instalen y luego se \u00abaprieten\u00bb a los niveles de carga est\u00e1tica recomendados, asegurando la sujeci\u00f3n adecuada del disco de ruptura dentro del conjunto. Esto puede hacerse en un banco de trabajo y no sobre el terreno, donde las condiciones pueden no ser las ideales, lo que reduce en gran medida la posibilidad de errores de montaje. Una vez ensamblado, el conjunto del disco de ruptura puede enviarse a la ubicaci\u00f3n de campo e instalarse entre las bridas compa\u00f1eras de<br \/>\n, donde las cargas de par adicionales aplicadas son esenciales para el correcto funcionamiento del conjunto. Estos conjuntos tambi\u00e9n pueden desmontarse, inspeccionarse y sustituirse durante los programas de mantenimiento rutinario y las paradas de la planta sin comprometer el rendimiento del disco, siempre que no se desmonte el disco.    <\/p>\n<h2>Caracter\u00edsticas principales y ventajas t\u00e9cnicas<\/h2>\n<ul>\n<li>Los soportes HIP y HRP ofrecen ventajas como la instalaci\u00f3n sencilla, la verificaci\u00f3n de la instalaci\u00f3n correcta y la opci\u00f3n de verificaci\u00f3n en laboratorio y premontaje con discos de ruptura.<\/li>\n<li>Di\u00e1metro interno dimensionado para permitir la apertura total del disco y la transmisi\u00f3n total en la zona de descarga m\u00ednima.<\/li>\n<li>Di\u00e1metro exterior tangente a los pernos para facilitar el centrado entre bridas.<\/li>\n<li>El dise\u00f1o de doble ranura fresada evita la instalaci\u00f3n incorrecta de los discos de ruptura.<\/li>\n<li>Los soportes HRA protegen la c\u00fapula de los discos de acci\u00f3n inversa, como los modelos SCR, Y90 y KRD.<\/li>\n<li>Las flechas de flujo del soporte y las etiquetas del disco de ruptura confirman la direcci\u00f3n correcta del flujo.<\/li>\n<li>El acabado superficial reducido entre 125 y 250 micropulgadas (de 3,2 a 6,3 micr\u00f3metros) est\u00e1 disponible bajo pedido.<\/li>\n<li>Acabado frontal machihembrado (seg\u00fan DIN EN 1092-1) disponible bajo pedido<\/li>\n<li>Hay disponibles conexiones de grifo de man\u00f3metro (1\/4&#8243; o \u00bd\u00bb) NPT bajo pedido.<\/li>\n<\/ul>\n<h2>\u00bfPor qu\u00e9 elegir DonadonSDD?<\/h2>\n<ul>\n<li>Los soportes HIP y HRP permiten verificar c\u00f3modamente la correcta instalaci\u00f3n, garantizando un montaje preciso y seguro de los discos de ruptura.<\/li>\n<li>A petici\u00f3n del cliente, DonadonSDD puede verificar los portadiscos HIP y HRP y suministrarlos premontados con sus propios discos de ruptura, listos para su inserci\u00f3n directa en la planta.<\/li>\n<li>Nuestros soportes son personalizables y pueden fabricarse para cumplir una amplia gama de normas internacionales sobre bridas, incluidas, entre otras, EN 1092-1 (Norma Europea), ASME (Sociedad Americana de Ingenieros Mec\u00e1nicos), ANSI (Instituto Nacional Americano de Normas), BS (Normas Brit\u00e1nicas), AS (Normas Australianas), SABS (Oficina Sudafricana de Normas) y JIS (Normas Industriales Japonesas). Esto garantiza que nuestros productos cumplen los requisitos diversos y espec\u00edficos de nuestros clientes. <\/li>\n<li>Existen opciones de junta t\u00f3rica que ofrecen un mejor rendimiento de estanqueidad para aplicaciones de alta integridad, como las relacionadas con el hidr\u00f3geno o en el \u00e1mbito nuclear.<\/li>\n<li>Disponibles en una amplia gama de tama\u00f1os, configuraciones y materiales est\u00e1ndar (acero al carbono, acero inoxidable 316L y 304L, aleaci\u00f3n 201, aleaci\u00f3n 400, aleaci\u00f3n 625, aleaci\u00f3n C276 y m\u00e1s).<\/li>\n<li>Existen tratamientos especiales, como el revestimiento de PFA, que ofrecen una excelente resistencia qu\u00edmica y propiedades antiadherentes.<\/li>\n<li>Los soportes pueden adaptarse para contener todo el p\u00e9talo o p\u00e9talos en la abertura del disco, garantizando un rendimiento \u00f3ptimo (recomendado cuando se instala directamente debajo de las v\u00e1lvulas de alivio).<\/li>\n<\/ul>\n","protected":false},"excerpt":{"rendered":"<p>Los soportes HIP\/HRP est\u00e1n dise\u00f1ados espec\u00edficamente para garantizar la m\u00e1xima fiabilidad, optimizar el flujo (debido a la apertura \u00f3ptima de los discos de ruptura), asegurar una orientaci\u00f3n adecuada en el sistema de tuber\u00edas, proporcionar un cierre herm\u00e9tico y evitar la fragmentaci\u00f3n de los discos de ruptura DonadonSDD. Normalmente, un soporte de disco de ruptura es [&hellip;]<\/p>\n","protected":false},"featured_media":10298,"menu_order":0,"template":"","meta":{"_acf_changed":false},"categoria_prodotto":[90,79],"class_list":["post-6054","product","type-product","status-publish","has-post-thumbnail","hentry","categoria_prodotto-holders","categoria_prodotto-rupture-discs"],"acf":[],"yoast_head":"<!-- This site is optimized with the Yoast SEO plugin v27.3 - https:\/\/yoast.com\/product\/yoast-seo-wordpress\/ -->\n<title>Soportes de discos de ruptura pretaladrados para discos de avance y retroceso - HIP \/ HRP<\/title>\n<meta name=\"description\" content=\"Soportes de disco de ruptura de dos piezas preajustados, instalados entre bridas. Dise\u00f1ados para garantizar la orientaci\u00f3n correcta del disco, la apertura total y un sellado metal-metal fiable, reduciendo la variabilidad de la instalaci\u00f3n.\" \/>\n<meta name=\"robots\" content=\"index, follow, max-snippet:-1, max-image-preview:large, max-video-preview:-1\" \/>\n<link rel=\"canonical\" href=\"https:\/\/www.donadonsdd.com\/es\/producto\/hip-hrp\/\" \/>\n<meta property=\"og:locale\" content=\"es_ES\" \/>\n<meta property=\"og:type\" content=\"article\" \/>\n<meta property=\"og:title\" content=\"Soportes de discos de ruptura pretaladrados para discos de avance y retroceso - HIP \/ HRP\" \/>\n<meta property=\"og:description\" content=\"Soportes de disco de ruptura de dos piezas preajustados, instalados entre bridas. Dise\u00f1ados para garantizar la orientaci\u00f3n correcta del disco, la apertura total y un sellado metal-metal fiable, reduciendo la variabilidad de la instalaci\u00f3n.\" \/>\n<meta property=\"og:url\" content=\"https:\/\/www.donadonsdd.com\/es\/producto\/hip-hrp\/\" \/>\n<meta property=\"og:site_name\" content=\"DonadonSDD Srl\" \/>\n<meta property=\"article:modified_time\" content=\"2026-02-27T23:32:52+00:00\" \/>\n<meta property=\"og:image\" content=\"https:\/\/www.donadonsdd.com\/wp-content\/uploads\/2025\/12\/img_143-remove-background.com_.png\" \/>\n\t<meta property=\"og:image:width\" content=\"700\" \/>\n\t<meta property=\"og:image:height\" content=\"466\" \/>\n\t<meta property=\"og:image:type\" content=\"image\/png\" \/>\n<meta name=\"twitter:card\" content=\"summary_large_image\" \/>\n<meta name=\"twitter:label1\" content=\"Tiempo de lectura\" \/>\n\t<meta name=\"twitter:data1\" content=\"4 minuto\" \/>\n<script type=\"application\/ld+json\" class=\"yoast-schema-graph\">{\"@context\":\"https:\\\/\\\/schema.org\",\"@graph\":[{\"@type\":\"WebPage\",\"@id\":\"https:\\\/\\\/www.donadonsdd.com\\\/es\\\/producto\\\/hip-hrp\\\/\",\"url\":\"https:\\\/\\\/www.donadonsdd.com\\\/es\\\/producto\\\/hip-hrp\\\/\",\"name\":\"Soportes de discos de ruptura pretaladrados para discos de avance y retroceso - HIP \\\/ HRP\",\"isPartOf\":{\"@id\":\"https:\\\/\\\/www.donadonsdd.com\\\/es\\\/#website\"},\"primaryImageOfPage\":{\"@id\":\"https:\\\/\\\/www.donadonsdd.com\\\/es\\\/producto\\\/hip-hrp\\\/#primaryimage\"},\"image\":{\"@id\":\"https:\\\/\\\/www.donadonsdd.com\\\/es\\\/producto\\\/hip-hrp\\\/#primaryimage\"},\"thumbnailUrl\":\"https:\\\/\\\/www.donadonsdd.com\\\/wp-content\\\/uploads\\\/2025\\\/12\\\/img_143-remove-background.com_.png\",\"datePublished\":\"2025-12-11T13:10:11+00:00\",\"dateModified\":\"2026-02-27T23:32:52+00:00\",\"description\":\"Soportes de disco de ruptura de dos piezas preajustados, instalados entre bridas. Dise\u00f1ados para garantizar la orientaci\u00f3n correcta del disco, la apertura total y un sellado metal-metal fiable, reduciendo la variabilidad de la instalaci\u00f3n.\",\"breadcrumb\":{\"@id\":\"https:\\\/\\\/www.donadonsdd.com\\\/es\\\/producto\\\/hip-hrp\\\/#breadcrumb\"},\"inLanguage\":\"es\",\"potentialAction\":[{\"@type\":\"ReadAction\",\"target\":[\"https:\\\/\\\/www.donadonsdd.com\\\/es\\\/producto\\\/hip-hrp\\\/\"]}]},{\"@type\":\"ImageObject\",\"inLanguage\":\"es\",\"@id\":\"https:\\\/\\\/www.donadonsdd.com\\\/es\\\/producto\\\/hip-hrp\\\/#primaryimage\",\"url\":\"https:\\\/\\\/www.donadonsdd.com\\\/wp-content\\\/uploads\\\/2025\\\/12\\\/img_143-remove-background.com_.png\",\"contentUrl\":\"https:\\\/\\\/www.donadonsdd.com\\\/wp-content\\\/uploads\\\/2025\\\/12\\\/img_143-remove-background.com_.png\",\"width\":700,\"height\":466},{\"@type\":\"BreadcrumbList\",\"@id\":\"https:\\\/\\\/www.donadonsdd.com\\\/es\\\/producto\\\/hip-hrp\\\/#breadcrumb\",\"itemListElement\":[{\"@type\":\"ListItem\",\"position\":1,\"name\":\"HOMEPAGE\",\"item\":\"https:\\\/\\\/www.donadonsdd.com\\\/es\\\/\"},{\"@type\":\"ListItem\",\"position\":2,\"name\":\"Soportes HIP\\\/HRP &#8211; Garantizar la m\u00e1xima fiabilidad de los discos de ruptura\"}]},{\"@type\":\"WebSite\",\"@id\":\"https:\\\/\\\/www.donadonsdd.com\\\/es\\\/#website\",\"url\":\"https:\\\/\\\/www.donadonsdd.com\\\/es\\\/\",\"name\":\"DonadonSDD Srl\",\"description\":\"\",\"publisher\":{\"@id\":\"https:\\\/\\\/www.donadonsdd.com\\\/es\\\/#organization\"},\"potentialAction\":[{\"@type\":\"SearchAction\",\"target\":{\"@type\":\"EntryPoint\",\"urlTemplate\":\"https:\\\/\\\/www.donadonsdd.com\\\/es\\\/?s={search_term_string}\"},\"query-input\":{\"@type\":\"PropertyValueSpecification\",\"valueRequired\":true,\"valueName\":\"search_term_string\"}}],\"inLanguage\":\"es\"},{\"@type\":\"Organization\",\"@id\":\"https:\\\/\\\/www.donadonsdd.com\\\/es\\\/#organization\",\"name\":\"DonadonSDD Srl\",\"url\":\"https:\\\/\\\/www.donadonsdd.com\\\/es\\\/\",\"logo\":{\"@type\":\"ImageObject\",\"inLanguage\":\"es\",\"@id\":\"https:\\\/\\\/www.donadonsdd.com\\\/es\\\/#\\\/schema\\\/logo\\\/image\\\/\",\"url\":\"https:\\\/\\\/www.donadonsdd.com\\\/wp-content\\\/uploads\\\/2025\\\/11\\\/donadonsdd-logo.png\",\"contentUrl\":\"https:\\\/\\\/www.donadonsdd.com\\\/wp-content\\\/uploads\\\/2025\\\/11\\\/donadonsdd-logo.png\",\"width\":544,\"height\":96,\"caption\":\"DonadonSDD Srl\"},\"image\":{\"@id\":\"https:\\\/\\\/www.donadonsdd.com\\\/es\\\/#\\\/schema\\\/logo\\\/image\\\/\"}}]}<\/script>\n<!-- \/ Yoast SEO plugin. -->","yoast_head_json":{"title":"Soportes de discos de ruptura pretaladrados para discos de avance y retroceso - HIP \/ HRP","description":"Soportes de disco de ruptura de dos piezas preajustados, instalados entre bridas. Dise\u00f1ados para garantizar la orientaci\u00f3n correcta del disco, la apertura total y un sellado metal-metal fiable, reduciendo la variabilidad de la instalaci\u00f3n.","robots":{"index":"index","follow":"follow","max-snippet":"max-snippet:-1","max-image-preview":"max-image-preview:large","max-video-preview":"max-video-preview:-1"},"canonical":"https:\/\/www.donadonsdd.com\/es\/producto\/hip-hrp\/","og_locale":"es_ES","og_type":"article","og_title":"Soportes de discos de ruptura pretaladrados para discos de avance y retroceso - HIP \/ HRP","og_description":"Soportes de disco de ruptura de dos piezas preajustados, instalados entre bridas. Dise\u00f1ados para garantizar la orientaci\u00f3n correcta del disco, la apertura total y un sellado metal-metal fiable, reduciendo la variabilidad de la instalaci\u00f3n.","og_url":"https:\/\/www.donadonsdd.com\/es\/producto\/hip-hrp\/","og_site_name":"DonadonSDD Srl","article_modified_time":"2026-02-27T23:32:52+00:00","og_image":[{"width":700,"height":466,"url":"https:\/\/www.donadonsdd.com\/wp-content\/uploads\/2025\/12\/img_143-remove-background.com_.png","type":"image\/png"}],"twitter_card":"summary_large_image","twitter_misc":{"Tiempo de lectura":"4 minuto"},"schema":{"@context":"https:\/\/schema.org","@graph":[{"@type":"WebPage","@id":"https:\/\/www.donadonsdd.com\/es\/producto\/hip-hrp\/","url":"https:\/\/www.donadonsdd.com\/es\/producto\/hip-hrp\/","name":"Soportes de discos de ruptura pretaladrados para discos de avance y retroceso - HIP \/ HRP","isPartOf":{"@id":"https:\/\/www.donadonsdd.com\/es\/#website"},"primaryImageOfPage":{"@id":"https:\/\/www.donadonsdd.com\/es\/producto\/hip-hrp\/#primaryimage"},"image":{"@id":"https:\/\/www.donadonsdd.com\/es\/producto\/hip-hrp\/#primaryimage"},"thumbnailUrl":"https:\/\/www.donadonsdd.com\/wp-content\/uploads\/2025\/12\/img_143-remove-background.com_.png","datePublished":"2025-12-11T13:10:11+00:00","dateModified":"2026-02-27T23:32:52+00:00","description":"Soportes de disco de ruptura de dos piezas preajustados, instalados entre bridas. Dise\u00f1ados para garantizar la orientaci\u00f3n correcta del disco, la apertura total y un sellado metal-metal fiable, reduciendo la variabilidad de la instalaci\u00f3n.","breadcrumb":{"@id":"https:\/\/www.donadonsdd.com\/es\/producto\/hip-hrp\/#breadcrumb"},"inLanguage":"es","potentialAction":[{"@type":"ReadAction","target":["https:\/\/www.donadonsdd.com\/es\/producto\/hip-hrp\/"]}]},{"@type":"ImageObject","inLanguage":"es","@id":"https:\/\/www.donadonsdd.com\/es\/producto\/hip-hrp\/#primaryimage","url":"https:\/\/www.donadonsdd.com\/wp-content\/uploads\/2025\/12\/img_143-remove-background.com_.png","contentUrl":"https:\/\/www.donadonsdd.com\/wp-content\/uploads\/2025\/12\/img_143-remove-background.com_.png","width":700,"height":466},{"@type":"BreadcrumbList","@id":"https:\/\/www.donadonsdd.com\/es\/producto\/hip-hrp\/#breadcrumb","itemListElement":[{"@type":"ListItem","position":1,"name":"HOMEPAGE","item":"https:\/\/www.donadonsdd.com\/es\/"},{"@type":"ListItem","position":2,"name":"Soportes HIP\/HRP &#8211; Garantizar la m\u00e1xima fiabilidad de los discos de ruptura"}]},{"@type":"WebSite","@id":"https:\/\/www.donadonsdd.com\/es\/#website","url":"https:\/\/www.donadonsdd.com\/es\/","name":"DonadonSDD Srl","description":"","publisher":{"@id":"https:\/\/www.donadonsdd.com\/es\/#organization"},"potentialAction":[{"@type":"SearchAction","target":{"@type":"EntryPoint","urlTemplate":"https:\/\/www.donadonsdd.com\/es\/?s={search_term_string}"},"query-input":{"@type":"PropertyValueSpecification","valueRequired":true,"valueName":"search_term_string"}}],"inLanguage":"es"},{"@type":"Organization","@id":"https:\/\/www.donadonsdd.com\/es\/#organization","name":"DonadonSDD Srl","url":"https:\/\/www.donadonsdd.com\/es\/","logo":{"@type":"ImageObject","inLanguage":"es","@id":"https:\/\/www.donadonsdd.com\/es\/#\/schema\/logo\/image\/","url":"https:\/\/www.donadonsdd.com\/wp-content\/uploads\/2025\/11\/donadonsdd-logo.png","contentUrl":"https:\/\/www.donadonsdd.com\/wp-content\/uploads\/2025\/11\/donadonsdd-logo.png","width":544,"height":96,"caption":"DonadonSDD Srl"},"image":{"@id":"https:\/\/www.donadonsdd.com\/es\/#\/schema\/logo\/image\/"}}]}},"toolset-meta":{"toolset-woocommerce-fields":{"_download_limit":{"type":"numeric","raw":""},"_virtual":{"type":"checkbox","raw":""},"_downloadable":{"type":"checkbox","raw":""},"_download_expiry":{"type":"numeric","raw":""},"_download_type":{"type":"radio","raw":""},"_regular_price":{"type":"numeric","raw":""},"_sale_price":{"type":"numeric","raw":""},"_sale_price_dates_from":{"type":"date","raw":"","formatted":null},"_sale_price_dates_to":{"type":"date","raw":"","formatted":null},"_sku":{"type":"textfield","raw":""},"_manage_stock":{"type":"checkbox","raw":""},"_stock_status":{"type":"radio","raw":""},"_stock":{"type":"numeric","raw":""},"_backorders":{"type":"radio","raw":""},"_sold_individually":{"type":"checkbox","raw":""},"_width":{"type":"numeric","raw":""},"_weight":{"type":"numeric","raw":""},"_length":{"type":"numeric","raw":""},"_purchase_note":{"type":"textarea","raw":""}},"infografica":{"operation-ratio":{"type":"textfield","raw":""},"non-fragmenting":{"type":"textfield","raw":""},"vacumm-resistant":{"type":"textfield","raw":""},"sanitary":{"type":"textfield","raw":""},"liquid":{"type":"textfield","raw":""},"vapor-gas":{"type":"textfield","raw":""},"ferrules":{"type":"textfield","raw":""}},"dettagli-prodotto":{"immagini-prodotto":{"type":"image","raw":["https:\/\/www.donadonsdd.com\/wp-content\/uploads\/2025\/12\/img_143-remove-background.com_.png","https:\/\/www.donadonsdd.com\/wp-content\/uploads\/2025\/12\/img_144.jpg"],"repeatable":[{"raw":"https:\/\/www.donadonsdd.com\/wp-content\/uploads\/2025\/12\/img_143-remove-background.com_.png","attachment_id":10298},{"raw":"https:\/\/www.donadonsdd.com\/wp-content\/uploads\/2025\/12\/img_144.jpg","attachment_id":8030}]},"tabella-specifiche":{"type":"wysiwyg","raw":"<p class=\"p1\">TIPO | HIP | HRP;\nLISTA DE COMPATIBILIDAD DE DISCOS | <a href=\"https:\/\/www.donadonsdd.com\/es\/producto\/dcd-composite\/\">DCD<\/a>, <a href=\"https:\/\/www.donadonsdd.com\/es\/producto\/lpd\/\">LPD<\/a>, <a href=\"https:\/\/www.donadonsdd.com\/es\/producto\/scd\/\">SCD<\/a>, <a href=\"https:\/\/www.donadonsdd.com\/es\/producto\/gr\/\">GR<\/a> | <a href=\"https:\/\/www.donadonsdd.com\/es\/producto\/scr\/\">SCR<\/a>, <a href=\"https:\/\/www.donadonsdd.com\/es\/producto\/y90\/\">Y90<\/a>, <a href=\"https:\/\/www.donadonsdd.com\/es\/producto\/krd\/\">KRD<\/a>;\nDIMENSIONES | De DN15 (\u00bd pulgada) a DN1000 (40 pulgadas);\nACCESORIOS | Espigas, conectores en T, v\u00e1lvula de exceso de caudal, man\u00f3metro;<\/p>"}}},"_links":{"self":[{"href":"https:\/\/www.donadonsdd.com\/es\/wp-json\/wp\/v2\/product\/6054","targetHints":{"allow":["GET"]}}],"collection":[{"href":"https:\/\/www.donadonsdd.com\/es\/wp-json\/wp\/v2\/product"}],"about":[{"href":"https:\/\/www.donadonsdd.com\/es\/wp-json\/wp\/v2\/types\/product"}],"wp:featuredmedia":[{"embeddable":true,"href":"https:\/\/www.donadonsdd.com\/es\/wp-json\/wp\/v2\/media\/10298"}],"wp:attachment":[{"href":"https:\/\/www.donadonsdd.com\/es\/wp-json\/wp\/v2\/media?parent=6054"}],"wp:term":[{"taxonomy":"categoria_prodotto","embeddable":true,"href":"https:\/\/www.donadonsdd.com\/es\/wp-json\/wp\/v2\/categoria_prodotto?post=6054"}],"curies":[{"name":"wp","href":"https:\/\/api.w.org\/{rel}","templated":true}]}}