{"id":6078,"date":"2025-12-11T14:13:27","date_gmt":"2025-12-11T13:13:27","guid":{"rendered":"https:\/\/www.donadonsdd.com\/product\/discos-de-ruptura-sanitarios-krd-proteccion-avanzada-contra-la-presion-para-industrias-higienicas\/"},"modified":"2026-02-28T00:48:54","modified_gmt":"2026-02-27T23:48:54","slug":"krd-sanitary","status":"publish","type":"product","link":"https:\/\/www.donadonsdd.com\/es\/producto\/krd-sanitary\/","title":{"rendered":"Discos de ruptura sanitarios KRD &#8211; Protecci\u00f3n avanzada contra la presi\u00f3n para industrias higi\u00e9nicas"},"content":{"rendered":"<p>Los discos de ruptura de acci\u00f3n inversa KRD de DonadonSDD son dispositivos de seguridad cr\u00edticos que protegen tu planta industrial evitando aumentos bruscos de presi\u00f3n. Los discos de ruptura de acci\u00f3n inversa tienen una curvatura convexa que permanece inalterada bajo la presi\u00f3n de funcionamiento hasta que se alcanza la presi\u00f3n inversa, lo que puede garantizar una larga vida \u00fatil. Los discos de ruptura DonadonSDD KRD utilizan tecnolog\u00eda sectorial avanzada y proporcionan una protecci\u00f3n espec\u00edfica y precisa en las aplicaciones m\u00e1s exigentes, lo que convierte a los discos de ruptura DonadonSDD KRD en una opci\u00f3n de seguridad \u00f3ptima para plantas que se enfrentan a condiciones extremas. Su dise\u00f1o espec\u00edfico hace que el KRD sea ideal para ofrecer protecci\u00f3n contra la presi\u00f3n a equipos en los que hay fluido totalmente l\u00edquido. <\/p>\n<h2>Caracter\u00edsticas principales y ventajas t\u00e9cnicas<\/h2>\n<h3>Dise\u00f1o de vanguardia:<\/h3>\n<p>Especialmente adecuado para las industrias Farmac\u00e9utica, Alimentaria y Biotecnol\u00f3gica, y representa lo avanzado para estos sectores.<\/p>\n<h3>Juntas certificadas por la FDA:<\/h3>\n<p>Las juntas de PTFE, certificadas conforme a las normativas FDA y USP clase VI, 3-A, y Eu 10\/2011, facilitan la instalaci\u00f3n en accesorios Clamp (sanitarios, Tri-Clamp, Tank Connection).<\/p>\n<h3>Aplicaciones higi\u00e9nicas:<\/h3>\n<p>Dise\u00f1ado para cumplir las normas de alta calidad exigidas por 3-A SSI, GMP y MOCA para garantizar la salud p\u00fablica mediante equipos higi\u00e9nicos.<\/p>\n<h3>Altos est\u00e1ndares de certificaci\u00f3n:<\/h3>\n<p>Nuestros discos de ruptura KRD han obtenido las certificaciones m\u00e1s exigentes, como ASME XIII (Sello UD), PED 2014\/68\/UE (Sello CE), ATEX EX II 2 GD (Sello CE), PER 2016 UK Statutory Instruments 2016 No 1105 (Sello UKCA) y CU TR 032 (Sello EAC).<\/p>\n<h3>Tecnolog\u00eda avanzada:<\/h3>\n<p>Los discos de ruptura KRD obtenidos mediante nuestra tecnolog\u00eda patentada Laser NS NanoScored son discos de acci\u00f3n inversa con secciones calibradas microranuradas que se abren alrededor de la circunferencia, lo que reduce el riesgo de desprendimiento de los p\u00e9talos.<\/p>\n<h3>Rendimiento fiable:<\/h3>\n<p>Soportan miles de ciclos sin comprometer su fiabilidad, con relaciones de hasta el 95% entre la presi\u00f3n de funcionamiento y la de rotura.<\/p>\n<h3>Ruptura r\u00e1pida no fragmentaria:<\/h3>\n<p>El disco se abre completamente en unos milisegundos a lo largo de una l\u00ednea circunferencial marcada en la parte inferior del disco, evitando as\u00ed la formaci\u00f3n de fragmentos.<\/p>\n<h3>Dise\u00f1o vers\u00e1til:<\/h3>\n<p>Adecuado para presencia de 100% de l\u00edquido, ciclos y condiciones pulsantes sin reducir los m\u00e1rgenes de seguridad.<\/p>\n<h3>Resistente a la corrosi\u00f3n:<\/h3>\n<p>Amplia gama de materiales y opciones de grosor; revestimiento de PTFE o PFA (aprobado por la FDA) disponible para mayor protecci\u00f3n.<\/p>\n<h3>Resistencia a alta presi\u00f3n\/vac\u00edo:<\/h3>\n<p>No requiere soporte de vac\u00edo, evitando restricciones en la zona de descarga; capaz de resistir altas contrapresiones.<\/p>\n<h2>\u00bfPor qu\u00e9 elegir DonadonSDD?<\/h2>\n<ul>\n<li>La tecnolog\u00eda y el dise\u00f1o avanzados garantizan una protecci\u00f3n contra la presi\u00f3n precisa y fiable para las industrias higi\u00e9nicas.<\/li>\n<li>La construcci\u00f3n de acero inoxidable, la superficie lisa y las juntas certificadas por la FDA garantizan altos niveles de higiene y condiciones as\u00e9pticas.<\/li>\n<li>Superficie lisa: El acabado superficial liso (0,2&lt;Ra&lt;0,4 micras) lo hace especialmente adecuado para tratamientos C.I.P. y S.I.P. para mantener las condiciones as\u00e9pticas. Prueba de rugosidad disponible para valores a\u00fan m\u00e1s bajos. <\/li>\n<li>Puede utilizarse con aplicaciones totalmente l\u00edquidas y resiste tanto el vac\u00edo como la alta presi\u00f3n operativa.<\/li>\n<\/ul>\n","protected":false},"excerpt":{"rendered":"<p>Los discos de ruptura de acci\u00f3n inversa KRD de DonadonSDD son dispositivos de seguridad cr\u00edticos que protegen tu planta industrial evitando aumentos bruscos de presi\u00f3n. Los discos de ruptura de acci\u00f3n inversa tienen una curvatura convexa que permanece inalterada bajo la presi\u00f3n de funcionamiento hasta que se alcanza la presi\u00f3n inversa, lo que puede garantizar [&hellip;]<\/p>\n","protected":false},"featured_media":10294,"menu_order":0,"template":"","meta":{"_acf_changed":false},"categoria_prodotto":[86,79,84],"class_list":["post-6078","product","type-product","status-publish","has-post-thumbnail","hentry","categoria_prodotto-reverse-acting","categoria_prodotto-rupture-discs","categoria_prodotto-sanitary"],"acf":[],"yoast_head":"<!-- This site is optimized with the Yoast SEO plugin v27.3 - https:\/\/yoast.com\/product\/yoast-seo-wordpress\/ -->\n<title>Disco de ruptura de pandeo inverso sanitario - KRD<\/title>\n<meta name=\"description\" content=\"Disco de ruptura sanitario de acci\u00f3n inversa para aplicaciones farmac\u00e9uticas, alimentarias y biotecnol\u00f3gicas. Alta resistencia a los ciclos y dise\u00f1o predecible que no se fragmenta, relaci\u00f3n de funcionamiento de hasta el 95%, conforme con ASME y PED, certificado 3-A.\" \/>\n<meta name=\"robots\" content=\"index, follow, max-snippet:-1, max-image-preview:large, max-video-preview:-1\" \/>\n<link rel=\"canonical\" href=\"https:\/\/www.donadonsdd.com\/es\/producto\/krd-sanitary\/\" \/>\n<meta property=\"og:locale\" content=\"es_ES\" \/>\n<meta property=\"og:type\" content=\"article\" \/>\n<meta property=\"og:title\" content=\"Disco de ruptura de pandeo inverso sanitario - KRD\" \/>\n<meta property=\"og:description\" content=\"Disco de ruptura sanitario de acci\u00f3n inversa para aplicaciones farmac\u00e9uticas, alimentarias y biotecnol\u00f3gicas. Alta resistencia a los ciclos y dise\u00f1o predecible que no se fragmenta, relaci\u00f3n de funcionamiento de hasta el 95%, conforme con ASME y PED, certificado 3-A.\" \/>\n<meta property=\"og:url\" content=\"https:\/\/www.donadonsdd.com\/es\/producto\/krd-sanitary\/\" \/>\n<meta property=\"og:site_name\" content=\"DonadonSDD Srl\" \/>\n<meta property=\"article:modified_time\" content=\"2026-02-27T23:48:54+00:00\" \/>\n<meta property=\"og:image\" content=\"https:\/\/www.donadonsdd.com\/wp-content\/uploads\/2025\/12\/donadon-78.png\" \/>\n\t<meta property=\"og:image:width\" content=\"1800\" \/>\n\t<meta property=\"og:image:height\" content=\"1200\" \/>\n\t<meta property=\"og:image:type\" content=\"image\/png\" \/>\n<meta name=\"twitter:card\" content=\"summary_large_image\" \/>\n<meta name=\"twitter:label1\" content=\"Tiempo de lectura\" \/>\n\t<meta name=\"twitter:data1\" content=\"3 minuto\" \/>\n<script type=\"application\/ld+json\" class=\"yoast-schema-graph\">{\"@context\":\"https:\\\/\\\/schema.org\",\"@graph\":[{\"@type\":\"WebPage\",\"@id\":\"https:\\\/\\\/www.donadonsdd.com\\\/es\\\/producto\\\/krd-sanitary\\\/\",\"url\":\"https:\\\/\\\/www.donadonsdd.com\\\/es\\\/producto\\\/krd-sanitary\\\/\",\"name\":\"Disco de ruptura de pandeo inverso sanitario - KRD\",\"isPartOf\":{\"@id\":\"https:\\\/\\\/www.donadonsdd.com\\\/es\\\/#website\"},\"primaryImageOfPage\":{\"@id\":\"https:\\\/\\\/www.donadonsdd.com\\\/es\\\/producto\\\/krd-sanitary\\\/#primaryimage\"},\"image\":{\"@id\":\"https:\\\/\\\/www.donadonsdd.com\\\/es\\\/producto\\\/krd-sanitary\\\/#primaryimage\"},\"thumbnailUrl\":\"https:\\\/\\\/www.donadonsdd.com\\\/wp-content\\\/uploads\\\/2025\\\/12\\\/donadon-78.png\",\"datePublished\":\"2025-12-11T13:13:27+00:00\",\"dateModified\":\"2026-02-27T23:48:54+00:00\",\"description\":\"Disco de ruptura sanitario de acci\u00f3n inversa para aplicaciones farmac\u00e9uticas, alimentarias y biotecnol\u00f3gicas. Alta resistencia a los ciclos y dise\u00f1o predecible que no se fragmenta, relaci\u00f3n de funcionamiento de hasta el 95%, conforme con ASME y PED, certificado 3-A.\",\"breadcrumb\":{\"@id\":\"https:\\\/\\\/www.donadonsdd.com\\\/es\\\/producto\\\/krd-sanitary\\\/#breadcrumb\"},\"inLanguage\":\"es\",\"potentialAction\":[{\"@type\":\"ReadAction\",\"target\":[\"https:\\\/\\\/www.donadonsdd.com\\\/es\\\/producto\\\/krd-sanitary\\\/\"]}]},{\"@type\":\"ImageObject\",\"inLanguage\":\"es\",\"@id\":\"https:\\\/\\\/www.donadonsdd.com\\\/es\\\/producto\\\/krd-sanitary\\\/#primaryimage\",\"url\":\"https:\\\/\\\/www.donadonsdd.com\\\/wp-content\\\/uploads\\\/2025\\\/12\\\/donadon-78.png\",\"contentUrl\":\"https:\\\/\\\/www.donadonsdd.com\\\/wp-content\\\/uploads\\\/2025\\\/12\\\/donadon-78.png\",\"width\":1800,\"height\":1200},{\"@type\":\"BreadcrumbList\",\"@id\":\"https:\\\/\\\/www.donadonsdd.com\\\/es\\\/producto\\\/krd-sanitary\\\/#breadcrumb\",\"itemListElement\":[{\"@type\":\"ListItem\",\"position\":1,\"name\":\"HOMEPAGE\",\"item\":\"https:\\\/\\\/www.donadonsdd.com\\\/es\\\/\"},{\"@type\":\"ListItem\",\"position\":2,\"name\":\"Discos de ruptura sanitarios KRD &#8211; Protecci\u00f3n avanzada contra la presi\u00f3n para industrias higi\u00e9nicas\"}]},{\"@type\":\"WebSite\",\"@id\":\"https:\\\/\\\/www.donadonsdd.com\\\/es\\\/#website\",\"url\":\"https:\\\/\\\/www.donadonsdd.com\\\/es\\\/\",\"name\":\"DonadonSDD Srl\",\"description\":\"\",\"publisher\":{\"@id\":\"https:\\\/\\\/www.donadonsdd.com\\\/es\\\/#organization\"},\"potentialAction\":[{\"@type\":\"SearchAction\",\"target\":{\"@type\":\"EntryPoint\",\"urlTemplate\":\"https:\\\/\\\/www.donadonsdd.com\\\/es\\\/?s={search_term_string}\"},\"query-input\":{\"@type\":\"PropertyValueSpecification\",\"valueRequired\":true,\"valueName\":\"search_term_string\"}}],\"inLanguage\":\"es\"},{\"@type\":\"Organization\",\"@id\":\"https:\\\/\\\/www.donadonsdd.com\\\/es\\\/#organization\",\"name\":\"DonadonSDD Srl\",\"url\":\"https:\\\/\\\/www.donadonsdd.com\\\/es\\\/\",\"logo\":{\"@type\":\"ImageObject\",\"inLanguage\":\"es\",\"@id\":\"https:\\\/\\\/www.donadonsdd.com\\\/es\\\/#\\\/schema\\\/logo\\\/image\\\/\",\"url\":\"https:\\\/\\\/www.donadonsdd.com\\\/wp-content\\\/uploads\\\/2025\\\/11\\\/donadonsdd-logo.png\",\"contentUrl\":\"https:\\\/\\\/www.donadonsdd.com\\\/wp-content\\\/uploads\\\/2025\\\/11\\\/donadonsdd-logo.png\",\"width\":544,\"height\":96,\"caption\":\"DonadonSDD Srl\"},\"image\":{\"@id\":\"https:\\\/\\\/www.donadonsdd.com\\\/es\\\/#\\\/schema\\\/logo\\\/image\\\/\"}}]}<\/script>\n<!-- \/ Yoast SEO plugin. -->","yoast_head_json":{"title":"Disco de ruptura de pandeo inverso sanitario - KRD","description":"Disco de ruptura sanitario de acci\u00f3n inversa para aplicaciones farmac\u00e9uticas, alimentarias y biotecnol\u00f3gicas. Alta resistencia a los ciclos y dise\u00f1o predecible que no se fragmenta, relaci\u00f3n de funcionamiento de hasta el 95%, conforme con ASME y PED, certificado 3-A.","robots":{"index":"index","follow":"follow","max-snippet":"max-snippet:-1","max-image-preview":"max-image-preview:large","max-video-preview":"max-video-preview:-1"},"canonical":"https:\/\/www.donadonsdd.com\/es\/producto\/krd-sanitary\/","og_locale":"es_ES","og_type":"article","og_title":"Disco de ruptura de pandeo inverso sanitario - KRD","og_description":"Disco de ruptura sanitario de acci\u00f3n inversa para aplicaciones farmac\u00e9uticas, alimentarias y biotecnol\u00f3gicas. Alta resistencia a los ciclos y dise\u00f1o predecible que no se fragmenta, relaci\u00f3n de funcionamiento de hasta el 95%, conforme con ASME y PED, certificado 3-A.","og_url":"https:\/\/www.donadonsdd.com\/es\/producto\/krd-sanitary\/","og_site_name":"DonadonSDD Srl","article_modified_time":"2026-02-27T23:48:54+00:00","og_image":[{"width":1800,"height":1200,"url":"https:\/\/www.donadonsdd.com\/wp-content\/uploads\/2025\/12\/donadon-78.png","type":"image\/png"}],"twitter_card":"summary_large_image","twitter_misc":{"Tiempo de lectura":"3 minuto"},"schema":{"@context":"https:\/\/schema.org","@graph":[{"@type":"WebPage","@id":"https:\/\/www.donadonsdd.com\/es\/producto\/krd-sanitary\/","url":"https:\/\/www.donadonsdd.com\/es\/producto\/krd-sanitary\/","name":"Disco de ruptura de pandeo inverso sanitario - KRD","isPartOf":{"@id":"https:\/\/www.donadonsdd.com\/es\/#website"},"primaryImageOfPage":{"@id":"https:\/\/www.donadonsdd.com\/es\/producto\/krd-sanitary\/#primaryimage"},"image":{"@id":"https:\/\/www.donadonsdd.com\/es\/producto\/krd-sanitary\/#primaryimage"},"thumbnailUrl":"https:\/\/www.donadonsdd.com\/wp-content\/uploads\/2025\/12\/donadon-78.png","datePublished":"2025-12-11T13:13:27+00:00","dateModified":"2026-02-27T23:48:54+00:00","description":"Disco de ruptura sanitario de acci\u00f3n inversa para aplicaciones farmac\u00e9uticas, alimentarias y biotecnol\u00f3gicas. Alta resistencia a los ciclos y dise\u00f1o predecible que no se fragmenta, relaci\u00f3n de funcionamiento de hasta el 95%, conforme con ASME y PED, certificado 3-A.","breadcrumb":{"@id":"https:\/\/www.donadonsdd.com\/es\/producto\/krd-sanitary\/#breadcrumb"},"inLanguage":"es","potentialAction":[{"@type":"ReadAction","target":["https:\/\/www.donadonsdd.com\/es\/producto\/krd-sanitary\/"]}]},{"@type":"ImageObject","inLanguage":"es","@id":"https:\/\/www.donadonsdd.com\/es\/producto\/krd-sanitary\/#primaryimage","url":"https:\/\/www.donadonsdd.com\/wp-content\/uploads\/2025\/12\/donadon-78.png","contentUrl":"https:\/\/www.donadonsdd.com\/wp-content\/uploads\/2025\/12\/donadon-78.png","width":1800,"height":1200},{"@type":"BreadcrumbList","@id":"https:\/\/www.donadonsdd.com\/es\/producto\/krd-sanitary\/#breadcrumb","itemListElement":[{"@type":"ListItem","position":1,"name":"HOMEPAGE","item":"https:\/\/www.donadonsdd.com\/es\/"},{"@type":"ListItem","position":2,"name":"Discos de ruptura sanitarios KRD &#8211; Protecci\u00f3n avanzada contra la presi\u00f3n para industrias higi\u00e9nicas"}]},{"@type":"WebSite","@id":"https:\/\/www.donadonsdd.com\/es\/#website","url":"https:\/\/www.donadonsdd.com\/es\/","name":"DonadonSDD Srl","description":"","publisher":{"@id":"https:\/\/www.donadonsdd.com\/es\/#organization"},"potentialAction":[{"@type":"SearchAction","target":{"@type":"EntryPoint","urlTemplate":"https:\/\/www.donadonsdd.com\/es\/?s={search_term_string}"},"query-input":{"@type":"PropertyValueSpecification","valueRequired":true,"valueName":"search_term_string"}}],"inLanguage":"es"},{"@type":"Organization","@id":"https:\/\/www.donadonsdd.com\/es\/#organization","name":"DonadonSDD Srl","url":"https:\/\/www.donadonsdd.com\/es\/","logo":{"@type":"ImageObject","inLanguage":"es","@id":"https:\/\/www.donadonsdd.com\/es\/#\/schema\/logo\/image\/","url":"https:\/\/www.donadonsdd.com\/wp-content\/uploads\/2025\/11\/donadonsdd-logo.png","contentUrl":"https:\/\/www.donadonsdd.com\/wp-content\/uploads\/2025\/11\/donadonsdd-logo.png","width":544,"height":96,"caption":"DonadonSDD Srl"},"image":{"@id":"https:\/\/www.donadonsdd.com\/es\/#\/schema\/logo\/image\/"}}]}},"toolset-meta":{"toolset-woocommerce-fields":{"_download_limit":{"type":"numeric","raw":""},"_virtual":{"type":"checkbox","raw":""},"_downloadable":{"type":"checkbox","raw":""},"_download_expiry":{"type":"numeric","raw":""},"_download_type":{"type":"radio","raw":""},"_regular_price":{"type":"numeric","raw":""},"_sale_price":{"type":"numeric","raw":""},"_sale_price_dates_from":{"type":"date","raw":"","formatted":null},"_sale_price_dates_to":{"type":"date","raw":"","formatted":null},"_sku":{"type":"textfield","raw":""},"_manage_stock":{"type":"checkbox","raw":""},"_stock_status":{"type":"radio","raw":""},"_stock":{"type":"numeric","raw":""},"_backorders":{"type":"radio","raw":""},"_sold_individually":{"type":"checkbox","raw":""},"_width":{"type":"numeric","raw":""},"_weight":{"type":"numeric","raw":""},"_length":{"type":"numeric","raw":""},"_purchase_note":{"type":"textarea","raw":""}},"infografica":{"operation-ratio":{"type":"textfield","raw":"hasta el 95"},"non-fragmenting":{"type":"textfield","raw":"s\u00ed"},"vacumm-resistant":{"type":"textfield","raw":"s\u00ed"},"sanitary":{"type":"textfield","raw":"s\u00ed"},"liquid":{"type":"textfield","raw":"s\u00ed"},"vapor-gas":{"type":"textfield","raw":"s\u00ed"},"ferrules":{"type":"textfield","raw":""}},"dettagli-prodotto":{"immagini-prodotto":{"type":"image","raw":["https:\/\/www.donadonsdd.com\/wp-content\/uploads\/2025\/12\/donadon-78_result.webp","https:\/\/www.donadonsdd.com\/wp-content\/uploads\/2025\/12\/donadon-79_result.webp"],"repeatable":[{"raw":"https:\/\/www.donadonsdd.com\/wp-content\/uploads\/2025\/12\/donadon-78_result.webp","attachment_id":6083},{"raw":"https:\/\/www.donadonsdd.com\/wp-content\/uploads\/2025\/12\/donadon-79_result.webp","attachment_id":6084}]},"tabella-specifiche":{"type":"wysiwyg","raw":"MODELO | KRD;\nMATERIALES | Acero inoxidable, Aleaci\u00f3n 201, Aleaci\u00f3n 400, Aleaci\u00f3n 600, Aleaci\u00f3n 625, Aleaci\u00f3n C276, Titanio;\nMATERIALES DE LAS JUNTAS | PTFE;\nDIMENSIONES | De DN15 (\u00bd pulgada) a DN900 (36 pulgadas);\nPRESI\u00d3N DE RUPTURA | 0,1 - 8 bar g (Seg\u00fan tama\u00f1o y material);\nKR L | 0,48;\nTOLERANCIA | de +\/- 5 % a +\/- 20%;\nTEMPERATURA DE FUNCIONAMIENTO | M\u00e1x. 260\u00b0C (Juntas de PTFE);\nFRAGMENTACI\u00d3N | No;\nUSO EN COMBINACI\u00d3N CON PSV | Adecuado;\nMARGEN DE FUNCIONAMIENTO | 90% - Puede alcanzar hasta el 95% en funci\u00f3n de las condiciones de servicio.;\nRESISTENCIA A LA PRESI\u00d3N DE VAC\u00cdO | S\u00ed, autoportante en condiciones de vac\u00edo;\nRESISTENCIA A LA CORROSI\u00d3N | Muy buena;\nFORROS | Disponibles en PTFE y PFA;\nSOPORTE | <a href=\"https:\/\/www.donadonsdd.com\/es\/producto\/htc\/\">HTC<\/a>; \nSENSOR DE RUPTURA | <a href=\"https:\/\/www.donadonsdd.com\/es\/productos\/sensores-de-ruptura\/electrico\/\">El\u00e9ctrico<\/a>; "}}},"_links":{"self":[{"href":"https:\/\/www.donadonsdd.com\/es\/wp-json\/wp\/v2\/product\/6078","targetHints":{"allow":["GET"]}}],"collection":[{"href":"https:\/\/www.donadonsdd.com\/es\/wp-json\/wp\/v2\/product"}],"about":[{"href":"https:\/\/www.donadonsdd.com\/es\/wp-json\/wp\/v2\/types\/product"}],"wp:featuredmedia":[{"embeddable":true,"href":"https:\/\/www.donadonsdd.com\/es\/wp-json\/wp\/v2\/media\/10294"}],"wp:attachment":[{"href":"https:\/\/www.donadonsdd.com\/es\/wp-json\/wp\/v2\/media?parent=6078"}],"wp:term":[{"taxonomy":"categoria_prodotto","embeddable":true,"href":"https:\/\/www.donadonsdd.com\/es\/wp-json\/wp\/v2\/categoria_prodotto?post=6078"}],"curies":[{"name":"wp","href":"https:\/\/api.w.org\/{rel}","templated":true}]}}