{"id":6105,"date":"2025-12-11T14:27:01","date_gmt":"2025-12-11T13:27:01","guid":{"rendered":"https:\/\/www.donadonsdd.com\/product\/indicador-de-rotura-ir2a-deteccion-de-precision-para-un-mayor-cumplimiento-de-la-seguridad\/"},"modified":"2026-02-28T00:11:53","modified_gmt":"2026-02-27T23:11:53","slug":"ir2a","status":"publish","type":"product","link":"https:\/\/www.donadonsdd.com\/es\/producto\/ir2a\/","title":{"rendered":"Indicador de rotura IR2A &#8211; Detecci\u00f3n de precisi\u00f3n para un mayor cumplimiento de la seguridad"},"content":{"rendered":"<p>El indicador de rotura DonadonSDD IR2A es un dispositivo sencillo y eficaz dise\u00f1ado para detectar fracturas en discos de ruptura. Este detector se monta directamente en la parte superior del disco de ruptura mediante un actuador de anillo met\u00e1lico normalmente de 316L. Presenta un componente activo formado por una pista de cobre flexible, que est\u00e1 encapsulada de forma segura entre dos capas aislantes de Kapton y viene con un cable de interfaz. Este cable puede ser del tipo est\u00e1ndar con casquillos dobles o estar equipado con un conector.   <\/p>\n<p>El cable del indicador de alarma se integra en el sistema de seguridad de la planta a trav\u00e9s de una barrera de seguridad intr\u00ednseca, garantizando el cumplimiento de las especificaciones el\u00e9ctricas del sensor (una tensi\u00f3n m\u00e1xima de 24 V CC y una corriente m\u00e1xima de 50 mA) y la clasificaci\u00f3n de zonas adecuada.<\/p>\n<p>En caso de rotura del disco, el circuito de cobre del indicador IR2A se interrumpe, interrumpiendo el flujo de corriente. Esta interrupci\u00f3n indica al equipo conectado que el disco de ruptura se ha activado. <\/p>\n<p>El sensor IR2A cumple plenamente la Directiva Europea 2014\/34\/UE (ATEX), el Instrumento Legislativo del Reino Unido 2016 n.\u00ba 1107 (UKCA), CU TR 012 (EAC), y est\u00e1 certificado seg\u00fan el esquema IECEx. Esta adhesi\u00f3n subraya su fiabilidad y seguridad de uso en entornos peligrosos. <\/p>\n<p>La zona de instalaci\u00f3n adecuada para el sensor var\u00eda en funci\u00f3n del tipo de barrera utilizado:<\/p>\n<p>Para una barrera Ex ia, es adecuada para las zonas 0, 20, 1, 21, 2, 22.<br \/>\nPara una barrera Ex ib, es adecuada para las zonas 1, 21, 2, 22.<br \/>\nLos procedimientos de instalaci\u00f3n deben ajustarse a la norma EN 60079-14 y a la versi\u00f3n m\u00e1s actual de la norma el\u00e9ctrica nacional para garantizar el cumplimiento y la seguridad.<\/p>\n","protected":false},"excerpt":{"rendered":"<p>El indicador de rotura DonadonSDD IR2A es un dispositivo sencillo y eficaz dise\u00f1ado para detectar fracturas en discos de ruptura. Este detector se monta directamente en la parte superior del disco de ruptura mediante un actuador de anillo met\u00e1lico normalmente de 316L. Presenta un componente activo formado por una pista de cobre flexible, que est\u00e1 [&hellip;]<\/p>\n","protected":false},"featured_media":10282,"menu_order":0,"template":"","meta":{"_acf_changed":false},"categoria_prodotto":[94,81],"class_list":["post-6105","product","type-product","status-publish","has-post-thumbnail","hentry","categoria_prodotto-electric","categoria_prodotto-rupture-indicators"],"acf":[],"yoast_head":"<!-- This site is optimized with the Yoast SEO plugin v27.3 - https:\/\/yoast.com\/product\/yoast-seo-wordpress\/ -->\n<title>Indicador de disco de rotura el\u00e9ctrica para zonas peligrosas - IR2A<\/title>\n<meta name=\"description\" content=\"Indicador el\u00e9ctrico de disco de ruptura para la detecci\u00f3n de la activaci\u00f3n del disco de ruptura. Directamente montado en el disco, proporciona una indicaci\u00f3n de estado inmediata, intr\u00ednsecamente seguro, con clasificaci\u00f3n IP67, certificado ATEX, IECEx y EAC para instalaciones en zonas peligrosas.\" \/>\n<meta name=\"robots\" content=\"index, follow, max-snippet:-1, max-image-preview:large, max-video-preview:-1\" \/>\n<link rel=\"canonical\" href=\"https:\/\/www.donadonsdd.com\/es\/producto\/ir2a\/\" \/>\n<meta property=\"og:locale\" content=\"es_ES\" \/>\n<meta property=\"og:type\" content=\"article\" \/>\n<meta property=\"og:title\" content=\"Indicador de disco de rotura el\u00e9ctrica para zonas peligrosas - IR2A\" \/>\n<meta property=\"og:description\" content=\"Indicador el\u00e9ctrico de disco de ruptura para la detecci\u00f3n de la activaci\u00f3n del disco de ruptura. Directamente montado en el disco, proporciona una indicaci\u00f3n de estado inmediata, intr\u00ednsecamente seguro, con clasificaci\u00f3n IP67, certificado ATEX, IECEx y EAC para instalaciones en zonas peligrosas.\" \/>\n<meta property=\"og:url\" content=\"https:\/\/www.donadonsdd.com\/es\/producto\/ir2a\/\" \/>\n<meta property=\"og:site_name\" content=\"DonadonSDD Srl\" \/>\n<meta property=\"article:modified_time\" content=\"2026-02-27T23:11:53+00:00\" \/>\n<meta property=\"og:image\" content=\"https:\/\/www.donadonsdd.com\/wp-content\/uploads\/2025\/12\/donadon-1-1.png\" \/>\n\t<meta property=\"og:image:width\" content=\"1800\" \/>\n\t<meta property=\"og:image:height\" content=\"1200\" \/>\n\t<meta property=\"og:image:type\" content=\"image\/png\" \/>\n<meta name=\"twitter:card\" content=\"summary_large_image\" \/>\n<meta name=\"twitter:label1\" content=\"Tiempo de lectura\" \/>\n\t<meta name=\"twitter:data1\" content=\"2 minuto\" \/>\n<script type=\"application\/ld+json\" class=\"yoast-schema-graph\">{\"@context\":\"https:\\\/\\\/schema.org\",\"@graph\":[{\"@type\":\"WebPage\",\"@id\":\"https:\\\/\\\/www.donadonsdd.com\\\/es\\\/producto\\\/ir2a\\\/\",\"url\":\"https:\\\/\\\/www.donadonsdd.com\\\/es\\\/producto\\\/ir2a\\\/\",\"name\":\"Indicador de disco de rotura el\u00e9ctrica para zonas peligrosas - IR2A\",\"isPartOf\":{\"@id\":\"https:\\\/\\\/www.donadonsdd.com\\\/es\\\/#website\"},\"primaryImageOfPage\":{\"@id\":\"https:\\\/\\\/www.donadonsdd.com\\\/es\\\/producto\\\/ir2a\\\/#primaryimage\"},\"image\":{\"@id\":\"https:\\\/\\\/www.donadonsdd.com\\\/es\\\/producto\\\/ir2a\\\/#primaryimage\"},\"thumbnailUrl\":\"https:\\\/\\\/www.donadonsdd.com\\\/wp-content\\\/uploads\\\/2025\\\/12\\\/donadon-1-1.png\",\"datePublished\":\"2025-12-11T13:27:01+00:00\",\"dateModified\":\"2026-02-27T23:11:53+00:00\",\"description\":\"Indicador el\u00e9ctrico de disco de ruptura para la detecci\u00f3n de la activaci\u00f3n del disco de ruptura. Directamente montado en el disco, proporciona una indicaci\u00f3n de estado inmediata, intr\u00ednsecamente seguro, con clasificaci\u00f3n IP67, certificado ATEX, IECEx y EAC para instalaciones en zonas peligrosas.\",\"breadcrumb\":{\"@id\":\"https:\\\/\\\/www.donadonsdd.com\\\/es\\\/producto\\\/ir2a\\\/#breadcrumb\"},\"inLanguage\":\"es\",\"potentialAction\":[{\"@type\":\"ReadAction\",\"target\":[\"https:\\\/\\\/www.donadonsdd.com\\\/es\\\/producto\\\/ir2a\\\/\"]}]},{\"@type\":\"ImageObject\",\"inLanguage\":\"es\",\"@id\":\"https:\\\/\\\/www.donadonsdd.com\\\/es\\\/producto\\\/ir2a\\\/#primaryimage\",\"url\":\"https:\\\/\\\/www.donadonsdd.com\\\/wp-content\\\/uploads\\\/2025\\\/12\\\/donadon-1-1.png\",\"contentUrl\":\"https:\\\/\\\/www.donadonsdd.com\\\/wp-content\\\/uploads\\\/2025\\\/12\\\/donadon-1-1.png\",\"width\":1800,\"height\":1200},{\"@type\":\"BreadcrumbList\",\"@id\":\"https:\\\/\\\/www.donadonsdd.com\\\/es\\\/producto\\\/ir2a\\\/#breadcrumb\",\"itemListElement\":[{\"@type\":\"ListItem\",\"position\":1,\"name\":\"HOMEPAGE\",\"item\":\"https:\\\/\\\/www.donadonsdd.com\\\/es\\\/\"},{\"@type\":\"ListItem\",\"position\":2,\"name\":\"Indicador de rotura IR2A &#8211; Detecci\u00f3n de precisi\u00f3n para un mayor cumplimiento de la seguridad\"}]},{\"@type\":\"WebSite\",\"@id\":\"https:\\\/\\\/www.donadonsdd.com\\\/es\\\/#website\",\"url\":\"https:\\\/\\\/www.donadonsdd.com\\\/es\\\/\",\"name\":\"DonadonSDD Srl\",\"description\":\"\",\"publisher\":{\"@id\":\"https:\\\/\\\/www.donadonsdd.com\\\/es\\\/#organization\"},\"potentialAction\":[{\"@type\":\"SearchAction\",\"target\":{\"@type\":\"EntryPoint\",\"urlTemplate\":\"https:\\\/\\\/www.donadonsdd.com\\\/es\\\/?s={search_term_string}\"},\"query-input\":{\"@type\":\"PropertyValueSpecification\",\"valueRequired\":true,\"valueName\":\"search_term_string\"}}],\"inLanguage\":\"es\"},{\"@type\":\"Organization\",\"@id\":\"https:\\\/\\\/www.donadonsdd.com\\\/es\\\/#organization\",\"name\":\"DonadonSDD Srl\",\"url\":\"https:\\\/\\\/www.donadonsdd.com\\\/es\\\/\",\"logo\":{\"@type\":\"ImageObject\",\"inLanguage\":\"es\",\"@id\":\"https:\\\/\\\/www.donadonsdd.com\\\/es\\\/#\\\/schema\\\/logo\\\/image\\\/\",\"url\":\"https:\\\/\\\/www.donadonsdd.com\\\/wp-content\\\/uploads\\\/2025\\\/11\\\/donadonsdd-logo.png\",\"contentUrl\":\"https:\\\/\\\/www.donadonsdd.com\\\/wp-content\\\/uploads\\\/2025\\\/11\\\/donadonsdd-logo.png\",\"width\":544,\"height\":96,\"caption\":\"DonadonSDD Srl\"},\"image\":{\"@id\":\"https:\\\/\\\/www.donadonsdd.com\\\/es\\\/#\\\/schema\\\/logo\\\/image\\\/\"}}]}<\/script>\n<!-- \/ Yoast SEO plugin. -->","yoast_head_json":{"title":"Indicador de disco de rotura el\u00e9ctrica para zonas peligrosas - IR2A","description":"Indicador el\u00e9ctrico de disco de ruptura para la detecci\u00f3n de la activaci\u00f3n del disco de ruptura. Directamente montado en el disco, proporciona una indicaci\u00f3n de estado inmediata, intr\u00ednsecamente seguro, con clasificaci\u00f3n IP67, certificado ATEX, IECEx y EAC para instalaciones en zonas peligrosas.","robots":{"index":"index","follow":"follow","max-snippet":"max-snippet:-1","max-image-preview":"max-image-preview:large","max-video-preview":"max-video-preview:-1"},"canonical":"https:\/\/www.donadonsdd.com\/es\/producto\/ir2a\/","og_locale":"es_ES","og_type":"article","og_title":"Indicador de disco de rotura el\u00e9ctrica para zonas peligrosas - IR2A","og_description":"Indicador el\u00e9ctrico de disco de ruptura para la detecci\u00f3n de la activaci\u00f3n del disco de ruptura. Directamente montado en el disco, proporciona una indicaci\u00f3n de estado inmediata, intr\u00ednsecamente seguro, con clasificaci\u00f3n IP67, certificado ATEX, IECEx y EAC para instalaciones en zonas peligrosas.","og_url":"https:\/\/www.donadonsdd.com\/es\/producto\/ir2a\/","og_site_name":"DonadonSDD Srl","article_modified_time":"2026-02-27T23:11:53+00:00","og_image":[{"width":1800,"height":1200,"url":"https:\/\/www.donadonsdd.com\/wp-content\/uploads\/2025\/12\/donadon-1-1.png","type":"image\/png"}],"twitter_card":"summary_large_image","twitter_misc":{"Tiempo de lectura":"2 minuto"},"schema":{"@context":"https:\/\/schema.org","@graph":[{"@type":"WebPage","@id":"https:\/\/www.donadonsdd.com\/es\/producto\/ir2a\/","url":"https:\/\/www.donadonsdd.com\/es\/producto\/ir2a\/","name":"Indicador de disco de rotura el\u00e9ctrica para zonas peligrosas - IR2A","isPartOf":{"@id":"https:\/\/www.donadonsdd.com\/es\/#website"},"primaryImageOfPage":{"@id":"https:\/\/www.donadonsdd.com\/es\/producto\/ir2a\/#primaryimage"},"image":{"@id":"https:\/\/www.donadonsdd.com\/es\/producto\/ir2a\/#primaryimage"},"thumbnailUrl":"https:\/\/www.donadonsdd.com\/wp-content\/uploads\/2025\/12\/donadon-1-1.png","datePublished":"2025-12-11T13:27:01+00:00","dateModified":"2026-02-27T23:11:53+00:00","description":"Indicador el\u00e9ctrico de disco de ruptura para la detecci\u00f3n de la activaci\u00f3n del disco de ruptura. Directamente montado en el disco, proporciona una indicaci\u00f3n de estado inmediata, intr\u00ednsecamente seguro, con clasificaci\u00f3n IP67, certificado ATEX, IECEx y EAC para instalaciones en zonas peligrosas.","breadcrumb":{"@id":"https:\/\/www.donadonsdd.com\/es\/producto\/ir2a\/#breadcrumb"},"inLanguage":"es","potentialAction":[{"@type":"ReadAction","target":["https:\/\/www.donadonsdd.com\/es\/producto\/ir2a\/"]}]},{"@type":"ImageObject","inLanguage":"es","@id":"https:\/\/www.donadonsdd.com\/es\/producto\/ir2a\/#primaryimage","url":"https:\/\/www.donadonsdd.com\/wp-content\/uploads\/2025\/12\/donadon-1-1.png","contentUrl":"https:\/\/www.donadonsdd.com\/wp-content\/uploads\/2025\/12\/donadon-1-1.png","width":1800,"height":1200},{"@type":"BreadcrumbList","@id":"https:\/\/www.donadonsdd.com\/es\/producto\/ir2a\/#breadcrumb","itemListElement":[{"@type":"ListItem","position":1,"name":"HOMEPAGE","item":"https:\/\/www.donadonsdd.com\/es\/"},{"@type":"ListItem","position":2,"name":"Indicador de rotura IR2A &#8211; Detecci\u00f3n de precisi\u00f3n para un mayor cumplimiento de la seguridad"}]},{"@type":"WebSite","@id":"https:\/\/www.donadonsdd.com\/es\/#website","url":"https:\/\/www.donadonsdd.com\/es\/","name":"DonadonSDD Srl","description":"","publisher":{"@id":"https:\/\/www.donadonsdd.com\/es\/#organization"},"potentialAction":[{"@type":"SearchAction","target":{"@type":"EntryPoint","urlTemplate":"https:\/\/www.donadonsdd.com\/es\/?s={search_term_string}"},"query-input":{"@type":"PropertyValueSpecification","valueRequired":true,"valueName":"search_term_string"}}],"inLanguage":"es"},{"@type":"Organization","@id":"https:\/\/www.donadonsdd.com\/es\/#organization","name":"DonadonSDD Srl","url":"https:\/\/www.donadonsdd.com\/es\/","logo":{"@type":"ImageObject","inLanguage":"es","@id":"https:\/\/www.donadonsdd.com\/es\/#\/schema\/logo\/image\/","url":"https:\/\/www.donadonsdd.com\/wp-content\/uploads\/2025\/11\/donadonsdd-logo.png","contentUrl":"https:\/\/www.donadonsdd.com\/wp-content\/uploads\/2025\/11\/donadonsdd-logo.png","width":544,"height":96,"caption":"DonadonSDD Srl"},"image":{"@id":"https:\/\/www.donadonsdd.com\/es\/#\/schema\/logo\/image\/"}}]}},"toolset-meta":{"toolset-woocommerce-fields":{"_download_limit":{"type":"numeric","raw":""},"_virtual":{"type":"checkbox","raw":""},"_downloadable":{"type":"checkbox","raw":""},"_download_expiry":{"type":"numeric","raw":""},"_download_type":{"type":"radio","raw":""},"_regular_price":{"type":"numeric","raw":""},"_sale_price":{"type":"numeric","raw":""},"_sale_price_dates_from":{"type":"date","raw":"","formatted":null},"_sale_price_dates_to":{"type":"date","raw":"","formatted":null},"_sku":{"type":"textfield","raw":""},"_manage_stock":{"type":"checkbox","raw":""},"_stock_status":{"type":"radio","raw":""},"_stock":{"type":"numeric","raw":""},"_backorders":{"type":"radio","raw":""},"_sold_individually":{"type":"checkbox","raw":""},"_width":{"type":"numeric","raw":""},"_weight":{"type":"numeric","raw":""},"_length":{"type":"numeric","raw":""},"_purchase_note":{"type":"textarea","raw":""}},"infografica":{"operation-ratio":{"type":"textfield","raw":""},"non-fragmenting":{"type":"textfield","raw":""},"vacumm-resistant":{"type":"textfield","raw":""},"sanitary":{"type":"textfield","raw":""},"liquid":{"type":"textfield","raw":""},"vapor-gas":{"type":"textfield","raw":""},"ferrules":{"type":"textfield","raw":""}},"dettagli-prodotto":{"immagini-prodotto":{"type":"image","raw":["https:\/\/www.donadonsdd.com\/wp-content\/uploads\/2025\/12\/donadon-2_result.webp","https:\/\/www.donadonsdd.com\/wp-content\/uploads\/2025\/12\/donadon-3_result.webp"],"repeatable":[{"raw":"https:\/\/www.donadonsdd.com\/wp-content\/uploads\/2025\/12\/donadon-2_result.webp","attachment_id":8041},{"raw":"https:\/\/www.donadonsdd.com\/wp-content\/uploads\/2025\/12\/donadon-3_result.webp","attachment_id":8042}]},"tabella-specifiche":{"type":"wysiwyg","raw":"===TABLE===\nMODELO | IR2A;\nTEMPERATURA DE FUNCIONAMIENTO | Parte activa: de -196 \u00b0C a 280 \u00b0C \u00a7 Cable de interfaz: de -40 \u00b0C a +70 \u00b0C;\nENCAPSULACI\u00d3N DE MEMBRANAS | Poliamida (Kapton\u00ae);\nPLACA DE CIRCUITO IMPRESA | Cobre;\nCABLE | Est\u00e1ndar, 2 m - disponible con dos casquillos o con conector \u00a7 Longitud m\u00e1xima 15 m;\nPAR\u00c1METROS EL\u00c9CTRICOS DE LA FUENTE DE ALIMENTACI\u00d3N (M\u00c1X) | Tensi\u00f3n: 24 V CC \u00a7 Corriente: 50 mA \u00a7 Potencia: 0,3 W \u00a7 Capacidad: 780 pF \u00a7 Inductancia: 7,2 \u00b5H;\nFLUIDO DE PROCESO | Gas, l\u00edquido, polvo;\nIP GRADO | 67;\nCOMPATIBILIDAD CON DISCOS DE RUPTURA | <a href=\"https:\/\/www.donadonsdd.com\/es\/producto\/dcd-composite\/\">DCD<\/a>, <a href=\"https:\/\/www.donadonsdd.com\/es\/producto\/dif\/\">DIF<\/a>, <a href=\"https:\/\/www.donadonsdd.com\/es\/producto\/scd\/\">SCD<\/a>, <a href=\"https:\/\/www.donadonsdd.com\/es\/producto\/scr\/\">SCR<\/a>, <a href=\"https:\/\/www.donadonsdd.com\/es\/producto\/y90\/\">Y90<\/a>, <a href=\"https:\/\/www.donadonsdd.com\/es\/producto\/krd\/\">KRD<\/a>;      \nOPCIONES DE CONFIGURACI\u00d3N DEL CABLE DE INTERFAZ | Cable terminado con f\u00e9rulas dobles \u00a7 Cable equipado con conector;\n\n===TEXT===\n<h3>La presi\u00f3n m\u00ednima de funcionamiento depende del di\u00e1metro:<\/h3>\n===TABLE===\nDN (MM) | 32 | 40 | 50 | 65 | 80 | 100 | 125 | 150 | 200-350 | 400 |  >500;\nNPS (PULGADAS) | 1 1\/4 | 1 1\/2 | 2 | 2 1\/2 | 3 | 4 | 4 1\/2 | 6 | 8-14 | 16 |  >20;\nPRESI\u00d3N M\u00cdNIMA (BAR G) | 0,3 | 0,2 | 0,07 | 0,06 | 0,05 | 0,04 | 0,03 | 0,02 | 0,015 | 0,01 | 0,005;"}}},"_links":{"self":[{"href":"https:\/\/www.donadonsdd.com\/es\/wp-json\/wp\/v2\/product\/6105","targetHints":{"allow":["GET"]}}],"collection":[{"href":"https:\/\/www.donadonsdd.com\/es\/wp-json\/wp\/v2\/product"}],"about":[{"href":"https:\/\/www.donadonsdd.com\/es\/wp-json\/wp\/v2\/types\/product"}],"wp:featuredmedia":[{"embeddable":true,"href":"https:\/\/www.donadonsdd.com\/es\/wp-json\/wp\/v2\/media\/10282"}],"wp:attachment":[{"href":"https:\/\/www.donadonsdd.com\/es\/wp-json\/wp\/v2\/media?parent=6105"}],"wp:term":[{"taxonomy":"categoria_prodotto","embeddable":true,"href":"https:\/\/www.donadonsdd.com\/es\/wp-json\/wp\/v2\/categoria_prodotto?post=6105"}],"curies":[{"name":"wp","href":"https:\/\/api.w.org\/{rel}","templated":true}]}}