{"id":6117,"date":"2025-12-11T14:22:53","date_gmt":"2025-12-11T13:22:53","guid":{"rendered":"https:\/\/www.donadonsdd.com\/product\/unidades-estancas-su-t-montaje-facil-y-fiable-de-discos-de-ruptura-para-plantas-industriales\/"},"modified":"2026-02-28T00:37:58","modified_gmt":"2026-02-27T23:37:58","slug":"sut","status":"publish","type":"product","link":"https:\/\/www.donadonsdd.com\/es\/producto\/sut\/","title":{"rendered":"Unidades estancas SU\/T &#8211; Montaje f\u00e1cil y fiable de discos de ruptura para plantas industriales"},"content":{"rendered":"<p>Las unidades estancas SU\/T de DonadonSDD est\u00e1n dise\u00f1adas para que el montaje de discos de ruptura en plantas industriales sea f\u00e1cil y fiable. DonadonSDD ofrece una extensa l\u00ednea de dispositivos de discos de ruptura dise\u00f1ados para satisfacer los requisitos de alivio de presi\u00f3n que se encuentran en muchas industrias de procesamiento. Cuando las aplicaciones del cliente requieren un enfoque espec\u00edfico, DonadonSDD est\u00e1 preparado para estudiar y fabricar un producto 100% personalizado.  <\/p>\n<h2>Caracter\u00edsticas principales y ventajas t\u00e9cnicas<\/h2>\n<h3>Altos est\u00e1ndares de certificaci\u00f3n:<\/h3>\n<p>Nuestros discos de ruptura est\u00e1n certificados para cumplir las normas internacionales m\u00e1s exigentes, como PED 2014\/68\/UE (Sello CE), PER 2016 UK Statutory Instruments 2016 No 1105 (Sello UKCA) y CU TR 032 (Sello EAC).<\/p>\n<h3>T\u00e9cnica:<\/h3>\n<p>Las unidades reaccionan a la sobrepresi\u00f3n en pocos milisegundos, proporcionando una protecci\u00f3n fiable y eficaz a las plantas industriales.<\/p>\n<h3>Conexiones:<\/h3>\n<p>Disponibles en varios tama\u00f1os (a partir de 1\/2&#8243;) y conexiones est\u00e1ndar (NPT, GAS, BSPP, BSPT, UNF), tambi\u00e9n son posibles personalizaciones espec\u00edficas.<\/p>\n<h2>\u00bfPor qu\u00e9 elegir DonadonSDD?<\/h2>\n<ul>\n<li>Las unidades selladas DonadonSDD SU\/T son adecuadas para su uso con gases y l\u00edquidos en condiciones c\u00edclicas y pulsantes, proporcionando una protecci\u00f3n \u00f3ptima a las plantas industriales.<\/li>\n<li>Las unidades reaccionan a la sobrepresi\u00f3n en pocos milisegundos, proporcionando una protecci\u00f3n fiable y eficaz a las plantas industriales.<\/li>\n<li>Nuestras unidades selladas SU\/T est\u00e1n dise\u00f1adas para que el montaje de los discos de ruptura sea f\u00e1cil y fiable, simplificando la manipulaci\u00f3n y eliminando la necesidad de personal especializado.<\/li>\n<\/ul>\n","protected":false},"excerpt":{"rendered":"<p>Las unidades estancas SU\/T de DonadonSDD est\u00e1n dise\u00f1adas para que el montaje de discos de ruptura en plantas industriales sea f\u00e1cil y fiable. DonadonSDD ofrece una extensa l\u00ednea de dispositivos de discos de ruptura dise\u00f1ados para satisfacer los requisitos de alivio de presi\u00f3n que se encuentran en muchas industrias de procesamiento. Cuando las aplicaciones del [&hellip;]<\/p>\n","protected":false},"featured_media":10286,"menu_order":0,"template":"","meta":{"_acf_changed":false},"categoria_prodotto":[79,89],"class_list":["post-6117","product","type-product","status-publish","has-post-thumbnail","hentry","categoria_prodotto-rupture-discs","categoria_prodotto-sealed-unit"],"acf":[],"yoast_head":"<!-- This site is optimized with the Yoast SEO plugin v27.3 - https:\/\/yoast.com\/product\/yoast-seo-wordpress\/ -->\n<title>Unidad de disco de ruptura sellado roscado (tipo uni\u00f3n\/tornillo) - SU\/T<\/title>\n<meta name=\"description\" content=\"Unidad de disco de ruptura roscada premontada con disco calibrado en f\u00e1brica. Instalaci\u00f3n estanca con conexiones NPT, BSP o UNF para servicio de gas y l\u00edquido, certificada PED y EAC.\" \/>\n<meta name=\"robots\" content=\"index, follow, max-snippet:-1, max-image-preview:large, max-video-preview:-1\" \/>\n<link rel=\"canonical\" href=\"https:\/\/www.donadonsdd.com\/es\/producto\/sut\/\" \/>\n<meta property=\"og:locale\" content=\"es_ES\" \/>\n<meta property=\"og:type\" content=\"article\" \/>\n<meta property=\"og:title\" content=\"Unidad de disco de ruptura sellado roscado (tipo uni\u00f3n\/tornillo) - SU\/T\" \/>\n<meta property=\"og:description\" content=\"Unidad de disco de ruptura roscada premontada con disco calibrado en f\u00e1brica. Instalaci\u00f3n estanca con conexiones NPT, BSP o UNF para servicio de gas y l\u00edquido, certificada PED y EAC.\" \/>\n<meta property=\"og:url\" content=\"https:\/\/www.donadonsdd.com\/es\/producto\/sut\/\" \/>\n<meta property=\"og:site_name\" content=\"DonadonSDD Srl\" \/>\n<meta property=\"article:modified_time\" content=\"2026-02-27T23:37:58+00:00\" \/>\n<meta property=\"og:image\" content=\"https:\/\/www.donadonsdd.com\/wp-content\/uploads\/2025\/12\/donadon-104_result-2048x1366-trasp.png\" \/>\n\t<meta property=\"og:image:width\" content=\"1800\" \/>\n\t<meta property=\"og:image:height\" content=\"1201\" \/>\n\t<meta property=\"og:image:type\" content=\"image\/png\" \/>\n<meta name=\"twitter:card\" content=\"summary_large_image\" \/>\n<meta name=\"twitter:label1\" content=\"Tiempo de lectura\" \/>\n\t<meta name=\"twitter:data1\" content=\"1 minuto\" \/>\n<script type=\"application\/ld+json\" class=\"yoast-schema-graph\">{\"@context\":\"https:\\\/\\\/schema.org\",\"@graph\":[{\"@type\":\"WebPage\",\"@id\":\"https:\\\/\\\/www.donadonsdd.com\\\/es\\\/producto\\\/sut\\\/\",\"url\":\"https:\\\/\\\/www.donadonsdd.com\\\/es\\\/producto\\\/sut\\\/\",\"name\":\"Unidad de disco de ruptura sellado roscado (tipo uni\u00f3n\\\/tornillo) - SU\\\/T\",\"isPartOf\":{\"@id\":\"https:\\\/\\\/www.donadonsdd.com\\\/es\\\/#website\"},\"primaryImageOfPage\":{\"@id\":\"https:\\\/\\\/www.donadonsdd.com\\\/es\\\/producto\\\/sut\\\/#primaryimage\"},\"image\":{\"@id\":\"https:\\\/\\\/www.donadonsdd.com\\\/es\\\/producto\\\/sut\\\/#primaryimage\"},\"thumbnailUrl\":\"https:\\\/\\\/www.donadonsdd.com\\\/wp-content\\\/uploads\\\/2025\\\/12\\\/donadon-104_result-2048x1366-trasp.png\",\"datePublished\":\"2025-12-11T13:22:53+00:00\",\"dateModified\":\"2026-02-27T23:37:58+00:00\",\"description\":\"Unidad de disco de ruptura roscada premontada con disco calibrado en f\u00e1brica. Instalaci\u00f3n estanca con conexiones NPT, BSP o UNF para servicio de gas y l\u00edquido, certificada PED y EAC.\",\"breadcrumb\":{\"@id\":\"https:\\\/\\\/www.donadonsdd.com\\\/es\\\/producto\\\/sut\\\/#breadcrumb\"},\"inLanguage\":\"es\",\"potentialAction\":[{\"@type\":\"ReadAction\",\"target\":[\"https:\\\/\\\/www.donadonsdd.com\\\/es\\\/producto\\\/sut\\\/\"]}]},{\"@type\":\"ImageObject\",\"inLanguage\":\"es\",\"@id\":\"https:\\\/\\\/www.donadonsdd.com\\\/es\\\/producto\\\/sut\\\/#primaryimage\",\"url\":\"https:\\\/\\\/www.donadonsdd.com\\\/wp-content\\\/uploads\\\/2025\\\/12\\\/donadon-104_result-2048x1366-trasp.png\",\"contentUrl\":\"https:\\\/\\\/www.donadonsdd.com\\\/wp-content\\\/uploads\\\/2025\\\/12\\\/donadon-104_result-2048x1366-trasp.png\",\"width\":1800,\"height\":1201},{\"@type\":\"BreadcrumbList\",\"@id\":\"https:\\\/\\\/www.donadonsdd.com\\\/es\\\/producto\\\/sut\\\/#breadcrumb\",\"itemListElement\":[{\"@type\":\"ListItem\",\"position\":1,\"name\":\"HOMEPAGE\",\"item\":\"https:\\\/\\\/www.donadonsdd.com\\\/es\\\/\"},{\"@type\":\"ListItem\",\"position\":2,\"name\":\"Unidades estancas SU\\\/T &#8211; Montaje f\u00e1cil y fiable de discos de ruptura para plantas industriales\"}]},{\"@type\":\"WebSite\",\"@id\":\"https:\\\/\\\/www.donadonsdd.com\\\/es\\\/#website\",\"url\":\"https:\\\/\\\/www.donadonsdd.com\\\/es\\\/\",\"name\":\"DonadonSDD Srl\",\"description\":\"\",\"publisher\":{\"@id\":\"https:\\\/\\\/www.donadonsdd.com\\\/es\\\/#organization\"},\"potentialAction\":[{\"@type\":\"SearchAction\",\"target\":{\"@type\":\"EntryPoint\",\"urlTemplate\":\"https:\\\/\\\/www.donadonsdd.com\\\/es\\\/?s={search_term_string}\"},\"query-input\":{\"@type\":\"PropertyValueSpecification\",\"valueRequired\":true,\"valueName\":\"search_term_string\"}}],\"inLanguage\":\"es\"},{\"@type\":\"Organization\",\"@id\":\"https:\\\/\\\/www.donadonsdd.com\\\/es\\\/#organization\",\"name\":\"DonadonSDD Srl\",\"url\":\"https:\\\/\\\/www.donadonsdd.com\\\/es\\\/\",\"logo\":{\"@type\":\"ImageObject\",\"inLanguage\":\"es\",\"@id\":\"https:\\\/\\\/www.donadonsdd.com\\\/es\\\/#\\\/schema\\\/logo\\\/image\\\/\",\"url\":\"https:\\\/\\\/www.donadonsdd.com\\\/wp-content\\\/uploads\\\/2025\\\/11\\\/donadonsdd-logo.png\",\"contentUrl\":\"https:\\\/\\\/www.donadonsdd.com\\\/wp-content\\\/uploads\\\/2025\\\/11\\\/donadonsdd-logo.png\",\"width\":544,\"height\":96,\"caption\":\"DonadonSDD Srl\"},\"image\":{\"@id\":\"https:\\\/\\\/www.donadonsdd.com\\\/es\\\/#\\\/schema\\\/logo\\\/image\\\/\"}}]}<\/script>\n<!-- \/ Yoast SEO plugin. -->","yoast_head_json":{"title":"Unidad de disco de ruptura sellado roscado (tipo uni\u00f3n\/tornillo) - SU\/T","description":"Unidad de disco de ruptura roscada premontada con disco calibrado en f\u00e1brica. Instalaci\u00f3n estanca con conexiones NPT, BSP o UNF para servicio de gas y l\u00edquido, certificada PED y EAC.","robots":{"index":"index","follow":"follow","max-snippet":"max-snippet:-1","max-image-preview":"max-image-preview:large","max-video-preview":"max-video-preview:-1"},"canonical":"https:\/\/www.donadonsdd.com\/es\/producto\/sut\/","og_locale":"es_ES","og_type":"article","og_title":"Unidad de disco de ruptura sellado roscado (tipo uni\u00f3n\/tornillo) - SU\/T","og_description":"Unidad de disco de ruptura roscada premontada con disco calibrado en f\u00e1brica. Instalaci\u00f3n estanca con conexiones NPT, BSP o UNF para servicio de gas y l\u00edquido, certificada PED y EAC.","og_url":"https:\/\/www.donadonsdd.com\/es\/producto\/sut\/","og_site_name":"DonadonSDD Srl","article_modified_time":"2026-02-27T23:37:58+00:00","og_image":[{"width":1800,"height":1201,"url":"https:\/\/www.donadonsdd.com\/wp-content\/uploads\/2025\/12\/donadon-104_result-2048x1366-trasp.png","type":"image\/png"}],"twitter_card":"summary_large_image","twitter_misc":{"Tiempo de lectura":"1 minuto"},"schema":{"@context":"https:\/\/schema.org","@graph":[{"@type":"WebPage","@id":"https:\/\/www.donadonsdd.com\/es\/producto\/sut\/","url":"https:\/\/www.donadonsdd.com\/es\/producto\/sut\/","name":"Unidad de disco de ruptura sellado roscado (tipo uni\u00f3n\/tornillo) - SU\/T","isPartOf":{"@id":"https:\/\/www.donadonsdd.com\/es\/#website"},"primaryImageOfPage":{"@id":"https:\/\/www.donadonsdd.com\/es\/producto\/sut\/#primaryimage"},"image":{"@id":"https:\/\/www.donadonsdd.com\/es\/producto\/sut\/#primaryimage"},"thumbnailUrl":"https:\/\/www.donadonsdd.com\/wp-content\/uploads\/2025\/12\/donadon-104_result-2048x1366-trasp.png","datePublished":"2025-12-11T13:22:53+00:00","dateModified":"2026-02-27T23:37:58+00:00","description":"Unidad de disco de ruptura roscada premontada con disco calibrado en f\u00e1brica. Instalaci\u00f3n estanca con conexiones NPT, BSP o UNF para servicio de gas y l\u00edquido, certificada PED y EAC.","breadcrumb":{"@id":"https:\/\/www.donadonsdd.com\/es\/producto\/sut\/#breadcrumb"},"inLanguage":"es","potentialAction":[{"@type":"ReadAction","target":["https:\/\/www.donadonsdd.com\/es\/producto\/sut\/"]}]},{"@type":"ImageObject","inLanguage":"es","@id":"https:\/\/www.donadonsdd.com\/es\/producto\/sut\/#primaryimage","url":"https:\/\/www.donadonsdd.com\/wp-content\/uploads\/2025\/12\/donadon-104_result-2048x1366-trasp.png","contentUrl":"https:\/\/www.donadonsdd.com\/wp-content\/uploads\/2025\/12\/donadon-104_result-2048x1366-trasp.png","width":1800,"height":1201},{"@type":"BreadcrumbList","@id":"https:\/\/www.donadonsdd.com\/es\/producto\/sut\/#breadcrumb","itemListElement":[{"@type":"ListItem","position":1,"name":"HOMEPAGE","item":"https:\/\/www.donadonsdd.com\/es\/"},{"@type":"ListItem","position":2,"name":"Unidades estancas SU\/T &#8211; Montaje f\u00e1cil y fiable de discos de ruptura para plantas industriales"}]},{"@type":"WebSite","@id":"https:\/\/www.donadonsdd.com\/es\/#website","url":"https:\/\/www.donadonsdd.com\/es\/","name":"DonadonSDD Srl","description":"","publisher":{"@id":"https:\/\/www.donadonsdd.com\/es\/#organization"},"potentialAction":[{"@type":"SearchAction","target":{"@type":"EntryPoint","urlTemplate":"https:\/\/www.donadonsdd.com\/es\/?s={search_term_string}"},"query-input":{"@type":"PropertyValueSpecification","valueRequired":true,"valueName":"search_term_string"}}],"inLanguage":"es"},{"@type":"Organization","@id":"https:\/\/www.donadonsdd.com\/es\/#organization","name":"DonadonSDD Srl","url":"https:\/\/www.donadonsdd.com\/es\/","logo":{"@type":"ImageObject","inLanguage":"es","@id":"https:\/\/www.donadonsdd.com\/es\/#\/schema\/logo\/image\/","url":"https:\/\/www.donadonsdd.com\/wp-content\/uploads\/2025\/11\/donadonsdd-logo.png","contentUrl":"https:\/\/www.donadonsdd.com\/wp-content\/uploads\/2025\/11\/donadonsdd-logo.png","width":544,"height":96,"caption":"DonadonSDD Srl"},"image":{"@id":"https:\/\/www.donadonsdd.com\/es\/#\/schema\/logo\/image\/"}}]}},"toolset-meta":{"toolset-woocommerce-fields":{"_download_limit":{"type":"numeric","raw":""},"_virtual":{"type":"checkbox","raw":""},"_downloadable":{"type":"checkbox","raw":""},"_download_expiry":{"type":"numeric","raw":""},"_download_type":{"type":"radio","raw":""},"_regular_price":{"type":"numeric","raw":""},"_sale_price":{"type":"numeric","raw":""},"_sale_price_dates_from":{"type":"date","raw":"","formatted":null},"_sale_price_dates_to":{"type":"date","raw":"","formatted":null},"_sku":{"type":"textfield","raw":""},"_manage_stock":{"type":"checkbox","raw":""},"_stock_status":{"type":"radio","raw":""},"_stock":{"type":"numeric","raw":""},"_backorders":{"type":"radio","raw":""},"_sold_individually":{"type":"checkbox","raw":""},"_width":{"type":"numeric","raw":""},"_weight":{"type":"numeric","raw":""},"_length":{"type":"numeric","raw":""},"_purchase_note":{"type":"textarea","raw":""}},"infografica":{"operation-ratio":{"type":"textfield","raw":"hasta el 80"},"non-fragmenting":{"type":"textfield","raw":"no"},"vacumm-resistant":{"type":"textfield","raw":"normalmente, no"},"sanitary":{"type":"textfield","raw":"no"},"liquid":{"type":"textfield","raw":"s\u00ed"},"vapor-gas":{"type":"textfield","raw":"s\u00ed"},"ferrules":{"type":"textfield","raw":""}},"dettagli-prodotto":{"immagini-prodotto":{"type":"image","raw":["https:\/\/www.donadonsdd.com\/wp-content\/uploads\/2025\/12\/donadon-104_result.webp","https:\/\/www.donadonsdd.com\/wp-content\/uploads\/2025\/12\/donadon-105_result.webp","https:\/\/www.donadonsdd.com\/wp-content\/uploads\/2025\/12\/donadon-106_result.webp","https:\/\/www.donadonsdd.com\/wp-content\/uploads\/2025\/12\/donadon-107_result.webp","https:\/\/www.donadonsdd.com\/wp-content\/uploads\/2025\/12\/donadon-108_result.webp","https:\/\/www.donadonsdd.com\/wp-content\/uploads\/2025\/12\/donadon-109_result.webp",""],"repeatable":[{"raw":"https:\/\/www.donadonsdd.com\/wp-content\/uploads\/2025\/12\/donadon-104_result.webp","attachment_id":6075},{"raw":"https:\/\/www.donadonsdd.com\/wp-content\/uploads\/2025\/12\/donadon-105_result.webp","attachment_id":6076},{"raw":"https:\/\/www.donadonsdd.com\/wp-content\/uploads\/2025\/12\/donadon-106_result.webp","attachment_id":1512},{"raw":"https:\/\/www.donadonsdd.com\/wp-content\/uploads\/2025\/12\/donadon-107_result.webp","attachment_id":6079},{"raw":"https:\/\/www.donadonsdd.com\/wp-content\/uploads\/2025\/12\/donadon-108_result.webp","attachment_id":6080},{"raw":"https:\/\/www.donadonsdd.com\/wp-content\/uploads\/2025\/12\/donadon-109_result.webp","attachment_id":6081},{"raw":""}]},"tabella-specifiche":{"type":"wysiwyg","raw":"MODELO | SU\/T;\nMATERIALES | Acero inoxidable;\nPRESI\u00d3N DE RUPTURA | 0,3 - 1150 bar g (Seg\u00fan tama\u00f1o y material);\nTOLERANCIA | de +\/- 5 % a +\/- 20%;\nTEMPERATURA DE FUNCIONAMIENTO | hasta 500\u00b0C;\nFRAGMENTACI\u00d3N | S\u00ed (Sin fragmentaci\u00f3n en ejecuci\u00f3n especial);\nMARGEN DE FUNCIONAMIENTO | Puede llegar hasta el 80% seg\u00fan condiciones de servicio.;\nRESISTENCIA A LA PRESI\u00d3N DE VAC\u00cdO | No (Soporte de vac\u00edo en ejecuci\u00f3n especial);\nRESISTENCIA A LA CORROSI\u00d3N | Muy buena;\nINSTALACI\u00d3N | Instalaci\u00f3n directa;"}}},"_links":{"self":[{"href":"https:\/\/www.donadonsdd.com\/es\/wp-json\/wp\/v2\/product\/6117","targetHints":{"allow":["GET"]}}],"collection":[{"href":"https:\/\/www.donadonsdd.com\/es\/wp-json\/wp\/v2\/product"}],"about":[{"href":"https:\/\/www.donadonsdd.com\/es\/wp-json\/wp\/v2\/types\/product"}],"wp:featuredmedia":[{"embeddable":true,"href":"https:\/\/www.donadonsdd.com\/es\/wp-json\/wp\/v2\/media\/10286"}],"wp:attachment":[{"href":"https:\/\/www.donadonsdd.com\/es\/wp-json\/wp\/v2\/media?parent=6117"}],"wp:term":[{"taxonomy":"categoria_prodotto","embeddable":true,"href":"https:\/\/www.donadonsdd.com\/es\/wp-json\/wp\/v2\/categoria_prodotto?post=6117"}],"curies":[{"name":"wp","href":"https:\/\/api.w.org\/{rel}","templated":true}]}}