{"id":6134,"date":"2025-12-11T15:44:57","date_gmt":"2025-12-11T14:44:57","guid":{"rendered":"https:\/\/www.donadonsdd.com\/product\/indicador-de-rotura-ir2c-deteccion-avanzada-para-disco-de-rotura-sanitario\/"},"modified":"2026-04-14T17:17:22","modified_gmt":"2026-04-14T15:17:22","slug":"ir2c","status":"publish","type":"product","link":"https:\/\/www.donadonsdd.com\/es\/producto\/ir2c\/","title":{"rendered":"Indicador de rotura IR2C &#8211; Detecci\u00f3n avanzada para disco de rotura sanitario"},"content":{"rendered":"<p>El indicador de rotura DonadonSDD IR2C es un dispositivo aerodin\u00e1mico y eficaz dise\u00f1ado para la detecci\u00f3n precisa de roturas de discos de rotura sanitarios. Este indicador se coloca estrat\u00e9gicamente en el lado del desag\u00fce, aguas abajo del accesorio espaciador, para garantizar un rendimiento \u00f3ptimo.<\/p>\n<p>El sensor IR2C est\u00e1 formado por dos componentes principales:<\/p>\n<ul>\n<li>Elemento activo compuesto por una pista flexible de cobre encapsulada entre dos capas aislantes de Kapton, acoplada a una membrana perforada de PTFE y dos juntas de PTFE. Estos componentes est\u00e1n dise\u00f1ados espec\u00edficamente para ser compatibles con las instalaciones de conexi\u00f3n sanitaria.<\/li>\n<li>Un cable de interfaz, disponible en configuraci\u00f3n est\u00e1ndar con casquillos dobles u opcional con conector, facilita conexiones vers\u00e1tiles.<\/li>\n<\/ul>\n<p>La conexi\u00f3n al sistema de seguridad de la planta se consigue mediante un cable indicador de alarma, que se conecta a trav\u00e9s de una barrera de seguridad intr\u00ednseca. Esta configuraci\u00f3n se ajusta a las caracter\u00edsticas el\u00e9ctricas especificadas del sensor (tensi\u00f3n m\u00e1xima de 24 V CC y corriente m\u00e1xima de 50 mA) y est\u00e1 adaptada para cumplir los requisitos de clasificaci\u00f3n de zonas.<\/p>\n<p>En caso de rotura del disco, se interrumpe el circuito de cobre del indicador IR2C, con lo que se detiene el flujo de corriente. Esta interrupci\u00f3n permite a los dispositivos conectados se\u00f1alar eficazmente la activaci\u00f3n del disco de ruptura.<\/p>\n<p>El sensor IR2E cumple plenamente la Directiva Europea 2014\/34\/UE (ATEX), el Instrumento Legal del Reino Unido 2016 n\u00ba 1107 (UKCA), CU TR 012 (EAC), y est\u00e1 certificado seg\u00fan el esquema IECEx. Esta adhesi\u00f3n subraya su fiabilidad y seguridad de uso en entornos peligrosos.<\/p>\n<p>La zona de instalaci\u00f3n del sensor viene determinada por el tipo de barrera utilizada:<\/p>\n<ul>\n<li>Para una barrera Ex ia, se permite la instalaci\u00f3n en las zonas 0, 20, 1, 21, 2, 22.<\/li>\n<li>Para una barrera Ex ib, se permite la instalaci\u00f3n en las zonas 1, 21, 2, 22.<\/li>\n<\/ul>\n<p>Los procedimientos de instalaci\u00f3n deben ajustarse a la norma EN 60079-14 y a las normas el\u00e9ctricas nacionales m\u00e1s recientes para garantizar la seguridad y la conformidad.<\/p>\n","protected":false},"excerpt":{"rendered":"<p>El indicador de rotura DonadonSDD IR2C es un dispositivo aerodin\u00e1mico y eficaz dise\u00f1ado para la detecci\u00f3n precisa de roturas de discos de rotura sanitarios. Este indicador se coloca estrat\u00e9gicamente en el lado del desag\u00fce, aguas abajo del accesorio espaciador, para garantizar un rendimiento \u00f3ptimo. El sensor IR2C est\u00e1 formado por dos componentes principales: Elemento activo [&hellip;]<\/p>\n","protected":false},"featured_media":6136,"menu_order":0,"template":"","meta":{"_acf_changed":false},"categoria_prodotto":[94,81],"class_list":["post-6134","product","type-product","status-publish","has-post-thumbnail","hentry","categoria_prodotto-electric","categoria_prodotto-rupture-indicators"],"acf":[],"yoast_head":"<!-- This site is optimized with the Yoast SEO plugin v27.3 - https:\/\/yoast.com\/product\/yoast-seo-wordpress\/ -->\n<title>Indicador de rotura IR2C - Detecci\u00f3n avanzada para disco de rotura sanitario - DonadonSDD Srl<\/title>\n<meta name=\"description\" content=\"IR2C \u2013 indicador de rotura el\u00e9ctrico DonadonSDD para discos de ruptura sanitarios montados en racor espaciador. Certificado ATEX, IECEx y UKCA. Zonas peligrosas 0 a 22.\" \/>\n<meta name=\"robots\" content=\"index, follow, max-snippet:-1, max-image-preview:large, max-video-preview:-1\" \/>\n<link rel=\"canonical\" href=\"https:\/\/www.donadonsdd.com\/es\/producto\/ir2c\/\" \/>\n<meta property=\"og:locale\" content=\"es_ES\" \/>\n<meta property=\"og:type\" content=\"article\" \/>\n<meta property=\"og:title\" content=\"Indicador de rotura IR2C - Detecci\u00f3n avanzada para disco de rotura sanitario - DonadonSDD Srl\" \/>\n<meta property=\"og:description\" content=\"IR2C \u2013 indicador de rotura el\u00e9ctrico DonadonSDD para discos de ruptura sanitarios montados en racor espaciador. Certificado ATEX, IECEx y UKCA. Zonas peligrosas 0 a 22.\" \/>\n<meta property=\"og:url\" content=\"https:\/\/www.donadonsdd.com\/es\/producto\/ir2c\/\" \/>\n<meta property=\"og:site_name\" content=\"DonadonSDD Srl\" \/>\n<meta property=\"article:modified_time\" content=\"2026-04-14T15:17:22+00:00\" \/>\n<meta property=\"og:image\" content=\"https:\/\/www.donadonsdd.com\/wp-content\/uploads\/2025\/12\/donadon-sdd-ir2c-rupture-indicators-e1766346908929.png\" \/>\n\t<meta property=\"og:image:width\" content=\"1089\" \/>\n\t<meta property=\"og:image:height\" content=\"726\" \/>\n\t<meta property=\"og:image:type\" content=\"image\/png\" \/>\n<meta name=\"twitter:card\" content=\"summary_large_image\" \/>\n<meta name=\"twitter:label1\" content=\"Tiempo de lectura\" \/>\n\t<meta name=\"twitter:data1\" content=\"4 minuto\" \/>\n<script type=\"application\/ld+json\" class=\"yoast-schema-graph\">{\"@context\":\"https:\\\/\\\/schema.org\",\"@graph\":[{\"@type\":\"WebPage\",\"@id\":\"https:\\\/\\\/www.donadonsdd.com\\\/es\\\/producto\\\/ir2c\\\/\",\"url\":\"https:\\\/\\\/www.donadonsdd.com\\\/es\\\/producto\\\/ir2c\\\/\",\"name\":\"Indicador de rotura IR2C - Detecci\u00f3n avanzada para disco de rotura sanitario - DonadonSDD Srl\",\"isPartOf\":{\"@id\":\"https:\\\/\\\/www.donadonsdd.com\\\/es\\\/#website\"},\"primaryImageOfPage\":{\"@id\":\"https:\\\/\\\/www.donadonsdd.com\\\/es\\\/producto\\\/ir2c\\\/#primaryimage\"},\"image\":{\"@id\":\"https:\\\/\\\/www.donadonsdd.com\\\/es\\\/producto\\\/ir2c\\\/#primaryimage\"},\"thumbnailUrl\":\"https:\\\/\\\/www.donadonsdd.com\\\/wp-content\\\/uploads\\\/2025\\\/12\\\/donadon-sdd-ir2c-rupture-indicators-e1766346908929.png\",\"datePublished\":\"2025-12-11T14:44:57+00:00\",\"dateModified\":\"2026-04-14T15:17:22+00:00\",\"description\":\"IR2C \u2013 indicador de rotura el\u00e9ctrico DonadonSDD para discos de ruptura sanitarios montados en racor espaciador. Certificado ATEX, IECEx y UKCA. Zonas peligrosas 0 a 22.\",\"breadcrumb\":{\"@id\":\"https:\\\/\\\/www.donadonsdd.com\\\/es\\\/producto\\\/ir2c\\\/#breadcrumb\"},\"inLanguage\":\"es\",\"potentialAction\":[{\"@type\":\"ReadAction\",\"target\":[\"https:\\\/\\\/www.donadonsdd.com\\\/es\\\/producto\\\/ir2c\\\/\"]}]},{\"@type\":\"ImageObject\",\"inLanguage\":\"es\",\"@id\":\"https:\\\/\\\/www.donadonsdd.com\\\/es\\\/producto\\\/ir2c\\\/#primaryimage\",\"url\":\"https:\\\/\\\/www.donadonsdd.com\\\/wp-content\\\/uploads\\\/2025\\\/12\\\/donadon-sdd-ir2c-rupture-indicators-e1766346908929.png\",\"contentUrl\":\"https:\\\/\\\/www.donadonsdd.com\\\/wp-content\\\/uploads\\\/2025\\\/12\\\/donadon-sdd-ir2c-rupture-indicators-e1766346908929.png\",\"width\":1089,\"height\":726,\"caption\":\"donadon sdd ir2c rupture indicators\"},{\"@type\":\"BreadcrumbList\",\"@id\":\"https:\\\/\\\/www.donadonsdd.com\\\/es\\\/producto\\\/ir2c\\\/#breadcrumb\",\"itemListElement\":[{\"@type\":\"ListItem\",\"position\":1,\"name\":\"HOMEPAGE\",\"item\":\"https:\\\/\\\/www.donadonsdd.com\\\/es\\\/\"},{\"@type\":\"ListItem\",\"position\":2,\"name\":\"Indicador de rotura IR2C &#8211; Detecci\u00f3n avanzada para disco de rotura sanitario\"}]},{\"@type\":\"WebSite\",\"@id\":\"https:\\\/\\\/www.donadonsdd.com\\\/es\\\/#website\",\"url\":\"https:\\\/\\\/www.donadonsdd.com\\\/es\\\/\",\"name\":\"DonadonSDD Srl\",\"description\":\"\",\"publisher\":{\"@id\":\"https:\\\/\\\/www.donadonsdd.com\\\/es\\\/#organization\"},\"potentialAction\":[{\"@type\":\"SearchAction\",\"target\":{\"@type\":\"EntryPoint\",\"urlTemplate\":\"https:\\\/\\\/www.donadonsdd.com\\\/es\\\/?s={search_term_string}\"},\"query-input\":{\"@type\":\"PropertyValueSpecification\",\"valueRequired\":true,\"valueName\":\"search_term_string\"}}],\"inLanguage\":\"es\"},{\"@type\":\"Organization\",\"@id\":\"https:\\\/\\\/www.donadonsdd.com\\\/es\\\/#organization\",\"name\":\"DonadonSDD Srl\",\"url\":\"https:\\\/\\\/www.donadonsdd.com\\\/es\\\/\",\"logo\":{\"@type\":\"ImageObject\",\"inLanguage\":\"es\",\"@id\":\"https:\\\/\\\/www.donadonsdd.com\\\/es\\\/#\\\/schema\\\/logo\\\/image\\\/\",\"url\":\"https:\\\/\\\/www.donadonsdd.com\\\/wp-content\\\/uploads\\\/2025\\\/11\\\/donadonsdd-logo.png\",\"contentUrl\":\"https:\\\/\\\/www.donadonsdd.com\\\/wp-content\\\/uploads\\\/2025\\\/11\\\/donadonsdd-logo.png\",\"width\":544,\"height\":96,\"caption\":\"DonadonSDD Srl\"},\"image\":{\"@id\":\"https:\\\/\\\/www.donadonsdd.com\\\/es\\\/#\\\/schema\\\/logo\\\/image\\\/\"}}]}<\/script>\n<!-- \/ Yoast SEO plugin. -->","yoast_head_json":{"title":"Indicador de rotura IR2C - Detecci\u00f3n avanzada para disco de rotura sanitario - DonadonSDD Srl","description":"IR2C \u2013 indicador de rotura el\u00e9ctrico DonadonSDD para discos de ruptura sanitarios montados en racor espaciador. Certificado ATEX, IECEx y UKCA. Zonas peligrosas 0 a 22.","robots":{"index":"index","follow":"follow","max-snippet":"max-snippet:-1","max-image-preview":"max-image-preview:large","max-video-preview":"max-video-preview:-1"},"canonical":"https:\/\/www.donadonsdd.com\/es\/producto\/ir2c\/","og_locale":"es_ES","og_type":"article","og_title":"Indicador de rotura IR2C - Detecci\u00f3n avanzada para disco de rotura sanitario - DonadonSDD Srl","og_description":"IR2C \u2013 indicador de rotura el\u00e9ctrico DonadonSDD para discos de ruptura sanitarios montados en racor espaciador. Certificado ATEX, IECEx y UKCA. Zonas peligrosas 0 a 22.","og_url":"https:\/\/www.donadonsdd.com\/es\/producto\/ir2c\/","og_site_name":"DonadonSDD Srl","article_modified_time":"2026-04-14T15:17:22+00:00","og_image":[{"width":1089,"height":726,"url":"https:\/\/www.donadonsdd.com\/wp-content\/uploads\/2025\/12\/donadon-sdd-ir2c-rupture-indicators-e1766346908929.png","type":"image\/png"}],"twitter_card":"summary_large_image","twitter_misc":{"Tiempo de lectura":"4 minuto"},"schema":{"@context":"https:\/\/schema.org","@graph":[{"@type":"WebPage","@id":"https:\/\/www.donadonsdd.com\/es\/producto\/ir2c\/","url":"https:\/\/www.donadonsdd.com\/es\/producto\/ir2c\/","name":"Indicador de rotura IR2C - Detecci\u00f3n avanzada para disco de rotura sanitario - DonadonSDD Srl","isPartOf":{"@id":"https:\/\/www.donadonsdd.com\/es\/#website"},"primaryImageOfPage":{"@id":"https:\/\/www.donadonsdd.com\/es\/producto\/ir2c\/#primaryimage"},"image":{"@id":"https:\/\/www.donadonsdd.com\/es\/producto\/ir2c\/#primaryimage"},"thumbnailUrl":"https:\/\/www.donadonsdd.com\/wp-content\/uploads\/2025\/12\/donadon-sdd-ir2c-rupture-indicators-e1766346908929.png","datePublished":"2025-12-11T14:44:57+00:00","dateModified":"2026-04-14T15:17:22+00:00","description":"IR2C \u2013 indicador de rotura el\u00e9ctrico DonadonSDD para discos de ruptura sanitarios montados en racor espaciador. Certificado ATEX, IECEx y UKCA. Zonas peligrosas 0 a 22.","breadcrumb":{"@id":"https:\/\/www.donadonsdd.com\/es\/producto\/ir2c\/#breadcrumb"},"inLanguage":"es","potentialAction":[{"@type":"ReadAction","target":["https:\/\/www.donadonsdd.com\/es\/producto\/ir2c\/"]}]},{"@type":"ImageObject","inLanguage":"es","@id":"https:\/\/www.donadonsdd.com\/es\/producto\/ir2c\/#primaryimage","url":"https:\/\/www.donadonsdd.com\/wp-content\/uploads\/2025\/12\/donadon-sdd-ir2c-rupture-indicators-e1766346908929.png","contentUrl":"https:\/\/www.donadonsdd.com\/wp-content\/uploads\/2025\/12\/donadon-sdd-ir2c-rupture-indicators-e1766346908929.png","width":1089,"height":726,"caption":"donadon sdd ir2c rupture indicators"},{"@type":"BreadcrumbList","@id":"https:\/\/www.donadonsdd.com\/es\/producto\/ir2c\/#breadcrumb","itemListElement":[{"@type":"ListItem","position":1,"name":"HOMEPAGE","item":"https:\/\/www.donadonsdd.com\/es\/"},{"@type":"ListItem","position":2,"name":"Indicador de rotura IR2C &#8211; Detecci\u00f3n avanzada para disco de rotura sanitario"}]},{"@type":"WebSite","@id":"https:\/\/www.donadonsdd.com\/es\/#website","url":"https:\/\/www.donadonsdd.com\/es\/","name":"DonadonSDD Srl","description":"","publisher":{"@id":"https:\/\/www.donadonsdd.com\/es\/#organization"},"potentialAction":[{"@type":"SearchAction","target":{"@type":"EntryPoint","urlTemplate":"https:\/\/www.donadonsdd.com\/es\/?s={search_term_string}"},"query-input":{"@type":"PropertyValueSpecification","valueRequired":true,"valueName":"search_term_string"}}],"inLanguage":"es"},{"@type":"Organization","@id":"https:\/\/www.donadonsdd.com\/es\/#organization","name":"DonadonSDD Srl","url":"https:\/\/www.donadonsdd.com\/es\/","logo":{"@type":"ImageObject","inLanguage":"es","@id":"https:\/\/www.donadonsdd.com\/es\/#\/schema\/logo\/image\/","url":"https:\/\/www.donadonsdd.com\/wp-content\/uploads\/2025\/11\/donadonsdd-logo.png","contentUrl":"https:\/\/www.donadonsdd.com\/wp-content\/uploads\/2025\/11\/donadonsdd-logo.png","width":544,"height":96,"caption":"DonadonSDD Srl"},"image":{"@id":"https:\/\/www.donadonsdd.com\/es\/#\/schema\/logo\/image\/"}}]}},"toolset-meta":{"toolset-woocommerce-fields":{"_download_limit":{"type":"numeric","raw":""},"_virtual":{"type":"checkbox","raw":""},"_downloadable":{"type":"checkbox","raw":""},"_download_expiry":{"type":"numeric","raw":""},"_download_type":{"type":"radio","raw":""},"_regular_price":{"type":"numeric","raw":""},"_sale_price":{"type":"numeric","raw":""},"_sale_price_dates_from":{"type":"date","raw":"","formatted":null},"_sale_price_dates_to":{"type":"date","raw":"","formatted":null},"_sku":{"type":"textfield","raw":""},"_manage_stock":{"type":"checkbox","raw":""},"_stock_status":{"type":"radio","raw":""},"_stock":{"type":"numeric","raw":""},"_backorders":{"type":"radio","raw":""},"_sold_individually":{"type":"checkbox","raw":""},"_width":{"type":"numeric","raw":""},"_weight":{"type":"numeric","raw":""},"_length":{"type":"numeric","raw":""},"_purchase_note":{"type":"textarea","raw":""}},"infografica":{"operation-ratio":{"type":"textfield","raw":""},"non-fragmenting":{"type":"textfield","raw":""},"vacumm-resistant":{"type":"textfield","raw":""},"sanitary":{"type":"textfield","raw":""},"liquid":{"type":"textfield","raw":""},"vapor-gas":{"type":"textfield","raw":""},"ferrules":{"type":"textfield","raw":""}},"dettagli-prodotto":{"immagini-prodotto":{"type":"image","raw":["https:\/\/www.donadonsdd.com\/wp-content\/uploads\/2025\/12\/donadon-12_result.webp","https:\/\/www.donadonsdd.com\/wp-content\/uploads\/2025\/12\/donadon-13_result.webp","https:\/\/www.donadonsdd.com\/wp-content\/uploads\/2025\/12\/donadon-14_result.webp","https:\/\/www.donadonsdd.com\/wp-content\/uploads\/2025\/12\/donadon-15_result.webp"],"repeatable":[{"raw":"https:\/\/www.donadonsdd.com\/wp-content\/uploads\/2025\/12\/donadon-12_result.webp","attachment_id":6049},{"raw":"https:\/\/www.donadonsdd.com\/wp-content\/uploads\/2025\/12\/donadon-13_result.webp","attachment_id":6106},{"raw":"https:\/\/www.donadonsdd.com\/wp-content\/uploads\/2025\/12\/donadon-14_result.webp","attachment_id":6108},{"raw":"https:\/\/www.donadonsdd.com\/wp-content\/uploads\/2025\/12\/donadon-15_result.webp","attachment_id":6110}]},"tabella-specifiche":{"type":"wysiwyg","raw":"===TABLE===\r\nModelo | IR2C;\r\nTemperatura de funcionamiento | Parte activa: de -196 \u00b0C a 260 \u00b0C \u00a7 Cable de interfaz: de -40 \u00b0C a +70 \u00b0C;\r\nEncapsulaci\u00f3n de membrana | Poliamida (Kapton\u00ae);\r\nPlaca de circuito impreso | Cobre;\r\nCable | Est\u00e1ndar, 2 m - disponible con dos casquillos o con conector \u00a7 Longitud m\u00e1xima 15 m;\r\nPar\u00e1metros el\u00e9ctricos de la fuente de alimentaci\u00f3n (m\u00e1x.) | Tensi\u00f3n: 24 V CC \u00a7 Intensidad: 50 mA \u00a7 Potencia: 0,3 W \u00a7 Capacidad: 780 pF \u00a7 Inductancia: 7,2 \u00b5H;\r\nFluido de proceso | Gas, l\u00edquido, polvo;\r\nGrado IP | 67;\r\nCompatibilidad con soportes \/ discos sanitarios | <a href=\"https:\/\/www.donadonsdd.com\/es\/producto\/htc\/\">HTC<\/a> \u00a7 <a href=\"https:\/\/www.donadonsdd.com\/es\/producto\/dcd-sanitary\/\">DCD<\/a>, <a href=\"https:\/\/www.donadonsdd.com\/es\/producto\/scd-sanitary\/\">SCD<\/a>, <a href=\"https:\/\/www.donadonsdd.com\/es\/producto\/scr-sanitary\/\">SCR<\/a>, <a href=\"https:\/\/www.donadonsdd.com\/es\/producto\/y90-sanitary\/\">Y90<\/a>, <a href=\"https:\/\/www.donadonsdd.com\/es\/producto\/krd-sanitary\/\">KRD<\/a>;\r\nOpciones de Configuraci\u00f3n del Cable de Interfaz | Cable Terminado con Casquillos Dobles \u00a7 Cable Equipado con Conector;\r\n===TEXT===\r\n<h3>Presi\u00f3n m\u00ednima de funcionamiento en funci\u00f3n del di\u00e1metro<\/h3>\r\n===TABLE===\r\nDN (MM) | 32 | 40 | 50 | 65 | 80 | 100 | 125 | 150 | 200;\r\nNPS (PULGADAS) | 1 1\/4 | 1 1\/2 | 2 | 2 1\/2 | 3 | 4 | 4 1\/2 | 6 | 8-14;\r\nPresi\u00f3n m\u00ednima (BAR G) | 0,3 | 0,25 | 0,18 | 0,15 | 0,11 | 0,09 | 0,08 | 0,06 | 0,05;"}}},"_links":{"self":[{"href":"https:\/\/www.donadonsdd.com\/es\/wp-json\/wp\/v2\/product\/6134","targetHints":{"allow":["GET"]}}],"collection":[{"href":"https:\/\/www.donadonsdd.com\/es\/wp-json\/wp\/v2\/product"}],"about":[{"href":"https:\/\/www.donadonsdd.com\/es\/wp-json\/wp\/v2\/types\/product"}],"wp:featuredmedia":[{"embeddable":true,"href":"https:\/\/www.donadonsdd.com\/es\/wp-json\/wp\/v2\/media\/6136"}],"wp:attachment":[{"href":"https:\/\/www.donadonsdd.com\/es\/wp-json\/wp\/v2\/media?parent=6134"}],"wp:term":[{"taxonomy":"categoria_prodotto","embeddable":true,"href":"https:\/\/www.donadonsdd.com\/es\/wp-json\/wp\/v2\/categoria_prodotto?post=6134"}],"curies":[{"name":"wp","href":"https:\/\/api.w.org\/{rel}","templated":true}]}}