{"id":6143,"date":"2025-12-11T16:45:06","date_gmt":"2025-12-11T15:45:06","guid":{"rendered":"https:\/\/www.donadonsdd.com\/product\/indicador-de-rotura-ir2p-deteccion-avanzada-de-la-integridad-del-panel-de-venteo\/"},"modified":"2026-02-28T00:21:24","modified_gmt":"2026-02-27T23:21:24","slug":"ir2p","status":"publish","type":"product","link":"https:\/\/www.donadonsdd.com\/es\/producto\/ir2p\/","title":{"rendered":"Indicador de rotura IR2P &#8211; Detecci\u00f3n avanzada de la integridad del panel de venteo"},"content":{"rendered":"<p>El indicador de rotura DonadonSDD IR2P est\u00e1 dise\u00f1ado como una herramienta sencilla y eficaz para detectar fracturas en los discos de ruptura. Se instala de forma exclusiva directamente en el panel de venteo durante la construcci\u00f3n del panel, lo que garantiza una integraci\u00f3n perfecta para una capacidad de detecci\u00f3n \u00f3ptima. <\/p>\n<h2>Caracter\u00edsticas principales y ventajas t\u00e9cnicas<\/h2>\n<h3>Instalaci\u00f3n directa:<\/h3>\n<p>El detector IR2P est\u00e1 dise\u00f1ado para montarse directamente en el panel de ventilaci\u00f3n, lo que facilita un proceso de instalaci\u00f3n sencillo.<\/p>\n<h3>Mecanismo de detecci\u00f3n avanzado:<\/h3>\n<p>Presenta una pista de cobre flexible, encapsulada entre dos capas aislantes de Kapton, y va emparejada con un cable de interfaz. Este cable puede configurarse con casquillos dobles est\u00e1ndar o equiparse con un conector, lo que ofrece flexibilidad en las opciones de conexi\u00f3n.<br \/>\nIntr\u00ednseco <\/p>\n<h3>Cumplimiento de las normas de seguridad:<\/h3>\n<p>El cable del indicador de alarma se conecta al sistema de seguridad de la planta a trav\u00e9s de una barrera de seguridad intr\u00ednseca, garantizando el cumplimiento de los requisitos el\u00e9ctricos del sensor (tensi\u00f3n m\u00e1xima de 24 V CC y corriente m\u00e1xima de 50 mA) y la clasificaci\u00f3n de zonas adecuada.<\/p>\n<h3>Eficiencia operativa:<\/h3>\n<p>Al producirse la rotura de un panel, se interrumpe el circuito de cobre del indicador IR2P, lo que a su vez interrumpe el flujo de corriente. Esta interrupci\u00f3n es una se\u00f1al para que el equipo conectado indique la apertura efectiva del disco de ruptura, mejorando los protocolos de seguridad dentro de la instalaci\u00f3n. <\/p>\n<p>El sensor IR2P cumple plenamente la Directiva Europea 2014\/34\/UE (ATEX), el Instrumento Legal del Reino Unido 2016 n\u00ba 1107 (UKCA), CU TR 012 (EAC), y est\u00e1 certificado seg\u00fan el esquema IECEx. Esta adhesi\u00f3n subraya su fiabilidad y seguridad de uso en entornos peligrosos. <\/p>\n<p>La zona de instalaci\u00f3n del sensor viene determinada por el tipo de barrera utilizada:<\/p>\n<ul>\n<li>Para una barrera Ex ia, se permite la instalaci\u00f3n en las zonas 0, 20, 1, 21, 2, 22.<\/li>\n<li>Para una barrera Ex ib, se permite la instalaci\u00f3n en las zonas 1, 21, 2, 22.<\/li>\n<\/ul>\n<p>Los procedimientos de instalaci\u00f3n deben ajustarse a la norma EN 60079-14 y a las normas el\u00e9ctricas nacionales m\u00e1s recientes para garantizar la seguridad y la conformidad.<\/p>\n","protected":false},"excerpt":{"rendered":"<p>El indicador de rotura DonadonSDD IR2P est\u00e1 dise\u00f1ado como una herramienta sencilla y eficaz para detectar fracturas en los discos de ruptura. Se instala de forma exclusiva directamente en el panel de venteo durante la construcci\u00f3n del panel, lo que garantiza una integraci\u00f3n perfecta para una capacidad de detecci\u00f3n \u00f3ptima. Caracter\u00edsticas principales y ventajas t\u00e9cnicas [&hellip;]<\/p>\n","protected":false},"featured_media":10274,"menu_order":0,"template":"","meta":{"_acf_changed":false},"categoria_prodotto":[94,81],"class_list":["post-6143","product","type-product","status-publish","has-post-thumbnail","hentry","categoria_prodotto-electric","categoria_prodotto-rupture-indicators"],"acf":[],"yoast_head":"<!-- This site is optimized with the Yoast SEO plugin v27.3 - https:\/\/yoast.com\/product\/yoast-seo-wordpress\/ -->\n<title>Indicador el\u00e9ctrico de disco de ruptura para paneles de ventilaci\u00f3n - IR2P<\/title>\n<meta name=\"description\" content=\"Indicador el\u00e9ctrico de disco de ruptura para detectar la rotura del panel de venteo. Directamente integrado en el panel para se\u00f1alar los eventos de apertura, intr\u00ednsecamente seguro, con clasificaci\u00f3n IP67, certificado ATEX, IECEx y EAC.\" \/>\n<meta name=\"robots\" content=\"index, follow, max-snippet:-1, max-image-preview:large, max-video-preview:-1\" \/>\n<link rel=\"canonical\" href=\"https:\/\/www.donadonsdd.com\/es\/producto\/ir2p\/\" \/>\n<meta property=\"og:locale\" content=\"es_ES\" \/>\n<meta property=\"og:type\" content=\"article\" \/>\n<meta property=\"og:title\" content=\"Indicador el\u00e9ctrico de disco de ruptura para paneles de ventilaci\u00f3n - IR2P\" \/>\n<meta property=\"og:description\" content=\"Indicador el\u00e9ctrico de disco de ruptura para detectar la rotura del panel de venteo. Directamente integrado en el panel para se\u00f1alar los eventos de apertura, intr\u00ednsecamente seguro, con clasificaci\u00f3n IP67, certificado ATEX, IECEx y EAC.\" \/>\n<meta property=\"og:url\" content=\"https:\/\/www.donadonsdd.com\/es\/producto\/ir2p\/\" \/>\n<meta property=\"og:site_name\" content=\"DonadonSDD Srl\" \/>\n<meta property=\"article:modified_time\" content=\"2026-02-27T23:21:24+00:00\" \/>\n<meta property=\"og:image\" content=\"https:\/\/www.donadonsdd.com\/wp-content\/uploads\/2025\/12\/img_136-remove-background.com_.png\" \/>\n\t<meta property=\"og:image:width\" content=\"700\" \/>\n\t<meta property=\"og:image:height\" content=\"466\" \/>\n\t<meta property=\"og:image:type\" content=\"image\/png\" \/>\n<meta name=\"twitter:card\" content=\"summary_large_image\" \/>\n<meta name=\"twitter:label1\" content=\"Tiempo de lectura\" \/>\n\t<meta name=\"twitter:data1\" content=\"2 minuto\" \/>\n<script type=\"application\/ld+json\" class=\"yoast-schema-graph\">{\"@context\":\"https:\\\/\\\/schema.org\",\"@graph\":[{\"@type\":\"WebPage\",\"@id\":\"https:\\\/\\\/www.donadonsdd.com\\\/es\\\/producto\\\/ir2p\\\/\",\"url\":\"https:\\\/\\\/www.donadonsdd.com\\\/es\\\/producto\\\/ir2p\\\/\",\"name\":\"Indicador el\u00e9ctrico de disco de ruptura para paneles de ventilaci\u00f3n - IR2P\",\"isPartOf\":{\"@id\":\"https:\\\/\\\/www.donadonsdd.com\\\/es\\\/#website\"},\"primaryImageOfPage\":{\"@id\":\"https:\\\/\\\/www.donadonsdd.com\\\/es\\\/producto\\\/ir2p\\\/#primaryimage\"},\"image\":{\"@id\":\"https:\\\/\\\/www.donadonsdd.com\\\/es\\\/producto\\\/ir2p\\\/#primaryimage\"},\"thumbnailUrl\":\"https:\\\/\\\/www.donadonsdd.com\\\/wp-content\\\/uploads\\\/2025\\\/12\\\/img_136-remove-background.com_.png\",\"datePublished\":\"2025-12-11T15:45:06+00:00\",\"dateModified\":\"2026-02-27T23:21:24+00:00\",\"description\":\"Indicador el\u00e9ctrico de disco de ruptura para detectar la rotura del panel de venteo. Directamente integrado en el panel para se\u00f1alar los eventos de apertura, intr\u00ednsecamente seguro, con clasificaci\u00f3n IP67, certificado ATEX, IECEx y EAC.\",\"breadcrumb\":{\"@id\":\"https:\\\/\\\/www.donadonsdd.com\\\/es\\\/producto\\\/ir2p\\\/#breadcrumb\"},\"inLanguage\":\"es\",\"potentialAction\":[{\"@type\":\"ReadAction\",\"target\":[\"https:\\\/\\\/www.donadonsdd.com\\\/es\\\/producto\\\/ir2p\\\/\"]}]},{\"@type\":\"ImageObject\",\"inLanguage\":\"es\",\"@id\":\"https:\\\/\\\/www.donadonsdd.com\\\/es\\\/producto\\\/ir2p\\\/#primaryimage\",\"url\":\"https:\\\/\\\/www.donadonsdd.com\\\/wp-content\\\/uploads\\\/2025\\\/12\\\/img_136-remove-background.com_.png\",\"contentUrl\":\"https:\\\/\\\/www.donadonsdd.com\\\/wp-content\\\/uploads\\\/2025\\\/12\\\/img_136-remove-background.com_.png\",\"width\":700,\"height\":466},{\"@type\":\"BreadcrumbList\",\"@id\":\"https:\\\/\\\/www.donadonsdd.com\\\/es\\\/producto\\\/ir2p\\\/#breadcrumb\",\"itemListElement\":[{\"@type\":\"ListItem\",\"position\":1,\"name\":\"HOMEPAGE\",\"item\":\"https:\\\/\\\/www.donadonsdd.com\\\/es\\\/\"},{\"@type\":\"ListItem\",\"position\":2,\"name\":\"Indicador de rotura IR2P &#8211; Detecci\u00f3n avanzada de la integridad del panel de venteo\"}]},{\"@type\":\"WebSite\",\"@id\":\"https:\\\/\\\/www.donadonsdd.com\\\/es\\\/#website\",\"url\":\"https:\\\/\\\/www.donadonsdd.com\\\/es\\\/\",\"name\":\"DonadonSDD Srl\",\"description\":\"\",\"publisher\":{\"@id\":\"https:\\\/\\\/www.donadonsdd.com\\\/es\\\/#organization\"},\"potentialAction\":[{\"@type\":\"SearchAction\",\"target\":{\"@type\":\"EntryPoint\",\"urlTemplate\":\"https:\\\/\\\/www.donadonsdd.com\\\/es\\\/?s={search_term_string}\"},\"query-input\":{\"@type\":\"PropertyValueSpecification\",\"valueRequired\":true,\"valueName\":\"search_term_string\"}}],\"inLanguage\":\"es\"},{\"@type\":\"Organization\",\"@id\":\"https:\\\/\\\/www.donadonsdd.com\\\/es\\\/#organization\",\"name\":\"DonadonSDD Srl\",\"url\":\"https:\\\/\\\/www.donadonsdd.com\\\/es\\\/\",\"logo\":{\"@type\":\"ImageObject\",\"inLanguage\":\"es\",\"@id\":\"https:\\\/\\\/www.donadonsdd.com\\\/es\\\/#\\\/schema\\\/logo\\\/image\\\/\",\"url\":\"https:\\\/\\\/www.donadonsdd.com\\\/wp-content\\\/uploads\\\/2025\\\/11\\\/donadonsdd-logo.png\",\"contentUrl\":\"https:\\\/\\\/www.donadonsdd.com\\\/wp-content\\\/uploads\\\/2025\\\/11\\\/donadonsdd-logo.png\",\"width\":544,\"height\":96,\"caption\":\"DonadonSDD Srl\"},\"image\":{\"@id\":\"https:\\\/\\\/www.donadonsdd.com\\\/es\\\/#\\\/schema\\\/logo\\\/image\\\/\"}}]}<\/script>\n<!-- \/ Yoast SEO plugin. -->","yoast_head_json":{"title":"Indicador el\u00e9ctrico de disco de ruptura para paneles de ventilaci\u00f3n - IR2P","description":"Indicador el\u00e9ctrico de disco de ruptura para detectar la rotura del panel de venteo. Directamente integrado en el panel para se\u00f1alar los eventos de apertura, intr\u00ednsecamente seguro, con clasificaci\u00f3n IP67, certificado ATEX, IECEx y EAC.","robots":{"index":"index","follow":"follow","max-snippet":"max-snippet:-1","max-image-preview":"max-image-preview:large","max-video-preview":"max-video-preview:-1"},"canonical":"https:\/\/www.donadonsdd.com\/es\/producto\/ir2p\/","og_locale":"es_ES","og_type":"article","og_title":"Indicador el\u00e9ctrico de disco de ruptura para paneles de ventilaci\u00f3n - IR2P","og_description":"Indicador el\u00e9ctrico de disco de ruptura para detectar la rotura del panel de venteo. Directamente integrado en el panel para se\u00f1alar los eventos de apertura, intr\u00ednsecamente seguro, con clasificaci\u00f3n IP67, certificado ATEX, IECEx y EAC.","og_url":"https:\/\/www.donadonsdd.com\/es\/producto\/ir2p\/","og_site_name":"DonadonSDD Srl","article_modified_time":"2026-02-27T23:21:24+00:00","og_image":[{"width":700,"height":466,"url":"https:\/\/www.donadonsdd.com\/wp-content\/uploads\/2025\/12\/img_136-remove-background.com_.png","type":"image\/png"}],"twitter_card":"summary_large_image","twitter_misc":{"Tiempo de lectura":"2 minuto"},"schema":{"@context":"https:\/\/schema.org","@graph":[{"@type":"WebPage","@id":"https:\/\/www.donadonsdd.com\/es\/producto\/ir2p\/","url":"https:\/\/www.donadonsdd.com\/es\/producto\/ir2p\/","name":"Indicador el\u00e9ctrico de disco de ruptura para paneles de ventilaci\u00f3n - IR2P","isPartOf":{"@id":"https:\/\/www.donadonsdd.com\/es\/#website"},"primaryImageOfPage":{"@id":"https:\/\/www.donadonsdd.com\/es\/producto\/ir2p\/#primaryimage"},"image":{"@id":"https:\/\/www.donadonsdd.com\/es\/producto\/ir2p\/#primaryimage"},"thumbnailUrl":"https:\/\/www.donadonsdd.com\/wp-content\/uploads\/2025\/12\/img_136-remove-background.com_.png","datePublished":"2025-12-11T15:45:06+00:00","dateModified":"2026-02-27T23:21:24+00:00","description":"Indicador el\u00e9ctrico de disco de ruptura para detectar la rotura del panel de venteo. Directamente integrado en el panel para se\u00f1alar los eventos de apertura, intr\u00ednsecamente seguro, con clasificaci\u00f3n IP67, certificado ATEX, IECEx y EAC.","breadcrumb":{"@id":"https:\/\/www.donadonsdd.com\/es\/producto\/ir2p\/#breadcrumb"},"inLanguage":"es","potentialAction":[{"@type":"ReadAction","target":["https:\/\/www.donadonsdd.com\/es\/producto\/ir2p\/"]}]},{"@type":"ImageObject","inLanguage":"es","@id":"https:\/\/www.donadonsdd.com\/es\/producto\/ir2p\/#primaryimage","url":"https:\/\/www.donadonsdd.com\/wp-content\/uploads\/2025\/12\/img_136-remove-background.com_.png","contentUrl":"https:\/\/www.donadonsdd.com\/wp-content\/uploads\/2025\/12\/img_136-remove-background.com_.png","width":700,"height":466},{"@type":"BreadcrumbList","@id":"https:\/\/www.donadonsdd.com\/es\/producto\/ir2p\/#breadcrumb","itemListElement":[{"@type":"ListItem","position":1,"name":"HOMEPAGE","item":"https:\/\/www.donadonsdd.com\/es\/"},{"@type":"ListItem","position":2,"name":"Indicador de rotura IR2P &#8211; Detecci\u00f3n avanzada de la integridad del panel de venteo"}]},{"@type":"WebSite","@id":"https:\/\/www.donadonsdd.com\/es\/#website","url":"https:\/\/www.donadonsdd.com\/es\/","name":"DonadonSDD Srl","description":"","publisher":{"@id":"https:\/\/www.donadonsdd.com\/es\/#organization"},"potentialAction":[{"@type":"SearchAction","target":{"@type":"EntryPoint","urlTemplate":"https:\/\/www.donadonsdd.com\/es\/?s={search_term_string}"},"query-input":{"@type":"PropertyValueSpecification","valueRequired":true,"valueName":"search_term_string"}}],"inLanguage":"es"},{"@type":"Organization","@id":"https:\/\/www.donadonsdd.com\/es\/#organization","name":"DonadonSDD Srl","url":"https:\/\/www.donadonsdd.com\/es\/","logo":{"@type":"ImageObject","inLanguage":"es","@id":"https:\/\/www.donadonsdd.com\/es\/#\/schema\/logo\/image\/","url":"https:\/\/www.donadonsdd.com\/wp-content\/uploads\/2025\/11\/donadonsdd-logo.png","contentUrl":"https:\/\/www.donadonsdd.com\/wp-content\/uploads\/2025\/11\/donadonsdd-logo.png","width":544,"height":96,"caption":"DonadonSDD Srl"},"image":{"@id":"https:\/\/www.donadonsdd.com\/es\/#\/schema\/logo\/image\/"}}]}},"toolset-meta":{"toolset-woocommerce-fields":{"_download_limit":{"type":"numeric","raw":""},"_virtual":{"type":"checkbox","raw":""},"_downloadable":{"type":"checkbox","raw":""},"_download_expiry":{"type":"numeric","raw":""},"_download_type":{"type":"radio","raw":""},"_regular_price":{"type":"numeric","raw":""},"_sale_price":{"type":"numeric","raw":""},"_sale_price_dates_from":{"type":"date","raw":"","formatted":null},"_sale_price_dates_to":{"type":"date","raw":"","formatted":null},"_sku":{"type":"textfield","raw":""},"_manage_stock":{"type":"checkbox","raw":""},"_stock_status":{"type":"radio","raw":""},"_stock":{"type":"numeric","raw":""},"_backorders":{"type":"radio","raw":""},"_sold_individually":{"type":"checkbox","raw":""},"_width":{"type":"numeric","raw":""},"_weight":{"type":"numeric","raw":""},"_length":{"type":"numeric","raw":""},"_purchase_note":{"type":"textarea","raw":""}},"infografica":{"operation-ratio":{"type":"textfield","raw":""},"non-fragmenting":{"type":"textfield","raw":""},"vacumm-resistant":{"type":"textfield","raw":""},"sanitary":{"type":"textfield","raw":""},"liquid":{"type":"textfield","raw":""},"vapor-gas":{"type":"textfield","raw":""},"ferrules":{"type":"textfield","raw":""}},"dettagli-prodotto":{"immagini-prodotto":{"type":"image","raw":["https:\/\/www.donadonsdd.com\/wp-content\/uploads\/2025\/12\/img_136-remove-background.com_.png"],"repeatable":[{"raw":"https:\/\/www.donadonsdd.com\/wp-content\/uploads\/2025\/12\/img_136-remove-background.com_.png","attachment_id":10274}]},"tabella-specifiche":{"type":"wysiwyg","raw":"===TABLE===\nMODELO | IR2P;\nTEMPERATURA DE FUNCIONAMIENTO | Parte activa: de -196 \u00b0C a 280 \u00b0C \u00a7 Cable de interfaz: de -40 \u00b0C a +70 \u00b0C;\nENCAPSULADO DE MEMBRANA | Poliamida (Kapton\u00ae);\nPLACA DE CIRCUITO IMPRESO | Cobre;\nCABLE | Est\u00e1ndar, 2 m - disponible con dos casquillos o con conector \u00a7 Longitud m\u00e1xima 15 m;\nPAR\u00c1METROS EL\u00c9CTRICOS DE LA FUENTE DE ALIMENTACI\u00d3N (M\u00c1X) | Tensi\u00f3n: 24 V CC \u00a7 Corriente: 50 mA \u00a7 Potencia: 0.3 W \u00a7 Capacidad: 780 pF \u00a7 Inductancia: 7,2 \u00b5H;\nFLUIDO DE PROCESO | Gas, l\u00edquido, polvo;\nGRADO IP | 67;\nCOMPATIBILIDAD CON PANELES DE VENTILACI\u00d3N | <a href=\"https:\/\/www.donadonsdd.com\/es\/producto\/psc\/\">PSC<\/a>, <a href=\"https:\/\/www.donadonsdd.com\/es\/producto\/psr\/\">PSR<\/a>;\nOpciones de configuraci\u00f3n del cable de interfaz | Cable terminado con dos f\u00e9rulas \u00a7 Cable equipado con conector;"}}},"_links":{"self":[{"href":"https:\/\/www.donadonsdd.com\/es\/wp-json\/wp\/v2\/product\/6143","targetHints":{"allow":["GET"]}}],"collection":[{"href":"https:\/\/www.donadonsdd.com\/es\/wp-json\/wp\/v2\/product"}],"about":[{"href":"https:\/\/www.donadonsdd.com\/es\/wp-json\/wp\/v2\/types\/product"}],"wp:featuredmedia":[{"embeddable":true,"href":"https:\/\/www.donadonsdd.com\/es\/wp-json\/wp\/v2\/media\/10274"}],"wp:attachment":[{"href":"https:\/\/www.donadonsdd.com\/es\/wp-json\/wp\/v2\/media?parent=6143"}],"wp:term":[{"taxonomy":"categoria_prodotto","embeddable":true,"href":"https:\/\/www.donadonsdd.com\/es\/wp-json\/wp\/v2\/categoria_prodotto?post=6143"}],"curies":[{"name":"wp","href":"https:\/\/api.w.org\/{rel}","templated":true}]}}