{"id":6147,"date":"2025-12-11T16:42:39","date_gmt":"2025-12-11T15:42:39","guid":{"rendered":"https:\/\/www.donadonsdd.com\/product\/indicador-avanzado-de-disco-de-ruptura-ir2e-garantizar-la-seguridad-y-la-conformidad\/"},"modified":"2026-03-01T02:43:04","modified_gmt":"2026-03-01T01:43:04","slug":"ir2e","status":"publish","type":"product","link":"https:\/\/www.donadonsdd.com\/es\/producto\/ir2e\/","title":{"rendered":"Indicador avanzado de disco de ruptura IR2E &#8211; Garantizar la seguridad y la conformidad"},"content":{"rendered":"<p>El indicador de rotura DonadonSDD IR2E es un instrumento sencillo pero eficaz, dise\u00f1ado para detectar fracturas en discos de ruptura. Este detector se instala estrat\u00e9gicamente entre el lado de descarga del disco o, en su caso, del soporte, y la brida aguas abajo del dispositivo de seguridad, sustituyendo eficazmente a una junta convencional. <\/p>\n<p>El montaje del detector IR2E implica un actuador compuesto por varios componentes clave:<\/p>\n<ul>\n<li>Un anillo met\u00e1lico, normalmente de 316L<\/li>\n<li>Una membrana perforada de PTFE<\/li>\n<li>Juntas, que suelen ser de fibra de aramida est\u00e1ndar, pero tambi\u00e9n las hay de grafito y PTFE.<\/li>\n<\/ul>\n<p>El n\u00facleo del sensor IR2E presenta una pista de cobre flexible, encapsulada de forma segura entre dos capas aislantes de Kapton, complementada por un cable de interfaz. Este cable puede configurarse con casquillos dobles est\u00e1ndar o con un conector especializado. <\/p>\n<p>La conexi\u00f3n al sistema de seguridad de la planta se realiza mediante un cable indicador de alarma, que se conecta a trav\u00e9s de una barrera de seguridad intr\u00ednseca. Esta configuraci\u00f3n se ajusta a las especificaciones el\u00e9ctricas del sensor (con una tensi\u00f3n m\u00e1xima de 24 V CC y una corriente m\u00e1xima de 50 mA) y se adapta a los requisitos de clasificaci\u00f3n de zonas. <\/p>\n<p>En caso de rotura del disco, se interrumpe la continuidad del circuito de cobre del indicador IR2E, con lo que se detiene el flujo de corriente. Esta interrupci\u00f3n permite que los dispositivos conectados se\u00f1alen eficazmente la activaci\u00f3n del disco de ruptura. <\/p>\n<p>El sensor IR2E cumple plenamente la Directiva Europea 2014\/34\/UE (ATEX), el Instrumento Legal del Reino Unido 2016 n\u00ba 1107 (UKCA), CU TR 012 (EAC), y est\u00e1 certificado seg\u00fan el esquema IECEx. Esta adhesi\u00f3n subraya su fiabilidad y seguridad de uso en entornos peligrosos. <\/p>\n<p>La zona de instalaci\u00f3n del sensor viene determinada por el tipo de barrera utilizada:<\/p>\n<ul>\n<li>Para una barrera Ex ia, se permite la instalaci\u00f3n en las zonas 0, 20, 1, 21, 2, 22.<\/li>\n<li>Para una barrera Ex ib, se permite la instalaci\u00f3n en las zonas 1, 21, 2, 22.<\/li>\n<\/ul>\n<p>Los procedimientos de instalaci\u00f3n deben ajustarse a la norma EN 60079-14 y a las normas el\u00e9ctricas nacionales m\u00e1s recientes para garantizar la seguridad y la conformidad.<\/p>\n","protected":false},"excerpt":{"rendered":"<p>El indicador de rotura DonadonSDD IR2E es un instrumento sencillo pero eficaz, dise\u00f1ado para detectar fracturas en discos de ruptura. Este detector se instala estrat\u00e9gicamente entre el lado de descarga del disco o, en su caso, del soporte, y la brida aguas abajo del dispositivo de seguridad, sustituyendo eficazmente a una junta convencional. El montaje [&hellip;]<\/p>\n","protected":false},"featured_media":10278,"menu_order":0,"template":"","meta":{"_acf_changed":false},"categoria_prodotto":[94,81],"class_list":["post-6147","product","type-product","status-publish","has-post-thumbnail","hentry","categoria_prodotto-electric","categoria_prodotto-rupture-indicators"],"acf":[],"yoast_head":"<!-- This site is optimized with the Yoast SEO plugin v27.3 - https:\/\/yoast.com\/product\/yoast-seo-wordpress\/ -->\n<title>Indicador el\u00e9ctrico de disco de ruptura para instalaci\u00f3n con brida - IR2E<\/title>\n<meta name=\"description\" content=\"Indicador el\u00e9ctrico de disco de ruptura para la detecci\u00f3n de la activaci\u00f3n del disco de ruptura. Se instala entre el disco de ruptura o el soporte y la brida, proporcionando una se\u00f1alizaci\u00f3n fiable, intr\u00ednsecamente segura, con clasificaci\u00f3n IP67, certificaci\u00f3n ATEX, IECEx y EAC.\" \/>\n<meta name=\"robots\" content=\"index, follow, max-snippet:-1, max-image-preview:large, max-video-preview:-1\" \/>\n<link rel=\"canonical\" href=\"https:\/\/www.donadonsdd.com\/es\/producto\/ir2e\/\" \/>\n<meta property=\"og:locale\" content=\"es_ES\" \/>\n<meta property=\"og:type\" content=\"article\" \/>\n<meta property=\"og:title\" content=\"Indicador el\u00e9ctrico de disco de ruptura para instalaci\u00f3n con brida - IR2E\" \/>\n<meta property=\"og:description\" content=\"Indicador el\u00e9ctrico de disco de ruptura para la detecci\u00f3n de la activaci\u00f3n del disco de ruptura. Se instala entre el disco de ruptura o el soporte y la brida, proporcionando una se\u00f1alizaci\u00f3n fiable, intr\u00ednsecamente segura, con clasificaci\u00f3n IP67, certificaci\u00f3n ATEX, IECEx y EAC.\" \/>\n<meta property=\"og:url\" content=\"https:\/\/www.donadonsdd.com\/es\/producto\/ir2e\/\" \/>\n<meta property=\"og:site_name\" content=\"DonadonSDD Srl\" \/>\n<meta property=\"article:modified_time\" content=\"2026-03-01T01:43:04+00:00\" \/>\n<meta property=\"og:image\" content=\"https:\/\/www.donadonsdd.com\/wp-content\/uploads\/2025\/12\/donadon-37.png\" \/>\n\t<meta property=\"og:image:width\" content=\"1800\" \/>\n\t<meta property=\"og:image:height\" content=\"1200\" \/>\n\t<meta property=\"og:image:type\" content=\"image\/png\" \/>\n<meta name=\"twitter:card\" content=\"summary_large_image\" \/>\n<meta name=\"twitter:label1\" content=\"Tiempo de lectura\" \/>\n\t<meta name=\"twitter:data1\" content=\"2 minuto\" \/>\n<script type=\"application\/ld+json\" class=\"yoast-schema-graph\">{\"@context\":\"https:\\\/\\\/schema.org\",\"@graph\":[{\"@type\":\"WebPage\",\"@id\":\"https:\\\/\\\/www.donadonsdd.com\\\/es\\\/producto\\\/ir2e\\\/\",\"url\":\"https:\\\/\\\/www.donadonsdd.com\\\/es\\\/producto\\\/ir2e\\\/\",\"name\":\"Indicador el\u00e9ctrico de disco de ruptura para instalaci\u00f3n con brida - IR2E\",\"isPartOf\":{\"@id\":\"https:\\\/\\\/www.donadonsdd.com\\\/es\\\/#website\"},\"primaryImageOfPage\":{\"@id\":\"https:\\\/\\\/www.donadonsdd.com\\\/es\\\/producto\\\/ir2e\\\/#primaryimage\"},\"image\":{\"@id\":\"https:\\\/\\\/www.donadonsdd.com\\\/es\\\/producto\\\/ir2e\\\/#primaryimage\"},\"thumbnailUrl\":\"https:\\\/\\\/www.donadonsdd.com\\\/wp-content\\\/uploads\\\/2025\\\/12\\\/donadon-37.png\",\"datePublished\":\"2025-12-11T15:42:39+00:00\",\"dateModified\":\"2026-03-01T01:43:04+00:00\",\"description\":\"Indicador el\u00e9ctrico de disco de ruptura para la detecci\u00f3n de la activaci\u00f3n del disco de ruptura. Se instala entre el disco de ruptura o el soporte y la brida, proporcionando una se\u00f1alizaci\u00f3n fiable, intr\u00ednsecamente segura, con clasificaci\u00f3n IP67, certificaci\u00f3n ATEX, IECEx y EAC.\",\"breadcrumb\":{\"@id\":\"https:\\\/\\\/www.donadonsdd.com\\\/es\\\/producto\\\/ir2e\\\/#breadcrumb\"},\"inLanguage\":\"es\",\"potentialAction\":[{\"@type\":\"ReadAction\",\"target\":[\"https:\\\/\\\/www.donadonsdd.com\\\/es\\\/producto\\\/ir2e\\\/\"]}]},{\"@type\":\"ImageObject\",\"inLanguage\":\"es\",\"@id\":\"https:\\\/\\\/www.donadonsdd.com\\\/es\\\/producto\\\/ir2e\\\/#primaryimage\",\"url\":\"https:\\\/\\\/www.donadonsdd.com\\\/wp-content\\\/uploads\\\/2025\\\/12\\\/donadon-37.png\",\"contentUrl\":\"https:\\\/\\\/www.donadonsdd.com\\\/wp-content\\\/uploads\\\/2025\\\/12\\\/donadon-37.png\",\"width\":1800,\"height\":1200},{\"@type\":\"BreadcrumbList\",\"@id\":\"https:\\\/\\\/www.donadonsdd.com\\\/es\\\/producto\\\/ir2e\\\/#breadcrumb\",\"itemListElement\":[{\"@type\":\"ListItem\",\"position\":1,\"name\":\"HOMEPAGE\",\"item\":\"https:\\\/\\\/www.donadonsdd.com\\\/es\\\/\"},{\"@type\":\"ListItem\",\"position\":2,\"name\":\"Indicador avanzado de disco de ruptura IR2E &#8211; Garantizar la seguridad y la conformidad\"}]},{\"@type\":\"WebSite\",\"@id\":\"https:\\\/\\\/www.donadonsdd.com\\\/es\\\/#website\",\"url\":\"https:\\\/\\\/www.donadonsdd.com\\\/es\\\/\",\"name\":\"DonadonSDD Srl\",\"description\":\"\",\"publisher\":{\"@id\":\"https:\\\/\\\/www.donadonsdd.com\\\/es\\\/#organization\"},\"potentialAction\":[{\"@type\":\"SearchAction\",\"target\":{\"@type\":\"EntryPoint\",\"urlTemplate\":\"https:\\\/\\\/www.donadonsdd.com\\\/es\\\/?s={search_term_string}\"},\"query-input\":{\"@type\":\"PropertyValueSpecification\",\"valueRequired\":true,\"valueName\":\"search_term_string\"}}],\"inLanguage\":\"es\"},{\"@type\":\"Organization\",\"@id\":\"https:\\\/\\\/www.donadonsdd.com\\\/es\\\/#organization\",\"name\":\"DonadonSDD Srl\",\"url\":\"https:\\\/\\\/www.donadonsdd.com\\\/es\\\/\",\"logo\":{\"@type\":\"ImageObject\",\"inLanguage\":\"es\",\"@id\":\"https:\\\/\\\/www.donadonsdd.com\\\/es\\\/#\\\/schema\\\/logo\\\/image\\\/\",\"url\":\"https:\\\/\\\/www.donadonsdd.com\\\/wp-content\\\/uploads\\\/2025\\\/11\\\/donadonsdd-logo.png\",\"contentUrl\":\"https:\\\/\\\/www.donadonsdd.com\\\/wp-content\\\/uploads\\\/2025\\\/11\\\/donadonsdd-logo.png\",\"width\":544,\"height\":96,\"caption\":\"DonadonSDD Srl\"},\"image\":{\"@id\":\"https:\\\/\\\/www.donadonsdd.com\\\/es\\\/#\\\/schema\\\/logo\\\/image\\\/\"}}]}<\/script>\n<!-- \/ Yoast SEO plugin. -->","yoast_head_json":{"title":"Indicador el\u00e9ctrico de disco de ruptura para instalaci\u00f3n con brida - IR2E","description":"Indicador el\u00e9ctrico de disco de ruptura para la detecci\u00f3n de la activaci\u00f3n del disco de ruptura. Se instala entre el disco de ruptura o el soporte y la brida, proporcionando una se\u00f1alizaci\u00f3n fiable, intr\u00ednsecamente segura, con clasificaci\u00f3n IP67, certificaci\u00f3n ATEX, IECEx y EAC.","robots":{"index":"index","follow":"follow","max-snippet":"max-snippet:-1","max-image-preview":"max-image-preview:large","max-video-preview":"max-video-preview:-1"},"canonical":"https:\/\/www.donadonsdd.com\/es\/producto\/ir2e\/","og_locale":"es_ES","og_type":"article","og_title":"Indicador el\u00e9ctrico de disco de ruptura para instalaci\u00f3n con brida - IR2E","og_description":"Indicador el\u00e9ctrico de disco de ruptura para la detecci\u00f3n de la activaci\u00f3n del disco de ruptura. Se instala entre el disco de ruptura o el soporte y la brida, proporcionando una se\u00f1alizaci\u00f3n fiable, intr\u00ednsecamente segura, con clasificaci\u00f3n IP67, certificaci\u00f3n ATEX, IECEx y EAC.","og_url":"https:\/\/www.donadonsdd.com\/es\/producto\/ir2e\/","og_site_name":"DonadonSDD Srl","article_modified_time":"2026-03-01T01:43:04+00:00","og_image":[{"width":1800,"height":1200,"url":"https:\/\/www.donadonsdd.com\/wp-content\/uploads\/2025\/12\/donadon-37.png","type":"image\/png"}],"twitter_card":"summary_large_image","twitter_misc":{"Tiempo de lectura":"2 minuto"},"schema":{"@context":"https:\/\/schema.org","@graph":[{"@type":"WebPage","@id":"https:\/\/www.donadonsdd.com\/es\/producto\/ir2e\/","url":"https:\/\/www.donadonsdd.com\/es\/producto\/ir2e\/","name":"Indicador el\u00e9ctrico de disco de ruptura para instalaci\u00f3n con brida - IR2E","isPartOf":{"@id":"https:\/\/www.donadonsdd.com\/es\/#website"},"primaryImageOfPage":{"@id":"https:\/\/www.donadonsdd.com\/es\/producto\/ir2e\/#primaryimage"},"image":{"@id":"https:\/\/www.donadonsdd.com\/es\/producto\/ir2e\/#primaryimage"},"thumbnailUrl":"https:\/\/www.donadonsdd.com\/wp-content\/uploads\/2025\/12\/donadon-37.png","datePublished":"2025-12-11T15:42:39+00:00","dateModified":"2026-03-01T01:43:04+00:00","description":"Indicador el\u00e9ctrico de disco de ruptura para la detecci\u00f3n de la activaci\u00f3n del disco de ruptura. Se instala entre el disco de ruptura o el soporte y la brida, proporcionando una se\u00f1alizaci\u00f3n fiable, intr\u00ednsecamente segura, con clasificaci\u00f3n IP67, certificaci\u00f3n ATEX, IECEx y EAC.","breadcrumb":{"@id":"https:\/\/www.donadonsdd.com\/es\/producto\/ir2e\/#breadcrumb"},"inLanguage":"es","potentialAction":[{"@type":"ReadAction","target":["https:\/\/www.donadonsdd.com\/es\/producto\/ir2e\/"]}]},{"@type":"ImageObject","inLanguage":"es","@id":"https:\/\/www.donadonsdd.com\/es\/producto\/ir2e\/#primaryimage","url":"https:\/\/www.donadonsdd.com\/wp-content\/uploads\/2025\/12\/donadon-37.png","contentUrl":"https:\/\/www.donadonsdd.com\/wp-content\/uploads\/2025\/12\/donadon-37.png","width":1800,"height":1200},{"@type":"BreadcrumbList","@id":"https:\/\/www.donadonsdd.com\/es\/producto\/ir2e\/#breadcrumb","itemListElement":[{"@type":"ListItem","position":1,"name":"HOMEPAGE","item":"https:\/\/www.donadonsdd.com\/es\/"},{"@type":"ListItem","position":2,"name":"Indicador avanzado de disco de ruptura IR2E &#8211; Garantizar la seguridad y la conformidad"}]},{"@type":"WebSite","@id":"https:\/\/www.donadonsdd.com\/es\/#website","url":"https:\/\/www.donadonsdd.com\/es\/","name":"DonadonSDD Srl","description":"","publisher":{"@id":"https:\/\/www.donadonsdd.com\/es\/#organization"},"potentialAction":[{"@type":"SearchAction","target":{"@type":"EntryPoint","urlTemplate":"https:\/\/www.donadonsdd.com\/es\/?s={search_term_string}"},"query-input":{"@type":"PropertyValueSpecification","valueRequired":true,"valueName":"search_term_string"}}],"inLanguage":"es"},{"@type":"Organization","@id":"https:\/\/www.donadonsdd.com\/es\/#organization","name":"DonadonSDD Srl","url":"https:\/\/www.donadonsdd.com\/es\/","logo":{"@type":"ImageObject","inLanguage":"es","@id":"https:\/\/www.donadonsdd.com\/es\/#\/schema\/logo\/image\/","url":"https:\/\/www.donadonsdd.com\/wp-content\/uploads\/2025\/11\/donadonsdd-logo.png","contentUrl":"https:\/\/www.donadonsdd.com\/wp-content\/uploads\/2025\/11\/donadonsdd-logo.png","width":544,"height":96,"caption":"DonadonSDD Srl"},"image":{"@id":"https:\/\/www.donadonsdd.com\/es\/#\/schema\/logo\/image\/"}}]}},"toolset-meta":{"toolset-woocommerce-fields":{"_download_limit":{"type":"numeric","raw":""},"_virtual":{"type":"checkbox","raw":""},"_downloadable":{"type":"checkbox","raw":""},"_download_expiry":{"type":"numeric","raw":""},"_download_type":{"type":"radio","raw":""},"_regular_price":{"type":"numeric","raw":""},"_sale_price":{"type":"numeric","raw":""},"_sale_price_dates_from":{"type":"date","raw":"","formatted":null},"_sale_price_dates_to":{"type":"date","raw":"","formatted":null},"_sku":{"type":"textfield","raw":""},"_manage_stock":{"type":"checkbox","raw":""},"_stock_status":{"type":"radio","raw":""},"_stock":{"type":"numeric","raw":""},"_backorders":{"type":"radio","raw":""},"_sold_individually":{"type":"checkbox","raw":""},"_width":{"type":"numeric","raw":""},"_weight":{"type":"numeric","raw":""},"_length":{"type":"numeric","raw":""},"_purchase_note":{"type":"textarea","raw":""}},"infografica":{"operation-ratio":{"type":"textfield","raw":""},"non-fragmenting":{"type":"textfield","raw":""},"vacumm-resistant":{"type":"textfield","raw":""},"sanitary":{"type":"textfield","raw":""},"liquid":{"type":"textfield","raw":""},"vapor-gas":{"type":"textfield","raw":""},"ferrules":{"type":"textfield","raw":""}},"dettagli-prodotto":{"immagini-prodotto":{"type":"image","raw":["https:\/\/www.donadonsdd.com\/wp-content\/uploads\/2025\/12\/donadon-38_result.webp"],"repeatable":[{"raw":"https:\/\/www.donadonsdd.com\/wp-content\/uploads\/2025\/12\/donadon-38_result.webp","attachment_id":8039}]},"tabella-specifiche":{"type":"wysiwyg","raw":"===TABLE===\nModelo | IR2E;\nTemperatura de funcionamiento | Parte activa: de -196 \u00b0C a 260 \u00b0C \u00a7 Cable de interfaz: de -40 \u00b0C a +70 \u00b0C;\nEncapsulaci\u00f3n de membrana | Poliamida (Kapton\u00ae);\nPlaca de circuito impreso | Cobre;\nCable | Est\u00e1ndar, 2 m - disponible con dos casquillos o con conector \u00a7 Longitud m\u00e1xima 15 m;\nPar\u00e1metros el\u00e9ctricos de la fuente de alimentaci\u00f3n (m\u00e1x.) | Tensi\u00f3n: 24 V CC \u00a7 Intensidad: 50 mA \u00a7 Potencia: 0,3 W \u00a7 Capacidad: 780 pF \u00a7 Inductancia: 7,2 \u00b5H;\nFluido de proceso | Gas, l\u00edquido, polvo;\nGrado IP | 67;\nCompatibilidad con los discos de soporte \/ ruptura | <a href=\"https:\/\/www.donadonsdd.com\/es\/producto\/hia-hra\/\">HIA<\/a>, <a href=\"https:\/\/www.donadonsdd.com\/es\/producto\/hia-hra\/\">HRA<\/a>, <a href=\"https:\/\/www.donadonsdd.com\/es\/producto\/hip-hrp\/\">HIP<\/a>, <a href=\"https:\/\/www.donadonsdd.com\/es\/producto\/hip-hrp\/\">HRP<\/a> \u00a7 <a href=\"https:\/\/www.donadonsdd.com\/es\/producto\/dcd-composite\/\">DCD<\/a>, <a href=\"https:\/\/www.donadonsdd.com\/es\/producto\/dif\/\">DIF<\/a>, <a href=\"https:\/\/www.donadonsdd.com\/es\/producto\/scd\/\">SCD<\/a>, <a href=\"https:\/\/www.donadonsdd.com\/es\/producto\/scr\/\">SCR<\/a>, <a href=\"https:\/\/www.donadonsdd.com\/es\/producto\/y90\/\">Y90<\/a>, <a href=\"https:\/\/www.donadonsdd.com\/es\/producto\/krd\/\">KRD<\/a>, <a href=\"https:\/\/www.donadonsdd.com\/es\/producto\/gm\/\">GM<\/a>, <a href=\"https:\/\/www.donadonsdd.com\/es\/producto\/ga\/\">GA<\/a>, <a href=\"https:\/\/www.donadonsdd.com\/es\/producto\/gr\/\">GR<\/a>;             \nOpciones de Configuraci\u00f3n del Cable de Interfaz | Cable Terminado con Casquillos Dobles \u00a7 Cable Equipado con Conector;\n===TEXT===\n<h3>Presi\u00f3n m\u00ednima de funcionamiento en funci\u00f3n del di\u00e1metro<\/h3>\n===TABLE===\nDN (MM) | 32 | 40 | 50 | 65 | 80 | 100 | 125 | 150 | 200-350 | 400 |  >500;\nNPS (PULGADAS) | 1 1\/4 | 1 1\/2 | 2 | 2 1\/2 | 3 | 4 | 4 1\/2 | 6 | 8-14 | 16 |  >20;\nPRESI\u00d3N M\u00cdNIMA (BAR G) | 0,3 | 0,25 | 0,18 | 0,15 | 0,11 | 0,09 | 0,08 | 0,06 | 0,05 | 0,03 | 0,005;"}}},"_links":{"self":[{"href":"https:\/\/www.donadonsdd.com\/es\/wp-json\/wp\/v2\/product\/6147","targetHints":{"allow":["GET"]}}],"collection":[{"href":"https:\/\/www.donadonsdd.com\/es\/wp-json\/wp\/v2\/product"}],"about":[{"href":"https:\/\/www.donadonsdd.com\/es\/wp-json\/wp\/v2\/types\/product"}],"wp:featuredmedia":[{"embeddable":true,"href":"https:\/\/www.donadonsdd.com\/es\/wp-json\/wp\/v2\/media\/10278"}],"wp:attachment":[{"href":"https:\/\/www.donadonsdd.com\/es\/wp-json\/wp\/v2\/media?parent=6147"}],"wp:term":[{"taxonomy":"categoria_prodotto","embeddable":true,"href":"https:\/\/www.donadonsdd.com\/es\/wp-json\/wp\/v2\/categoria_prodotto?post=6147"}],"curies":[{"name":"wp","href":"https:\/\/api.w.org\/{rel}","templated":true}]}}