{"id":6186,"date":"2025-12-11T14:06:14","date_gmt":"2025-12-11T13:06:14","guid":{"rendered":"https:\/\/www.donadonsdd.com\/product\/soportes-hif-hrf-garantizan-la-maxima-fiabilidad-de-los-discos-de-ruptura\/"},"modified":"2026-02-28T00:30:39","modified_gmt":"2026-02-27T23:30:39","slug":"hif-hrf","status":"publish","type":"product","link":"https:\/\/www.donadonsdd.com\/es\/producto\/hif-hrf\/","title":{"rendered":"Soportes HIF\/HRF &#8211; Garantizan la m\u00e1xima fiabilidad de los discos de ruptura"},"content":{"rendered":"<p>Los soportes de disco DonadonSDD est\u00e1n dise\u00f1ados espec\u00edficamente para garantizar la m\u00e1xima fiabilidad, optimizar el flujo (debido a la apertura \u00f3ptima de los discos de ruptura), asegurar la orientaci\u00f3n adecuada en el sistema de tuber\u00edas, proporcionar un cierre herm\u00e9tico y evitar la fragmentaci\u00f3n del disco de ruptura DonadonSDD.<br \/>\nNormalmente, un soporte de disco de ruptura es una unidad de dos piezas formada por una brida base (entrada) y una brida de sujeci\u00f3n (salida). La cara del soporte est\u00e1 mecanizada para sujetar el disco de ruptura y forma un sello herm\u00e9tico metal-metal.<br \/>\nEsto evita que el disco de ruptura se da\u00f1e y permite escenarios de inspecci\u00f3n ilimitados (retirada temporal del disco de ruptura para inspecci\u00f3n visual). <\/p>\n<h2>Caracter\u00edsticas principales y ventajas t\u00e9cnicas<\/h2>\n<ul>\n<li>Los portadiscos embridados HIF y HRF, antes codificados como AZ-60, est\u00e1n dise\u00f1ados para montarse directamente en las tuber\u00edas.<\/li>\n<li>Compuestos por dos piezas embridadas, con pernos de acero, estos soportes proporcionan un montaje seguro y fiable para los discos de ruptura.<\/li>\n<li>Los modelos HIF y HRF son totalmente personalizables y pueden suministrarse con distintos tipos de acoplamientos acoplables entre s\u00ed, incluidos los roscados hembra o macho NPT, GAS, o seg\u00fan otras normas internacionales, soldadura a tope y soldadura por encastre.<\/li>\n<li>Las flechas de flujo del soporte y las etiquetas del disco de ruptura confirman la direcci\u00f3n correcta del flujo.<\/li>\n<li>Hay disponibles conexiones de grifo de man\u00f3metro (1\/4&#8243; o \u00bd\u00bb) NPT bajo pedido.<\/li>\n<\/ul>\n<h2>\u00bfPor qu\u00e9 elegir DonadonSDD?<\/h2>\n<ul>\n<li>Los portadiscos DonadonSDD priorizan la m\u00e1xima fiabilidad, garantizando un montaje seguro y preciso de los discos de ruptura.<\/li>\n<li>La naturaleza personalizable de nuestros soportes permite flexibilidad en las opciones de acoplamiento, adapt\u00e1ndose a diversas normas roscadas, soldadura a tope y soldadura por encastre.<\/li>\n<li>Existen opciones de junta t\u00f3rica que ofrecen un mejor rendimiento de estanqueidad para aplicaciones de alta integridad, como las relacionadas con el hidr\u00f3geno o en el \u00e1mbito nuclear.<\/li>\n<li>Disponibles en una amplia gama de tama\u00f1os, configuraciones y materiales est\u00e1ndar (acero al carbono, acero inoxidable 316L y 304L, aleaci\u00f3n 201, aleaci\u00f3n 400, aleaci\u00f3n 625, aleaci\u00f3n C276 y m\u00e1s).<\/li>\n<li>Existen tratamientos especiales, como el revestimiento de PFA, que ofrecen una excelente resistencia qu\u00edmica y propiedades antiadherentes.<\/li>\n<\/ul>\n","protected":false},"excerpt":{"rendered":"<p>Los soportes de disco DonadonSDD est\u00e1n dise\u00f1ados espec\u00edficamente para garantizar la m\u00e1xima fiabilidad, optimizar el flujo (debido a la apertura \u00f3ptima de los discos de ruptura), asegurar la orientaci\u00f3n adecuada en el sistema de tuber\u00edas, proporcionar un cierre herm\u00e9tico y evitar la fragmentaci\u00f3n del disco de ruptura DonadonSDD. Normalmente, un soporte de disco de ruptura [&hellip;]<\/p>\n","protected":false},"featured_media":10302,"menu_order":0,"template":"","meta":{"_acf_changed":false},"categoria_prodotto":[90,79],"class_list":["post-6186","product","type-product","status-publish","has-post-thumbnail","hentry","categoria_prodotto-holders","categoria_prodotto-rupture-discs"],"acf":[],"yoast_head":"<!-- This site is optimized with the Yoast SEO plugin v27.3 - https:\/\/yoast.com\/product\/yoast-seo-wordpress\/ -->\n<title>Soportes de discos de ruptura embridados para discos de avance y retroceso - HIF \/ HRF<\/title>\n<meta name=\"description\" content=\"Soportes de disco de ruptura embridados de dos piezas para discos de ruptura de acci\u00f3n directa e inversa. Dise\u00f1ados para su integraci\u00f3n directa en tuber\u00edas, con acoplamientos personalizables, estanqueidad segura y rendimiento de apertura total.\" \/>\n<meta name=\"robots\" content=\"index, follow, max-snippet:-1, max-image-preview:large, max-video-preview:-1\" \/>\n<link rel=\"canonical\" href=\"https:\/\/www.donadonsdd.com\/es\/producto\/hif-hrf\/\" \/>\n<meta property=\"og:locale\" content=\"es_ES\" \/>\n<meta property=\"og:type\" content=\"article\" \/>\n<meta property=\"og:title\" content=\"Soportes de discos de ruptura embridados para discos de avance y retroceso - HIF \/ HRF\" \/>\n<meta property=\"og:description\" content=\"Soportes de disco de ruptura embridados de dos piezas para discos de ruptura de acci\u00f3n directa e inversa. Dise\u00f1ados para su integraci\u00f3n directa en tuber\u00edas, con acoplamientos personalizables, estanqueidad segura y rendimiento de apertura total.\" \/>\n<meta property=\"og:url\" content=\"https:\/\/www.donadonsdd.com\/es\/producto\/hif-hrf\/\" \/>\n<meta property=\"og:site_name\" content=\"DonadonSDD Srl\" \/>\n<meta property=\"article:modified_time\" content=\"2026-02-27T23:30:39+00:00\" \/>\n<meta property=\"og:image\" content=\"https:\/\/www.donadonsdd.com\/wp-content\/uploads\/2025\/12\/donadon-112.png\" \/>\n\t<meta property=\"og:image:width\" content=\"1800\" \/>\n\t<meta property=\"og:image:height\" content=\"1200\" \/>\n\t<meta property=\"og:image:type\" content=\"image\/png\" \/>\n<meta name=\"twitter:card\" content=\"summary_large_image\" \/>\n<meta name=\"twitter:label1\" content=\"Tiempo de lectura\" \/>\n\t<meta name=\"twitter:data1\" content=\"2 minuto\" \/>\n<script type=\"application\/ld+json\" class=\"yoast-schema-graph\">{\"@context\":\"https:\\\/\\\/schema.org\",\"@graph\":[{\"@type\":\"WebPage\",\"@id\":\"https:\\\/\\\/www.donadonsdd.com\\\/es\\\/producto\\\/hif-hrf\\\/\",\"url\":\"https:\\\/\\\/www.donadonsdd.com\\\/es\\\/producto\\\/hif-hrf\\\/\",\"name\":\"Soportes de discos de ruptura embridados para discos de avance y retroceso - HIF \\\/ HRF\",\"isPartOf\":{\"@id\":\"https:\\\/\\\/www.donadonsdd.com\\\/es\\\/#website\"},\"primaryImageOfPage\":{\"@id\":\"https:\\\/\\\/www.donadonsdd.com\\\/es\\\/producto\\\/hif-hrf\\\/#primaryimage\"},\"image\":{\"@id\":\"https:\\\/\\\/www.donadonsdd.com\\\/es\\\/producto\\\/hif-hrf\\\/#primaryimage\"},\"thumbnailUrl\":\"https:\\\/\\\/www.donadonsdd.com\\\/wp-content\\\/uploads\\\/2025\\\/12\\\/donadon-112.png\",\"datePublished\":\"2025-12-11T13:06:14+00:00\",\"dateModified\":\"2026-02-27T23:30:39+00:00\",\"description\":\"Soportes de disco de ruptura embridados de dos piezas para discos de ruptura de acci\u00f3n directa e inversa. Dise\u00f1ados para su integraci\u00f3n directa en tuber\u00edas, con acoplamientos personalizables, estanqueidad segura y rendimiento de apertura total.\",\"breadcrumb\":{\"@id\":\"https:\\\/\\\/www.donadonsdd.com\\\/es\\\/producto\\\/hif-hrf\\\/#breadcrumb\"},\"inLanguage\":\"es\",\"potentialAction\":[{\"@type\":\"ReadAction\",\"target\":[\"https:\\\/\\\/www.donadonsdd.com\\\/es\\\/producto\\\/hif-hrf\\\/\"]}]},{\"@type\":\"ImageObject\",\"inLanguage\":\"es\",\"@id\":\"https:\\\/\\\/www.donadonsdd.com\\\/es\\\/producto\\\/hif-hrf\\\/#primaryimage\",\"url\":\"https:\\\/\\\/www.donadonsdd.com\\\/wp-content\\\/uploads\\\/2025\\\/12\\\/donadon-112.png\",\"contentUrl\":\"https:\\\/\\\/www.donadonsdd.com\\\/wp-content\\\/uploads\\\/2025\\\/12\\\/donadon-112.png\",\"width\":1800,\"height\":1200},{\"@type\":\"BreadcrumbList\",\"@id\":\"https:\\\/\\\/www.donadonsdd.com\\\/es\\\/producto\\\/hif-hrf\\\/#breadcrumb\",\"itemListElement\":[{\"@type\":\"ListItem\",\"position\":1,\"name\":\"HOMEPAGE\",\"item\":\"https:\\\/\\\/www.donadonsdd.com\\\/es\\\/\"},{\"@type\":\"ListItem\",\"position\":2,\"name\":\"Soportes HIF\\\/HRF &#8211; Garantizan la m\u00e1xima fiabilidad de los discos de ruptura\"}]},{\"@type\":\"WebSite\",\"@id\":\"https:\\\/\\\/www.donadonsdd.com\\\/es\\\/#website\",\"url\":\"https:\\\/\\\/www.donadonsdd.com\\\/es\\\/\",\"name\":\"DonadonSDD Srl\",\"description\":\"\",\"publisher\":{\"@id\":\"https:\\\/\\\/www.donadonsdd.com\\\/es\\\/#organization\"},\"potentialAction\":[{\"@type\":\"SearchAction\",\"target\":{\"@type\":\"EntryPoint\",\"urlTemplate\":\"https:\\\/\\\/www.donadonsdd.com\\\/es\\\/?s={search_term_string}\"},\"query-input\":{\"@type\":\"PropertyValueSpecification\",\"valueRequired\":true,\"valueName\":\"search_term_string\"}}],\"inLanguage\":\"es\"},{\"@type\":\"Organization\",\"@id\":\"https:\\\/\\\/www.donadonsdd.com\\\/es\\\/#organization\",\"name\":\"DonadonSDD Srl\",\"url\":\"https:\\\/\\\/www.donadonsdd.com\\\/es\\\/\",\"logo\":{\"@type\":\"ImageObject\",\"inLanguage\":\"es\",\"@id\":\"https:\\\/\\\/www.donadonsdd.com\\\/es\\\/#\\\/schema\\\/logo\\\/image\\\/\",\"url\":\"https:\\\/\\\/www.donadonsdd.com\\\/wp-content\\\/uploads\\\/2025\\\/11\\\/donadonsdd-logo.png\",\"contentUrl\":\"https:\\\/\\\/www.donadonsdd.com\\\/wp-content\\\/uploads\\\/2025\\\/11\\\/donadonsdd-logo.png\",\"width\":544,\"height\":96,\"caption\":\"DonadonSDD Srl\"},\"image\":{\"@id\":\"https:\\\/\\\/www.donadonsdd.com\\\/es\\\/#\\\/schema\\\/logo\\\/image\\\/\"}}]}<\/script>\n<!-- \/ Yoast SEO plugin. -->","yoast_head_json":{"title":"Soportes de discos de ruptura embridados para discos de avance y retroceso - HIF \/ HRF","description":"Soportes de disco de ruptura embridados de dos piezas para discos de ruptura de acci\u00f3n directa e inversa. Dise\u00f1ados para su integraci\u00f3n directa en tuber\u00edas, con acoplamientos personalizables, estanqueidad segura y rendimiento de apertura total.","robots":{"index":"index","follow":"follow","max-snippet":"max-snippet:-1","max-image-preview":"max-image-preview:large","max-video-preview":"max-video-preview:-1"},"canonical":"https:\/\/www.donadonsdd.com\/es\/producto\/hif-hrf\/","og_locale":"es_ES","og_type":"article","og_title":"Soportes de discos de ruptura embridados para discos de avance y retroceso - HIF \/ HRF","og_description":"Soportes de disco de ruptura embridados de dos piezas para discos de ruptura de acci\u00f3n directa e inversa. Dise\u00f1ados para su integraci\u00f3n directa en tuber\u00edas, con acoplamientos personalizables, estanqueidad segura y rendimiento de apertura total.","og_url":"https:\/\/www.donadonsdd.com\/es\/producto\/hif-hrf\/","og_site_name":"DonadonSDD Srl","article_modified_time":"2026-02-27T23:30:39+00:00","og_image":[{"width":1800,"height":1200,"url":"https:\/\/www.donadonsdd.com\/wp-content\/uploads\/2025\/12\/donadon-112.png","type":"image\/png"}],"twitter_card":"summary_large_image","twitter_misc":{"Tiempo de lectura":"2 minuto"},"schema":{"@context":"https:\/\/schema.org","@graph":[{"@type":"WebPage","@id":"https:\/\/www.donadonsdd.com\/es\/producto\/hif-hrf\/","url":"https:\/\/www.donadonsdd.com\/es\/producto\/hif-hrf\/","name":"Soportes de discos de ruptura embridados para discos de avance y retroceso - HIF \/ HRF","isPartOf":{"@id":"https:\/\/www.donadonsdd.com\/es\/#website"},"primaryImageOfPage":{"@id":"https:\/\/www.donadonsdd.com\/es\/producto\/hif-hrf\/#primaryimage"},"image":{"@id":"https:\/\/www.donadonsdd.com\/es\/producto\/hif-hrf\/#primaryimage"},"thumbnailUrl":"https:\/\/www.donadonsdd.com\/wp-content\/uploads\/2025\/12\/donadon-112.png","datePublished":"2025-12-11T13:06:14+00:00","dateModified":"2026-02-27T23:30:39+00:00","description":"Soportes de disco de ruptura embridados de dos piezas para discos de ruptura de acci\u00f3n directa e inversa. Dise\u00f1ados para su integraci\u00f3n directa en tuber\u00edas, con acoplamientos personalizables, estanqueidad segura y rendimiento de apertura total.","breadcrumb":{"@id":"https:\/\/www.donadonsdd.com\/es\/producto\/hif-hrf\/#breadcrumb"},"inLanguage":"es","potentialAction":[{"@type":"ReadAction","target":["https:\/\/www.donadonsdd.com\/es\/producto\/hif-hrf\/"]}]},{"@type":"ImageObject","inLanguage":"es","@id":"https:\/\/www.donadonsdd.com\/es\/producto\/hif-hrf\/#primaryimage","url":"https:\/\/www.donadonsdd.com\/wp-content\/uploads\/2025\/12\/donadon-112.png","contentUrl":"https:\/\/www.donadonsdd.com\/wp-content\/uploads\/2025\/12\/donadon-112.png","width":1800,"height":1200},{"@type":"BreadcrumbList","@id":"https:\/\/www.donadonsdd.com\/es\/producto\/hif-hrf\/#breadcrumb","itemListElement":[{"@type":"ListItem","position":1,"name":"HOMEPAGE","item":"https:\/\/www.donadonsdd.com\/es\/"},{"@type":"ListItem","position":2,"name":"Soportes HIF\/HRF &#8211; Garantizan la m\u00e1xima fiabilidad de los discos de ruptura"}]},{"@type":"WebSite","@id":"https:\/\/www.donadonsdd.com\/es\/#website","url":"https:\/\/www.donadonsdd.com\/es\/","name":"DonadonSDD Srl","description":"","publisher":{"@id":"https:\/\/www.donadonsdd.com\/es\/#organization"},"potentialAction":[{"@type":"SearchAction","target":{"@type":"EntryPoint","urlTemplate":"https:\/\/www.donadonsdd.com\/es\/?s={search_term_string}"},"query-input":{"@type":"PropertyValueSpecification","valueRequired":true,"valueName":"search_term_string"}}],"inLanguage":"es"},{"@type":"Organization","@id":"https:\/\/www.donadonsdd.com\/es\/#organization","name":"DonadonSDD Srl","url":"https:\/\/www.donadonsdd.com\/es\/","logo":{"@type":"ImageObject","inLanguage":"es","@id":"https:\/\/www.donadonsdd.com\/es\/#\/schema\/logo\/image\/","url":"https:\/\/www.donadonsdd.com\/wp-content\/uploads\/2025\/11\/donadonsdd-logo.png","contentUrl":"https:\/\/www.donadonsdd.com\/wp-content\/uploads\/2025\/11\/donadonsdd-logo.png","width":544,"height":96,"caption":"DonadonSDD Srl"},"image":{"@id":"https:\/\/www.donadonsdd.com\/es\/#\/schema\/logo\/image\/"}}]}},"toolset-meta":{"toolset-woocommerce-fields":{"_download_limit":{"type":"numeric","raw":""},"_virtual":{"type":"checkbox","raw":""},"_downloadable":{"type":"checkbox","raw":""},"_download_expiry":{"type":"numeric","raw":""},"_download_type":{"type":"radio","raw":""},"_regular_price":{"type":"numeric","raw":""},"_sale_price":{"type":"numeric","raw":""},"_sale_price_dates_from":{"type":"date","raw":"","formatted":null},"_sale_price_dates_to":{"type":"date","raw":"","formatted":null},"_sku":{"type":"textfield","raw":""},"_manage_stock":{"type":"checkbox","raw":""},"_stock_status":{"type":"radio","raw":""},"_stock":{"type":"numeric","raw":""},"_backorders":{"type":"radio","raw":""},"_sold_individually":{"type":"checkbox","raw":""},"_width":{"type":"numeric","raw":""},"_weight":{"type":"numeric","raw":""},"_length":{"type":"numeric","raw":""},"_purchase_note":{"type":"textarea","raw":""}},"infografica":{"operation-ratio":{"type":"textfield","raw":""},"non-fragmenting":{"type":"textfield","raw":""},"vacumm-resistant":{"type":"textfield","raw":""},"sanitary":{"type":"textfield","raw":""},"liquid":{"type":"textfield","raw":""},"vapor-gas":{"type":"textfield","raw":""},"ferrules":{"type":"textfield","raw":""}},"dettagli-prodotto":{"immagini-prodotto":{"type":"image","raw":["https:\/\/www.donadonsdd.com\/wp-content\/uploads\/2025\/12\/donadon-110_result.webp","https:\/\/www.donadonsdd.com\/wp-content\/uploads\/2025\/12\/donadon-111_result.webp","https:\/\/www.donadonsdd.com\/wp-content\/uploads\/2025\/12\/donadon-112_result.webp","https:\/\/www.donadonsdd.com\/wp-content\/uploads\/2025\/12\/donadon-113_result.webp","https:\/\/www.donadonsdd.com\/wp-content\/uploads\/2025\/12\/donadon-114_result.webp","https:\/\/www.donadonsdd.com\/wp-content\/uploads\/2025\/12\/donadon-115_result.webp","https:\/\/www.donadonsdd.com\/wp-content\/uploads\/2025\/12\/donadon-116_result.webp"],"repeatable":[{"raw":"https:\/\/www.donadonsdd.com\/wp-content\/uploads\/2025\/12\/donadon-110_result.webp","attachment_id":6056},{"raw":"https:\/\/www.donadonsdd.com\/wp-content\/uploads\/2025\/12\/donadon-111_result.webp","attachment_id":6187},{"raw":"https:\/\/www.donadonsdd.com\/wp-content\/uploads\/2025\/12\/donadon-112_result.webp","attachment_id":6188},{"raw":"https:\/\/www.donadonsdd.com\/wp-content\/uploads\/2025\/12\/donadon-113_result.webp","attachment_id":6189},{"raw":"https:\/\/www.donadonsdd.com\/wp-content\/uploads\/2025\/12\/donadon-114_result.webp","attachment_id":6190},{"raw":"https:\/\/www.donadonsdd.com\/wp-content\/uploads\/2025\/12\/donadon-115_result.webp","attachment_id":6191},{"raw":"https:\/\/www.donadonsdd.com\/wp-content\/uploads\/2025\/12\/donadon-116_result.webp","attachment_id":6192}]},"tabella-specifiche":{"type":"wysiwyg","raw":"TIPO | HIF | HRF;\nLISTA DE COMPATIBILIDAD DE DISCOS | <a href=\"https:\/\/www.donadonsdd.com\/es\/producto\/dcd-composite\/\">DCD<\/a>, <a href=\"https:\/\/www.donadonsdd.com\/es\/producto\/lpd\/\">LPD<\/a>, <a href=\"https:\/\/www.donadonsdd.com\/es\/producto\/scd\/\">SCD<\/a>, <a href=\"https:\/\/www.donadonsdd.com\/es\/producto\/gr\/\">GR<\/a> | <a href=\"https:\/\/www.donadonsdd.com\/es\/producto\/scr\/\">SCR<\/a>, <a href=\"https:\/\/www.donadonsdd.com\/es\/producto\/y90\/\">Y90<\/a>, <a href=\"https:\/\/www.donadonsdd.com\/es\/producto\/krd\/\">KRD<\/a>;\nDIMENSIONES | De DN20 (3\/4 pulgada) a DN150 (6 pulgadas);\nACCESORIOS | Espigas, conectores en T, v\u00e1lvula de exceso de caudal, man\u00f3metro;"}}},"_links":{"self":[{"href":"https:\/\/www.donadonsdd.com\/es\/wp-json\/wp\/v2\/product\/6186","targetHints":{"allow":["GET"]}}],"collection":[{"href":"https:\/\/www.donadonsdd.com\/es\/wp-json\/wp\/v2\/product"}],"about":[{"href":"https:\/\/www.donadonsdd.com\/es\/wp-json\/wp\/v2\/types\/product"}],"wp:featuredmedia":[{"embeddable":true,"href":"https:\/\/www.donadonsdd.com\/es\/wp-json\/wp\/v2\/media\/10302"}],"wp:attachment":[{"href":"https:\/\/www.donadonsdd.com\/es\/wp-json\/wp\/v2\/media?parent=6186"}],"wp:term":[{"taxonomy":"categoria_prodotto","embeddable":true,"href":"https:\/\/www.donadonsdd.com\/es\/wp-json\/wp\/v2\/categoria_prodotto?post=6186"}],"curies":[{"name":"wp","href":"https:\/\/api.w.org\/{rel}","templated":true}]}}