{"id":6195,"date":"2025-12-10T14:51:30","date_gmt":"2025-12-10T13:51:30","guid":{"rendered":"https:\/\/www.donadonsdd.com\/product\/discos-de-ruptura-y90-para-la-seguridad-del-sistema-de-condensacion-de-vapor\/"},"modified":"2026-03-01T01:33:38","modified_gmt":"2026-03-01T00:33:38","slug":"y90-steam-condenser-system-safety","status":"publish","type":"product","link":"https:\/\/www.donadonsdd.com\/es\/producto\/y90-steam-condenser-system-safety\/","title":{"rendered":"Discos de ruptura Y90 para la seguridad del sistema de condensaci\u00f3n de vapor"},"content":{"rendered":"<p>Los discos de ruptura de acci\u00f3n inversa DonadonSDD Y90 son dispositivos de seguridad dise\u00f1ados espec\u00edficamente para ajustarse a una presi\u00f3n de rotura muy baja, con el fin de evitar que las variaciones bruscas de presi\u00f3n da\u00f1en las instalaciones industriales. Los discos de ruptura de acci\u00f3n inversa tienen una curvatura convexa que permanece inalterada bajo la presi\u00f3n de funcionamiento hasta que se alcanza la presi\u00f3n inversa, lo que puede garantizar una larga vida \u00fatil. Nuestros Discos de ruptura Y90 est\u00e1n dise\u00f1ados espec\u00edficamente para proteger los sistemas de condensadores de vapor contra la sobrepresi\u00f3n. Los discos presentan una abertura de secci\u00f3n calibrada microranurada alrededor de la circunferencia, lo que reduce el riesgo de desprendimiento de los p\u00e9talos. Ya no es necesario utilizar una membrana de sellado de PTFE, que es notoriamente permeable.  <\/p>\n<h2>Caracter\u00edsticas principales y ventajas t\u00e9cnicas<\/h2>\n<ul>\n<li>Nuestros discos de ruptura Y90 est\u00e1n certificados conforme a las normas de seguridad m\u00e1s exigentes, incluidas PED 2014\/68\/UE (Sello CE), ATEX EX II 2 GD (Sello CE), PER 2016 UK Statutory Instruments 2016 No 1105 (Sello UKCA) y CU TR 032 (Sello EAC).<\/li>\n<li>Dise\u00f1ado para instalarse f\u00e1cilmente en el acoplamiento embridado del cliente (o con anillos distanciadores adicionales para adaptarse al espacio existente entre bridas y facilitar la instalaci\u00f3n) y tiene una larga vida \u00fatil bajo presiones c\u00edclicas y pulsantes.<\/li>\n<li>Los discos de ruptura de acci\u00f3n inversa tienen una curvatura convexa que permanece inalterada bajo la presi\u00f3n de funcionamiento hasta que se alcanza la presi\u00f3n inversa, lo que puede garantizar una larga vida \u00fatil.<\/li>\n<li>Los discos de ruptura Y90 obtenidos mediante nuestra tecnolog\u00eda patentada Laser NS NanoScored son discos de acci\u00f3n inversa con secciones calibradas microranuradas que se abren alrededor de la circunferencia, lo que reduce el riesgo de desprendimiento de los p\u00e9talos.<\/li>\n<\/ul>\n<h2>\u00bfPor qu\u00e9 elegir los discos de ruptura DonadonSDD Y90?<\/h2>\n<ul>\n<li>Los discos de ruptura DonadonSDD Y90 est\u00e1n certificados conforme a las normas de seguridad m\u00e1s exigentes, y proporcionan una protecci\u00f3n fiable para los sistemas de condensadores de vapor.<\/li>\n<li>Nuestra tecnolog\u00eda patentada NS NanoScored nos permite microranurar cualquier material industrial para obtener el mejor disco de ruptura posible.<\/li>\n<li>Nuestro dise\u00f1o totalmente met\u00e1lico con secciones l\u00e1ser microranuradas garantiza una gran fiabilidad y una tolerancia estricta, al tiempo que mejora la eficacia del sistema de vac\u00edo.<\/li>\n<li>Nuestros discos de ruptura Y90 son resistentes al vac\u00edo absoluto y pueden instalarse sin necesidad de soportes, lo que los hace vers\u00e1tiles y pr\u00e1cticos para diversas aplicaciones.<\/li>\n<\/ul>\n","protected":false},"excerpt":{"rendered":"<p>Los discos de ruptura de acci\u00f3n inversa DonadonSDD Y90 son dispositivos de seguridad dise\u00f1ados espec\u00edficamente para ajustarse a una presi\u00f3n de rotura muy baja, con el fin de evitar que las variaciones bruscas de presi\u00f3n da\u00f1en las instalaciones industriales. Los discos de ruptura de acci\u00f3n inversa tienen una curvatura convexa que permanece inalterada bajo la [&hellip;]<\/p>\n","protected":false},"featured_media":10333,"menu_order":0,"template":"","meta":{"_acf_changed":false},"categoria_prodotto":[79,91],"class_list":["post-6195","product","type-product","status-publish","has-post-thumbnail","hentry","categoria_prodotto-rupture-discs","categoria_prodotto-special-executions"],"acf":[],"yoast_head":"<!-- This site is optimized with the Yoast SEO plugin v27.3 - https:\/\/yoast.com\/product\/yoast-seo-wordpress\/ -->\n<title>Disco de rotura por pandeo inverso del condensador de vapor - Y90<\/title>\n<meta name=\"description\" content=\"Disco de ruptura de acci\u00f3n inversa para condensadores de vapor a presiones de rotura muy bajas. Construcci\u00f3n totalmente met\u00e1lica que garantiza la estabilidad t\u00e9rmica, instalaci\u00f3n entre bridas, resistente al vac\u00edo.\" \/>\n<meta name=\"robots\" content=\"index, follow, max-snippet:-1, max-image-preview:large, max-video-preview:-1\" \/>\n<link rel=\"canonical\" href=\"https:\/\/www.donadonsdd.com\/es\/producto\/y90-steam-condenser-system-safety\/\" \/>\n<meta property=\"og:locale\" content=\"es_ES\" \/>\n<meta property=\"og:type\" content=\"article\" \/>\n<meta property=\"og:title\" content=\"Disco de rotura por pandeo inverso del condensador de vapor - Y90\" \/>\n<meta property=\"og:description\" content=\"Disco de ruptura de acci\u00f3n inversa para condensadores de vapor a presiones de rotura muy bajas. Construcci\u00f3n totalmente met\u00e1lica que garantiza la estabilidad t\u00e9rmica, instalaci\u00f3n entre bridas, resistente al vac\u00edo.\" \/>\n<meta property=\"og:url\" content=\"https:\/\/www.donadonsdd.com\/es\/producto\/y90-steam-condenser-system-safety\/\" \/>\n<meta property=\"og:site_name\" content=\"DonadonSDD Srl\" \/>\n<meta property=\"article:modified_time\" content=\"2026-03-01T00:33:38+00:00\" \/>\n<meta property=\"og:image\" content=\"https:\/\/www.donadonsdd.com\/wp-content\/uploads\/2025\/12\/y90-steam.png\" \/>\n\t<meta property=\"og:image:width\" content=\"1966\" \/>\n\t<meta property=\"og:image:height\" content=\"1392\" \/>\n\t<meta property=\"og:image:type\" content=\"image\/png\" \/>\n<meta name=\"twitter:card\" content=\"summary_large_image\" \/>\n<meta name=\"twitter:label1\" content=\"Tiempo de lectura\" \/>\n\t<meta name=\"twitter:data1\" content=\"2 minuto\" \/>\n<script type=\"application\/ld+json\" class=\"yoast-schema-graph\">{\"@context\":\"https:\\\/\\\/schema.org\",\"@graph\":[{\"@type\":\"WebPage\",\"@id\":\"https:\\\/\\\/www.donadonsdd.com\\\/es\\\/producto\\\/y90-steam-condenser-system-safety\\\/\",\"url\":\"https:\\\/\\\/www.donadonsdd.com\\\/es\\\/producto\\\/y90-steam-condenser-system-safety\\\/\",\"name\":\"Disco de rotura por pandeo inverso del condensador de vapor - Y90\",\"isPartOf\":{\"@id\":\"https:\\\/\\\/www.donadonsdd.com\\\/es\\\/#website\"},\"primaryImageOfPage\":{\"@id\":\"https:\\\/\\\/www.donadonsdd.com\\\/es\\\/producto\\\/y90-steam-condenser-system-safety\\\/#primaryimage\"},\"image\":{\"@id\":\"https:\\\/\\\/www.donadonsdd.com\\\/es\\\/producto\\\/y90-steam-condenser-system-safety\\\/#primaryimage\"},\"thumbnailUrl\":\"https:\\\/\\\/www.donadonsdd.com\\\/wp-content\\\/uploads\\\/2025\\\/12\\\/y90-steam.png\",\"datePublished\":\"2025-12-10T13:51:30+00:00\",\"dateModified\":\"2026-03-01T00:33:38+00:00\",\"description\":\"Disco de ruptura de acci\u00f3n inversa para condensadores de vapor a presiones de rotura muy bajas. Construcci\u00f3n totalmente met\u00e1lica que garantiza la estabilidad t\u00e9rmica, instalaci\u00f3n entre bridas, resistente al vac\u00edo.\",\"breadcrumb\":{\"@id\":\"https:\\\/\\\/www.donadonsdd.com\\\/es\\\/producto\\\/y90-steam-condenser-system-safety\\\/#breadcrumb\"},\"inLanguage\":\"es\",\"potentialAction\":[{\"@type\":\"ReadAction\",\"target\":[\"https:\\\/\\\/www.donadonsdd.com\\\/es\\\/producto\\\/y90-steam-condenser-system-safety\\\/\"]}]},{\"@type\":\"ImageObject\",\"inLanguage\":\"es\",\"@id\":\"https:\\\/\\\/www.donadonsdd.com\\\/es\\\/producto\\\/y90-steam-condenser-system-safety\\\/#primaryimage\",\"url\":\"https:\\\/\\\/www.donadonsdd.com\\\/wp-content\\\/uploads\\\/2025\\\/12\\\/y90-steam.png\",\"contentUrl\":\"https:\\\/\\\/www.donadonsdd.com\\\/wp-content\\\/uploads\\\/2025\\\/12\\\/y90-steam.png\",\"width\":1966,\"height\":1392},{\"@type\":\"BreadcrumbList\",\"@id\":\"https:\\\/\\\/www.donadonsdd.com\\\/es\\\/producto\\\/y90-steam-condenser-system-safety\\\/#breadcrumb\",\"itemListElement\":[{\"@type\":\"ListItem\",\"position\":1,\"name\":\"HOMEPAGE\",\"item\":\"https:\\\/\\\/www.donadonsdd.com\\\/es\\\/\"},{\"@type\":\"ListItem\",\"position\":2,\"name\":\"Discos de ruptura Y90 para la seguridad del sistema de condensaci\u00f3n de vapor\"}]},{\"@type\":\"WebSite\",\"@id\":\"https:\\\/\\\/www.donadonsdd.com\\\/es\\\/#website\",\"url\":\"https:\\\/\\\/www.donadonsdd.com\\\/es\\\/\",\"name\":\"DonadonSDD Srl\",\"description\":\"\",\"publisher\":{\"@id\":\"https:\\\/\\\/www.donadonsdd.com\\\/es\\\/#organization\"},\"potentialAction\":[{\"@type\":\"SearchAction\",\"target\":{\"@type\":\"EntryPoint\",\"urlTemplate\":\"https:\\\/\\\/www.donadonsdd.com\\\/es\\\/?s={search_term_string}\"},\"query-input\":{\"@type\":\"PropertyValueSpecification\",\"valueRequired\":true,\"valueName\":\"search_term_string\"}}],\"inLanguage\":\"es\"},{\"@type\":\"Organization\",\"@id\":\"https:\\\/\\\/www.donadonsdd.com\\\/es\\\/#organization\",\"name\":\"DonadonSDD Srl\",\"url\":\"https:\\\/\\\/www.donadonsdd.com\\\/es\\\/\",\"logo\":{\"@type\":\"ImageObject\",\"inLanguage\":\"es\",\"@id\":\"https:\\\/\\\/www.donadonsdd.com\\\/es\\\/#\\\/schema\\\/logo\\\/image\\\/\",\"url\":\"https:\\\/\\\/www.donadonsdd.com\\\/wp-content\\\/uploads\\\/2025\\\/11\\\/donadonsdd-logo.png\",\"contentUrl\":\"https:\\\/\\\/www.donadonsdd.com\\\/wp-content\\\/uploads\\\/2025\\\/11\\\/donadonsdd-logo.png\",\"width\":544,\"height\":96,\"caption\":\"DonadonSDD Srl\"},\"image\":{\"@id\":\"https:\\\/\\\/www.donadonsdd.com\\\/es\\\/#\\\/schema\\\/logo\\\/image\\\/\"}}]}<\/script>\n<!-- \/ Yoast SEO plugin. -->","yoast_head_json":{"title":"Disco de rotura por pandeo inverso del condensador de vapor - Y90","description":"Disco de ruptura de acci\u00f3n inversa para condensadores de vapor a presiones de rotura muy bajas. Construcci\u00f3n totalmente met\u00e1lica que garantiza la estabilidad t\u00e9rmica, instalaci\u00f3n entre bridas, resistente al vac\u00edo.","robots":{"index":"index","follow":"follow","max-snippet":"max-snippet:-1","max-image-preview":"max-image-preview:large","max-video-preview":"max-video-preview:-1"},"canonical":"https:\/\/www.donadonsdd.com\/es\/producto\/y90-steam-condenser-system-safety\/","og_locale":"es_ES","og_type":"article","og_title":"Disco de rotura por pandeo inverso del condensador de vapor - Y90","og_description":"Disco de ruptura de acci\u00f3n inversa para condensadores de vapor a presiones de rotura muy bajas. Construcci\u00f3n totalmente met\u00e1lica que garantiza la estabilidad t\u00e9rmica, instalaci\u00f3n entre bridas, resistente al vac\u00edo.","og_url":"https:\/\/www.donadonsdd.com\/es\/producto\/y90-steam-condenser-system-safety\/","og_site_name":"DonadonSDD Srl","article_modified_time":"2026-03-01T00:33:38+00:00","og_image":[{"width":1966,"height":1392,"url":"https:\/\/www.donadonsdd.com\/wp-content\/uploads\/2025\/12\/y90-steam.png","type":"image\/png"}],"twitter_card":"summary_large_image","twitter_misc":{"Tiempo de lectura":"2 minuto"},"schema":{"@context":"https:\/\/schema.org","@graph":[{"@type":"WebPage","@id":"https:\/\/www.donadonsdd.com\/es\/producto\/y90-steam-condenser-system-safety\/","url":"https:\/\/www.donadonsdd.com\/es\/producto\/y90-steam-condenser-system-safety\/","name":"Disco de rotura por pandeo inverso del condensador de vapor - Y90","isPartOf":{"@id":"https:\/\/www.donadonsdd.com\/es\/#website"},"primaryImageOfPage":{"@id":"https:\/\/www.donadonsdd.com\/es\/producto\/y90-steam-condenser-system-safety\/#primaryimage"},"image":{"@id":"https:\/\/www.donadonsdd.com\/es\/producto\/y90-steam-condenser-system-safety\/#primaryimage"},"thumbnailUrl":"https:\/\/www.donadonsdd.com\/wp-content\/uploads\/2025\/12\/y90-steam.png","datePublished":"2025-12-10T13:51:30+00:00","dateModified":"2026-03-01T00:33:38+00:00","description":"Disco de ruptura de acci\u00f3n inversa para condensadores de vapor a presiones de rotura muy bajas. Construcci\u00f3n totalmente met\u00e1lica que garantiza la estabilidad t\u00e9rmica, instalaci\u00f3n entre bridas, resistente al vac\u00edo.","breadcrumb":{"@id":"https:\/\/www.donadonsdd.com\/es\/producto\/y90-steam-condenser-system-safety\/#breadcrumb"},"inLanguage":"es","potentialAction":[{"@type":"ReadAction","target":["https:\/\/www.donadonsdd.com\/es\/producto\/y90-steam-condenser-system-safety\/"]}]},{"@type":"ImageObject","inLanguage":"es","@id":"https:\/\/www.donadonsdd.com\/es\/producto\/y90-steam-condenser-system-safety\/#primaryimage","url":"https:\/\/www.donadonsdd.com\/wp-content\/uploads\/2025\/12\/y90-steam.png","contentUrl":"https:\/\/www.donadonsdd.com\/wp-content\/uploads\/2025\/12\/y90-steam.png","width":1966,"height":1392},{"@type":"BreadcrumbList","@id":"https:\/\/www.donadonsdd.com\/es\/producto\/y90-steam-condenser-system-safety\/#breadcrumb","itemListElement":[{"@type":"ListItem","position":1,"name":"HOMEPAGE","item":"https:\/\/www.donadonsdd.com\/es\/"},{"@type":"ListItem","position":2,"name":"Discos de ruptura Y90 para la seguridad del sistema de condensaci\u00f3n de vapor"}]},{"@type":"WebSite","@id":"https:\/\/www.donadonsdd.com\/es\/#website","url":"https:\/\/www.donadonsdd.com\/es\/","name":"DonadonSDD Srl","description":"","publisher":{"@id":"https:\/\/www.donadonsdd.com\/es\/#organization"},"potentialAction":[{"@type":"SearchAction","target":{"@type":"EntryPoint","urlTemplate":"https:\/\/www.donadonsdd.com\/es\/?s={search_term_string}"},"query-input":{"@type":"PropertyValueSpecification","valueRequired":true,"valueName":"search_term_string"}}],"inLanguage":"es"},{"@type":"Organization","@id":"https:\/\/www.donadonsdd.com\/es\/#organization","name":"DonadonSDD Srl","url":"https:\/\/www.donadonsdd.com\/es\/","logo":{"@type":"ImageObject","inLanguage":"es","@id":"https:\/\/www.donadonsdd.com\/es\/#\/schema\/logo\/image\/","url":"https:\/\/www.donadonsdd.com\/wp-content\/uploads\/2025\/11\/donadonsdd-logo.png","contentUrl":"https:\/\/www.donadonsdd.com\/wp-content\/uploads\/2025\/11\/donadonsdd-logo.png","width":544,"height":96,"caption":"DonadonSDD Srl"},"image":{"@id":"https:\/\/www.donadonsdd.com\/es\/#\/schema\/logo\/image\/"}}]}},"toolset-meta":{"toolset-woocommerce-fields":{"_download_limit":{"type":"numeric","raw":""},"_virtual":{"type":"checkbox","raw":""},"_downloadable":{"type":"checkbox","raw":""},"_download_expiry":{"type":"numeric","raw":""},"_download_type":{"type":"radio","raw":""},"_regular_price":{"type":"numeric","raw":""},"_sale_price":{"type":"numeric","raw":""},"_sale_price_dates_from":{"type":"date","raw":"","formatted":null},"_sale_price_dates_to":{"type":"date","raw":"","formatted":null},"_sku":{"type":"textfield","raw":""},"_manage_stock":{"type":"checkbox","raw":""},"_stock_status":{"type":"radio","raw":""},"_stock":{"type":"numeric","raw":""},"_backorders":{"type":"radio","raw":""},"_sold_individually":{"type":"checkbox","raw":""},"_width":{"type":"numeric","raw":""},"_weight":{"type":"numeric","raw":""},"_length":{"type":"numeric","raw":""},"_purchase_note":{"type":"textarea","raw":""}},"infografica":{"operation-ratio":{"type":"textfield","raw":"hasta el 95"},"non-fragmenting":{"type":"textfield","raw":"s\u00ed"},"vacumm-resistant":{"type":"textfield","raw":"s\u00ed"},"sanitary":{"type":"textfield","raw":"no"},"liquid":{"type":"textfield","raw":"s\u00ed, con la presencia de un volumen m\u00ednimo de vapor libre"},"vapor-gas":{"type":"textfield","raw":"s\u00ed"},"ferrules":{"type":"textfield","raw":""}},"dettagli-prodotto":{"immagini-prodotto":{"type":"image","raw":[""],"repeatable":[{"raw":""}]},"tabella-specifiche":{"type":"wysiwyg","raw":"<p class=\"p1\">MODELO|Y90;\nMATERIALES|Acero inoxidable, Aleaci\u00f3n 201, Aleaci\u00f3n 400, Aleaci\u00f3n 600, Aleaci\u00f3n 625, Aleaci\u00f3n C276, Titanio;\nDIMENSIONES|De DN15 (\u00bd pulgada) a DN900 (36 pulgadas);\nPRESI\u00d3N DE RUPTURA|0,1 - 80 bar g (Seg\u00fan tama\u00f1o y material);\nTOLERANCIA|de +\/- 5 % a +\/- 20%;\nTEMPERATURA DE FUNCIONAMIENTO|Desde - 196\u00b0C hasta 600\u00b0C;\nFRAGMENTACI\u00d3N|No;\nUSO EN COMBINACI\u00d3N CON PSV|Adecuado;\nMARGEN DE FUNCIONAMIENTO|90% - Puede alcanzar hasta el 95% en funci\u00f3n de las condiciones de servicio.;\nRESISTENCIA A LA PRESI\u00d3N DE VAC\u00cdO|S\u00ed, autoportante en condiciones de vac\u00edo;\nRESISTENCIA A LA CORROSI\u00d3N|Muy buena;\nFORROS|Disponibles en PTFE y PFA;\nTITULAR| <a href=\"https:\/\/www.donadonsdd.com\/es\/producto\/hia-hra\/\">HRA<\/a>, <a href=\"https:\/\/www.donadonsdd.com\/es\/producto\/hip-hrp\/\">HRP<\/a>, <a href=\"https:\/\/www.donadonsdd.com\/es\/producto\/hif-hrf\/\">HRF<\/a>;  \nSENSOR DE RUPTURA| <a href=\"https:\/\/www.donadonsdd.com\/es\/productos\/sensores-de-ruptura\/electrico\/\">El\u00e9ctrico<\/a>, <a href=\"https:\/\/www.donadonsdd.com\/es\/productos\/sensores-de-ruptura\/magnetico\/\">Magn\u00e9tico<\/a>, <a href=\"https:\/\/www.donadonsdd.com\/es\/productos\/sensores-de-ruptura\/inductivo\/\">Inductivo<\/a>;  <\/p>"}}},"_links":{"self":[{"href":"https:\/\/www.donadonsdd.com\/es\/wp-json\/wp\/v2\/product\/6195","targetHints":{"allow":["GET"]}}],"collection":[{"href":"https:\/\/www.donadonsdd.com\/es\/wp-json\/wp\/v2\/product"}],"about":[{"href":"https:\/\/www.donadonsdd.com\/es\/wp-json\/wp\/v2\/types\/product"}],"wp:featuredmedia":[{"embeddable":true,"href":"https:\/\/www.donadonsdd.com\/es\/wp-json\/wp\/v2\/media\/10333"}],"wp:attachment":[{"href":"https:\/\/www.donadonsdd.com\/es\/wp-json\/wp\/v2\/media?parent=6195"}],"wp:term":[{"taxonomy":"categoria_prodotto","embeddable":true,"href":"https:\/\/www.donadonsdd.com\/es\/wp-json\/wp\/v2\/categoria_prodotto?post=6195"}],"curies":[{"name":"wp","href":"https:\/\/api.w.org\/{rel}","templated":true}]}}