{"id":6226,"date":"2025-12-10T15:10:11","date_gmt":"2025-12-10T14:10:11","guid":{"rendered":"https:\/\/www.donadonsdd.com\/product\/discos-de-ruptura-lpd-solucion-sencilla-para-la-proteccion-a-baja-presion\/"},"modified":"2026-03-01T01:24:16","modified_gmt":"2026-03-01T00:24:16","slug":"lpd","status":"publish","type":"product","link":"https:\/\/www.donadonsdd.com\/es\/producto\/lpd\/","title":{"rendered":"Discos de ruptura LPD: soluci\u00f3n sencilla para la protecci\u00f3n a baja presi\u00f3n"},"content":{"rendered":"<p>DonadonSDD ofrece discos de ruptura LPD que est\u00e1n dise\u00f1ados para proteger las plantas industriales de variaciones de presi\u00f3n ultrabajas que pueden causar da\u00f1os graves. Los discos de ruptura LPD constan de 3 o m\u00e1s piezas que forman un \u00fanico disco unitario que puede instalarse directamente entre bridas o en soportes (seg\u00fan la aplicaci\u00f3n espec\u00edfica); est\u00e1n provistos de una cuchilla que frena la capa de PTFE al entrar en contacto. <\/p>\n<h2>Caracter\u00edsticas principales y ventajas t\u00e9cnicas<\/h2>\n<h3><span lang=\"en-US\">Altos est\u00e1ndares de certificaci\u00f3n:<\/span><\/h3>\n<p><span lang=\"en-US\">Nuestros discos de ruptura LPD est\u00e1n certificados para cumplir las normas internacionales m\u00e1s exigentes, entre ellas <\/span><span lang=\"en-GB\">ATEX EX II 2 GD (SELLO CE), <\/span><span lang=\"en-US\">PER 2016 UK Statutory Instruments 2016 No 1105 (SELLO UKCA), y CU TR 032 (SELLO EAC).<\/span><\/p>\n<h3><span lang=\"en-US\">T\u00e9cnica:<\/span><\/h3>\n<p><span lang=\"en-US\">Compuesto por una pieza met\u00e1lica ranurada y perforada, una membrana de estanqueidad (normalmente de PTFE), una secci\u00f3n de protecci\u00f3n y un anillo de calibraci\u00f3n con cuchillas para mejorar la rotura de la membrana<\/span><\/p>\n<h3><span lang=\"en-US\">Aplicaciones:<\/span><\/h3>\n<p><span lang=\"en-US\">Dise\u00f1ado para aplicaciones que requieren una protecci\u00f3n de presi\u00f3n extremadamente baja (positiva o negativa). Ideal para proteger contra la implosi\u00f3n o la rotura tanques de procesamiento y almacenamiento, recipientes atmosf\u00e9ricos y silos con presiones de dise\u00f1o bajas. <\/span><\/p>\n<h3><span lang=\"en-US\">Caracter\u00edsticas:<\/span><\/h3>\n<p><span lang=\"en-US\">Puede personalizarse para satisfacer una amplia gama de especificaciones y aplicaciones no est\u00e1ndar<\/span><\/p>\n<h3><span lang=\"en-US\">Resistencia al vac\u00edo:<\/span><\/h3>\n<p><span lang=\"en-US\">Si lo solicitas, disponemos de soportes espec\u00edficos para la protecci\u00f3n contra el vac\u00edo y la contrapresi\u00f3n.  <\/span><\/p>\n<h3><span lang=\"en-US\">Opci\u00f3n de disco de doble sentido:<\/span><\/h3>\n<p><span lang=\"en-US\">Protege contra el vac\u00edo y la presi\u00f3n simult\u00e1neamente (incluso con dos presiones de ajuste diferentes).<\/span><\/p>\n<h2>\u00bfPor qu\u00e9 elegir los discos de ruptura LPD de DonadonSDD?<\/h2>\n<ul>\n<li>Nuestros discos de ruptura LPD est\u00e1n certificados para cumplir las normas internacionales de seguridad m\u00e1s estrictas, proporcionando una protecci\u00f3n fiable a tu planta industrial.<\/li>\n<li>Los discos son ideales para proteger dep\u00f3sitos de procesamiento y almacenamiento, recipientes atmosf\u00e9ricos y silos con presiones de dise\u00f1o bajas, evitando su implosi\u00f3n o rotura.<\/li>\n<li>Los discos pueden personalizarse para satisfacer una amplia gama de especificaciones y aplicaciones no est\u00e1ndar.<\/li>\n<\/ul>\n","protected":false},"excerpt":{"rendered":"<p>DonadonSDD ofrece discos de ruptura LPD que est\u00e1n dise\u00f1ados para proteger las plantas industriales de variaciones de presi\u00f3n ultrabajas que pueden causar da\u00f1os graves. Los discos de ruptura LPD constan de 3 o m\u00e1s piezas que forman un \u00fanico disco unitario que puede instalarse directamente entre bridas o en soportes (seg\u00fan la aplicaci\u00f3n espec\u00edfica); est\u00e1n [&hellip;]<\/p>\n","protected":false},"featured_media":6231,"menu_order":0,"template":"","meta":{"_acf_changed":false},"categoria_prodotto":[87,85,79,98],"class_list":["post-6226","product","type-product","status-publish","has-post-thumbnail","hentry","categoria_prodotto-double-way","categoria_prodotto-forward-acting","categoria_prodotto-rupture-discs","categoria_prodotto-ultra-low-pressure"],"acf":[],"yoast_head":"<!-- This site is optimized with the Yoast SEO plugin v27.3 - https:\/\/yoast.com\/product\/yoast-seo-wordpress\/ -->\n<title>Disco de ruptura compuesto de ultra baja presi\u00f3n para biog\u00e1s - LPD<\/title>\n<meta name=\"description\" content=\"Disco de ruptura compuesto de presi\u00f3n ultrabaja para plantas de biog\u00e1s. Configurable para protecci\u00f3n contra sobrepresi\u00f3n, vac\u00edo o combinada, con dise\u00f1o no fragmentable, instalaci\u00f3n directa con brida y soporte de vac\u00edo opcional.\" \/>\n<meta name=\"robots\" content=\"index, follow, max-snippet:-1, max-image-preview:large, max-video-preview:-1\" \/>\n<link rel=\"canonical\" href=\"https:\/\/www.donadonsdd.com\/es\/producto\/lpd\/\" \/>\n<meta property=\"og:locale\" content=\"es_ES\" \/>\n<meta property=\"og:type\" content=\"article\" \/>\n<meta property=\"og:title\" content=\"Disco de ruptura compuesto de ultra baja presi\u00f3n para biog\u00e1s - LPD\" \/>\n<meta property=\"og:description\" content=\"Disco de ruptura compuesto de presi\u00f3n ultrabaja para plantas de biog\u00e1s. Configurable para protecci\u00f3n contra sobrepresi\u00f3n, vac\u00edo o combinada, con dise\u00f1o no fragmentable, instalaci\u00f3n directa con brida y soporte de vac\u00edo opcional.\" \/>\n<meta property=\"og:url\" content=\"https:\/\/www.donadonsdd.com\/es\/producto\/lpd\/\" \/>\n<meta property=\"og:site_name\" content=\"DonadonSDD Srl\" \/>\n<meta property=\"article:modified_time\" content=\"2026-03-01T00:24:16+00:00\" \/>\n<meta property=\"og:image\" content=\"https:\/\/www.donadonsdd.com\/wp-content\/uploads\/2025\/12\/donadon-sdd-lpd-rupture-discs-low-pressure.png\" \/>\n\t<meta property=\"og:image:width\" content=\"1800\" \/>\n\t<meta property=\"og:image:height\" content=\"1200\" \/>\n\t<meta property=\"og:image:type\" content=\"image\/png\" \/>\n<meta name=\"twitter:card\" content=\"summary_large_image\" \/>\n<meta name=\"twitter:label1\" content=\"Tiempo de lectura\" \/>\n\t<meta name=\"twitter:data1\" content=\"2 minuto\" \/>\n<script type=\"application\/ld+json\" class=\"yoast-schema-graph\">{\"@context\":\"https:\\\/\\\/schema.org\",\"@graph\":[{\"@type\":\"WebPage\",\"@id\":\"https:\\\/\\\/www.donadonsdd.com\\\/es\\\/producto\\\/lpd\\\/\",\"url\":\"https:\\\/\\\/www.donadonsdd.com\\\/es\\\/producto\\\/lpd\\\/\",\"name\":\"Disco de ruptura compuesto de ultra baja presi\u00f3n para biog\u00e1s - LPD\",\"isPartOf\":{\"@id\":\"https:\\\/\\\/www.donadonsdd.com\\\/es\\\/#website\"},\"primaryImageOfPage\":{\"@id\":\"https:\\\/\\\/www.donadonsdd.com\\\/es\\\/producto\\\/lpd\\\/#primaryimage\"},\"image\":{\"@id\":\"https:\\\/\\\/www.donadonsdd.com\\\/es\\\/producto\\\/lpd\\\/#primaryimage\"},\"thumbnailUrl\":\"https:\\\/\\\/www.donadonsdd.com\\\/wp-content\\\/uploads\\\/2025\\\/12\\\/donadon-sdd-lpd-rupture-discs-low-pressure.png\",\"datePublished\":\"2025-12-10T14:10:11+00:00\",\"dateModified\":\"2026-03-01T00:24:16+00:00\",\"description\":\"Disco de ruptura compuesto de presi\u00f3n ultrabaja para plantas de biog\u00e1s. Configurable para protecci\u00f3n contra sobrepresi\u00f3n, vac\u00edo o combinada, con dise\u00f1o no fragmentable, instalaci\u00f3n directa con brida y soporte de vac\u00edo opcional.\",\"breadcrumb\":{\"@id\":\"https:\\\/\\\/www.donadonsdd.com\\\/es\\\/producto\\\/lpd\\\/#breadcrumb\"},\"inLanguage\":\"es\",\"potentialAction\":[{\"@type\":\"ReadAction\",\"target\":[\"https:\\\/\\\/www.donadonsdd.com\\\/es\\\/producto\\\/lpd\\\/\"]}]},{\"@type\":\"ImageObject\",\"inLanguage\":\"es\",\"@id\":\"https:\\\/\\\/www.donadonsdd.com\\\/es\\\/producto\\\/lpd\\\/#primaryimage\",\"url\":\"https:\\\/\\\/www.donadonsdd.com\\\/wp-content\\\/uploads\\\/2025\\\/12\\\/donadon-sdd-lpd-rupture-discs-low-pressure.png\",\"contentUrl\":\"https:\\\/\\\/www.donadonsdd.com\\\/wp-content\\\/uploads\\\/2025\\\/12\\\/donadon-sdd-lpd-rupture-discs-low-pressure.png\",\"width\":1800,\"height\":1200,\"caption\":\"discos de ruptura donadon sdd lpd baja presi\u00f3n\"},{\"@type\":\"BreadcrumbList\",\"@id\":\"https:\\\/\\\/www.donadonsdd.com\\\/es\\\/producto\\\/lpd\\\/#breadcrumb\",\"itemListElement\":[{\"@type\":\"ListItem\",\"position\":1,\"name\":\"HOMEPAGE\",\"item\":\"https:\\\/\\\/www.donadonsdd.com\\\/es\\\/\"},{\"@type\":\"ListItem\",\"position\":2,\"name\":\"Discos de ruptura LPD: soluci\u00f3n sencilla para la protecci\u00f3n a baja presi\u00f3n\"}]},{\"@type\":\"WebSite\",\"@id\":\"https:\\\/\\\/www.donadonsdd.com\\\/es\\\/#website\",\"url\":\"https:\\\/\\\/www.donadonsdd.com\\\/es\\\/\",\"name\":\"DonadonSDD Srl\",\"description\":\"\",\"publisher\":{\"@id\":\"https:\\\/\\\/www.donadonsdd.com\\\/es\\\/#organization\"},\"potentialAction\":[{\"@type\":\"SearchAction\",\"target\":{\"@type\":\"EntryPoint\",\"urlTemplate\":\"https:\\\/\\\/www.donadonsdd.com\\\/es\\\/?s={search_term_string}\"},\"query-input\":{\"@type\":\"PropertyValueSpecification\",\"valueRequired\":true,\"valueName\":\"search_term_string\"}}],\"inLanguage\":\"es\"},{\"@type\":\"Organization\",\"@id\":\"https:\\\/\\\/www.donadonsdd.com\\\/es\\\/#organization\",\"name\":\"DonadonSDD Srl\",\"url\":\"https:\\\/\\\/www.donadonsdd.com\\\/es\\\/\",\"logo\":{\"@type\":\"ImageObject\",\"inLanguage\":\"es\",\"@id\":\"https:\\\/\\\/www.donadonsdd.com\\\/es\\\/#\\\/schema\\\/logo\\\/image\\\/\",\"url\":\"https:\\\/\\\/www.donadonsdd.com\\\/wp-content\\\/uploads\\\/2025\\\/11\\\/donadonsdd-logo.png\",\"contentUrl\":\"https:\\\/\\\/www.donadonsdd.com\\\/wp-content\\\/uploads\\\/2025\\\/11\\\/donadonsdd-logo.png\",\"width\":544,\"height\":96,\"caption\":\"DonadonSDD Srl\"},\"image\":{\"@id\":\"https:\\\/\\\/www.donadonsdd.com\\\/es\\\/#\\\/schema\\\/logo\\\/image\\\/\"}}]}<\/script>\n<!-- \/ Yoast SEO plugin. -->","yoast_head_json":{"title":"Disco de ruptura compuesto de ultra baja presi\u00f3n para biog\u00e1s - LPD","description":"Disco de ruptura compuesto de presi\u00f3n ultrabaja para plantas de biog\u00e1s. Configurable para protecci\u00f3n contra sobrepresi\u00f3n, vac\u00edo o combinada, con dise\u00f1o no fragmentable, instalaci\u00f3n directa con brida y soporte de vac\u00edo opcional.","robots":{"index":"index","follow":"follow","max-snippet":"max-snippet:-1","max-image-preview":"max-image-preview:large","max-video-preview":"max-video-preview:-1"},"canonical":"https:\/\/www.donadonsdd.com\/es\/producto\/lpd\/","og_locale":"es_ES","og_type":"article","og_title":"Disco de ruptura compuesto de ultra baja presi\u00f3n para biog\u00e1s - LPD","og_description":"Disco de ruptura compuesto de presi\u00f3n ultrabaja para plantas de biog\u00e1s. Configurable para protecci\u00f3n contra sobrepresi\u00f3n, vac\u00edo o combinada, con dise\u00f1o no fragmentable, instalaci\u00f3n directa con brida y soporte de vac\u00edo opcional.","og_url":"https:\/\/www.donadonsdd.com\/es\/producto\/lpd\/","og_site_name":"DonadonSDD Srl","article_modified_time":"2026-03-01T00:24:16+00:00","og_image":[{"width":1800,"height":1200,"url":"https:\/\/www.donadonsdd.com\/wp-content\/uploads\/2025\/12\/donadon-sdd-lpd-rupture-discs-low-pressure.png","type":"image\/png"}],"twitter_card":"summary_large_image","twitter_misc":{"Tiempo de lectura":"2 minuto"},"schema":{"@context":"https:\/\/schema.org","@graph":[{"@type":"WebPage","@id":"https:\/\/www.donadonsdd.com\/es\/producto\/lpd\/","url":"https:\/\/www.donadonsdd.com\/es\/producto\/lpd\/","name":"Disco de ruptura compuesto de ultra baja presi\u00f3n para biog\u00e1s - LPD","isPartOf":{"@id":"https:\/\/www.donadonsdd.com\/es\/#website"},"primaryImageOfPage":{"@id":"https:\/\/www.donadonsdd.com\/es\/producto\/lpd\/#primaryimage"},"image":{"@id":"https:\/\/www.donadonsdd.com\/es\/producto\/lpd\/#primaryimage"},"thumbnailUrl":"https:\/\/www.donadonsdd.com\/wp-content\/uploads\/2025\/12\/donadon-sdd-lpd-rupture-discs-low-pressure.png","datePublished":"2025-12-10T14:10:11+00:00","dateModified":"2026-03-01T00:24:16+00:00","description":"Disco de ruptura compuesto de presi\u00f3n ultrabaja para plantas de biog\u00e1s. Configurable para protecci\u00f3n contra sobrepresi\u00f3n, vac\u00edo o combinada, con dise\u00f1o no fragmentable, instalaci\u00f3n directa con brida y soporte de vac\u00edo opcional.","breadcrumb":{"@id":"https:\/\/www.donadonsdd.com\/es\/producto\/lpd\/#breadcrumb"},"inLanguage":"es","potentialAction":[{"@type":"ReadAction","target":["https:\/\/www.donadonsdd.com\/es\/producto\/lpd\/"]}]},{"@type":"ImageObject","inLanguage":"es","@id":"https:\/\/www.donadonsdd.com\/es\/producto\/lpd\/#primaryimage","url":"https:\/\/www.donadonsdd.com\/wp-content\/uploads\/2025\/12\/donadon-sdd-lpd-rupture-discs-low-pressure.png","contentUrl":"https:\/\/www.donadonsdd.com\/wp-content\/uploads\/2025\/12\/donadon-sdd-lpd-rupture-discs-low-pressure.png","width":1800,"height":1200,"caption":"discos de ruptura donadon sdd lpd baja presi\u00f3n"},{"@type":"BreadcrumbList","@id":"https:\/\/www.donadonsdd.com\/es\/producto\/lpd\/#breadcrumb","itemListElement":[{"@type":"ListItem","position":1,"name":"HOMEPAGE","item":"https:\/\/www.donadonsdd.com\/es\/"},{"@type":"ListItem","position":2,"name":"Discos de ruptura LPD: soluci\u00f3n sencilla para la protecci\u00f3n a baja presi\u00f3n"}]},{"@type":"WebSite","@id":"https:\/\/www.donadonsdd.com\/es\/#website","url":"https:\/\/www.donadonsdd.com\/es\/","name":"DonadonSDD Srl","description":"","publisher":{"@id":"https:\/\/www.donadonsdd.com\/es\/#organization"},"potentialAction":[{"@type":"SearchAction","target":{"@type":"EntryPoint","urlTemplate":"https:\/\/www.donadonsdd.com\/es\/?s={search_term_string}"},"query-input":{"@type":"PropertyValueSpecification","valueRequired":true,"valueName":"search_term_string"}}],"inLanguage":"es"},{"@type":"Organization","@id":"https:\/\/www.donadonsdd.com\/es\/#organization","name":"DonadonSDD Srl","url":"https:\/\/www.donadonsdd.com\/es\/","logo":{"@type":"ImageObject","inLanguage":"es","@id":"https:\/\/www.donadonsdd.com\/es\/#\/schema\/logo\/image\/","url":"https:\/\/www.donadonsdd.com\/wp-content\/uploads\/2025\/11\/donadonsdd-logo.png","contentUrl":"https:\/\/www.donadonsdd.com\/wp-content\/uploads\/2025\/11\/donadonsdd-logo.png","width":544,"height":96,"caption":"DonadonSDD Srl"},"image":{"@id":"https:\/\/www.donadonsdd.com\/es\/#\/schema\/logo\/image\/"}}]}},"toolset-meta":{"toolset-woocommerce-fields":{"_download_limit":{"type":"numeric","raw":""},"_virtual":{"type":"checkbox","raw":""},"_downloadable":{"type":"checkbox","raw":""},"_download_expiry":{"type":"numeric","raw":""},"_download_type":{"type":"radio","raw":""},"_regular_price":{"type":"numeric","raw":""},"_sale_price":{"type":"numeric","raw":""},"_sale_price_dates_from":{"type":"date","raw":"","formatted":null},"_sale_price_dates_to":{"type":"date","raw":"","formatted":null},"_sku":{"type":"textfield","raw":""},"_manage_stock":{"type":"checkbox","raw":""},"_stock_status":{"type":"radio","raw":""},"_stock":{"type":"numeric","raw":""},"_backorders":{"type":"radio","raw":""},"_sold_individually":{"type":"checkbox","raw":""},"_width":{"type":"numeric","raw":""},"_weight":{"type":"numeric","raw":""},"_length":{"type":"numeric","raw":""},"_purchase_note":{"type":"textarea","raw":""}},"infografica":{"operation-ratio":{"type":"textfield","raw":"hasta el 60"},"non-fragmenting":{"type":"textfield","raw":"s\u00ed (s\u00f3lo membrana)"},"vacumm-resistant":{"type":"textfield","raw":"s\u00ed, se necesita soporte de vac\u00edo"},"sanitary":{"type":"textfield","raw":"no"},"liquid":{"type":"textfield","raw":"s\u00ed"},"vapor-gas":{"type":"textfield","raw":"s\u00ed"},"ferrules":{"type":"textfield","raw":""}},"dettagli-prodotto":{"immagini-prodotto":{"type":"image","raw":["https:\/\/www.donadonsdd.com\/wp-content\/uploads\/2025\/12\/donadon-16_result.webp","https:\/\/www.donadonsdd.com\/wp-content\/uploads\/2025\/12\/donadon-17_result.webp","https:\/\/www.donadonsdd.com\/wp-content\/uploads\/2025\/12\/donadon-18_result.webp"],"repeatable":[{"raw":"https:\/\/www.donadonsdd.com\/wp-content\/uploads\/2025\/12\/donadon-16_result.webp","attachment_id":6228},{"raw":"https:\/\/www.donadonsdd.com\/wp-content\/uploads\/2025\/12\/donadon-17_result.webp","attachment_id":1404},{"raw":"https:\/\/www.donadonsdd.com\/wp-content\/uploads\/2025\/12\/donadon-18_result.webp","attachment_id":6230}]},"tabella-specifiche":{"type":"wysiwyg","raw":"<p class=\"p1\">MATERIALES|Acero inoxidable, Aleaci\u00f3n 201, Aleaci\u00f3n 400, Aleaci\u00f3n 600, Aleaci\u00f3n 625, Aleaci\u00f3n C276, Titanio;\nMEMBRANA DE SELLADO|Disponible en PTFE o PFA;\nDIMENSIONES|De DN50 (2 pulgadas) a DN300 (12 pulgadas);\nPRESI\u00d3N DE RUPTURA|0,005 - 0,5 bar g (Seg\u00fan tama\u00f1o y material);\nTOLERANCIA|de +\/- 20 % a +\/- 40%;\nTEMPERATURA DE FUNCIONAMIENTO|m\u00e1x 260\u00b0C (membrana en PTFE o PFA);\nFRAGMENTACI\u00d3N|No (s\u00f3lo membrana);\nUSO EN COMBINACI\u00d3N CON PSV|Adecuado;\nMARGEN OPERATIVO|Puede llegar hasta el 60% seg\u00fan las condiciones de servicio.;\nRESISTENCIA A LA PRESI\u00d3N DE VAC\u00cdO|S\u00ed, se necesita soporte de vac\u00edo;\nOPCI\u00d3N DE DISCO DE DOBLE V\u00cdA|Disponible, incluso con dos presiones de ajuste diferentes;\nRESISTENCIA A LA CORROSI\u00d3N|Muy buena;\nFORROS|Disponibles en PTFE y PFA;\nINSTALACI\u00d3N|Directamente entre bridas o adecuado para soportes <a href=\"https:\/\/www.donadonsdd.com\/es\/producto\/hia-hra\/\">HIA<\/a>, <a href=\"https:\/\/www.donadonsdd.com\/es\/producto\/hip-hrp\/\">HIP<\/a>, <a href=\"https:\/\/www.donadonsdd.com\/es\/producto\/hif-hrf\/\">HIF<\/a>;   \nSENSOR DE RUPTURA| <a href=\"https:\/\/www.donadonsdd.com\/es\/productos\/sensores-de-ruptura\/inductivo\/\">Inductivo<\/a>, <a href=\"https:\/\/www.donadonsdd.com\/es\/productos\/sensores-de-ruptura\/fibra-optica\/\">\u00d3ptico<\/a>; <\/p>"}}},"_links":{"self":[{"href":"https:\/\/www.donadonsdd.com\/es\/wp-json\/wp\/v2\/product\/6226","targetHints":{"allow":["GET"]}}],"collection":[{"href":"https:\/\/www.donadonsdd.com\/es\/wp-json\/wp\/v2\/product"}],"about":[{"href":"https:\/\/www.donadonsdd.com\/es\/wp-json\/wp\/v2\/types\/product"}],"wp:featuredmedia":[{"embeddable":true,"href":"https:\/\/www.donadonsdd.com\/es\/wp-json\/wp\/v2\/media\/6231"}],"wp:attachment":[{"href":"https:\/\/www.donadonsdd.com\/es\/wp-json\/wp\/v2\/media?parent=6226"}],"wp:term":[{"taxonomy":"categoria_prodotto","embeddable":true,"href":"https:\/\/www.donadonsdd.com\/es\/wp-json\/wp\/v2\/categoria_prodotto?post=6226"}],"curies":[{"name":"wp","href":"https:\/\/api.w.org\/{rel}","templated":true}]}}