{"id":6227,"date":"2025-12-10T15:01:20","date_gmt":"2025-12-10T14:01:20","guid":{"rendered":"https:\/\/www.donadonsdd.com\/product\/discos-de-ruptura-scr-para-la-seguridad-del-sistema-de-condensacion-de-vapor\/"},"modified":"2026-03-01T01:27:41","modified_gmt":"2026-03-01T00:27:41","slug":"scr-steam-condenser-system-safety","status":"publish","type":"product","link":"https:\/\/www.donadonsdd.com\/es\/producto\/scr-steam-condenser-system-safety\/","title":{"rendered":"Discos de ruptura SCR para la seguridad del sistema de condensaci\u00f3n de vapor"},"content":{"rendered":"<p>Los discos de ruptura de acci\u00f3n inversa DonadonSDD SCR son dispositivos de seguridad esenciales que impiden que las variaciones bruscas de presi\u00f3n da\u00f1en las instalaciones industriales. Los discos de ruptura de acci\u00f3n inversa tienen una curvatura convexa que permanece inalterada bajo la presi\u00f3n de funcionamiento hasta que se alcanza la presi\u00f3n inversa, lo que puede garantizar una larga vida \u00fatil. Los discos de ruptura DonadonSDD SCR utilizan tecnolog\u00eda sectorial avanzada y proporcionan un rendimiento y una fiabilidad mejorados para ofrecer una protecci\u00f3n precisa en las aplicaciones de mayor riesgo, lo que convierte a los discos de ruptura DonadonSDD SCR en la mejor opci\u00f3n para la seguridad de tu planta. Nuestros Discos de ruptura SCR est\u00e1n dise\u00f1ados espec\u00edficamente para proteger los sistemas de condensadores de vapor de la sobrepresi\u00f3n. Los discos presentan un dise\u00f1o totalmente met\u00e1lico con secciones microranuradas por l\u00e1ser que garantizan una alta fiabilidad, una tolerancia estricta y una mayor eficacia del sistema de vac\u00edo. Ya no es necesario utilizar una membrana de sellado de PTFE, que es notoriamente permeable.  <\/p>\n<h2>Caracter\u00edsticas principales y ventajas t\u00e9cnicas<\/h2>\n<h3><span lang=\"en-US\">Altos est\u00e1ndares de certificaci\u00f3n:<\/span><\/h3>\n<p><span lang=\"en-US\">Nuestros discos de ruptura SCR est\u00e1n certificados conforme a las normas de seguridad m\u00e1s exigentes, como PED 2014\/68\/UE (Sello CE), ATEX EX II 2 GD (Sello CE), PER 2016 UK Statutory Instruments 2016 No 1105 (Sello UKCA) y CU TR 032 (Sello EAC).<\/span><\/p>\n<h3><span lang=\"en-US\">Tecnolog\u00eda avanzada:<\/span><\/h3>\n<p><span lang=\"en-US\">Los discos de ruptura SCR obtenidos mediante nuestra tecnolog\u00eda patentada Laser NS NanoScored son discos de acci\u00f3n inversa con secciones calibradas microranuradas que se abren en p\u00e9talos, lo que reduce el riesgo de desprendimiento de p\u00e9talos.<\/span><\/p>\n<h3><span lang=\"en-US\">Dise\u00f1o vers\u00e1til:<\/span><\/h3>\n<p><span lang=\"en-US\">Dise\u00f1ado para instalarse f\u00e1cilmente en el acoplamiento embridado del cliente (o con anillos distanciadores adicionales para adaptarse al espacio existente entre bridas y facilitar la instalaci\u00f3n) y tiene una larga vida \u00fatil bajo presiones c\u00edclicas y pulsantes.<\/span><\/p>\n<h3><span lang=\"en-US\">Rendimiento fiable:<\/span><\/h3>\n<p><span lang=\"en-US\">Soportan miles de ciclos sin comprometer su fiabilidad, con relaciones de hasta el 95% entre la presi\u00f3n de funcionamiento y la de rotura. La tolerancia estricta en el punto de ruptura garantiza una protecci\u00f3n fiable.<\/span><\/p>\n<h3><span lang=\"en-US\">Ruptura r\u00e1pida:<\/span><\/h3>\n<p><span lang=\"en-US\">El disco se rompe en pocos milisegundos y con apertura total a lo largo de las l\u00edneas de p\u00e9talos marcadores en el lado descendente del disco.<\/span><\/p>\n<h3><span lang=\"en-US\">Sin fragmentaci\u00f3n:<\/span><\/h3>\n<p><span lang=\"en-US\">Los discos de ruptura DonadonSDD SCR se rompen a lo largo de la l\u00ednea marcada sin generar fragmentos.<\/span><\/p>\n<h3><span lang=\"en-US\">Resistencia a la temperatura:<\/span><\/h3>\n<p><span lang=\"en-US\">Ideal para aplicaciones con importantes variaciones de temperatura, gracias a su menor sensibilidad a las fluctuaciones de temperatura.<\/span><\/p>\n<h3><span lang=\"en-US\">Resistencia al vac\u00edo:<\/span><\/h3>\n<p><span lang=\"en-US\">Resistente al vac\u00edo total, que proporciona una zona de ventilaci\u00f3n completa sin necesidad de soporte de vac\u00edo.<\/span><\/p>\n<h2>\u00bfPor qu\u00e9 elegir los discos de ruptura DonadonSDD SCR?<\/h2>\n<ul>\n<li>Los discos de ruptura SCR DonadonSDD est\u00e1n certificados conforme a las normas de seguridad m\u00e1s exigentes, y proporcionan una protecci\u00f3n fiable para los sistemas de condensadores de vapor.<\/li>\n<li>Nuestra tecnolog\u00eda patentada NS NanoScored nos permite microranurar cualquier material industrial para obtener el mejor disco de ruptura posible.<\/li>\n<li>Nuestro dise\u00f1o totalmente met\u00e1lico con secciones l\u00e1ser microranuradas garantiza una gran fiabilidad y una tolerancia estricta, al tiempo que mejora la eficacia del sistema de vac\u00edo.<\/li>\n<li>Nuestros discos de ruptura SCR son resistentes al vac\u00edo absoluto y pueden instalarse sin necesidad de soportes, lo que los hace vers\u00e1tiles y pr\u00e1cticos para diversas aplicaciones.<\/li>\n<\/ul>\n","protected":false},"excerpt":{"rendered":"<p>Los discos de ruptura de acci\u00f3n inversa DonadonSDD SCR son dispositivos de seguridad esenciales que impiden que las variaciones bruscas de presi\u00f3n da\u00f1en las instalaciones industriales. Los discos de ruptura de acci\u00f3n inversa tienen una curvatura convexa que permanece inalterada bajo la presi\u00f3n de funcionamiento hasta que se alcanza la presi\u00f3n inversa, lo que puede [&hellip;]<\/p>\n","protected":false},"featured_media":10329,"menu_order":0,"template":"","meta":{"_acf_changed":false},"categoria_prodotto":[79,91],"class_list":["post-6227","product","type-product","status-publish","has-post-thumbnail","hentry","categoria_prodotto-rupture-discs","categoria_prodotto-special-executions"],"acf":[],"yoast_head":"<!-- This site is optimized with the Yoast SEO plugin v27.3 - https:\/\/yoast.com\/product\/yoast-seo-wordpress\/ -->\n<title>Disco de ruptura de acci\u00f3n inversa del condensador de vapor - SCR<\/title>\n<meta name=\"description\" content=\"Disco de ruptura de acci\u00f3n inversa para la protecci\u00f3n del condensador de vapor. Dise\u00f1o totalmente met\u00e1lico para servicio a alta temperatura, instalaci\u00f3n entre bridas, resistente al vac\u00edo, relaci\u00f3n de funcionamiento de hasta el 95%.\" \/>\n<meta name=\"robots\" content=\"index, follow, max-snippet:-1, max-image-preview:large, max-video-preview:-1\" \/>\n<link rel=\"canonical\" href=\"https:\/\/www.donadonsdd.com\/es\/producto\/scr-steam-condenser-system-safety\/\" \/>\n<meta property=\"og:locale\" content=\"es_ES\" \/>\n<meta property=\"og:type\" content=\"article\" \/>\n<meta property=\"og:title\" content=\"Disco de ruptura de acci\u00f3n inversa del condensador de vapor - SCR\" \/>\n<meta property=\"og:description\" content=\"Disco de ruptura de acci\u00f3n inversa para la protecci\u00f3n del condensador de vapor. Dise\u00f1o totalmente met\u00e1lico para servicio a alta temperatura, instalaci\u00f3n entre bridas, resistente al vac\u00edo, relaci\u00f3n de funcionamiento de hasta el 95%.\" \/>\n<meta property=\"og:url\" content=\"https:\/\/www.donadonsdd.com\/es\/producto\/scr-steam-condenser-system-safety\/\" \/>\n<meta property=\"og:site_name\" content=\"DonadonSDD Srl\" \/>\n<meta property=\"article:modified_time\" content=\"2026-03-01T00:27:41+00:00\" \/>\n<meta property=\"og:image\" content=\"https:\/\/www.donadonsdd.com\/wp-content\/uploads\/2025\/12\/scr-steam.png\" \/>\n\t<meta property=\"og:image:width\" content=\"1582\" \/>\n\t<meta property=\"og:image:height\" content=\"1118\" \/>\n\t<meta property=\"og:image:type\" content=\"image\/png\" \/>\n<meta name=\"twitter:card\" content=\"summary_large_image\" \/>\n<meta name=\"twitter:label1\" content=\"Tiempo de lectura\" \/>\n\t<meta name=\"twitter:data1\" content=\"3 minuto\" \/>\n<script type=\"application\/ld+json\" class=\"yoast-schema-graph\">{\"@context\":\"https:\\\/\\\/schema.org\",\"@graph\":[{\"@type\":\"WebPage\",\"@id\":\"https:\\\/\\\/www.donadonsdd.com\\\/es\\\/producto\\\/scr-steam-condenser-system-safety\\\/\",\"url\":\"https:\\\/\\\/www.donadonsdd.com\\\/es\\\/producto\\\/scr-steam-condenser-system-safety\\\/\",\"name\":\"Disco de ruptura de acci\u00f3n inversa del condensador de vapor - SCR\",\"isPartOf\":{\"@id\":\"https:\\\/\\\/www.donadonsdd.com\\\/es\\\/#website\"},\"primaryImageOfPage\":{\"@id\":\"https:\\\/\\\/www.donadonsdd.com\\\/es\\\/producto\\\/scr-steam-condenser-system-safety\\\/#primaryimage\"},\"image\":{\"@id\":\"https:\\\/\\\/www.donadonsdd.com\\\/es\\\/producto\\\/scr-steam-condenser-system-safety\\\/#primaryimage\"},\"thumbnailUrl\":\"https:\\\/\\\/www.donadonsdd.com\\\/wp-content\\\/uploads\\\/2025\\\/12\\\/scr-steam.png\",\"datePublished\":\"2025-12-10T14:01:20+00:00\",\"dateModified\":\"2026-03-01T00:27:41+00:00\",\"description\":\"Disco de ruptura de acci\u00f3n inversa para la protecci\u00f3n del condensador de vapor. Dise\u00f1o totalmente met\u00e1lico para servicio a alta temperatura, instalaci\u00f3n entre bridas, resistente al vac\u00edo, relaci\u00f3n de funcionamiento de hasta el 95%.\",\"breadcrumb\":{\"@id\":\"https:\\\/\\\/www.donadonsdd.com\\\/es\\\/producto\\\/scr-steam-condenser-system-safety\\\/#breadcrumb\"},\"inLanguage\":\"es\",\"potentialAction\":[{\"@type\":\"ReadAction\",\"target\":[\"https:\\\/\\\/www.donadonsdd.com\\\/es\\\/producto\\\/scr-steam-condenser-system-safety\\\/\"]}]},{\"@type\":\"ImageObject\",\"inLanguage\":\"es\",\"@id\":\"https:\\\/\\\/www.donadonsdd.com\\\/es\\\/producto\\\/scr-steam-condenser-system-safety\\\/#primaryimage\",\"url\":\"https:\\\/\\\/www.donadonsdd.com\\\/wp-content\\\/uploads\\\/2025\\\/12\\\/scr-steam.png\",\"contentUrl\":\"https:\\\/\\\/www.donadonsdd.com\\\/wp-content\\\/uploads\\\/2025\\\/12\\\/scr-steam.png\",\"width\":1582,\"height\":1118},{\"@type\":\"BreadcrumbList\",\"@id\":\"https:\\\/\\\/www.donadonsdd.com\\\/es\\\/producto\\\/scr-steam-condenser-system-safety\\\/#breadcrumb\",\"itemListElement\":[{\"@type\":\"ListItem\",\"position\":1,\"name\":\"HOMEPAGE\",\"item\":\"https:\\\/\\\/www.donadonsdd.com\\\/es\\\/\"},{\"@type\":\"ListItem\",\"position\":2,\"name\":\"Discos de ruptura SCR para la seguridad del sistema de condensaci\u00f3n de vapor\"}]},{\"@type\":\"WebSite\",\"@id\":\"https:\\\/\\\/www.donadonsdd.com\\\/es\\\/#website\",\"url\":\"https:\\\/\\\/www.donadonsdd.com\\\/es\\\/\",\"name\":\"DonadonSDD Srl\",\"description\":\"\",\"publisher\":{\"@id\":\"https:\\\/\\\/www.donadonsdd.com\\\/es\\\/#organization\"},\"potentialAction\":[{\"@type\":\"SearchAction\",\"target\":{\"@type\":\"EntryPoint\",\"urlTemplate\":\"https:\\\/\\\/www.donadonsdd.com\\\/es\\\/?s={search_term_string}\"},\"query-input\":{\"@type\":\"PropertyValueSpecification\",\"valueRequired\":true,\"valueName\":\"search_term_string\"}}],\"inLanguage\":\"es\"},{\"@type\":\"Organization\",\"@id\":\"https:\\\/\\\/www.donadonsdd.com\\\/es\\\/#organization\",\"name\":\"DonadonSDD Srl\",\"url\":\"https:\\\/\\\/www.donadonsdd.com\\\/es\\\/\",\"logo\":{\"@type\":\"ImageObject\",\"inLanguage\":\"es\",\"@id\":\"https:\\\/\\\/www.donadonsdd.com\\\/es\\\/#\\\/schema\\\/logo\\\/image\\\/\",\"url\":\"https:\\\/\\\/www.donadonsdd.com\\\/wp-content\\\/uploads\\\/2025\\\/11\\\/donadonsdd-logo.png\",\"contentUrl\":\"https:\\\/\\\/www.donadonsdd.com\\\/wp-content\\\/uploads\\\/2025\\\/11\\\/donadonsdd-logo.png\",\"width\":544,\"height\":96,\"caption\":\"DonadonSDD Srl\"},\"image\":{\"@id\":\"https:\\\/\\\/www.donadonsdd.com\\\/es\\\/#\\\/schema\\\/logo\\\/image\\\/\"}}]}<\/script>\n<!-- \/ Yoast SEO plugin. -->","yoast_head_json":{"title":"Disco de ruptura de acci\u00f3n inversa del condensador de vapor - SCR","description":"Disco de ruptura de acci\u00f3n inversa para la protecci\u00f3n del condensador de vapor. Dise\u00f1o totalmente met\u00e1lico para servicio a alta temperatura, instalaci\u00f3n entre bridas, resistente al vac\u00edo, relaci\u00f3n de funcionamiento de hasta el 95%.","robots":{"index":"index","follow":"follow","max-snippet":"max-snippet:-1","max-image-preview":"max-image-preview:large","max-video-preview":"max-video-preview:-1"},"canonical":"https:\/\/www.donadonsdd.com\/es\/producto\/scr-steam-condenser-system-safety\/","og_locale":"es_ES","og_type":"article","og_title":"Disco de ruptura de acci\u00f3n inversa del condensador de vapor - SCR","og_description":"Disco de ruptura de acci\u00f3n inversa para la protecci\u00f3n del condensador de vapor. Dise\u00f1o totalmente met\u00e1lico para servicio a alta temperatura, instalaci\u00f3n entre bridas, resistente al vac\u00edo, relaci\u00f3n de funcionamiento de hasta el 95%.","og_url":"https:\/\/www.donadonsdd.com\/es\/producto\/scr-steam-condenser-system-safety\/","og_site_name":"DonadonSDD Srl","article_modified_time":"2026-03-01T00:27:41+00:00","og_image":[{"width":1582,"height":1118,"url":"https:\/\/www.donadonsdd.com\/wp-content\/uploads\/2025\/12\/scr-steam.png","type":"image\/png"}],"twitter_card":"summary_large_image","twitter_misc":{"Tiempo de lectura":"3 minuto"},"schema":{"@context":"https:\/\/schema.org","@graph":[{"@type":"WebPage","@id":"https:\/\/www.donadonsdd.com\/es\/producto\/scr-steam-condenser-system-safety\/","url":"https:\/\/www.donadonsdd.com\/es\/producto\/scr-steam-condenser-system-safety\/","name":"Disco de ruptura de acci\u00f3n inversa del condensador de vapor - SCR","isPartOf":{"@id":"https:\/\/www.donadonsdd.com\/es\/#website"},"primaryImageOfPage":{"@id":"https:\/\/www.donadonsdd.com\/es\/producto\/scr-steam-condenser-system-safety\/#primaryimage"},"image":{"@id":"https:\/\/www.donadonsdd.com\/es\/producto\/scr-steam-condenser-system-safety\/#primaryimage"},"thumbnailUrl":"https:\/\/www.donadonsdd.com\/wp-content\/uploads\/2025\/12\/scr-steam.png","datePublished":"2025-12-10T14:01:20+00:00","dateModified":"2026-03-01T00:27:41+00:00","description":"Disco de ruptura de acci\u00f3n inversa para la protecci\u00f3n del condensador de vapor. Dise\u00f1o totalmente met\u00e1lico para servicio a alta temperatura, instalaci\u00f3n entre bridas, resistente al vac\u00edo, relaci\u00f3n de funcionamiento de hasta el 95%.","breadcrumb":{"@id":"https:\/\/www.donadonsdd.com\/es\/producto\/scr-steam-condenser-system-safety\/#breadcrumb"},"inLanguage":"es","potentialAction":[{"@type":"ReadAction","target":["https:\/\/www.donadonsdd.com\/es\/producto\/scr-steam-condenser-system-safety\/"]}]},{"@type":"ImageObject","inLanguage":"es","@id":"https:\/\/www.donadonsdd.com\/es\/producto\/scr-steam-condenser-system-safety\/#primaryimage","url":"https:\/\/www.donadonsdd.com\/wp-content\/uploads\/2025\/12\/scr-steam.png","contentUrl":"https:\/\/www.donadonsdd.com\/wp-content\/uploads\/2025\/12\/scr-steam.png","width":1582,"height":1118},{"@type":"BreadcrumbList","@id":"https:\/\/www.donadonsdd.com\/es\/producto\/scr-steam-condenser-system-safety\/#breadcrumb","itemListElement":[{"@type":"ListItem","position":1,"name":"HOMEPAGE","item":"https:\/\/www.donadonsdd.com\/es\/"},{"@type":"ListItem","position":2,"name":"Discos de ruptura SCR para la seguridad del sistema de condensaci\u00f3n de vapor"}]},{"@type":"WebSite","@id":"https:\/\/www.donadonsdd.com\/es\/#website","url":"https:\/\/www.donadonsdd.com\/es\/","name":"DonadonSDD Srl","description":"","publisher":{"@id":"https:\/\/www.donadonsdd.com\/es\/#organization"},"potentialAction":[{"@type":"SearchAction","target":{"@type":"EntryPoint","urlTemplate":"https:\/\/www.donadonsdd.com\/es\/?s={search_term_string}"},"query-input":{"@type":"PropertyValueSpecification","valueRequired":true,"valueName":"search_term_string"}}],"inLanguage":"es"},{"@type":"Organization","@id":"https:\/\/www.donadonsdd.com\/es\/#organization","name":"DonadonSDD Srl","url":"https:\/\/www.donadonsdd.com\/es\/","logo":{"@type":"ImageObject","inLanguage":"es","@id":"https:\/\/www.donadonsdd.com\/es\/#\/schema\/logo\/image\/","url":"https:\/\/www.donadonsdd.com\/wp-content\/uploads\/2025\/11\/donadonsdd-logo.png","contentUrl":"https:\/\/www.donadonsdd.com\/wp-content\/uploads\/2025\/11\/donadonsdd-logo.png","width":544,"height":96,"caption":"DonadonSDD Srl"},"image":{"@id":"https:\/\/www.donadonsdd.com\/es\/#\/schema\/logo\/image\/"}}]}},"toolset-meta":{"toolset-woocommerce-fields":{"_download_limit":{"type":"numeric","raw":""},"_virtual":{"type":"checkbox","raw":""},"_downloadable":{"type":"checkbox","raw":""},"_download_expiry":{"type":"numeric","raw":""},"_download_type":{"type":"radio","raw":""},"_regular_price":{"type":"numeric","raw":""},"_sale_price":{"type":"numeric","raw":""},"_sale_price_dates_from":{"type":"date","raw":"","formatted":null},"_sale_price_dates_to":{"type":"date","raw":"","formatted":null},"_sku":{"type":"textfield","raw":""},"_manage_stock":{"type":"checkbox","raw":""},"_stock_status":{"type":"radio","raw":""},"_stock":{"type":"numeric","raw":""},"_backorders":{"type":"radio","raw":""},"_sold_individually":{"type":"checkbox","raw":""},"_width":{"type":"numeric","raw":""},"_weight":{"type":"numeric","raw":""},"_length":{"type":"numeric","raw":""},"_purchase_note":{"type":"textarea","raw":""}},"infografica":{"operation-ratio":{"type":"textfield","raw":"hasta el 95"},"non-fragmenting":{"type":"textfield","raw":"s\u00ed"},"vacumm-resistant":{"type":"textfield","raw":"s\u00ed"},"sanitary":{"type":"textfield","raw":"no"},"liquid":{"type":"textfield","raw":""},"vapor-gas":{"type":"textfield","raw":"s\u00ed"},"ferrules":{"type":"textfield","raw":""}},"dettagli-prodotto":{"immagini-prodotto":{"type":"image","raw":[""],"repeatable":[{"raw":""}]},"tabella-specifiche":{"type":"wysiwyg","raw":"<p class=\"p1\">MODELO|SCR;\nMATERIALES|Acero inoxidable, aleaci\u00f3n 201, aleaci\u00f3n 400, aleaci\u00f3n 600, aleaci\u00f3n 625, aleaci\u00f3n C276;\nDIMENSIONES|De DN300 (12 pulgadas) a DN900 (36 pulgadas);\nPRESI\u00d3N DE RUPTURA|0,5 - 1,5 bar g (Seg\u00fan tama\u00f1o y material);\nTOLERANCIA|de +\/- 5 % a +\/- 10%;\nTEMPERATURA DE FUNCIONAMIENTO|hasta 600\u00b0C;\nFRAGMENTACI\u00d3N|No;\nMARGEN DE FUNCIONAMIENTO|90% - Puede llegar hasta el 95% seg\u00fan las condiciones de servicio.;\nRESISTENCIA A LA PRESI\u00d3N DE VAC\u00cdO|S\u00ed, autoportante en condiciones de vac\u00edo;\nRESISTENCIA A LA CORROSI\u00d3N|Muy buena;\nINSTALACI\u00d3N|Dise\u00f1ada para instalarse directamente entre bridas;\nSENSOR DE RUPTURA|<a href=\"https:\/\/www.donadonsdd.com\/es\/productos\/sensores-de-ruptura\/electrico\/\">El\u00e9ctrico<\/a>;<\/p>"}}},"_links":{"self":[{"href":"https:\/\/www.donadonsdd.com\/es\/wp-json\/wp\/v2\/product\/6227","targetHints":{"allow":["GET"]}}],"collection":[{"href":"https:\/\/www.donadonsdd.com\/es\/wp-json\/wp\/v2\/product"}],"about":[{"href":"https:\/\/www.donadonsdd.com\/es\/wp-json\/wp\/v2\/types\/product"}],"wp:featuredmedia":[{"embeddable":true,"href":"https:\/\/www.donadonsdd.com\/es\/wp-json\/wp\/v2\/media\/10329"}],"wp:attachment":[{"href":"https:\/\/www.donadonsdd.com\/es\/wp-json\/wp\/v2\/media?parent=6227"}],"wp:term":[{"taxonomy":"categoria_prodotto","embeddable":true,"href":"https:\/\/www.donadonsdd.com\/es\/wp-json\/wp\/v2\/categoria_prodotto?post=6227"}],"curies":[{"name":"wp","href":"https:\/\/api.w.org\/{rel}","templated":true}]}}