{"id":6263,"date":"2025-12-10T15:15:56","date_gmt":"2025-12-10T14:15:56","guid":{"rendered":"https:\/\/www.donadonsdd.com\/product\/discos-de-ruptura-gm-dispositivos-de-seguridad-con-material-de-grafito-de-gran-pureza\/"},"modified":"2026-03-22T01:21:43","modified_gmt":"2026-03-22T00:21:43","slug":"gm","status":"publish","type":"product","link":"https:\/\/www.donadonsdd.com\/es\/producto\/gm\/","title":{"rendered":"Discos de ruptura GM &#8211; Dispositivos de seguridad con material de grafito de gran pureza"},"content":{"rendered":"<p>DonadonSDD ofrece discos de ruptura GM dise\u00f1ados para proteger las plantas industriales en las que se procesan fluidos especialmente agresivos de las variaciones bruscas de presi\u00f3n que pueden causar da\u00f1os graves.<br \/>\nLos discos de ruptura GM pueden montarse directamente entre bridas y est\u00e1n fabricados en grafito de muy alta pureza, impregnado de resinas fen\u00f3licas para garantizar una perfecta impermeabilidad.<br \/>\nPor su naturaleza, los discos de ruptura de grafito se fragmentan al estallar.<\/p>\n<h2>Caracter\u00edsticas principales y ventajas t\u00e9cnicas<\/h2>\n<h3>Altos est\u00e1ndares de certi\ufb01caci\u00f3n:<\/h3>\n<p>Nuestros discos de ruptura est\u00e1n certificados para cumplir las normas internacionales m\u00e1s exigentes, como PED 2014\/68\/UE (Sello CE), PER 2016 UK Statutory Instruments 2016 No 1105 (Sello UKCA) y CU TR 032 (Sello EAC).<\/p>\n<h3>Resistencia a la temperatura:<\/h3>\n<p>Capaz de soportar temperaturas de hasta 200\u00b0C.<\/p>\n<h3>Resistencia al vac\u00edo:<\/h3>\n<p>Se necesita un soporte de vac\u00edo para presiones de rotura inferiores a 1,7 bar g.<\/p>\n<h3>Caracter\u00edsticas:<\/h3>\n<p>Apertura con fragmentaci\u00f3n; resistente a fluidos agresivos (tambi\u00e9n se puede proteger con una membrana de PTFE) y baja presi\u00f3n de rotura sensibilidad a las variaciones de temperatura.<\/p>\n<h2>\u00bfPor qu\u00e9 elegir DonadonSDD?<\/h2>\n<ul>\n<li>Nuestros discos de ruptura GM est\u00e1n certificados para cumplir las normas internacionales de seguridad m\u00e1s estrictas, proporcionando una protecci\u00f3n fiable a tu planta industrial.<\/li>\n<li>Los discos son resistentes a los fluidos agresivos y tienen una baja sensibilidad de la presi\u00f3n de rotura a las variaciones de temperatura, lo que garantiza una seguridad \u00f3ptima en entornos dif\u00edciles.<\/li>\n<li>F\u00e1cil instalaci\u00f3n: puede insertarse directamente entre las bridas<\/li>\n<\/ul>\n","protected":false},"excerpt":{"rendered":"<p>DonadonSDD ofrece discos de ruptura GM dise\u00f1ados para proteger las plantas industriales en las que se procesan fluidos especialmente agresivos de las variaciones bruscas de presi\u00f3n que pueden causar da\u00f1os graves. Los discos de ruptura GM pueden montarse directamente entre bridas y est\u00e1n fabricados en grafito de muy alta pureza, impregnado de resinas fen\u00f3licas para [&hellip;]<\/p>\n","protected":false},"featured_media":6267,"menu_order":0,"template":"","meta":{"_acf_changed":false},"categoria_prodotto":[88,79],"class_list":["post-6263","product","type-product","status-publish","has-post-thumbnail","hentry","categoria_prodotto-graphite","categoria_prodotto-rupture-discs"],"acf":[],"yoast_head":"<!-- This site is optimized with the Yoast SEO plugin v27.3 - https:\/\/yoast.com\/product\/yoast-seo-wordpress\/ -->\n<title>Disco de ruptura de grafito entre bridas - GM<\/title>\n<meta name=\"description\" content=\"Disco de ruptura de grafito para fluidos agresivos y servicio corrosivo. Alta resistencia qu\u00edmica y baja sensibilidad a la temperatura, apto para medios gaseosos y l\u00edquidos, relaci\u00f3n de funcionamiento de hasta el 75%, certificado PED.\" \/>\n<meta name=\"robots\" content=\"index, follow, max-snippet:-1, max-image-preview:large, max-video-preview:-1\" \/>\n<link rel=\"canonical\" href=\"https:\/\/www.donadonsdd.com\/es\/producto\/gm\/\" \/>\n<meta property=\"og:locale\" content=\"es_ES\" \/>\n<meta property=\"og:type\" content=\"article\" \/>\n<meta property=\"og:title\" content=\"Disco de ruptura de grafito entre bridas - GM\" \/>\n<meta property=\"og:description\" content=\"Disco de ruptura de grafito para fluidos agresivos y servicio corrosivo. Alta resistencia qu\u00edmica y baja sensibilidad a la temperatura, apto para medios gaseosos y l\u00edquidos, relaci\u00f3n de funcionamiento de hasta el 75%, certificado PED.\" \/>\n<meta property=\"og:url\" content=\"https:\/\/www.donadonsdd.com\/es\/producto\/gm\/\" \/>\n<meta property=\"og:site_name\" content=\"DonadonSDD Srl\" \/>\n<meta property=\"article:modified_time\" content=\"2026-03-22T00:21:43+00:00\" \/>\n<meta property=\"og:image\" content=\"https:\/\/www.donadonsdd.com\/wp-content\/uploads\/2025\/12\/donadon-95.png\" \/>\n\t<meta property=\"og:image:width\" content=\"1800\" \/>\n\t<meta property=\"og:image:height\" content=\"1199\" \/>\n\t<meta property=\"og:image:type\" content=\"image\/png\" \/>\n<meta name=\"twitter:card\" content=\"summary_large_image\" \/>\n<meta name=\"twitter:label1\" content=\"Tiempo de lectura\" \/>\n\t<meta name=\"twitter:data1\" content=\"1 minuto\" \/>\n<script type=\"application\/ld+json\" class=\"yoast-schema-graph\">{\"@context\":\"https:\\\/\\\/schema.org\",\"@graph\":[{\"@type\":\"WebPage\",\"@id\":\"https:\\\/\\\/www.donadonsdd.com\\\/es\\\/producto\\\/gm\\\/\",\"url\":\"https:\\\/\\\/www.donadonsdd.com\\\/es\\\/producto\\\/gm\\\/\",\"name\":\"Disco de ruptura de grafito entre bridas - GM\",\"isPartOf\":{\"@id\":\"https:\\\/\\\/www.donadonsdd.com\\\/es\\\/#website\"},\"primaryImageOfPage\":{\"@id\":\"https:\\\/\\\/www.donadonsdd.com\\\/es\\\/producto\\\/gm\\\/#primaryimage\"},\"image\":{\"@id\":\"https:\\\/\\\/www.donadonsdd.com\\\/es\\\/producto\\\/gm\\\/#primaryimage\"},\"thumbnailUrl\":\"https:\\\/\\\/www.donadonsdd.com\\\/wp-content\\\/uploads\\\/2025\\\/12\\\/donadon-95.png\",\"datePublished\":\"2025-12-10T14:15:56+00:00\",\"dateModified\":\"2026-03-22T00:21:43+00:00\",\"description\":\"Disco de ruptura de grafito para fluidos agresivos y servicio corrosivo. Alta resistencia qu\u00edmica y baja sensibilidad a la temperatura, apto para medios gaseosos y l\u00edquidos, relaci\u00f3n de funcionamiento de hasta el 75%, certificado PED.\",\"breadcrumb\":{\"@id\":\"https:\\\/\\\/www.donadonsdd.com\\\/es\\\/producto\\\/gm\\\/#breadcrumb\"},\"inLanguage\":\"es\",\"potentialAction\":[{\"@type\":\"ReadAction\",\"target\":[\"https:\\\/\\\/www.donadonsdd.com\\\/es\\\/producto\\\/gm\\\/\"]}]},{\"@type\":\"ImageObject\",\"inLanguage\":\"es\",\"@id\":\"https:\\\/\\\/www.donadonsdd.com\\\/es\\\/producto\\\/gm\\\/#primaryimage\",\"url\":\"https:\\\/\\\/www.donadonsdd.com\\\/wp-content\\\/uploads\\\/2025\\\/12\\\/donadon-95.png\",\"contentUrl\":\"https:\\\/\\\/www.donadonsdd.com\\\/wp-content\\\/uploads\\\/2025\\\/12\\\/donadon-95.png\",\"width\":1800,\"height\":1199},{\"@type\":\"BreadcrumbList\",\"@id\":\"https:\\\/\\\/www.donadonsdd.com\\\/es\\\/producto\\\/gm\\\/#breadcrumb\",\"itemListElement\":[{\"@type\":\"ListItem\",\"position\":1,\"name\":\"HOMEPAGE\",\"item\":\"https:\\\/\\\/www.donadonsdd.com\\\/es\\\/\"},{\"@type\":\"ListItem\",\"position\":2,\"name\":\"Discos de ruptura GM &#8211; Dispositivos de seguridad con material de grafito de gran pureza\"}]},{\"@type\":\"WebSite\",\"@id\":\"https:\\\/\\\/www.donadonsdd.com\\\/es\\\/#website\",\"url\":\"https:\\\/\\\/www.donadonsdd.com\\\/es\\\/\",\"name\":\"DonadonSDD Srl\",\"description\":\"\",\"publisher\":{\"@id\":\"https:\\\/\\\/www.donadonsdd.com\\\/es\\\/#organization\"},\"potentialAction\":[{\"@type\":\"SearchAction\",\"target\":{\"@type\":\"EntryPoint\",\"urlTemplate\":\"https:\\\/\\\/www.donadonsdd.com\\\/es\\\/?s={search_term_string}\"},\"query-input\":{\"@type\":\"PropertyValueSpecification\",\"valueRequired\":true,\"valueName\":\"search_term_string\"}}],\"inLanguage\":\"es\"},{\"@type\":\"Organization\",\"@id\":\"https:\\\/\\\/www.donadonsdd.com\\\/es\\\/#organization\",\"name\":\"DonadonSDD Srl\",\"url\":\"https:\\\/\\\/www.donadonsdd.com\\\/es\\\/\",\"logo\":{\"@type\":\"ImageObject\",\"inLanguage\":\"es\",\"@id\":\"https:\\\/\\\/www.donadonsdd.com\\\/es\\\/#\\\/schema\\\/logo\\\/image\\\/\",\"url\":\"https:\\\/\\\/www.donadonsdd.com\\\/wp-content\\\/uploads\\\/2025\\\/11\\\/donadonsdd-logo.png\",\"contentUrl\":\"https:\\\/\\\/www.donadonsdd.com\\\/wp-content\\\/uploads\\\/2025\\\/11\\\/donadonsdd-logo.png\",\"width\":544,\"height\":96,\"caption\":\"DonadonSDD Srl\"},\"image\":{\"@id\":\"https:\\\/\\\/www.donadonsdd.com\\\/es\\\/#\\\/schema\\\/logo\\\/image\\\/\"}}]}<\/script>\n<!-- \/ Yoast SEO plugin. -->","yoast_head_json":{"title":"Disco de ruptura de grafito entre bridas - GM","description":"Disco de ruptura de grafito para fluidos agresivos y servicio corrosivo. Alta resistencia qu\u00edmica y baja sensibilidad a la temperatura, apto para medios gaseosos y l\u00edquidos, relaci\u00f3n de funcionamiento de hasta el 75%, certificado PED.","robots":{"index":"index","follow":"follow","max-snippet":"max-snippet:-1","max-image-preview":"max-image-preview:large","max-video-preview":"max-video-preview:-1"},"canonical":"https:\/\/www.donadonsdd.com\/es\/producto\/gm\/","og_locale":"es_ES","og_type":"article","og_title":"Disco de ruptura de grafito entre bridas - GM","og_description":"Disco de ruptura de grafito para fluidos agresivos y servicio corrosivo. Alta resistencia qu\u00edmica y baja sensibilidad a la temperatura, apto para medios gaseosos y l\u00edquidos, relaci\u00f3n de funcionamiento de hasta el 75%, certificado PED.","og_url":"https:\/\/www.donadonsdd.com\/es\/producto\/gm\/","og_site_name":"DonadonSDD Srl","article_modified_time":"2026-03-22T00:21:43+00:00","og_image":[{"width":1800,"height":1199,"url":"https:\/\/www.donadonsdd.com\/wp-content\/uploads\/2025\/12\/donadon-95.png","type":"image\/png"}],"twitter_card":"summary_large_image","twitter_misc":{"Tiempo de lectura":"1 minuto"},"schema":{"@context":"https:\/\/schema.org","@graph":[{"@type":"WebPage","@id":"https:\/\/www.donadonsdd.com\/es\/producto\/gm\/","url":"https:\/\/www.donadonsdd.com\/es\/producto\/gm\/","name":"Disco de ruptura de grafito entre bridas - GM","isPartOf":{"@id":"https:\/\/www.donadonsdd.com\/es\/#website"},"primaryImageOfPage":{"@id":"https:\/\/www.donadonsdd.com\/es\/producto\/gm\/#primaryimage"},"image":{"@id":"https:\/\/www.donadonsdd.com\/es\/producto\/gm\/#primaryimage"},"thumbnailUrl":"https:\/\/www.donadonsdd.com\/wp-content\/uploads\/2025\/12\/donadon-95.png","datePublished":"2025-12-10T14:15:56+00:00","dateModified":"2026-03-22T00:21:43+00:00","description":"Disco de ruptura de grafito para fluidos agresivos y servicio corrosivo. Alta resistencia qu\u00edmica y baja sensibilidad a la temperatura, apto para medios gaseosos y l\u00edquidos, relaci\u00f3n de funcionamiento de hasta el 75%, certificado PED.","breadcrumb":{"@id":"https:\/\/www.donadonsdd.com\/es\/producto\/gm\/#breadcrumb"},"inLanguage":"es","potentialAction":[{"@type":"ReadAction","target":["https:\/\/www.donadonsdd.com\/es\/producto\/gm\/"]}]},{"@type":"ImageObject","inLanguage":"es","@id":"https:\/\/www.donadonsdd.com\/es\/producto\/gm\/#primaryimage","url":"https:\/\/www.donadonsdd.com\/wp-content\/uploads\/2025\/12\/donadon-95.png","contentUrl":"https:\/\/www.donadonsdd.com\/wp-content\/uploads\/2025\/12\/donadon-95.png","width":1800,"height":1199},{"@type":"BreadcrumbList","@id":"https:\/\/www.donadonsdd.com\/es\/producto\/gm\/#breadcrumb","itemListElement":[{"@type":"ListItem","position":1,"name":"HOMEPAGE","item":"https:\/\/www.donadonsdd.com\/es\/"},{"@type":"ListItem","position":2,"name":"Discos de ruptura GM &#8211; Dispositivos de seguridad con material de grafito de gran pureza"}]},{"@type":"WebSite","@id":"https:\/\/www.donadonsdd.com\/es\/#website","url":"https:\/\/www.donadonsdd.com\/es\/","name":"DonadonSDD Srl","description":"","publisher":{"@id":"https:\/\/www.donadonsdd.com\/es\/#organization"},"potentialAction":[{"@type":"SearchAction","target":{"@type":"EntryPoint","urlTemplate":"https:\/\/www.donadonsdd.com\/es\/?s={search_term_string}"},"query-input":{"@type":"PropertyValueSpecification","valueRequired":true,"valueName":"search_term_string"}}],"inLanguage":"es"},{"@type":"Organization","@id":"https:\/\/www.donadonsdd.com\/es\/#organization","name":"DonadonSDD Srl","url":"https:\/\/www.donadonsdd.com\/es\/","logo":{"@type":"ImageObject","inLanguage":"es","@id":"https:\/\/www.donadonsdd.com\/es\/#\/schema\/logo\/image\/","url":"https:\/\/www.donadonsdd.com\/wp-content\/uploads\/2025\/11\/donadonsdd-logo.png","contentUrl":"https:\/\/www.donadonsdd.com\/wp-content\/uploads\/2025\/11\/donadonsdd-logo.png","width":544,"height":96,"caption":"DonadonSDD Srl"},"image":{"@id":"https:\/\/www.donadonsdd.com\/es\/#\/schema\/logo\/image\/"}}]}},"toolset-meta":{"toolset-woocommerce-fields":{"_download_limit":{"type":"numeric","raw":""},"_virtual":{"type":"checkbox","raw":""},"_downloadable":{"type":"checkbox","raw":""},"_download_expiry":{"type":"numeric","raw":""},"_download_type":{"type":"radio","raw":""},"_regular_price":{"type":"numeric","raw":""},"_sale_price":{"type":"numeric","raw":""},"_sale_price_dates_from":{"type":"date","raw":"","formatted":null},"_sale_price_dates_to":{"type":"date","raw":"","formatted":null},"_sku":{"type":"textfield","raw":""},"_manage_stock":{"type":"checkbox","raw":""},"_stock_status":{"type":"radio","raw":""},"_stock":{"type":"numeric","raw":""},"_backorders":{"type":"radio","raw":""},"_sold_individually":{"type":"checkbox","raw":""},"_width":{"type":"numeric","raw":""},"_weight":{"type":"numeric","raw":""},"_length":{"type":"numeric","raw":""},"_purchase_note":{"type":"textarea","raw":""}},"infografica":{"operation-ratio":{"type":"textfield","raw":"hasta el 75"},"non-fragmenting":{"type":"textfield","raw":"no"},"vacumm-resistant":{"type":"textfield","raw":"s\u00ed, soporte de vac\u00edo necesario para presiones inferiores a 1,7 bar g"},"sanitary":{"type":"textfield","raw":"no"},"liquid":{"type":"textfield","raw":"s\u00ed"},"vapor-gas":{"type":"textfield","raw":"s\u00ed"},"ferrules":{"type":"textfield","raw":""}},"dettagli-prodotto":{"immagini-prodotto":{"type":"image","raw":["https:\/\/www.donadonsdd.com\/wp-content\/uploads\/2025\/12\/donadon-95_result.webp","https:\/\/www.donadonsdd.com\/wp-content\/uploads\/2025\/12\/donadon-96_result.webp","https:\/\/www.donadonsdd.com\/wp-content\/uploads\/2025\/12\/donadon-97_result.webp"],"repeatable":[{"raw":"https:\/\/www.donadonsdd.com\/wp-content\/uploads\/2025\/12\/donadon-95_result.webp","attachment_id":6264},{"raw":"https:\/\/www.donadonsdd.com\/wp-content\/uploads\/2025\/12\/donadon-96_result.webp","attachment_id":6265},{"raw":"https:\/\/www.donadonsdd.com\/wp-content\/uploads\/2025\/12\/donadon-97_result.webp","attachment_id":6266}]},"tabella-specifiche":{"type":"wysiwyg","raw":"<p class=\"p1\">Modelo | GM;\nMateriales | Grafito;\nDimensiones | De DN25 (1 pulgada) a DN300 (12 pulgadas);\nPresi\u00f3n de ruptura | 0,1 - 15 bar g (Dependiendo del tama\u00f1o y el material);\nTolerancia | de +\/- 10% a +\/- 20%;\nTemperatura de funcionamiento | m\u00e1x. 200\u00b0C;\nFragmentaci\u00f3n | S\u00ed;\nUso en combinaci\u00f3n con PSV | No;\nMargen de funcionamiento | Puede alcanzar hasta el 75% dependiendo de las condiciones de servicio.;\nResistencia a la presi\u00f3n de vac\u00edo | S\u00ed, se requiere soporte de vac\u00edo para presiones inferiores a 1,7 bar g;\nResistencia a la corrosi\u00f3n | Muy buena;\nRevestimientos | Disponibles en PTFE y PFA;\nSoporte | Preparado para instalarse directamente entre bridas;\nSensor de rotura | <a href=\"https:\/\/www.donadonsdd.com\/es\/productos\/sensores-de-ruptura\/electrico\/\">El\u00e9ctrico<\/a>;<\/p>"}}},"_links":{"self":[{"href":"https:\/\/www.donadonsdd.com\/es\/wp-json\/wp\/v2\/product\/6263","targetHints":{"allow":["GET"]}}],"collection":[{"href":"https:\/\/www.donadonsdd.com\/es\/wp-json\/wp\/v2\/product"}],"about":[{"href":"https:\/\/www.donadonsdd.com\/es\/wp-json\/wp\/v2\/types\/product"}],"wp:featuredmedia":[{"embeddable":true,"href":"https:\/\/www.donadonsdd.com\/es\/wp-json\/wp\/v2\/media\/6267"}],"wp:attachment":[{"href":"https:\/\/www.donadonsdd.com\/es\/wp-json\/wp\/v2\/media?parent=6263"}],"wp:term":[{"taxonomy":"categoria_prodotto","embeddable":true,"href":"https:\/\/www.donadonsdd.com\/es\/wp-json\/wp\/v2\/categoria_prodotto?post=6263"}],"curies":[{"name":"wp","href":"https:\/\/api.w.org\/{rel}","templated":true}]}}