{"id":6291,"date":"2025-12-10T15:24:45","date_gmt":"2025-12-10T14:24:45","guid":{"rendered":"https:\/\/www.donadonsdd.com\/product\/portadiscos-gr-solucion-de-montaje-fiable-para-discos-de-grafito-sustituibles-gr\/"},"modified":"2026-03-03T15:47:34","modified_gmt":"2026-03-03T14:47:34","slug":"gr-2","status":"publish","type":"product","link":"https:\/\/www.donadonsdd.com\/es\/producto\/gr-2\/","title":{"rendered":"Portadiscos GR &#8211; Soluci\u00f3n de montaje fiable para discos de grafito sustituibles GR"},"content":{"rendered":"<p>Los soportes GR est\u00e1n meticulosamente dise\u00f1ados para garantizar la m\u00e1xima fiabilidad de los discos de ruptura DonadonSDD. Nuestros soportes GR, dise\u00f1ados espec\u00edficamente para el montaje de discos de grafito sustituibles GR, proporcionan una soluci\u00f3n de montaje segura y eficaz para aplicaciones industriales. <\/p>\n<h2>Caracter\u00edsticas principales y ventajas t\u00e9cnicas<\/h2>\n<ul>\n<li>Di\u00e1metro interno dimensionado para permitir la apertura total del disco y la transmisi\u00f3n total en la zona de descarga m\u00ednima.<\/li>\n<li>Di\u00e1metro exterior tangente a los pernos para facilitar el centrado entre bridas.<\/li>\n<li>Completo con juntas de grafito para un sellado eficaz<\/li>\n<li>Las flechas de flujo del soporte y las etiquetas del disco de ruptura confirman la direcci\u00f3n correcta del flujo.<\/li>\n<\/ul>\n<h2>\u00bfPor qu\u00e9 elegir DonadonSDD?<\/h2>\n<ul>\n<li>Las dos piezas embridadas de grafito proporcionan durabilidad y resistencia a los fluidos agresivos, garantizando longevidad y rendimiento en aplicaciones industriales exigentes.<\/li>\n<li>Los portadiscos DonadonSDD GR est\u00e1n dise\u00f1ados para una instalaci\u00f3n sencilla, lo que facilita un montaje de discos eficiente y sin complicaciones.<\/li>\n<\/ul>\n","protected":false},"excerpt":{"rendered":"<p>Los soportes GR est\u00e1n meticulosamente dise\u00f1ados para garantizar la m\u00e1xima fiabilidad de los discos de ruptura DonadonSDD. Nuestros soportes GR, dise\u00f1ados espec\u00edficamente para el montaje de discos de grafito sustituibles GR, proporcionan una soluci\u00f3n de montaje segura y eficaz para aplicaciones industriales. Caracter\u00edsticas principales y ventajas t\u00e9cnicas Di\u00e1metro interno dimensionado para permitir la apertura total [&hellip;]<\/p>\n","protected":false},"featured_media":10325,"menu_order":0,"template":"","meta":{"_acf_changed":false},"categoria_prodotto":[90,79],"class_list":["post-6291","product","type-product","status-publish","has-post-thumbnail","hentry","categoria_prodotto-holders","categoria_prodotto-rupture-discs"],"acf":[],"yoast_head":"<!-- This site is optimized with the Yoast SEO plugin v27.3 - https:\/\/yoast.com\/product\/yoast-seo-wordpress\/ -->\n<title>Portadiscos de ruptura de grafito - GR<\/title>\n<meta name=\"description\" content=\"Soportes de discos de ruptura de grafito dise\u00f1ados para discos de ruptura de grafito sustituibles GR. Instalados entre bridas, garantizan una apertura total, un centrado correcto y una estanqueidad fiable para medios industriales agresivos.\" \/>\n<meta name=\"robots\" content=\"index, follow, max-snippet:-1, max-image-preview:large, max-video-preview:-1\" \/>\n<link rel=\"canonical\" href=\"https:\/\/www.donadonsdd.com\/es\/producto\/gr-2\/\" \/>\n<meta property=\"og:locale\" content=\"es_ES\" \/>\n<meta property=\"og:type\" content=\"article\" \/>\n<meta property=\"og:title\" content=\"Portadiscos de ruptura de grafito - GR\" \/>\n<meta property=\"og:description\" content=\"Soportes de discos de ruptura de grafito dise\u00f1ados para discos de ruptura de grafito sustituibles GR. Instalados entre bridas, garantizan una apertura total, un centrado correcto y una estanqueidad fiable para medios industriales agresivos.\" \/>\n<meta property=\"og:url\" content=\"https:\/\/www.donadonsdd.com\/es\/producto\/gr-2\/\" \/>\n<meta property=\"og:site_name\" content=\"DonadonSDD Srl\" \/>\n<meta property=\"article:modified_time\" content=\"2026-03-03T14:47:34+00:00\" \/>\n<meta property=\"og:image\" content=\"https:\/\/www.donadonsdd.com\/wp-content\/uploads\/2025\/12\/donadon-118.png\" \/>\n\t<meta property=\"og:image:width\" content=\"1800\" \/>\n\t<meta property=\"og:image:height\" content=\"1200\" \/>\n\t<meta property=\"og:image:type\" content=\"image\/png\" \/>\n<meta name=\"twitter:card\" content=\"summary_large_image\" \/>\n<meta name=\"twitter:label1\" content=\"Tiempo de lectura\" \/>\n\t<meta name=\"twitter:data1\" content=\"1 minuto\" \/>\n<script type=\"application\/ld+json\" class=\"yoast-schema-graph\">{\"@context\":\"https:\\\/\\\/schema.org\",\"@graph\":[{\"@type\":\"WebPage\",\"@id\":\"https:\\\/\\\/www.donadonsdd.com\\\/es\\\/producto\\\/gr-2\\\/\",\"url\":\"https:\\\/\\\/www.donadonsdd.com\\\/es\\\/producto\\\/gr-2\\\/\",\"name\":\"Portadiscos de ruptura de grafito - GR\",\"isPartOf\":{\"@id\":\"https:\\\/\\\/www.donadonsdd.com\\\/es\\\/#website\"},\"primaryImageOfPage\":{\"@id\":\"https:\\\/\\\/www.donadonsdd.com\\\/es\\\/producto\\\/gr-2\\\/#primaryimage\"},\"image\":{\"@id\":\"https:\\\/\\\/www.donadonsdd.com\\\/es\\\/producto\\\/gr-2\\\/#primaryimage\"},\"thumbnailUrl\":\"https:\\\/\\\/www.donadonsdd.com\\\/wp-content\\\/uploads\\\/2025\\\/12\\\/donadon-118.png\",\"datePublished\":\"2025-12-10T14:24:45+00:00\",\"dateModified\":\"2026-03-03T14:47:34+00:00\",\"description\":\"Soportes de discos de ruptura de grafito dise\u00f1ados para discos de ruptura de grafito sustituibles GR. Instalados entre bridas, garantizan una apertura total, un centrado correcto y una estanqueidad fiable para medios industriales agresivos.\",\"breadcrumb\":{\"@id\":\"https:\\\/\\\/www.donadonsdd.com\\\/es\\\/producto\\\/gr-2\\\/#breadcrumb\"},\"inLanguage\":\"es\",\"potentialAction\":[{\"@type\":\"ReadAction\",\"target\":[\"https:\\\/\\\/www.donadonsdd.com\\\/es\\\/producto\\\/gr-2\\\/\"]}]},{\"@type\":\"ImageObject\",\"inLanguage\":\"es\",\"@id\":\"https:\\\/\\\/www.donadonsdd.com\\\/es\\\/producto\\\/gr-2\\\/#primaryimage\",\"url\":\"https:\\\/\\\/www.donadonsdd.com\\\/wp-content\\\/uploads\\\/2025\\\/12\\\/donadon-118.png\",\"contentUrl\":\"https:\\\/\\\/www.donadonsdd.com\\\/wp-content\\\/uploads\\\/2025\\\/12\\\/donadon-118.png\",\"width\":1800,\"height\":1200},{\"@type\":\"BreadcrumbList\",\"@id\":\"https:\\\/\\\/www.donadonsdd.com\\\/es\\\/producto\\\/gr-2\\\/#breadcrumb\",\"itemListElement\":[{\"@type\":\"ListItem\",\"position\":1,\"name\":\"HOMEPAGE\",\"item\":\"https:\\\/\\\/www.donadonsdd.com\\\/es\\\/\"},{\"@type\":\"ListItem\",\"position\":2,\"name\":\"Portadiscos GR &#8211; Soluci\u00f3n de montaje fiable para discos de grafito sustituibles GR\"}]},{\"@type\":\"WebSite\",\"@id\":\"https:\\\/\\\/www.donadonsdd.com\\\/es\\\/#website\",\"url\":\"https:\\\/\\\/www.donadonsdd.com\\\/es\\\/\",\"name\":\"DonadonSDD Srl\",\"description\":\"\",\"publisher\":{\"@id\":\"https:\\\/\\\/www.donadonsdd.com\\\/es\\\/#organization\"},\"potentialAction\":[{\"@type\":\"SearchAction\",\"target\":{\"@type\":\"EntryPoint\",\"urlTemplate\":\"https:\\\/\\\/www.donadonsdd.com\\\/es\\\/?s={search_term_string}\"},\"query-input\":{\"@type\":\"PropertyValueSpecification\",\"valueRequired\":true,\"valueName\":\"search_term_string\"}}],\"inLanguage\":\"es\"},{\"@type\":\"Organization\",\"@id\":\"https:\\\/\\\/www.donadonsdd.com\\\/es\\\/#organization\",\"name\":\"DonadonSDD Srl\",\"url\":\"https:\\\/\\\/www.donadonsdd.com\\\/es\\\/\",\"logo\":{\"@type\":\"ImageObject\",\"inLanguage\":\"es\",\"@id\":\"https:\\\/\\\/www.donadonsdd.com\\\/es\\\/#\\\/schema\\\/logo\\\/image\\\/\",\"url\":\"https:\\\/\\\/www.donadonsdd.com\\\/wp-content\\\/uploads\\\/2025\\\/11\\\/donadonsdd-logo.png\",\"contentUrl\":\"https:\\\/\\\/www.donadonsdd.com\\\/wp-content\\\/uploads\\\/2025\\\/11\\\/donadonsdd-logo.png\",\"width\":544,\"height\":96,\"caption\":\"DonadonSDD Srl\"},\"image\":{\"@id\":\"https:\\\/\\\/www.donadonsdd.com\\\/es\\\/#\\\/schema\\\/logo\\\/image\\\/\"}}]}<\/script>\n<!-- \/ Yoast SEO plugin. -->","yoast_head_json":{"title":"Portadiscos de ruptura de grafito - GR","description":"Soportes de discos de ruptura de grafito dise\u00f1ados para discos de ruptura de grafito sustituibles GR. Instalados entre bridas, garantizan una apertura total, un centrado correcto y una estanqueidad fiable para medios industriales agresivos.","robots":{"index":"index","follow":"follow","max-snippet":"max-snippet:-1","max-image-preview":"max-image-preview:large","max-video-preview":"max-video-preview:-1"},"canonical":"https:\/\/www.donadonsdd.com\/es\/producto\/gr-2\/","og_locale":"es_ES","og_type":"article","og_title":"Portadiscos de ruptura de grafito - GR","og_description":"Soportes de discos de ruptura de grafito dise\u00f1ados para discos de ruptura de grafito sustituibles GR. Instalados entre bridas, garantizan una apertura total, un centrado correcto y una estanqueidad fiable para medios industriales agresivos.","og_url":"https:\/\/www.donadonsdd.com\/es\/producto\/gr-2\/","og_site_name":"DonadonSDD Srl","article_modified_time":"2026-03-03T14:47:34+00:00","og_image":[{"width":1800,"height":1200,"url":"https:\/\/www.donadonsdd.com\/wp-content\/uploads\/2025\/12\/donadon-118.png","type":"image\/png"}],"twitter_card":"summary_large_image","twitter_misc":{"Tiempo de lectura":"1 minuto"},"schema":{"@context":"https:\/\/schema.org","@graph":[{"@type":"WebPage","@id":"https:\/\/www.donadonsdd.com\/es\/producto\/gr-2\/","url":"https:\/\/www.donadonsdd.com\/es\/producto\/gr-2\/","name":"Portadiscos de ruptura de grafito - GR","isPartOf":{"@id":"https:\/\/www.donadonsdd.com\/es\/#website"},"primaryImageOfPage":{"@id":"https:\/\/www.donadonsdd.com\/es\/producto\/gr-2\/#primaryimage"},"image":{"@id":"https:\/\/www.donadonsdd.com\/es\/producto\/gr-2\/#primaryimage"},"thumbnailUrl":"https:\/\/www.donadonsdd.com\/wp-content\/uploads\/2025\/12\/donadon-118.png","datePublished":"2025-12-10T14:24:45+00:00","dateModified":"2026-03-03T14:47:34+00:00","description":"Soportes de discos de ruptura de grafito dise\u00f1ados para discos de ruptura de grafito sustituibles GR. Instalados entre bridas, garantizan una apertura total, un centrado correcto y una estanqueidad fiable para medios industriales agresivos.","breadcrumb":{"@id":"https:\/\/www.donadonsdd.com\/es\/producto\/gr-2\/#breadcrumb"},"inLanguage":"es","potentialAction":[{"@type":"ReadAction","target":["https:\/\/www.donadonsdd.com\/es\/producto\/gr-2\/"]}]},{"@type":"ImageObject","inLanguage":"es","@id":"https:\/\/www.donadonsdd.com\/es\/producto\/gr-2\/#primaryimage","url":"https:\/\/www.donadonsdd.com\/wp-content\/uploads\/2025\/12\/donadon-118.png","contentUrl":"https:\/\/www.donadonsdd.com\/wp-content\/uploads\/2025\/12\/donadon-118.png","width":1800,"height":1200},{"@type":"BreadcrumbList","@id":"https:\/\/www.donadonsdd.com\/es\/producto\/gr-2\/#breadcrumb","itemListElement":[{"@type":"ListItem","position":1,"name":"HOMEPAGE","item":"https:\/\/www.donadonsdd.com\/es\/"},{"@type":"ListItem","position":2,"name":"Portadiscos GR &#8211; Soluci\u00f3n de montaje fiable para discos de grafito sustituibles GR"}]},{"@type":"WebSite","@id":"https:\/\/www.donadonsdd.com\/es\/#website","url":"https:\/\/www.donadonsdd.com\/es\/","name":"DonadonSDD Srl","description":"","publisher":{"@id":"https:\/\/www.donadonsdd.com\/es\/#organization"},"potentialAction":[{"@type":"SearchAction","target":{"@type":"EntryPoint","urlTemplate":"https:\/\/www.donadonsdd.com\/es\/?s={search_term_string}"},"query-input":{"@type":"PropertyValueSpecification","valueRequired":true,"valueName":"search_term_string"}}],"inLanguage":"es"},{"@type":"Organization","@id":"https:\/\/www.donadonsdd.com\/es\/#organization","name":"DonadonSDD Srl","url":"https:\/\/www.donadonsdd.com\/es\/","logo":{"@type":"ImageObject","inLanguage":"es","@id":"https:\/\/www.donadonsdd.com\/es\/#\/schema\/logo\/image\/","url":"https:\/\/www.donadonsdd.com\/wp-content\/uploads\/2025\/11\/donadonsdd-logo.png","contentUrl":"https:\/\/www.donadonsdd.com\/wp-content\/uploads\/2025\/11\/donadonsdd-logo.png","width":544,"height":96,"caption":"DonadonSDD Srl"},"image":{"@id":"https:\/\/www.donadonsdd.com\/es\/#\/schema\/logo\/image\/"}}]}},"toolset-meta":{"toolset-woocommerce-fields":{"_download_limit":{"type":"numeric","raw":""},"_virtual":{"type":"checkbox","raw":""},"_downloadable":{"type":"checkbox","raw":""},"_download_expiry":{"type":"numeric","raw":""},"_download_type":{"type":"radio","raw":""},"_regular_price":{"type":"numeric","raw":""},"_sale_price":{"type":"numeric","raw":""},"_sale_price_dates_from":{"type":"date","raw":"","formatted":null},"_sale_price_dates_to":{"type":"date","raw":"","formatted":null},"_sku":{"type":"textfield","raw":""},"_manage_stock":{"type":"checkbox","raw":""},"_stock_status":{"type":"radio","raw":""},"_stock":{"type":"numeric","raw":""},"_backorders":{"type":"radio","raw":""},"_sold_individually":{"type":"checkbox","raw":""},"_width":{"type":"numeric","raw":""},"_weight":{"type":"numeric","raw":""},"_length":{"type":"numeric","raw":""},"_purchase_note":{"type":"textarea","raw":""}},"infografica":{"operation-ratio":{"type":"textfield","raw":""},"non-fragmenting":{"type":"textfield","raw":""},"vacumm-resistant":{"type":"textfield","raw":""},"sanitary":{"type":"textfield","raw":""},"liquid":{"type":"textfield","raw":""},"vapor-gas":{"type":"textfield","raw":""},"ferrules":{"type":"textfield","raw":""}},"dettagli-prodotto":{"immagini-prodotto":{"type":"image","raw":["https:\/\/www.donadonsdd.com\/wp-content\/uploads\/2025\/12\/donadon-117_result.webp","https:\/\/www.donadonsdd.com\/wp-content\/uploads\/2025\/12\/donadon-118_result.webp","https:\/\/www.donadonsdd.com\/wp-content\/uploads\/2025\/12\/donadon-119_result.webp","https:\/\/www.donadonsdd.com\/wp-content\/uploads\/2025\/12\/donadon-120_result.webp"],"repeatable":[{"raw":"https:\/\/www.donadonsdd.com\/wp-content\/uploads\/2025\/12\/donadon-117_result.webp","attachment_id":6296},{"raw":"https:\/\/www.donadonsdd.com\/wp-content\/uploads\/2025\/12\/donadon-118_result.webp","attachment_id":6298},{"raw":"https:\/\/www.donadonsdd.com\/wp-content\/uploads\/2025\/12\/donadon-119_result.webp","attachment_id":6300},{"raw":"https:\/\/www.donadonsdd.com\/wp-content\/uploads\/2025\/12\/donadon-120_result.webp","attachment_id":6302}]},"tabella-specifiche":{"type":"wysiwyg","raw":"<p class=\"p1\">TIPO | GR;\nLISTA DE COMPATIBILIDAD DE DISCOS | <a href=\"https:\/\/www.donadonsdd.com\/product\/gr\/\">GR<\/a>;\nDIMENSIONES | De DN25 (1 pulgada) a DN200 (8 pulgadas);<\/p>"}}},"_links":{"self":[{"href":"https:\/\/www.donadonsdd.com\/es\/wp-json\/wp\/v2\/product\/6291","targetHints":{"allow":["GET"]}}],"collection":[{"href":"https:\/\/www.donadonsdd.com\/es\/wp-json\/wp\/v2\/product"}],"about":[{"href":"https:\/\/www.donadonsdd.com\/es\/wp-json\/wp\/v2\/types\/product"}],"wp:featuredmedia":[{"embeddable":true,"href":"https:\/\/www.donadonsdd.com\/es\/wp-json\/wp\/v2\/media\/10325"}],"wp:attachment":[{"href":"https:\/\/www.donadonsdd.com\/es\/wp-json\/wp\/v2\/media?parent=6291"}],"wp:term":[{"taxonomy":"categoria_prodotto","embeddable":true,"href":"https:\/\/www.donadonsdd.com\/es\/wp-json\/wp\/v2\/categoria_prodotto?post=6291"}],"curies":[{"name":"wp","href":"https:\/\/api.w.org\/{rel}","templated":true}]}}