{"id":6332,"date":"2025-12-11T13:47:42","date_gmt":"2025-12-11T12:47:42","guid":{"rendered":"https:\/\/www.donadonsdd.com\/product\/soportes-htc-de-pinza-soluciones-higienicas-para-las-industrias-farmaceutica-y-alimentaria\/"},"modified":"2026-03-01T02:57:09","modified_gmt":"2026-03-01T01:57:09","slug":"htc","status":"publish","type":"product","link":"https:\/\/www.donadonsdd.com\/es\/producto\/htc\/","title":{"rendered":"Soportes HTC de pinza &#8211; Soluciones higi\u00e9nicas para las industrias farmac\u00e9utica y alimentaria"},"content":{"rendered":"<p>Los soportes sanitarios o de pinza est\u00e1ndar de HTC est\u00e1n dise\u00f1ados espec\u00edficamente para aplicaciones farmac\u00e9uticas o alimentarias. Estos soportes ofrecen un alto nivel de higiene y son adecuados para industrias como la alimentaria, la l\u00e1ctea, la cosm\u00e9tica y la farmac\u00e9utica. Se suelen utilizar en procesos C.I.P. (Clean-In-Place) y S.I.P. (Sterilize-In-Place) por su facilidad de instalaci\u00f3n y mantenimiento.  <\/p>\n<h2>Caracter\u00edsticas principales y ventajas t\u00e9cnicas<\/h2>\n<ul>\n<li>La construcci\u00f3n en acero inoxidable (AISI 316) garantiza resistencia a la corrosi\u00f3n y durabilidad.<\/li>\n<li>Acabado interno de alta precisi\u00f3n con una rugosidad (Ra) inferior a 0,6 \u03bcm, minimizando la contaminaci\u00f3n por part\u00edculas.<\/li>\n<li>El dise\u00f1o de baja turbulencia y baja p\u00e9rdida de presi\u00f3n optimiza la eficacia del proceso.<\/li>\n<li>Los portadiscos de pinza est\u00e1n disponibles en varios tama\u00f1os, de 1&#8243; a 6&#8243;, y se componen de pinzas y casquillos para una instalaci\u00f3n segura.<\/li>\n<\/ul>\n<p>Para aplicaciones que requieran normas de higiene a\u00fan m\u00e1s estrictas y evitar los \u00abpuntos muertos\u00bb en las tomas de pinza est\u00e1ndar, ofrecemos conexiones de dise\u00f1o compacto bajo pedido. Este modelo especial presenta un acabado de Ra&lt;0,5 \u03bcm o mejor. Al utilizar estos soportes, la junta de la abrazadera instalada quedar\u00e1 a ras dentro de la pared del dep\u00f3sito, eliminando cualquier zona estancada y garantizando un flujo suave de los fluidos. Las conexiones de dise\u00f1o compacto est\u00e1n disponibles en acero inoxidable (AISI 316L) y se ofrecen en tama\u00f1os de 1&#8243; a 4&#8243;.   <\/p>\n","protected":false},"excerpt":{"rendered":"<p>Los soportes sanitarios o de pinza est\u00e1ndar de HTC est\u00e1n dise\u00f1ados espec\u00edficamente para aplicaciones farmac\u00e9uticas o alimentarias. Estos soportes ofrecen un alto nivel de higiene y son adecuados para industrias como la alimentaria, la l\u00e1ctea, la cosm\u00e9tica y la farmac\u00e9utica. Se suelen utilizar en procesos C.I.P. (Clean-In-Place) y S.I.P. (Sterilize-In-Place) por su facilidad de instalaci\u00f3n [&hellip;]<\/p>\n","protected":false},"featured_media":10317,"menu_order":0,"template":"","meta":{"_acf_changed":false},"categoria_prodotto":[90,79],"class_list":["post-6332","product","type-product","status-publish","has-post-thumbnail","hentry","categoria_prodotto-holders","categoria_prodotto-rupture-discs"],"acf":[],"yoast_head":"<!-- This site is optimized with the Yoast SEO plugin v27.3 - https:\/\/yoast.com\/product\/yoast-seo-wordpress\/ -->\n<title>Portadiscos de ruptura con abrazadera sanitaria para farmacia y alimentaci\u00f3n - HTC<\/title>\n<meta name=\"description\" content=\"Soportes de discos de ruptura de abrazadera sanitaria para aplicaciones farmac\u00e9uticas, alimentarias y l\u00e1cteas. Dise\u00f1ados con acabado superficial Ra \u2264 0,6 \u03bcm, compatibles con CIP y SIP, fabricados en acero inoxidable 316 para una limpieza f\u00e1cil y un montaje higi\u00e9nico, adecuados para discos de ruptura de acci\u00f3n directa e inversa.\" \/>\n<meta name=\"robots\" content=\"index, follow, max-snippet:-1, max-image-preview:large, max-video-preview:-1\" \/>\n<link rel=\"canonical\" href=\"https:\/\/www.donadonsdd.com\/es\/producto\/htc\/\" \/>\n<meta property=\"og:locale\" content=\"es_ES\" \/>\n<meta property=\"og:type\" content=\"article\" \/>\n<meta property=\"og:title\" content=\"Portadiscos de ruptura con abrazadera sanitaria para farmacia y alimentaci\u00f3n - HTC\" \/>\n<meta property=\"og:description\" content=\"Soportes de discos de ruptura de abrazadera sanitaria para aplicaciones farmac\u00e9uticas, alimentarias y l\u00e1cteas. Dise\u00f1ados con acabado superficial Ra \u2264 0,6 \u03bcm, compatibles con CIP y SIP, fabricados en acero inoxidable 316 para una limpieza f\u00e1cil y un montaje higi\u00e9nico, adecuados para discos de ruptura de acci\u00f3n directa e inversa.\" \/>\n<meta property=\"og:url\" content=\"https:\/\/www.donadonsdd.com\/es\/producto\/htc\/\" \/>\n<meta property=\"og:site_name\" content=\"DonadonSDD Srl\" \/>\n<meta property=\"article:modified_time\" content=\"2026-03-01T01:57:09+00:00\" \/>\n<meta property=\"og:image\" content=\"https:\/\/www.donadonsdd.com\/wp-content\/uploads\/2025\/12\/img_124-remove-background.com_.png\" \/>\n\t<meta property=\"og:image:width\" content=\"700\" \/>\n\t<meta property=\"og:image:height\" content=\"466\" \/>\n\t<meta property=\"og:image:type\" content=\"image\/png\" \/>\n<meta name=\"twitter:card\" content=\"summary_large_image\" \/>\n<meta name=\"twitter:label1\" content=\"Tiempo de lectura\" \/>\n\t<meta name=\"twitter:data1\" content=\"1 minuto\" \/>\n<script type=\"application\/ld+json\" class=\"yoast-schema-graph\">{\"@context\":\"https:\\\/\\\/schema.org\",\"@graph\":[{\"@type\":\"WebPage\",\"@id\":\"https:\\\/\\\/www.donadonsdd.com\\\/es\\\/producto\\\/htc\\\/\",\"url\":\"https:\\\/\\\/www.donadonsdd.com\\\/es\\\/producto\\\/htc\\\/\",\"name\":\"Portadiscos de ruptura con abrazadera sanitaria para farmacia y alimentaci\u00f3n - HTC\",\"isPartOf\":{\"@id\":\"https:\\\/\\\/www.donadonsdd.com\\\/es\\\/#website\"},\"primaryImageOfPage\":{\"@id\":\"https:\\\/\\\/www.donadonsdd.com\\\/es\\\/producto\\\/htc\\\/#primaryimage\"},\"image\":{\"@id\":\"https:\\\/\\\/www.donadonsdd.com\\\/es\\\/producto\\\/htc\\\/#primaryimage\"},\"thumbnailUrl\":\"https:\\\/\\\/www.donadonsdd.com\\\/wp-content\\\/uploads\\\/2025\\\/12\\\/img_124-remove-background.com_.png\",\"datePublished\":\"2025-12-11T12:47:42+00:00\",\"dateModified\":\"2026-03-01T01:57:09+00:00\",\"description\":\"Soportes de discos de ruptura de abrazadera sanitaria para aplicaciones farmac\u00e9uticas, alimentarias y l\u00e1cteas. Dise\u00f1ados con acabado superficial Ra \u2264 0,6 \u03bcm, compatibles con CIP y SIP, fabricados en acero inoxidable 316 para una limpieza f\u00e1cil y un montaje higi\u00e9nico, adecuados para discos de ruptura de acci\u00f3n directa e inversa.\",\"breadcrumb\":{\"@id\":\"https:\\\/\\\/www.donadonsdd.com\\\/es\\\/producto\\\/htc\\\/#breadcrumb\"},\"inLanguage\":\"es\",\"potentialAction\":[{\"@type\":\"ReadAction\",\"target\":[\"https:\\\/\\\/www.donadonsdd.com\\\/es\\\/producto\\\/htc\\\/\"]}]},{\"@type\":\"ImageObject\",\"inLanguage\":\"es\",\"@id\":\"https:\\\/\\\/www.donadonsdd.com\\\/es\\\/producto\\\/htc\\\/#primaryimage\",\"url\":\"https:\\\/\\\/www.donadonsdd.com\\\/wp-content\\\/uploads\\\/2025\\\/12\\\/img_124-remove-background.com_.png\",\"contentUrl\":\"https:\\\/\\\/www.donadonsdd.com\\\/wp-content\\\/uploads\\\/2025\\\/12\\\/img_124-remove-background.com_.png\",\"width\":700,\"height\":466},{\"@type\":\"BreadcrumbList\",\"@id\":\"https:\\\/\\\/www.donadonsdd.com\\\/es\\\/producto\\\/htc\\\/#breadcrumb\",\"itemListElement\":[{\"@type\":\"ListItem\",\"position\":1,\"name\":\"HOMEPAGE\",\"item\":\"https:\\\/\\\/www.donadonsdd.com\\\/es\\\/\"},{\"@type\":\"ListItem\",\"position\":2,\"name\":\"Soportes HTC de pinza &#8211; Soluciones higi\u00e9nicas para las industrias farmac\u00e9utica y alimentaria\"}]},{\"@type\":\"WebSite\",\"@id\":\"https:\\\/\\\/www.donadonsdd.com\\\/es\\\/#website\",\"url\":\"https:\\\/\\\/www.donadonsdd.com\\\/es\\\/\",\"name\":\"DonadonSDD Srl\",\"description\":\"\",\"publisher\":{\"@id\":\"https:\\\/\\\/www.donadonsdd.com\\\/es\\\/#organization\"},\"potentialAction\":[{\"@type\":\"SearchAction\",\"target\":{\"@type\":\"EntryPoint\",\"urlTemplate\":\"https:\\\/\\\/www.donadonsdd.com\\\/es\\\/?s={search_term_string}\"},\"query-input\":{\"@type\":\"PropertyValueSpecification\",\"valueRequired\":true,\"valueName\":\"search_term_string\"}}],\"inLanguage\":\"es\"},{\"@type\":\"Organization\",\"@id\":\"https:\\\/\\\/www.donadonsdd.com\\\/es\\\/#organization\",\"name\":\"DonadonSDD Srl\",\"url\":\"https:\\\/\\\/www.donadonsdd.com\\\/es\\\/\",\"logo\":{\"@type\":\"ImageObject\",\"inLanguage\":\"es\",\"@id\":\"https:\\\/\\\/www.donadonsdd.com\\\/es\\\/#\\\/schema\\\/logo\\\/image\\\/\",\"url\":\"https:\\\/\\\/www.donadonsdd.com\\\/wp-content\\\/uploads\\\/2025\\\/11\\\/donadonsdd-logo.png\",\"contentUrl\":\"https:\\\/\\\/www.donadonsdd.com\\\/wp-content\\\/uploads\\\/2025\\\/11\\\/donadonsdd-logo.png\",\"width\":544,\"height\":96,\"caption\":\"DonadonSDD Srl\"},\"image\":{\"@id\":\"https:\\\/\\\/www.donadonsdd.com\\\/es\\\/#\\\/schema\\\/logo\\\/image\\\/\"}}]}<\/script>\n<!-- \/ Yoast SEO plugin. -->","yoast_head_json":{"title":"Portadiscos de ruptura con abrazadera sanitaria para farmacia y alimentaci\u00f3n - HTC","description":"Soportes de discos de ruptura de abrazadera sanitaria para aplicaciones farmac\u00e9uticas, alimentarias y l\u00e1cteas. Dise\u00f1ados con acabado superficial Ra \u2264 0,6 \u03bcm, compatibles con CIP y SIP, fabricados en acero inoxidable 316 para una limpieza f\u00e1cil y un montaje higi\u00e9nico, adecuados para discos de ruptura de acci\u00f3n directa e inversa.","robots":{"index":"index","follow":"follow","max-snippet":"max-snippet:-1","max-image-preview":"max-image-preview:large","max-video-preview":"max-video-preview:-1"},"canonical":"https:\/\/www.donadonsdd.com\/es\/producto\/htc\/","og_locale":"es_ES","og_type":"article","og_title":"Portadiscos de ruptura con abrazadera sanitaria para farmacia y alimentaci\u00f3n - HTC","og_description":"Soportes de discos de ruptura de abrazadera sanitaria para aplicaciones farmac\u00e9uticas, alimentarias y l\u00e1cteas. Dise\u00f1ados con acabado superficial Ra \u2264 0,6 \u03bcm, compatibles con CIP y SIP, fabricados en acero inoxidable 316 para una limpieza f\u00e1cil y un montaje higi\u00e9nico, adecuados para discos de ruptura de acci\u00f3n directa e inversa.","og_url":"https:\/\/www.donadonsdd.com\/es\/producto\/htc\/","og_site_name":"DonadonSDD Srl","article_modified_time":"2026-03-01T01:57:09+00:00","og_image":[{"width":700,"height":466,"url":"https:\/\/www.donadonsdd.com\/wp-content\/uploads\/2025\/12\/img_124-remove-background.com_.png","type":"image\/png"}],"twitter_card":"summary_large_image","twitter_misc":{"Tiempo de lectura":"1 minuto"},"schema":{"@context":"https:\/\/schema.org","@graph":[{"@type":"WebPage","@id":"https:\/\/www.donadonsdd.com\/es\/producto\/htc\/","url":"https:\/\/www.donadonsdd.com\/es\/producto\/htc\/","name":"Portadiscos de ruptura con abrazadera sanitaria para farmacia y alimentaci\u00f3n - HTC","isPartOf":{"@id":"https:\/\/www.donadonsdd.com\/es\/#website"},"primaryImageOfPage":{"@id":"https:\/\/www.donadonsdd.com\/es\/producto\/htc\/#primaryimage"},"image":{"@id":"https:\/\/www.donadonsdd.com\/es\/producto\/htc\/#primaryimage"},"thumbnailUrl":"https:\/\/www.donadonsdd.com\/wp-content\/uploads\/2025\/12\/img_124-remove-background.com_.png","datePublished":"2025-12-11T12:47:42+00:00","dateModified":"2026-03-01T01:57:09+00:00","description":"Soportes de discos de ruptura de abrazadera sanitaria para aplicaciones farmac\u00e9uticas, alimentarias y l\u00e1cteas. Dise\u00f1ados con acabado superficial Ra \u2264 0,6 \u03bcm, compatibles con CIP y SIP, fabricados en acero inoxidable 316 para una limpieza f\u00e1cil y un montaje higi\u00e9nico, adecuados para discos de ruptura de acci\u00f3n directa e inversa.","breadcrumb":{"@id":"https:\/\/www.donadonsdd.com\/es\/producto\/htc\/#breadcrumb"},"inLanguage":"es","potentialAction":[{"@type":"ReadAction","target":["https:\/\/www.donadonsdd.com\/es\/producto\/htc\/"]}]},{"@type":"ImageObject","inLanguage":"es","@id":"https:\/\/www.donadonsdd.com\/es\/producto\/htc\/#primaryimage","url":"https:\/\/www.donadonsdd.com\/wp-content\/uploads\/2025\/12\/img_124-remove-background.com_.png","contentUrl":"https:\/\/www.donadonsdd.com\/wp-content\/uploads\/2025\/12\/img_124-remove-background.com_.png","width":700,"height":466},{"@type":"BreadcrumbList","@id":"https:\/\/www.donadonsdd.com\/es\/producto\/htc\/#breadcrumb","itemListElement":[{"@type":"ListItem","position":1,"name":"HOMEPAGE","item":"https:\/\/www.donadonsdd.com\/es\/"},{"@type":"ListItem","position":2,"name":"Soportes HTC de pinza &#8211; Soluciones higi\u00e9nicas para las industrias farmac\u00e9utica y alimentaria"}]},{"@type":"WebSite","@id":"https:\/\/www.donadonsdd.com\/es\/#website","url":"https:\/\/www.donadonsdd.com\/es\/","name":"DonadonSDD Srl","description":"","publisher":{"@id":"https:\/\/www.donadonsdd.com\/es\/#organization"},"potentialAction":[{"@type":"SearchAction","target":{"@type":"EntryPoint","urlTemplate":"https:\/\/www.donadonsdd.com\/es\/?s={search_term_string}"},"query-input":{"@type":"PropertyValueSpecification","valueRequired":true,"valueName":"search_term_string"}}],"inLanguage":"es"},{"@type":"Organization","@id":"https:\/\/www.donadonsdd.com\/es\/#organization","name":"DonadonSDD Srl","url":"https:\/\/www.donadonsdd.com\/es\/","logo":{"@type":"ImageObject","inLanguage":"es","@id":"https:\/\/www.donadonsdd.com\/es\/#\/schema\/logo\/image\/","url":"https:\/\/www.donadonsdd.com\/wp-content\/uploads\/2025\/11\/donadonsdd-logo.png","contentUrl":"https:\/\/www.donadonsdd.com\/wp-content\/uploads\/2025\/11\/donadonsdd-logo.png","width":544,"height":96,"caption":"DonadonSDD Srl"},"image":{"@id":"https:\/\/www.donadonsdd.com\/es\/#\/schema\/logo\/image\/"}}]}},"toolset-meta":{"toolset-woocommerce-fields":{"_download_limit":{"type":"numeric","raw":""},"_virtual":{"type":"checkbox","raw":""},"_downloadable":{"type":"checkbox","raw":""},"_download_expiry":{"type":"numeric","raw":""},"_download_type":{"type":"radio","raw":""},"_regular_price":{"type":"numeric","raw":""},"_sale_price":{"type":"numeric","raw":""},"_sale_price_dates_from":{"type":"date","raw":"","formatted":null},"_sale_price_dates_to":{"type":"date","raw":"","formatted":null},"_sku":{"type":"textfield","raw":""},"_manage_stock":{"type":"checkbox","raw":""},"_stock_status":{"type":"radio","raw":""},"_stock":{"type":"numeric","raw":""},"_backorders":{"type":"radio","raw":""},"_sold_individually":{"type":"checkbox","raw":""},"_width":{"type":"numeric","raw":""},"_weight":{"type":"numeric","raw":""},"_length":{"type":"numeric","raw":""},"_purchase_note":{"type":"textarea","raw":""}},"infografica":{"operation-ratio":{"type":"textfield","raw":""},"non-fragmenting":{"type":"textfield","raw":""},"vacumm-resistant":{"type":"textfield","raw":""},"sanitary":{"type":"textfield","raw":""},"liquid":{"type":"textfield","raw":""},"vapor-gas":{"type":"textfield","raw":""},"ferrules":{"type":"textfield","raw":""}},"dettagli-prodotto":{"immagini-prodotto":{"type":"image","raw":["https:\/\/www.donadonsdd.com\/wp-content\/uploads\/2025\/12\/img_123.jpg"],"repeatable":[{"raw":"https:\/\/www.donadonsdd.com\/wp-content\/uploads\/2025\/12\/img_123.jpg","attachment_id":8024}]},"tabella-specifiche":{"type":"wysiwyg","raw":"<p class=\"p1\">Tipo | HTC;\nLista de compatibilidad de discos | <a href=\"https:\/\/www.donadonsdd.com\/es\/producto\/dcd-sanitary\/\">DCD<\/a>, <a href=\"https:\/\/www.donadonsdd.com\/es\/producto\/scd-sanitary\/\">SCD<\/a>, <a href=\"https:\/\/www.donadonsdd.com\/es\/producto\/scr-sanitary\/\">SCR<\/a>, <a href=\"https:\/\/www.donadonsdd.com\/es\/producto\/y90-sanitary\/\">Y90<\/a>, <a href=\"https:\/\/www.donadonsdd.com\/es\/producto\/krd-sanitary\/\">KRD<\/a>;\nDimensiones | De DN25 (1 pulgada) a DN150 (6 pulgadas);<\/p>"}}},"_links":{"self":[{"href":"https:\/\/www.donadonsdd.com\/es\/wp-json\/wp\/v2\/product\/6332","targetHints":{"allow":["GET"]}}],"collection":[{"href":"https:\/\/www.donadonsdd.com\/es\/wp-json\/wp\/v2\/product"}],"about":[{"href":"https:\/\/www.donadonsdd.com\/es\/wp-json\/wp\/v2\/types\/product"}],"wp:featuredmedia":[{"embeddable":true,"href":"https:\/\/www.donadonsdd.com\/es\/wp-json\/wp\/v2\/media\/10317"}],"wp:attachment":[{"href":"https:\/\/www.donadonsdd.com\/es\/wp-json\/wp\/v2\/media?parent=6332"}],"wp:term":[{"taxonomy":"categoria_prodotto","embeddable":true,"href":"https:\/\/www.donadonsdd.com\/es\/wp-json\/wp\/v2\/categoria_prodotto?post=6332"}],"curies":[{"name":"wp","href":"https:\/\/api.w.org\/{rel}","templated":true}]}}