{"id":6356,"date":"2025-12-11T13:57:49","date_gmt":"2025-12-11T12:57:49","guid":{"rendered":"https:\/\/www.donadonsdd.com\/product\/discos-de-ruptura-compuestos-dcd-proteccion-contra-la-presion-para-industrias-higienicas\/"},"modified":"2026-02-28T00:42:13","modified_gmt":"2026-02-27T23:42:13","slug":"dcd-sanitary","status":"publish","type":"product","link":"https:\/\/www.donadonsdd.com\/es\/producto\/dcd-sanitary\/","title":{"rendered":"Discos de ruptura compuestos DCD &#8211; Protecci\u00f3n contra la presi\u00f3n para industrias higi\u00e9nicas"},"content":{"rendered":"<p>DonadonSDD ofrece discos de ruptura compuestos DCD de m\u00e1xima calidad, dise\u00f1ados para proteger a las industrias higi\u00e9nicas de las variaciones bruscas de presi\u00f3n que pueden causar da\u00f1os graves. Los discos de ruptura DCD constan de 3 o m\u00e1s piezas componentes que forman un \u00fanico disco unitario que se inserta en f\u00e9rulas\/abrazaderas sanitarias est\u00e1ndar. Est\u00e1n disponibles en una gran variedad de ejecuciones para cubrir la mayor\u00eda de los requisitos de la industria.  <\/p>\n<h2>Caracter\u00edsticas principales y ventajas t\u00e9cnicas<\/h2>\n<p><strong>Altos est\u00e1ndares de certificaci\u00f3n:<\/strong><\/p>\n<p>Los discos DCD est\u00e1n certificados para cumplir las normas internacionales m\u00e1s exigentes, como PED 2014\/68\/UE (Sello CE), ATEX EX II 2 GD (Sello CE), PER 2016 UK Statutory (Sello UKCA), CU TR 032 (Sello EAC).<\/p>\n<h3>T\u00e9cnica:<\/h3>\n<p>Compuesto por una pieza met\u00e1lica perforada y ranurada, una membrana de estanqueidad (normalmente de PTFE, pero disponible en varios materiales) y una secci\u00f3n de protecci\u00f3n.<\/p>\n<h3>Aplicaciones:<\/h3>\n<p>Ideal para condiciones est\u00e1ticas de gas y l\u00edquido, baja presi\u00f3n y aplicaciones as\u00e9pticas.<\/p>\n<h3>Sin fragmentaci\u00f3n:<\/h3>\n<p>Responde a la sobrepresi\u00f3n con una r\u00e1pida apertura total sin fragmentaci\u00f3n de las capas met\u00e1licas.<\/p>\n<h3>Resistencia al vac\u00edo:<\/h3>\n<p>Si lo solicitas, disponemos de soportes espec\u00edficos para la protecci\u00f3n contra el vac\u00edo y la contrapresi\u00f3n.<\/p>\n<h3>Opci\u00f3n de disco de doble sentido:<\/h3>\n<p>Protege contra el vac\u00edo y la presi\u00f3n simult\u00e1neamente (incluso con dos presiones de ajuste diferentes).<\/p>\n<h3><span lang=\"en-US\">Aplicaciones:<\/span><\/h3>\n<p>Dise\u00f1ado para aplicaciones C.O.P. (Clean-Out-Of-Place)<\/p>\n<h3><span lang=\"en-US\">Juntas certificadas por la FDA:<\/span><\/h3>\n<p>Los discos de ruptura compuestos DonadonSDD pueden utilizarse con juntas de PTFE que cumplen las m\u00e1s estrictas normativas internacionales, incluidas las de la FDA y USP clase VI, y Eu 10\/2011. Estas juntas facilitan la instalaci\u00f3n en racores Clamp (sanitarios, Tri-Clamp, Conexi\u00f3n a Tanque). <\/p>\n<h2>\u00bfPor qu\u00e9 elegir DonadonSDD?<\/h2>\n<ul>\n<li>DonadonSDD ofrece discos de ruptura de alta calidad que cumplen las normas de seguridad internacionales m\u00e1s estrictas.<\/li>\n<li>Nuestros discos de ruptura DCD son adecuados para una amplia gama de aplicaciones, incluidas condiciones est\u00e1ticas de gas y l\u00edquido, baja presi\u00f3n, as\u00e9pticas y aplicaciones C.O.P.<\/li>\n<li>Los discos est\u00e1n dise\u00f1ados para responder r\u00e1pidamente a la sobrepresi\u00f3n, evitando da\u00f1os a las instalaciones industriales.<\/li>\n<li>Los discos de ruptura compuestos DonadonSDD pueden proteger contra el vac\u00edo y la presi\u00f3n simult\u00e1neamente, lo que los hace m\u00e1s vers\u00e1tiles que muchos otros tipos de discos de ruptura.<\/li>\n<li>Utilizamos juntas de PTFE certificadas para cumplir las normas internacionales m\u00e1s estrictas, lo que facilita su instalaci\u00f3n.<\/li>\n<\/ul>\n","protected":false},"excerpt":{"rendered":"<p>DonadonSDD ofrece discos de ruptura compuestos DCD de m\u00e1xima calidad, dise\u00f1ados para proteger a las industrias higi\u00e9nicas de las variaciones bruscas de presi\u00f3n que pueden causar da\u00f1os graves. Los discos de ruptura DCD constan de 3 o m\u00e1s piezas componentes que forman un \u00fanico disco unitario que se inserta en f\u00e9rulas\/abrazaderas sanitarias est\u00e1ndar. Est\u00e1n disponibles [&hellip;]<\/p>\n","protected":false},"featured_media":10309,"menu_order":0,"template":"","meta":{"_acf_changed":false},"categoria_prodotto":[85,79,84],"class_list":["post-6356","product","type-product","status-publish","has-post-thumbnail","hentry","categoria_prodotto-forward-acting","categoria_prodotto-rupture-discs","categoria_prodotto-sanitary"],"acf":[],"yoast_head":"<!-- This site is optimized with the Yoast SEO plugin v27.3 - https:\/\/yoast.com\/product\/yoast-seo-wordpress\/ -->\n<title>Disco de ruptura compuesto sanitario - DCD<\/title>\n<meta name=\"description\" content=\"Disco de ruptura compuesto sanitario para servicio as\u00e9ptico de baja presi\u00f3n. Disponible en configuraciones de simple o doble efecto para protecci\u00f3n contra sobrepresi\u00f3n, vac\u00edo o combinada, con certificaci\u00f3n PED y ATEX.\" \/>\n<meta name=\"robots\" content=\"index, follow, max-snippet:-1, max-image-preview:large, max-video-preview:-1\" \/>\n<link rel=\"canonical\" href=\"https:\/\/www.donadonsdd.com\/es\/producto\/dcd-sanitary\/\" \/>\n<meta property=\"og:locale\" content=\"es_ES\" \/>\n<meta property=\"og:type\" content=\"article\" \/>\n<meta property=\"og:title\" content=\"Disco de ruptura compuesto sanitario - DCD\" \/>\n<meta property=\"og:description\" content=\"Disco de ruptura compuesto sanitario para servicio as\u00e9ptico de baja presi\u00f3n. Disponible en configuraciones de simple o doble efecto para protecci\u00f3n contra sobrepresi\u00f3n, vac\u00edo o combinada, con certificaci\u00f3n PED y ATEX.\" \/>\n<meta property=\"og:url\" content=\"https:\/\/www.donadonsdd.com\/es\/producto\/dcd-sanitary\/\" \/>\n<meta property=\"og:site_name\" content=\"DonadonSDD Srl\" \/>\n<meta property=\"article:modified_time\" content=\"2026-02-27T23:42:13+00:00\" \/>\n<meta property=\"og:image\" content=\"https:\/\/www.donadonsdd.com\/wp-content\/uploads\/2025\/12\/donadon-55-1.png\" \/>\n\t<meta property=\"og:image:width\" content=\"1800\" \/>\n\t<meta property=\"og:image:height\" content=\"1199\" \/>\n\t<meta property=\"og:image:type\" content=\"image\/png\" \/>\n<meta name=\"twitter:card\" content=\"summary_large_image\" \/>\n<meta name=\"twitter:label1\" content=\"Tiempo de lectura\" \/>\n\t<meta name=\"twitter:data1\" content=\"2 minuto\" \/>\n<script type=\"application\/ld+json\" class=\"yoast-schema-graph\">{\"@context\":\"https:\\\/\\\/schema.org\",\"@graph\":[{\"@type\":\"WebPage\",\"@id\":\"https:\\\/\\\/www.donadonsdd.com\\\/es\\\/producto\\\/dcd-sanitary\\\/\",\"url\":\"https:\\\/\\\/www.donadonsdd.com\\\/es\\\/producto\\\/dcd-sanitary\\\/\",\"name\":\"Disco de ruptura compuesto sanitario - DCD\",\"isPartOf\":{\"@id\":\"https:\\\/\\\/www.donadonsdd.com\\\/es\\\/#website\"},\"primaryImageOfPage\":{\"@id\":\"https:\\\/\\\/www.donadonsdd.com\\\/es\\\/producto\\\/dcd-sanitary\\\/#primaryimage\"},\"image\":{\"@id\":\"https:\\\/\\\/www.donadonsdd.com\\\/es\\\/producto\\\/dcd-sanitary\\\/#primaryimage\"},\"thumbnailUrl\":\"https:\\\/\\\/www.donadonsdd.com\\\/wp-content\\\/uploads\\\/2025\\\/12\\\/donadon-55-1.png\",\"datePublished\":\"2025-12-11T12:57:49+00:00\",\"dateModified\":\"2026-02-27T23:42:13+00:00\",\"description\":\"Disco de ruptura compuesto sanitario para servicio as\u00e9ptico de baja presi\u00f3n. Disponible en configuraciones de simple o doble efecto para protecci\u00f3n contra sobrepresi\u00f3n, vac\u00edo o combinada, con certificaci\u00f3n PED y ATEX.\",\"breadcrumb\":{\"@id\":\"https:\\\/\\\/www.donadonsdd.com\\\/es\\\/producto\\\/dcd-sanitary\\\/#breadcrumb\"},\"inLanguage\":\"es\",\"potentialAction\":[{\"@type\":\"ReadAction\",\"target\":[\"https:\\\/\\\/www.donadonsdd.com\\\/es\\\/producto\\\/dcd-sanitary\\\/\"]}]},{\"@type\":\"ImageObject\",\"inLanguage\":\"es\",\"@id\":\"https:\\\/\\\/www.donadonsdd.com\\\/es\\\/producto\\\/dcd-sanitary\\\/#primaryimage\",\"url\":\"https:\\\/\\\/www.donadonsdd.com\\\/wp-content\\\/uploads\\\/2025\\\/12\\\/donadon-55-1.png\",\"contentUrl\":\"https:\\\/\\\/www.donadonsdd.com\\\/wp-content\\\/uploads\\\/2025\\\/12\\\/donadon-55-1.png\",\"width\":1800,\"height\":1199},{\"@type\":\"BreadcrumbList\",\"@id\":\"https:\\\/\\\/www.donadonsdd.com\\\/es\\\/producto\\\/dcd-sanitary\\\/#breadcrumb\",\"itemListElement\":[{\"@type\":\"ListItem\",\"position\":1,\"name\":\"HOMEPAGE\",\"item\":\"https:\\\/\\\/www.donadonsdd.com\\\/es\\\/\"},{\"@type\":\"ListItem\",\"position\":2,\"name\":\"Discos de ruptura compuestos DCD &#8211; Protecci\u00f3n contra la presi\u00f3n para industrias higi\u00e9nicas\"}]},{\"@type\":\"WebSite\",\"@id\":\"https:\\\/\\\/www.donadonsdd.com\\\/es\\\/#website\",\"url\":\"https:\\\/\\\/www.donadonsdd.com\\\/es\\\/\",\"name\":\"DonadonSDD Srl\",\"description\":\"\",\"publisher\":{\"@id\":\"https:\\\/\\\/www.donadonsdd.com\\\/es\\\/#organization\"},\"potentialAction\":[{\"@type\":\"SearchAction\",\"target\":{\"@type\":\"EntryPoint\",\"urlTemplate\":\"https:\\\/\\\/www.donadonsdd.com\\\/es\\\/?s={search_term_string}\"},\"query-input\":{\"@type\":\"PropertyValueSpecification\",\"valueRequired\":true,\"valueName\":\"search_term_string\"}}],\"inLanguage\":\"es\"},{\"@type\":\"Organization\",\"@id\":\"https:\\\/\\\/www.donadonsdd.com\\\/es\\\/#organization\",\"name\":\"DonadonSDD Srl\",\"url\":\"https:\\\/\\\/www.donadonsdd.com\\\/es\\\/\",\"logo\":{\"@type\":\"ImageObject\",\"inLanguage\":\"es\",\"@id\":\"https:\\\/\\\/www.donadonsdd.com\\\/es\\\/#\\\/schema\\\/logo\\\/image\\\/\",\"url\":\"https:\\\/\\\/www.donadonsdd.com\\\/wp-content\\\/uploads\\\/2025\\\/11\\\/donadonsdd-logo.png\",\"contentUrl\":\"https:\\\/\\\/www.donadonsdd.com\\\/wp-content\\\/uploads\\\/2025\\\/11\\\/donadonsdd-logo.png\",\"width\":544,\"height\":96,\"caption\":\"DonadonSDD Srl\"},\"image\":{\"@id\":\"https:\\\/\\\/www.donadonsdd.com\\\/es\\\/#\\\/schema\\\/logo\\\/image\\\/\"}}]}<\/script>\n<!-- \/ Yoast SEO plugin. -->","yoast_head_json":{"title":"Disco de ruptura compuesto sanitario - DCD","description":"Disco de ruptura compuesto sanitario para servicio as\u00e9ptico de baja presi\u00f3n. Disponible en configuraciones de simple o doble efecto para protecci\u00f3n contra sobrepresi\u00f3n, vac\u00edo o combinada, con certificaci\u00f3n PED y ATEX.","robots":{"index":"index","follow":"follow","max-snippet":"max-snippet:-1","max-image-preview":"max-image-preview:large","max-video-preview":"max-video-preview:-1"},"canonical":"https:\/\/www.donadonsdd.com\/es\/producto\/dcd-sanitary\/","og_locale":"es_ES","og_type":"article","og_title":"Disco de ruptura compuesto sanitario - DCD","og_description":"Disco de ruptura compuesto sanitario para servicio as\u00e9ptico de baja presi\u00f3n. Disponible en configuraciones de simple o doble efecto para protecci\u00f3n contra sobrepresi\u00f3n, vac\u00edo o combinada, con certificaci\u00f3n PED y ATEX.","og_url":"https:\/\/www.donadonsdd.com\/es\/producto\/dcd-sanitary\/","og_site_name":"DonadonSDD Srl","article_modified_time":"2026-02-27T23:42:13+00:00","og_image":[{"width":1800,"height":1199,"url":"https:\/\/www.donadonsdd.com\/wp-content\/uploads\/2025\/12\/donadon-55-1.png","type":"image\/png"}],"twitter_card":"summary_large_image","twitter_misc":{"Tiempo de lectura":"2 minuto"},"schema":{"@context":"https:\/\/schema.org","@graph":[{"@type":"WebPage","@id":"https:\/\/www.donadonsdd.com\/es\/producto\/dcd-sanitary\/","url":"https:\/\/www.donadonsdd.com\/es\/producto\/dcd-sanitary\/","name":"Disco de ruptura compuesto sanitario - DCD","isPartOf":{"@id":"https:\/\/www.donadonsdd.com\/es\/#website"},"primaryImageOfPage":{"@id":"https:\/\/www.donadonsdd.com\/es\/producto\/dcd-sanitary\/#primaryimage"},"image":{"@id":"https:\/\/www.donadonsdd.com\/es\/producto\/dcd-sanitary\/#primaryimage"},"thumbnailUrl":"https:\/\/www.donadonsdd.com\/wp-content\/uploads\/2025\/12\/donadon-55-1.png","datePublished":"2025-12-11T12:57:49+00:00","dateModified":"2026-02-27T23:42:13+00:00","description":"Disco de ruptura compuesto sanitario para servicio as\u00e9ptico de baja presi\u00f3n. Disponible en configuraciones de simple o doble efecto para protecci\u00f3n contra sobrepresi\u00f3n, vac\u00edo o combinada, con certificaci\u00f3n PED y ATEX.","breadcrumb":{"@id":"https:\/\/www.donadonsdd.com\/es\/producto\/dcd-sanitary\/#breadcrumb"},"inLanguage":"es","potentialAction":[{"@type":"ReadAction","target":["https:\/\/www.donadonsdd.com\/es\/producto\/dcd-sanitary\/"]}]},{"@type":"ImageObject","inLanguage":"es","@id":"https:\/\/www.donadonsdd.com\/es\/producto\/dcd-sanitary\/#primaryimage","url":"https:\/\/www.donadonsdd.com\/wp-content\/uploads\/2025\/12\/donadon-55-1.png","contentUrl":"https:\/\/www.donadonsdd.com\/wp-content\/uploads\/2025\/12\/donadon-55-1.png","width":1800,"height":1199},{"@type":"BreadcrumbList","@id":"https:\/\/www.donadonsdd.com\/es\/producto\/dcd-sanitary\/#breadcrumb","itemListElement":[{"@type":"ListItem","position":1,"name":"HOMEPAGE","item":"https:\/\/www.donadonsdd.com\/es\/"},{"@type":"ListItem","position":2,"name":"Discos de ruptura compuestos DCD &#8211; Protecci\u00f3n contra la presi\u00f3n para industrias higi\u00e9nicas"}]},{"@type":"WebSite","@id":"https:\/\/www.donadonsdd.com\/es\/#website","url":"https:\/\/www.donadonsdd.com\/es\/","name":"DonadonSDD Srl","description":"","publisher":{"@id":"https:\/\/www.donadonsdd.com\/es\/#organization"},"potentialAction":[{"@type":"SearchAction","target":{"@type":"EntryPoint","urlTemplate":"https:\/\/www.donadonsdd.com\/es\/?s={search_term_string}"},"query-input":{"@type":"PropertyValueSpecification","valueRequired":true,"valueName":"search_term_string"}}],"inLanguage":"es"},{"@type":"Organization","@id":"https:\/\/www.donadonsdd.com\/es\/#organization","name":"DonadonSDD Srl","url":"https:\/\/www.donadonsdd.com\/es\/","logo":{"@type":"ImageObject","inLanguage":"es","@id":"https:\/\/www.donadonsdd.com\/es\/#\/schema\/logo\/image\/","url":"https:\/\/www.donadonsdd.com\/wp-content\/uploads\/2025\/11\/donadonsdd-logo.png","contentUrl":"https:\/\/www.donadonsdd.com\/wp-content\/uploads\/2025\/11\/donadonsdd-logo.png","width":544,"height":96,"caption":"DonadonSDD Srl"},"image":{"@id":"https:\/\/www.donadonsdd.com\/es\/#\/schema\/logo\/image\/"}}]}},"toolset-meta":{"toolset-woocommerce-fields":{"_download_limit":{"type":"numeric","raw":""},"_virtual":{"type":"checkbox","raw":""},"_downloadable":{"type":"checkbox","raw":""},"_download_expiry":{"type":"numeric","raw":""},"_download_type":{"type":"radio","raw":""},"_regular_price":{"type":"numeric","raw":""},"_sale_price":{"type":"numeric","raw":""},"_sale_price_dates_from":{"type":"date","raw":"","formatted":null},"_sale_price_dates_to":{"type":"date","raw":"","formatted":null},"_sku":{"type":"textfield","raw":""},"_manage_stock":{"type":"checkbox","raw":""},"_stock_status":{"type":"radio","raw":""},"_stock":{"type":"numeric","raw":""},"_backorders":{"type":"radio","raw":""},"_sold_individually":{"type":"checkbox","raw":""},"_width":{"type":"numeric","raw":""},"_weight":{"type":"numeric","raw":""},"_length":{"type":"numeric","raw":""},"_purchase_note":{"type":"textarea","raw":""}},"infografica":{"operation-ratio":{"type":"textfield","raw":"hasta el 80"},"non-fragmenting":{"type":"textfield","raw":"s\u00ed (s\u00f3lo membrana)"},"vacumm-resistant":{"type":"textfield","raw":"s\u00ed, se necesita soporte de vac\u00edo"},"sanitary":{"type":"textfield","raw":"s\u00ed"},"liquid":{"type":"textfield","raw":"s\u00ed"},"vapor-gas":{"type":"textfield","raw":"s\u00ed"},"ferrules":{"type":"textfield","raw":""}},"dettagli-prodotto":{"immagini-prodotto":{"type":"image","raw":["https:\/\/www.donadonsdd.com\/wp-content\/uploads\/2025\/12\/donadon-55.png"],"repeatable":[{"raw":"https:\/\/www.donadonsdd.com\/wp-content\/uploads\/2025\/12\/donadon-55.png","attachment_id":1971}]},"tabella-specifiche":{"type":"wysiwyg","raw":"MODELO | DCD;\nMATERIALES | Acero inoxidable, Aleaci\u00f3n 201, Aleaci\u00f3n 400, Aleaci\u00f3n 600, Aleaci\u00f3n 625, Aleaci\u00f3n C276, Titanio;\nMEMBRANA DE SELLO | Disponible en PTFE o PFA;\nDIMENSIONES | De DN15 (1\/2 pulgada) a DN200 (8 pulgadas);\nPRESI\u00d3N DE RUPTURA | 0,1 - 7 bar g (Seg\u00fan tama\u00f1o y material);\nTOLERANCIA | de +\/- 5 % a +\/- 20%;\nTEMPERATURA DE FUNCIONAMIENTO | m\u00e1x. 260\u00b0C (membrana en PTFE o PFA);\nFRAGMENTACI\u00d3N | No (s\u00f3lo membrana);\nUSO EN COMBINACI\u00d3N CON PSV | Adecuado;\nMARGEN OPERATIVO | Puede llegar hasta el 80% seg\u00fan las condiciones de servicio.;\nRESISTENCIA A LA PRESI\u00d3N DE VAC\u00cdO | S\u00ed, se necesita soporte de vac\u00edo;\nOPCI\u00d3N DE DISCO DE DOBLE V\u00cdA | Disponible, incluso con dos presiones de ajuste diferentes;\nRESISTENCIA A LA CORROSI\u00d3N | Muy buena;\nFORROS | Disponibles en PTFE y PFA;\nSOPORTE | <a href=\"https:\/\/www.donadonsdd.com\/es\/producto\/htc\/\">HTC<\/a>; \nSENSOR DE RUPTURA | <a href=\"https:\/\/www.donadonsdd.com\/es\/productos\/sensores-de-ruptura\/electrico\/\">El\u00e9ctrico<\/a>; "}}},"_links":{"self":[{"href":"https:\/\/www.donadonsdd.com\/es\/wp-json\/wp\/v2\/product\/6356","targetHints":{"allow":["GET"]}}],"collection":[{"href":"https:\/\/www.donadonsdd.com\/es\/wp-json\/wp\/v2\/product"}],"about":[{"href":"https:\/\/www.donadonsdd.com\/es\/wp-json\/wp\/v2\/types\/product"}],"wp:featuredmedia":[{"embeddable":true,"href":"https:\/\/www.donadonsdd.com\/es\/wp-json\/wp\/v2\/media\/10309"}],"wp:attachment":[{"href":"https:\/\/www.donadonsdd.com\/es\/wp-json\/wp\/v2\/media?parent=6356"}],"wp:term":[{"taxonomy":"categoria_prodotto","embeddable":true,"href":"https:\/\/www.donadonsdd.com\/es\/wp-json\/wp\/v2\/categoria_prodotto?post=6356"}],"curies":[{"name":"wp","href":"https:\/\/api.w.org\/{rel}","templated":true}]}}