{"id":6361,"date":"2025-12-11T13:51:20","date_gmt":"2025-12-11T12:51:20","guid":{"rendered":"https:\/\/www.donadonsdd.com\/product\/discos-de-ruptura-dcd-dispositivos-de-seguridad-de-alta-calidad-para-plantas-industriales\/"},"modified":"2026-02-28T00:58:13","modified_gmt":"2026-02-27T23:58:13","slug":"dcd-composite","status":"publish","type":"product","link":"https:\/\/www.donadonsdd.com\/es\/producto\/dcd-composite\/","title":{"rendered":"Discos de ruptura DCD &#8211; Dispositivos de seguridad de alta calidad para plantas industriales"},"content":{"rendered":"<p>DonadonSDD ofrece discos de ruptura DCD que est\u00e1n dise\u00f1ados para proteger las plantas industriales de las variaciones bruscas de presi\u00f3n que pueden causar da\u00f1os graves. Los discos de ruptura DCD constan de 3 o m\u00e1s piezas componentes que forman un \u00fanico disco unitario que se inserta en un soporte espec\u00edfico. Est\u00e1n disponibles en una gran variedad de ejecuciones para cubrir la mayor\u00eda de los requisitos de la industria.  <\/p>\n<h2>Caracter\u00edsticas principales y ventajas t\u00e9cnicas<\/h2>\n<p><strong>Altos est\u00e1ndares de certificaci\u00f3n:<\/strong><\/p>\n<p>Nuestros discos de ruptura DCD est\u00e1n certificados para cumplir las normas internacionales m\u00e1s exigentes, incluidas PED 2014\/68\/UE (Sello CE), ATEX EX II 2 GD (Sello CE), PER 2016 UK Statutory (Sello UKCA), CU TR 032 (Sello EAC)<\/p>\n<h3>T\u00e9cnica:<\/h3>\n<p>Compuesto por una parte met\u00e1lica ranurada y perforada, una membrana de estanqueidad (normalmente de PTFE o PFA, pero disponible en varios materiales met\u00e1licos o no met\u00e1licos) y una secci\u00f3n de protecci\u00f3n<\/p>\n<h3>Aplicaciones:<\/h3>\n<p>Ideal para su uso con gases y l\u00edquidos en condiciones est\u00e1ticas y de baja presi\u00f3n<\/p>\n<h3>Sin fragmentaci\u00f3n:<\/h3>\n<p>Responde a la presi\u00f3n excesiva con una apertura total en milisegundos sin fragmentaci\u00f3n de las capas met\u00e1licas (Adecuado para la protecci\u00f3n de v\u00e1lvulas)<\/p>\n<h3>Resistencia al vac\u00edo:<\/h3>\n<p>Si lo solicitas, disponemos de soportes espec\u00edficos para la protecci\u00f3n contra el vac\u00edo y la contrapresi\u00f3n.<\/p>\n<h3>Opci\u00f3n de disco de doble sentido:<\/h3>\n<p>Protege contra el vac\u00edo y la presi\u00f3n simult\u00e1neamente (incluso con dos presiones de ajuste diferentes)<\/p>\n<h2>\u00bfPor qu\u00e9 elegir DonadonSDD?<\/h2>\n<ul>\n<li>Nuestros discos de ruptura DCD est\u00e1n certificados para cumplir las normas internacionales de seguridad m\u00e1s estrictas, proporcionando una protecci\u00f3n fiable a tu planta industrial.<\/li>\n<li>Los discos de ruptura DonadonSDD DCD son ideales para su uso con gases y l\u00edquidos en condiciones est\u00e1ticas y de baja presi\u00f3n, lo que los hace muy vers\u00e1tiles.<\/li>\n<li>Los discos responden r\u00e1pidamente a la presi\u00f3n excesiva, evitando da\u00f1os a tu planta.<\/li>\n<\/ul>\n","protected":false},"excerpt":{"rendered":"<p>DonadonSDD ofrece discos de ruptura DCD que est\u00e1n dise\u00f1ados para proteger las plantas industriales de las variaciones bruscas de presi\u00f3n que pueden causar da\u00f1os graves. Los discos de ruptura DCD constan de 3 o m\u00e1s piezas componentes que forman un \u00fanico disco unitario que se inserta en un soporte espec\u00edfico. Est\u00e1n disponibles en una gran [&hellip;]<\/p>\n","protected":false},"featured_media":10313,"menu_order":0,"template":"","meta":{"_acf_changed":false},"categoria_prodotto":[85,79],"class_list":["post-6361","product","type-product","status-publish","has-post-thumbnail","hentry","categoria_prodotto-forward-acting","categoria_prodotto-rupture-discs"],"acf":[],"yoast_head":"<!-- This site is optimized with the Yoast SEO plugin v27.3 - https:\/\/yoast.com\/product\/yoast-seo-wordpress\/ -->\n<title>Disco de ruptura compuesto - DCD<\/title>\n<meta name=\"description\" content=\"Disco de ruptura de material compuesto para servicio de gases y l\u00edquidos a baja presi\u00f3n. Disponible en configuraciones de simple o doble efecto para protecci\u00f3n contra sobrepresi\u00f3n, vac\u00edo o combinada, soporte de vac\u00edo opcional, relaci\u00f3n de funcionamiento de hasta el 80%, certificado PED y ATEX.\" \/>\n<meta name=\"robots\" content=\"index, follow, max-snippet:-1, max-image-preview:large, max-video-preview:-1\" \/>\n<link rel=\"canonical\" href=\"https:\/\/www.donadonsdd.com\/es\/producto\/dcd-composite\/\" \/>\n<meta property=\"og:locale\" content=\"es_ES\" \/>\n<meta property=\"og:type\" content=\"article\" \/>\n<meta property=\"og:title\" content=\"Disco de ruptura compuesto - DCD\" \/>\n<meta property=\"og:description\" content=\"Disco de ruptura de material compuesto para servicio de gases y l\u00edquidos a baja presi\u00f3n. Disponible en configuraciones de simple o doble efecto para protecci\u00f3n contra sobrepresi\u00f3n, vac\u00edo o combinada, soporte de vac\u00edo opcional, relaci\u00f3n de funcionamiento de hasta el 80%, certificado PED y ATEX.\" \/>\n<meta property=\"og:url\" content=\"https:\/\/www.donadonsdd.com\/es\/producto\/dcd-composite\/\" \/>\n<meta property=\"og:site_name\" content=\"DonadonSDD Srl\" \/>\n<meta property=\"article:modified_time\" content=\"2026-02-27T23:58:13+00:00\" \/>\n<meta property=\"og:image\" content=\"https:\/\/www.donadonsdd.com\/wp-content\/uploads\/2025\/12\/donadon-50.png\" \/>\n\t<meta property=\"og:image:width\" content=\"1800\" \/>\n\t<meta property=\"og:image:height\" content=\"1200\" \/>\n\t<meta property=\"og:image:type\" content=\"image\/png\" \/>\n<meta name=\"twitter:card\" content=\"summary_large_image\" \/>\n<meta name=\"twitter:label1\" content=\"Tiempo de lectura\" \/>\n\t<meta name=\"twitter:data1\" content=\"2 minuto\" \/>\n<script type=\"application\/ld+json\" class=\"yoast-schema-graph\">{\"@context\":\"https:\\\/\\\/schema.org\",\"@graph\":[{\"@type\":\"WebPage\",\"@id\":\"https:\\\/\\\/www.donadonsdd.com\\\/es\\\/producto\\\/dcd-composite\\\/\",\"url\":\"https:\\\/\\\/www.donadonsdd.com\\\/es\\\/producto\\\/dcd-composite\\\/\",\"name\":\"Disco de ruptura compuesto - DCD\",\"isPartOf\":{\"@id\":\"https:\\\/\\\/www.donadonsdd.com\\\/es\\\/#website\"},\"primaryImageOfPage\":{\"@id\":\"https:\\\/\\\/www.donadonsdd.com\\\/es\\\/producto\\\/dcd-composite\\\/#primaryimage\"},\"image\":{\"@id\":\"https:\\\/\\\/www.donadonsdd.com\\\/es\\\/producto\\\/dcd-composite\\\/#primaryimage\"},\"thumbnailUrl\":\"https:\\\/\\\/www.donadonsdd.com\\\/wp-content\\\/uploads\\\/2025\\\/12\\\/donadon-50.png\",\"datePublished\":\"2025-12-11T12:51:20+00:00\",\"dateModified\":\"2026-02-27T23:58:13+00:00\",\"description\":\"Disco de ruptura de material compuesto para servicio de gases y l\u00edquidos a baja presi\u00f3n. Disponible en configuraciones de simple o doble efecto para protecci\u00f3n contra sobrepresi\u00f3n, vac\u00edo o combinada, soporte de vac\u00edo opcional, relaci\u00f3n de funcionamiento de hasta el 80%, certificado PED y ATEX.\",\"breadcrumb\":{\"@id\":\"https:\\\/\\\/www.donadonsdd.com\\\/es\\\/producto\\\/dcd-composite\\\/#breadcrumb\"},\"inLanguage\":\"es\",\"potentialAction\":[{\"@type\":\"ReadAction\",\"target\":[\"https:\\\/\\\/www.donadonsdd.com\\\/es\\\/producto\\\/dcd-composite\\\/\"]}]},{\"@type\":\"ImageObject\",\"inLanguage\":\"es\",\"@id\":\"https:\\\/\\\/www.donadonsdd.com\\\/es\\\/producto\\\/dcd-composite\\\/#primaryimage\",\"url\":\"https:\\\/\\\/www.donadonsdd.com\\\/wp-content\\\/uploads\\\/2025\\\/12\\\/donadon-50.png\",\"contentUrl\":\"https:\\\/\\\/www.donadonsdd.com\\\/wp-content\\\/uploads\\\/2025\\\/12\\\/donadon-50.png\",\"width\":1800,\"height\":1200},{\"@type\":\"BreadcrumbList\",\"@id\":\"https:\\\/\\\/www.donadonsdd.com\\\/es\\\/producto\\\/dcd-composite\\\/#breadcrumb\",\"itemListElement\":[{\"@type\":\"ListItem\",\"position\":1,\"name\":\"HOMEPAGE\",\"item\":\"https:\\\/\\\/www.donadonsdd.com\\\/es\\\/\"},{\"@type\":\"ListItem\",\"position\":2,\"name\":\"Discos de ruptura DCD &#8211; Dispositivos de seguridad de alta calidad para plantas industriales\"}]},{\"@type\":\"WebSite\",\"@id\":\"https:\\\/\\\/www.donadonsdd.com\\\/es\\\/#website\",\"url\":\"https:\\\/\\\/www.donadonsdd.com\\\/es\\\/\",\"name\":\"DonadonSDD Srl\",\"description\":\"\",\"publisher\":{\"@id\":\"https:\\\/\\\/www.donadonsdd.com\\\/es\\\/#organization\"},\"potentialAction\":[{\"@type\":\"SearchAction\",\"target\":{\"@type\":\"EntryPoint\",\"urlTemplate\":\"https:\\\/\\\/www.donadonsdd.com\\\/es\\\/?s={search_term_string}\"},\"query-input\":{\"@type\":\"PropertyValueSpecification\",\"valueRequired\":true,\"valueName\":\"search_term_string\"}}],\"inLanguage\":\"es\"},{\"@type\":\"Organization\",\"@id\":\"https:\\\/\\\/www.donadonsdd.com\\\/es\\\/#organization\",\"name\":\"DonadonSDD Srl\",\"url\":\"https:\\\/\\\/www.donadonsdd.com\\\/es\\\/\",\"logo\":{\"@type\":\"ImageObject\",\"inLanguage\":\"es\",\"@id\":\"https:\\\/\\\/www.donadonsdd.com\\\/es\\\/#\\\/schema\\\/logo\\\/image\\\/\",\"url\":\"https:\\\/\\\/www.donadonsdd.com\\\/wp-content\\\/uploads\\\/2025\\\/11\\\/donadonsdd-logo.png\",\"contentUrl\":\"https:\\\/\\\/www.donadonsdd.com\\\/wp-content\\\/uploads\\\/2025\\\/11\\\/donadonsdd-logo.png\",\"width\":544,\"height\":96,\"caption\":\"DonadonSDD Srl\"},\"image\":{\"@id\":\"https:\\\/\\\/www.donadonsdd.com\\\/es\\\/#\\\/schema\\\/logo\\\/image\\\/\"}}]}<\/script>\n<!-- \/ Yoast SEO plugin. -->","yoast_head_json":{"title":"Disco de ruptura compuesto - DCD","description":"Disco de ruptura de material compuesto para servicio de gases y l\u00edquidos a baja presi\u00f3n. Disponible en configuraciones de simple o doble efecto para protecci\u00f3n contra sobrepresi\u00f3n, vac\u00edo o combinada, soporte de vac\u00edo opcional, relaci\u00f3n de funcionamiento de hasta el 80%, certificado PED y ATEX.","robots":{"index":"index","follow":"follow","max-snippet":"max-snippet:-1","max-image-preview":"max-image-preview:large","max-video-preview":"max-video-preview:-1"},"canonical":"https:\/\/www.donadonsdd.com\/es\/producto\/dcd-composite\/","og_locale":"es_ES","og_type":"article","og_title":"Disco de ruptura compuesto - DCD","og_description":"Disco de ruptura de material compuesto para servicio de gases y l\u00edquidos a baja presi\u00f3n. Disponible en configuraciones de simple o doble efecto para protecci\u00f3n contra sobrepresi\u00f3n, vac\u00edo o combinada, soporte de vac\u00edo opcional, relaci\u00f3n de funcionamiento de hasta el 80%, certificado PED y ATEX.","og_url":"https:\/\/www.donadonsdd.com\/es\/producto\/dcd-composite\/","og_site_name":"DonadonSDD Srl","article_modified_time":"2026-02-27T23:58:13+00:00","og_image":[{"width":1800,"height":1200,"url":"https:\/\/www.donadonsdd.com\/wp-content\/uploads\/2025\/12\/donadon-50.png","type":"image\/png"}],"twitter_card":"summary_large_image","twitter_misc":{"Tiempo de lectura":"2 minuto"},"schema":{"@context":"https:\/\/schema.org","@graph":[{"@type":"WebPage","@id":"https:\/\/www.donadonsdd.com\/es\/producto\/dcd-composite\/","url":"https:\/\/www.donadonsdd.com\/es\/producto\/dcd-composite\/","name":"Disco de ruptura compuesto - DCD","isPartOf":{"@id":"https:\/\/www.donadonsdd.com\/es\/#website"},"primaryImageOfPage":{"@id":"https:\/\/www.donadonsdd.com\/es\/producto\/dcd-composite\/#primaryimage"},"image":{"@id":"https:\/\/www.donadonsdd.com\/es\/producto\/dcd-composite\/#primaryimage"},"thumbnailUrl":"https:\/\/www.donadonsdd.com\/wp-content\/uploads\/2025\/12\/donadon-50.png","datePublished":"2025-12-11T12:51:20+00:00","dateModified":"2026-02-27T23:58:13+00:00","description":"Disco de ruptura de material compuesto para servicio de gases y l\u00edquidos a baja presi\u00f3n. Disponible en configuraciones de simple o doble efecto para protecci\u00f3n contra sobrepresi\u00f3n, vac\u00edo o combinada, soporte de vac\u00edo opcional, relaci\u00f3n de funcionamiento de hasta el 80%, certificado PED y ATEX.","breadcrumb":{"@id":"https:\/\/www.donadonsdd.com\/es\/producto\/dcd-composite\/#breadcrumb"},"inLanguage":"es","potentialAction":[{"@type":"ReadAction","target":["https:\/\/www.donadonsdd.com\/es\/producto\/dcd-composite\/"]}]},{"@type":"ImageObject","inLanguage":"es","@id":"https:\/\/www.donadonsdd.com\/es\/producto\/dcd-composite\/#primaryimage","url":"https:\/\/www.donadonsdd.com\/wp-content\/uploads\/2025\/12\/donadon-50.png","contentUrl":"https:\/\/www.donadonsdd.com\/wp-content\/uploads\/2025\/12\/donadon-50.png","width":1800,"height":1200},{"@type":"BreadcrumbList","@id":"https:\/\/www.donadonsdd.com\/es\/producto\/dcd-composite\/#breadcrumb","itemListElement":[{"@type":"ListItem","position":1,"name":"HOMEPAGE","item":"https:\/\/www.donadonsdd.com\/es\/"},{"@type":"ListItem","position":2,"name":"Discos de ruptura DCD &#8211; Dispositivos de seguridad de alta calidad para plantas industriales"}]},{"@type":"WebSite","@id":"https:\/\/www.donadonsdd.com\/es\/#website","url":"https:\/\/www.donadonsdd.com\/es\/","name":"DonadonSDD Srl","description":"","publisher":{"@id":"https:\/\/www.donadonsdd.com\/es\/#organization"},"potentialAction":[{"@type":"SearchAction","target":{"@type":"EntryPoint","urlTemplate":"https:\/\/www.donadonsdd.com\/es\/?s={search_term_string}"},"query-input":{"@type":"PropertyValueSpecification","valueRequired":true,"valueName":"search_term_string"}}],"inLanguage":"es"},{"@type":"Organization","@id":"https:\/\/www.donadonsdd.com\/es\/#organization","name":"DonadonSDD Srl","url":"https:\/\/www.donadonsdd.com\/es\/","logo":{"@type":"ImageObject","inLanguage":"es","@id":"https:\/\/www.donadonsdd.com\/es\/#\/schema\/logo\/image\/","url":"https:\/\/www.donadonsdd.com\/wp-content\/uploads\/2025\/11\/donadonsdd-logo.png","contentUrl":"https:\/\/www.donadonsdd.com\/wp-content\/uploads\/2025\/11\/donadonsdd-logo.png","width":544,"height":96,"caption":"DonadonSDD Srl"},"image":{"@id":"https:\/\/www.donadonsdd.com\/es\/#\/schema\/logo\/image\/"}}]}},"toolset-meta":{"toolset-woocommerce-fields":{"_download_limit":{"type":"numeric","raw":""},"_virtual":{"type":"checkbox","raw":""},"_downloadable":{"type":"checkbox","raw":""},"_download_expiry":{"type":"numeric","raw":""},"_download_type":{"type":"radio","raw":""},"_regular_price":{"type":"numeric","raw":""},"_sale_price":{"type":"numeric","raw":""},"_sale_price_dates_from":{"type":"date","raw":"","formatted":null},"_sale_price_dates_to":{"type":"date","raw":"","formatted":null},"_sku":{"type":"textfield","raw":""},"_manage_stock":{"type":"checkbox","raw":""},"_stock_status":{"type":"radio","raw":""},"_stock":{"type":"numeric","raw":""},"_backorders":{"type":"radio","raw":""},"_sold_individually":{"type":"checkbox","raw":""},"_width":{"type":"numeric","raw":""},"_weight":{"type":"numeric","raw":""},"_length":{"type":"numeric","raw":""},"_purchase_note":{"type":"textarea","raw":""}},"infografica":{"operation-ratio":{"type":"textfield","raw":"hasta el 80"},"non-fragmenting":{"type":"textfield","raw":"s\u00ed (s\u00f3lo membrana)"},"vacumm-resistant":{"type":"textfield","raw":"s\u00ed, se necesita soporte de vac\u00edo"},"sanitary":{"type":"textfield","raw":"no"},"liquid":{"type":"textfield","raw":"s\u00ed"},"vapor-gas":{"type":"textfield","raw":"s\u00ed"},"ferrules":{"type":"textfield","raw":""}},"dettagli-prodotto":{"immagini-prodotto":{"type":"image","raw":["https:\/\/www.donadonsdd.com\/wp-content\/uploads\/2025\/12\/donadon-50_result.webp","https:\/\/www.donadonsdd.com\/wp-content\/uploads\/2025\/12\/donadon-51_result.webp"],"repeatable":[{"raw":"https:\/\/www.donadonsdd.com\/wp-content\/uploads\/2025\/12\/donadon-50_result.webp","attachment_id":6365},{"raw":"https:\/\/www.donadonsdd.com\/wp-content\/uploads\/2025\/12\/donadon-51_result.webp","attachment_id":6366}]},"tabella-specifiche":{"type":"wysiwyg","raw":"<p class=\"p1\">MODELO | DCD;\nMATERIALES | Acero inoxidable, Aleaci\u00f3n 201, Aleaci\u00f3n 400, Aleaci\u00f3n 600, Aleaci\u00f3n 625, Aleaci\u00f3n C276, Titanio;\nMEMBRANA DE SELLO | Disponible en PTFE o PFA;\nDIMENSIONES | De DN25 (1 pulgada) a DN1000 (40 pulgadas);\nPRESI\u00d3N DE RUPTURA | 0,01 - 100 bar g (Seg\u00fan tama\u00f1o y material);\nTOLERANCIA | de +\/- 5 % a +\/- 40%;\nTEMPERATURA DE FUNCIONAMIENTO | m\u00e1x. 260\u00b0C (membrana en PTFE o PFA);\nFRAGMENTACI\u00d3N | No (s\u00f3lo membrana);\nUSO EN COMBINACI\u00d3N CON PSV | Adecuado;\nMARGEN OPERATIVO | Puede llegar hasta el 80% seg\u00fan las condiciones de servicio.;\nRESISTENCIA A LA PRESI\u00d3N DE VAC\u00cdO | S\u00ed, se necesita soporte de vac\u00edo;\nOPCI\u00d3N DE DISCO DE DOBLE V\u00cdA | Disponible, incluso con dos presiones de ajuste diferentes;\nRESISTENCIA A LA CORROSI\u00d3N | Muy buena;\nFORROS | Disponibles en PTFE y PFA;\nTITULAR | <a href=\"https:\/\/www.donadonsdd.com\/es\/producto\/hia-hra\/\">HIA<\/a>, <a href=\"https:\/\/www.donadonsdd.com\/es\/producto\/hip-hrp\/\">HIP<\/a>, <a href=\"https:\/\/www.donadonsdd.com\/es\/producto\/hif-hrf\/\">HIF<\/a>;   \nSENSOR DE RUPTURA | <a href=\"https:\/\/www.donadonsdd.com\/es\/productos\/sensores-de-ruptura\/electrico\/\">El\u00e9ctrico<\/a>, <a href=\"https:\/\/www.donadonsdd.com\/es\/productos\/sensores-de-ruptura\/magnetico\/\">Magn\u00e9tico<\/a>, <a href=\"https:\/\/www.donadonsdd.com\/es\/productos\/sensores-de-ruptura\/inductivo\/\">Inductivo<\/a>, <a href=\"https:\/\/www.donadonsdd.com\/es\/productos\/sensores-de-ruptura\/fibra-optica\/\">\u00d3ptico<\/a>;    <\/p>"}}},"_links":{"self":[{"href":"https:\/\/www.donadonsdd.com\/es\/wp-json\/wp\/v2\/product\/6361","targetHints":{"allow":["GET"]}}],"collection":[{"href":"https:\/\/www.donadonsdd.com\/es\/wp-json\/wp\/v2\/product"}],"about":[{"href":"https:\/\/www.donadonsdd.com\/es\/wp-json\/wp\/v2\/types\/product"}],"wp:featuredmedia":[{"embeddable":true,"href":"https:\/\/www.donadonsdd.com\/es\/wp-json\/wp\/v2\/media\/10313"}],"wp:attachment":[{"href":"https:\/\/www.donadonsdd.com\/es\/wp-json\/wp\/v2\/media?parent=6361"}],"wp:term":[{"taxonomy":"categoria_prodotto","embeddable":true,"href":"https:\/\/www.donadonsdd.com\/es\/wp-json\/wp\/v2\/categoria_prodotto?post=6361"}],"curies":[{"name":"wp","href":"https:\/\/api.w.org\/{rel}","templated":true}]}}