{"id":6395,"date":"2025-11-23T00:42:04","date_gmt":"2025-11-22T23:42:04","guid":{"rendered":"https:\/\/www.donadonsdd.com\/product\/discos-de-ruptura-krd-proteccion-fiable-para-instalaciones-industriales\/"},"modified":"2026-03-01T02:18:20","modified_gmt":"2026-03-01T01:18:20","slug":"krd","status":"publish","type":"product","link":"https:\/\/www.donadonsdd.com\/es\/producto\/krd\/","title":{"rendered":"Discos de ruptura KRD &#8211; Protecci\u00f3n fiable para instalaciones industriales"},"content":{"rendered":"<p>Los discos de ruptura de acci\u00f3n inversa KRD de DonadonSDD son dispositivos de seguridad cr\u00edticos que protegen tu planta industrial evitando aumentos bruscos de presi\u00f3n.<br \/>\nLos discos de ruptura de acci\u00f3n inversa tienen una curvatura convexa que permanece inalterada bajo presi\u00f3n de funcionamiento hasta que se alcanza la presi\u00f3n inversa, lo que garantiza una larga vida \u00fatil.<br \/>\nLos discos de ruptura DonadonSDD KRD incorporan la tecnolog\u00eda sectorial m\u00e1s avanzada y proporcionan una protecci\u00f3n fiable y precisa en las aplicaciones m\u00e1s exigentes, lo que convierte a los discos de ruptura DonadonSDD KRD en la mejor elecci\u00f3n para la seguridad de tu planta.<br \/>\nSu dise\u00f1o espec\u00ed\ufb01co hace que el KRD sea ideal para o\ufb00er protecci\u00f3n contra la presi\u00f3n a equipos en los que hay l\u00edquido \ufb02uido.<\/p>\n<h2>Caracter\u00edsticas principales y ventajas t\u00e9cnicas<\/h2>\n<h3>Altos est\u00e1ndares de certi\ufb01caci\u00f3n:<\/h3>\n<p>Nuestros discos KRD han obtenido las certi\ufb01caciones m\u00e1s altas, como ASME XIII (Sello UD), PED 2014\/68\/UE (Sello CE), PER 2016 UK Statutory Instruments 2016 No 1105 (Sello UKCA), CU TR 032 (Sello EAC).<\/p>\n<h3>Tecnolog\u00eda avanzada:<\/h3>\n<p>Los discos de ruptura KRD obtenidos mediante nuestra tecnolog\u00eda patentada Laser NS Nanoscored son discos de acci\u00f3n inversa con secciones calibradas microranuradas que se abren alrededor de la circunferencia, lo que reduce el riesgo de desprendimiento de los p\u00e9talos.<\/p>\n<h3>Rendimiento fiable:<\/h3>\n<p>Soportan miles de ciclos sin comprometer su fiabilidad, con relaciones de hasta el 95% entre la presi\u00f3n de funcionamiento y la de rotura.<\/p>\n<h3>Ruptura r\u00e1pida:<\/h3>\n<p>El disco se rompe en pocos milisegundos y con apertura total a lo largo de una l\u00ednea circunferencial marcada en el lado descendente del disco.<\/p>\n<h3>Dise\u00f1o vers\u00e1til:<\/h3>\n<p>Adecuado para presencia de 100% de l\u00edquido, ciclos y condiciones pulsantes sin reducir los m\u00e1rgenes de seguridad.<\/p>\n<h3>Aislamiento de las V\u00e1lvulas de Seguridad de Presi\u00f3n \/ No Fragmentable:<\/h3>\n<p>Ideal para el aislamiento de PSV por roturas a lo largo de la l\u00ednea marcada sin generar fragmentos.<\/p>\n<h3>Resistente a la corrosi\u00f3n:<\/h3>\n<p>Amplia gama de materiales y opciones de grosor; revestimiento de PTFE disponible para mayor protecci\u00f3n.<\/p>\n<h3>Resistencia a altas temperaturas:<\/h3>\n<p>ideal para aplicaciones con variaciones de temperatura signi\ufb01cativas gracias a su menor sensibilidad a las \ufb02uctuaciones de temperatura<\/p>\n<h3>Resistencia a alta presi\u00f3n\/vac\u00edo:<\/h3>\n<p>No requiere soporte de vac\u00edo, evitando restricciones en la zona de descarga; capaz de resistir altas contrapresiones. Disponible con junta t\u00f3rica para reducir las emisiones fugitivas <\/p>\n<h3>Caracter\u00edsticas:<\/h3>\n<ul>\n<li>Rango de fabricaci\u00f3n = CERO (incluido con ASME)<\/li>\n<li>Tolerancia de ruptura \/ rendimiento = +\/- 5%.<\/li>\n<li>Krl (p\u00e9rdida de carga por velocidad ASME-Certi\ufb01cada) = 0,48, una de las m\u00e1s bajas del mercado<\/li>\n<li>Puede utilizarse en con\ufb01guraciones de doble disco<\/li>\n<\/ul>\n<h2>\u00bfPor qu\u00e9 elegir los discos de ruptura DonadonSDD KRD?<\/h2>\n<ul>\n<li><span lang=\"en-US\">Certificado conforme a las normas industriales m\u00e1s exigentes para una seguridad m\u00e1xima.<\/span><\/li>\n<li><span lang=\"en-US\">Rango de fabricaci\u00f3n = CERO (incluido con ASME)<\/span><\/li>\n<li><span lang=\"en-US\">Krl (p\u00e9rdida de carga por velocidad certificada por ASME) = 0,48, una de las m\u00e1s bajas del mercado<\/span><\/li>\n<li><span lang=\"en-US\">Puede utilizarse en configuraciones de soporte de doble disco.  <\/span><\/li>\n<li><span lang=\"en-US\">El compromiso con la resistencia a la corrosi\u00f3n y a las altas presiones garantiza longevidad y fiabilidad.<\/span><\/li>\n<\/ul>\n","protected":false},"excerpt":{"rendered":"<p>Los discos de ruptura de acci\u00f3n inversa KRD de DonadonSDD son dispositivos de seguridad cr\u00edticos que protegen tu planta industrial evitando aumentos bruscos de presi\u00f3n. Los discos de ruptura de acci\u00f3n inversa tienen una curvatura convexa que permanece inalterada bajo presi\u00f3n de funcionamiento hasta que se alcanza la presi\u00f3n inversa, lo que garantiza una larga [&hellip;]<\/p>\n","protected":false},"featured_media":10357,"menu_order":0,"template":"","meta":{"_acf_changed":false},"categoria_prodotto":[99,83,86,79],"class_list":["post-6395","product","type-product","status-publish","has-post-thumbnail","hentry","categoria_prodotto-asme-approved","categoria_prodotto-ns-nanoscored","categoria_prodotto-reverse-acting","categoria_prodotto-rupture-discs"],"acf":[],"yoast_head":"<!-- This site is optimized with the Yoast SEO plugin v27.3 - https:\/\/yoast.com\/product\/yoast-seo-wordpress\/ -->\n<title>Disco de ruptura de acci\u00f3n inversa - KRD<\/title>\n<meta name=\"description\" content=\"Disco de ruptura de acci\u00f3n inversa para procesos industriales y servicio de l\u00edquidos. Dise\u00f1o no fragmentable con alta resistencia a los ciclos en un amplio rango de presiones, hasta un 95% de relaci\u00f3n de funcionamiento, conforme a ASME y PED, certificado ATEX.\" \/>\n<meta name=\"robots\" content=\"index, follow, max-snippet:-1, max-image-preview:large, max-video-preview:-1\" \/>\n<link rel=\"canonical\" href=\"https:\/\/www.donadonsdd.com\/es\/producto\/krd\/\" \/>\n<meta property=\"og:locale\" content=\"es_ES\" \/>\n<meta property=\"og:type\" content=\"article\" \/>\n<meta property=\"og:title\" content=\"Disco de ruptura de acci\u00f3n inversa - KRD\" \/>\n<meta property=\"og:description\" content=\"Disco de ruptura de acci\u00f3n inversa para procesos industriales y servicio de l\u00edquidos. Dise\u00f1o no fragmentable con alta resistencia a los ciclos en un amplio rango de presiones, hasta un 95% de relaci\u00f3n de funcionamiento, conforme a ASME y PED, certificado ATEX.\" \/>\n<meta property=\"og:url\" content=\"https:\/\/www.donadonsdd.com\/es\/producto\/krd\/\" \/>\n<meta property=\"og:site_name\" content=\"DonadonSDD Srl\" \/>\n<meta property=\"article:modified_time\" content=\"2026-03-01T01:18:20+00:00\" \/>\n<meta property=\"og:image\" content=\"https:\/\/www.donadonsdd.com\/wp-content\/uploads\/2025\/11\/donadon-76.png\" \/>\n\t<meta property=\"og:image:width\" content=\"1800\" \/>\n\t<meta property=\"og:image:height\" content=\"1200\" \/>\n\t<meta property=\"og:image:type\" content=\"image\/png\" \/>\n<meta name=\"twitter:card\" content=\"summary_large_image\" \/>\n<meta name=\"twitter:label1\" content=\"Tiempo de lectura\" \/>\n\t<meta name=\"twitter:data1\" content=\"3 minuto\" \/>\n<script type=\"application\/ld+json\" class=\"yoast-schema-graph\">{\"@context\":\"https:\\\/\\\/schema.org\",\"@graph\":[{\"@type\":\"WebPage\",\"@id\":\"https:\\\/\\\/www.donadonsdd.com\\\/es\\\/producto\\\/krd\\\/\",\"url\":\"https:\\\/\\\/www.donadonsdd.com\\\/es\\\/producto\\\/krd\\\/\",\"name\":\"Disco de ruptura de acci\u00f3n inversa - KRD\",\"isPartOf\":{\"@id\":\"https:\\\/\\\/www.donadonsdd.com\\\/es\\\/#website\"},\"primaryImageOfPage\":{\"@id\":\"https:\\\/\\\/www.donadonsdd.com\\\/es\\\/producto\\\/krd\\\/#primaryimage\"},\"image\":{\"@id\":\"https:\\\/\\\/www.donadonsdd.com\\\/es\\\/producto\\\/krd\\\/#primaryimage\"},\"thumbnailUrl\":\"https:\\\/\\\/www.donadonsdd.com\\\/wp-content\\\/uploads\\\/2025\\\/11\\\/donadon-76.png\",\"datePublished\":\"2025-11-22T23:42:04+00:00\",\"dateModified\":\"2026-03-01T01:18:20+00:00\",\"description\":\"Disco de ruptura de acci\u00f3n inversa para procesos industriales y servicio de l\u00edquidos. Dise\u00f1o no fragmentable con alta resistencia a los ciclos en un amplio rango de presiones, hasta un 95% de relaci\u00f3n de funcionamiento, conforme a ASME y PED, certificado ATEX.\",\"breadcrumb\":{\"@id\":\"https:\\\/\\\/www.donadonsdd.com\\\/es\\\/producto\\\/krd\\\/#breadcrumb\"},\"inLanguage\":\"es\",\"potentialAction\":[{\"@type\":\"ReadAction\",\"target\":[\"https:\\\/\\\/www.donadonsdd.com\\\/es\\\/producto\\\/krd\\\/\"]}]},{\"@type\":\"ImageObject\",\"inLanguage\":\"es\",\"@id\":\"https:\\\/\\\/www.donadonsdd.com\\\/es\\\/producto\\\/krd\\\/#primaryimage\",\"url\":\"https:\\\/\\\/www.donadonsdd.com\\\/wp-content\\\/uploads\\\/2025\\\/11\\\/donadon-76.png\",\"contentUrl\":\"https:\\\/\\\/www.donadonsdd.com\\\/wp-content\\\/uploads\\\/2025\\\/11\\\/donadon-76.png\",\"width\":1800,\"height\":1200},{\"@type\":\"BreadcrumbList\",\"@id\":\"https:\\\/\\\/www.donadonsdd.com\\\/es\\\/producto\\\/krd\\\/#breadcrumb\",\"itemListElement\":[{\"@type\":\"ListItem\",\"position\":1,\"name\":\"HOMEPAGE\",\"item\":\"https:\\\/\\\/www.donadonsdd.com\\\/es\\\/\"},{\"@type\":\"ListItem\",\"position\":2,\"name\":\"Discos de ruptura KRD &#8211; Protecci\u00f3n fiable para instalaciones industriales\"}]},{\"@type\":\"WebSite\",\"@id\":\"https:\\\/\\\/www.donadonsdd.com\\\/es\\\/#website\",\"url\":\"https:\\\/\\\/www.donadonsdd.com\\\/es\\\/\",\"name\":\"DonadonSDD Srl\",\"description\":\"\",\"publisher\":{\"@id\":\"https:\\\/\\\/www.donadonsdd.com\\\/es\\\/#organization\"},\"potentialAction\":[{\"@type\":\"SearchAction\",\"target\":{\"@type\":\"EntryPoint\",\"urlTemplate\":\"https:\\\/\\\/www.donadonsdd.com\\\/es\\\/?s={search_term_string}\"},\"query-input\":{\"@type\":\"PropertyValueSpecification\",\"valueRequired\":true,\"valueName\":\"search_term_string\"}}],\"inLanguage\":\"es\"},{\"@type\":\"Organization\",\"@id\":\"https:\\\/\\\/www.donadonsdd.com\\\/es\\\/#organization\",\"name\":\"DonadonSDD Srl\",\"url\":\"https:\\\/\\\/www.donadonsdd.com\\\/es\\\/\",\"logo\":{\"@type\":\"ImageObject\",\"inLanguage\":\"es\",\"@id\":\"https:\\\/\\\/www.donadonsdd.com\\\/es\\\/#\\\/schema\\\/logo\\\/image\\\/\",\"url\":\"https:\\\/\\\/www.donadonsdd.com\\\/wp-content\\\/uploads\\\/2025\\\/11\\\/donadonsdd-logo.png\",\"contentUrl\":\"https:\\\/\\\/www.donadonsdd.com\\\/wp-content\\\/uploads\\\/2025\\\/11\\\/donadonsdd-logo.png\",\"width\":544,\"height\":96,\"caption\":\"DonadonSDD Srl\"},\"image\":{\"@id\":\"https:\\\/\\\/www.donadonsdd.com\\\/es\\\/#\\\/schema\\\/logo\\\/image\\\/\"}}]}<\/script>\n<!-- \/ Yoast SEO plugin. -->","yoast_head_json":{"title":"Disco de ruptura de acci\u00f3n inversa - KRD","description":"Disco de ruptura de acci\u00f3n inversa para procesos industriales y servicio de l\u00edquidos. Dise\u00f1o no fragmentable con alta resistencia a los ciclos en un amplio rango de presiones, hasta un 95% de relaci\u00f3n de funcionamiento, conforme a ASME y PED, certificado ATEX.","robots":{"index":"index","follow":"follow","max-snippet":"max-snippet:-1","max-image-preview":"max-image-preview:large","max-video-preview":"max-video-preview:-1"},"canonical":"https:\/\/www.donadonsdd.com\/es\/producto\/krd\/","og_locale":"es_ES","og_type":"article","og_title":"Disco de ruptura de acci\u00f3n inversa - KRD","og_description":"Disco de ruptura de acci\u00f3n inversa para procesos industriales y servicio de l\u00edquidos. Dise\u00f1o no fragmentable con alta resistencia a los ciclos en un amplio rango de presiones, hasta un 95% de relaci\u00f3n de funcionamiento, conforme a ASME y PED, certificado ATEX.","og_url":"https:\/\/www.donadonsdd.com\/es\/producto\/krd\/","og_site_name":"DonadonSDD Srl","article_modified_time":"2026-03-01T01:18:20+00:00","og_image":[{"width":1800,"height":1200,"url":"https:\/\/www.donadonsdd.com\/wp-content\/uploads\/2025\/11\/donadon-76.png","type":"image\/png"}],"twitter_card":"summary_large_image","twitter_misc":{"Tiempo de lectura":"3 minuto"},"schema":{"@context":"https:\/\/schema.org","@graph":[{"@type":"WebPage","@id":"https:\/\/www.donadonsdd.com\/es\/producto\/krd\/","url":"https:\/\/www.donadonsdd.com\/es\/producto\/krd\/","name":"Disco de ruptura de acci\u00f3n inversa - KRD","isPartOf":{"@id":"https:\/\/www.donadonsdd.com\/es\/#website"},"primaryImageOfPage":{"@id":"https:\/\/www.donadonsdd.com\/es\/producto\/krd\/#primaryimage"},"image":{"@id":"https:\/\/www.donadonsdd.com\/es\/producto\/krd\/#primaryimage"},"thumbnailUrl":"https:\/\/www.donadonsdd.com\/wp-content\/uploads\/2025\/11\/donadon-76.png","datePublished":"2025-11-22T23:42:04+00:00","dateModified":"2026-03-01T01:18:20+00:00","description":"Disco de ruptura de acci\u00f3n inversa para procesos industriales y servicio de l\u00edquidos. Dise\u00f1o no fragmentable con alta resistencia a los ciclos en un amplio rango de presiones, hasta un 95% de relaci\u00f3n de funcionamiento, conforme a ASME y PED, certificado ATEX.","breadcrumb":{"@id":"https:\/\/www.donadonsdd.com\/es\/producto\/krd\/#breadcrumb"},"inLanguage":"es","potentialAction":[{"@type":"ReadAction","target":["https:\/\/www.donadonsdd.com\/es\/producto\/krd\/"]}]},{"@type":"ImageObject","inLanguage":"es","@id":"https:\/\/www.donadonsdd.com\/es\/producto\/krd\/#primaryimage","url":"https:\/\/www.donadonsdd.com\/wp-content\/uploads\/2025\/11\/donadon-76.png","contentUrl":"https:\/\/www.donadonsdd.com\/wp-content\/uploads\/2025\/11\/donadon-76.png","width":1800,"height":1200},{"@type":"BreadcrumbList","@id":"https:\/\/www.donadonsdd.com\/es\/producto\/krd\/#breadcrumb","itemListElement":[{"@type":"ListItem","position":1,"name":"HOMEPAGE","item":"https:\/\/www.donadonsdd.com\/es\/"},{"@type":"ListItem","position":2,"name":"Discos de ruptura KRD &#8211; Protecci\u00f3n fiable para instalaciones industriales"}]},{"@type":"WebSite","@id":"https:\/\/www.donadonsdd.com\/es\/#website","url":"https:\/\/www.donadonsdd.com\/es\/","name":"DonadonSDD Srl","description":"","publisher":{"@id":"https:\/\/www.donadonsdd.com\/es\/#organization"},"potentialAction":[{"@type":"SearchAction","target":{"@type":"EntryPoint","urlTemplate":"https:\/\/www.donadonsdd.com\/es\/?s={search_term_string}"},"query-input":{"@type":"PropertyValueSpecification","valueRequired":true,"valueName":"search_term_string"}}],"inLanguage":"es"},{"@type":"Organization","@id":"https:\/\/www.donadonsdd.com\/es\/#organization","name":"DonadonSDD Srl","url":"https:\/\/www.donadonsdd.com\/es\/","logo":{"@type":"ImageObject","inLanguage":"es","@id":"https:\/\/www.donadonsdd.com\/es\/#\/schema\/logo\/image\/","url":"https:\/\/www.donadonsdd.com\/wp-content\/uploads\/2025\/11\/donadonsdd-logo.png","contentUrl":"https:\/\/www.donadonsdd.com\/wp-content\/uploads\/2025\/11\/donadonsdd-logo.png","width":544,"height":96,"caption":"DonadonSDD Srl"},"image":{"@id":"https:\/\/www.donadonsdd.com\/es\/#\/schema\/logo\/image\/"}}]}},"toolset-meta":{"toolset-woocommerce-fields":{"_download_limit":{"type":"numeric","raw":""},"_virtual":{"type":"checkbox","raw":""},"_downloadable":{"type":"checkbox","raw":""},"_download_expiry":{"type":"numeric","raw":""},"_download_type":{"type":"radio","raw":""},"_regular_price":{"type":"numeric","raw":""},"_sale_price":{"type":"numeric","raw":""},"_sale_price_dates_from":{"type":"date","raw":"","formatted":null},"_sale_price_dates_to":{"type":"date","raw":"","formatted":null},"_sku":{"type":"textfield","raw":""},"_manage_stock":{"type":"checkbox","raw":""},"_stock_status":{"type":"radio","raw":""},"_stock":{"type":"numeric","raw":""},"_backorders":{"type":"radio","raw":""},"_sold_individually":{"type":"checkbox","raw":""},"_width":{"type":"numeric","raw":""},"_weight":{"type":"numeric","raw":""},"_length":{"type":"numeric","raw":""},"_purchase_note":{"type":"textarea","raw":""}},"infografica":{"operation-ratio":{"type":"textfield","raw":"hasta el 95"},"non-fragmenting":{"type":"textfield","raw":"s\u00ed"},"vacumm-resistant":{"type":"textfield","raw":"s\u00ed"},"sanitary":{"type":"textfield","raw":"no"},"liquid":{"type":"textfield","raw":"s\u00ed"},"vapor-gas":{"type":"textfield","raw":"s\u00ed"},"ferrules":{"type":"textfield","raw":""}},"dettagli-prodotto":{"immagini-prodotto":{"type":"image","raw":["https:\/\/www.donadonsdd.com\/wp-content\/uploads\/2025\/11\/donadon-76_result.webp","https:\/\/www.donadonsdd.com\/wp-content\/uploads\/2025\/11\/donadon-77_result.webp"],"repeatable":[{"raw":"https:\/\/www.donadonsdd.com\/wp-content\/uploads\/2025\/11\/donadon-76_result.webp","attachment_id":885},{"raw":"https:\/\/www.donadonsdd.com\/wp-content\/uploads\/2025\/11\/donadon-77_result.webp","attachment_id":6398}]},"tabella-specifiche":{"type":"wysiwyg","raw":"<p class=\"p1\">MODELO|KRD;\nMATERIALES|Acero inoxidable, Aleaci\u00f3n 201, Aleaci\u00f3n 400, Aleaci\u00f3n 600, Aleaci\u00f3n 625, Aleaci\u00f3n C276, Titanio;\nDIMENSIONES|DN 1\/2\"(15) - DN 36\"(900);\nPRESI\u00d3N DE RUPTURA|0,1 - 137 bar g (Seg\u00fan tama\u00f1o y material);\nKR L|0,48;\nTOLERANCIA|de +\/- 5 % a +\/- 20%;\nTEMPERATURA DE FUNCIONAMIENTO|Desde - 196\u00b0C hasta 600\u00b0C;\nFRAGMENTACI\u00d3N|No;\nUSO EN COMBINACI\u00d3N CON PSV|Adecuado;\nMARGEN DE FUNCIONAMIENTO|90% - Puede alcanzar hasta el 95% en funci\u00f3n de las condiciones de servicio.;\nRESISTENCIA A LA PRESI\u00d3N DE VAC\u00cdO|S\u00ed, autoportante en condiciones de vac\u00edo;\nRESISTENCIA A LA CORROSI\u00d3N|Muy buena;\nFORROS|Disponibles en PTFE y PFA;\nTITULAR| <a href=\"https:\/\/www.donadonsdd.com\/es\/producto\/hia-hra\/\">HRA<\/a>, <a href=\"https:\/\/www.donadonsdd.com\/es\/producto\/hip-hrp\/\">HRP<\/a>, <a href=\"https:\/\/www.donadonsdd.com\/es\/producto\/hif-hrf\/\">HRF<\/a>;  \nSENSOR DE RUPTURA| <a href=\"https:\/\/www.donadonsdd.com\/es\/productos\/sensores-de-ruptura\/electrico\/\">El\u00e9ctrico<\/a>, <a href=\"https:\/\/www.donadonsdd.com\/es\/productos\/sensores-de-ruptura\/magnetico\/\">Magn\u00e9tico<\/a>, <a href=\"https:\/\/www.donadonsdd.com\/es\/productos\/sensores-de-ruptura\/inductivo\/\">Inductivo<\/a>;  <\/p>"}}},"_links":{"self":[{"href":"https:\/\/www.donadonsdd.com\/es\/wp-json\/wp\/v2\/product\/6395","targetHints":{"allow":["GET"]}}],"collection":[{"href":"https:\/\/www.donadonsdd.com\/es\/wp-json\/wp\/v2\/product"}],"about":[{"href":"https:\/\/www.donadonsdd.com\/es\/wp-json\/wp\/v2\/types\/product"}],"wp:featuredmedia":[{"embeddable":true,"href":"https:\/\/www.donadonsdd.com\/es\/wp-json\/wp\/v2\/media\/10357"}],"wp:attachment":[{"href":"https:\/\/www.donadonsdd.com\/es\/wp-json\/wp\/v2\/media?parent=6395"}],"wp:term":[{"taxonomy":"categoria_prodotto","embeddable":true,"href":"https:\/\/www.donadonsdd.com\/es\/wp-json\/wp\/v2\/categoria_prodotto?post=6395"}],"curies":[{"name":"wp","href":"https:\/\/api.w.org\/{rel}","templated":true}]}}