{"id":6449,"date":"2025-12-08T01:15:20","date_gmt":"2025-12-08T00:15:20","guid":{"rendered":"https:\/\/www.donadonsdd.com\/product\/discos-de-ruptura-y90-proteccion-fiable-contra-la-presion-para-plantas-industriales\/"},"modified":"2026-03-01T02:08:55","modified_gmt":"2026-03-01T01:08:55","slug":"y90","status":"publish","type":"product","link":"https:\/\/www.donadonsdd.com\/es\/producto\/y90\/","title":{"rendered":"Discos de ruptura Y90 &#8211; Protecci\u00f3n fiable contra la presi\u00f3n para plantas industriales"},"content":{"rendered":"<p>Los discos de ruptura de acci\u00f3n inversa DonadonSDD Y90 son dispositivos de seguridad dise\u00f1ados espec\u00edficamente para ajustarse a una presi\u00f3n de ruptura muy baja, con el fin de evitar que las variaciones bruscas de presi\u00f3n da\u00f1en las plantas industriales.<br \/>\nLos discos de ruptura de acci\u00f3n inversa tienen una curvatura convexa que permanece inalterada bajo la presi\u00f3n de funcionamiento hasta que se alcanza la presi\u00f3n inversa, lo que garantiza una larga vida \u00fatil.<br \/>\nLos discos de ruptura DonadonSDD Y90 utilizan tecnolog\u00eda sectorial avanzada y proporcionan una protecci\u00f3n fiable y precisa en las aplicaciones m\u00e1s exigentes, lo que convierte a los discos de ruptura DonadonSDD Y90 en la mejor opci\u00f3n para la seguridad de tu planta.<\/p>\n<h2>Caracter\u00edsticas principales y ventajas t\u00e9cnicas<\/h2>\n<h3>Altos est\u00e1ndares de certi\ufb01caci\u00f3n:<\/h3>\n<p>Nuestros discos de ruptura Y90 han obtenido las certificaciones m\u00e1s exigentes, como PED 2014\/68\/UE (Sello CE), ATEX EX II 2 GD (Sello CE), PER 2016 UK Statutory Instruments 2016 No 1105 (Sello UKCA) y CU TR 032 (Sello EAC).<\/p>\n<h3>Tecnolog\u00eda avanzada:<\/h3>\n<p>Los discos de ruptura Y90 obtenidos mediante nuestra tecnolog\u00eda patentada Laser NS NanoScored son discos de acci\u00f3n inversa con apertura de secci\u00f3n calibrada microranurada en toda la circunferencia, lo que reduce el riesgo de desprendimiento de p\u00e9talos.<\/p>\n<h3>Rendimiento fiable:<\/h3>\n<p>Soportan miles de ciclos sin comprometer su fiabilidad, con relaciones de hasta el 95% entre la presi\u00f3n de funcionamiento y la de rotura<\/p>\n<h3>Ruptura r\u00e1pida:<\/h3>\n<p>Aunque se ajusten a una presi\u00f3n muy baja, los discos se rompen en pocos milisegundos y con apertura total a lo largo de una l\u00ednea circunferencial marcada en el lado descendente del disco.<\/p>\n<h3>Dise\u00f1o vers\u00e1til:<\/h3>\n<p>Adecuado para su uso con gases y l\u00edquidos (con presencia de un volumen m\u00ednimo de vapor libre), en condiciones c\u00edclicas y pulsantes, sin reducir los m\u00e1rgenes de seguridad.<\/p>\n<h3>Aislamiento de las V\u00e1lvulas de Seguridad de Presi\u00f3n \/ No Fragmentable:<\/h3>\n<p>\u00datil para el aislamiento de V\u00e1lvulas de Seguridad de Presi\u00f3n debido a roturas a lo largo de la l\u00ednea marcada sin generar fragmentos.<\/p>\n<h3>Amplia gama de materiales y opciones de grosor:<\/h3>\n<p>Revestimiento de PTFE o PFA (aprobado por la FDA) disponible para mayor protecci\u00f3n.<\/p>\n<h3>Resistencia a la temperatura:<\/h3>\n<p>Ideal para aplicaciones con variaciones significativas de temperatura debido a su menor sensibilidad a las fluctuaciones de temperatura.<\/p>\n<h3>Resistencia a alta presi\u00f3n\/vac\u00edo:<\/h3>\n<p>No requiere soporte de vac\u00edo, evitando restricciones en la zona de descarga; capaz de resistir altas contrapresiones. Junta t\u00f3rica disponible en los soportes para reducir las emisiones fugitivas.<\/p>\n<h2>\u00bfPor qu\u00e9 elegir los discos de ruptura DonadonSDD Y90?<\/h2>\n<ul>\n<li>  Certificado conforme a las normas industriales m\u00e1s estrictas para una seguridad m\u00e1xima.<\/li>\n<li>El rango de baja presi\u00f3n de rotura hace que el Y90 sea ideal para ofrecer limitaci\u00f3n de presi\u00f3n a equipos en los que no se exige el cumplimiento de la legislaci\u00f3n sobre equipos a presi\u00f3n.<\/li>\n<li>La tecnolog\u00eda avanzada y el rendimiento fiable garantizan una protecci\u00f3n contra la presi\u00f3n precisa y fiable.<\/li>\n<li>Su dise\u00f1o vers\u00e1til las hace adecuadas para una amplia gama de aplicaciones y condiciones.<\/li>\n<\/ul>\n","protected":false},"excerpt":{"rendered":"<p>Los discos de ruptura de acci\u00f3n inversa DonadonSDD Y90 son dispositivos de seguridad dise\u00f1ados espec\u00edficamente para ajustarse a una presi\u00f3n de ruptura muy baja, con el fin de evitar que las variaciones bruscas de presi\u00f3n da\u00f1en las plantas industriales. Los discos de ruptura de acci\u00f3n inversa tienen una curvatura convexa que permanece inalterada bajo la [&hellip;]<\/p>\n","protected":false},"featured_media":10353,"menu_order":0,"template":"","meta":{"_acf_changed":false},"categoria_prodotto":[83,86,79],"class_list":["post-6449","product","type-product","status-publish","has-post-thumbnail","hentry","categoria_prodotto-ns-nanoscored","categoria_prodotto-reverse-acting","categoria_prodotto-rupture-discs"],"acf":[],"yoast_head":"<!-- This site is optimized with the Yoast SEO plugin v27.3 - https:\/\/yoast.com\/product\/yoast-seo-wordpress\/ -->\n<title>Disco de ruptura de pandeo inverso - Y90<\/title>\n<meta name=\"description\" content=\"Disco de ruptura de acci\u00f3n inversa para servicio industrial y ciclos de presi\u00f3n. Alta precisi\u00f3n de rotura y larga vida \u00fatil, dise\u00f1ado para presiones de rotura muy bajas, hasta un 95% de coeficiente de funcionamiento, certificado PED y ATEX.\" \/>\n<meta name=\"robots\" content=\"index, follow, max-snippet:-1, max-image-preview:large, max-video-preview:-1\" \/>\n<link rel=\"canonical\" href=\"https:\/\/www.donadonsdd.com\/es\/producto\/y90\/\" \/>\n<meta property=\"og:locale\" content=\"es_ES\" \/>\n<meta property=\"og:type\" content=\"article\" \/>\n<meta property=\"og:title\" content=\"Disco de ruptura de pandeo inverso - Y90\" \/>\n<meta property=\"og:description\" content=\"Disco de ruptura de acci\u00f3n inversa para servicio industrial y ciclos de presi\u00f3n. Alta precisi\u00f3n de rotura y larga vida \u00fatil, dise\u00f1ado para presiones de rotura muy bajas, hasta un 95% de coeficiente de funcionamiento, certificado PED y ATEX.\" \/>\n<meta property=\"og:url\" content=\"https:\/\/www.donadonsdd.com\/es\/producto\/y90\/\" \/>\n<meta property=\"og:site_name\" content=\"DonadonSDD Srl\" \/>\n<meta property=\"article:modified_time\" content=\"2026-03-01T01:08:55+00:00\" \/>\n<meta property=\"og:image\" content=\"https:\/\/www.donadonsdd.com\/wp-content\/uploads\/2025\/12\/donadon-67.png\" \/>\n\t<meta property=\"og:image:width\" content=\"1800\" \/>\n\t<meta property=\"og:image:height\" content=\"1200\" \/>\n\t<meta property=\"og:image:type\" content=\"image\/png\" \/>\n<meta name=\"twitter:card\" content=\"summary_large_image\" \/>\n<meta name=\"twitter:label1\" content=\"Tiempo de lectura\" \/>\n\t<meta name=\"twitter:data1\" content=\"3 minuto\" \/>\n<script type=\"application\/ld+json\" class=\"yoast-schema-graph\">{\"@context\":\"https:\\\/\\\/schema.org\",\"@graph\":[{\"@type\":\"WebPage\",\"@id\":\"https:\\\/\\\/www.donadonsdd.com\\\/es\\\/producto\\\/y90\\\/\",\"url\":\"https:\\\/\\\/www.donadonsdd.com\\\/es\\\/producto\\\/y90\\\/\",\"name\":\"Disco de ruptura de pandeo inverso - Y90\",\"isPartOf\":{\"@id\":\"https:\\\/\\\/www.donadonsdd.com\\\/es\\\/#website\"},\"primaryImageOfPage\":{\"@id\":\"https:\\\/\\\/www.donadonsdd.com\\\/es\\\/producto\\\/y90\\\/#primaryimage\"},\"image\":{\"@id\":\"https:\\\/\\\/www.donadonsdd.com\\\/es\\\/producto\\\/y90\\\/#primaryimage\"},\"thumbnailUrl\":\"https:\\\/\\\/www.donadonsdd.com\\\/wp-content\\\/uploads\\\/2025\\\/12\\\/donadon-67.png\",\"datePublished\":\"2025-12-08T00:15:20+00:00\",\"dateModified\":\"2026-03-01T01:08:55+00:00\",\"description\":\"Disco de ruptura de acci\u00f3n inversa para servicio industrial y ciclos de presi\u00f3n. Alta precisi\u00f3n de rotura y larga vida \u00fatil, dise\u00f1ado para presiones de rotura muy bajas, hasta un 95% de coeficiente de funcionamiento, certificado PED y ATEX.\",\"breadcrumb\":{\"@id\":\"https:\\\/\\\/www.donadonsdd.com\\\/es\\\/producto\\\/y90\\\/#breadcrumb\"},\"inLanguage\":\"es\",\"potentialAction\":[{\"@type\":\"ReadAction\",\"target\":[\"https:\\\/\\\/www.donadonsdd.com\\\/es\\\/producto\\\/y90\\\/\"]}]},{\"@type\":\"ImageObject\",\"inLanguage\":\"es\",\"@id\":\"https:\\\/\\\/www.donadonsdd.com\\\/es\\\/producto\\\/y90\\\/#primaryimage\",\"url\":\"https:\\\/\\\/www.donadonsdd.com\\\/wp-content\\\/uploads\\\/2025\\\/12\\\/donadon-67.png\",\"contentUrl\":\"https:\\\/\\\/www.donadonsdd.com\\\/wp-content\\\/uploads\\\/2025\\\/12\\\/donadon-67.png\",\"width\":1800,\"height\":1200},{\"@type\":\"BreadcrumbList\",\"@id\":\"https:\\\/\\\/www.donadonsdd.com\\\/es\\\/producto\\\/y90\\\/#breadcrumb\",\"itemListElement\":[{\"@type\":\"ListItem\",\"position\":1,\"name\":\"HOMEPAGE\",\"item\":\"https:\\\/\\\/www.donadonsdd.com\\\/es\\\/\"},{\"@type\":\"ListItem\",\"position\":2,\"name\":\"Discos de ruptura Y90 &#8211; Protecci\u00f3n fiable contra la presi\u00f3n para plantas industriales\"}]},{\"@type\":\"WebSite\",\"@id\":\"https:\\\/\\\/www.donadonsdd.com\\\/es\\\/#website\",\"url\":\"https:\\\/\\\/www.donadonsdd.com\\\/es\\\/\",\"name\":\"DonadonSDD Srl\",\"description\":\"\",\"publisher\":{\"@id\":\"https:\\\/\\\/www.donadonsdd.com\\\/es\\\/#organization\"},\"potentialAction\":[{\"@type\":\"SearchAction\",\"target\":{\"@type\":\"EntryPoint\",\"urlTemplate\":\"https:\\\/\\\/www.donadonsdd.com\\\/es\\\/?s={search_term_string}\"},\"query-input\":{\"@type\":\"PropertyValueSpecification\",\"valueRequired\":true,\"valueName\":\"search_term_string\"}}],\"inLanguage\":\"es\"},{\"@type\":\"Organization\",\"@id\":\"https:\\\/\\\/www.donadonsdd.com\\\/es\\\/#organization\",\"name\":\"DonadonSDD Srl\",\"url\":\"https:\\\/\\\/www.donadonsdd.com\\\/es\\\/\",\"logo\":{\"@type\":\"ImageObject\",\"inLanguage\":\"es\",\"@id\":\"https:\\\/\\\/www.donadonsdd.com\\\/es\\\/#\\\/schema\\\/logo\\\/image\\\/\",\"url\":\"https:\\\/\\\/www.donadonsdd.com\\\/wp-content\\\/uploads\\\/2025\\\/11\\\/donadonsdd-logo.png\",\"contentUrl\":\"https:\\\/\\\/www.donadonsdd.com\\\/wp-content\\\/uploads\\\/2025\\\/11\\\/donadonsdd-logo.png\",\"width\":544,\"height\":96,\"caption\":\"DonadonSDD Srl\"},\"image\":{\"@id\":\"https:\\\/\\\/www.donadonsdd.com\\\/es\\\/#\\\/schema\\\/logo\\\/image\\\/\"}}]}<\/script>\n<!-- \/ Yoast SEO plugin. -->","yoast_head_json":{"title":"Disco de ruptura de pandeo inverso - Y90","description":"Disco de ruptura de acci\u00f3n inversa para servicio industrial y ciclos de presi\u00f3n. Alta precisi\u00f3n de rotura y larga vida \u00fatil, dise\u00f1ado para presiones de rotura muy bajas, hasta un 95% de coeficiente de funcionamiento, certificado PED y ATEX.","robots":{"index":"index","follow":"follow","max-snippet":"max-snippet:-1","max-image-preview":"max-image-preview:large","max-video-preview":"max-video-preview:-1"},"canonical":"https:\/\/www.donadonsdd.com\/es\/producto\/y90\/","og_locale":"es_ES","og_type":"article","og_title":"Disco de ruptura de pandeo inverso - Y90","og_description":"Disco de ruptura de acci\u00f3n inversa para servicio industrial y ciclos de presi\u00f3n. Alta precisi\u00f3n de rotura y larga vida \u00fatil, dise\u00f1ado para presiones de rotura muy bajas, hasta un 95% de coeficiente de funcionamiento, certificado PED y ATEX.","og_url":"https:\/\/www.donadonsdd.com\/es\/producto\/y90\/","og_site_name":"DonadonSDD Srl","article_modified_time":"2026-03-01T01:08:55+00:00","og_image":[{"width":1800,"height":1200,"url":"https:\/\/www.donadonsdd.com\/wp-content\/uploads\/2025\/12\/donadon-67.png","type":"image\/png"}],"twitter_card":"summary_large_image","twitter_misc":{"Tiempo de lectura":"3 minuto"},"schema":{"@context":"https:\/\/schema.org","@graph":[{"@type":"WebPage","@id":"https:\/\/www.donadonsdd.com\/es\/producto\/y90\/","url":"https:\/\/www.donadonsdd.com\/es\/producto\/y90\/","name":"Disco de ruptura de pandeo inverso - Y90","isPartOf":{"@id":"https:\/\/www.donadonsdd.com\/es\/#website"},"primaryImageOfPage":{"@id":"https:\/\/www.donadonsdd.com\/es\/producto\/y90\/#primaryimage"},"image":{"@id":"https:\/\/www.donadonsdd.com\/es\/producto\/y90\/#primaryimage"},"thumbnailUrl":"https:\/\/www.donadonsdd.com\/wp-content\/uploads\/2025\/12\/donadon-67.png","datePublished":"2025-12-08T00:15:20+00:00","dateModified":"2026-03-01T01:08:55+00:00","description":"Disco de ruptura de acci\u00f3n inversa para servicio industrial y ciclos de presi\u00f3n. Alta precisi\u00f3n de rotura y larga vida \u00fatil, dise\u00f1ado para presiones de rotura muy bajas, hasta un 95% de coeficiente de funcionamiento, certificado PED y ATEX.","breadcrumb":{"@id":"https:\/\/www.donadonsdd.com\/es\/producto\/y90\/#breadcrumb"},"inLanguage":"es","potentialAction":[{"@type":"ReadAction","target":["https:\/\/www.donadonsdd.com\/es\/producto\/y90\/"]}]},{"@type":"ImageObject","inLanguage":"es","@id":"https:\/\/www.donadonsdd.com\/es\/producto\/y90\/#primaryimage","url":"https:\/\/www.donadonsdd.com\/wp-content\/uploads\/2025\/12\/donadon-67.png","contentUrl":"https:\/\/www.donadonsdd.com\/wp-content\/uploads\/2025\/12\/donadon-67.png","width":1800,"height":1200},{"@type":"BreadcrumbList","@id":"https:\/\/www.donadonsdd.com\/es\/producto\/y90\/#breadcrumb","itemListElement":[{"@type":"ListItem","position":1,"name":"HOMEPAGE","item":"https:\/\/www.donadonsdd.com\/es\/"},{"@type":"ListItem","position":2,"name":"Discos de ruptura Y90 &#8211; Protecci\u00f3n fiable contra la presi\u00f3n para plantas industriales"}]},{"@type":"WebSite","@id":"https:\/\/www.donadonsdd.com\/es\/#website","url":"https:\/\/www.donadonsdd.com\/es\/","name":"DonadonSDD Srl","description":"","publisher":{"@id":"https:\/\/www.donadonsdd.com\/es\/#organization"},"potentialAction":[{"@type":"SearchAction","target":{"@type":"EntryPoint","urlTemplate":"https:\/\/www.donadonsdd.com\/es\/?s={search_term_string}"},"query-input":{"@type":"PropertyValueSpecification","valueRequired":true,"valueName":"search_term_string"}}],"inLanguage":"es"},{"@type":"Organization","@id":"https:\/\/www.donadonsdd.com\/es\/#organization","name":"DonadonSDD Srl","url":"https:\/\/www.donadonsdd.com\/es\/","logo":{"@type":"ImageObject","inLanguage":"es","@id":"https:\/\/www.donadonsdd.com\/es\/#\/schema\/logo\/image\/","url":"https:\/\/www.donadonsdd.com\/wp-content\/uploads\/2025\/11\/donadonsdd-logo.png","contentUrl":"https:\/\/www.donadonsdd.com\/wp-content\/uploads\/2025\/11\/donadonsdd-logo.png","width":544,"height":96,"caption":"DonadonSDD Srl"},"image":{"@id":"https:\/\/www.donadonsdd.com\/es\/#\/schema\/logo\/image\/"}}]}},"toolset-meta":{"toolset-woocommerce-fields":{"_download_limit":{"type":"numeric","raw":""},"_virtual":{"type":"checkbox","raw":""},"_downloadable":{"type":"checkbox","raw":""},"_download_expiry":{"type":"numeric","raw":""},"_download_type":{"type":"radio","raw":""},"_regular_price":{"type":"numeric","raw":""},"_sale_price":{"type":"numeric","raw":""},"_sale_price_dates_from":{"type":"date","raw":"","formatted":null},"_sale_price_dates_to":{"type":"date","raw":"","formatted":null},"_sku":{"type":"textfield","raw":""},"_manage_stock":{"type":"checkbox","raw":""},"_stock_status":{"type":"radio","raw":""},"_stock":{"type":"numeric","raw":""},"_backorders":{"type":"radio","raw":""},"_sold_individually":{"type":"checkbox","raw":""},"_width":{"type":"numeric","raw":""},"_weight":{"type":"numeric","raw":""},"_length":{"type":"numeric","raw":""},"_purchase_note":{"type":"textarea","raw":""}},"infografica":{"operation-ratio":{"type":"textfield","raw":"hasta el 95"},"non-fragmenting":{"type":"textfield","raw":"s\u00ed"},"vacumm-resistant":{"type":"textfield","raw":"s\u00ed"},"sanitary":{"type":"textfield","raw":"no"},"liquid":{"type":"textfield","raw":"s\u00ed, con la presencia de un volumen m\u00ednimo de vapor libre"},"vapor-gas":{"type":"textfield","raw":"s\u00ed"},"ferrules":{"type":"textfield","raw":""}},"dettagli-prodotto":{"immagini-prodotto":{"type":"image","raw":["https:\/\/www.donadonsdd.com\/wp-content\/uploads\/2025\/12\/donadon-67_result.webp","https:\/\/www.donadonsdd.com\/wp-content\/uploads\/2025\/12\/donadon-66_result.webp"],"repeatable":[{"raw":"https:\/\/www.donadonsdd.com\/wp-content\/uploads\/2025\/12\/donadon-67_result.webp","attachment_id":6451},{"raw":"https:\/\/www.donadonsdd.com\/wp-content\/uploads\/2025\/12\/donadon-66_result.webp","attachment_id":6450}]},"tabella-specifiche":{"type":"wysiwyg","raw":"<p class=\"p1\">MODELO|Y90;\nMATERIALES|Acero inoxidable, Aleaci\u00f3n 201, Aleaci\u00f3n 400, Aleaci\u00f3n 600, Aleaci\u00f3n 625, Aleaci\u00f3n C276, Titanio;\nDIMENSIONES|De DN15 (\u00bd pulgada) a DN900 (36 pulgadas);\nPRESI\u00d3N DE RUPTURA|0,1 - 80 bar g (Seg\u00fan tama\u00f1o y material);\nTOLERANCIA|de +\/- 5 % a +\/- 20%;\nTEMPERATURA DE FUNCIONAMIENTO|Desde - 196\u00b0C hasta 600\u00b0C;\nFRAGMENTACI\u00d3N|No;\nUSO EN COMBINACI\u00d3N CON PSV|Adecuado;\nMARGEN DE FUNCIONAMIENTO|90% - Puede alcanzar hasta el 95% en funci\u00f3n de las condiciones de servicio.;\nRESISTENCIA A LA PRESI\u00d3N DE VAC\u00cdO|S\u00ed, autoportante en condiciones de vac\u00edo;\nRESISTENCIA A LA CORROSI\u00d3N|Muy buena;\nFORROS|Disponibles en PTFE y PFA;\nTITULAR| <a href=\"https:\/\/www.donadonsdd.com\/es\/producto\/hia-hra\/\">HRA<\/a>, <a href=\"https:\/\/www.donadonsdd.com\/es\/producto\/hip-hrp\/\">HRP<\/a>, <a href=\"https:\/\/www.donadonsdd.com\/es\/producto\/hif-hrf\/\">HRF<\/a>;  \nSENSOR DE RUPTURA| <a href=\"https:\/\/www.donadonsdd.com\/es\/productos\/sensores-de-ruptura\/electrico\/\">El\u00e9ctrico<\/a>, <a href=\"https:\/\/www.donadonsdd.com\/es\/productos\/sensores-de-ruptura\/magnetico\/\">Magn\u00e9tico<\/a>, <a href=\"https:\/\/www.donadonsdd.com\/es\/productos\/sensores-de-ruptura\/inductivo\/\">Inductivo<\/a>;  <\/p>"}}},"_links":{"self":[{"href":"https:\/\/www.donadonsdd.com\/es\/wp-json\/wp\/v2\/product\/6449","targetHints":{"allow":["GET"]}}],"collection":[{"href":"https:\/\/www.donadonsdd.com\/es\/wp-json\/wp\/v2\/product"}],"about":[{"href":"https:\/\/www.donadonsdd.com\/es\/wp-json\/wp\/v2\/types\/product"}],"wp:featuredmedia":[{"embeddable":true,"href":"https:\/\/www.donadonsdd.com\/es\/wp-json\/wp\/v2\/media\/10353"}],"wp:attachment":[{"href":"https:\/\/www.donadonsdd.com\/es\/wp-json\/wp\/v2\/media?parent=6449"}],"wp:term":[{"taxonomy":"categoria_prodotto","embeddable":true,"href":"https:\/\/www.donadonsdd.com\/es\/wp-json\/wp\/v2\/categoria_prodotto?post=6449"}],"curies":[{"name":"wp","href":"https:\/\/api.w.org\/{rel}","templated":true}]}}