{"id":6469,"date":"2025-12-09T11:46:02","date_gmt":"2025-12-09T10:46:02","guid":{"rendered":"https:\/\/www.donadonsdd.com\/product\/discos-de-ruptura-tcd-dispositivos-de-seguridad-fiables-para-camiones-cisterna\/"},"modified":"2026-03-01T02:02:39","modified_gmt":"2026-03-01T01:02:39","slug":"tcd","status":"publish","type":"product","link":"https:\/\/www.donadonsdd.com\/es\/producto\/tcd\/","title":{"rendered":"Discos de ruptura TCD &#8211; Dispositivos de seguridad fiables para camiones cisterna"},"content":{"rendered":"<p>Los discos de ruptura de acci\u00f3n inversa KRD de DonadonSDD son dispositivos de seguridad cr\u00edticos que protegen tu planta industrial evitando aumentos bruscos de presi\u00f3n.<br \/>\nLos discos de ruptura de acci\u00f3n inversa tienen una curvatura convexa que permanece inalterada bajo presi\u00f3n de funcionamiento hasta que se alcanza la presi\u00f3n inversa, lo que garantiza una larga vida \u00fatil.<br \/>\nLos discos de ruptura DonadonSDD KRD incorporan la tecnolog\u00eda sectorial m\u00e1s avanzada y proporcionan una protecci\u00f3n fiable y precisa en las aplicaciones m\u00e1s exigentes, lo que convierte a los discos de ruptura DonadonSDD KRD en la mejor elecci\u00f3n para la seguridad de tu planta.<br \/>\nSu dise\u00f1o espec\u00ed\ufb01co hace que el KRD sea ideal para o\ufb00er protecci\u00f3n contra la presi\u00f3n a equipos en los que hay l\u00edquido \ufb02uido.<\/p>\n<h2>Caracter\u00edsticas principales y ventajas t\u00e9cnicas<\/h2>\n<h3>Altos est\u00e1ndares de certi\ufb01caci\u00f3n:<\/h3>\n<p>Nuestros discos de ruptura TCD est\u00e1n certificados para cumplir las normas internacionales m\u00e1s exigentes, como PED 2014\/68\/UE (Sello CE), ATEX EX II 2 GD (Sello CE), PER 2016 UK Statutory Instruments 2016 No 1105 (Sello UKCA) y CU TR 032 (Sello EAC).<\/p>\n<h3>T\u00e9cnica:<\/h3>\n<p>Compuesto por una pieza met\u00e1lica ranurada y perforada, una membrana de estanqueidad (normalmente de PTFE o PFA), una secci\u00f3n de protecci\u00f3n y un anillo de calibraci\u00f3n.<\/p>\n<h3>Aplicaciones:<\/h3>\n<p>Dise\u00f1ado para ser montado en camiones cisterna o vagones cisterna que contengan l\u00edquidos y gas en condiciones est\u00e1ticas, c\u00edclicas y pulsantes.<\/p>\n<h3>Sin fragmentaci\u00f3n:<\/h3>\n<p>Responde a la presi\u00f3n excesiva con una apertura total en milisegundos sin fragmentaci\u00f3n de las capas met\u00e1licas.<\/p>\n<h2>\u00bfPor qu\u00e9 elegir los discos de ruptura DonadonSDD TCD?<\/h2>\n<ul>\n<li>  Los discos de ruptura DonadonSDD TCD est\u00e1n dise\u00f1ados espec\u00edficamente para montarse en cisternas que contengan l\u00edquidos y gas en condiciones est\u00e1ticas, c\u00edclicas y pulsantes, lo que los hace muy vers\u00e1tiles.<\/li>\n<li>Los discos responden r\u00e1pidamente a la presi\u00f3n excesiva, evitando da\u00f1os a tu cami\u00f3n cisterna.<\/li>\n<li>Resistencia al vac\u00edo: se pueden proporcionar soportes adicionales para la protecci\u00f3n contra el vac\u00edo o la contrapresi\u00f3n.<\/li>\n<\/ul>\n","protected":false},"excerpt":{"rendered":"<p>Los discos de ruptura de acci\u00f3n inversa KRD de DonadonSDD son dispositivos de seguridad cr\u00edticos que protegen tu planta industrial evitando aumentos bruscos de presi\u00f3n. Los discos de ruptura de acci\u00f3n inversa tienen una curvatura convexa que permanece inalterada bajo presi\u00f3n de funcionamiento hasta que se alcanza la presi\u00f3n inversa, lo que garantiza una larga [&hellip;]<\/p>\n","protected":false},"featured_media":10345,"menu_order":0,"template":"","meta":{"_acf_changed":false},"categoria_prodotto":[85,79],"class_list":["post-6469","product","type-product","status-publish","has-post-thumbnail","hentry","categoria_prodotto-forward-acting","categoria_prodotto-rupture-discs"],"acf":[],"yoast_head":"<!-- This site is optimized with the Yoast SEO plugin v27.3 - https:\/\/yoast.com\/product\/yoast-seo-wordpress\/ -->\n<title>Disco de ruptura de material compuesto para vagones cisterna y camiones cisterna - TCD<\/title>\n<meta name=\"description\" content=\"Disco de ruptura de material compuesto para aplicaciones de transporte por carretera y ferrocarril. Adecuado para vagones cisterna, vagones de ferrocarril y camiones cisterna, dise\u00f1ado para servicio c\u00edclico en servicio de gases y l\u00edquidos.\" \/>\n<meta name=\"robots\" content=\"index, follow, max-snippet:-1, max-image-preview:large, max-video-preview:-1\" \/>\n<link rel=\"canonical\" href=\"https:\/\/www.donadonsdd.com\/es\/producto\/tcd\/\" \/>\n<meta property=\"og:locale\" content=\"es_ES\" \/>\n<meta property=\"og:type\" content=\"article\" \/>\n<meta property=\"og:title\" content=\"Disco de ruptura de material compuesto para vagones cisterna y camiones cisterna - TCD\" \/>\n<meta property=\"og:description\" content=\"Disco de ruptura de material compuesto para aplicaciones de transporte por carretera y ferrocarril. Adecuado para vagones cisterna, vagones de ferrocarril y camiones cisterna, dise\u00f1ado para servicio c\u00edclico en servicio de gases y l\u00edquidos.\" \/>\n<meta property=\"og:url\" content=\"https:\/\/www.donadonsdd.com\/es\/producto\/tcd\/\" \/>\n<meta property=\"og:site_name\" content=\"DonadonSDD Srl\" \/>\n<meta property=\"article:modified_time\" content=\"2026-03-01T01:02:39+00:00\" \/>\n<meta property=\"og:image\" content=\"https:\/\/www.donadonsdd.com\/wp-content\/uploads\/2025\/12\/donadon-74.png\" \/>\n\t<meta property=\"og:image:width\" content=\"1800\" \/>\n\t<meta property=\"og:image:height\" content=\"1201\" \/>\n\t<meta property=\"og:image:type\" content=\"image\/png\" \/>\n<meta name=\"twitter:card\" content=\"summary_large_image\" \/>\n<meta name=\"twitter:label1\" content=\"Tiempo de lectura\" \/>\n\t<meta name=\"twitter:data1\" content=\"2 minuto\" \/>\n<script type=\"application\/ld+json\" class=\"yoast-schema-graph\">{\"@context\":\"https:\\\/\\\/schema.org\",\"@graph\":[{\"@type\":\"WebPage\",\"@id\":\"https:\\\/\\\/www.donadonsdd.com\\\/es\\\/producto\\\/tcd\\\/\",\"url\":\"https:\\\/\\\/www.donadonsdd.com\\\/es\\\/producto\\\/tcd\\\/\",\"name\":\"Disco de ruptura de material compuesto para vagones cisterna y camiones cisterna - TCD\",\"isPartOf\":{\"@id\":\"https:\\\/\\\/www.donadonsdd.com\\\/es\\\/#website\"},\"primaryImageOfPage\":{\"@id\":\"https:\\\/\\\/www.donadonsdd.com\\\/es\\\/producto\\\/tcd\\\/#primaryimage\"},\"image\":{\"@id\":\"https:\\\/\\\/www.donadonsdd.com\\\/es\\\/producto\\\/tcd\\\/#primaryimage\"},\"thumbnailUrl\":\"https:\\\/\\\/www.donadonsdd.com\\\/wp-content\\\/uploads\\\/2025\\\/12\\\/donadon-74.png\",\"datePublished\":\"2025-12-09T10:46:02+00:00\",\"dateModified\":\"2026-03-01T01:02:39+00:00\",\"description\":\"Disco de ruptura de material compuesto para aplicaciones de transporte por carretera y ferrocarril. Adecuado para vagones cisterna, vagones de ferrocarril y camiones cisterna, dise\u00f1ado para servicio c\u00edclico en servicio de gases y l\u00edquidos.\",\"breadcrumb\":{\"@id\":\"https:\\\/\\\/www.donadonsdd.com\\\/es\\\/producto\\\/tcd\\\/#breadcrumb\"},\"inLanguage\":\"es\",\"potentialAction\":[{\"@type\":\"ReadAction\",\"target\":[\"https:\\\/\\\/www.donadonsdd.com\\\/es\\\/producto\\\/tcd\\\/\"]}]},{\"@type\":\"ImageObject\",\"inLanguage\":\"es\",\"@id\":\"https:\\\/\\\/www.donadonsdd.com\\\/es\\\/producto\\\/tcd\\\/#primaryimage\",\"url\":\"https:\\\/\\\/www.donadonsdd.com\\\/wp-content\\\/uploads\\\/2025\\\/12\\\/donadon-74.png\",\"contentUrl\":\"https:\\\/\\\/www.donadonsdd.com\\\/wp-content\\\/uploads\\\/2025\\\/12\\\/donadon-74.png\",\"width\":1800,\"height\":1201},{\"@type\":\"BreadcrumbList\",\"@id\":\"https:\\\/\\\/www.donadonsdd.com\\\/es\\\/producto\\\/tcd\\\/#breadcrumb\",\"itemListElement\":[{\"@type\":\"ListItem\",\"position\":1,\"name\":\"HOMEPAGE\",\"item\":\"https:\\\/\\\/www.donadonsdd.com\\\/es\\\/\"},{\"@type\":\"ListItem\",\"position\":2,\"name\":\"Discos de ruptura TCD &#8211; Dispositivos de seguridad fiables para camiones cisterna\"}]},{\"@type\":\"WebSite\",\"@id\":\"https:\\\/\\\/www.donadonsdd.com\\\/es\\\/#website\",\"url\":\"https:\\\/\\\/www.donadonsdd.com\\\/es\\\/\",\"name\":\"DonadonSDD Srl\",\"description\":\"\",\"publisher\":{\"@id\":\"https:\\\/\\\/www.donadonsdd.com\\\/es\\\/#organization\"},\"potentialAction\":[{\"@type\":\"SearchAction\",\"target\":{\"@type\":\"EntryPoint\",\"urlTemplate\":\"https:\\\/\\\/www.donadonsdd.com\\\/es\\\/?s={search_term_string}\"},\"query-input\":{\"@type\":\"PropertyValueSpecification\",\"valueRequired\":true,\"valueName\":\"search_term_string\"}}],\"inLanguage\":\"es\"},{\"@type\":\"Organization\",\"@id\":\"https:\\\/\\\/www.donadonsdd.com\\\/es\\\/#organization\",\"name\":\"DonadonSDD Srl\",\"url\":\"https:\\\/\\\/www.donadonsdd.com\\\/es\\\/\",\"logo\":{\"@type\":\"ImageObject\",\"inLanguage\":\"es\",\"@id\":\"https:\\\/\\\/www.donadonsdd.com\\\/es\\\/#\\\/schema\\\/logo\\\/image\\\/\",\"url\":\"https:\\\/\\\/www.donadonsdd.com\\\/wp-content\\\/uploads\\\/2025\\\/11\\\/donadonsdd-logo.png\",\"contentUrl\":\"https:\\\/\\\/www.donadonsdd.com\\\/wp-content\\\/uploads\\\/2025\\\/11\\\/donadonsdd-logo.png\",\"width\":544,\"height\":96,\"caption\":\"DonadonSDD Srl\"},\"image\":{\"@id\":\"https:\\\/\\\/www.donadonsdd.com\\\/es\\\/#\\\/schema\\\/logo\\\/image\\\/\"}}]}<\/script>\n<!-- \/ Yoast SEO plugin. -->","yoast_head_json":{"title":"Disco de ruptura de material compuesto para vagones cisterna y camiones cisterna - TCD","description":"Disco de ruptura de material compuesto para aplicaciones de transporte por carretera y ferrocarril. Adecuado para vagones cisterna, vagones de ferrocarril y camiones cisterna, dise\u00f1ado para servicio c\u00edclico en servicio de gases y l\u00edquidos.","robots":{"index":"index","follow":"follow","max-snippet":"max-snippet:-1","max-image-preview":"max-image-preview:large","max-video-preview":"max-video-preview:-1"},"canonical":"https:\/\/www.donadonsdd.com\/es\/producto\/tcd\/","og_locale":"es_ES","og_type":"article","og_title":"Disco de ruptura de material compuesto para vagones cisterna y camiones cisterna - TCD","og_description":"Disco de ruptura de material compuesto para aplicaciones de transporte por carretera y ferrocarril. Adecuado para vagones cisterna, vagones de ferrocarril y camiones cisterna, dise\u00f1ado para servicio c\u00edclico en servicio de gases y l\u00edquidos.","og_url":"https:\/\/www.donadonsdd.com\/es\/producto\/tcd\/","og_site_name":"DonadonSDD Srl","article_modified_time":"2026-03-01T01:02:39+00:00","og_image":[{"width":1800,"height":1201,"url":"https:\/\/www.donadonsdd.com\/wp-content\/uploads\/2025\/12\/donadon-74.png","type":"image\/png"}],"twitter_card":"summary_large_image","twitter_misc":{"Tiempo de lectura":"2 minuto"},"schema":{"@context":"https:\/\/schema.org","@graph":[{"@type":"WebPage","@id":"https:\/\/www.donadonsdd.com\/es\/producto\/tcd\/","url":"https:\/\/www.donadonsdd.com\/es\/producto\/tcd\/","name":"Disco de ruptura de material compuesto para vagones cisterna y camiones cisterna - TCD","isPartOf":{"@id":"https:\/\/www.donadonsdd.com\/es\/#website"},"primaryImageOfPage":{"@id":"https:\/\/www.donadonsdd.com\/es\/producto\/tcd\/#primaryimage"},"image":{"@id":"https:\/\/www.donadonsdd.com\/es\/producto\/tcd\/#primaryimage"},"thumbnailUrl":"https:\/\/www.donadonsdd.com\/wp-content\/uploads\/2025\/12\/donadon-74.png","datePublished":"2025-12-09T10:46:02+00:00","dateModified":"2026-03-01T01:02:39+00:00","description":"Disco de ruptura de material compuesto para aplicaciones de transporte por carretera y ferrocarril. Adecuado para vagones cisterna, vagones de ferrocarril y camiones cisterna, dise\u00f1ado para servicio c\u00edclico en servicio de gases y l\u00edquidos.","breadcrumb":{"@id":"https:\/\/www.donadonsdd.com\/es\/producto\/tcd\/#breadcrumb"},"inLanguage":"es","potentialAction":[{"@type":"ReadAction","target":["https:\/\/www.donadonsdd.com\/es\/producto\/tcd\/"]}]},{"@type":"ImageObject","inLanguage":"es","@id":"https:\/\/www.donadonsdd.com\/es\/producto\/tcd\/#primaryimage","url":"https:\/\/www.donadonsdd.com\/wp-content\/uploads\/2025\/12\/donadon-74.png","contentUrl":"https:\/\/www.donadonsdd.com\/wp-content\/uploads\/2025\/12\/donadon-74.png","width":1800,"height":1201},{"@type":"BreadcrumbList","@id":"https:\/\/www.donadonsdd.com\/es\/producto\/tcd\/#breadcrumb","itemListElement":[{"@type":"ListItem","position":1,"name":"HOMEPAGE","item":"https:\/\/www.donadonsdd.com\/es\/"},{"@type":"ListItem","position":2,"name":"Discos de ruptura TCD &#8211; Dispositivos de seguridad fiables para camiones cisterna"}]},{"@type":"WebSite","@id":"https:\/\/www.donadonsdd.com\/es\/#website","url":"https:\/\/www.donadonsdd.com\/es\/","name":"DonadonSDD Srl","description":"","publisher":{"@id":"https:\/\/www.donadonsdd.com\/es\/#organization"},"potentialAction":[{"@type":"SearchAction","target":{"@type":"EntryPoint","urlTemplate":"https:\/\/www.donadonsdd.com\/es\/?s={search_term_string}"},"query-input":{"@type":"PropertyValueSpecification","valueRequired":true,"valueName":"search_term_string"}}],"inLanguage":"es"},{"@type":"Organization","@id":"https:\/\/www.donadonsdd.com\/es\/#organization","name":"DonadonSDD Srl","url":"https:\/\/www.donadonsdd.com\/es\/","logo":{"@type":"ImageObject","inLanguage":"es","@id":"https:\/\/www.donadonsdd.com\/es\/#\/schema\/logo\/image\/","url":"https:\/\/www.donadonsdd.com\/wp-content\/uploads\/2025\/11\/donadonsdd-logo.png","contentUrl":"https:\/\/www.donadonsdd.com\/wp-content\/uploads\/2025\/11\/donadonsdd-logo.png","width":544,"height":96,"caption":"DonadonSDD Srl"},"image":{"@id":"https:\/\/www.donadonsdd.com\/es\/#\/schema\/logo\/image\/"}}]}},"toolset-meta":{"toolset-woocommerce-fields":{"_download_limit":{"type":"numeric","raw":""},"_virtual":{"type":"checkbox","raw":""},"_downloadable":{"type":"checkbox","raw":""},"_download_expiry":{"type":"numeric","raw":""},"_download_type":{"type":"radio","raw":""},"_regular_price":{"type":"numeric","raw":""},"_sale_price":{"type":"numeric","raw":""},"_sale_price_dates_from":{"type":"date","raw":"","formatted":null},"_sale_price_dates_to":{"type":"date","raw":"","formatted":null},"_sku":{"type":"textfield","raw":""},"_manage_stock":{"type":"checkbox","raw":""},"_stock_status":{"type":"radio","raw":""},"_stock":{"type":"numeric","raw":""},"_backorders":{"type":"radio","raw":""},"_sold_individually":{"type":"checkbox","raw":""},"_width":{"type":"numeric","raw":""},"_weight":{"type":"numeric","raw":""},"_length":{"type":"numeric","raw":""},"_purchase_note":{"type":"textarea","raw":""}},"infografica":{"operation-ratio":{"type":"textfield","raw":"hasta el 80"},"non-fragmenting":{"type":"textfield","raw":"s\u00ed (s\u00f3lo membrana)"},"vacumm-resistant":{"type":"textfield","raw":"s\u00ed, se necesita soporte de vac\u00edo"},"sanitary":{"type":"textfield","raw":"no"},"liquid":{"type":"textfield","raw":"s\u00ed"},"vapor-gas":{"type":"textfield","raw":"s\u00ed"},"ferrules":{"type":"textfield","raw":""}},"dettagli-prodotto":{"immagini-prodotto":{"type":"image","raw":["https:\/\/www.donadonsdd.com\/wp-content\/uploads\/2025\/12\/donadon-74_result.webp","https:\/\/www.donadonsdd.com\/wp-content\/uploads\/2025\/12\/donadon-75_result.webp"],"repeatable":[{"raw":"https:\/\/www.donadonsdd.com\/wp-content\/uploads\/2025\/12\/donadon-74_result.webp","attachment_id":6472},{"raw":"https:\/\/www.donadonsdd.com\/wp-content\/uploads\/2025\/12\/donadon-75_result.webp","attachment_id":6474}]},"tabella-specifiche":{"type":"wysiwyg","raw":"<p class=\"p1\">MODELO|TCD;\nMATERIALES|Acero inoxidable;\nMEMBRANA DE SELLADO|Disponible en PTFE o PFA;\nDIMENSIONES|De DN50 (2 pulgadas) a DN80 (3 pulgadas);\nPRESI\u00d3N DE RUPTURA|0,45 - 8 bar g (Seg\u00fan tama\u00f1o y material);\nTOLERANCIA|de +\/- 5 % a +\/- 10%;\nTEMPERATURA DE FUNCIONAMIENTO|m\u00e1x 260\u00b0C (membrana en PTFE o PFA);\nFRAGMENTACI\u00d3N|No (s\u00f3lo membrana);\nMARGEN OPERATIVO|Puede llegar hasta el 80% seg\u00fan las condiciones de servicio.;\nRESISTENCIA A LA PRESI\u00d3N DE VAC\u00cdO|S\u00ed, se necesita soporte de vac\u00edo;\nRESISTENCIA A LA CORROSI\u00d3N|Muy buena;\nFORROS|Disponibles en PTFE y PFA;\nINSTALACI\u00d3N|Directamente entre bridas;\nSENSOR DE ROTURA|<a href=\"https:\/\/www.donadonsdd.com\/es\/productos\/sensores-de-ruptura\/electrico\/\">El\u00e9ctrico<\/a>, <a href=\"https:\/\/www.donadonsdd.com\/es\/productos\/sensores-de-ruptura\/magnetico\/\">Magn\u00e9tico<\/a>, <a href=\"https:\/\/www.donadonsdd.com\/es\/productos\/sensores-de-ruptura\/inductivo\/\">Inductivo<\/a>, <a href=\"https:\/\/www.donadonsdd.com\/es\/productos\/sensores-de-ruptura\/fibra-optica\/\">\u00d3ptica<\/a>;<\/p>"}}},"_links":{"self":[{"href":"https:\/\/www.donadonsdd.com\/es\/wp-json\/wp\/v2\/product\/6469","targetHints":{"allow":["GET"]}}],"collection":[{"href":"https:\/\/www.donadonsdd.com\/es\/wp-json\/wp\/v2\/product"}],"about":[{"href":"https:\/\/www.donadonsdd.com\/es\/wp-json\/wp\/v2\/types\/product"}],"wp:featuredmedia":[{"embeddable":true,"href":"https:\/\/www.donadonsdd.com\/es\/wp-json\/wp\/v2\/media\/10345"}],"wp:attachment":[{"href":"https:\/\/www.donadonsdd.com\/es\/wp-json\/wp\/v2\/media?parent=6469"}],"wp:term":[{"taxonomy":"categoria_prodotto","embeddable":true,"href":"https:\/\/www.donadonsdd.com\/es\/wp-json\/wp\/v2\/categoria_prodotto?post=6469"}],"curies":[{"name":"wp","href":"https:\/\/api.w.org\/{rel}","templated":true}]}}