{"id":6508,"date":"2025-12-10T00:25:58","date_gmt":"2025-12-09T23:25:58","guid":{"rendered":"https:\/\/www.donadonsdd.com\/product\/discos-de-ruptura-sanitarios-scr-proteccion-avanzada-contra-la-presion-para-industrias-higienicas\/"},"modified":"2026-03-01T01:58:38","modified_gmt":"2026-03-01T00:58:38","slug":"scr-sanitary","status":"publish","type":"product","link":"https:\/\/www.donadonsdd.com\/es\/producto\/scr-sanitary\/","title":{"rendered":"Discos de ruptura sanitarios SCR &#8211; Protecci\u00f3n avanzada contra la presi\u00f3n para industrias higi\u00e9nicas"},"content":{"rendered":"<p>Los discos de ruptura de acci\u00f3n inversa SCR de DonadonSDD son dispositivos de seguridad esenciales que evitan que las variaciones bruscas de presi\u00f3n da\u00f1en las plantas industriales.<br \/>\nLos discos de ruptura de acci\u00f3n inversa tienen una curvatura convexa que permanece inalterada bajo presi\u00f3n de funcionamiento hasta que se alcanza la presi\u00f3n inversa, lo que puede garantizar una larga vida \u00fatil.<br \/>\nLos discos de ruptura SCR de DonadonSDD utilizan tecnolog\u00eda sectorial avanzada y proporcionan un rendimiento y una fiabilidad mejorados para ofrecer una protecci\u00f3n precisa en las aplicaciones de mayor riesgo, lo que convierte a los discos de ruptura SCR de DonadonSDD en la mejor opci\u00f3n para la seguridad de tu planta.<\/p>\n<h2>Caracter\u00edsticas principales y ventajas t\u00e9cnicas<\/h2>\n<h3>Aplicaciones higi\u00e9nicas:<\/h3>\n<p>Dise\u00f1ado para cumplir las normas de alta calidad exigidas por 3-A SSI, GMP y MOCA para garantizar la salud p\u00fablica mediante equipos higi\u00e9nicos.<\/p>\n<h3>Superficie lisa:<\/h3>\n<p>Acabado superficial liso (0,2&lt;Ra&lt;0,4 micras) lo hace especialmente adecuado para los tratamientos C.I.P. y S.I.P. para mantener las condiciones as\u00e9pticas.<\/p>\n<h3>Juntas certificadas por la FDA:<\/h3>\n<p>Juntas de PTFE certificadas de conformidad con las normativas FDA y USP clase VI, 3-A, y Eu 10\/2011 para facilitar la instalaci\u00f3n en accesorios Clamp (sanitarios, Tri-Clamp, Conexi\u00f3n a Tanque).<\/p>\n<h3>Altos est\u00e1ndares de certificaci\u00f3n:<\/h3>\n<p>Nuestros discos SCR est\u00e1n certificados conforme a las normas m\u00e1s exigentes, como ASME XIII (Sello UD), PED 2014\/68\/UE (Sello CE), ATEX EX II 2 GD (Sello CE), PER 2016 UK Statutory Instruments 2016 No 1105 (Sello UKCA), CU TR 032 (Sello EAC).<\/p>\n<h3>Tecnolog\u00eda avanzada:<\/h3>\n<p>Los discos de ruptura SCR obtenidos mediante nuestra tecnolog\u00eda patentada Laser NS NanoScored son discos de acci\u00f3n inversa con secciones calibradas microranuradas que se abren en p\u00e9talos, lo que reduce el riesgo de desprendimiento de p\u00e9talos.<\/p>\n<h3>Amplia gama de materiales y opciones de grosor:<\/h3>\n<p>Revestimiento de PTFE o PFA (aprobado por la FDA) disponible para mayor protecci\u00f3n.<\/p>\n<h3>Rendimiento fiable:<\/h3>\n<p>Soportan miles de ciclos sin comprometer su fiabilidad, con relaciones de hasta el 95% entre la presi\u00f3n de funcionamiento y la de rotura.<\/p>\n<h3>Ruptura r\u00e1pida no fragmentaria:<\/h3>\n<p>El disco se abre completamente en unos milisegundos a lo largo de las l\u00edneas de p\u00e9talos marcadas en la parte inferior del disco, evitando as\u00ed que se forme una fragmentaci\u00f3n.<\/p>\n<h3>Dise\u00f1o vers\u00e1til:<\/h3>\n<p>Adecuado tanto para presiones de rotura altas como bajas; puede utilizarse con gases y l\u00edquidos (con presencia de un volumen m\u00ednimo de vapor libre), en condiciones c\u00edclicas y pulsantes sin reducci\u00f3n de los m\u00e1rgenes de seguridad.<\/p>\n<h3>Resistente a la alta presi\u00f3n y al vac\u00edo:<\/h3>\n<p>No requiere soporte de vac\u00edo, evitando restricciones en la zona de descarga; capaz de resistir altas contrapresiones.<\/p>\n<h2>\u00bfPor qu\u00e9 elegir los discos de ruptura DonadonSDD SCR?<\/h2>\n<ul>\n<li>Certificados seg\u00fan las normas m\u00e1s exigentes, que garantizan el m\u00e1ximo rendimiento y fiabilidad.<\/li>\n<li>Dise\u00f1o de vanguardia: Especialmente adecuado para las industrias Farmac\u00e9utica, Alimentaria y Biotecnol\u00f3gica, y representa lo m\u00e1s avanzado para estos sectores.<\/li>\n<li>Fabricado con materiales de alta calidad para una mayor durabilidad y condiciones as\u00e9pticas.<\/li>\n<li>F\u00e1cil instalaci\u00f3n con juntas de PTFE certificadas.<\/li>\n<li>Krg (p\u00e9rdida de carga por velocidad certificada por ASME) = 0,48, una de las m\u00e1s bajas del mercado.<\/li>\n<\/ul>\n","protected":false},"excerpt":{"rendered":"<p>Los discos de ruptura de acci\u00f3n inversa SCR de DonadonSDD son dispositivos de seguridad esenciales que evitan que las variaciones bruscas de presi\u00f3n da\u00f1en las plantas industriales. Los discos de ruptura de acci\u00f3n inversa tienen una curvatura convexa que permanece inalterada bajo presi\u00f3n de funcionamiento hasta que se alcanza la presi\u00f3n inversa, lo que puede [&hellip;]<\/p>\n","protected":false},"featured_media":6512,"menu_order":0,"template":"","meta":{"_acf_changed":false},"categoria_prodotto":[86,79,84],"class_list":["post-6508","product","type-product","status-publish","has-post-thumbnail","hentry","categoria_prodotto-reverse-acting","categoria_prodotto-rupture-discs","categoria_prodotto-sanitary"],"acf":[],"yoast_head":"<!-- This site is optimized with the Yoast SEO plugin v27.3 - https:\/\/yoast.com\/product\/yoast-seo-wordpress\/ -->\n<title>Disco de ruptura de pandeo inverso sanitario - SCR<\/title>\n<meta name=\"description\" content=\"Disco de ruptura sanitario de acci\u00f3n inversa para procesos higi\u00e9nicos. Presi\u00f3n de rotura fiable y alta resistencia a los ciclos, conforme a ASME y PED, certificado 3-A, fabricado seg\u00fan procesos controlados por GMP y con materiales que cumplen los requisitos de MOCA.\" \/>\n<meta name=\"robots\" content=\"index, follow, max-snippet:-1, max-image-preview:large, max-video-preview:-1\" \/>\n<link rel=\"canonical\" href=\"https:\/\/www.donadonsdd.com\/es\/producto\/scr-sanitary\/\" \/>\n<meta property=\"og:locale\" content=\"es_ES\" \/>\n<meta property=\"og:type\" content=\"article\" \/>\n<meta property=\"og:title\" content=\"Disco de ruptura de pandeo inverso sanitario - SCR\" \/>\n<meta property=\"og:description\" content=\"Disco de ruptura sanitario de acci\u00f3n inversa para procesos higi\u00e9nicos. Presi\u00f3n de rotura fiable y alta resistencia a los ciclos, conforme a ASME y PED, certificado 3-A, fabricado seg\u00fan procesos controlados por GMP y con materiales que cumplen los requisitos de MOCA.\" \/>\n<meta property=\"og:url\" content=\"https:\/\/www.donadonsdd.com\/es\/producto\/scr-sanitary\/\" \/>\n<meta property=\"og:site_name\" content=\"DonadonSDD Srl\" \/>\n<meta property=\"article:modified_time\" content=\"2026-03-01T00:58:38+00:00\" \/>\n<meta property=\"og:image\" content=\"https:\/\/www.donadonsdd.com\/wp-content\/uploads\/2025\/12\/donadon-4-e1766346878480.png\" \/>\n\t<meta property=\"og:image:width\" content=\"1218\" \/>\n\t<meta property=\"og:image:height\" content=\"812\" \/>\n\t<meta property=\"og:image:type\" content=\"image\/png\" \/>\n<meta name=\"twitter:card\" content=\"summary_large_image\" \/>\n<meta name=\"twitter:label1\" content=\"Tiempo de lectura\" \/>\n\t<meta name=\"twitter:data1\" content=\"3 minuto\" \/>\n<script type=\"application\/ld+json\" class=\"yoast-schema-graph\">{\"@context\":\"https:\\\/\\\/schema.org\",\"@graph\":[{\"@type\":\"WebPage\",\"@id\":\"https:\\\/\\\/www.donadonsdd.com\\\/es\\\/producto\\\/scr-sanitary\\\/\",\"url\":\"https:\\\/\\\/www.donadonsdd.com\\\/es\\\/producto\\\/scr-sanitary\\\/\",\"name\":\"Disco de ruptura de pandeo inverso sanitario - SCR\",\"isPartOf\":{\"@id\":\"https:\\\/\\\/www.donadonsdd.com\\\/es\\\/#website\"},\"primaryImageOfPage\":{\"@id\":\"https:\\\/\\\/www.donadonsdd.com\\\/es\\\/producto\\\/scr-sanitary\\\/#primaryimage\"},\"image\":{\"@id\":\"https:\\\/\\\/www.donadonsdd.com\\\/es\\\/producto\\\/scr-sanitary\\\/#primaryimage\"},\"thumbnailUrl\":\"https:\\\/\\\/www.donadonsdd.com\\\/wp-content\\\/uploads\\\/2025\\\/12\\\/donadon-4-e1766346878480.png\",\"datePublished\":\"2025-12-09T23:25:58+00:00\",\"dateModified\":\"2026-03-01T00:58:38+00:00\",\"description\":\"Disco de ruptura sanitario de acci\u00f3n inversa para procesos higi\u00e9nicos. Presi\u00f3n de rotura fiable y alta resistencia a los ciclos, conforme a ASME y PED, certificado 3-A, fabricado seg\u00fan procesos controlados por GMP y con materiales que cumplen los requisitos de MOCA.\",\"breadcrumb\":{\"@id\":\"https:\\\/\\\/www.donadonsdd.com\\\/es\\\/producto\\\/scr-sanitary\\\/#breadcrumb\"},\"inLanguage\":\"es\",\"potentialAction\":[{\"@type\":\"ReadAction\",\"target\":[\"https:\\\/\\\/www.donadonsdd.com\\\/es\\\/producto\\\/scr-sanitary\\\/\"]}]},{\"@type\":\"ImageObject\",\"inLanguage\":\"es\",\"@id\":\"https:\\\/\\\/www.donadonsdd.com\\\/es\\\/producto\\\/scr-sanitary\\\/#primaryimage\",\"url\":\"https:\\\/\\\/www.donadonsdd.com\\\/wp-content\\\/uploads\\\/2025\\\/12\\\/donadon-4-e1766346878480.png\",\"contentUrl\":\"https:\\\/\\\/www.donadonsdd.com\\\/wp-content\\\/uploads\\\/2025\\\/12\\\/donadon-4-e1766346878480.png\",\"width\":1218,\"height\":812},{\"@type\":\"BreadcrumbList\",\"@id\":\"https:\\\/\\\/www.donadonsdd.com\\\/es\\\/producto\\\/scr-sanitary\\\/#breadcrumb\",\"itemListElement\":[{\"@type\":\"ListItem\",\"position\":1,\"name\":\"HOMEPAGE\",\"item\":\"https:\\\/\\\/www.donadonsdd.com\\\/es\\\/\"},{\"@type\":\"ListItem\",\"position\":2,\"name\":\"Discos de ruptura sanitarios SCR &#8211; Protecci\u00f3n avanzada contra la presi\u00f3n para industrias higi\u00e9nicas\"}]},{\"@type\":\"WebSite\",\"@id\":\"https:\\\/\\\/www.donadonsdd.com\\\/es\\\/#website\",\"url\":\"https:\\\/\\\/www.donadonsdd.com\\\/es\\\/\",\"name\":\"DonadonSDD Srl\",\"description\":\"\",\"publisher\":{\"@id\":\"https:\\\/\\\/www.donadonsdd.com\\\/es\\\/#organization\"},\"potentialAction\":[{\"@type\":\"SearchAction\",\"target\":{\"@type\":\"EntryPoint\",\"urlTemplate\":\"https:\\\/\\\/www.donadonsdd.com\\\/es\\\/?s={search_term_string}\"},\"query-input\":{\"@type\":\"PropertyValueSpecification\",\"valueRequired\":true,\"valueName\":\"search_term_string\"}}],\"inLanguage\":\"es\"},{\"@type\":\"Organization\",\"@id\":\"https:\\\/\\\/www.donadonsdd.com\\\/es\\\/#organization\",\"name\":\"DonadonSDD Srl\",\"url\":\"https:\\\/\\\/www.donadonsdd.com\\\/es\\\/\",\"logo\":{\"@type\":\"ImageObject\",\"inLanguage\":\"es\",\"@id\":\"https:\\\/\\\/www.donadonsdd.com\\\/es\\\/#\\\/schema\\\/logo\\\/image\\\/\",\"url\":\"https:\\\/\\\/www.donadonsdd.com\\\/wp-content\\\/uploads\\\/2025\\\/11\\\/donadonsdd-logo.png\",\"contentUrl\":\"https:\\\/\\\/www.donadonsdd.com\\\/wp-content\\\/uploads\\\/2025\\\/11\\\/donadonsdd-logo.png\",\"width\":544,\"height\":96,\"caption\":\"DonadonSDD Srl\"},\"image\":{\"@id\":\"https:\\\/\\\/www.donadonsdd.com\\\/es\\\/#\\\/schema\\\/logo\\\/image\\\/\"}}]}<\/script>\n<!-- \/ Yoast SEO plugin. -->","yoast_head_json":{"title":"Disco de ruptura de pandeo inverso sanitario - SCR","description":"Disco de ruptura sanitario de acci\u00f3n inversa para procesos higi\u00e9nicos. Presi\u00f3n de rotura fiable y alta resistencia a los ciclos, conforme a ASME y PED, certificado 3-A, fabricado seg\u00fan procesos controlados por GMP y con materiales que cumplen los requisitos de MOCA.","robots":{"index":"index","follow":"follow","max-snippet":"max-snippet:-1","max-image-preview":"max-image-preview:large","max-video-preview":"max-video-preview:-1"},"canonical":"https:\/\/www.donadonsdd.com\/es\/producto\/scr-sanitary\/","og_locale":"es_ES","og_type":"article","og_title":"Disco de ruptura de pandeo inverso sanitario - SCR","og_description":"Disco de ruptura sanitario de acci\u00f3n inversa para procesos higi\u00e9nicos. Presi\u00f3n de rotura fiable y alta resistencia a los ciclos, conforme a ASME y PED, certificado 3-A, fabricado seg\u00fan procesos controlados por GMP y con materiales que cumplen los requisitos de MOCA.","og_url":"https:\/\/www.donadonsdd.com\/es\/producto\/scr-sanitary\/","og_site_name":"DonadonSDD Srl","article_modified_time":"2026-03-01T00:58:38+00:00","og_image":[{"width":1218,"height":812,"url":"https:\/\/www.donadonsdd.com\/wp-content\/uploads\/2025\/12\/donadon-4-e1766346878480.png","type":"image\/png"}],"twitter_card":"summary_large_image","twitter_misc":{"Tiempo de lectura":"3 minuto"},"schema":{"@context":"https:\/\/schema.org","@graph":[{"@type":"WebPage","@id":"https:\/\/www.donadonsdd.com\/es\/producto\/scr-sanitary\/","url":"https:\/\/www.donadonsdd.com\/es\/producto\/scr-sanitary\/","name":"Disco de ruptura de pandeo inverso sanitario - SCR","isPartOf":{"@id":"https:\/\/www.donadonsdd.com\/es\/#website"},"primaryImageOfPage":{"@id":"https:\/\/www.donadonsdd.com\/es\/producto\/scr-sanitary\/#primaryimage"},"image":{"@id":"https:\/\/www.donadonsdd.com\/es\/producto\/scr-sanitary\/#primaryimage"},"thumbnailUrl":"https:\/\/www.donadonsdd.com\/wp-content\/uploads\/2025\/12\/donadon-4-e1766346878480.png","datePublished":"2025-12-09T23:25:58+00:00","dateModified":"2026-03-01T00:58:38+00:00","description":"Disco de ruptura sanitario de acci\u00f3n inversa para procesos higi\u00e9nicos. Presi\u00f3n de rotura fiable y alta resistencia a los ciclos, conforme a ASME y PED, certificado 3-A, fabricado seg\u00fan procesos controlados por GMP y con materiales que cumplen los requisitos de MOCA.","breadcrumb":{"@id":"https:\/\/www.donadonsdd.com\/es\/producto\/scr-sanitary\/#breadcrumb"},"inLanguage":"es","potentialAction":[{"@type":"ReadAction","target":["https:\/\/www.donadonsdd.com\/es\/producto\/scr-sanitary\/"]}]},{"@type":"ImageObject","inLanguage":"es","@id":"https:\/\/www.donadonsdd.com\/es\/producto\/scr-sanitary\/#primaryimage","url":"https:\/\/www.donadonsdd.com\/wp-content\/uploads\/2025\/12\/donadon-4-e1766346878480.png","contentUrl":"https:\/\/www.donadonsdd.com\/wp-content\/uploads\/2025\/12\/donadon-4-e1766346878480.png","width":1218,"height":812},{"@type":"BreadcrumbList","@id":"https:\/\/www.donadonsdd.com\/es\/producto\/scr-sanitary\/#breadcrumb","itemListElement":[{"@type":"ListItem","position":1,"name":"HOMEPAGE","item":"https:\/\/www.donadonsdd.com\/es\/"},{"@type":"ListItem","position":2,"name":"Discos de ruptura sanitarios SCR &#8211; Protecci\u00f3n avanzada contra la presi\u00f3n para industrias higi\u00e9nicas"}]},{"@type":"WebSite","@id":"https:\/\/www.donadonsdd.com\/es\/#website","url":"https:\/\/www.donadonsdd.com\/es\/","name":"DonadonSDD Srl","description":"","publisher":{"@id":"https:\/\/www.donadonsdd.com\/es\/#organization"},"potentialAction":[{"@type":"SearchAction","target":{"@type":"EntryPoint","urlTemplate":"https:\/\/www.donadonsdd.com\/es\/?s={search_term_string}"},"query-input":{"@type":"PropertyValueSpecification","valueRequired":true,"valueName":"search_term_string"}}],"inLanguage":"es"},{"@type":"Organization","@id":"https:\/\/www.donadonsdd.com\/es\/#organization","name":"DonadonSDD Srl","url":"https:\/\/www.donadonsdd.com\/es\/","logo":{"@type":"ImageObject","inLanguage":"es","@id":"https:\/\/www.donadonsdd.com\/es\/#\/schema\/logo\/image\/","url":"https:\/\/www.donadonsdd.com\/wp-content\/uploads\/2025\/11\/donadonsdd-logo.png","contentUrl":"https:\/\/www.donadonsdd.com\/wp-content\/uploads\/2025\/11\/donadonsdd-logo.png","width":544,"height":96,"caption":"DonadonSDD Srl"},"image":{"@id":"https:\/\/www.donadonsdd.com\/es\/#\/schema\/logo\/image\/"}}]}},"toolset-meta":{"toolset-woocommerce-fields":{"_download_limit":{"type":"numeric","raw":""},"_virtual":{"type":"checkbox","raw":""},"_downloadable":{"type":"checkbox","raw":""},"_download_expiry":{"type":"numeric","raw":""},"_download_type":{"type":"radio","raw":""},"_regular_price":{"type":"numeric","raw":""},"_sale_price":{"type":"numeric","raw":""},"_sale_price_dates_from":{"type":"date","raw":"","formatted":null},"_sale_price_dates_to":{"type":"date","raw":"","formatted":null},"_sku":{"type":"textfield","raw":""},"_manage_stock":{"type":"checkbox","raw":""},"_stock_status":{"type":"radio","raw":""},"_stock":{"type":"numeric","raw":""},"_backorders":{"type":"radio","raw":""},"_sold_individually":{"type":"checkbox","raw":""},"_width":{"type":"numeric","raw":""},"_weight":{"type":"numeric","raw":""},"_length":{"type":"numeric","raw":""},"_purchase_note":{"type":"textarea","raw":""}},"infografica":{"operation-ratio":{"type":"textfield","raw":"hasta el 95"},"non-fragmenting":{"type":"textfield","raw":"s\u00ed"},"vacumm-resistant":{"type":"textfield","raw":"s\u00ed"},"sanitary":{"type":"textfield","raw":"s\u00ed"},"liquid":{"type":"textfield","raw":"s\u00ed, con la presencia de un volumen m\u00ednimo de vapor libre"},"vapor-gas":{"type":"textfield","raw":"s\u00ed"},"ferrules":{"type":"textfield","raw":""}},"dettagli-prodotto":{"immagini-prodotto":{"type":"image","raw":["https:\/\/www.donadonsdd.com\/wp-content\/uploads\/2025\/12\/donadon-4_result.webp","https:\/\/www.donadonsdd.com\/wp-content\/uploads\/2025\/12\/donadon-6_result-1.webp"],"repeatable":[{"raw":"https:\/\/www.donadonsdd.com\/wp-content\/uploads\/2025\/12\/donadon-4_result.webp","attachment_id":6513},{"raw":"https:\/\/www.donadonsdd.com\/wp-content\/uploads\/2025\/12\/donadon-6_result-1.webp","attachment_id":6514}]},"tabella-specifiche":{"type":"wysiwyg","raw":"<p class=\"p1\">MODELO|SCR;\nMATERIALES|Acero inoxidable, Aleaci\u00f3n 201, Aleaci\u00f3n 400, Aleaci\u00f3n 600, Aleaci\u00f3n 625, Aleaci\u00f3n C276, Titanio;\nMATERIALES DE LAS JUNTAS|PTFE;\nDIMENSIONES|De DN25 (1 pulgada) a DN150 (6 pulgadas);\nPRESI\u00d3N DE RUPTURA|0,4 - 8 bar g (Seg\u00fan tama\u00f1o y material);\nKR G|0,48;\nTOLERANCIA|de +\/- 5 % a +\/- 20%;\nTEMPERATURA DE FUNCIONAMIENTO|M\u00e1x. 260\u00b0C (Juntas de PTFE);\nFRAGMENTACI\u00d3N|No;\nUSO EN COMBINACI\u00d3N CON PSV|Adecuado;\nMARGEN DE FUNCIONAMIENTO|90% - Puede alcanzar hasta el 95% en funci\u00f3n de las condiciones de servicio.;\nRESISTENCIA A LA PRESI\u00d3N DE VAC\u00cdO|S\u00ed, autoportante en condiciones de vac\u00edo;\nRESISTENCIA A LA CORROSI\u00d3N|Muy buena;\nFORROS|Disponibles en PTFE y PFA;\nPORTADOR| <a href=\"https:\/\/www.donadonsdd.com\/es\/producto\/htc\/\">HTC<\/a>;\nSENSOR DE RUPTURA| <a href=\"https:\/\/www.donadonsdd.com\/es\/productos\/sensores-de-ruptura\/electrico\/\">El\u00e9ctrico<\/a>;<\/p>"}}},"_links":{"self":[{"href":"https:\/\/www.donadonsdd.com\/es\/wp-json\/wp\/v2\/product\/6508","targetHints":{"allow":["GET"]}}],"collection":[{"href":"https:\/\/www.donadonsdd.com\/es\/wp-json\/wp\/v2\/product"}],"about":[{"href":"https:\/\/www.donadonsdd.com\/es\/wp-json\/wp\/v2\/types\/product"}],"wp:featuredmedia":[{"embeddable":true,"href":"https:\/\/www.donadonsdd.com\/es\/wp-json\/wp\/v2\/media\/6512"}],"wp:attachment":[{"href":"https:\/\/www.donadonsdd.com\/es\/wp-json\/wp\/v2\/media?parent=6508"}],"wp:term":[{"taxonomy":"categoria_prodotto","embeddable":true,"href":"https:\/\/www.donadonsdd.com\/es\/wp-json\/wp\/v2\/categoria_prodotto?post=6508"}],"curies":[{"name":"wp","href":"https:\/\/api.w.org\/{rel}","templated":true}]}}