{"id":6529,"date":"2025-12-10T14:32:32","date_gmt":"2025-12-10T13:32:32","guid":{"rendered":"https:\/\/www.donadonsdd.com\/product\/discos-de-ruptura-sanitarios-scd-proteccion-avanzada-contra-la-presion-para-industrias-higienicas\/"},"modified":"2026-03-01T01:36:02","modified_gmt":"2026-03-01T00:36:02","slug":"scd-sanitary","status":"publish","type":"product","link":"https:\/\/www.donadonsdd.com\/es\/producto\/scd-sanitary\/","title":{"rendered":"Discos de ruptura sanitarios SCD &#8211; Protecci\u00f3n avanzada contra la presi\u00f3n para industrias higi\u00e9nicas"},"content":{"rendered":"<p>Los Discos de ruptura de acci\u00f3n frontal SCD de DonadonSDD son dispositivos de seguridad vitales que evitan que las variaciones bruscas de presi\u00f3n da\u00f1en las instalaciones industriales. Los Discos convencionales de ruptura tienen una curvatura c\u00f3ncava que permanece inalterada bajo la presi\u00f3n de funcionamiento hasta que se alcanza la presi\u00f3n ajustada, lo que garantiza una larga vida \u00fatil. Los discos de ruptura SCD de DonadonSDD proporcionan una protecci\u00f3n fiable y precisa en las aplicaciones m\u00e1s diversas y exigentes, lo que convierte a los discos de ruptura SCD de DonadonSDD en la mejor elecci\u00f3n para la seguridad de tu planta. Los Discos de ruptura SCD de acci\u00f3n hacia delante son uno de los discos m\u00e1s vers\u00e1tiles: utilizables para todo tipo de flujo de fluidos, ideales para procesos de polimerizaci\u00f3n, capaces de alcanzar una amplia gama de presiones.   <\/p>\n<h2>Caracter\u00edsticas principales y ventajas t\u00e9cnicas<\/h2>\n<h3>Aplicaciones higi\u00e9nicas:<\/h3>\n<p>Dise\u00f1ado para cumplir las normas de alta calidad exigidas por 3-A SSI, GMP y MOCA para garantizar la salud p\u00fablica mediante equipos higi\u00e9nicos.<\/p>\n<h3>Superficie lisa:<\/h3>\n<p>Acabado superficial liso (0,2&lt;Ra&lt;0,4 micras) en el lado del proceso lo hace especialmente adecuado para los tratamientos C.I.P. y S.I.P. para mantener las condiciones as\u00e9pticas.<\/p>\n<h3>Juntas certificadas por la FDA:<\/h3>\n<p>Las juntas de PTFE, certificadas conforme a las normativas FDA y USP clase VI, 3-A, y Eu 10\/2011, facilitan la instalaci\u00f3n en accesorios Clamp (sanitarios, Tri-Clamp, Tank Connection).<\/p>\n<h3>Altos est\u00e1ndares de certificaci\u00f3n:<\/h3>\n<p>Nuestros discos de ruptura SCD han obtenido las certificaciones m\u00e1s exigentes, como PED 2014\/68\/UE (Sello CE), ATEX EX II 2 GD (Sello CE), PER 2016 UK Statutory Instruments 2016 No 1105 (Sello UKCA) y CU TR 032 (Sello EAC).<\/p>\n<h3>Tecnolog\u00eda avanzada:<\/h3>\n<p>Los discos de ruptura SCD obtenidos mediante nuestra tecnolog\u00eda patentada Nanoscored son discos cargados por compresi\u00f3n con una secci\u00f3n calibrada microranurada que se abre en p\u00e9talos, con 6 estr\u00edas radiales.<\/p>\n<h3>Rendimiento fiable:<\/h3>\n<p>Soportan miles de ciclos sin comprometer su fiabilidad, con relaciones de hasta el 85% entre la presi\u00f3n de funcionamiento y la de rotura.<\/p>\n<h3>Ruptura r\u00e1pida no fragmentaria:<\/h3>\n<p>El disco SCD reacciona a las sobrepresiones en s\u00f3lo unos milisegundos con una apertura total a lo largo de las l\u00edneas de p\u00e9talos marcadas en el lado descendente del disco, sin fragmentaci\u00f3n.<\/p>\n<h3>Resistente a la alta presi\u00f3n y al vac\u00edo:<\/h3>\n<p>En muchos casos, puede someterse a condiciones de vac\u00edo absoluto sin necesidad de soportes, evitando restricciones en la zona de descarga.<\/p>\n<h2>\u00bfPor qu\u00e9 elegir los discos de ruptura DonadonSDD SCD?<\/h2>\n<ul>\n<li>Dise\u00f1o de vanguardia: Especialmente adecuado para las industrias Farmac\u00e9utica, Alimentaria y Biotecnol\u00f3gica.<\/li>\n<li>La construcci\u00f3n de acero inoxidable, la superficie lisa y las juntas certificadas por la FDA garantizan altos niveles de higiene y condiciones as\u00e9pticas.<\/li>\n<li>La capacidad de rotura r\u00e1pida evita la fragmentaci\u00f3n y garantiza la m\u00e1xima seguridad para las aplicaciones industriales.<\/li>\n<li>Amplia gama de materiales y opciones de grosor; revestimiento de PTFE o PFA (aprobado por la FDA) disponible para mayor protecci\u00f3n.<\/li>\n<li>Puede someterse a condiciones de vac\u00edo sin necesidad de soportes.<\/li>\n<\/ul>\n","protected":false},"excerpt":{"rendered":"<p>Los Discos de ruptura de acci\u00f3n frontal SCD de DonadonSDD son dispositivos de seguridad vitales que evitan que las variaciones bruscas de presi\u00f3n da\u00f1en las instalaciones industriales. Los Discos convencionales de ruptura tienen una curvatura c\u00f3ncava que permanece inalterada bajo la presi\u00f3n de funcionamiento hasta que se alcanza la presi\u00f3n ajustada, lo que garantiza una [&hellip;]<\/p>\n","protected":false},"featured_media":10337,"menu_order":0,"template":"","meta":{"_acf_changed":false},"categoria_prodotto":[79,84],"class_list":["post-6529","product","type-product","status-publish","has-post-thumbnail","hentry","categoria_prodotto-rupture-discs","categoria_prodotto-sanitary"],"acf":[],"yoast_head":"<!-- This site is optimized with the Yoast SEO plugin v27.3 - https:\/\/yoast.com\/product\/yoast-seo-wordpress\/ -->\n<title>Disco de ruptura sanitario de acci\u00f3n hacia delante - SCD<\/title>\n<meta name=\"description\" content=\"Disco de ruptura higi\u00e9nico de acci\u00f3n hacia delante para aplicaciones farmac\u00e9uticas, alimentarias y biotecnol\u00f3gicas. Dise\u00f1o que no se fragmenta, resistente al vac\u00edo, apto para procesos limpios y as\u00e9pticos, conforme con ASME y PED, certificado ATEX y 3-A.\" \/>\n<meta name=\"robots\" content=\"index, follow, max-snippet:-1, max-image-preview:large, max-video-preview:-1\" \/>\n<link rel=\"canonical\" href=\"https:\/\/www.donadonsdd.com\/es\/producto\/scd-sanitary\/\" \/>\n<meta property=\"og:locale\" content=\"es_ES\" \/>\n<meta property=\"og:type\" content=\"article\" \/>\n<meta property=\"og:title\" content=\"Disco de ruptura sanitario de acci\u00f3n hacia delante - SCD\" \/>\n<meta property=\"og:description\" content=\"Disco de ruptura higi\u00e9nico de acci\u00f3n hacia delante para aplicaciones farmac\u00e9uticas, alimentarias y biotecnol\u00f3gicas. Dise\u00f1o que no se fragmenta, resistente al vac\u00edo, apto para procesos limpios y as\u00e9pticos, conforme con ASME y PED, certificado ATEX y 3-A.\" \/>\n<meta property=\"og:url\" content=\"https:\/\/www.donadonsdd.com\/es\/producto\/scd-sanitary\/\" \/>\n<meta property=\"og:site_name\" content=\"DonadonSDD Srl\" \/>\n<meta property=\"article:modified_time\" content=\"2026-03-01T00:36:02+00:00\" \/>\n<meta property=\"og:image\" content=\"https:\/\/www.donadonsdd.com\/wp-content\/uploads\/2025\/12\/donadon-sdd-scd-sanitary-rupture-discs.png\" \/>\n\t<meta property=\"og:image:width\" content=\"1800\" \/>\n\t<meta property=\"og:image:height\" content=\"1200\" \/>\n\t<meta property=\"og:image:type\" content=\"image\/png\" \/>\n<meta name=\"twitter:card\" content=\"summary_large_image\" \/>\n<meta name=\"twitter:label1\" content=\"Tiempo de lectura\" \/>\n\t<meta name=\"twitter:data1\" content=\"3 minuto\" \/>\n<script type=\"application\/ld+json\" class=\"yoast-schema-graph\">{\"@context\":\"https:\\\/\\\/schema.org\",\"@graph\":[{\"@type\":\"WebPage\",\"@id\":\"https:\\\/\\\/www.donadonsdd.com\\\/es\\\/producto\\\/scd-sanitary\\\/\",\"url\":\"https:\\\/\\\/www.donadonsdd.com\\\/es\\\/producto\\\/scd-sanitary\\\/\",\"name\":\"Disco de ruptura sanitario de acci\u00f3n hacia delante - SCD\",\"isPartOf\":{\"@id\":\"https:\\\/\\\/www.donadonsdd.com\\\/es\\\/#website\"},\"primaryImageOfPage\":{\"@id\":\"https:\\\/\\\/www.donadonsdd.com\\\/es\\\/producto\\\/scd-sanitary\\\/#primaryimage\"},\"image\":{\"@id\":\"https:\\\/\\\/www.donadonsdd.com\\\/es\\\/producto\\\/scd-sanitary\\\/#primaryimage\"},\"thumbnailUrl\":\"https:\\\/\\\/www.donadonsdd.com\\\/wp-content\\\/uploads\\\/2025\\\/12\\\/donadon-sdd-scd-sanitary-rupture-discs.png\",\"datePublished\":\"2025-12-10T13:32:32+00:00\",\"dateModified\":\"2026-03-01T00:36:02+00:00\",\"description\":\"Disco de ruptura higi\u00e9nico de acci\u00f3n hacia delante para aplicaciones farmac\u00e9uticas, alimentarias y biotecnol\u00f3gicas. Dise\u00f1o que no se fragmenta, resistente al vac\u00edo, apto para procesos limpios y as\u00e9pticos, conforme con ASME y PED, certificado ATEX y 3-A.\",\"breadcrumb\":{\"@id\":\"https:\\\/\\\/www.donadonsdd.com\\\/es\\\/producto\\\/scd-sanitary\\\/#breadcrumb\"},\"inLanguage\":\"es\",\"potentialAction\":[{\"@type\":\"ReadAction\",\"target\":[\"https:\\\/\\\/www.donadonsdd.com\\\/es\\\/producto\\\/scd-sanitary\\\/\"]}]},{\"@type\":\"ImageObject\",\"inLanguage\":\"es\",\"@id\":\"https:\\\/\\\/www.donadonsdd.com\\\/es\\\/producto\\\/scd-sanitary\\\/#primaryimage\",\"url\":\"https:\\\/\\\/www.donadonsdd.com\\\/wp-content\\\/uploads\\\/2025\\\/12\\\/donadon-sdd-scd-sanitary-rupture-discs.png\",\"contentUrl\":\"https:\\\/\\\/www.donadonsdd.com\\\/wp-content\\\/uploads\\\/2025\\\/12\\\/donadon-sdd-scd-sanitary-rupture-discs.png\",\"width\":1800,\"height\":1200,\"caption\":\"donadon sdd scd sanitary rupture discs\"},{\"@type\":\"BreadcrumbList\",\"@id\":\"https:\\\/\\\/www.donadonsdd.com\\\/es\\\/producto\\\/scd-sanitary\\\/#breadcrumb\",\"itemListElement\":[{\"@type\":\"ListItem\",\"position\":1,\"name\":\"HOMEPAGE\",\"item\":\"https:\\\/\\\/www.donadonsdd.com\\\/es\\\/\"},{\"@type\":\"ListItem\",\"position\":2,\"name\":\"Discos de ruptura sanitarios SCD &#8211; Protecci\u00f3n avanzada contra la presi\u00f3n para industrias higi\u00e9nicas\"}]},{\"@type\":\"WebSite\",\"@id\":\"https:\\\/\\\/www.donadonsdd.com\\\/es\\\/#website\",\"url\":\"https:\\\/\\\/www.donadonsdd.com\\\/es\\\/\",\"name\":\"DonadonSDD Srl\",\"description\":\"\",\"publisher\":{\"@id\":\"https:\\\/\\\/www.donadonsdd.com\\\/es\\\/#organization\"},\"potentialAction\":[{\"@type\":\"SearchAction\",\"target\":{\"@type\":\"EntryPoint\",\"urlTemplate\":\"https:\\\/\\\/www.donadonsdd.com\\\/es\\\/?s={search_term_string}\"},\"query-input\":{\"@type\":\"PropertyValueSpecification\",\"valueRequired\":true,\"valueName\":\"search_term_string\"}}],\"inLanguage\":\"es\"},{\"@type\":\"Organization\",\"@id\":\"https:\\\/\\\/www.donadonsdd.com\\\/es\\\/#organization\",\"name\":\"DonadonSDD Srl\",\"url\":\"https:\\\/\\\/www.donadonsdd.com\\\/es\\\/\",\"logo\":{\"@type\":\"ImageObject\",\"inLanguage\":\"es\",\"@id\":\"https:\\\/\\\/www.donadonsdd.com\\\/es\\\/#\\\/schema\\\/logo\\\/image\\\/\",\"url\":\"https:\\\/\\\/www.donadonsdd.com\\\/wp-content\\\/uploads\\\/2025\\\/11\\\/donadonsdd-logo.png\",\"contentUrl\":\"https:\\\/\\\/www.donadonsdd.com\\\/wp-content\\\/uploads\\\/2025\\\/11\\\/donadonsdd-logo.png\",\"width\":544,\"height\":96,\"caption\":\"DonadonSDD Srl\"},\"image\":{\"@id\":\"https:\\\/\\\/www.donadonsdd.com\\\/es\\\/#\\\/schema\\\/logo\\\/image\\\/\"}}]}<\/script>\n<!-- \/ Yoast SEO plugin. -->","yoast_head_json":{"title":"Disco de ruptura sanitario de acci\u00f3n hacia delante - SCD","description":"Disco de ruptura higi\u00e9nico de acci\u00f3n hacia delante para aplicaciones farmac\u00e9uticas, alimentarias y biotecnol\u00f3gicas. Dise\u00f1o que no se fragmenta, resistente al vac\u00edo, apto para procesos limpios y as\u00e9pticos, conforme con ASME y PED, certificado ATEX y 3-A.","robots":{"index":"index","follow":"follow","max-snippet":"max-snippet:-1","max-image-preview":"max-image-preview:large","max-video-preview":"max-video-preview:-1"},"canonical":"https:\/\/www.donadonsdd.com\/es\/producto\/scd-sanitary\/","og_locale":"es_ES","og_type":"article","og_title":"Disco de ruptura sanitario de acci\u00f3n hacia delante - SCD","og_description":"Disco de ruptura higi\u00e9nico de acci\u00f3n hacia delante para aplicaciones farmac\u00e9uticas, alimentarias y biotecnol\u00f3gicas. Dise\u00f1o que no se fragmenta, resistente al vac\u00edo, apto para procesos limpios y as\u00e9pticos, conforme con ASME y PED, certificado ATEX y 3-A.","og_url":"https:\/\/www.donadonsdd.com\/es\/producto\/scd-sanitary\/","og_site_name":"DonadonSDD Srl","article_modified_time":"2026-03-01T00:36:02+00:00","og_image":[{"width":1800,"height":1200,"url":"https:\/\/www.donadonsdd.com\/wp-content\/uploads\/2025\/12\/donadon-sdd-scd-sanitary-rupture-discs.png","type":"image\/png"}],"twitter_card":"summary_large_image","twitter_misc":{"Tiempo de lectura":"3 minuto"},"schema":{"@context":"https:\/\/schema.org","@graph":[{"@type":"WebPage","@id":"https:\/\/www.donadonsdd.com\/es\/producto\/scd-sanitary\/","url":"https:\/\/www.donadonsdd.com\/es\/producto\/scd-sanitary\/","name":"Disco de ruptura sanitario de acci\u00f3n hacia delante - SCD","isPartOf":{"@id":"https:\/\/www.donadonsdd.com\/es\/#website"},"primaryImageOfPage":{"@id":"https:\/\/www.donadonsdd.com\/es\/producto\/scd-sanitary\/#primaryimage"},"image":{"@id":"https:\/\/www.donadonsdd.com\/es\/producto\/scd-sanitary\/#primaryimage"},"thumbnailUrl":"https:\/\/www.donadonsdd.com\/wp-content\/uploads\/2025\/12\/donadon-sdd-scd-sanitary-rupture-discs.png","datePublished":"2025-12-10T13:32:32+00:00","dateModified":"2026-03-01T00:36:02+00:00","description":"Disco de ruptura higi\u00e9nico de acci\u00f3n hacia delante para aplicaciones farmac\u00e9uticas, alimentarias y biotecnol\u00f3gicas. Dise\u00f1o que no se fragmenta, resistente al vac\u00edo, apto para procesos limpios y as\u00e9pticos, conforme con ASME y PED, certificado ATEX y 3-A.","breadcrumb":{"@id":"https:\/\/www.donadonsdd.com\/es\/producto\/scd-sanitary\/#breadcrumb"},"inLanguage":"es","potentialAction":[{"@type":"ReadAction","target":["https:\/\/www.donadonsdd.com\/es\/producto\/scd-sanitary\/"]}]},{"@type":"ImageObject","inLanguage":"es","@id":"https:\/\/www.donadonsdd.com\/es\/producto\/scd-sanitary\/#primaryimage","url":"https:\/\/www.donadonsdd.com\/wp-content\/uploads\/2025\/12\/donadon-sdd-scd-sanitary-rupture-discs.png","contentUrl":"https:\/\/www.donadonsdd.com\/wp-content\/uploads\/2025\/12\/donadon-sdd-scd-sanitary-rupture-discs.png","width":1800,"height":1200,"caption":"donadon sdd scd sanitary rupture discs"},{"@type":"BreadcrumbList","@id":"https:\/\/www.donadonsdd.com\/es\/producto\/scd-sanitary\/#breadcrumb","itemListElement":[{"@type":"ListItem","position":1,"name":"HOMEPAGE","item":"https:\/\/www.donadonsdd.com\/es\/"},{"@type":"ListItem","position":2,"name":"Discos de ruptura sanitarios SCD &#8211; Protecci\u00f3n avanzada contra la presi\u00f3n para industrias higi\u00e9nicas"}]},{"@type":"WebSite","@id":"https:\/\/www.donadonsdd.com\/es\/#website","url":"https:\/\/www.donadonsdd.com\/es\/","name":"DonadonSDD Srl","description":"","publisher":{"@id":"https:\/\/www.donadonsdd.com\/es\/#organization"},"potentialAction":[{"@type":"SearchAction","target":{"@type":"EntryPoint","urlTemplate":"https:\/\/www.donadonsdd.com\/es\/?s={search_term_string}"},"query-input":{"@type":"PropertyValueSpecification","valueRequired":true,"valueName":"search_term_string"}}],"inLanguage":"es"},{"@type":"Organization","@id":"https:\/\/www.donadonsdd.com\/es\/#organization","name":"DonadonSDD Srl","url":"https:\/\/www.donadonsdd.com\/es\/","logo":{"@type":"ImageObject","inLanguage":"es","@id":"https:\/\/www.donadonsdd.com\/es\/#\/schema\/logo\/image\/","url":"https:\/\/www.donadonsdd.com\/wp-content\/uploads\/2025\/11\/donadonsdd-logo.png","contentUrl":"https:\/\/www.donadonsdd.com\/wp-content\/uploads\/2025\/11\/donadonsdd-logo.png","width":544,"height":96,"caption":"DonadonSDD Srl"},"image":{"@id":"https:\/\/www.donadonsdd.com\/es\/#\/schema\/logo\/image\/"}}]}},"toolset-meta":{"toolset-woocommerce-fields":{"_download_limit":{"type":"numeric","raw":""},"_virtual":{"type":"checkbox","raw":""},"_downloadable":{"type":"checkbox","raw":""},"_download_expiry":{"type":"numeric","raw":""},"_download_type":{"type":"radio","raw":""},"_regular_price":{"type":"numeric","raw":""},"_sale_price":{"type":"numeric","raw":""},"_sale_price_dates_from":{"type":"date","raw":"","formatted":null},"_sale_price_dates_to":{"type":"date","raw":"","formatted":null},"_sku":{"type":"textfield","raw":""},"_manage_stock":{"type":"checkbox","raw":""},"_stock_status":{"type":"radio","raw":""},"_stock":{"type":"numeric","raw":""},"_backorders":{"type":"radio","raw":""},"_sold_individually":{"type":"checkbox","raw":""},"_width":{"type":"numeric","raw":""},"_weight":{"type":"numeric","raw":""},"_length":{"type":"numeric","raw":""},"_purchase_note":{"type":"textarea","raw":""}},"infografica":{"operation-ratio":{"type":"textfield","raw":"hasta el 85"},"non-fragmenting":{"type":"textfield","raw":"s\u00ed"},"vacumm-resistant":{"type":"textfield","raw":"s\u00ed"},"sanitary":{"type":"textfield","raw":"s\u00ed"},"liquid":{"type":"textfield","raw":"s\u00ed"},"vapor-gas":{"type":"textfield","raw":"s\u00ed"},"ferrules":{"type":"textfield","raw":""}},"dettagli-prodotto":{"immagini-prodotto":{"type":"image","raw":["https:\/\/www.donadonsdd.com\/wp-content\/uploads\/2025\/12\/donadon-8_result.webp","https:\/\/www.donadonsdd.com\/wp-content\/uploads\/2025\/12\/donadon-9_result.webp"],"repeatable":[{"raw":"https:\/\/www.donadonsdd.com\/wp-content\/uploads\/2025\/12\/donadon-8_result.webp","attachment_id":6533},{"raw":"https:\/\/www.donadonsdd.com\/wp-content\/uploads\/2025\/12\/donadon-9_result.webp","attachment_id":6535}]},"tabella-specifiche":{"type":"wysiwyg","raw":"<p class=\"p1\">MODELO|SCD;\nMATERIALES|Acero inoxidable, Aleaci\u00f3n 201, Aleaci\u00f3n 400, Aleaci\u00f3n 600, Aleaci\u00f3n 625, Aleaci\u00f3n C276, Titanio;\nMATERIALES DE LAS JUNTAS|PTFE;\nDIMENSIONES|De DN25 (1 pulgada) a DN150 (6 pulgadas);\nPRESI\u00d3N DE RUPTURA|1 - 10 bar g (Seg\u00fan tama\u00f1o y material);\nKR GL|1,33;\nTOLERANCIA|de +\/- 5 % a +\/- 20%;\nTEMPERATURA DE FUNCIONAMIENTO|M\u00e1x. 260\u00b0C (Juntas de PTFE);\nFRAGMENTACI\u00d3N|No;\nUSO EN COMBINACI\u00d3N CON PSV|Adecuado;\nMARGEN DE FUNCIONAMIENTO|Puede alcanzar hasta el 85% seg\u00fan las condiciones de servicio;\nRESISTENCIA A LA PRESI\u00d3N DE VAC\u00cdO|S\u00ed, autoportante en condiciones de vac\u00edo;\nRESISTENCIA A LA CORROSI\u00d3N|Muy buena;\nFORROS|Disponibles en PTFE y PFA;\nPORTADOR| <a href=\"https:\/\/www.donadonsdd.com\/es\/producto\/htc\/\">HTC<\/a>;\nSENSOR DE RUPTURA| <a href=\"https:\/\/www.donadonsdd.com\/es\/productos\/sensores-de-ruptura\/electrico\/\">El\u00e9ctrico<\/a>;<\/p>"}}},"_links":{"self":[{"href":"https:\/\/www.donadonsdd.com\/es\/wp-json\/wp\/v2\/product\/6529","targetHints":{"allow":["GET"]}}],"collection":[{"href":"https:\/\/www.donadonsdd.com\/es\/wp-json\/wp\/v2\/product"}],"about":[{"href":"https:\/\/www.donadonsdd.com\/es\/wp-json\/wp\/v2\/types\/product"}],"wp:featuredmedia":[{"embeddable":true,"href":"https:\/\/www.donadonsdd.com\/es\/wp-json\/wp\/v2\/media\/10337"}],"wp:attachment":[{"href":"https:\/\/www.donadonsdd.com\/es\/wp-json\/wp\/v2\/media?parent=6529"}],"wp:term":[{"taxonomy":"categoria_prodotto","embeddable":true,"href":"https:\/\/www.donadonsdd.com\/es\/wp-json\/wp\/v2\/categoria_prodotto?post=6529"}],"curies":[{"name":"wp","href":"https:\/\/api.w.org\/{rel}","templated":true}]}}