{"id":6537,"date":"2025-12-10T01:13:43","date_gmt":"2025-12-10T00:13:43","guid":{"rendered":"https:\/\/www.donadonsdd.com\/product\/discos-de-ruptura-scd-proteccion-de-presion-de-precision-para-plantas-industriales\/"},"modified":"2026-04-03T15:40:20","modified_gmt":"2026-04-03T13:40:20","slug":"scd","status":"publish","type":"product","link":"https:\/\/www.donadonsdd.com\/es\/producto\/scd\/","title":{"rendered":"Discos de ruptura SCD &#8211; Protecci\u00f3n de presi\u00f3n de precisi\u00f3n para plantas industriales"},"content":{"rendered":"<p>Los Discos de ruptura de acci\u00f3n frontal SCD de DonadonSDD son dispositivos de seguridad vitales que evitan que las variaciones bruscas de presi\u00f3n da\u00f1en las instalaciones industriales. Los Discos convencionales de ruptura tienen una curvatura c\u00f3ncava que permanece inalterada bajo la presi\u00f3n de funcionamiento hasta que se alcanza la presi\u00f3n ajustada, lo que garantiza una larga vida \u00fatil. Los discos de ruptura SCD de DonadonSDD proporcionan una protecci\u00f3n fiable y precisa en las aplicaciones m\u00e1s diversas y exigentes, lo que convierte a los discos de ruptura SCD de DonadonSDD en la mejor elecci\u00f3n para la seguridad de tu planta. Los Discos de ruptura SCD de acci\u00f3n hacia delante son uno de los discos m\u00e1s vers\u00e1tiles: utilizables para todo tipo de flujo de fluidos, ideales para procesos de polimerizaci\u00f3n, capaces de alcanzar una amplia gama de presiones.<\/p>\n<h2>Caracter\u00edsticas principales y ventajas t\u00e9cnicas<\/h2>\n<h3>Altos est\u00e1ndares de certi\ufb01caci\u00f3n:<\/h3>\n<p>Nuestros discos de ruptura SCD han obtenido las certificaciones m\u00e1s exigentes, como ASME XIII (Sello UD), PED 2014\/68\/UE (Sello CE), ATEX EX II 2 GD (Sello CE), PER 2016 UK Statutory Instruments 2016 No 1105 (Sello UKCA) y CU TR 032 (Sello EAC).<\/p>\n<h3>Tecnolog\u00eda avanzada:<\/h3>\n<p>Los discos de ruptura SCD obtenidos mediante nuestra tecnolog\u00eda patentada Laser NS NanoScored son discos de acci\u00f3n hacia delante cargados por compresi\u00f3n con secciones calibradas microranuradas que se abren en p\u00e9talos, lo que reduce el riesgo de desprendimiento de p\u00e9talos.<\/p>\n<h3>Rendimiento fiable:<\/h3>\n<p>Soportan miles de ciclos sin comprometer su fiabilidad, con relaciones de hasta el 85% entre la presi\u00f3n de funcionamiento y la de rotura.<\/p>\n<h3>Ruptura r\u00e1pida:<\/h3>\n<p>Los discos reaccionan a la presi\u00f3n excesiva en unos milisegundos con una apertura total a lo largo de las l\u00edneas de p\u00e9talos marcadas en el lado descendente del disco.<\/p>\n<h3>Alta presi\u00f3n de rotura:<\/h3>\n<p>Especialmente indicado para presiones de rotura elevadas; puede utilizarse tanto con gases como con l\u00edquidos, en diversos procesos industriales, en condiciones c\u00edclicas y pulsantes sin reducci\u00f3n de los m\u00e1rgenes de seguridad.<\/p>\n<h3>Aislamiento de las V\u00e1lvulas de Seguridad de Presi\u00f3n \/ No Fragmentable:<\/h3>\n<p>Especialmente adecuado para la protecci\u00f3n de V\u00e1lvulas de Alivio de Presi\u00f3n debido a roturas a lo largo de la l\u00ednea marcada sin generar fragmentos.<\/p>\n<h3>Resistente a la corrosi\u00f3n:<\/h3>\n<p>Amplia gama de materiales y opciones de grosor; revestimiento de PTFE disponible para mayor protecci\u00f3n.<\/p>\n<h3>Alta resistencia al vac\u00edo:<\/h3>\n<p>Puede, en muchos casos, someterse a condiciones de vac\u00edo absoluto sin necesidad de soportes, evitando restricciones en la zona de descarga. Dispone de junta t\u00f3rica para reducir las emisiones fugitivas<\/p>\n<h2>\u00bfPor qu\u00e9 elegir los discos de ruptura DonadonSDD SCD?<\/h2>\n<ul>\n<li>Certificado conforme a las normas industriales m\u00e1s estrictas para una seguridad m\u00e1xima.<\/li>\n<li>Rango de fabricaci\u00f3n = CERO (incluido con ASME)<\/li>\n<li>Krgl (p\u00e9rdida de carga por velocidad certificada por ASME) = 1,33<\/li>\n<li>Puede utilizarse en configuraciones de doble soporte.<\/li>\n<li>La tecnolog\u00eda avanzada y el dise\u00f1o de precisi\u00f3n garantizan una protecci\u00f3n fiable contra la presi\u00f3n en aplicaciones industriales.<\/li>\n<li>Las capacidades de rotura r\u00e1pida y alivio de presi\u00f3n garantizan la m\u00e1xima seguridad para las aplicaciones industriales.<\/li>\n<li>El dise\u00f1o resistente a la corrosi\u00f3n y las opciones de revestimiento de PTFE garantizan longevidad y fiabilidad.<\/li>\n<\/ul>\n","protected":false},"excerpt":{"rendered":"<p>Los Discos de ruptura de acci\u00f3n frontal SCD de DonadonSDD son dispositivos de seguridad vitales que evitan que las variaciones bruscas de presi\u00f3n da\u00f1en las instalaciones industriales. Los Discos convencionales de ruptura tienen una curvatura c\u00f3ncava que permanece inalterada bajo la presi\u00f3n de funcionamiento hasta que se alcanza la presi\u00f3n ajustada, lo que garantiza una [&hellip;]<\/p>\n","protected":false},"featured_media":6541,"menu_order":0,"template":"","meta":{"_acf_changed":false},"categoria_prodotto":[99,85,83,79],"class_list":["post-6537","product","type-product","status-publish","has-post-thumbnail","hentry","categoria_prodotto-asme-approved","categoria_prodotto-forward-acting","categoria_prodotto-ns-nanoscored","categoria_prodotto-rupture-discs"],"acf":[],"yoast_head":"<!-- This site is optimized with the Yoast SEO plugin v27.3 - https:\/\/yoast.com\/product\/yoast-seo-wordpress\/ -->\n<title>Disco de ruptura de acci\u00f3n hacia delante - SCD<\/title>\n<meta name=\"description\" content=\"Discos convencionales de ruptura para protecci\u00f3n industrial a presiones de rotura m\u00e1s altas. Dise\u00f1o robusto que no se fragmenta, resistente al vac\u00edo, adecuado para condiciones de proceso exigentes, relaci\u00f3n de funcionamiento de hasta el 85%, conforme con ASME y PED, certificado ATEX.\" \/>\n<meta name=\"robots\" content=\"index, follow, max-snippet:-1, max-image-preview:large, max-video-preview:-1\" \/>\n<link rel=\"canonical\" href=\"https:\/\/www.donadonsdd.com\/es\/producto\/scd\/\" \/>\n<meta property=\"og:locale\" content=\"es_ES\" \/>\n<meta property=\"og:type\" content=\"article\" \/>\n<meta property=\"og:title\" content=\"Disco de ruptura de acci\u00f3n hacia delante - SCD\" \/>\n<meta property=\"og:description\" content=\"Discos convencionales de ruptura para protecci\u00f3n industrial a presiones de rotura m\u00e1s altas. Dise\u00f1o robusto que no se fragmenta, resistente al vac\u00edo, adecuado para condiciones de proceso exigentes, relaci\u00f3n de funcionamiento de hasta el 85%, conforme con ASME y PED, certificado ATEX.\" \/>\n<meta property=\"og:url\" content=\"https:\/\/www.donadonsdd.com\/es\/producto\/scd\/\" \/>\n<meta property=\"og:site_name\" content=\"DonadonSDD Srl\" \/>\n<meta property=\"article:modified_time\" content=\"2026-04-03T13:40:20+00:00\" \/>\n<meta property=\"og:image\" content=\"https:\/\/www.donadonsdd.com\/wp-content\/uploads\/2025\/12\/donadon-39-e1766347196550.png\" \/>\n\t<meta property=\"og:image:width\" content=\"1084\" \/>\n\t<meta property=\"og:image:height\" content=\"722\" \/>\n\t<meta property=\"og:image:type\" content=\"image\/png\" \/>\n<meta name=\"twitter:card\" content=\"summary_large_image\" \/>\n<meta name=\"twitter:label1\" content=\"Tiempo de lectura\" \/>\n\t<meta name=\"twitter:data1\" content=\"4 minuto\" \/>\n<script type=\"application\/ld+json\" class=\"yoast-schema-graph\">{\"@context\":\"https:\\\/\\\/schema.org\",\"@graph\":[{\"@type\":\"WebPage\",\"@id\":\"https:\\\/\\\/www.donadonsdd.com\\\/es\\\/producto\\\/scd\\\/\",\"url\":\"https:\\\/\\\/www.donadonsdd.com\\\/es\\\/producto\\\/scd\\\/\",\"name\":\"Disco de ruptura de acci\u00f3n hacia delante - SCD\",\"isPartOf\":{\"@id\":\"https:\\\/\\\/www.donadonsdd.com\\\/es\\\/#website\"},\"primaryImageOfPage\":{\"@id\":\"https:\\\/\\\/www.donadonsdd.com\\\/es\\\/producto\\\/scd\\\/#primaryimage\"},\"image\":{\"@id\":\"https:\\\/\\\/www.donadonsdd.com\\\/es\\\/producto\\\/scd\\\/#primaryimage\"},\"thumbnailUrl\":\"https:\\\/\\\/www.donadonsdd.com\\\/wp-content\\\/uploads\\\/2025\\\/12\\\/donadon-39-e1766347196550.png\",\"datePublished\":\"2025-12-10T00:13:43+00:00\",\"dateModified\":\"2026-04-03T13:40:20+00:00\",\"description\":\"Discos convencionales de ruptura para protecci\u00f3n industrial a presiones de rotura m\u00e1s altas. Dise\u00f1o robusto que no se fragmenta, resistente al vac\u00edo, adecuado para condiciones de proceso exigentes, relaci\u00f3n de funcionamiento de hasta el 85%, conforme con ASME y PED, certificado ATEX.\",\"breadcrumb\":{\"@id\":\"https:\\\/\\\/www.donadonsdd.com\\\/es\\\/producto\\\/scd\\\/#breadcrumb\"},\"inLanguage\":\"es\",\"potentialAction\":[{\"@type\":\"ReadAction\",\"target\":[\"https:\\\/\\\/www.donadonsdd.com\\\/es\\\/producto\\\/scd\\\/\"]}]},{\"@type\":\"ImageObject\",\"inLanguage\":\"es\",\"@id\":\"https:\\\/\\\/www.donadonsdd.com\\\/es\\\/producto\\\/scd\\\/#primaryimage\",\"url\":\"https:\\\/\\\/www.donadonsdd.com\\\/wp-content\\\/uploads\\\/2025\\\/12\\\/donadon-39-e1766347196550.png\",\"contentUrl\":\"https:\\\/\\\/www.donadonsdd.com\\\/wp-content\\\/uploads\\\/2025\\\/12\\\/donadon-39-e1766347196550.png\",\"width\":1084,\"height\":722},{\"@type\":\"BreadcrumbList\",\"@id\":\"https:\\\/\\\/www.donadonsdd.com\\\/es\\\/producto\\\/scd\\\/#breadcrumb\",\"itemListElement\":[{\"@type\":\"ListItem\",\"position\":1,\"name\":\"HOMEPAGE\",\"item\":\"https:\\\/\\\/www.donadonsdd.com\\\/es\\\/\"},{\"@type\":\"ListItem\",\"position\":2,\"name\":\"Discos de ruptura SCD &#8211; Protecci\u00f3n de presi\u00f3n de precisi\u00f3n para plantas industriales\"}]},{\"@type\":\"WebSite\",\"@id\":\"https:\\\/\\\/www.donadonsdd.com\\\/es\\\/#website\",\"url\":\"https:\\\/\\\/www.donadonsdd.com\\\/es\\\/\",\"name\":\"DonadonSDD Srl\",\"description\":\"\",\"publisher\":{\"@id\":\"https:\\\/\\\/www.donadonsdd.com\\\/es\\\/#organization\"},\"potentialAction\":[{\"@type\":\"SearchAction\",\"target\":{\"@type\":\"EntryPoint\",\"urlTemplate\":\"https:\\\/\\\/www.donadonsdd.com\\\/es\\\/?s={search_term_string}\"},\"query-input\":{\"@type\":\"PropertyValueSpecification\",\"valueRequired\":true,\"valueName\":\"search_term_string\"}}],\"inLanguage\":\"es\"},{\"@type\":\"Organization\",\"@id\":\"https:\\\/\\\/www.donadonsdd.com\\\/es\\\/#organization\",\"name\":\"DonadonSDD Srl\",\"url\":\"https:\\\/\\\/www.donadonsdd.com\\\/es\\\/\",\"logo\":{\"@type\":\"ImageObject\",\"inLanguage\":\"es\",\"@id\":\"https:\\\/\\\/www.donadonsdd.com\\\/es\\\/#\\\/schema\\\/logo\\\/image\\\/\",\"url\":\"https:\\\/\\\/www.donadonsdd.com\\\/wp-content\\\/uploads\\\/2025\\\/11\\\/donadonsdd-logo.png\",\"contentUrl\":\"https:\\\/\\\/www.donadonsdd.com\\\/wp-content\\\/uploads\\\/2025\\\/11\\\/donadonsdd-logo.png\",\"width\":544,\"height\":96,\"caption\":\"DonadonSDD Srl\"},\"image\":{\"@id\":\"https:\\\/\\\/www.donadonsdd.com\\\/es\\\/#\\\/schema\\\/logo\\\/image\\\/\"}}]}<\/script>\n<!-- \/ Yoast SEO plugin. -->","yoast_head_json":{"title":"Disco de ruptura de acci\u00f3n hacia delante - SCD","description":"Discos convencionales de ruptura para protecci\u00f3n industrial a presiones de rotura m\u00e1s altas. Dise\u00f1o robusto que no se fragmenta, resistente al vac\u00edo, adecuado para condiciones de proceso exigentes, relaci\u00f3n de funcionamiento de hasta el 85%, conforme con ASME y PED, certificado ATEX.","robots":{"index":"index","follow":"follow","max-snippet":"max-snippet:-1","max-image-preview":"max-image-preview:large","max-video-preview":"max-video-preview:-1"},"canonical":"https:\/\/www.donadonsdd.com\/es\/producto\/scd\/","og_locale":"es_ES","og_type":"article","og_title":"Disco de ruptura de acci\u00f3n hacia delante - SCD","og_description":"Discos convencionales de ruptura para protecci\u00f3n industrial a presiones de rotura m\u00e1s altas. Dise\u00f1o robusto que no se fragmenta, resistente al vac\u00edo, adecuado para condiciones de proceso exigentes, relaci\u00f3n de funcionamiento de hasta el 85%, conforme con ASME y PED, certificado ATEX.","og_url":"https:\/\/www.donadonsdd.com\/es\/producto\/scd\/","og_site_name":"DonadonSDD Srl","article_modified_time":"2026-04-03T13:40:20+00:00","og_image":[{"width":1084,"height":722,"url":"https:\/\/www.donadonsdd.com\/wp-content\/uploads\/2025\/12\/donadon-39-e1766347196550.png","type":"image\/png"}],"twitter_card":"summary_large_image","twitter_misc":{"Tiempo de lectura":"4 minuto"},"schema":{"@context":"https:\/\/schema.org","@graph":[{"@type":"WebPage","@id":"https:\/\/www.donadonsdd.com\/es\/producto\/scd\/","url":"https:\/\/www.donadonsdd.com\/es\/producto\/scd\/","name":"Disco de ruptura de acci\u00f3n hacia delante - SCD","isPartOf":{"@id":"https:\/\/www.donadonsdd.com\/es\/#website"},"primaryImageOfPage":{"@id":"https:\/\/www.donadonsdd.com\/es\/producto\/scd\/#primaryimage"},"image":{"@id":"https:\/\/www.donadonsdd.com\/es\/producto\/scd\/#primaryimage"},"thumbnailUrl":"https:\/\/www.donadonsdd.com\/wp-content\/uploads\/2025\/12\/donadon-39-e1766347196550.png","datePublished":"2025-12-10T00:13:43+00:00","dateModified":"2026-04-03T13:40:20+00:00","description":"Discos convencionales de ruptura para protecci\u00f3n industrial a presiones de rotura m\u00e1s altas. Dise\u00f1o robusto que no se fragmenta, resistente al vac\u00edo, adecuado para condiciones de proceso exigentes, relaci\u00f3n de funcionamiento de hasta el 85%, conforme con ASME y PED, certificado ATEX.","breadcrumb":{"@id":"https:\/\/www.donadonsdd.com\/es\/producto\/scd\/#breadcrumb"},"inLanguage":"es","potentialAction":[{"@type":"ReadAction","target":["https:\/\/www.donadonsdd.com\/es\/producto\/scd\/"]}]},{"@type":"ImageObject","inLanguage":"es","@id":"https:\/\/www.donadonsdd.com\/es\/producto\/scd\/#primaryimage","url":"https:\/\/www.donadonsdd.com\/wp-content\/uploads\/2025\/12\/donadon-39-e1766347196550.png","contentUrl":"https:\/\/www.donadonsdd.com\/wp-content\/uploads\/2025\/12\/donadon-39-e1766347196550.png","width":1084,"height":722},{"@type":"BreadcrumbList","@id":"https:\/\/www.donadonsdd.com\/es\/producto\/scd\/#breadcrumb","itemListElement":[{"@type":"ListItem","position":1,"name":"HOMEPAGE","item":"https:\/\/www.donadonsdd.com\/es\/"},{"@type":"ListItem","position":2,"name":"Discos de ruptura SCD &#8211; Protecci\u00f3n de presi\u00f3n de precisi\u00f3n para plantas industriales"}]},{"@type":"WebSite","@id":"https:\/\/www.donadonsdd.com\/es\/#website","url":"https:\/\/www.donadonsdd.com\/es\/","name":"DonadonSDD Srl","description":"","publisher":{"@id":"https:\/\/www.donadonsdd.com\/es\/#organization"},"potentialAction":[{"@type":"SearchAction","target":{"@type":"EntryPoint","urlTemplate":"https:\/\/www.donadonsdd.com\/es\/?s={search_term_string}"},"query-input":{"@type":"PropertyValueSpecification","valueRequired":true,"valueName":"search_term_string"}}],"inLanguage":"es"},{"@type":"Organization","@id":"https:\/\/www.donadonsdd.com\/es\/#organization","name":"DonadonSDD Srl","url":"https:\/\/www.donadonsdd.com\/es\/","logo":{"@type":"ImageObject","inLanguage":"es","@id":"https:\/\/www.donadonsdd.com\/es\/#\/schema\/logo\/image\/","url":"https:\/\/www.donadonsdd.com\/wp-content\/uploads\/2025\/11\/donadonsdd-logo.png","contentUrl":"https:\/\/www.donadonsdd.com\/wp-content\/uploads\/2025\/11\/donadonsdd-logo.png","width":544,"height":96,"caption":"DonadonSDD Srl"},"image":{"@id":"https:\/\/www.donadonsdd.com\/es\/#\/schema\/logo\/image\/"}}]}},"toolset-meta":{"toolset-woocommerce-fields":{"_download_limit":{"type":"numeric","raw":""},"_virtual":{"type":"checkbox","raw":""},"_downloadable":{"type":"checkbox","raw":""},"_download_expiry":{"type":"numeric","raw":""},"_download_type":{"type":"radio","raw":""},"_regular_price":{"type":"numeric","raw":""},"_sale_price":{"type":"numeric","raw":""},"_sale_price_dates_from":{"type":"date","raw":"","formatted":null},"_sale_price_dates_to":{"type":"date","raw":"","formatted":null},"_sku":{"type":"textfield","raw":""},"_manage_stock":{"type":"checkbox","raw":""},"_stock_status":{"type":"radio","raw":""},"_stock":{"type":"numeric","raw":""},"_backorders":{"type":"radio","raw":""},"_sold_individually":{"type":"checkbox","raw":""},"_width":{"type":"numeric","raw":""},"_weight":{"type":"numeric","raw":""},"_length":{"type":"numeric","raw":""},"_purchase_note":{"type":"textarea","raw":""}},"infografica":{"operation-ratio":{"type":"textfield","raw":"hasta el 85"},"non-fragmenting":{"type":"textfield","raw":"s\u00ed"},"vacumm-resistant":{"type":"textfield","raw":"s\u00ed"},"sanitary":{"type":"textfield","raw":"no"},"liquid":{"type":"textfield","raw":"s\u00ed"},"vapor-gas":{"type":"textfield","raw":"s\u00ed"},"ferrules":{"type":"textfield","raw":""}},"dettagli-prodotto":{"immagini-prodotto":{"type":"image","raw":["https:\/\/www.donadonsdd.com\/wp-content\/uploads\/2025\/12\/donadon-40_result.webp","https:\/\/www.donadonsdd.com\/wp-content\/uploads\/2025\/12\/donadon-39_result.webp"],"repeatable":[{"raw":"https:\/\/www.donadonsdd.com\/wp-content\/uploads\/2025\/12\/donadon-40_result.webp","attachment_id":6540},{"raw":"https:\/\/www.donadonsdd.com\/wp-content\/uploads\/2025\/12\/donadon-39_result.webp","attachment_id":6539}]},"tabella-specifiche":{"type":"wysiwyg","raw":"MODELO|SCD;\r\nMATERIALES|Acero inoxidable, Aleaci\u00f3n 201, Aleaci\u00f3n 400, Aleaci\u00f3n 600, Aleaci\u00f3n 625, Aleaci\u00f3n C276, Titanio;\r\nDIMENSIONES|De DN15 (\u00bd pulgada) a DN900 (36 pulgadas);\r\nPRESI\u00d3N DE RUPTURA|1 - 600 bar g (Seg\u00fan tama\u00f1o y material);\r\nKR GL|1,33;\r\nTOLERANCIA|de +\/- 5 % a +\/- 20%;\r\nTEMPERATURA DE FUNCIONAMIENTO|Desde - 196\u00b0C hasta 600\u00b0C;\r\nFRAGMENTACI\u00d3N|No;\r\nUSO EN COMBINACI\u00d3N CON PSV|Adecuado;\r\nMARGEN DE FUNCIONAMIENTO|Puede alcanzar hasta el 85% seg\u00fan las condiciones de servicio;\r\nRESISTENCIA A LA PRESI\u00d3N DE VAC\u00cdO|S\u00ed, autoportante en condiciones de vac\u00edo;\r\nRESISTENCIA A LA CORROSI\u00d3N|Muy buena;\r\nFORROS|Disponibles en PTFE y PFA;\r\nTITULAR| <a href=\"https:\/\/www.donadonsdd.com\/es\/producto\/hia-hra\/\">HRA<\/a>, <a href=\"https:\/\/www.donadonsdd.com\/es\/producto\/hip-hrp\/\">HRP<\/a>, <a href=\"https:\/\/www.donadonsdd.com\/es\/producto\/hif-hrf\/\">HRF<\/a>;\r\nSENSOR DE RUPTURA| <a href=\"https:\/\/www.donadonsdd.com\/es\/productos\/sensores-de-ruptura\/electrico\/\">El\u00e9ctrico<\/a>, <a href=\"https:\/\/www.donadonsdd.com\/es\/productos\/sensores-de-ruptura\/magnetico\/\">Magn\u00e9tico<\/a>, <a href=\"https:\/\/www.donadonsdd.com\/es\/productos\/sensores-de-ruptura\/inductivo\/\">Inductivo<\/a>;"}}},"_links":{"self":[{"href":"https:\/\/www.donadonsdd.com\/es\/wp-json\/wp\/v2\/product\/6537","targetHints":{"allow":["GET"]}}],"collection":[{"href":"https:\/\/www.donadonsdd.com\/es\/wp-json\/wp\/v2\/product"}],"about":[{"href":"https:\/\/www.donadonsdd.com\/es\/wp-json\/wp\/v2\/types\/product"}],"wp:featuredmedia":[{"embeddable":true,"href":"https:\/\/www.donadonsdd.com\/es\/wp-json\/wp\/v2\/media\/6541"}],"wp:attachment":[{"href":"https:\/\/www.donadonsdd.com\/es\/wp-json\/wp\/v2\/media?parent=6537"}],"wp:term":[{"taxonomy":"categoria_prodotto","embeddable":true,"href":"https:\/\/www.donadonsdd.com\/es\/wp-json\/wp\/v2\/categoria_prodotto?post=6537"}],"curies":[{"name":"wp","href":"https:\/\/api.w.org\/{rel}","templated":true}]}}