{"id":6561,"date":"2025-12-10T14:46:01","date_gmt":"2025-12-10T13:46:01","guid":{"rendered":"https:\/\/www.donadonsdd.com\/product\/discos-de-ruptura-scd-para-aplicacion-sf6\/"},"modified":"2026-02-28T00:22:12","modified_gmt":"2026-02-27T23:22:12","slug":"scd-sf6-application","status":"publish","type":"product","link":"https:\/\/www.donadonsdd.com\/es\/producto\/scd-sf6-application\/","title":{"rendered":"Discos de ruptura SCD para aplicaci\u00f3n SF6"},"content":{"rendered":"<p>Los Discos de ruptura de acci\u00f3n frontal SCD de DonadonSDD son dispositivos de seguridad vitales que evitan que las variaciones bruscas de presi\u00f3n da\u00f1en las instalaciones industriales. Los Discos convencionales de ruptura tienen una curvatura c\u00f3ncava que permanece inalterada bajo la presi\u00f3n de funcionamiento hasta que se alcanza la presi\u00f3n ajustada, lo que garantiza una larga vida \u00fatil. Los discos de ruptura SCD de DonadonSDD proporcionan una protecci\u00f3n fiable y precisa en las aplicaciones m\u00e1s diversas y exigentes, lo que convierte a los discos de ruptura SCD de DonadonSDD en la mejor opci\u00f3n para la seguridad de tu planta. Nuestros Discos de ruptura SCD pueden dise\u00f1arse espec\u00edficamente para proteger los sistemas aislados con gas de los picos de presi\u00f3n y contener gas SF6.   <\/p>\n<h2>Caracter\u00edsticas principales y ventajas t\u00e9cnicas<\/h2>\n<h3>Tecnolog\u00eda avanzada:<\/h3>\n<p>Los discos de ruptura SCD obtenidos mediante nuestra tecnolog\u00eda patentada Laser NS NanoScored son discos de acci\u00f3n hacia delante cargados por compresi\u00f3n con secciones calibradas microranuradas que se abren en p\u00e9talos, lo que reduce el riesgo de desprendimiento de p\u00e9talos.<\/p>\n<h3>Rendimiento fiable:<\/h3>\n<p>Soportan miles de ciclos sin comprometer su fiabilidad, con relaciones de hasta el 85% entre la presi\u00f3n de funcionamiento y la de rotura.<\/p>\n<h3>Ruptura r\u00e1pida:<\/h3>\n<p>Los discos reaccionan a la presi\u00f3n excesiva en unos milisegundos con una apertura total a lo largo de las l\u00edneas de p\u00e9talos marcadas en el lado descendente del disco.<\/p>\n<h3>Alta presi\u00f3n de rotura:<\/h3>\n<p>Especialmente adecuado para presiones de rotura elevadas; puede utilizarse en condiciones c\u00edclicas y pulsantes sin reducir los m\u00e1rgenes de seguridad.<\/p>\n<h2>\u00bfPor qu\u00e9 elegir los discos de ruptura DonadonSDD SCD?<\/h2>\n<ul>\n<li>Los discos de ruptura SCD de DonadonSDD est\u00e1n certificados conforme a las normas de seguridad m\u00e1s exigentes, por lo que proporcionan una protecci\u00f3n fiable a tu planta industrial.<\/li>\n<li>Nuestros discos SF6 est\u00e1n dise\u00f1ados para su instalaci\u00f3n directa en el equipo dentro de bridas espec\u00edficas del cliente.<\/li>\n<li>Resistencia al vac\u00edo: No requiere soporte de vac\u00edo, evitando restricciones en la zona de descarga. Estanqueidad superior cuando se acopla con una junta t\u00f3rica. <\/li>\n<\/ul>\n","protected":false},"excerpt":{"rendered":"<p>Los Discos de ruptura de acci\u00f3n frontal SCD de DonadonSDD son dispositivos de seguridad vitales que evitan que las variaciones bruscas de presi\u00f3n da\u00f1en las instalaciones industriales. Los Discos convencionales de ruptura tienen una curvatura c\u00f3ncava que permanece inalterada bajo la presi\u00f3n de funcionamiento hasta que se alcanza la presi\u00f3n ajustada, lo que garantiza una [&hellip;]<\/p>\n","protected":false},"featured_media":6564,"menu_order":0,"template":"","meta":{"_acf_changed":false},"categoria_prodotto":[79,91],"class_list":["post-6561","product","type-product","status-publish","has-post-thumbnail","hentry","categoria_prodotto-rupture-discs","categoria_prodotto-special-executions"],"acf":[],"yoast_head":"<!-- This site is optimized with the Yoast SEO plugin v27.3 - https:\/\/yoast.com\/product\/yoast-seo-wordpress\/ -->\n<title>Disco de ruptura de acci\u00f3n hacia delante para SF6 GIS - SCD<\/title>\n<meta name=\"description\" content=\"Discos convencionales de ruptura para sistemas aislados con gas SF6 (GIS). Dise\u00f1ado para altas presiones de rotura y condiciones c\u00edclicas, con dise\u00f1o no fragmentable e instalaci\u00f3n compatible entre bridas o carcasas.\" \/>\n<meta name=\"robots\" content=\"index, follow, max-snippet:-1, max-image-preview:large, max-video-preview:-1\" \/>\n<link rel=\"canonical\" href=\"https:\/\/www.donadonsdd.com\/es\/producto\/scd-sf6-application\/\" \/>\n<meta property=\"og:locale\" content=\"es_ES\" \/>\n<meta property=\"og:type\" content=\"article\" \/>\n<meta property=\"og:title\" content=\"Disco de ruptura de acci\u00f3n hacia delante para SF6 GIS - SCD\" \/>\n<meta property=\"og:description\" content=\"Discos convencionales de ruptura para sistemas aislados con gas SF6 (GIS). Dise\u00f1ado para altas presiones de rotura y condiciones c\u00edclicas, con dise\u00f1o no fragmentable e instalaci\u00f3n compatible entre bridas o carcasas.\" \/>\n<meta property=\"og:url\" content=\"https:\/\/www.donadonsdd.com\/es\/producto\/scd-sf6-application\/\" \/>\n<meta property=\"og:site_name\" content=\"DonadonSDD Srl\" \/>\n<meta property=\"article:modified_time\" content=\"2026-02-27T23:22:12+00:00\" \/>\n<meta property=\"og:image\" content=\"https:\/\/www.donadonsdd.com\/wp-content\/uploads\/2025\/12\/donadon-sdd-scd-rupture-discs-special-executions-e1766346832238.png\" \/>\n\t<meta property=\"og:image:width\" content=\"1218\" \/>\n\t<meta property=\"og:image:height\" content=\"812\" \/>\n\t<meta property=\"og:image:type\" content=\"image\/png\" \/>\n<meta name=\"twitter:card\" content=\"summary_large_image\" \/>\n<meta name=\"twitter:label1\" content=\"Tiempo de lectura\" \/>\n\t<meta name=\"twitter:data1\" content=\"2 minuto\" \/>\n<script type=\"application\/ld+json\" class=\"yoast-schema-graph\">{\"@context\":\"https:\\\/\\\/schema.org\",\"@graph\":[{\"@type\":\"WebPage\",\"@id\":\"https:\\\/\\\/www.donadonsdd.com\\\/es\\\/producto\\\/scd-sf6-application\\\/\",\"url\":\"https:\\\/\\\/www.donadonsdd.com\\\/es\\\/producto\\\/scd-sf6-application\\\/\",\"name\":\"Disco de ruptura de acci\u00f3n hacia delante para SF6 GIS - SCD\",\"isPartOf\":{\"@id\":\"https:\\\/\\\/www.donadonsdd.com\\\/es\\\/#website\"},\"primaryImageOfPage\":{\"@id\":\"https:\\\/\\\/www.donadonsdd.com\\\/es\\\/producto\\\/scd-sf6-application\\\/#primaryimage\"},\"image\":{\"@id\":\"https:\\\/\\\/www.donadonsdd.com\\\/es\\\/producto\\\/scd-sf6-application\\\/#primaryimage\"},\"thumbnailUrl\":\"https:\\\/\\\/www.donadonsdd.com\\\/wp-content\\\/uploads\\\/2025\\\/12\\\/donadon-sdd-scd-rupture-discs-special-executions-e1766346832238.png\",\"datePublished\":\"2025-12-10T13:46:01+00:00\",\"dateModified\":\"2026-02-27T23:22:12+00:00\",\"description\":\"Discos convencionales de ruptura para sistemas aislados con gas SF6 (GIS). Dise\u00f1ado para altas presiones de rotura y condiciones c\u00edclicas, con dise\u00f1o no fragmentable e instalaci\u00f3n compatible entre bridas o carcasas.\",\"breadcrumb\":{\"@id\":\"https:\\\/\\\/www.donadonsdd.com\\\/es\\\/producto\\\/scd-sf6-application\\\/#breadcrumb\"},\"inLanguage\":\"es\",\"potentialAction\":[{\"@type\":\"ReadAction\",\"target\":[\"https:\\\/\\\/www.donadonsdd.com\\\/es\\\/producto\\\/scd-sf6-application\\\/\"]}]},{\"@type\":\"ImageObject\",\"inLanguage\":\"es\",\"@id\":\"https:\\\/\\\/www.donadonsdd.com\\\/es\\\/producto\\\/scd-sf6-application\\\/#primaryimage\",\"url\":\"https:\\\/\\\/www.donadonsdd.com\\\/wp-content\\\/uploads\\\/2025\\\/12\\\/donadon-sdd-scd-rupture-discs-special-executions-e1766346832238.png\",\"contentUrl\":\"https:\\\/\\\/www.donadonsdd.com\\\/wp-content\\\/uploads\\\/2025\\\/12\\\/donadon-sdd-scd-rupture-discs-special-executions-e1766346832238.png\",\"width\":1218,\"height\":812,\"caption\":\"donadon sdd scd discos de ruptura ejecuciones especiales\"},{\"@type\":\"BreadcrumbList\",\"@id\":\"https:\\\/\\\/www.donadonsdd.com\\\/es\\\/producto\\\/scd-sf6-application\\\/#breadcrumb\",\"itemListElement\":[{\"@type\":\"ListItem\",\"position\":1,\"name\":\"HOMEPAGE\",\"item\":\"https:\\\/\\\/www.donadonsdd.com\\\/es\\\/\"},{\"@type\":\"ListItem\",\"position\":2,\"name\":\"Discos de ruptura SCD para aplicaci\u00f3n SF6\"}]},{\"@type\":\"WebSite\",\"@id\":\"https:\\\/\\\/www.donadonsdd.com\\\/es\\\/#website\",\"url\":\"https:\\\/\\\/www.donadonsdd.com\\\/es\\\/\",\"name\":\"DonadonSDD Srl\",\"description\":\"\",\"publisher\":{\"@id\":\"https:\\\/\\\/www.donadonsdd.com\\\/es\\\/#organization\"},\"potentialAction\":[{\"@type\":\"SearchAction\",\"target\":{\"@type\":\"EntryPoint\",\"urlTemplate\":\"https:\\\/\\\/www.donadonsdd.com\\\/es\\\/?s={search_term_string}\"},\"query-input\":{\"@type\":\"PropertyValueSpecification\",\"valueRequired\":true,\"valueName\":\"search_term_string\"}}],\"inLanguage\":\"es\"},{\"@type\":\"Organization\",\"@id\":\"https:\\\/\\\/www.donadonsdd.com\\\/es\\\/#organization\",\"name\":\"DonadonSDD Srl\",\"url\":\"https:\\\/\\\/www.donadonsdd.com\\\/es\\\/\",\"logo\":{\"@type\":\"ImageObject\",\"inLanguage\":\"es\",\"@id\":\"https:\\\/\\\/www.donadonsdd.com\\\/es\\\/#\\\/schema\\\/logo\\\/image\\\/\",\"url\":\"https:\\\/\\\/www.donadonsdd.com\\\/wp-content\\\/uploads\\\/2025\\\/11\\\/donadonsdd-logo.png\",\"contentUrl\":\"https:\\\/\\\/www.donadonsdd.com\\\/wp-content\\\/uploads\\\/2025\\\/11\\\/donadonsdd-logo.png\",\"width\":544,\"height\":96,\"caption\":\"DonadonSDD Srl\"},\"image\":{\"@id\":\"https:\\\/\\\/www.donadonsdd.com\\\/es\\\/#\\\/schema\\\/logo\\\/image\\\/\"}}]}<\/script>\n<!-- \/ Yoast SEO plugin. -->","yoast_head_json":{"title":"Disco de ruptura de acci\u00f3n hacia delante para SF6 GIS - SCD","description":"Discos convencionales de ruptura para sistemas aislados con gas SF6 (GIS). Dise\u00f1ado para altas presiones de rotura y condiciones c\u00edclicas, con dise\u00f1o no fragmentable e instalaci\u00f3n compatible entre bridas o carcasas.","robots":{"index":"index","follow":"follow","max-snippet":"max-snippet:-1","max-image-preview":"max-image-preview:large","max-video-preview":"max-video-preview:-1"},"canonical":"https:\/\/www.donadonsdd.com\/es\/producto\/scd-sf6-application\/","og_locale":"es_ES","og_type":"article","og_title":"Disco de ruptura de acci\u00f3n hacia delante para SF6 GIS - SCD","og_description":"Discos convencionales de ruptura para sistemas aislados con gas SF6 (GIS). Dise\u00f1ado para altas presiones de rotura y condiciones c\u00edclicas, con dise\u00f1o no fragmentable e instalaci\u00f3n compatible entre bridas o carcasas.","og_url":"https:\/\/www.donadonsdd.com\/es\/producto\/scd-sf6-application\/","og_site_name":"DonadonSDD Srl","article_modified_time":"2026-02-27T23:22:12+00:00","og_image":[{"width":1218,"height":812,"url":"https:\/\/www.donadonsdd.com\/wp-content\/uploads\/2025\/12\/donadon-sdd-scd-rupture-discs-special-executions-e1766346832238.png","type":"image\/png"}],"twitter_card":"summary_large_image","twitter_misc":{"Tiempo de lectura":"2 minuto"},"schema":{"@context":"https:\/\/schema.org","@graph":[{"@type":"WebPage","@id":"https:\/\/www.donadonsdd.com\/es\/producto\/scd-sf6-application\/","url":"https:\/\/www.donadonsdd.com\/es\/producto\/scd-sf6-application\/","name":"Disco de ruptura de acci\u00f3n hacia delante para SF6 GIS - SCD","isPartOf":{"@id":"https:\/\/www.donadonsdd.com\/es\/#website"},"primaryImageOfPage":{"@id":"https:\/\/www.donadonsdd.com\/es\/producto\/scd-sf6-application\/#primaryimage"},"image":{"@id":"https:\/\/www.donadonsdd.com\/es\/producto\/scd-sf6-application\/#primaryimage"},"thumbnailUrl":"https:\/\/www.donadonsdd.com\/wp-content\/uploads\/2025\/12\/donadon-sdd-scd-rupture-discs-special-executions-e1766346832238.png","datePublished":"2025-12-10T13:46:01+00:00","dateModified":"2026-02-27T23:22:12+00:00","description":"Discos convencionales de ruptura para sistemas aislados con gas SF6 (GIS). Dise\u00f1ado para altas presiones de rotura y condiciones c\u00edclicas, con dise\u00f1o no fragmentable e instalaci\u00f3n compatible entre bridas o carcasas.","breadcrumb":{"@id":"https:\/\/www.donadonsdd.com\/es\/producto\/scd-sf6-application\/#breadcrumb"},"inLanguage":"es","potentialAction":[{"@type":"ReadAction","target":["https:\/\/www.donadonsdd.com\/es\/producto\/scd-sf6-application\/"]}]},{"@type":"ImageObject","inLanguage":"es","@id":"https:\/\/www.donadonsdd.com\/es\/producto\/scd-sf6-application\/#primaryimage","url":"https:\/\/www.donadonsdd.com\/wp-content\/uploads\/2025\/12\/donadon-sdd-scd-rupture-discs-special-executions-e1766346832238.png","contentUrl":"https:\/\/www.donadonsdd.com\/wp-content\/uploads\/2025\/12\/donadon-sdd-scd-rupture-discs-special-executions-e1766346832238.png","width":1218,"height":812,"caption":"donadon sdd scd discos de ruptura ejecuciones especiales"},{"@type":"BreadcrumbList","@id":"https:\/\/www.donadonsdd.com\/es\/producto\/scd-sf6-application\/#breadcrumb","itemListElement":[{"@type":"ListItem","position":1,"name":"HOMEPAGE","item":"https:\/\/www.donadonsdd.com\/es\/"},{"@type":"ListItem","position":2,"name":"Discos de ruptura SCD para aplicaci\u00f3n SF6"}]},{"@type":"WebSite","@id":"https:\/\/www.donadonsdd.com\/es\/#website","url":"https:\/\/www.donadonsdd.com\/es\/","name":"DonadonSDD Srl","description":"","publisher":{"@id":"https:\/\/www.donadonsdd.com\/es\/#organization"},"potentialAction":[{"@type":"SearchAction","target":{"@type":"EntryPoint","urlTemplate":"https:\/\/www.donadonsdd.com\/es\/?s={search_term_string}"},"query-input":{"@type":"PropertyValueSpecification","valueRequired":true,"valueName":"search_term_string"}}],"inLanguage":"es"},{"@type":"Organization","@id":"https:\/\/www.donadonsdd.com\/es\/#organization","name":"DonadonSDD Srl","url":"https:\/\/www.donadonsdd.com\/es\/","logo":{"@type":"ImageObject","inLanguage":"es","@id":"https:\/\/www.donadonsdd.com\/es\/#\/schema\/logo\/image\/","url":"https:\/\/www.donadonsdd.com\/wp-content\/uploads\/2025\/11\/donadonsdd-logo.png","contentUrl":"https:\/\/www.donadonsdd.com\/wp-content\/uploads\/2025\/11\/donadonsdd-logo.png","width":544,"height":96,"caption":"DonadonSDD Srl"},"image":{"@id":"https:\/\/www.donadonsdd.com\/es\/#\/schema\/logo\/image\/"}}]}},"toolset-meta":{"toolset-woocommerce-fields":{"_download_limit":{"type":"numeric","raw":""},"_virtual":{"type":"checkbox","raw":""},"_downloadable":{"type":"checkbox","raw":""},"_download_expiry":{"type":"numeric","raw":""},"_download_type":{"type":"radio","raw":""},"_regular_price":{"type":"numeric","raw":""},"_sale_price":{"type":"numeric","raw":""},"_sale_price_dates_from":{"type":"date","raw":"","formatted":null},"_sale_price_dates_to":{"type":"date","raw":"","formatted":null},"_sku":{"type":"textfield","raw":""},"_manage_stock":{"type":"checkbox","raw":""},"_stock_status":{"type":"radio","raw":""},"_stock":{"type":"numeric","raw":""},"_backorders":{"type":"radio","raw":""},"_sold_individually":{"type":"checkbox","raw":""},"_width":{"type":"numeric","raw":""},"_weight":{"type":"numeric","raw":""},"_length":{"type":"numeric","raw":""},"_purchase_note":{"type":"textarea","raw":""}},"infografica":{"operation-ratio":{"type":"textfield","raw":"hasta el 85"},"non-fragmenting":{"type":"textfield","raw":"s\u00ed"},"vacumm-resistant":{"type":"textfield","raw":"s\u00ed"},"sanitary":{"type":"textfield","raw":"no"},"liquid":{"type":"textfield","raw":"no"},"vapor-gas":{"type":"textfield","raw":"s\u00ed"},"ferrules":{"type":"textfield","raw":""}},"dettagli-prodotto":{"immagini-prodotto":{"type":"image","raw":["https:\/\/www.donadonsdd.com\/wp-content\/uploads\/2025\/12\/donadon-28_result.webp"],"repeatable":[{"raw":"https:\/\/www.donadonsdd.com\/wp-content\/uploads\/2025\/12\/donadon-28_result.webp","attachment_id":8007}]},"tabella-specifiche":{"type":"wysiwyg","raw":""}}},"_links":{"self":[{"href":"https:\/\/www.donadonsdd.com\/es\/wp-json\/wp\/v2\/product\/6561","targetHints":{"allow":["GET"]}}],"collection":[{"href":"https:\/\/www.donadonsdd.com\/es\/wp-json\/wp\/v2\/product"}],"about":[{"href":"https:\/\/www.donadonsdd.com\/es\/wp-json\/wp\/v2\/types\/product"}],"wp:featuredmedia":[{"embeddable":true,"href":"https:\/\/www.donadonsdd.com\/es\/wp-json\/wp\/v2\/media\/6564"}],"wp:attachment":[{"href":"https:\/\/www.donadonsdd.com\/es\/wp-json\/wp\/v2\/media?parent=6561"}],"wp:term":[{"taxonomy":"categoria_prodotto","embeddable":true,"href":"https:\/\/www.donadonsdd.com\/es\/wp-json\/wp\/v2\/categoria_prodotto?post=6561"}],"curies":[{"name":"wp","href":"https:\/\/api.w.org\/{rel}","templated":true}]}}