{"id":5957,"date":"2026-02-20T22:17:32","date_gmt":"2026-02-20T21:17:32","guid":{"rendered":"https:\/\/www.donadonsdd.com\/product\/ir2a-rupture-indicator-indicateur-electrique-sanitaire-de-rupture-de-disque-pour-les-disques-de-serrage\/"},"modified":"2026-04-14T17:10:44","modified_gmt":"2026-04-14T15:10:44","slug":"ir2a-sanitary","status":"publish","type":"product","link":"https:\/\/www.donadonsdd.com\/fr\/produit\/ir2a-sanitary\/","title":{"rendered":"IR2A Rupture Indicator &#8211; Indicateur \u00e9lectrique sanitaire de rupture de disque pour les disques de serrage"},"content":{"rendered":"<p class=\"p1\">Le DonadonSDD IR2A &#8211; Clamp Rupture Indicator est un dispositif fiable et compact con\u00e7u pour la d\u00e9tection des \u00e9v\u00e9nements de rupture sur les disques de rupture sanitaires install\u00e9s avec des connexions clamp.<br \/>\nL&rsquo;indicateur est mont\u00e9 directement sur le disque de rupture, assurant une d\u00e9tection imm\u00e9diate et pr\u00e9cise de l&rsquo;activation du disque dans les applications de processus hygi\u00e9niques.<\/p>\n<p class=\"p1\">La pince IR2A est sp\u00e9cialement con\u00e7ue pour les industries pharmaceutiques, alimentaires, biotechnologiques et autres industries sanitaires, o\u00f9 la propret\u00e9 de la conception, la fiabilit\u00e9 et la conformit\u00e9 aux exigences des zones dangereuses sont essentielles.<\/p>\n<p class=\"p3\">L&rsquo;indicateur IR2A &#8211; Clamp incorpore un \u00e9l\u00e9ment actif constitu\u00e9 d&rsquo;une piste flexible en cuivre, solidement encapsul\u00e9e entre deux couches isolantes de polyimide (Kapton\u00ae).<br \/>\nL&rsquo;\u00e9l\u00e9ment actif est int\u00e9gr\u00e9 m\u00e9caniquement dans l&rsquo;assemblage du disque de rupture mont\u00e9 sur collier par l&rsquo;interm\u00e9diaire d&rsquo;un anneau d&rsquo;actionnement m\u00e9tallique, g\u00e9n\u00e9ralement fabriqu\u00e9 en acier inoxydable AISI 316L.<\/p>\n<p class=\"p3\">Le signal d&rsquo;alarme est transmis par un c\u00e2ble d&rsquo;interface, disponible en configuration standard avec des embouts doubles ou \u00e9quip\u00e9 d&rsquo;un connecteur.<\/p>\n<p class=\"p3\">La connexion au syst\u00e8me de contr\u00f4le ou de s\u00e9curit\u00e9 de l&rsquo;installation doit \u00eatre effectu\u00e9e \u00e0 travers une barri\u00e8re de s\u00e9curit\u00e9 intrins\u00e8que, conform\u00e9ment aux param\u00e8tres \u00e9lectriques du capteur :<\/p>\n<ul class=\"ul1\">\n<li class=\"li3\">Tension maximale : 24 V DC<\/li>\n<li class=\"li3\">Courant maximal : 50 mA<\/li>\n<\/ul>\n<p class=\"p3\">Le choix de la barri\u00e8re d\u00e9termine la classification de la zone dangereuse autoris\u00e9e.<\/p>\n<p class=\"p3\">L&rsquo;indicateur de rupture IR2A &#8211; Clamp est con\u00e7u pour \u00eatre utilis\u00e9 dans des environnements dangereux et est enti\u00e8rement conforme aux normes :<\/p>\n<ul class=\"ul1\">\n<li class=\"li3\">Directive 2014\/34\/EU (ATEX)<\/li>\n<li class=\"li3\">CU TR 012 (EAC)<\/li>\n<li class=\"li3\">Sch\u00e9ma de certification IECEx<\/li>\n<\/ul>\n<p class=\"p3\">Zones d&rsquo;installation autoris\u00e9es<\/p>\n<ul class=\"ul1\">\n<li class=\"li3\">Avec barri\u00e8re Ex ia : Zones 0, 20, 1, 21, 2, 22<\/li>\n<li class=\"li3\">Avec barri\u00e8re Ex ib : Zones 1, 21, 2, 22<\/li>\n<\/ul>\n<p class=\"p3\">L&rsquo;installation doit \u00eatre effectu\u00e9e conform\u00e9ment \u00e0 la norme EN 60079-14 et aux normes \u00e9lectriques nationales applicables.<\/p>\n","protected":false},"excerpt":{"rendered":"<p>Le DonadonSDD IR2A &#8211; Clamp Rupture Indicator est un dispositif fiable et compact con\u00e7u pour la d\u00e9tection des \u00e9v\u00e9nements de rupture sur les disques de rupture sanitaires install\u00e9s avec des connexions clamp. L&rsquo;indicateur est mont\u00e9 directement sur le disque de rupture, assurant une d\u00e9tection imm\u00e9diate et pr\u00e9cise de l&rsquo;activation du disque dans les applications de [&hellip;]<\/p>\n","protected":false},"featured_media":10267,"menu_order":0,"template":"","meta":{"_acf_changed":false},"categoria_prodotto":[94,81],"class_list":["post-5957","product","type-product","status-publish","has-post-thumbnail","hentry","categoria_prodotto-electric","categoria_prodotto-rupture-indicators"],"acf":[],"yoast_head":"<!-- This site is optimized with the Yoast SEO plugin v27.3 - https:\/\/yoast.com\/product\/yoast-seo-wordpress\/ -->\n<title>Indicateur \u00e9lectrique sanitaire de rupture de disque pour les disques de serrage - IR2A<\/title>\n<meta name=\"description\" content=\"IR2A Clamp \u2013 indicateur de rupture \u00e9lectrique DonadonSDD pour disques de rupture sanitaires \u00e0 connexion clamp. Certifi\u00e9 ATEX, IECEx et EAC. Pour les industries pharmaceutique, agroalimentaire et biotech.\" \/>\n<meta name=\"robots\" content=\"index, follow, max-snippet:-1, max-image-preview:large, max-video-preview:-1\" \/>\n<link rel=\"canonical\" href=\"https:\/\/www.donadonsdd.com\/fr\/produit\/ir2a-sanitary\/\" \/>\n<meta property=\"og:locale\" content=\"fr_FR\" \/>\n<meta property=\"og:type\" content=\"article\" \/>\n<meta property=\"og:title\" content=\"Indicateur \u00e9lectrique sanitaire de rupture de disque pour les disques de serrage - IR2A\" \/>\n<meta property=\"og:description\" content=\"IR2A Clamp \u2013 indicateur de rupture \u00e9lectrique DonadonSDD pour disques de rupture sanitaires \u00e0 connexion clamp. Certifi\u00e9 ATEX, IECEx et EAC. Pour les industries pharmaceutique, agroalimentaire et biotech.\" \/>\n<meta property=\"og:url\" content=\"https:\/\/www.donadonsdd.com\/fr\/produit\/ir2a-sanitary\/\" \/>\n<meta property=\"og:site_name\" content=\"DonadonSDD Srl\" \/>\n<meta property=\"article:modified_time\" content=\"2026-04-14T15:10:44+00:00\" \/>\n<meta property=\"og:image\" content=\"https:\/\/www.donadonsdd.com\/wp-content\/uploads\/2026\/02\/PXL_20260226_130000100.MP-remove-background.com_.png\" \/>\n\t<meta property=\"og:image:width\" content=\"1800\" \/>\n\t<meta property=\"og:image:height\" content=\"1013\" \/>\n\t<meta property=\"og:image:type\" content=\"image\/png\" \/>\n<meta name=\"twitter:card\" content=\"summary_large_image\" \/>\n<meta name=\"twitter:label1\" content=\"Dur\u00e9e de lecture estim\u00e9e\" \/>\n\t<meta name=\"twitter:data1\" content=\"3 minutes\" \/>\n<script type=\"application\/ld+json\" class=\"yoast-schema-graph\">{\"@context\":\"https:\\\/\\\/schema.org\",\"@graph\":[{\"@type\":\"WebPage\",\"@id\":\"https:\\\/\\\/www.donadonsdd.com\\\/fr\\\/produit\\\/ir2a-sanitary\\\/\",\"url\":\"https:\\\/\\\/www.donadonsdd.com\\\/fr\\\/produit\\\/ir2a-sanitary\\\/\",\"name\":\"Indicateur \u00e9lectrique sanitaire de rupture de disque pour les disques de serrage - IR2A\",\"isPartOf\":{\"@id\":\"https:\\\/\\\/www.donadonsdd.com\\\/fr\\\/#website\"},\"primaryImageOfPage\":{\"@id\":\"https:\\\/\\\/www.donadonsdd.com\\\/fr\\\/produit\\\/ir2a-sanitary\\\/#primaryimage\"},\"image\":{\"@id\":\"https:\\\/\\\/www.donadonsdd.com\\\/fr\\\/produit\\\/ir2a-sanitary\\\/#primaryimage\"},\"thumbnailUrl\":\"https:\\\/\\\/www.donadonsdd.com\\\/wp-content\\\/uploads\\\/2026\\\/02\\\/PXL_20260226_130000100.MP-remove-background.com_.png\",\"datePublished\":\"2026-02-20T21:17:32+00:00\",\"dateModified\":\"2026-04-14T15:10:44+00:00\",\"description\":\"IR2A Clamp \u2013 indicateur de rupture \u00e9lectrique DonadonSDD pour disques de rupture sanitaires \u00e0 connexion clamp. Certifi\u00e9 ATEX, IECEx et EAC. Pour les industries pharmaceutique, agroalimentaire et biotech.\",\"breadcrumb\":{\"@id\":\"https:\\\/\\\/www.donadonsdd.com\\\/fr\\\/produit\\\/ir2a-sanitary\\\/#breadcrumb\"},\"inLanguage\":\"fr-FR\",\"potentialAction\":[{\"@type\":\"ReadAction\",\"target\":[\"https:\\\/\\\/www.donadonsdd.com\\\/fr\\\/produit\\\/ir2a-sanitary\\\/\"]}]},{\"@type\":\"ImageObject\",\"inLanguage\":\"fr-FR\",\"@id\":\"https:\\\/\\\/www.donadonsdd.com\\\/fr\\\/produit\\\/ir2a-sanitary\\\/#primaryimage\",\"url\":\"https:\\\/\\\/www.donadonsdd.com\\\/wp-content\\\/uploads\\\/2026\\\/02\\\/PXL_20260226_130000100.MP-remove-background.com_.png\",\"contentUrl\":\"https:\\\/\\\/www.donadonsdd.com\\\/wp-content\\\/uploads\\\/2026\\\/02\\\/PXL_20260226_130000100.MP-remove-background.com_.png\",\"width\":1800,\"height\":1013},{\"@type\":\"BreadcrumbList\",\"@id\":\"https:\\\/\\\/www.donadonsdd.com\\\/fr\\\/produit\\\/ir2a-sanitary\\\/#breadcrumb\",\"itemListElement\":[{\"@type\":\"ListItem\",\"position\":1,\"name\":\"HOMEPAGE\",\"item\":\"https:\\\/\\\/www.donadonsdd.com\\\/fr\\\/\"},{\"@type\":\"ListItem\",\"position\":2,\"name\":\"IR2A Rupture Indicator &#8211; Indicateur \u00e9lectrique sanitaire de rupture de disque pour les disques de serrage\"}]},{\"@type\":\"WebSite\",\"@id\":\"https:\\\/\\\/www.donadonsdd.com\\\/fr\\\/#website\",\"url\":\"https:\\\/\\\/www.donadonsdd.com\\\/fr\\\/\",\"name\":\"DonadonSDD Srl\",\"description\":\"\",\"publisher\":{\"@id\":\"https:\\\/\\\/www.donadonsdd.com\\\/fr\\\/#organization\"},\"potentialAction\":[{\"@type\":\"SearchAction\",\"target\":{\"@type\":\"EntryPoint\",\"urlTemplate\":\"https:\\\/\\\/www.donadonsdd.com\\\/fr\\\/?s={search_term_string}\"},\"query-input\":{\"@type\":\"PropertyValueSpecification\",\"valueRequired\":true,\"valueName\":\"search_term_string\"}}],\"inLanguage\":\"fr-FR\"},{\"@type\":\"Organization\",\"@id\":\"https:\\\/\\\/www.donadonsdd.com\\\/fr\\\/#organization\",\"name\":\"DonadonSDD Srl\",\"url\":\"https:\\\/\\\/www.donadonsdd.com\\\/fr\\\/\",\"logo\":{\"@type\":\"ImageObject\",\"inLanguage\":\"fr-FR\",\"@id\":\"https:\\\/\\\/www.donadonsdd.com\\\/fr\\\/#\\\/schema\\\/logo\\\/image\\\/\",\"url\":\"https:\\\/\\\/www.donadonsdd.com\\\/wp-content\\\/uploads\\\/2025\\\/11\\\/donadonsdd-logo.png\",\"contentUrl\":\"https:\\\/\\\/www.donadonsdd.com\\\/wp-content\\\/uploads\\\/2025\\\/11\\\/donadonsdd-logo.png\",\"width\":544,\"height\":96,\"caption\":\"DonadonSDD Srl\"},\"image\":{\"@id\":\"https:\\\/\\\/www.donadonsdd.com\\\/fr\\\/#\\\/schema\\\/logo\\\/image\\\/\"}}]}<\/script>\n<!-- \/ Yoast SEO plugin. -->","yoast_head_json":{"title":"Indicateur \u00e9lectrique sanitaire de rupture de disque pour les disques de serrage - IR2A","description":"IR2A Clamp \u2013 indicateur de rupture \u00e9lectrique DonadonSDD pour disques de rupture sanitaires \u00e0 connexion clamp. Certifi\u00e9 ATEX, IECEx et EAC. Pour les industries pharmaceutique, agroalimentaire et biotech.","robots":{"index":"index","follow":"follow","max-snippet":"max-snippet:-1","max-image-preview":"max-image-preview:large","max-video-preview":"max-video-preview:-1"},"canonical":"https:\/\/www.donadonsdd.com\/fr\/produit\/ir2a-sanitary\/","og_locale":"fr_FR","og_type":"article","og_title":"Indicateur \u00e9lectrique sanitaire de rupture de disque pour les disques de serrage - IR2A","og_description":"IR2A Clamp \u2013 indicateur de rupture \u00e9lectrique DonadonSDD pour disques de rupture sanitaires \u00e0 connexion clamp. Certifi\u00e9 ATEX, IECEx et EAC. Pour les industries pharmaceutique, agroalimentaire et biotech.","og_url":"https:\/\/www.donadonsdd.com\/fr\/produit\/ir2a-sanitary\/","og_site_name":"DonadonSDD Srl","article_modified_time":"2026-04-14T15:10:44+00:00","og_image":[{"width":1800,"height":1013,"url":"https:\/\/www.donadonsdd.com\/wp-content\/uploads\/2026\/02\/PXL_20260226_130000100.MP-remove-background.com_.png","type":"image\/png"}],"twitter_card":"summary_large_image","twitter_misc":{"Dur\u00e9e de lecture estim\u00e9e":"3 minutes"},"schema":{"@context":"https:\/\/schema.org","@graph":[{"@type":"WebPage","@id":"https:\/\/www.donadonsdd.com\/fr\/produit\/ir2a-sanitary\/","url":"https:\/\/www.donadonsdd.com\/fr\/produit\/ir2a-sanitary\/","name":"Indicateur \u00e9lectrique sanitaire de rupture de disque pour les disques de serrage - IR2A","isPartOf":{"@id":"https:\/\/www.donadonsdd.com\/fr\/#website"},"primaryImageOfPage":{"@id":"https:\/\/www.donadonsdd.com\/fr\/produit\/ir2a-sanitary\/#primaryimage"},"image":{"@id":"https:\/\/www.donadonsdd.com\/fr\/produit\/ir2a-sanitary\/#primaryimage"},"thumbnailUrl":"https:\/\/www.donadonsdd.com\/wp-content\/uploads\/2026\/02\/PXL_20260226_130000100.MP-remove-background.com_.png","datePublished":"2026-02-20T21:17:32+00:00","dateModified":"2026-04-14T15:10:44+00:00","description":"IR2A Clamp \u2013 indicateur de rupture \u00e9lectrique DonadonSDD pour disques de rupture sanitaires \u00e0 connexion clamp. Certifi\u00e9 ATEX, IECEx et EAC. Pour les industries pharmaceutique, agroalimentaire et biotech.","breadcrumb":{"@id":"https:\/\/www.donadonsdd.com\/fr\/produit\/ir2a-sanitary\/#breadcrumb"},"inLanguage":"fr-FR","potentialAction":[{"@type":"ReadAction","target":["https:\/\/www.donadonsdd.com\/fr\/produit\/ir2a-sanitary\/"]}]},{"@type":"ImageObject","inLanguage":"fr-FR","@id":"https:\/\/www.donadonsdd.com\/fr\/produit\/ir2a-sanitary\/#primaryimage","url":"https:\/\/www.donadonsdd.com\/wp-content\/uploads\/2026\/02\/PXL_20260226_130000100.MP-remove-background.com_.png","contentUrl":"https:\/\/www.donadonsdd.com\/wp-content\/uploads\/2026\/02\/PXL_20260226_130000100.MP-remove-background.com_.png","width":1800,"height":1013},{"@type":"BreadcrumbList","@id":"https:\/\/www.donadonsdd.com\/fr\/produit\/ir2a-sanitary\/#breadcrumb","itemListElement":[{"@type":"ListItem","position":1,"name":"HOMEPAGE","item":"https:\/\/www.donadonsdd.com\/fr\/"},{"@type":"ListItem","position":2,"name":"IR2A Rupture Indicator &#8211; Indicateur \u00e9lectrique sanitaire de rupture de disque pour les disques de serrage"}]},{"@type":"WebSite","@id":"https:\/\/www.donadonsdd.com\/fr\/#website","url":"https:\/\/www.donadonsdd.com\/fr\/","name":"DonadonSDD Srl","description":"","publisher":{"@id":"https:\/\/www.donadonsdd.com\/fr\/#organization"},"potentialAction":[{"@type":"SearchAction","target":{"@type":"EntryPoint","urlTemplate":"https:\/\/www.donadonsdd.com\/fr\/?s={search_term_string}"},"query-input":{"@type":"PropertyValueSpecification","valueRequired":true,"valueName":"search_term_string"}}],"inLanguage":"fr-FR"},{"@type":"Organization","@id":"https:\/\/www.donadonsdd.com\/fr\/#organization","name":"DonadonSDD Srl","url":"https:\/\/www.donadonsdd.com\/fr\/","logo":{"@type":"ImageObject","inLanguage":"fr-FR","@id":"https:\/\/www.donadonsdd.com\/fr\/#\/schema\/logo\/image\/","url":"https:\/\/www.donadonsdd.com\/wp-content\/uploads\/2025\/11\/donadonsdd-logo.png","contentUrl":"https:\/\/www.donadonsdd.com\/wp-content\/uploads\/2025\/11\/donadonsdd-logo.png","width":544,"height":96,"caption":"DonadonSDD Srl"},"image":{"@id":"https:\/\/www.donadonsdd.com\/fr\/#\/schema\/logo\/image\/"}}]}},"toolset-meta":{"toolset-woocommerce-fields":{"_download_limit":{"type":"numeric","raw":""},"_virtual":{"type":"checkbox","raw":""},"_downloadable":{"type":"checkbox","raw":""},"_download_expiry":{"type":"numeric","raw":""},"_download_type":{"type":"radio","raw":""},"_regular_price":{"type":"numeric","raw":""},"_sale_price":{"type":"numeric","raw":""},"_sale_price_dates_from":{"type":"date","raw":"","formatted":null},"_sale_price_dates_to":{"type":"date","raw":"","formatted":null},"_sku":{"type":"textfield","raw":""},"_manage_stock":{"type":"checkbox","raw":""},"_stock_status":{"type":"radio","raw":""},"_stock":{"type":"numeric","raw":""},"_backorders":{"type":"radio","raw":""},"_sold_individually":{"type":"checkbox","raw":""},"_width":{"type":"numeric","raw":""},"_weight":{"type":"numeric","raw":""},"_length":{"type":"numeric","raw":""},"_purchase_note":{"type":"textarea","raw":""}},"infografica":{"operation-ratio":{"type":"textfield","raw":""},"non-fragmenting":{"type":"textfield","raw":""},"vacumm-resistant":{"type":"textfield","raw":""},"sanitary":{"type":"textfield","raw":""},"liquid":{"type":"textfield","raw":""},"vapor-gas":{"type":"textfield","raw":""},"ferrules":{"type":"textfield","raw":""}},"dettagli-prodotto":{"immagini-prodotto":{"type":"image","raw":["https:\/\/www.donadonsdd.com\/wp-content\/uploads\/2026\/02\/PXL_20260226_130000100.MP_.jpg"],"repeatable":[{"raw":"https:\/\/www.donadonsdd.com\/wp-content\/uploads\/2026\/02\/PXL_20260226_130000100.MP_.jpg","attachment_id":10408}]},"tabella-specifiche":{"type":"wysiwyg","raw":"===TABLE===\r\nMOD\u00c8LE | Pince IR2A ;\r\nTEMPERATURE DE FONCTIONNEMENT | Partie active : de -196 \u00b0C \u00e0 260 \u00b0C \u00a7 C\u00e2ble d'interface : de -40 \u00b0C \u00e0 +70 \u00b0C ;\r\nENCAPSULATION DE MEMBRANES | Polyimide (Kapton\u00ae) ;\r\nPLAQUE DE CIRCUIT IMPRIMEE | Cuivre ;\r\nC\u00c2BLE | Standard, 2 m - disponible avec deux embouts ou avec connecteur \u00a7 Longueur max. 15 m ;\r\nPARAMETRES ELECTRIQUES DE L'ALIMENTATION (MAX) | Tension : 24 V CC \u00a7 Courant : 50 mA \u00a7 Puissance : 0.3 W \u00a7 Capacit\u00e9 : 780 pF \u00a7 Inductance : 10,2 \u00b5H ;\r\nFLUIDE DE TRAITEMENT | Gaz, liquide, poudre ;\r\nDEGREE IP | 67 ;\r\nCOMPATIBILITE AVEC LES DISQUES DE RUPTURE | <a href=\"https:\/\/www.donadonsdd.com\/fr\/produit\/dcd-sanitary\/\">Sanitaire DCD<\/a>, <a href=\"https:\/\/www.donadonsdd.com\/fr\/produit\/scd-sanitary\/\">Sanitaire SCD<\/a>, <a href=\"https:\/\/www.donadonsdd.com\/fr\/produit\/scr-sanitary\/\">Sanitaire SCR<\/a>, <a href=\"https:\/\/www.donadonsdd.com\/fr\/produit\/y90-sanitary\/\">Sanitaire Y90<\/a>, <a href=\"https:\/\/www.donadonsdd.com\/fr\/produit\/krd-sanitary\/\">Sanitaire KRD<\/a>;\r\n\r\n===TEXT===\r\n<h3>La pression minimale de fonctionnement d\u00e9pend du diam\u00e8tre :<\/h3>\r\n===TABLE===\r\nDN (MM) | 25 | 40 | 50 | 65 | 80 | 100 | 150 | 200 ;\r\nNPS (POUCES) | 1 | 1 1\/2 | 2 | 2 1\/2 | 3 | 4 | 6 | 8 ;\r\nPRESSION MINIMALE (BAR G) | 0,8 | 0,5 | 0,45 | 0,4 | 0,12 | 0,1 | 0,07 | 0,05 ;"}}},"_links":{"self":[{"href":"https:\/\/www.donadonsdd.com\/fr\/wp-json\/wp\/v2\/product\/5957","targetHints":{"allow":["GET"]}}],"collection":[{"href":"https:\/\/www.donadonsdd.com\/fr\/wp-json\/wp\/v2\/product"}],"about":[{"href":"https:\/\/www.donadonsdd.com\/fr\/wp-json\/wp\/v2\/types\/product"}],"wp:featuredmedia":[{"embeddable":true,"href":"https:\/\/www.donadonsdd.com\/fr\/wp-json\/wp\/v2\/media\/10267"}],"wp:attachment":[{"href":"https:\/\/www.donadonsdd.com\/fr\/wp-json\/wp\/v2\/media?parent=5957"}],"wp:term":[{"taxonomy":"categoria_prodotto","embeddable":true,"href":"https:\/\/www.donadonsdd.com\/fr\/wp-json\/wp\/v2\/categoria_prodotto?post=5957"}],"curies":[{"name":"wp","href":"https:\/\/api.w.org\/{rel}","templated":true}]}}