{"id":5977,"date":"2026-02-20T23:22:34","date_gmt":"2026-02-20T22:22:34","guid":{"rendered":"https:\/\/www.donadonsdd.com\/product\/panneau-circulaire-devent-dexplosion-pour-applications-poussieres-et-gaz-psc\/"},"modified":"2026-02-28T00:22:54","modified_gmt":"2026-02-27T23:22:54","slug":"psc","status":"publish","type":"product","link":"https:\/\/www.donadonsdd.com\/fr\/produit\/psc\/","title":{"rendered":"Panneau circulaire d&rsquo;\u00e9vent d&rsquo;explosion pour applications poussi\u00e8res et gaz &#8211; PSC"},"content":{"rendered":"<p class=\"p1\">Les panneaux de ventilation circulaire DonadonSDD PS\/C sont des panneaux de tension composites compos\u00e9s de trois parties :<\/p>\n<ul>\n<li class=\"p1\">une pi\u00e8ce m\u00e9tallique calibr\u00e9e<\/li>\n<li class=\"p1\">une membrane d&rsquo;\u00e9tanch\u00e9it\u00e9 (g\u00e9n\u00e9ralement en PTFE)<\/li>\n<li class=\"p1\">une section de protection des m\u00e9taux<\/li>\n<\/ul>\n<p class=\"p1\">Des supports de vide sont \u00e9galement disponibles.<\/p>\n<p class=\"p1\">Les panneaux d&rsquo;\u00e9vent d&rsquo;explosion conviennent pour une utilisation avec des gaz et\/ou des poussi\u00e8res dans des conditions statiques, pulsatoires et cycliques. Ils ont g\u00e9n\u00e9ralement une pression d&rsquo;\u00e9vent tr\u00e8s faible (standard 0,1 bar g). Les panneaux sont principalement mont\u00e9s sur les collecteurs de poussi\u00e8re, les s\u00e9cheurs, les auges, les silos, les s\u00e9parateurs, les m\u00e9langeurs, les surpresseurs, les purificateurs d&rsquo;air, les tamis et les filtres.  <\/p>\n<p class=\"p1\">Ils peuvent \u00eatre mont\u00e9s entre des cadres soud\u00e9s ou des profils non usin\u00e9s en acier au carbone ou en acier inoxydable. Des cadres usin\u00e9s ou des conteneurs co\u00fbteux ne sont pas n\u00e9cessaires. <\/p>\n<p class=\"p1\">Les panneaux peuvent \u00eatre fournis en ex\u00e9cution ATEX (PS\/EX) et certifi\u00e9s EX II GD et EX II D. Ils peuvent donc \u00eatre install\u00e9s dans des lieux avec pr\u00e9sence d&rsquo;atmosph\u00e8res explosives (zones class\u00e9es en cat\u00e9gorie 0, 20, 1, 21, 2, et 20 selon la directive europ\u00e9enne ATEX 2014\/34\/UE). <\/p>\n","protected":false},"excerpt":{"rendered":"<p>Les panneaux de ventilation circulaire DonadonSDD PS\/C sont des panneaux de tension composites compos\u00e9s de trois parties : une pi\u00e8ce m\u00e9tallique calibr\u00e9e une membrane d&rsquo;\u00e9tanch\u00e9it\u00e9 (g\u00e9n\u00e9ralement en PTFE) une section de protection des m\u00e9taux Des supports de vide sont \u00e9galement disponibles. Les panneaux d&rsquo;\u00e9vent d&rsquo;explosion conviennent pour une utilisation avec des gaz et\/ou des poussi\u00e8res [&hellip;]<\/p>\n","protected":false},"featured_media":10263,"menu_order":0,"template":"","meta":{"_acf_changed":false},"categoria_prodotto":[80],"class_list":["post-5977","product","type-product","status-publish","has-post-thumbnail","hentry","categoria_prodotto-explosion-venting-panels"],"acf":[],"yoast_head":"<!-- This site is optimized with the Yoast SEO plugin v27.3 - https:\/\/yoast.com\/product\/yoast-seo-wordpress\/ -->\n<title>Panneau circulaire d&#039;\u00e9vent d&#039;explosion pour applications poussi\u00e8res et gaz - PSC<\/title>\n<meta name=\"description\" content=\"Panneau composite d&#039;\u00e9vent d&#039;explosion pour les applications de poussi\u00e8res et de gaz. La faible pression d&#039;ouverture et la conception non fragment\u00e9e permettent une \u00e9vacuation fiable des explosions. Certifi\u00e9 ATEX, il convient aux silos, aux filtres et aux \u00e9quipements de traitement des poussi\u00e8res.\" \/>\n<meta name=\"robots\" content=\"index, follow, max-snippet:-1, max-image-preview:large, max-video-preview:-1\" \/>\n<link rel=\"canonical\" href=\"https:\/\/www.donadonsdd.com\/fr\/produit\/psc\/\" \/>\n<meta property=\"og:locale\" content=\"fr_FR\" \/>\n<meta property=\"og:type\" content=\"article\" \/>\n<meta property=\"og:title\" content=\"Panneau circulaire d&#039;\u00e9vent d&#039;explosion pour applications poussi\u00e8res et gaz - PSC\" \/>\n<meta property=\"og:description\" content=\"Panneau composite d&#039;\u00e9vent d&#039;explosion pour les applications de poussi\u00e8res et de gaz. La faible pression d&#039;ouverture et la conception non fragment\u00e9e permettent une \u00e9vacuation fiable des explosions. Certifi\u00e9 ATEX, il convient aux silos, aux filtres et aux \u00e9quipements de traitement des poussi\u00e8res.\" \/>\n<meta property=\"og:url\" content=\"https:\/\/www.donadonsdd.com\/fr\/produit\/psc\/\" \/>\n<meta property=\"og:site_name\" content=\"DonadonSDD Srl\" \/>\n<meta property=\"article:modified_time\" content=\"2026-02-27T23:22:54+00:00\" \/>\n<meta property=\"og:image\" content=\"https:\/\/www.donadonsdd.com\/wp-content\/uploads\/2026\/02\/circle20venting20panel-remove-background.com_.png\" \/>\n\t<meta property=\"og:image:width\" content=\"700\" \/>\n\t<meta property=\"og:image:height\" content=\"466\" \/>\n\t<meta property=\"og:image:type\" content=\"image\/png\" \/>\n<meta name=\"twitter:card\" content=\"summary_large_image\" \/>\n<meta name=\"twitter:label1\" content=\"Dur\u00e9e de lecture estim\u00e9e\" \/>\n\t<meta name=\"twitter:data1\" content=\"1 minute\" \/>\n<script type=\"application\/ld+json\" class=\"yoast-schema-graph\">{\"@context\":\"https:\\\/\\\/schema.org\",\"@graph\":[{\"@type\":\"WebPage\",\"@id\":\"https:\\\/\\\/www.donadonsdd.com\\\/fr\\\/produit\\\/psc\\\/\",\"url\":\"https:\\\/\\\/www.donadonsdd.com\\\/fr\\\/produit\\\/psc\\\/\",\"name\":\"Panneau circulaire d'\u00e9vent d'explosion pour applications poussi\u00e8res et gaz - PSC\",\"isPartOf\":{\"@id\":\"https:\\\/\\\/www.donadonsdd.com\\\/fr\\\/#website\"},\"primaryImageOfPage\":{\"@id\":\"https:\\\/\\\/www.donadonsdd.com\\\/fr\\\/produit\\\/psc\\\/#primaryimage\"},\"image\":{\"@id\":\"https:\\\/\\\/www.donadonsdd.com\\\/fr\\\/produit\\\/psc\\\/#primaryimage\"},\"thumbnailUrl\":\"https:\\\/\\\/www.donadonsdd.com\\\/wp-content\\\/uploads\\\/2026\\\/02\\\/circle20venting20panel-remove-background.com_.png\",\"datePublished\":\"2026-02-20T22:22:34+00:00\",\"dateModified\":\"2026-02-27T23:22:54+00:00\",\"description\":\"Panneau composite d'\u00e9vent d'explosion pour les applications de poussi\u00e8res et de gaz. La faible pression d'ouverture et la conception non fragment\u00e9e permettent une \u00e9vacuation fiable des explosions. Certifi\u00e9 ATEX, il convient aux silos, aux filtres et aux \u00e9quipements de traitement des poussi\u00e8res.\",\"breadcrumb\":{\"@id\":\"https:\\\/\\\/www.donadonsdd.com\\\/fr\\\/produit\\\/psc\\\/#breadcrumb\"},\"inLanguage\":\"fr-FR\",\"potentialAction\":[{\"@type\":\"ReadAction\",\"target\":[\"https:\\\/\\\/www.donadonsdd.com\\\/fr\\\/produit\\\/psc\\\/\"]}]},{\"@type\":\"ImageObject\",\"inLanguage\":\"fr-FR\",\"@id\":\"https:\\\/\\\/www.donadonsdd.com\\\/fr\\\/produit\\\/psc\\\/#primaryimage\",\"url\":\"https:\\\/\\\/www.donadonsdd.com\\\/wp-content\\\/uploads\\\/2026\\\/02\\\/circle20venting20panel-remove-background.com_.png\",\"contentUrl\":\"https:\\\/\\\/www.donadonsdd.com\\\/wp-content\\\/uploads\\\/2026\\\/02\\\/circle20venting20panel-remove-background.com_.png\",\"width\":700,\"height\":466},{\"@type\":\"BreadcrumbList\",\"@id\":\"https:\\\/\\\/www.donadonsdd.com\\\/fr\\\/produit\\\/psc\\\/#breadcrumb\",\"itemListElement\":[{\"@type\":\"ListItem\",\"position\":1,\"name\":\"HOMEPAGE\",\"item\":\"https:\\\/\\\/www.donadonsdd.com\\\/fr\\\/\"},{\"@type\":\"ListItem\",\"position\":2,\"name\":\"Panneau circulaire d&rsquo;\u00e9vent d&rsquo;explosion pour applications poussi\u00e8res et gaz &#8211; PSC\"}]},{\"@type\":\"WebSite\",\"@id\":\"https:\\\/\\\/www.donadonsdd.com\\\/fr\\\/#website\",\"url\":\"https:\\\/\\\/www.donadonsdd.com\\\/fr\\\/\",\"name\":\"DonadonSDD Srl\",\"description\":\"\",\"publisher\":{\"@id\":\"https:\\\/\\\/www.donadonsdd.com\\\/fr\\\/#organization\"},\"potentialAction\":[{\"@type\":\"SearchAction\",\"target\":{\"@type\":\"EntryPoint\",\"urlTemplate\":\"https:\\\/\\\/www.donadonsdd.com\\\/fr\\\/?s={search_term_string}\"},\"query-input\":{\"@type\":\"PropertyValueSpecification\",\"valueRequired\":true,\"valueName\":\"search_term_string\"}}],\"inLanguage\":\"fr-FR\"},{\"@type\":\"Organization\",\"@id\":\"https:\\\/\\\/www.donadonsdd.com\\\/fr\\\/#organization\",\"name\":\"DonadonSDD Srl\",\"url\":\"https:\\\/\\\/www.donadonsdd.com\\\/fr\\\/\",\"logo\":{\"@type\":\"ImageObject\",\"inLanguage\":\"fr-FR\",\"@id\":\"https:\\\/\\\/www.donadonsdd.com\\\/fr\\\/#\\\/schema\\\/logo\\\/image\\\/\",\"url\":\"https:\\\/\\\/www.donadonsdd.com\\\/wp-content\\\/uploads\\\/2025\\\/11\\\/donadonsdd-logo.png\",\"contentUrl\":\"https:\\\/\\\/www.donadonsdd.com\\\/wp-content\\\/uploads\\\/2025\\\/11\\\/donadonsdd-logo.png\",\"width\":544,\"height\":96,\"caption\":\"DonadonSDD Srl\"},\"image\":{\"@id\":\"https:\\\/\\\/www.donadonsdd.com\\\/fr\\\/#\\\/schema\\\/logo\\\/image\\\/\"}}]}<\/script>\n<!-- \/ Yoast SEO plugin. -->","yoast_head_json":{"title":"Panneau circulaire d'\u00e9vent d'explosion pour applications poussi\u00e8res et gaz - PSC","description":"Panneau composite d'\u00e9vent d'explosion pour les applications de poussi\u00e8res et de gaz. La faible pression d'ouverture et la conception non fragment\u00e9e permettent une \u00e9vacuation fiable des explosions. Certifi\u00e9 ATEX, il convient aux silos, aux filtres et aux \u00e9quipements de traitement des poussi\u00e8res.","robots":{"index":"index","follow":"follow","max-snippet":"max-snippet:-1","max-image-preview":"max-image-preview:large","max-video-preview":"max-video-preview:-1"},"canonical":"https:\/\/www.donadonsdd.com\/fr\/produit\/psc\/","og_locale":"fr_FR","og_type":"article","og_title":"Panneau circulaire d'\u00e9vent d'explosion pour applications poussi\u00e8res et gaz - PSC","og_description":"Panneau composite d'\u00e9vent d'explosion pour les applications de poussi\u00e8res et de gaz. La faible pression d'ouverture et la conception non fragment\u00e9e permettent une \u00e9vacuation fiable des explosions. Certifi\u00e9 ATEX, il convient aux silos, aux filtres et aux \u00e9quipements de traitement des poussi\u00e8res.","og_url":"https:\/\/www.donadonsdd.com\/fr\/produit\/psc\/","og_site_name":"DonadonSDD Srl","article_modified_time":"2026-02-27T23:22:54+00:00","og_image":[{"width":700,"height":466,"url":"https:\/\/www.donadonsdd.com\/wp-content\/uploads\/2026\/02\/circle20venting20panel-remove-background.com_.png","type":"image\/png"}],"twitter_card":"summary_large_image","twitter_misc":{"Dur\u00e9e de lecture estim\u00e9e":"1 minute"},"schema":{"@context":"https:\/\/schema.org","@graph":[{"@type":"WebPage","@id":"https:\/\/www.donadonsdd.com\/fr\/produit\/psc\/","url":"https:\/\/www.donadonsdd.com\/fr\/produit\/psc\/","name":"Panneau circulaire d'\u00e9vent d'explosion pour applications poussi\u00e8res et gaz - PSC","isPartOf":{"@id":"https:\/\/www.donadonsdd.com\/fr\/#website"},"primaryImageOfPage":{"@id":"https:\/\/www.donadonsdd.com\/fr\/produit\/psc\/#primaryimage"},"image":{"@id":"https:\/\/www.donadonsdd.com\/fr\/produit\/psc\/#primaryimage"},"thumbnailUrl":"https:\/\/www.donadonsdd.com\/wp-content\/uploads\/2026\/02\/circle20venting20panel-remove-background.com_.png","datePublished":"2026-02-20T22:22:34+00:00","dateModified":"2026-02-27T23:22:54+00:00","description":"Panneau composite d'\u00e9vent d'explosion pour les applications de poussi\u00e8res et de gaz. La faible pression d'ouverture et la conception non fragment\u00e9e permettent une \u00e9vacuation fiable des explosions. Certifi\u00e9 ATEX, il convient aux silos, aux filtres et aux \u00e9quipements de traitement des poussi\u00e8res.","breadcrumb":{"@id":"https:\/\/www.donadonsdd.com\/fr\/produit\/psc\/#breadcrumb"},"inLanguage":"fr-FR","potentialAction":[{"@type":"ReadAction","target":["https:\/\/www.donadonsdd.com\/fr\/produit\/psc\/"]}]},{"@type":"ImageObject","inLanguage":"fr-FR","@id":"https:\/\/www.donadonsdd.com\/fr\/produit\/psc\/#primaryimage","url":"https:\/\/www.donadonsdd.com\/wp-content\/uploads\/2026\/02\/circle20venting20panel-remove-background.com_.png","contentUrl":"https:\/\/www.donadonsdd.com\/wp-content\/uploads\/2026\/02\/circle20venting20panel-remove-background.com_.png","width":700,"height":466},{"@type":"BreadcrumbList","@id":"https:\/\/www.donadonsdd.com\/fr\/produit\/psc\/#breadcrumb","itemListElement":[{"@type":"ListItem","position":1,"name":"HOMEPAGE","item":"https:\/\/www.donadonsdd.com\/fr\/"},{"@type":"ListItem","position":2,"name":"Panneau circulaire d&rsquo;\u00e9vent d&rsquo;explosion pour applications poussi\u00e8res et gaz &#8211; PSC"}]},{"@type":"WebSite","@id":"https:\/\/www.donadonsdd.com\/fr\/#website","url":"https:\/\/www.donadonsdd.com\/fr\/","name":"DonadonSDD Srl","description":"","publisher":{"@id":"https:\/\/www.donadonsdd.com\/fr\/#organization"},"potentialAction":[{"@type":"SearchAction","target":{"@type":"EntryPoint","urlTemplate":"https:\/\/www.donadonsdd.com\/fr\/?s={search_term_string}"},"query-input":{"@type":"PropertyValueSpecification","valueRequired":true,"valueName":"search_term_string"}}],"inLanguage":"fr-FR"},{"@type":"Organization","@id":"https:\/\/www.donadonsdd.com\/fr\/#organization","name":"DonadonSDD Srl","url":"https:\/\/www.donadonsdd.com\/fr\/","logo":{"@type":"ImageObject","inLanguage":"fr-FR","@id":"https:\/\/www.donadonsdd.com\/fr\/#\/schema\/logo\/image\/","url":"https:\/\/www.donadonsdd.com\/wp-content\/uploads\/2025\/11\/donadonsdd-logo.png","contentUrl":"https:\/\/www.donadonsdd.com\/wp-content\/uploads\/2025\/11\/donadonsdd-logo.png","width":544,"height":96,"caption":"DonadonSDD Srl"},"image":{"@id":"https:\/\/www.donadonsdd.com\/fr\/#\/schema\/logo\/image\/"}}]}},"toolset-meta":{"toolset-woocommerce-fields":{"_download_limit":{"type":"numeric","raw":""},"_virtual":{"type":"checkbox","raw":""},"_downloadable":{"type":"checkbox","raw":""},"_download_expiry":{"type":"numeric","raw":""},"_download_type":{"type":"radio","raw":""},"_regular_price":{"type":"numeric","raw":""},"_sale_price":{"type":"numeric","raw":""},"_sale_price_dates_from":{"type":"date","raw":"","formatted":null},"_sale_price_dates_to":{"type":"date","raw":"","formatted":null},"_sku":{"type":"textfield","raw":""},"_manage_stock":{"type":"checkbox","raw":""},"_stock_status":{"type":"radio","raw":""},"_stock":{"type":"numeric","raw":""},"_backorders":{"type":"radio","raw":""},"_sold_individually":{"type":"checkbox","raw":""},"_width":{"type":"numeric","raw":""},"_weight":{"type":"numeric","raw":""},"_length":{"type":"numeric","raw":""},"_purchase_note":{"type":"textarea","raw":""}},"infografica":{"operation-ratio":{"type":"textfield","raw":"50% - 70%"},"non-fragmenting":{"type":"textfield","raw":"oui (membrane uniquement)"},"vacumm-resistant":{"type":"textfield","raw":"Oui, le soutien \u00e0 l'aspiration est disponible"},"sanitary":{"type":"textfield","raw":"non"},"liquid":{"type":"textfield","raw":""},"vapor-gas":{"type":"textfield","raw":""},"ferrules":{"type":"textfield","raw":""}},"dettagli-prodotto":{"immagini-prodotto":{"type":"image","raw":[""],"repeatable":[{"raw":""}]},"tabella-specifiche":{"type":"wysiwyg","raw":"<p class=\"p1\">MOD\u00c8LE | PSC ;\nMAT\u00c9RIAUX | Acier inoxydable ;\nMEMBRANE D'\u00c9TANCH\u00c9IT\u00c9 | PTFE ;\nDIMENSIONS | Min DN 250 - Max DN 900 ;\nPRESSION DE RUPTURE | 0.1 bar g ;\nTOLERANCE | de +\/- 10 % \u00e0 +\/- 20 % ;\nTEMPERATURE DE FONCTIONNEMENT | Jusqu'\u00e0 260\u00b0C ;\nMARGE DE FONCTIONNEMENT | 50%-70% ;\nSUPPORT D'ASPIRATION | Disponible ;\nFRAGMENTATION | Non (membrane uniquement) ;\nRESISTANCE A LA CORROSION | Bonne - peut \u00eatre prot\u00e9g\u00e9e par une membrane en PTFE ;\nINDICATEURS DE RUPTURE | <a href=\"https:\/\/www.donadonsdd.com\/fr\/produits\/indicateurs-de-rupture\/electrique\/\">Electriques<\/a>, <a href=\"https:\/\/www.donadonsdd.com\/fr\/produits\/indicateurs-de-rupture\/inductif\/\">Inductifs<\/a>;\nREV\u00caTEMENTS | Oui ;<\/p>"}}},"_links":{"self":[{"href":"https:\/\/www.donadonsdd.com\/fr\/wp-json\/wp\/v2\/product\/5977","targetHints":{"allow":["GET"]}}],"collection":[{"href":"https:\/\/www.donadonsdd.com\/fr\/wp-json\/wp\/v2\/product"}],"about":[{"href":"https:\/\/www.donadonsdd.com\/fr\/wp-json\/wp\/v2\/types\/product"}],"wp:featuredmedia":[{"embeddable":true,"href":"https:\/\/www.donadonsdd.com\/fr\/wp-json\/wp\/v2\/media\/10263"}],"wp:attachment":[{"href":"https:\/\/www.donadonsdd.com\/fr\/wp-json\/wp\/v2\/media?parent=5977"}],"wp:term":[{"taxonomy":"categoria_prodotto","embeddable":true,"href":"https:\/\/www.donadonsdd.com\/fr\/wp-json\/wp\/v2\/categoria_prodotto?post=5977"}],"curies":[{"name":"wp","href":"https:\/\/api.w.org\/{rel}","templated":true}]}}