{"id":6015,"date":"2025-12-11T17:06:57","date_gmt":"2025-12-11T16:06:57","guid":{"rendered":"https:\/\/www.donadonsdd.com\/product\/nam-05-indicateurs-de-rupture\/"},"modified":"2026-03-01T02:24:35","modified_gmt":"2026-03-01T01:24:35","slug":"nam05","status":"publish","type":"product","link":"https:\/\/www.donadonsdd.com\/fr\/produit\/nam05\/","title":{"rendered":"NAM 05 Indicateurs de rupture"},"content":{"rendered":"<p>Les syst\u00e8mes d&rsquo;alarme de rupture inductive NAM 05 sont recommand\u00e9s pour l&rsquo;installation sur les disques de rupture et les panneaux d&rsquo;\u00e9vent d&rsquo;explosion.<\/p>\n<p>L&rsquo;indicateur NAM 05 est compos\u00e9 de<\/p>\n<ul>\n<li>un capteur de proximit\u00e9 inductif install\u00e9 en aval du disque ou du panneau<\/li>\n<li>une cible fournie avec le disque ou le panneau<\/li>\n<\/ul>\n<p>Lorsque le disque s&rsquo;ouvre, la cible se d\u00e9place et le capteur envoie un signal au syst\u00e8me de s\u00e9curit\u00e9 de l&rsquo;usine. Les disques ou les panneaux sont fournis avec une nouvelle cible. <\/p>\n<p>Le NAM 05 est un dispositif de s\u00e9curit\u00e9 intrins\u00e8que certifi\u00e9 :<\/p>\n<ul>\n<li>ATEX II 1G Ex ia IIC T6<\/li>\n<li>ATEX II 1D Ex iaD 20 T 108\u00b0C<\/li>\n<\/ul>\n<p>Il peut donc \u00eatre utilis\u00e9 dans des lieux o\u00f9 des atmosph\u00e8res potentiellement explosives sont pr\u00e9sentes (zones class\u00e9es 0, 20, 1, 21, 2, 22 selon la directive europ\u00e9enne 94\/9\/CE (ATEX)).<br \/>\nL&rsquo;installation des zones d\u00e9pend \u00e9galement du type de barri\u00e8re :<\/p>\n<ul>\n<li>Zone de barri\u00e8re Ex ia 0 ; 20 ; 1 ; 21 ; 2 ; 22<\/li>\n<li>Ex ib barrier zone 1 ; 21 ; 2 ; 22<\/li>\n<\/ul>\n<p>NAM 05 is normally supplied with 2m bipolar cable that must be connected to the plant\u2019s safety system through an intrinsic safety barrier.<\/p>\n<p>L&rsquo;installation doit \u00eatre conforme \u00e0 la norme EN 60079-14.<\/p>\n","protected":false},"excerpt":{"rendered":"<p>Les syst\u00e8mes d&rsquo;alarme de rupture inductive NAM 05 sont recommand\u00e9s pour l&rsquo;installation sur les disques de rupture et les panneaux d&rsquo;\u00e9vent d&rsquo;explosion. L&rsquo;indicateur NAM 05 est compos\u00e9 de un capteur de proximit\u00e9 inductif install\u00e9 en aval du disque ou du panneau une cible fournie avec le disque ou le panneau Lorsque le disque s&rsquo;ouvre, la [&hellip;]<\/p>\n","protected":false},"featured_media":5694,"menu_order":0,"template":"","meta":{"_acf_changed":false},"categoria_prodotto":[96,81],"class_list":["post-6015","product","type-product","status-publish","has-post-thumbnail","hentry","categoria_prodotto-inductive","categoria_prodotto-rupture-indicators"],"acf":[],"yoast_head":"<!-- This site is optimized with the Yoast SEO plugin v27.3 - https:\/\/yoast.com\/product\/yoast-seo-wordpress\/ -->\n<title>Indicateur inductif de disque de rupture NAMUR - NAM05<\/title>\n<meta name=\"description\" content=\"Indicateur inductif de disque de rupture avec sortie NAMUR pour une d\u00e9tection fiable des \u00e9clatements. D\u00e9tection sans contact, con\u00e7ue pour une int\u00e9gration directe avec les syst\u00e8mes DCS et PLC dans les installations industrielles.\" \/>\n<meta name=\"robots\" content=\"index, follow, max-snippet:-1, max-image-preview:large, max-video-preview:-1\" \/>\n<link rel=\"canonical\" href=\"https:\/\/www.donadonsdd.com\/fr\/produit\/nam05\/\" \/>\n<meta property=\"og:locale\" content=\"fr_FR\" \/>\n<meta property=\"og:type\" content=\"article\" \/>\n<meta property=\"og:title\" content=\"Indicateur inductif de disque de rupture NAMUR - NAM05\" \/>\n<meta property=\"og:description\" content=\"Indicateur inductif de disque de rupture avec sortie NAMUR pour une d\u00e9tection fiable des \u00e9clatements. D\u00e9tection sans contact, con\u00e7ue pour une int\u00e9gration directe avec les syst\u00e8mes DCS et PLC dans les installations industrielles.\" \/>\n<meta property=\"og:url\" content=\"https:\/\/www.donadonsdd.com\/fr\/produit\/nam05\/\" \/>\n<meta property=\"og:site_name\" content=\"DonadonSDD Srl\" \/>\n<meta property=\"article:modified_time\" content=\"2026-03-01T01:24:35+00:00\" \/>\n<meta property=\"og:image\" content=\"https:\/\/www.donadonsdd.com\/wp-content\/uploads\/2025\/12\/donadon-61.png\" \/>\n\t<meta property=\"og:image:width\" content=\"1800\" \/>\n\t<meta property=\"og:image:height\" content=\"1200\" \/>\n\t<meta property=\"og:image:type\" content=\"image\/png\" \/>\n<meta name=\"twitter:card\" content=\"summary_large_image\" \/>\n<meta name=\"twitter:label1\" content=\"Dur\u00e9e de lecture estim\u00e9e\" \/>\n\t<meta name=\"twitter:data1\" content=\"1 minute\" \/>\n<script type=\"application\/ld+json\" class=\"yoast-schema-graph\">{\"@context\":\"https:\\\/\\\/schema.org\",\"@graph\":[{\"@type\":\"WebPage\",\"@id\":\"https:\\\/\\\/www.donadonsdd.com\\\/fr\\\/produit\\\/nam05\\\/\",\"url\":\"https:\\\/\\\/www.donadonsdd.com\\\/fr\\\/produit\\\/nam05\\\/\",\"name\":\"Indicateur inductif de disque de rupture NAMUR - NAM05\",\"isPartOf\":{\"@id\":\"https:\\\/\\\/www.donadonsdd.com\\\/fr\\\/#website\"},\"primaryImageOfPage\":{\"@id\":\"https:\\\/\\\/www.donadonsdd.com\\\/fr\\\/produit\\\/nam05\\\/#primaryimage\"},\"image\":{\"@id\":\"https:\\\/\\\/www.donadonsdd.com\\\/fr\\\/produit\\\/nam05\\\/#primaryimage\"},\"thumbnailUrl\":\"https:\\\/\\\/www.donadonsdd.com\\\/wp-content\\\/uploads\\\/2025\\\/12\\\/donadon-61.png\",\"datePublished\":\"2025-12-11T16:06:57+00:00\",\"dateModified\":\"2026-03-01T01:24:35+00:00\",\"description\":\"Indicateur inductif de disque de rupture avec sortie NAMUR pour une d\u00e9tection fiable des \u00e9clatements. D\u00e9tection sans contact, con\u00e7ue pour une int\u00e9gration directe avec les syst\u00e8mes DCS et PLC dans les installations industrielles.\",\"breadcrumb\":{\"@id\":\"https:\\\/\\\/www.donadonsdd.com\\\/fr\\\/produit\\\/nam05\\\/#breadcrumb\"},\"inLanguage\":\"fr-FR\",\"potentialAction\":[{\"@type\":\"ReadAction\",\"target\":[\"https:\\\/\\\/www.donadonsdd.com\\\/fr\\\/produit\\\/nam05\\\/\"]}]},{\"@type\":\"ImageObject\",\"inLanguage\":\"fr-FR\",\"@id\":\"https:\\\/\\\/www.donadonsdd.com\\\/fr\\\/produit\\\/nam05\\\/#primaryimage\",\"url\":\"https:\\\/\\\/www.donadonsdd.com\\\/wp-content\\\/uploads\\\/2025\\\/12\\\/donadon-61.png\",\"contentUrl\":\"https:\\\/\\\/www.donadonsdd.com\\\/wp-content\\\/uploads\\\/2025\\\/12\\\/donadon-61.png\",\"width\":1800,\"height\":1200},{\"@type\":\"BreadcrumbList\",\"@id\":\"https:\\\/\\\/www.donadonsdd.com\\\/fr\\\/produit\\\/nam05\\\/#breadcrumb\",\"itemListElement\":[{\"@type\":\"ListItem\",\"position\":1,\"name\":\"HOMEPAGE\",\"item\":\"https:\\\/\\\/www.donadonsdd.com\\\/fr\\\/\"},{\"@type\":\"ListItem\",\"position\":2,\"name\":\"NAM 05 Indicateurs de rupture\"}]},{\"@type\":\"WebSite\",\"@id\":\"https:\\\/\\\/www.donadonsdd.com\\\/fr\\\/#website\",\"url\":\"https:\\\/\\\/www.donadonsdd.com\\\/fr\\\/\",\"name\":\"DonadonSDD Srl\",\"description\":\"\",\"publisher\":{\"@id\":\"https:\\\/\\\/www.donadonsdd.com\\\/fr\\\/#organization\"},\"potentialAction\":[{\"@type\":\"SearchAction\",\"target\":{\"@type\":\"EntryPoint\",\"urlTemplate\":\"https:\\\/\\\/www.donadonsdd.com\\\/fr\\\/?s={search_term_string}\"},\"query-input\":{\"@type\":\"PropertyValueSpecification\",\"valueRequired\":true,\"valueName\":\"search_term_string\"}}],\"inLanguage\":\"fr-FR\"},{\"@type\":\"Organization\",\"@id\":\"https:\\\/\\\/www.donadonsdd.com\\\/fr\\\/#organization\",\"name\":\"DonadonSDD Srl\",\"url\":\"https:\\\/\\\/www.donadonsdd.com\\\/fr\\\/\",\"logo\":{\"@type\":\"ImageObject\",\"inLanguage\":\"fr-FR\",\"@id\":\"https:\\\/\\\/www.donadonsdd.com\\\/fr\\\/#\\\/schema\\\/logo\\\/image\\\/\",\"url\":\"https:\\\/\\\/www.donadonsdd.com\\\/wp-content\\\/uploads\\\/2025\\\/11\\\/donadonsdd-logo.png\",\"contentUrl\":\"https:\\\/\\\/www.donadonsdd.com\\\/wp-content\\\/uploads\\\/2025\\\/11\\\/donadonsdd-logo.png\",\"width\":544,\"height\":96,\"caption\":\"DonadonSDD Srl\"},\"image\":{\"@id\":\"https:\\\/\\\/www.donadonsdd.com\\\/fr\\\/#\\\/schema\\\/logo\\\/image\\\/\"}}]}<\/script>\n<!-- \/ Yoast SEO plugin. -->","yoast_head_json":{"title":"Indicateur inductif de disque de rupture NAMUR - NAM05","description":"Indicateur inductif de disque de rupture avec sortie NAMUR pour une d\u00e9tection fiable des \u00e9clatements. D\u00e9tection sans contact, con\u00e7ue pour une int\u00e9gration directe avec les syst\u00e8mes DCS et PLC dans les installations industrielles.","robots":{"index":"index","follow":"follow","max-snippet":"max-snippet:-1","max-image-preview":"max-image-preview:large","max-video-preview":"max-video-preview:-1"},"canonical":"https:\/\/www.donadonsdd.com\/fr\/produit\/nam05\/","og_locale":"fr_FR","og_type":"article","og_title":"Indicateur inductif de disque de rupture NAMUR - NAM05","og_description":"Indicateur inductif de disque de rupture avec sortie NAMUR pour une d\u00e9tection fiable des \u00e9clatements. D\u00e9tection sans contact, con\u00e7ue pour une int\u00e9gration directe avec les syst\u00e8mes DCS et PLC dans les installations industrielles.","og_url":"https:\/\/www.donadonsdd.com\/fr\/produit\/nam05\/","og_site_name":"DonadonSDD Srl","article_modified_time":"2026-03-01T01:24:35+00:00","og_image":[{"width":1800,"height":1200,"url":"https:\/\/www.donadonsdd.com\/wp-content\/uploads\/2025\/12\/donadon-61.png","type":"image\/png"}],"twitter_card":"summary_large_image","twitter_misc":{"Dur\u00e9e de lecture estim\u00e9e":"1 minute"},"schema":{"@context":"https:\/\/schema.org","@graph":[{"@type":"WebPage","@id":"https:\/\/www.donadonsdd.com\/fr\/produit\/nam05\/","url":"https:\/\/www.donadonsdd.com\/fr\/produit\/nam05\/","name":"Indicateur inductif de disque de rupture NAMUR - NAM05","isPartOf":{"@id":"https:\/\/www.donadonsdd.com\/fr\/#website"},"primaryImageOfPage":{"@id":"https:\/\/www.donadonsdd.com\/fr\/produit\/nam05\/#primaryimage"},"image":{"@id":"https:\/\/www.donadonsdd.com\/fr\/produit\/nam05\/#primaryimage"},"thumbnailUrl":"https:\/\/www.donadonsdd.com\/wp-content\/uploads\/2025\/12\/donadon-61.png","datePublished":"2025-12-11T16:06:57+00:00","dateModified":"2026-03-01T01:24:35+00:00","description":"Indicateur inductif de disque de rupture avec sortie NAMUR pour une d\u00e9tection fiable des \u00e9clatements. D\u00e9tection sans contact, con\u00e7ue pour une int\u00e9gration directe avec les syst\u00e8mes DCS et PLC dans les installations industrielles.","breadcrumb":{"@id":"https:\/\/www.donadonsdd.com\/fr\/produit\/nam05\/#breadcrumb"},"inLanguage":"fr-FR","potentialAction":[{"@type":"ReadAction","target":["https:\/\/www.donadonsdd.com\/fr\/produit\/nam05\/"]}]},{"@type":"ImageObject","inLanguage":"fr-FR","@id":"https:\/\/www.donadonsdd.com\/fr\/produit\/nam05\/#primaryimage","url":"https:\/\/www.donadonsdd.com\/wp-content\/uploads\/2025\/12\/donadon-61.png","contentUrl":"https:\/\/www.donadonsdd.com\/wp-content\/uploads\/2025\/12\/donadon-61.png","width":1800,"height":1200},{"@type":"BreadcrumbList","@id":"https:\/\/www.donadonsdd.com\/fr\/produit\/nam05\/#breadcrumb","itemListElement":[{"@type":"ListItem","position":1,"name":"HOMEPAGE","item":"https:\/\/www.donadonsdd.com\/fr\/"},{"@type":"ListItem","position":2,"name":"NAM 05 Indicateurs de rupture"}]},{"@type":"WebSite","@id":"https:\/\/www.donadonsdd.com\/fr\/#website","url":"https:\/\/www.donadonsdd.com\/fr\/","name":"DonadonSDD Srl","description":"","publisher":{"@id":"https:\/\/www.donadonsdd.com\/fr\/#organization"},"potentialAction":[{"@type":"SearchAction","target":{"@type":"EntryPoint","urlTemplate":"https:\/\/www.donadonsdd.com\/fr\/?s={search_term_string}"},"query-input":{"@type":"PropertyValueSpecification","valueRequired":true,"valueName":"search_term_string"}}],"inLanguage":"fr-FR"},{"@type":"Organization","@id":"https:\/\/www.donadonsdd.com\/fr\/#organization","name":"DonadonSDD Srl","url":"https:\/\/www.donadonsdd.com\/fr\/","logo":{"@type":"ImageObject","inLanguage":"fr-FR","@id":"https:\/\/www.donadonsdd.com\/fr\/#\/schema\/logo\/image\/","url":"https:\/\/www.donadonsdd.com\/wp-content\/uploads\/2025\/11\/donadonsdd-logo.png","contentUrl":"https:\/\/www.donadonsdd.com\/wp-content\/uploads\/2025\/11\/donadonsdd-logo.png","width":544,"height":96,"caption":"DonadonSDD Srl"},"image":{"@id":"https:\/\/www.donadonsdd.com\/fr\/#\/schema\/logo\/image\/"}}]}},"toolset-meta":{"toolset-woocommerce-fields":{"_download_limit":{"type":"numeric","raw":""},"_virtual":{"type":"checkbox","raw":""},"_downloadable":{"type":"checkbox","raw":""},"_download_expiry":{"type":"numeric","raw":""},"_download_type":{"type":"radio","raw":""},"_regular_price":{"type":"numeric","raw":""},"_sale_price":{"type":"numeric","raw":""},"_sale_price_dates_from":{"type":"date","raw":"","formatted":null},"_sale_price_dates_to":{"type":"date","raw":"","formatted":null},"_sku":{"type":"textfield","raw":""},"_manage_stock":{"type":"checkbox","raw":""},"_stock_status":{"type":"radio","raw":""},"_stock":{"type":"numeric","raw":""},"_backorders":{"type":"radio","raw":""},"_sold_individually":{"type":"checkbox","raw":""},"_width":{"type":"numeric","raw":""},"_weight":{"type":"numeric","raw":""},"_length":{"type":"numeric","raw":""},"_purchase_note":{"type":"textarea","raw":""}},"infografica":{"operation-ratio":{"type":"textfield","raw":""},"non-fragmenting":{"type":"textfield","raw":""},"vacumm-resistant":{"type":"textfield","raw":""},"sanitary":{"type":"textfield","raw":""},"liquid":{"type":"textfield","raw":""},"vapor-gas":{"type":"textfield","raw":""},"ferrules":{"type":"textfield","raw":""}},"dettagli-prodotto":{"immagini-prodotto":{"type":"image","raw":[""],"repeatable":[{"raw":""}]},"tabella-specifiche":{"type":"wysiwyg","raw":"MODELE | NAM 05 ;TEMPERATURE DE STOCKAGE | De -40\u00b0C \u00e0 +100\u00b0C ;TENSION D'ALIMENTATION NOMINALE | 8,2 V ;C\u00c2BLE | 2 m en PVC ;DEGR\u00c9 DE PROTECTION | IP 66\/67 ;DISQUE DE RUPTURE | <a href=\"https:\/\/www.donadonsdd.com\/fr\/produit\/dcd-composite\/\">DCD<\/a>, <a href=\"https:\/\/www.donadonsdd.com\/fr\/produit\/dif\/\">DIF<\/a>, <a href=\"https:\/\/www.donadonsdd.com\/fr\/produit\/lpd\/\">LPD<\/a>, <a href=\"https:\/\/www.donadonsdd.com\/fr\/produit\/scd\/\">SCD<\/a>, <a href=\"https:\/\/www.donadonsdd.com\/fr\/produit\/scr\/\">SCR<\/a>, <a href=\"https:\/\/www.donadonsdd.com\/fr\/produit\/y90\/\">Y90<\/a>, <a href=\"https:\/\/www.donadonsdd.com\/fr\/produit\/krd\/\">KRD<\/a> ;PANNEAUX D'\u00c9VENTUELLE D'EXPLOSION | <a href=\"https:\/\/www.donadonsdd.com\/fr\/produit\/psc\/\">PS\/C<\/a>, <a href=\"https:\/\/www.donadonsdd.com\/fr\/produit\/psr\/\">PS\/R<\/a> ;"}}},"_links":{"self":[{"href":"https:\/\/www.donadonsdd.com\/fr\/wp-json\/wp\/v2\/product\/6015","targetHints":{"allow":["GET"]}}],"collection":[{"href":"https:\/\/www.donadonsdd.com\/fr\/wp-json\/wp\/v2\/product"}],"about":[{"href":"https:\/\/www.donadonsdd.com\/fr\/wp-json\/wp\/v2\/types\/product"}],"wp:featuredmedia":[{"embeddable":true,"href":"https:\/\/www.donadonsdd.com\/fr\/wp-json\/wp\/v2\/media\/5694"}],"wp:attachment":[{"href":"https:\/\/www.donadonsdd.com\/fr\/wp-json\/wp\/v2\/media?parent=6015"}],"wp:term":[{"taxonomy":"categoria_prodotto","embeddable":true,"href":"https:\/\/www.donadonsdd.com\/fr\/wp-json\/wp\/v2\/categoria_prodotto?post=6015"}],"curies":[{"name":"wp","href":"https:\/\/api.w.org\/{rel}","templated":true}]}}