{"id":6018,"date":"2025-12-11T17:04:45","date_gmt":"2025-12-11T16:04:45","guid":{"rendered":"https:\/\/www.donadonsdd.com\/product\/indicateurs-de-rupture-nam-03-ht\/"},"modified":"2026-02-28T00:22:52","modified_gmt":"2026-02-27T23:22:52","slug":"nam03ht","status":"publish","type":"product","link":"https:\/\/www.donadonsdd.com\/fr\/produit\/nam03ht\/","title":{"rendered":"Indicateurs de rupture NAM 03\/HT"},"content":{"rendered":"<p>Les indicateurs de rupture magn\u00e9tiques Donadon NAM 03\/HT sont recommand\u00e9s pour une utilisation avec nos disques de rupture.<\/p>\n<p>L&rsquo;indicateur NAM 03\/HT est compos\u00e9 de :<\/p>\n<ul>\n<li>un capteur de proximit\u00e9 magn\u00e9tique install\u00e9 dans le logement filet\u00e9 correspondant en aval du support de disque de rupture pour d\u00e9tecter l&rsquo;ouverture<\/li>\n<li>une cible avec un aimant permanent fourni avec le disque<\/li>\n<\/ul>\n<p>Lorsque le disque s&rsquo;ouvre, l&rsquo;aimant se d\u00e9place et le capteur s&rsquo;active. Les disques de remplacement sont fournis avec une nouvelle cible. <\/p>\n<p>NAM 03\/HT est un dispositif de s\u00e9curit\u00e9 intrins\u00e8que certifi\u00e9<\/p>\n<ul>\n<li>ATEX II 2GD Ex mb II T4\/T6<br \/>\nEx tD A21 IP67 T135\u00b0C\/T85\u00b0C<\/li>\n<li>ATEX II 1GD Ex ia IIB T3\/T6<br \/>\nEx iaD 20 T200\u00b0C\/T85\u00b0C<\/li>\n<\/ul>\n<p>Il peut donc \u00eatre utilis\u00e9 dans des lieux o\u00f9 des atmosph\u00e8res potentiellement explosives sont continuellement pr\u00e9sentes (zones class\u00e9es 0, 20 et 1, 21 et 2, 22 selon la directive europ\u00e9enne 94\/9\/CE (ATEX)).<br \/>\nNAM 03\/HT is normally supplied with 2 metres of bipolar cable. Les c\u00e2bles du syst\u00e8me d&rsquo;alarme doivent \u00eatre connect\u00e9s au syst\u00e8me de s\u00e9curit\u00e9 de l&rsquo;installation \u00e0 travers une barri\u00e8re de s\u00e9curit\u00e9 ad\u00e9quate. <\/p>\n<ul>\n<li>Barri\u00e8re Ex ia &#8211;&gt; zone 0 ; 20 ; 1 ; 21 ; 2 ; 22<\/li>\n<li>Barri\u00e8re Ex ib &#8211;&gt; zone 1 ; 21 ; 2 ; 22<\/li>\n<\/ul>\n","protected":false},"excerpt":{"rendered":"<p>Les indicateurs de rupture magn\u00e9tiques Donadon NAM 03\/HT sont recommand\u00e9s pour une utilisation avec nos disques de rupture. L&rsquo;indicateur NAM 03\/HT est compos\u00e9 de : un capteur de proximit\u00e9 magn\u00e9tique install\u00e9 dans le logement filet\u00e9 correspondant en aval du support de disque de rupture pour d\u00e9tecter l&rsquo;ouverture une cible avec un aimant permanent fourni avec [&hellip;]<\/p>\n","protected":false},"featured_media":5696,"menu_order":0,"template":"","meta":{"_acf_changed":false},"categoria_prodotto":[95,81],"class_list":["post-6018","product","type-product","status-publish","has-post-thumbnail","hentry","categoria_prodotto-magnetic","categoria_prodotto-rupture-indicators"],"acf":[],"yoast_head":"<!-- This site is optimized with the Yoast SEO plugin v27.3 - https:\/\/yoast.com\/product\/yoast-seo-wordpress\/ -->\n<title>Indicateur magn\u00e9tique non intrusif de disque de rupture - NAM03HT<\/title>\n<meta name=\"description\" content=\"Indicateur magn\u00e9tique de disque de rupture avec d\u00e9tection non intrusive. Install\u00e9 \u00e0 l&#039;int\u00e9rieur du support et isol\u00e9 des fluides de traitement, il fournit une indication fiable dans les applications industrielles agressives et dangereuses.\" \/>\n<meta name=\"robots\" content=\"index, follow, max-snippet:-1, max-image-preview:large, max-video-preview:-1\" \/>\n<link rel=\"canonical\" href=\"https:\/\/www.donadonsdd.com\/fr\/produit\/nam03ht\/\" \/>\n<meta property=\"og:locale\" content=\"fr_FR\" \/>\n<meta property=\"og:type\" content=\"article\" \/>\n<meta property=\"og:title\" content=\"Indicateur magn\u00e9tique non intrusif de disque de rupture - NAM03HT\" \/>\n<meta property=\"og:description\" content=\"Indicateur magn\u00e9tique de disque de rupture avec d\u00e9tection non intrusive. Install\u00e9 \u00e0 l&#039;int\u00e9rieur du support et isol\u00e9 des fluides de traitement, il fournit une indication fiable dans les applications industrielles agressives et dangereuses.\" \/>\n<meta property=\"og:url\" content=\"https:\/\/www.donadonsdd.com\/fr\/produit\/nam03ht\/\" \/>\n<meta property=\"og:site_name\" content=\"DonadonSDD Srl\" \/>\n<meta property=\"article:modified_time\" content=\"2026-02-27T23:22:52+00:00\" \/>\n<meta property=\"og:image\" content=\"https:\/\/www.donadonsdd.com\/wp-content\/uploads\/2025\/12\/donadon-63.png\" \/>\n\t<meta property=\"og:image:width\" content=\"1800\" \/>\n\t<meta property=\"og:image:height\" content=\"1200\" \/>\n\t<meta property=\"og:image:type\" content=\"image\/png\" \/>\n<meta name=\"twitter:card\" content=\"summary_large_image\" \/>\n<meta name=\"twitter:label1\" content=\"Dur\u00e9e de lecture estim\u00e9e\" \/>\n\t<meta name=\"twitter:data1\" content=\"1 minute\" \/>\n<script type=\"application\/ld+json\" class=\"yoast-schema-graph\">{\"@context\":\"https:\\\/\\\/schema.org\",\"@graph\":[{\"@type\":\"WebPage\",\"@id\":\"https:\\\/\\\/www.donadonsdd.com\\\/fr\\\/produit\\\/nam03ht\\\/\",\"url\":\"https:\\\/\\\/www.donadonsdd.com\\\/fr\\\/produit\\\/nam03ht\\\/\",\"name\":\"Indicateur magn\u00e9tique non intrusif de disque de rupture - NAM03HT\",\"isPartOf\":{\"@id\":\"https:\\\/\\\/www.donadonsdd.com\\\/fr\\\/#website\"},\"primaryImageOfPage\":{\"@id\":\"https:\\\/\\\/www.donadonsdd.com\\\/fr\\\/produit\\\/nam03ht\\\/#primaryimage\"},\"image\":{\"@id\":\"https:\\\/\\\/www.donadonsdd.com\\\/fr\\\/produit\\\/nam03ht\\\/#primaryimage\"},\"thumbnailUrl\":\"https:\\\/\\\/www.donadonsdd.com\\\/wp-content\\\/uploads\\\/2025\\\/12\\\/donadon-63.png\",\"datePublished\":\"2025-12-11T16:04:45+00:00\",\"dateModified\":\"2026-02-27T23:22:52+00:00\",\"description\":\"Indicateur magn\u00e9tique de disque de rupture avec d\u00e9tection non intrusive. Install\u00e9 \u00e0 l'int\u00e9rieur du support et isol\u00e9 des fluides de traitement, il fournit une indication fiable dans les applications industrielles agressives et dangereuses.\",\"breadcrumb\":{\"@id\":\"https:\\\/\\\/www.donadonsdd.com\\\/fr\\\/produit\\\/nam03ht\\\/#breadcrumb\"},\"inLanguage\":\"fr-FR\",\"potentialAction\":[{\"@type\":\"ReadAction\",\"target\":[\"https:\\\/\\\/www.donadonsdd.com\\\/fr\\\/produit\\\/nam03ht\\\/\"]}]},{\"@type\":\"ImageObject\",\"inLanguage\":\"fr-FR\",\"@id\":\"https:\\\/\\\/www.donadonsdd.com\\\/fr\\\/produit\\\/nam03ht\\\/#primaryimage\",\"url\":\"https:\\\/\\\/www.donadonsdd.com\\\/wp-content\\\/uploads\\\/2025\\\/12\\\/donadon-63.png\",\"contentUrl\":\"https:\\\/\\\/www.donadonsdd.com\\\/wp-content\\\/uploads\\\/2025\\\/12\\\/donadon-63.png\",\"width\":1800,\"height\":1200},{\"@type\":\"BreadcrumbList\",\"@id\":\"https:\\\/\\\/www.donadonsdd.com\\\/fr\\\/produit\\\/nam03ht\\\/#breadcrumb\",\"itemListElement\":[{\"@type\":\"ListItem\",\"position\":1,\"name\":\"HOMEPAGE\",\"item\":\"https:\\\/\\\/www.donadonsdd.com\\\/fr\\\/\"},{\"@type\":\"ListItem\",\"position\":2,\"name\":\"Indicateurs de rupture NAM 03\\\/HT\"}]},{\"@type\":\"WebSite\",\"@id\":\"https:\\\/\\\/www.donadonsdd.com\\\/fr\\\/#website\",\"url\":\"https:\\\/\\\/www.donadonsdd.com\\\/fr\\\/\",\"name\":\"DonadonSDD Srl\",\"description\":\"\",\"publisher\":{\"@id\":\"https:\\\/\\\/www.donadonsdd.com\\\/fr\\\/#organization\"},\"potentialAction\":[{\"@type\":\"SearchAction\",\"target\":{\"@type\":\"EntryPoint\",\"urlTemplate\":\"https:\\\/\\\/www.donadonsdd.com\\\/fr\\\/?s={search_term_string}\"},\"query-input\":{\"@type\":\"PropertyValueSpecification\",\"valueRequired\":true,\"valueName\":\"search_term_string\"}}],\"inLanguage\":\"fr-FR\"},{\"@type\":\"Organization\",\"@id\":\"https:\\\/\\\/www.donadonsdd.com\\\/fr\\\/#organization\",\"name\":\"DonadonSDD Srl\",\"url\":\"https:\\\/\\\/www.donadonsdd.com\\\/fr\\\/\",\"logo\":{\"@type\":\"ImageObject\",\"inLanguage\":\"fr-FR\",\"@id\":\"https:\\\/\\\/www.donadonsdd.com\\\/fr\\\/#\\\/schema\\\/logo\\\/image\\\/\",\"url\":\"https:\\\/\\\/www.donadonsdd.com\\\/wp-content\\\/uploads\\\/2025\\\/11\\\/donadonsdd-logo.png\",\"contentUrl\":\"https:\\\/\\\/www.donadonsdd.com\\\/wp-content\\\/uploads\\\/2025\\\/11\\\/donadonsdd-logo.png\",\"width\":544,\"height\":96,\"caption\":\"DonadonSDD Srl\"},\"image\":{\"@id\":\"https:\\\/\\\/www.donadonsdd.com\\\/fr\\\/#\\\/schema\\\/logo\\\/image\\\/\"}}]}<\/script>\n<!-- \/ Yoast SEO plugin. -->","yoast_head_json":{"title":"Indicateur magn\u00e9tique non intrusif de disque de rupture - NAM03HT","description":"Indicateur magn\u00e9tique de disque de rupture avec d\u00e9tection non intrusive. Install\u00e9 \u00e0 l'int\u00e9rieur du support et isol\u00e9 des fluides de traitement, il fournit une indication fiable dans les applications industrielles agressives et dangereuses.","robots":{"index":"index","follow":"follow","max-snippet":"max-snippet:-1","max-image-preview":"max-image-preview:large","max-video-preview":"max-video-preview:-1"},"canonical":"https:\/\/www.donadonsdd.com\/fr\/produit\/nam03ht\/","og_locale":"fr_FR","og_type":"article","og_title":"Indicateur magn\u00e9tique non intrusif de disque de rupture - NAM03HT","og_description":"Indicateur magn\u00e9tique de disque de rupture avec d\u00e9tection non intrusive. Install\u00e9 \u00e0 l'int\u00e9rieur du support et isol\u00e9 des fluides de traitement, il fournit une indication fiable dans les applications industrielles agressives et dangereuses.","og_url":"https:\/\/www.donadonsdd.com\/fr\/produit\/nam03ht\/","og_site_name":"DonadonSDD Srl","article_modified_time":"2026-02-27T23:22:52+00:00","og_image":[{"width":1800,"height":1200,"url":"https:\/\/www.donadonsdd.com\/wp-content\/uploads\/2025\/12\/donadon-63.png","type":"image\/png"}],"twitter_card":"summary_large_image","twitter_misc":{"Dur\u00e9e de lecture estim\u00e9e":"1 minute"},"schema":{"@context":"https:\/\/schema.org","@graph":[{"@type":"WebPage","@id":"https:\/\/www.donadonsdd.com\/fr\/produit\/nam03ht\/","url":"https:\/\/www.donadonsdd.com\/fr\/produit\/nam03ht\/","name":"Indicateur magn\u00e9tique non intrusif de disque de rupture - NAM03HT","isPartOf":{"@id":"https:\/\/www.donadonsdd.com\/fr\/#website"},"primaryImageOfPage":{"@id":"https:\/\/www.donadonsdd.com\/fr\/produit\/nam03ht\/#primaryimage"},"image":{"@id":"https:\/\/www.donadonsdd.com\/fr\/produit\/nam03ht\/#primaryimage"},"thumbnailUrl":"https:\/\/www.donadonsdd.com\/wp-content\/uploads\/2025\/12\/donadon-63.png","datePublished":"2025-12-11T16:04:45+00:00","dateModified":"2026-02-27T23:22:52+00:00","description":"Indicateur magn\u00e9tique de disque de rupture avec d\u00e9tection non intrusive. Install\u00e9 \u00e0 l'int\u00e9rieur du support et isol\u00e9 des fluides de traitement, il fournit une indication fiable dans les applications industrielles agressives et dangereuses.","breadcrumb":{"@id":"https:\/\/www.donadonsdd.com\/fr\/produit\/nam03ht\/#breadcrumb"},"inLanguage":"fr-FR","potentialAction":[{"@type":"ReadAction","target":["https:\/\/www.donadonsdd.com\/fr\/produit\/nam03ht\/"]}]},{"@type":"ImageObject","inLanguage":"fr-FR","@id":"https:\/\/www.donadonsdd.com\/fr\/produit\/nam03ht\/#primaryimage","url":"https:\/\/www.donadonsdd.com\/wp-content\/uploads\/2025\/12\/donadon-63.png","contentUrl":"https:\/\/www.donadonsdd.com\/wp-content\/uploads\/2025\/12\/donadon-63.png","width":1800,"height":1200},{"@type":"BreadcrumbList","@id":"https:\/\/www.donadonsdd.com\/fr\/produit\/nam03ht\/#breadcrumb","itemListElement":[{"@type":"ListItem","position":1,"name":"HOMEPAGE","item":"https:\/\/www.donadonsdd.com\/fr\/"},{"@type":"ListItem","position":2,"name":"Indicateurs de rupture NAM 03\/HT"}]},{"@type":"WebSite","@id":"https:\/\/www.donadonsdd.com\/fr\/#website","url":"https:\/\/www.donadonsdd.com\/fr\/","name":"DonadonSDD Srl","description":"","publisher":{"@id":"https:\/\/www.donadonsdd.com\/fr\/#organization"},"potentialAction":[{"@type":"SearchAction","target":{"@type":"EntryPoint","urlTemplate":"https:\/\/www.donadonsdd.com\/fr\/?s={search_term_string}"},"query-input":{"@type":"PropertyValueSpecification","valueRequired":true,"valueName":"search_term_string"}}],"inLanguage":"fr-FR"},{"@type":"Organization","@id":"https:\/\/www.donadonsdd.com\/fr\/#organization","name":"DonadonSDD Srl","url":"https:\/\/www.donadonsdd.com\/fr\/","logo":{"@type":"ImageObject","inLanguage":"fr-FR","@id":"https:\/\/www.donadonsdd.com\/fr\/#\/schema\/logo\/image\/","url":"https:\/\/www.donadonsdd.com\/wp-content\/uploads\/2025\/11\/donadonsdd-logo.png","contentUrl":"https:\/\/www.donadonsdd.com\/wp-content\/uploads\/2025\/11\/donadonsdd-logo.png","width":544,"height":96,"caption":"DonadonSDD Srl"},"image":{"@id":"https:\/\/www.donadonsdd.com\/fr\/#\/schema\/logo\/image\/"}}]}},"toolset-meta":{"toolset-woocommerce-fields":{"_download_limit":{"type":"numeric","raw":""},"_virtual":{"type":"checkbox","raw":""},"_downloadable":{"type":"checkbox","raw":""},"_download_expiry":{"type":"numeric","raw":""},"_download_type":{"type":"radio","raw":""},"_regular_price":{"type":"numeric","raw":""},"_sale_price":{"type":"numeric","raw":""},"_sale_price_dates_from":{"type":"date","raw":"","formatted":null},"_sale_price_dates_to":{"type":"date","raw":"","formatted":null},"_sku":{"type":"textfield","raw":""},"_manage_stock":{"type":"checkbox","raw":""},"_stock_status":{"type":"radio","raw":""},"_stock":{"type":"numeric","raw":""},"_backorders":{"type":"radio","raw":""},"_sold_individually":{"type":"checkbox","raw":""},"_width":{"type":"numeric","raw":""},"_weight":{"type":"numeric","raw":""},"_length":{"type":"numeric","raw":""},"_purchase_note":{"type":"textarea","raw":""}},"infografica":{"operation-ratio":{"type":"textfield","raw":""},"non-fragmenting":{"type":"textfield","raw":""},"vacumm-resistant":{"type":"textfield","raw":""},"sanitary":{"type":"textfield","raw":""},"liquid":{"type":"textfield","raw":""},"vapor-gas":{"type":"textfield","raw":""},"ferrules":{"type":"textfield","raw":""}},"dettagli-prodotto":{"immagini-prodotto":{"type":"image","raw":[""],"repeatable":[{"raw":""}]},"tabella-specifiche":{"type":"wysiwyg","raw":"MOD\u00c8LE | NAM 03\/HT ;\nTEMPERATURE DE STOCKAGE | De -40\u00b0C \u00e0 +200\u00b0C conform\u00e9ment \u00e0 la certification ATEX ;\nMATIERE EN CONTACT AVEC LE FLUIDE DE TRAITEMENT | Identique au disque et au porte-disque ;\nTENSION DE COMMUTATION MAXI | 60 VDC ;\nCOURANT DE COMMUTATION MAXI | 0,4 A ;\nC\u00c2BLE | 2 x 0.2 mm2, \u00f8 3,4 mm, 200\u00b0C, Classe C2 ;\nDEGR\u00c9 DE PROTECTION | IP 67 ;\nDISQUE DE RUPTURE | <a href=\"https:\/\/www.donadonsdd.com\/fr\/produit\/dcd-composite\/\">DCD<\/a>, <a href=\"https:\/\/www.donadonsdd.com\/fr\/produit\/dif\/\">DIF<\/a>, <a href=\"https:\/\/www.donadonsdd.com\/fr\/produit\/lpd\/\">LPD<\/a>, <a href=\"https:\/\/www.donadonsdd.com\/fr\/produit\/scd\/\">SCD<\/a>, <a href=\"https:\/\/www.donadonsdd.com\/fr\/produit\/scr\/\">SCR<\/a>, <a href=\"https:\/\/www.donadonsdd.com\/fr\/produit\/y90\/\">Y90<\/a>, <a href=\"https:\/\/www.donadonsdd.com\/fr\/produit\/krd\/\">KRD<\/a>;"}}},"_links":{"self":[{"href":"https:\/\/www.donadonsdd.com\/fr\/wp-json\/wp\/v2\/product\/6018","targetHints":{"allow":["GET"]}}],"collection":[{"href":"https:\/\/www.donadonsdd.com\/fr\/wp-json\/wp\/v2\/product"}],"about":[{"href":"https:\/\/www.donadonsdd.com\/fr\/wp-json\/wp\/v2\/types\/product"}],"wp:featuredmedia":[{"embeddable":true,"href":"https:\/\/www.donadonsdd.com\/fr\/wp-json\/wp\/v2\/media\/5696"}],"wp:attachment":[{"href":"https:\/\/www.donadonsdd.com\/fr\/wp-json\/wp\/v2\/media?parent=6018"}],"wp:term":[{"taxonomy":"categoria_prodotto","embeddable":true,"href":"https:\/\/www.donadonsdd.com\/fr\/wp-json\/wp\/v2\/categoria_prodotto?post=6018"}],"curies":[{"name":"wp","href":"https:\/\/api.w.org\/{rel}","templated":true}]}}