{"id":6030,"date":"2025-12-11T16:49:34","date_gmt":"2025-12-11T15:49:34","guid":{"rendered":"https:\/\/www.donadonsdd.com\/product\/indicateurs-de-rupture-sanitaire-de-lirc\/"},"modified":"2026-02-28T00:22:44","modified_gmt":"2026-02-27T23:22:44","slug":"irc","status":"publish","type":"product","link":"https:\/\/www.donadonsdd.com\/fr\/produit\/irc\/","title":{"rendered":"Indicateurs de rupture sanitaire de l&rsquo;IRC"},"content":{"rendered":"<p>L&rsquo;indicateur de rupture DonadonSDD de type IRC est un instrument simple et efficace pour la d\u00e9tection des ruptures de disques.<\/p>\n<p>Le d\u00e9tecteur est install\u00e9 du c\u00f4t\u00e9 de l&rsquo;\u00e9vacuation, en aval du raccord d&rsquo;\u00e9cartement. Les c\u00e2bles de l&rsquo;indicateur d&rsquo;alarme sont raccord\u00e9s au syst\u00e8me de s\u00e9curit\u00e9 de l&rsquo;installation au moyen d&rsquo;une barri\u00e8re de s\u00e9curit\u00e9 intrins\u00e8que, conform\u00e9ment aux caract\u00e9ristiques \u00e9lectriques du capteur (tension maximale de 24V CC et courant maximal de 50mA) et \u00e0 la classification de la zone. <\/p>\n<p>Les indicateurs de rupture IRC se composent essentiellement d&rsquo;une piste en cuivre encapsul\u00e9e entre deux couches isolantes de Kapton (circuit imprim\u00e9 flexible), reli\u00e9e \u00e9lectriquement \u00e0 un c\u00e2ble qui permet la connexion \u00e0 distance \u00e0 un indicateur de continuit\u00e9 \u00e9lectrique. Le circuit est encapsul\u00e9 entre deux couches de PTFE et le dispositif de s\u00e9curit\u00e9 est fourni avec des joints en PTFE compatibles avec une installation entre des raccords hygi\u00e9niques. <\/p>\n<p>Lors de la rupture du disque, le circuit en cuivre de l&rsquo;indicateur IRC est ouvert et le flux de courant est interrompu en cons\u00e9quence, ce qui permet \u00e0 l&rsquo;\u00e9quipement connect\u00e9 de signaler l&rsquo;ouverture effective du disque de rupture.<\/p>\n<p>Le capteur IRC est class\u00e9 comme \u00ab\u00a0mat\u00e9riel \u00e9lectrique de base\u00a0\u00bb et est certifi\u00e9 conform\u00e9ment \u00e0 la directive europ\u00e9enne 94\/9\/CE (ATEX). L&rsquo;installation des zones d\u00e9pend du type de barri\u00e8re :<\/p>\n<ul>\n<li>Barri\u00e8re Ex ia &#8211;&gt; zone 0 ; 20 ; 1 ; 21 ; 2 ; 22<\/li>\n<li>Barri\u00e8re Ex ib &#8211;&gt; zone 1 ; 21 ; 2 ; 22<\/li>\n<\/ul>\n<p>L&rsquo;installation doit \u00eatre conforme \u00e0 la norme EN 60079-14.<\/p>\n","protected":false},"excerpt":{"rendered":"<p>L&rsquo;indicateur de rupture DonadonSDD de type IRC est un instrument simple et efficace pour la d\u00e9tection des ruptures de disques. Le d\u00e9tecteur est install\u00e9 du c\u00f4t\u00e9 de l&rsquo;\u00e9vacuation, en aval du raccord d&rsquo;\u00e9cartement. Les c\u00e2bles de l&rsquo;indicateur d&rsquo;alarme sont raccord\u00e9s au syst\u00e8me de s\u00e9curit\u00e9 de l&rsquo;installation au moyen d&rsquo;une barri\u00e8re de s\u00e9curit\u00e9 intrins\u00e8que, conform\u00e9ment aux [&hellip;]<\/p>\n","protected":false},"featured_media":6032,"menu_order":0,"template":"","meta":{"_acf_changed":false},"categoria_prodotto":[94,81],"class_list":["post-6030","product","type-product","status-publish","has-post-thumbnail","hentry","categoria_prodotto-electric","categoria_prodotto-rupture-indicators"],"acf":[],"yoast_head":"<!-- This site is optimized with the Yoast SEO plugin v27.3 - https:\/\/yoast.com\/product\/yoast-seo-wordpress\/ -->\n<title>Indicateur \u00e9lectrique sanitaire \u00e0 disque de rupture - IRC<\/title>\n<meta name=\"description\" content=\"Indicateur \u00e9lectrique sanitaire de disque de rupture pour la d\u00e9tection de rupture dans les applications hygi\u00e9niques. Install\u00e9 entre des connexions tri-clamp, \u00e0 s\u00e9curit\u00e9 intrins\u00e8que, certifi\u00e9 ATEX.\" \/>\n<meta name=\"robots\" content=\"index, follow, max-snippet:-1, max-image-preview:large, max-video-preview:-1\" \/>\n<link rel=\"canonical\" href=\"https:\/\/www.donadonsdd.com\/fr\/produit\/irc\/\" \/>\n<meta property=\"og:locale\" content=\"fr_FR\" \/>\n<meta property=\"og:type\" content=\"article\" \/>\n<meta property=\"og:title\" content=\"Indicateur \u00e9lectrique sanitaire \u00e0 disque de rupture - IRC\" \/>\n<meta property=\"og:description\" content=\"Indicateur \u00e9lectrique sanitaire de disque de rupture pour la d\u00e9tection de rupture dans les applications hygi\u00e9niques. Install\u00e9 entre des connexions tri-clamp, \u00e0 s\u00e9curit\u00e9 intrins\u00e8que, certifi\u00e9 ATEX.\" \/>\n<meta property=\"og:url\" content=\"https:\/\/www.donadonsdd.com\/fr\/produit\/irc\/\" \/>\n<meta property=\"og:site_name\" content=\"DonadonSDD Srl\" \/>\n<meta property=\"article:modified_time\" content=\"2026-02-27T23:22:44+00:00\" \/>\n<meta property=\"og:image\" content=\"https:\/\/www.donadonsdd.com\/wp-content\/uploads\/2025\/12\/donadon-sdd-irc-sanitary-rupture-indicators.png\" \/>\n\t<meta property=\"og:image:width\" content=\"1800\" \/>\n\t<meta property=\"og:image:height\" content=\"1200\" \/>\n\t<meta property=\"og:image:type\" content=\"image\/png\" \/>\n<meta name=\"twitter:card\" content=\"summary_large_image\" \/>\n<meta name=\"twitter:label1\" content=\"Dur\u00e9e de lecture estim\u00e9e\" \/>\n\t<meta name=\"twitter:data1\" content=\"1 minute\" \/>\n<script type=\"application\/ld+json\" class=\"yoast-schema-graph\">{\"@context\":\"https:\\\/\\\/schema.org\",\"@graph\":[{\"@type\":\"WebPage\",\"@id\":\"https:\\\/\\\/www.donadonsdd.com\\\/fr\\\/produit\\\/irc\\\/\",\"url\":\"https:\\\/\\\/www.donadonsdd.com\\\/fr\\\/produit\\\/irc\\\/\",\"name\":\"Indicateur \u00e9lectrique sanitaire \u00e0 disque de rupture - IRC\",\"isPartOf\":{\"@id\":\"https:\\\/\\\/www.donadonsdd.com\\\/fr\\\/#website\"},\"primaryImageOfPage\":{\"@id\":\"https:\\\/\\\/www.donadonsdd.com\\\/fr\\\/produit\\\/irc\\\/#primaryimage\"},\"image\":{\"@id\":\"https:\\\/\\\/www.donadonsdd.com\\\/fr\\\/produit\\\/irc\\\/#primaryimage\"},\"thumbnailUrl\":\"https:\\\/\\\/www.donadonsdd.com\\\/wp-content\\\/uploads\\\/2025\\\/12\\\/donadon-sdd-irc-sanitary-rupture-indicators.png\",\"datePublished\":\"2025-12-11T15:49:34+00:00\",\"dateModified\":\"2026-02-27T23:22:44+00:00\",\"description\":\"Indicateur \u00e9lectrique sanitaire de disque de rupture pour la d\u00e9tection de rupture dans les applications hygi\u00e9niques. Install\u00e9 entre des connexions tri-clamp, \u00e0 s\u00e9curit\u00e9 intrins\u00e8que, certifi\u00e9 ATEX.\",\"breadcrumb\":{\"@id\":\"https:\\\/\\\/www.donadonsdd.com\\\/fr\\\/produit\\\/irc\\\/#breadcrumb\"},\"inLanguage\":\"fr-FR\",\"potentialAction\":[{\"@type\":\"ReadAction\",\"target\":[\"https:\\\/\\\/www.donadonsdd.com\\\/fr\\\/produit\\\/irc\\\/\"]}]},{\"@type\":\"ImageObject\",\"inLanguage\":\"fr-FR\",\"@id\":\"https:\\\/\\\/www.donadonsdd.com\\\/fr\\\/produit\\\/irc\\\/#primaryimage\",\"url\":\"https:\\\/\\\/www.donadonsdd.com\\\/wp-content\\\/uploads\\\/2025\\\/12\\\/donadon-sdd-irc-sanitary-rupture-indicators.png\",\"contentUrl\":\"https:\\\/\\\/www.donadonsdd.com\\\/wp-content\\\/uploads\\\/2025\\\/12\\\/donadon-sdd-irc-sanitary-rupture-indicators.png\",\"width\":1800,\"height\":1200,\"caption\":\"indicateurs de rupture sanitaire donadon sdd irc\"},{\"@type\":\"BreadcrumbList\",\"@id\":\"https:\\\/\\\/www.donadonsdd.com\\\/fr\\\/produit\\\/irc\\\/#breadcrumb\",\"itemListElement\":[{\"@type\":\"ListItem\",\"position\":1,\"name\":\"HOMEPAGE\",\"item\":\"https:\\\/\\\/www.donadonsdd.com\\\/fr\\\/\"},{\"@type\":\"ListItem\",\"position\":2,\"name\":\"Indicateurs de rupture sanitaire de l&rsquo;IRC\"}]},{\"@type\":\"WebSite\",\"@id\":\"https:\\\/\\\/www.donadonsdd.com\\\/fr\\\/#website\",\"url\":\"https:\\\/\\\/www.donadonsdd.com\\\/fr\\\/\",\"name\":\"DonadonSDD Srl\",\"description\":\"\",\"publisher\":{\"@id\":\"https:\\\/\\\/www.donadonsdd.com\\\/fr\\\/#organization\"},\"potentialAction\":[{\"@type\":\"SearchAction\",\"target\":{\"@type\":\"EntryPoint\",\"urlTemplate\":\"https:\\\/\\\/www.donadonsdd.com\\\/fr\\\/?s={search_term_string}\"},\"query-input\":{\"@type\":\"PropertyValueSpecification\",\"valueRequired\":true,\"valueName\":\"search_term_string\"}}],\"inLanguage\":\"fr-FR\"},{\"@type\":\"Organization\",\"@id\":\"https:\\\/\\\/www.donadonsdd.com\\\/fr\\\/#organization\",\"name\":\"DonadonSDD Srl\",\"url\":\"https:\\\/\\\/www.donadonsdd.com\\\/fr\\\/\",\"logo\":{\"@type\":\"ImageObject\",\"inLanguage\":\"fr-FR\",\"@id\":\"https:\\\/\\\/www.donadonsdd.com\\\/fr\\\/#\\\/schema\\\/logo\\\/image\\\/\",\"url\":\"https:\\\/\\\/www.donadonsdd.com\\\/wp-content\\\/uploads\\\/2025\\\/11\\\/donadonsdd-logo.png\",\"contentUrl\":\"https:\\\/\\\/www.donadonsdd.com\\\/wp-content\\\/uploads\\\/2025\\\/11\\\/donadonsdd-logo.png\",\"width\":544,\"height\":96,\"caption\":\"DonadonSDD Srl\"},\"image\":{\"@id\":\"https:\\\/\\\/www.donadonsdd.com\\\/fr\\\/#\\\/schema\\\/logo\\\/image\\\/\"}}]}<\/script>\n<!-- \/ Yoast SEO plugin. -->","yoast_head_json":{"title":"Indicateur \u00e9lectrique sanitaire \u00e0 disque de rupture - IRC","description":"Indicateur \u00e9lectrique sanitaire de disque de rupture pour la d\u00e9tection de rupture dans les applications hygi\u00e9niques. Install\u00e9 entre des connexions tri-clamp, \u00e0 s\u00e9curit\u00e9 intrins\u00e8que, certifi\u00e9 ATEX.","robots":{"index":"index","follow":"follow","max-snippet":"max-snippet:-1","max-image-preview":"max-image-preview:large","max-video-preview":"max-video-preview:-1"},"canonical":"https:\/\/www.donadonsdd.com\/fr\/produit\/irc\/","og_locale":"fr_FR","og_type":"article","og_title":"Indicateur \u00e9lectrique sanitaire \u00e0 disque de rupture - IRC","og_description":"Indicateur \u00e9lectrique sanitaire de disque de rupture pour la d\u00e9tection de rupture dans les applications hygi\u00e9niques. Install\u00e9 entre des connexions tri-clamp, \u00e0 s\u00e9curit\u00e9 intrins\u00e8que, certifi\u00e9 ATEX.","og_url":"https:\/\/www.donadonsdd.com\/fr\/produit\/irc\/","og_site_name":"DonadonSDD Srl","article_modified_time":"2026-02-27T23:22:44+00:00","og_image":[{"width":1800,"height":1200,"url":"https:\/\/www.donadonsdd.com\/wp-content\/uploads\/2025\/12\/donadon-sdd-irc-sanitary-rupture-indicators.png","type":"image\/png"}],"twitter_card":"summary_large_image","twitter_misc":{"Dur\u00e9e de lecture estim\u00e9e":"1 minute"},"schema":{"@context":"https:\/\/schema.org","@graph":[{"@type":"WebPage","@id":"https:\/\/www.donadonsdd.com\/fr\/produit\/irc\/","url":"https:\/\/www.donadonsdd.com\/fr\/produit\/irc\/","name":"Indicateur \u00e9lectrique sanitaire \u00e0 disque de rupture - IRC","isPartOf":{"@id":"https:\/\/www.donadonsdd.com\/fr\/#website"},"primaryImageOfPage":{"@id":"https:\/\/www.donadonsdd.com\/fr\/produit\/irc\/#primaryimage"},"image":{"@id":"https:\/\/www.donadonsdd.com\/fr\/produit\/irc\/#primaryimage"},"thumbnailUrl":"https:\/\/www.donadonsdd.com\/wp-content\/uploads\/2025\/12\/donadon-sdd-irc-sanitary-rupture-indicators.png","datePublished":"2025-12-11T15:49:34+00:00","dateModified":"2026-02-27T23:22:44+00:00","description":"Indicateur \u00e9lectrique sanitaire de disque de rupture pour la d\u00e9tection de rupture dans les applications hygi\u00e9niques. Install\u00e9 entre des connexions tri-clamp, \u00e0 s\u00e9curit\u00e9 intrins\u00e8que, certifi\u00e9 ATEX.","breadcrumb":{"@id":"https:\/\/www.donadonsdd.com\/fr\/produit\/irc\/#breadcrumb"},"inLanguage":"fr-FR","potentialAction":[{"@type":"ReadAction","target":["https:\/\/www.donadonsdd.com\/fr\/produit\/irc\/"]}]},{"@type":"ImageObject","inLanguage":"fr-FR","@id":"https:\/\/www.donadonsdd.com\/fr\/produit\/irc\/#primaryimage","url":"https:\/\/www.donadonsdd.com\/wp-content\/uploads\/2025\/12\/donadon-sdd-irc-sanitary-rupture-indicators.png","contentUrl":"https:\/\/www.donadonsdd.com\/wp-content\/uploads\/2025\/12\/donadon-sdd-irc-sanitary-rupture-indicators.png","width":1800,"height":1200,"caption":"indicateurs de rupture sanitaire donadon sdd irc"},{"@type":"BreadcrumbList","@id":"https:\/\/www.donadonsdd.com\/fr\/produit\/irc\/#breadcrumb","itemListElement":[{"@type":"ListItem","position":1,"name":"HOMEPAGE","item":"https:\/\/www.donadonsdd.com\/fr\/"},{"@type":"ListItem","position":2,"name":"Indicateurs de rupture sanitaire de l&rsquo;IRC"}]},{"@type":"WebSite","@id":"https:\/\/www.donadonsdd.com\/fr\/#website","url":"https:\/\/www.donadonsdd.com\/fr\/","name":"DonadonSDD Srl","description":"","publisher":{"@id":"https:\/\/www.donadonsdd.com\/fr\/#organization"},"potentialAction":[{"@type":"SearchAction","target":{"@type":"EntryPoint","urlTemplate":"https:\/\/www.donadonsdd.com\/fr\/?s={search_term_string}"},"query-input":{"@type":"PropertyValueSpecification","valueRequired":true,"valueName":"search_term_string"}}],"inLanguage":"fr-FR"},{"@type":"Organization","@id":"https:\/\/www.donadonsdd.com\/fr\/#organization","name":"DonadonSDD Srl","url":"https:\/\/www.donadonsdd.com\/fr\/","logo":{"@type":"ImageObject","inLanguage":"fr-FR","@id":"https:\/\/www.donadonsdd.com\/fr\/#\/schema\/logo\/image\/","url":"https:\/\/www.donadonsdd.com\/wp-content\/uploads\/2025\/11\/donadonsdd-logo.png","contentUrl":"https:\/\/www.donadonsdd.com\/wp-content\/uploads\/2025\/11\/donadonsdd-logo.png","width":544,"height":96,"caption":"DonadonSDD Srl"},"image":{"@id":"https:\/\/www.donadonsdd.com\/fr\/#\/schema\/logo\/image\/"}}]}},"toolset-meta":{"toolset-woocommerce-fields":{"_download_limit":{"type":"numeric","raw":""},"_virtual":{"type":"checkbox","raw":""},"_downloadable":{"type":"checkbox","raw":""},"_download_expiry":{"type":"numeric","raw":""},"_download_type":{"type":"radio","raw":""},"_regular_price":{"type":"numeric","raw":""},"_sale_price":{"type":"numeric","raw":""},"_sale_price_dates_from":{"type":"date","raw":"","formatted":null},"_sale_price_dates_to":{"type":"date","raw":"","formatted":null},"_sku":{"type":"textfield","raw":""},"_manage_stock":{"type":"checkbox","raw":""},"_stock_status":{"type":"radio","raw":""},"_stock":{"type":"numeric","raw":""},"_backorders":{"type":"radio","raw":""},"_sold_individually":{"type":"checkbox","raw":""},"_width":{"type":"numeric","raw":""},"_weight":{"type":"numeric","raw":""},"_length":{"type":"numeric","raw":""},"_purchase_note":{"type":"textarea","raw":""}},"infografica":{"operation-ratio":{"type":"textfield","raw":""},"non-fragmenting":{"type":"textfield","raw":""},"vacumm-resistant":{"type":"textfield","raw":""},"sanitary":{"type":"textfield","raw":""},"liquid":{"type":"textfield","raw":""},"vapor-gas":{"type":"textfield","raw":""},"ferrules":{"type":"textfield","raw":""}},"dettagli-prodotto":{"immagini-prodotto":{"type":"image","raw":["https:\/\/www.donadonsdd.com\/wp-content\/uploads\/2025\/12\/donadon-11_result.webp"],"repeatable":[{"raw":"https:\/\/www.donadonsdd.com\/wp-content\/uploads\/2025\/12\/donadon-11_result.webp","attachment_id":8061}]},"tabella-specifiche":{"type":"wysiwyg","raw":"MOD\u00c8LE | IRC ;\nTEMP\u00c9RATURE DE FONCTIONNEMENT | De -20\u00b0C \u00e0 +260\u00b0C (en fonction du joint utilis\u00e9) ;\nMEMBRANE D'ENCAPSULATION | Polyimide (Kapton\u00ae) ;\nCIRCUIT IMPRIM\u00c9 | Cuivre ;\nTENSION D'ALIMENTATION MAXI | 24 V DC ;\nCOURANT D'ALIMENTATION MAXI | 50 mA ;\nC\u00c2BLE | Standard, 2 m ;\nDISQUE SANITAIRE | <a href=\"https:\/\/www.donadonsdd.com\/fr\/produit\/dcd-composite\/\">DCD<\/a>, <a href=\"https:\/\/www.donadonsdd.com\/fr\/produit\/scd\/\">SCD<\/a>, <a href=\"https:\/\/www.donadonsdd.com\/fr\/produit\/scr\/\">SCR<\/a>, <a href=\"https:\/\/www.donadonsdd.com\/fr\/produit\/y90\/\">Y90<\/a>, <a href=\"https:\/\/www.donadonsdd.com\/fr\/produit\/krd\/\">KRD<\/a>;"}}},"_links":{"self":[{"href":"https:\/\/www.donadonsdd.com\/fr\/wp-json\/wp\/v2\/product\/6030","targetHints":{"allow":["GET"]}}],"collection":[{"href":"https:\/\/www.donadonsdd.com\/fr\/wp-json\/wp\/v2\/product"}],"about":[{"href":"https:\/\/www.donadonsdd.com\/fr\/wp-json\/wp\/v2\/types\/product"}],"wp:featuredmedia":[{"embeddable":true,"href":"https:\/\/www.donadonsdd.com\/fr\/wp-json\/wp\/v2\/media\/6032"}],"wp:attachment":[{"href":"https:\/\/www.donadonsdd.com\/fr\/wp-json\/wp\/v2\/media?parent=6030"}],"wp:term":[{"taxonomy":"categoria_prodotto","embeddable":true,"href":"https:\/\/www.donadonsdd.com\/fr\/wp-json\/wp\/v2\/categoria_prodotto?post=6030"}],"curies":[{"name":"wp","href":"https:\/\/api.w.org\/{rel}","templated":true}]}}