{"id":6044,"date":"2025-12-11T16:54:38","date_gmt":"2025-12-11T15:54:38","guid":{"rendered":"https:\/\/www.donadonsdd.com\/product\/indicateurs-de-rupture-irp-detection-de-precision-pour-les-panneaux-de-ventilation\/"},"modified":"2026-03-01T02:29:18","modified_gmt":"2026-03-01T01:29:18","slug":"irp","status":"publish","type":"product","link":"https:\/\/www.donadonsdd.com\/fr\/produit\/irp\/","title":{"rendered":"Indicateurs de rupture IRP &#8211; D\u00e9tection de pr\u00e9cision pour les panneaux de ventilation"},"content":{"rendered":"<p>Les indicateurs de rupture Donadon IRP sont des instruments simples et efficaces pour d\u00e9tecter l&rsquo;\u00e9clatement d&rsquo;un panneau d&rsquo;\u00e9vent d&rsquo;explosion.<\/p>\n<p>Le d\u00e9tecteur est install\u00e9 lors de la fabrication du panneau et dispose d&rsquo;un c\u00e2ble de 2 m\u00e8tres.<\/p>\n<p>Le c\u00e2ble de l&rsquo;indicateur d&rsquo;alarme doit \u00eatre connect\u00e9 au syst\u00e8me de s\u00e9curit\u00e9 de l&rsquo;usine avec une barri\u00e8re de s\u00e9curit\u00e9 intrins\u00e8que conforme aux caract\u00e9ristiques \u00e9lectriques du capteur (tension maximale de 24V DC et intensit\u00e9 maximale de 50 mA) et \u00e0 la classification de la zone dangereuse.<\/p>\n<p>Lorsque le panneau \u00e9clate, le circuit \u00e9lectrique de l&rsquo;indicateur IRP est interrompu, ce qui permet \u00e0 l&rsquo;\u00e9quipement connect\u00e9 de signaler que le dispositif de s\u00e9curit\u00e9 s&rsquo;est ouvert.<\/p>\n<p>Le capteur IRP est class\u00e9 comme \u00ab\u00a0mat\u00e9riel \u00e9lectrique de base\u00a0\u00bb et est certifi\u00e9 conform\u00e9ment \u00e0 la directive europ\u00e9enne 94\/9\/CE (ATEX). L&rsquo;installation des zones d\u00e9pend du type de barri\u00e8re :<\/p>\n<ul>\n<li>Barri\u00e8re Ex ia &#8211;&gt; zone 0 ; 20 ; 1 ; 21 ; 2 ; 22<\/li>\n<li>Barri\u00e8re Ex ib &#8211;&gt; zone 1 ; 21 ; 2 ; 22<\/li>\n<\/ul>\n<p>L&rsquo;installation doit \u00eatre conforme \u00e0 la norme EN 60079-14.<\/p>\n","protected":false},"excerpt":{"rendered":"<p>Les indicateurs de rupture Donadon IRP sont des instruments simples et efficaces pour d\u00e9tecter l&rsquo;\u00e9clatement d&rsquo;un panneau d&rsquo;\u00e9vent d&rsquo;explosion. Le d\u00e9tecteur est install\u00e9 lors de la fabrication du panneau et dispose d&rsquo;un c\u00e2ble de 2 m\u00e8tres. Le c\u00e2ble de l&rsquo;indicateur d&rsquo;alarme doit \u00eatre connect\u00e9 au syst\u00e8me de s\u00e9curit\u00e9 de l&rsquo;usine avec une barri\u00e8re de s\u00e9curit\u00e9 [&hellip;]<\/p>\n","protected":false},"featured_media":10271,"menu_order":0,"template":"","meta":{"_acf_changed":false},"categoria_prodotto":[94,81],"class_list":["post-6044","product","type-product","status-publish","has-post-thumbnail","hentry","categoria_prodotto-electric","categoria_prodotto-rupture-indicators"],"acf":[],"yoast_head":"<!-- This site is optimized with the Yoast SEO plugin v27.3 - https:\/\/yoast.com\/product\/yoast-seo-wordpress\/ -->\n<title>Indicateur de rupture \u00e9lectrique pour les panneaux \u00e0 \u00e9vent d&#039;explosion - IRP<\/title>\n<meta name=\"description\" content=\"Indicateur de rupture \u00e9lectrique pour la d\u00e9tection de l&#039;ouverture du panneau d&#039;\u00e9vent d&#039;explosion. Int\u00e9gr\u00e9 lors de la fabrication du panneau, \u00e0 s\u00e9curit\u00e9 intrins\u00e8que, certifi\u00e9 ATEX, adapt\u00e9 aux panneaux PSC et PSR.\" \/>\n<meta name=\"robots\" content=\"index, follow, max-snippet:-1, max-image-preview:large, max-video-preview:-1\" \/>\n<link rel=\"canonical\" href=\"https:\/\/www.donadonsdd.com\/fr\/produit\/irp\/\" \/>\n<meta property=\"og:locale\" content=\"fr_FR\" \/>\n<meta property=\"og:type\" content=\"article\" \/>\n<meta property=\"og:title\" content=\"Indicateur de rupture \u00e9lectrique pour les panneaux \u00e0 \u00e9vent d&#039;explosion - IRP\" \/>\n<meta property=\"og:description\" content=\"Indicateur de rupture \u00e9lectrique pour la d\u00e9tection de l&#039;ouverture du panneau d&#039;\u00e9vent d&#039;explosion. Int\u00e9gr\u00e9 lors de la fabrication du panneau, \u00e0 s\u00e9curit\u00e9 intrins\u00e8que, certifi\u00e9 ATEX, adapt\u00e9 aux panneaux PSC et PSR.\" \/>\n<meta property=\"og:url\" content=\"https:\/\/www.donadonsdd.com\/fr\/produit\/irp\/\" \/>\n<meta property=\"og:site_name\" content=\"DonadonSDD Srl\" \/>\n<meta property=\"article:modified_time\" content=\"2026-03-01T01:29:18+00:00\" \/>\n<meta property=\"og:image\" content=\"https:\/\/www.donadonsdd.com\/wp-content\/uploads\/2025\/12\/img_136-remove-background.com_.png\" \/>\n\t<meta property=\"og:image:width\" content=\"700\" \/>\n\t<meta property=\"og:image:height\" content=\"466\" \/>\n\t<meta property=\"og:image:type\" content=\"image\/png\" \/>\n<meta name=\"twitter:card\" content=\"summary_large_image\" \/>\n<meta name=\"twitter:label1\" content=\"Dur\u00e9e de lecture estim\u00e9e\" \/>\n\t<meta name=\"twitter:data1\" content=\"1 minute\" \/>\n<script type=\"application\/ld+json\" class=\"yoast-schema-graph\">{\"@context\":\"https:\\\/\\\/schema.org\",\"@graph\":[{\"@type\":\"WebPage\",\"@id\":\"https:\\\/\\\/www.donadonsdd.com\\\/fr\\\/produit\\\/irp\\\/\",\"url\":\"https:\\\/\\\/www.donadonsdd.com\\\/fr\\\/produit\\\/irp\\\/\",\"name\":\"Indicateur de rupture \u00e9lectrique pour les panneaux \u00e0 \u00e9vent d'explosion - IRP\",\"isPartOf\":{\"@id\":\"https:\\\/\\\/www.donadonsdd.com\\\/fr\\\/#website\"},\"primaryImageOfPage\":{\"@id\":\"https:\\\/\\\/www.donadonsdd.com\\\/fr\\\/produit\\\/irp\\\/#primaryimage\"},\"image\":{\"@id\":\"https:\\\/\\\/www.donadonsdd.com\\\/fr\\\/produit\\\/irp\\\/#primaryimage\"},\"thumbnailUrl\":\"https:\\\/\\\/www.donadonsdd.com\\\/wp-content\\\/uploads\\\/2025\\\/12\\\/img_136-remove-background.com_.png\",\"datePublished\":\"2025-12-11T15:54:38+00:00\",\"dateModified\":\"2026-03-01T01:29:18+00:00\",\"description\":\"Indicateur de rupture \u00e9lectrique pour la d\u00e9tection de l'ouverture du panneau d'\u00e9vent d'explosion. Int\u00e9gr\u00e9 lors de la fabrication du panneau, \u00e0 s\u00e9curit\u00e9 intrins\u00e8que, certifi\u00e9 ATEX, adapt\u00e9 aux panneaux PSC et PSR.\",\"breadcrumb\":{\"@id\":\"https:\\\/\\\/www.donadonsdd.com\\\/fr\\\/produit\\\/irp\\\/#breadcrumb\"},\"inLanguage\":\"fr-FR\",\"potentialAction\":[{\"@type\":\"ReadAction\",\"target\":[\"https:\\\/\\\/www.donadonsdd.com\\\/fr\\\/produit\\\/irp\\\/\"]}]},{\"@type\":\"ImageObject\",\"inLanguage\":\"fr-FR\",\"@id\":\"https:\\\/\\\/www.donadonsdd.com\\\/fr\\\/produit\\\/irp\\\/#primaryimage\",\"url\":\"https:\\\/\\\/www.donadonsdd.com\\\/wp-content\\\/uploads\\\/2025\\\/12\\\/img_136-remove-background.com_.png\",\"contentUrl\":\"https:\\\/\\\/www.donadonsdd.com\\\/wp-content\\\/uploads\\\/2025\\\/12\\\/img_136-remove-background.com_.png\",\"width\":700,\"height\":466},{\"@type\":\"BreadcrumbList\",\"@id\":\"https:\\\/\\\/www.donadonsdd.com\\\/fr\\\/produit\\\/irp\\\/#breadcrumb\",\"itemListElement\":[{\"@type\":\"ListItem\",\"position\":1,\"name\":\"HOMEPAGE\",\"item\":\"https:\\\/\\\/www.donadonsdd.com\\\/fr\\\/\"},{\"@type\":\"ListItem\",\"position\":2,\"name\":\"Indicateurs de rupture IRP &#8211; D\u00e9tection de pr\u00e9cision pour les panneaux de ventilation\"}]},{\"@type\":\"WebSite\",\"@id\":\"https:\\\/\\\/www.donadonsdd.com\\\/fr\\\/#website\",\"url\":\"https:\\\/\\\/www.donadonsdd.com\\\/fr\\\/\",\"name\":\"DonadonSDD Srl\",\"description\":\"\",\"publisher\":{\"@id\":\"https:\\\/\\\/www.donadonsdd.com\\\/fr\\\/#organization\"},\"potentialAction\":[{\"@type\":\"SearchAction\",\"target\":{\"@type\":\"EntryPoint\",\"urlTemplate\":\"https:\\\/\\\/www.donadonsdd.com\\\/fr\\\/?s={search_term_string}\"},\"query-input\":{\"@type\":\"PropertyValueSpecification\",\"valueRequired\":true,\"valueName\":\"search_term_string\"}}],\"inLanguage\":\"fr-FR\"},{\"@type\":\"Organization\",\"@id\":\"https:\\\/\\\/www.donadonsdd.com\\\/fr\\\/#organization\",\"name\":\"DonadonSDD Srl\",\"url\":\"https:\\\/\\\/www.donadonsdd.com\\\/fr\\\/\",\"logo\":{\"@type\":\"ImageObject\",\"inLanguage\":\"fr-FR\",\"@id\":\"https:\\\/\\\/www.donadonsdd.com\\\/fr\\\/#\\\/schema\\\/logo\\\/image\\\/\",\"url\":\"https:\\\/\\\/www.donadonsdd.com\\\/wp-content\\\/uploads\\\/2025\\\/11\\\/donadonsdd-logo.png\",\"contentUrl\":\"https:\\\/\\\/www.donadonsdd.com\\\/wp-content\\\/uploads\\\/2025\\\/11\\\/donadonsdd-logo.png\",\"width\":544,\"height\":96,\"caption\":\"DonadonSDD Srl\"},\"image\":{\"@id\":\"https:\\\/\\\/www.donadonsdd.com\\\/fr\\\/#\\\/schema\\\/logo\\\/image\\\/\"}}]}<\/script>\n<!-- \/ Yoast SEO plugin. -->","yoast_head_json":{"title":"Indicateur de rupture \u00e9lectrique pour les panneaux \u00e0 \u00e9vent d'explosion - IRP","description":"Indicateur de rupture \u00e9lectrique pour la d\u00e9tection de l'ouverture du panneau d'\u00e9vent d'explosion. Int\u00e9gr\u00e9 lors de la fabrication du panneau, \u00e0 s\u00e9curit\u00e9 intrins\u00e8que, certifi\u00e9 ATEX, adapt\u00e9 aux panneaux PSC et PSR.","robots":{"index":"index","follow":"follow","max-snippet":"max-snippet:-1","max-image-preview":"max-image-preview:large","max-video-preview":"max-video-preview:-1"},"canonical":"https:\/\/www.donadonsdd.com\/fr\/produit\/irp\/","og_locale":"fr_FR","og_type":"article","og_title":"Indicateur de rupture \u00e9lectrique pour les panneaux \u00e0 \u00e9vent d'explosion - IRP","og_description":"Indicateur de rupture \u00e9lectrique pour la d\u00e9tection de l'ouverture du panneau d'\u00e9vent d'explosion. Int\u00e9gr\u00e9 lors de la fabrication du panneau, \u00e0 s\u00e9curit\u00e9 intrins\u00e8que, certifi\u00e9 ATEX, adapt\u00e9 aux panneaux PSC et PSR.","og_url":"https:\/\/www.donadonsdd.com\/fr\/produit\/irp\/","og_site_name":"DonadonSDD Srl","article_modified_time":"2026-03-01T01:29:18+00:00","og_image":[{"width":700,"height":466,"url":"https:\/\/www.donadonsdd.com\/wp-content\/uploads\/2025\/12\/img_136-remove-background.com_.png","type":"image\/png"}],"twitter_card":"summary_large_image","twitter_misc":{"Dur\u00e9e de lecture estim\u00e9e":"1 minute"},"schema":{"@context":"https:\/\/schema.org","@graph":[{"@type":"WebPage","@id":"https:\/\/www.donadonsdd.com\/fr\/produit\/irp\/","url":"https:\/\/www.donadonsdd.com\/fr\/produit\/irp\/","name":"Indicateur de rupture \u00e9lectrique pour les panneaux \u00e0 \u00e9vent d'explosion - IRP","isPartOf":{"@id":"https:\/\/www.donadonsdd.com\/fr\/#website"},"primaryImageOfPage":{"@id":"https:\/\/www.donadonsdd.com\/fr\/produit\/irp\/#primaryimage"},"image":{"@id":"https:\/\/www.donadonsdd.com\/fr\/produit\/irp\/#primaryimage"},"thumbnailUrl":"https:\/\/www.donadonsdd.com\/wp-content\/uploads\/2025\/12\/img_136-remove-background.com_.png","datePublished":"2025-12-11T15:54:38+00:00","dateModified":"2026-03-01T01:29:18+00:00","description":"Indicateur de rupture \u00e9lectrique pour la d\u00e9tection de l'ouverture du panneau d'\u00e9vent d'explosion. Int\u00e9gr\u00e9 lors de la fabrication du panneau, \u00e0 s\u00e9curit\u00e9 intrins\u00e8que, certifi\u00e9 ATEX, adapt\u00e9 aux panneaux PSC et PSR.","breadcrumb":{"@id":"https:\/\/www.donadonsdd.com\/fr\/produit\/irp\/#breadcrumb"},"inLanguage":"fr-FR","potentialAction":[{"@type":"ReadAction","target":["https:\/\/www.donadonsdd.com\/fr\/produit\/irp\/"]}]},{"@type":"ImageObject","inLanguage":"fr-FR","@id":"https:\/\/www.donadonsdd.com\/fr\/produit\/irp\/#primaryimage","url":"https:\/\/www.donadonsdd.com\/wp-content\/uploads\/2025\/12\/img_136-remove-background.com_.png","contentUrl":"https:\/\/www.donadonsdd.com\/wp-content\/uploads\/2025\/12\/img_136-remove-background.com_.png","width":700,"height":466},{"@type":"BreadcrumbList","@id":"https:\/\/www.donadonsdd.com\/fr\/produit\/irp\/#breadcrumb","itemListElement":[{"@type":"ListItem","position":1,"name":"HOMEPAGE","item":"https:\/\/www.donadonsdd.com\/fr\/"},{"@type":"ListItem","position":2,"name":"Indicateurs de rupture IRP &#8211; D\u00e9tection de pr\u00e9cision pour les panneaux de ventilation"}]},{"@type":"WebSite","@id":"https:\/\/www.donadonsdd.com\/fr\/#website","url":"https:\/\/www.donadonsdd.com\/fr\/","name":"DonadonSDD Srl","description":"","publisher":{"@id":"https:\/\/www.donadonsdd.com\/fr\/#organization"},"potentialAction":[{"@type":"SearchAction","target":{"@type":"EntryPoint","urlTemplate":"https:\/\/www.donadonsdd.com\/fr\/?s={search_term_string}"},"query-input":{"@type":"PropertyValueSpecification","valueRequired":true,"valueName":"search_term_string"}}],"inLanguage":"fr-FR"},{"@type":"Organization","@id":"https:\/\/www.donadonsdd.com\/fr\/#organization","name":"DonadonSDD Srl","url":"https:\/\/www.donadonsdd.com\/fr\/","logo":{"@type":"ImageObject","inLanguage":"fr-FR","@id":"https:\/\/www.donadonsdd.com\/fr\/#\/schema\/logo\/image\/","url":"https:\/\/www.donadonsdd.com\/wp-content\/uploads\/2025\/11\/donadonsdd-logo.png","contentUrl":"https:\/\/www.donadonsdd.com\/wp-content\/uploads\/2025\/11\/donadonsdd-logo.png","width":544,"height":96,"caption":"DonadonSDD Srl"},"image":{"@id":"https:\/\/www.donadonsdd.com\/fr\/#\/schema\/logo\/image\/"}}]}},"toolset-meta":{"toolset-woocommerce-fields":{"_download_limit":{"type":"numeric","raw":""},"_virtual":{"type":"checkbox","raw":""},"_downloadable":{"type":"checkbox","raw":""},"_download_expiry":{"type":"numeric","raw":""},"_download_type":{"type":"radio","raw":""},"_regular_price":{"type":"numeric","raw":""},"_sale_price":{"type":"numeric","raw":""},"_sale_price_dates_from":{"type":"date","raw":"","formatted":null},"_sale_price_dates_to":{"type":"date","raw":"","formatted":null},"_sku":{"type":"textfield","raw":""},"_manage_stock":{"type":"checkbox","raw":""},"_stock_status":{"type":"radio","raw":""},"_stock":{"type":"numeric","raw":""},"_backorders":{"type":"radio","raw":""},"_sold_individually":{"type":"checkbox","raw":""},"_width":{"type":"numeric","raw":""},"_weight":{"type":"numeric","raw":""},"_length":{"type":"numeric","raw":""},"_purchase_note":{"type":"textarea","raw":""}},"infografica":{"operation-ratio":{"type":"textfield","raw":""},"non-fragmenting":{"type":"textfield","raw":""},"vacumm-resistant":{"type":"textfield","raw":""},"sanitary":{"type":"textfield","raw":""},"liquid":{"type":"textfield","raw":""},"vapor-gas":{"type":"textfield","raw":""},"ferrules":{"type":"textfield","raw":""}},"dettagli-prodotto":{"immagini-prodotto":{"type":"image","raw":["https:\/\/www.donadonsdd.com\/wp-content\/uploads\/2025\/12\/img_136-remove-background.com_.png"],"repeatable":[{"raw":"https:\/\/www.donadonsdd.com\/wp-content\/uploads\/2025\/12\/img_136-remove-background.com_.png","attachment_id":10271}]},"tabella-specifiche":{"type":"wysiwyg","raw":"MOD\u00c8LE | IRP ;\nTEMP\u00c9RATURE DE FONCTIONNEMENT | De -20\u00b0C \u00e0 +300\u00b0C ;\nMEMBRANE D'ENCAPSULATION | Polyimide (Kapton\u00ae) ;\nCIRCUIT IMPRIM\u00c9 | Cuivre ;\nTENSION D'ALIMENTATION MAXI | 24 V DC ;\nCOURANT D'ALIMENTATION MAXI | 50 mA ;\nC\u00c2BLE | Standard, 2 m ;\nPANNEAUX D'\u00c9VENTUELLE D'EXPLOSION | <a href=\"https:\/\/www.donadonsdd.com\/fr\/produit\/psc\/\">PSC<\/a>, <a href=\"https:\/\/www.donadonsdd.com\/fr\/produit\/psr\/\">PSR<\/a>;"}}},"_links":{"self":[{"href":"https:\/\/www.donadonsdd.com\/fr\/wp-json\/wp\/v2\/product\/6044","targetHints":{"allow":["GET"]}}],"collection":[{"href":"https:\/\/www.donadonsdd.com\/fr\/wp-json\/wp\/v2\/product"}],"about":[{"href":"https:\/\/www.donadonsdd.com\/fr\/wp-json\/wp\/v2\/types\/product"}],"wp:featuredmedia":[{"embeddable":true,"href":"https:\/\/www.donadonsdd.com\/fr\/wp-json\/wp\/v2\/media\/10271"}],"wp:attachment":[{"href":"https:\/\/www.donadonsdd.com\/fr\/wp-json\/wp\/v2\/media?parent=6044"}],"wp:term":[{"taxonomy":"categoria_prodotto","embeddable":true,"href":"https:\/\/www.donadonsdd.com\/fr\/wp-json\/wp\/v2\/categoria_prodotto?post=6044"}],"curies":[{"name":"wp","href":"https:\/\/api.w.org\/{rel}","templated":true}]}}