{"id":6046,"date":"2025-12-11T16:52:07","date_gmt":"2025-12-11T15:52:07","guid":{"rendered":"https:\/\/www.donadonsdd.com\/product\/indicateurs-de-rupture-ire-une-detection-precise-pour-une-securite-accrue\/"},"modified":"2026-03-01T02:31:17","modified_gmt":"2026-03-01T01:31:17","slug":"ire","status":"publish","type":"product","link":"https:\/\/www.donadonsdd.com\/fr\/produit\/ire\/","title":{"rendered":"Indicateurs de rupture IRE &#8211; Une d\u00e9tection pr\u00e9cise pour une s\u00e9curit\u00e9 accrue"},"content":{"rendered":"<p>Les capteurs de rupture DonadonSDD IRE sont des instruments simples et efficaces pour enregistrer l&rsquo;\u00e9clatement d&rsquo;un disque de rupture.<\/p>\n<p>Le d\u00e9tecteur est install\u00e9 entre le conteneur du c\u00f4t\u00e9 de la d\u00e9charge et la bride en aval du dispositif de s\u00e9curit\u00e9, rempla\u00e7ant le joint traditionnel. Les c\u00e2bles de l&rsquo;indicateur d&rsquo;alarme sont reli\u00e9s au syst\u00e8me de s\u00e9curit\u00e9 de l&rsquo;usine par une barri\u00e8re de s\u00e9curit\u00e9 intrins\u00e8que conforme aux caract\u00e9ristiques \u00e9lectriques du capteur (tension maximale de 24 V CC et courant maximal de 50 mA) et \u00e0 la classification de la zone dangereuse. <\/p>\n<p>Le d\u00e9tecteur est compos\u00e9 d&rsquo;un capteur \u00e9lectrique simplement mont\u00e9 sur une cible compos\u00e9e de.. :<\/p>\n<ul>\n<li>une bague en acier inoxydable<\/li>\n<li>une membrane PTFE perfor\u00e9e<\/li>\n<li>joints : fibre aramide standard, disponible \u00e9galement en graphite, PTFE<\/li>\n<\/ul>\n<p>Lorsque le disque \u00e9clate, le circuit en cuivre du syst\u00e8me d&rsquo;alarme IRE s&rsquo;ouvre et, par cons\u00e9quent, le flux de courant est coup\u00e9, ce qui permet \u00e0 l&rsquo;\u00e9quipement connect\u00e9 de signaler que le disque s&rsquo;est ouvert.<\/p>\n<p>Le capteur IRE est enti\u00e8rement conforme \u00e0 la directive europ\u00e9enne 2014\/34\/EU (ATEX) et \u00e0 la norme CU TR 012 (EAC), ce qui t\u00e9moigne de son engagement \u00e0 respecter les normes les plus strictes en mati\u00e8re de fiabilit\u00e9 et de s\u00e9curit\u00e9. Cette conformit\u00e9 garantit que le capteur est bien adapt\u00e9 \u00e0 une application dans des environnements dangereux, affirmant sa capacit\u00e9 \u00e0 fonctionner efficacement et en toute s\u00e9curit\u00e9 dans des conditions difficiles. <\/p>\n<p>Le capteur IRE est class\u00e9 comme \u00ab\u00a0mat\u00e9riel \u00e9lectrique de base\u00a0\u00bb et est certifi\u00e9 conform\u00e9ment \u00e0 la directive europ\u00e9enne 94\/9\/CE (ATEX). L&rsquo;installation des zones d\u00e9pend du type de barri\u00e8re :<\/p>\n<ul>\n<li>Barri\u00e8re Ex ia &#8211;&gt; zone 0 ; 20 ; 1 ; 21 ; 2 ; 22<\/li>\n<li>Barri\u00e8re Ex ib &#8211;&gt; zone 1 ; 21 ; 2 ; 22<\/li>\n<\/ul>\n<p>L&rsquo;installation doit \u00eatre conforme \u00e0 la norme EN 60079-14.<\/p>\n","protected":false},"excerpt":{"rendered":"<p>Les capteurs de rupture DonadonSDD IRE sont des instruments simples et efficaces pour enregistrer l&rsquo;\u00e9clatement d&rsquo;un disque de rupture. Le d\u00e9tecteur est install\u00e9 entre le conteneur du c\u00f4t\u00e9 de la d\u00e9charge et la bride en aval du dispositif de s\u00e9curit\u00e9, rempla\u00e7ant le joint traditionnel. Les c\u00e2bles de l&rsquo;indicateur d&rsquo;alarme sont reli\u00e9s au syst\u00e8me de s\u00e9curit\u00e9 [&hellip;]<\/p>\n","protected":false},"featured_media":6047,"menu_order":0,"template":"","meta":{"_acf_changed":false},"categoria_prodotto":[94,81],"class_list":["post-6046","product","type-product","status-publish","has-post-thumbnail","hentry","categoria_prodotto-electric","categoria_prodotto-rupture-indicators"],"acf":[],"yoast_head":"<!-- This site is optimized with the Yoast SEO plugin v27.3 - https:\/\/yoast.com\/product\/yoast-seo-wordpress\/ -->\n<title>Indicateur \u00e9lectrique de disque de rupture - IRE<\/title>\n<meta name=\"description\" content=\"Indicateur \u00e9lectrique de disque de rupture pour la d\u00e9tection de l&#039;activation du disque de rupture. Install\u00e9 entre le disque de rupture ou le support et la bride, con\u00e7u pour une signalisation fiable, \u00e0 s\u00e9curit\u00e9 intrins\u00e8que, certifi\u00e9 ATEX.\" \/>\n<meta name=\"robots\" content=\"index, follow, max-snippet:-1, max-image-preview:large, max-video-preview:-1\" \/>\n<link rel=\"canonical\" href=\"https:\/\/www.donadonsdd.com\/fr\/produit\/ire\/\" \/>\n<meta property=\"og:locale\" content=\"fr_FR\" \/>\n<meta property=\"og:type\" content=\"article\" \/>\n<meta property=\"og:title\" content=\"Indicateur \u00e9lectrique de disque de rupture - IRE\" \/>\n<meta property=\"og:description\" content=\"Indicateur \u00e9lectrique de disque de rupture pour la d\u00e9tection de l&#039;activation du disque de rupture. Install\u00e9 entre le disque de rupture ou le support et la bride, con\u00e7u pour une signalisation fiable, \u00e0 s\u00e9curit\u00e9 intrins\u00e8que, certifi\u00e9 ATEX.\" \/>\n<meta property=\"og:url\" content=\"https:\/\/www.donadonsdd.com\/fr\/produit\/ire\/\" \/>\n<meta property=\"og:site_name\" content=\"DonadonSDD Srl\" \/>\n<meta property=\"article:modified_time\" content=\"2026-03-01T01:31:17+00:00\" \/>\n<meta property=\"og:image\" content=\"https:\/\/www.donadonsdd.com\/wp-content\/uploads\/2025\/12\/donadon-31-e1766346995115.png\" \/>\n\t<meta property=\"og:image:width\" content=\"1139\" \/>\n\t<meta property=\"og:image:height\" content=\"759\" \/>\n\t<meta property=\"og:image:type\" content=\"image\/png\" \/>\n<meta name=\"twitter:card\" content=\"summary_large_image\" \/>\n<meta name=\"twitter:label1\" content=\"Dur\u00e9e de lecture estim\u00e9e\" \/>\n\t<meta name=\"twitter:data1\" content=\"1 minute\" \/>\n<script type=\"application\/ld+json\" class=\"yoast-schema-graph\">{\"@context\":\"https:\\\/\\\/schema.org\",\"@graph\":[{\"@type\":\"WebPage\",\"@id\":\"https:\\\/\\\/www.donadonsdd.com\\\/fr\\\/produit\\\/ire\\\/\",\"url\":\"https:\\\/\\\/www.donadonsdd.com\\\/fr\\\/produit\\\/ire\\\/\",\"name\":\"Indicateur \u00e9lectrique de disque de rupture - IRE\",\"isPartOf\":{\"@id\":\"https:\\\/\\\/www.donadonsdd.com\\\/fr\\\/#website\"},\"primaryImageOfPage\":{\"@id\":\"https:\\\/\\\/www.donadonsdd.com\\\/fr\\\/produit\\\/ire\\\/#primaryimage\"},\"image\":{\"@id\":\"https:\\\/\\\/www.donadonsdd.com\\\/fr\\\/produit\\\/ire\\\/#primaryimage\"},\"thumbnailUrl\":\"https:\\\/\\\/www.donadonsdd.com\\\/wp-content\\\/uploads\\\/2025\\\/12\\\/donadon-31-e1766346995115.png\",\"datePublished\":\"2025-12-11T15:52:07+00:00\",\"dateModified\":\"2026-03-01T01:31:17+00:00\",\"description\":\"Indicateur \u00e9lectrique de disque de rupture pour la d\u00e9tection de l'activation du disque de rupture. Install\u00e9 entre le disque de rupture ou le support et la bride, con\u00e7u pour une signalisation fiable, \u00e0 s\u00e9curit\u00e9 intrins\u00e8que, certifi\u00e9 ATEX.\",\"breadcrumb\":{\"@id\":\"https:\\\/\\\/www.donadonsdd.com\\\/fr\\\/produit\\\/ire\\\/#breadcrumb\"},\"inLanguage\":\"fr-FR\",\"potentialAction\":[{\"@type\":\"ReadAction\",\"target\":[\"https:\\\/\\\/www.donadonsdd.com\\\/fr\\\/produit\\\/ire\\\/\"]}]},{\"@type\":\"ImageObject\",\"inLanguage\":\"fr-FR\",\"@id\":\"https:\\\/\\\/www.donadonsdd.com\\\/fr\\\/produit\\\/ire\\\/#primaryimage\",\"url\":\"https:\\\/\\\/www.donadonsdd.com\\\/wp-content\\\/uploads\\\/2025\\\/12\\\/donadon-31-e1766346995115.png\",\"contentUrl\":\"https:\\\/\\\/www.donadonsdd.com\\\/wp-content\\\/uploads\\\/2025\\\/12\\\/donadon-31-e1766346995115.png\",\"width\":1139,\"height\":759},{\"@type\":\"BreadcrumbList\",\"@id\":\"https:\\\/\\\/www.donadonsdd.com\\\/fr\\\/produit\\\/ire\\\/#breadcrumb\",\"itemListElement\":[{\"@type\":\"ListItem\",\"position\":1,\"name\":\"HOMEPAGE\",\"item\":\"https:\\\/\\\/www.donadonsdd.com\\\/fr\\\/\"},{\"@type\":\"ListItem\",\"position\":2,\"name\":\"Indicateurs de rupture IRE &#8211; Une d\u00e9tection pr\u00e9cise pour une s\u00e9curit\u00e9 accrue\"}]},{\"@type\":\"WebSite\",\"@id\":\"https:\\\/\\\/www.donadonsdd.com\\\/fr\\\/#website\",\"url\":\"https:\\\/\\\/www.donadonsdd.com\\\/fr\\\/\",\"name\":\"DonadonSDD Srl\",\"description\":\"\",\"publisher\":{\"@id\":\"https:\\\/\\\/www.donadonsdd.com\\\/fr\\\/#organization\"},\"potentialAction\":[{\"@type\":\"SearchAction\",\"target\":{\"@type\":\"EntryPoint\",\"urlTemplate\":\"https:\\\/\\\/www.donadonsdd.com\\\/fr\\\/?s={search_term_string}\"},\"query-input\":{\"@type\":\"PropertyValueSpecification\",\"valueRequired\":true,\"valueName\":\"search_term_string\"}}],\"inLanguage\":\"fr-FR\"},{\"@type\":\"Organization\",\"@id\":\"https:\\\/\\\/www.donadonsdd.com\\\/fr\\\/#organization\",\"name\":\"DonadonSDD Srl\",\"url\":\"https:\\\/\\\/www.donadonsdd.com\\\/fr\\\/\",\"logo\":{\"@type\":\"ImageObject\",\"inLanguage\":\"fr-FR\",\"@id\":\"https:\\\/\\\/www.donadonsdd.com\\\/fr\\\/#\\\/schema\\\/logo\\\/image\\\/\",\"url\":\"https:\\\/\\\/www.donadonsdd.com\\\/wp-content\\\/uploads\\\/2025\\\/11\\\/donadonsdd-logo.png\",\"contentUrl\":\"https:\\\/\\\/www.donadonsdd.com\\\/wp-content\\\/uploads\\\/2025\\\/11\\\/donadonsdd-logo.png\",\"width\":544,\"height\":96,\"caption\":\"DonadonSDD Srl\"},\"image\":{\"@id\":\"https:\\\/\\\/www.donadonsdd.com\\\/fr\\\/#\\\/schema\\\/logo\\\/image\\\/\"}}]}<\/script>\n<!-- \/ Yoast SEO plugin. -->","yoast_head_json":{"title":"Indicateur \u00e9lectrique de disque de rupture - IRE","description":"Indicateur \u00e9lectrique de disque de rupture pour la d\u00e9tection de l'activation du disque de rupture. Install\u00e9 entre le disque de rupture ou le support et la bride, con\u00e7u pour une signalisation fiable, \u00e0 s\u00e9curit\u00e9 intrins\u00e8que, certifi\u00e9 ATEX.","robots":{"index":"index","follow":"follow","max-snippet":"max-snippet:-1","max-image-preview":"max-image-preview:large","max-video-preview":"max-video-preview:-1"},"canonical":"https:\/\/www.donadonsdd.com\/fr\/produit\/ire\/","og_locale":"fr_FR","og_type":"article","og_title":"Indicateur \u00e9lectrique de disque de rupture - IRE","og_description":"Indicateur \u00e9lectrique de disque de rupture pour la d\u00e9tection de l'activation du disque de rupture. Install\u00e9 entre le disque de rupture ou le support et la bride, con\u00e7u pour une signalisation fiable, \u00e0 s\u00e9curit\u00e9 intrins\u00e8que, certifi\u00e9 ATEX.","og_url":"https:\/\/www.donadonsdd.com\/fr\/produit\/ire\/","og_site_name":"DonadonSDD Srl","article_modified_time":"2026-03-01T01:31:17+00:00","og_image":[{"width":1139,"height":759,"url":"https:\/\/www.donadonsdd.com\/wp-content\/uploads\/2025\/12\/donadon-31-e1766346995115.png","type":"image\/png"}],"twitter_card":"summary_large_image","twitter_misc":{"Dur\u00e9e de lecture estim\u00e9e":"1 minute"},"schema":{"@context":"https:\/\/schema.org","@graph":[{"@type":"WebPage","@id":"https:\/\/www.donadonsdd.com\/fr\/produit\/ire\/","url":"https:\/\/www.donadonsdd.com\/fr\/produit\/ire\/","name":"Indicateur \u00e9lectrique de disque de rupture - IRE","isPartOf":{"@id":"https:\/\/www.donadonsdd.com\/fr\/#website"},"primaryImageOfPage":{"@id":"https:\/\/www.donadonsdd.com\/fr\/produit\/ire\/#primaryimage"},"image":{"@id":"https:\/\/www.donadonsdd.com\/fr\/produit\/ire\/#primaryimage"},"thumbnailUrl":"https:\/\/www.donadonsdd.com\/wp-content\/uploads\/2025\/12\/donadon-31-e1766346995115.png","datePublished":"2025-12-11T15:52:07+00:00","dateModified":"2026-03-01T01:31:17+00:00","description":"Indicateur \u00e9lectrique de disque de rupture pour la d\u00e9tection de l'activation du disque de rupture. Install\u00e9 entre le disque de rupture ou le support et la bride, con\u00e7u pour une signalisation fiable, \u00e0 s\u00e9curit\u00e9 intrins\u00e8que, certifi\u00e9 ATEX.","breadcrumb":{"@id":"https:\/\/www.donadonsdd.com\/fr\/produit\/ire\/#breadcrumb"},"inLanguage":"fr-FR","potentialAction":[{"@type":"ReadAction","target":["https:\/\/www.donadonsdd.com\/fr\/produit\/ire\/"]}]},{"@type":"ImageObject","inLanguage":"fr-FR","@id":"https:\/\/www.donadonsdd.com\/fr\/produit\/ire\/#primaryimage","url":"https:\/\/www.donadonsdd.com\/wp-content\/uploads\/2025\/12\/donadon-31-e1766346995115.png","contentUrl":"https:\/\/www.donadonsdd.com\/wp-content\/uploads\/2025\/12\/donadon-31-e1766346995115.png","width":1139,"height":759},{"@type":"BreadcrumbList","@id":"https:\/\/www.donadonsdd.com\/fr\/produit\/ire\/#breadcrumb","itemListElement":[{"@type":"ListItem","position":1,"name":"HOMEPAGE","item":"https:\/\/www.donadonsdd.com\/fr\/"},{"@type":"ListItem","position":2,"name":"Indicateurs de rupture IRE &#8211; Une d\u00e9tection pr\u00e9cise pour une s\u00e9curit\u00e9 accrue"}]},{"@type":"WebSite","@id":"https:\/\/www.donadonsdd.com\/fr\/#website","url":"https:\/\/www.donadonsdd.com\/fr\/","name":"DonadonSDD Srl","description":"","publisher":{"@id":"https:\/\/www.donadonsdd.com\/fr\/#organization"},"potentialAction":[{"@type":"SearchAction","target":{"@type":"EntryPoint","urlTemplate":"https:\/\/www.donadonsdd.com\/fr\/?s={search_term_string}"},"query-input":{"@type":"PropertyValueSpecification","valueRequired":true,"valueName":"search_term_string"}}],"inLanguage":"fr-FR"},{"@type":"Organization","@id":"https:\/\/www.donadonsdd.com\/fr\/#organization","name":"DonadonSDD Srl","url":"https:\/\/www.donadonsdd.com\/fr\/","logo":{"@type":"ImageObject","inLanguage":"fr-FR","@id":"https:\/\/www.donadonsdd.com\/fr\/#\/schema\/logo\/image\/","url":"https:\/\/www.donadonsdd.com\/wp-content\/uploads\/2025\/11\/donadonsdd-logo.png","contentUrl":"https:\/\/www.donadonsdd.com\/wp-content\/uploads\/2025\/11\/donadonsdd-logo.png","width":544,"height":96,"caption":"DonadonSDD Srl"},"image":{"@id":"https:\/\/www.donadonsdd.com\/fr\/#\/schema\/logo\/image\/"}}]}},"toolset-meta":{"toolset-woocommerce-fields":{"_download_limit":{"type":"numeric","raw":""},"_virtual":{"type":"checkbox","raw":""},"_downloadable":{"type":"checkbox","raw":""},"_download_expiry":{"type":"numeric","raw":""},"_download_type":{"type":"radio","raw":""},"_regular_price":{"type":"numeric","raw":""},"_sale_price":{"type":"numeric","raw":""},"_sale_price_dates_from":{"type":"date","raw":"","formatted":null},"_sale_price_dates_to":{"type":"date","raw":"","formatted":null},"_sku":{"type":"textfield","raw":""},"_manage_stock":{"type":"checkbox","raw":""},"_stock_status":{"type":"radio","raw":""},"_stock":{"type":"numeric","raw":""},"_backorders":{"type":"radio","raw":""},"_sold_individually":{"type":"checkbox","raw":""},"_width":{"type":"numeric","raw":""},"_weight":{"type":"numeric","raw":""},"_length":{"type":"numeric","raw":""},"_purchase_note":{"type":"textarea","raw":""}},"infografica":{"operation-ratio":{"type":"textfield","raw":""},"non-fragmenting":{"type":"textfield","raw":""},"vacumm-resistant":{"type":"textfield","raw":""},"sanitary":{"type":"textfield","raw":""},"liquid":{"type":"textfield","raw":""},"vapor-gas":{"type":"textfield","raw":""},"ferrules":{"type":"textfield","raw":""}},"dettagli-prodotto":{"immagini-prodotto":{"type":"image","raw":["https:\/\/www.donadonsdd.com\/wp-content\/uploads\/2025\/12\/donadon-31_result.webp","https:\/\/www.donadonsdd.com\/wp-content\/uploads\/2025\/12\/donadon-32_result-1.webp","https:\/\/www.donadonsdd.com\/wp-content\/uploads\/2025\/12\/donadon-33_result.webp"],"repeatable":[{"raw":"https:\/\/www.donadonsdd.com\/wp-content\/uploads\/2025\/12\/donadon-31_result.webp","attachment_id":8058},{"raw":"https:\/\/www.donadonsdd.com\/wp-content\/uploads\/2025\/12\/donadon-32_result-1.webp","attachment_id":8059},{"raw":"https:\/\/www.donadonsdd.com\/wp-content\/uploads\/2025\/12\/donadon-33_result.webp","attachment_id":8060}]},"tabella-specifiche":{"type":"wysiwyg","raw":"MOD\u00c8LE | IRE ;\nTEMPERATURE DE FONCTIONNEMENT | De -20\u00b0C \u00e0 +265\u00b0C (en fonction du joint utilis\u00e9) ;\nMEMBRANE ENCAPSULANT | Polyimide (Kapton\u00ae) ;\nCIRCUIT IMPRIM\u00c9 | Cuivre ;\nTENSION D'ALIMENTATION MAX | 24 V DC ;\nCOURANT D'ALIMENTATION MAXI | 50 mA ;\nCABLE | Standard, 2 m ;\nCOMPATIBILIT\u00c9 AVEC LES SUPPORTS \/ DISQUES DE RUPTURE | <a href=\"https:\/\/www.donadonsdd.com\/fr\/produit\/hia-hra\/\">HIA<\/a>, <a href=\"https:\/\/www.donadonsdd.com\/fr\/produit\/hia-hra\/\">HRA<\/a>, <a href=\"https:\/\/www.donadonsdd.com\/fr\/produit\/hip-hrp\/\">HIP<\/a>, <a href=\"https:\/\/www.donadonsdd.com\/fr\/produit\/hip-hrp\/\">HRP<\/a> \u00a7 <a href=\"https:\/\/www.donadonsdd.com\/fr\/produit\/dcd-composite\/\">DCD<\/a>, <a href=\"https:\/\/www.donadonsdd.com\/fr\/produit\/dif\/\">DIF<\/a>, <a href=\"https:\/\/www.donadonsdd.com\/fr\/produit\/scd\/\">SCD<\/a>, <a href=\"https:\/\/www.donadonsdd.com\/fr\/produit\/scr\/\">SCR<\/a>, <a href=\"https:\/\/www.donadonsdd.com\/fr\/produit\/y90\/\">Y90<\/a>, <a href=\"https:\/\/www.donadonsdd.com\/fr\/produit\/krd\/\">KRD<\/a>, <a href=\"https:\/\/www.donadonsdd.com\/fr\/produit\/gm\/\">GM<\/a>, <a href=\"https:\/\/www.donadonsdd.com\/fr\/produit\/ga\/\">GA<\/a>, <a href=\"https:\/\/www.donadonsdd.com\/fr\/produit\/gr\/\">GR<\/a>;             "}}},"_links":{"self":[{"href":"https:\/\/www.donadonsdd.com\/fr\/wp-json\/wp\/v2\/product\/6046","targetHints":{"allow":["GET"]}}],"collection":[{"href":"https:\/\/www.donadonsdd.com\/fr\/wp-json\/wp\/v2\/product"}],"about":[{"href":"https:\/\/www.donadonsdd.com\/fr\/wp-json\/wp\/v2\/types\/product"}],"wp:featuredmedia":[{"embeddable":true,"href":"https:\/\/www.donadonsdd.com\/fr\/wp-json\/wp\/v2\/media\/6047"}],"wp:attachment":[{"href":"https:\/\/www.donadonsdd.com\/fr\/wp-json\/wp\/v2\/media?parent=6046"}],"wp:term":[{"taxonomy":"categoria_prodotto","embeddable":true,"href":"https:\/\/www.donadonsdd.com\/fr\/wp-json\/wp\/v2\/categoria_prodotto?post=6046"}],"curies":[{"name":"wp","href":"https:\/\/api.w.org\/{rel}","templated":true}]}}