{"id":6068,"date":"2025-12-11T14:13:27","date_gmt":"2025-12-11T13:13:27","guid":{"rendered":"https:\/\/www.donadonsdd.com\/product\/disques-de-rupture-sanitaires-krd-protection-avancee-contre-la-pression-pour-les-industries-hygieniques\/"},"modified":"2026-04-15T22:42:57","modified_gmt":"2026-04-15T20:42:57","slug":"krd-sanitary","status":"publish","type":"product","link":"https:\/\/www.donadonsdd.com\/fr\/produit\/krd-sanitary\/","title":{"rendered":"Disques de rupture sanitaires KRD &#8211; Protection avanc\u00e9e contre la pression pour les industries hygi\u00e9niques"},"content":{"rendered":"<p>Les disques de rupture \u00e0 action inverse KRD de DonadonSDD sont des dispositifs de s\u00e9curit\u00e9 essentiels qui prot\u00e8gent votre installation industrielle en emp\u00eachant les mont\u00e9es en pression soudaines. Les disques de rupture \u00e0 action inverse ont une cambrure convexe qui reste inchang\u00e9e sous la pression de fonctionnement jusqu&rsquo;\u00e0 ce que la pression inverse soit atteinte, ce qui peut garantir une longue dur\u00e9e de vie. Les disques de rupture KRD de DonadonSDD utilisent une technologie sectorielle avanc\u00e9e et fournissent une protection cibl\u00e9e et pr\u00e9cise dans les applications les plus exigeantes, faisant des disques de rupture KRD de DonadonSDD un choix de s\u00e9curit\u00e9 optimal pour les usines confront\u00e9es \u00e0 des conditions extr\u00eames. Sa conception sp\u00e9cifique rend le KRD id\u00e9al pour offrir une protection contre la pression aux \u00e9quipements o\u00f9 le fluide Full Liquid est pr\u00e9sent.<\/p>\n<h2>Caract\u00e9ristiques et avantages techniques<\/h2>\n<h3>Conception de pointe :<\/h3>\n<p>Particuli\u00e8rement adapt\u00e9 aux industries pharmaceutiques, alimentaires et biotechnologiques, il repr\u00e9sente le nec plus ultra pour ces secteurs.<\/p>\n<h3>Joints certifi\u00e9s FDA :<\/h3>\n<p>Les joints en PTFE, certifi\u00e9s conformes aux r\u00e9glementations FDA et USP classe VI, 3-A, et Eu 10\/2011, facilitent l&rsquo;installation dans les raccords Clamp (sanitaires, Tri-Clamp, Tank Connection).<\/p>\n<h3>Applications hygi\u00e9niques :<\/h3>\n<p>Con\u00e7u pour r\u00e9pondre aux normes de haute qualit\u00e9 exig\u00e9es par 3-A SSI, GMP et MOCA afin de garantir la sant\u00e9 publique gr\u00e2ce \u00e0 des \u00e9quipements hygi\u00e9niques.<\/p>\n<h3>Normes de certification \u00e9lev\u00e9es :<\/h3>\n<p>Nos disques de rupture KRD ont obtenu les certifications les plus \u00e9lev\u00e9es, notamment ASME XIII (UD STAMP), PED 2014\/68\/UE (CE STAMP), ATEX EX II 2 GD (CE STAMP), PER 2016 UK Statutory Instruments 2016 No 1105 (UKCA STAMP), et CU TR 032 (EAC STAMP).<\/p>\n<h3>Technologie avanc\u00e9e :<\/h3>\n<p>Les disques de rupture KRD obtenus gr\u00e2ce \u00e0 notre technologie brevet\u00e9e Laser NS NanoScored sont des disques \u00e0 action invers\u00e9e dont les sections calibr\u00e9es micro-scores s&rsquo;ouvrent sur la circonf\u00e9rence, r\u00e9duisant ainsi le risque de d\u00e9tachement des p\u00e9tales.<\/p>\n<h3>Des performances fiables :<\/h3>\n<p>Ils supportent des milliers de cycles sans compromettre leur fiabilit\u00e9, avec des rapports allant jusqu&rsquo;\u00e0 95 % entre la pression de fonctionnement et la pression de rupture.<\/p>\n<h3>Rupture rapide et non fragmentaire :<\/h3>\n<p>Le disque s&rsquo;ouvre compl\u00e8tement en quelques millisecondes le long d&rsquo;une ligne circonf\u00e9rentielle marqu\u00e9e sur la face aval du disque, \u00e9vitant ainsi la formation de fragments.<\/p>\n<h3>Conception polyvalente :<\/h3>\n<p>Convient \u00e0 la pr\u00e9sence de liquide \u00e0 100 %, aux cycles et aux conditions pulsatoires sans r\u00e9duire les marges de s\u00e9curit\u00e9.<\/p>\n<h3>R\u00e9sistant \u00e0 la corrosion :<\/h3>\n<p>Large gamme de mat\u00e9riaux et d&rsquo;options d&rsquo;\u00e9paisseur ; rev\u00eatement PTFE ou PFA (approuv\u00e9 par la FDA) disponible pour une protection accrue.<\/p>\n<h3>R\u00e9sistance \u00e0 la haute pression et au vide :<\/h3>\n<p>Ne n\u00e9cessite pas de support de vide, ce qui \u00e9vite les restrictions dans la zone de d\u00e9charge ; capable de r\u00e9sister \u00e0 des contre-pressions \u00e9lev\u00e9es.<\/p>\n<h2>Pourquoi choisir DonadonSDD ?<\/h2>\n<ul>\n<li>Une technologie et une conception avanc\u00e9es garantissent une protection pr\u00e9cise et fiable de la pression dans les industries hygi\u00e9niques.<\/li>\n<li>La construction en acier inoxydable, la surface lisse et les joints certifi\u00e9s FDA garantissent des niveaux \u00e9lev\u00e9s d&rsquo;hygi\u00e8ne et des conditions aseptiques.<\/li>\n<li>Surface lisse : La finition de surface lisse (0,2&lt;Ra&lt;0,4 micron) le rend particuli\u00e8rement adapt\u00e9 aux traitements C.I.P. et S.I.P. pour maintenir des conditions aseptiques. Test de rugosit\u00e9 disponible pour des valeurs encore plus basses.<\/li>\n<li>Peut \u00eatre utilis\u00e9 avec des applications enti\u00e8rement liquides et peut r\u00e9sister \u00e0 la fois au vide et \u00e0 une pression op\u00e9rationnelle \u00e9lev\u00e9e.<\/li>\n<\/ul>\n","protected":false},"excerpt":{"rendered":"<p>Les disques de rupture \u00e0 action inverse KRD de DonadonSDD sont des dispositifs de s\u00e9curit\u00e9 essentiels qui prot\u00e8gent votre installation industrielle en emp\u00eachant les mont\u00e9es en pression soudaines. Les disques de rupture \u00e0 action inverse ont une cambrure convexe qui reste inchang\u00e9e sous la pression de fonctionnement jusqu&rsquo;\u00e0 ce que la pression inverse soit atteinte, [&hellip;]<\/p>\n","protected":false},"featured_media":10291,"menu_order":0,"template":"","meta":{"_acf_changed":false},"categoria_prodotto":[86,79,84],"class_list":["post-6068","product","type-product","status-publish","has-post-thumbnail","hentry","categoria_prodotto-reverse-acting","categoria_prodotto-rupture-discs","categoria_prodotto-sanitary"],"acf":[],"yoast_head":"<!-- This site is optimized with the Yoast SEO plugin v27.3 - https:\/\/yoast.com\/product\/yoast-seo-wordpress\/ -->\n<title>Disque de rupture sanitaire \u00e0 flambage invers\u00e9 - KRD<\/title>\n<meta name=\"description\" content=\"Disque de rupture sanitaire \u00e0 action inverse pour les applications pharmaceutiques, alimentaires et biotechnologiques. R\u00e9sistance \u00e9lev\u00e9e aux cycles et conception pr\u00e9visible sans fragmentation, taux de fonctionnement jusqu&#039;\u00e0 95 %, conforme aux normes ASME et PED, certifi\u00e9 3-A.\" \/>\n<meta name=\"robots\" content=\"index, follow, max-snippet:-1, max-image-preview:large, max-video-preview:-1\" \/>\n<link rel=\"canonical\" href=\"https:\/\/www.donadonsdd.com\/fr\/produit\/krd-sanitary\/\" \/>\n<meta property=\"og:locale\" content=\"fr_FR\" \/>\n<meta property=\"og:type\" content=\"article\" \/>\n<meta property=\"og:title\" content=\"Disque de rupture sanitaire \u00e0 flambage invers\u00e9 - KRD\" \/>\n<meta property=\"og:description\" content=\"Disque de rupture sanitaire \u00e0 action inverse pour les applications pharmaceutiques, alimentaires et biotechnologiques. R\u00e9sistance \u00e9lev\u00e9e aux cycles et conception pr\u00e9visible sans fragmentation, taux de fonctionnement jusqu&#039;\u00e0 95 %, conforme aux normes ASME et PED, certifi\u00e9 3-A.\" \/>\n<meta property=\"og:url\" content=\"https:\/\/www.donadonsdd.com\/fr\/produit\/krd-sanitary\/\" \/>\n<meta property=\"og:site_name\" content=\"DonadonSDD Srl\" \/>\n<meta property=\"article:modified_time\" content=\"2026-04-15T20:42:57+00:00\" \/>\n<meta property=\"og:image\" content=\"https:\/\/www.donadonsdd.com\/wp-content\/uploads\/2025\/12\/donadon-78.png\" \/>\n\t<meta property=\"og:image:width\" content=\"1800\" \/>\n\t<meta property=\"og:image:height\" content=\"1200\" \/>\n\t<meta property=\"og:image:type\" content=\"image\/png\" \/>\n<meta name=\"twitter:card\" content=\"summary_large_image\" \/>\n<meta name=\"twitter:label1\" content=\"Dur\u00e9e de lecture estim\u00e9e\" \/>\n\t<meta name=\"twitter:data1\" content=\"4 minutes\" \/>\n<script type=\"application\/ld+json\" class=\"yoast-schema-graph\">{\"@context\":\"https:\\\/\\\/schema.org\",\"@graph\":[{\"@type\":\"WebPage\",\"@id\":\"https:\\\/\\\/www.donadonsdd.com\\\/fr\\\/produit\\\/krd-sanitary\\\/\",\"url\":\"https:\\\/\\\/www.donadonsdd.com\\\/fr\\\/produit\\\/krd-sanitary\\\/\",\"name\":\"Disque de rupture sanitaire \u00e0 flambage invers\u00e9 - KRD\",\"isPartOf\":{\"@id\":\"https:\\\/\\\/www.donadonsdd.com\\\/fr\\\/#website\"},\"primaryImageOfPage\":{\"@id\":\"https:\\\/\\\/www.donadonsdd.com\\\/fr\\\/produit\\\/krd-sanitary\\\/#primaryimage\"},\"image\":{\"@id\":\"https:\\\/\\\/www.donadonsdd.com\\\/fr\\\/produit\\\/krd-sanitary\\\/#primaryimage\"},\"thumbnailUrl\":\"https:\\\/\\\/www.donadonsdd.com\\\/wp-content\\\/uploads\\\/2025\\\/12\\\/donadon-78.png\",\"datePublished\":\"2025-12-11T13:13:27+00:00\",\"dateModified\":\"2026-04-15T20:42:57+00:00\",\"description\":\"Disque de rupture sanitaire \u00e0 action inverse pour les applications pharmaceutiques, alimentaires et biotechnologiques. R\u00e9sistance \u00e9lev\u00e9e aux cycles et conception pr\u00e9visible sans fragmentation, taux de fonctionnement jusqu'\u00e0 95 %, conforme aux normes ASME et PED, certifi\u00e9 3-A.\",\"breadcrumb\":{\"@id\":\"https:\\\/\\\/www.donadonsdd.com\\\/fr\\\/produit\\\/krd-sanitary\\\/#breadcrumb\"},\"inLanguage\":\"fr-FR\",\"potentialAction\":[{\"@type\":\"ReadAction\",\"target\":[\"https:\\\/\\\/www.donadonsdd.com\\\/fr\\\/produit\\\/krd-sanitary\\\/\"]}]},{\"@type\":\"ImageObject\",\"inLanguage\":\"fr-FR\",\"@id\":\"https:\\\/\\\/www.donadonsdd.com\\\/fr\\\/produit\\\/krd-sanitary\\\/#primaryimage\",\"url\":\"https:\\\/\\\/www.donadonsdd.com\\\/wp-content\\\/uploads\\\/2025\\\/12\\\/donadon-78.png\",\"contentUrl\":\"https:\\\/\\\/www.donadonsdd.com\\\/wp-content\\\/uploads\\\/2025\\\/12\\\/donadon-78.png\",\"width\":1800,\"height\":1200},{\"@type\":\"BreadcrumbList\",\"@id\":\"https:\\\/\\\/www.donadonsdd.com\\\/fr\\\/produit\\\/krd-sanitary\\\/#breadcrumb\",\"itemListElement\":[{\"@type\":\"ListItem\",\"position\":1,\"name\":\"HOMEPAGE\",\"item\":\"https:\\\/\\\/www.donadonsdd.com\\\/fr\\\/\"},{\"@type\":\"ListItem\",\"position\":2,\"name\":\"Disques de rupture sanitaires KRD &#8211; Protection avanc\u00e9e contre la pression pour les industries hygi\u00e9niques\"}]},{\"@type\":\"WebSite\",\"@id\":\"https:\\\/\\\/www.donadonsdd.com\\\/fr\\\/#website\",\"url\":\"https:\\\/\\\/www.donadonsdd.com\\\/fr\\\/\",\"name\":\"DonadonSDD Srl\",\"description\":\"\",\"publisher\":{\"@id\":\"https:\\\/\\\/www.donadonsdd.com\\\/fr\\\/#organization\"},\"potentialAction\":[{\"@type\":\"SearchAction\",\"target\":{\"@type\":\"EntryPoint\",\"urlTemplate\":\"https:\\\/\\\/www.donadonsdd.com\\\/fr\\\/?s={search_term_string}\"},\"query-input\":{\"@type\":\"PropertyValueSpecification\",\"valueRequired\":true,\"valueName\":\"search_term_string\"}}],\"inLanguage\":\"fr-FR\"},{\"@type\":\"Organization\",\"@id\":\"https:\\\/\\\/www.donadonsdd.com\\\/fr\\\/#organization\",\"name\":\"DonadonSDD Srl\",\"url\":\"https:\\\/\\\/www.donadonsdd.com\\\/fr\\\/\",\"logo\":{\"@type\":\"ImageObject\",\"inLanguage\":\"fr-FR\",\"@id\":\"https:\\\/\\\/www.donadonsdd.com\\\/fr\\\/#\\\/schema\\\/logo\\\/image\\\/\",\"url\":\"https:\\\/\\\/www.donadonsdd.com\\\/wp-content\\\/uploads\\\/2025\\\/11\\\/donadonsdd-logo.png\",\"contentUrl\":\"https:\\\/\\\/www.donadonsdd.com\\\/wp-content\\\/uploads\\\/2025\\\/11\\\/donadonsdd-logo.png\",\"width\":544,\"height\":96,\"caption\":\"DonadonSDD Srl\"},\"image\":{\"@id\":\"https:\\\/\\\/www.donadonsdd.com\\\/fr\\\/#\\\/schema\\\/logo\\\/image\\\/\"}}]}<\/script>\n<!-- \/ Yoast SEO plugin. -->","yoast_head_json":{"title":"Disque de rupture sanitaire \u00e0 flambage invers\u00e9 - KRD","description":"Disque de rupture sanitaire \u00e0 action inverse pour les applications pharmaceutiques, alimentaires et biotechnologiques. R\u00e9sistance \u00e9lev\u00e9e aux cycles et conception pr\u00e9visible sans fragmentation, taux de fonctionnement jusqu'\u00e0 95 %, conforme aux normes ASME et PED, certifi\u00e9 3-A.","robots":{"index":"index","follow":"follow","max-snippet":"max-snippet:-1","max-image-preview":"max-image-preview:large","max-video-preview":"max-video-preview:-1"},"canonical":"https:\/\/www.donadonsdd.com\/fr\/produit\/krd-sanitary\/","og_locale":"fr_FR","og_type":"article","og_title":"Disque de rupture sanitaire \u00e0 flambage invers\u00e9 - KRD","og_description":"Disque de rupture sanitaire \u00e0 action inverse pour les applications pharmaceutiques, alimentaires et biotechnologiques. R\u00e9sistance \u00e9lev\u00e9e aux cycles et conception pr\u00e9visible sans fragmentation, taux de fonctionnement jusqu'\u00e0 95 %, conforme aux normes ASME et PED, certifi\u00e9 3-A.","og_url":"https:\/\/www.donadonsdd.com\/fr\/produit\/krd-sanitary\/","og_site_name":"DonadonSDD Srl","article_modified_time":"2026-04-15T20:42:57+00:00","og_image":[{"width":1800,"height":1200,"url":"https:\/\/www.donadonsdd.com\/wp-content\/uploads\/2025\/12\/donadon-78.png","type":"image\/png"}],"twitter_card":"summary_large_image","twitter_misc":{"Dur\u00e9e de lecture estim\u00e9e":"4 minutes"},"schema":{"@context":"https:\/\/schema.org","@graph":[{"@type":"WebPage","@id":"https:\/\/www.donadonsdd.com\/fr\/produit\/krd-sanitary\/","url":"https:\/\/www.donadonsdd.com\/fr\/produit\/krd-sanitary\/","name":"Disque de rupture sanitaire \u00e0 flambage invers\u00e9 - KRD","isPartOf":{"@id":"https:\/\/www.donadonsdd.com\/fr\/#website"},"primaryImageOfPage":{"@id":"https:\/\/www.donadonsdd.com\/fr\/produit\/krd-sanitary\/#primaryimage"},"image":{"@id":"https:\/\/www.donadonsdd.com\/fr\/produit\/krd-sanitary\/#primaryimage"},"thumbnailUrl":"https:\/\/www.donadonsdd.com\/wp-content\/uploads\/2025\/12\/donadon-78.png","datePublished":"2025-12-11T13:13:27+00:00","dateModified":"2026-04-15T20:42:57+00:00","description":"Disque de rupture sanitaire \u00e0 action inverse pour les applications pharmaceutiques, alimentaires et biotechnologiques. R\u00e9sistance \u00e9lev\u00e9e aux cycles et conception pr\u00e9visible sans fragmentation, taux de fonctionnement jusqu'\u00e0 95 %, conforme aux normes ASME et PED, certifi\u00e9 3-A.","breadcrumb":{"@id":"https:\/\/www.donadonsdd.com\/fr\/produit\/krd-sanitary\/#breadcrumb"},"inLanguage":"fr-FR","potentialAction":[{"@type":"ReadAction","target":["https:\/\/www.donadonsdd.com\/fr\/produit\/krd-sanitary\/"]}]},{"@type":"ImageObject","inLanguage":"fr-FR","@id":"https:\/\/www.donadonsdd.com\/fr\/produit\/krd-sanitary\/#primaryimage","url":"https:\/\/www.donadonsdd.com\/wp-content\/uploads\/2025\/12\/donadon-78.png","contentUrl":"https:\/\/www.donadonsdd.com\/wp-content\/uploads\/2025\/12\/donadon-78.png","width":1800,"height":1200},{"@type":"BreadcrumbList","@id":"https:\/\/www.donadonsdd.com\/fr\/produit\/krd-sanitary\/#breadcrumb","itemListElement":[{"@type":"ListItem","position":1,"name":"HOMEPAGE","item":"https:\/\/www.donadonsdd.com\/fr\/"},{"@type":"ListItem","position":2,"name":"Disques de rupture sanitaires KRD &#8211; Protection avanc\u00e9e contre la pression pour les industries hygi\u00e9niques"}]},{"@type":"WebSite","@id":"https:\/\/www.donadonsdd.com\/fr\/#website","url":"https:\/\/www.donadonsdd.com\/fr\/","name":"DonadonSDD Srl","description":"","publisher":{"@id":"https:\/\/www.donadonsdd.com\/fr\/#organization"},"potentialAction":[{"@type":"SearchAction","target":{"@type":"EntryPoint","urlTemplate":"https:\/\/www.donadonsdd.com\/fr\/?s={search_term_string}"},"query-input":{"@type":"PropertyValueSpecification","valueRequired":true,"valueName":"search_term_string"}}],"inLanguage":"fr-FR"},{"@type":"Organization","@id":"https:\/\/www.donadonsdd.com\/fr\/#organization","name":"DonadonSDD Srl","url":"https:\/\/www.donadonsdd.com\/fr\/","logo":{"@type":"ImageObject","inLanguage":"fr-FR","@id":"https:\/\/www.donadonsdd.com\/fr\/#\/schema\/logo\/image\/","url":"https:\/\/www.donadonsdd.com\/wp-content\/uploads\/2025\/11\/donadonsdd-logo.png","contentUrl":"https:\/\/www.donadonsdd.com\/wp-content\/uploads\/2025\/11\/donadonsdd-logo.png","width":544,"height":96,"caption":"DonadonSDD Srl"},"image":{"@id":"https:\/\/www.donadonsdd.com\/fr\/#\/schema\/logo\/image\/"}}]}},"toolset-meta":{"toolset-woocommerce-fields":{"_download_limit":{"type":"numeric","raw":""},"_virtual":{"type":"checkbox","raw":""},"_downloadable":{"type":"checkbox","raw":""},"_download_expiry":{"type":"numeric","raw":""},"_download_type":{"type":"radio","raw":""},"_regular_price":{"type":"numeric","raw":""},"_sale_price":{"type":"numeric","raw":""},"_sale_price_dates_from":{"type":"date","raw":"","formatted":null},"_sale_price_dates_to":{"type":"date","raw":"","formatted":null},"_sku":{"type":"textfield","raw":""},"_manage_stock":{"type":"checkbox","raw":""},"_stock_status":{"type":"radio","raw":""},"_stock":{"type":"numeric","raw":""},"_backorders":{"type":"radio","raw":""},"_sold_individually":{"type":"checkbox","raw":""},"_width":{"type":"numeric","raw":""},"_weight":{"type":"numeric","raw":""},"_length":{"type":"numeric","raw":""},"_purchase_note":{"type":"textarea","raw":""}},"infografica":{"operation-ratio":{"type":"textfield","raw":"jusqu'\u00e0 95%"},"non-fragmenting":{"type":"textfield","raw":"oui"},"vacumm-resistant":{"type":"textfield","raw":"oui"},"sanitary":{"type":"textfield","raw":"oui"},"liquid":{"type":"textfield","raw":"oui"},"vapor-gas":{"type":"textfield","raw":"oui"},"ferrules":{"type":"textfield","raw":""}},"dettagli-prodotto":{"immagini-prodotto":{"type":"image","raw":["https:\/\/www.donadonsdd.com\/wp-content\/uploads\/2025\/12\/donadon-78_result.webp","https:\/\/www.donadonsdd.com\/wp-content\/uploads\/2025\/12\/donadon-79_result.webp"],"repeatable":[{"raw":"https:\/\/www.donadonsdd.com\/wp-content\/uploads\/2025\/12\/donadon-78_result.webp","attachment_id":6069},{"raw":"https:\/\/www.donadonsdd.com\/wp-content\/uploads\/2025\/12\/donadon-79_result.webp","attachment_id":6070}]},"tabella-specifiche":{"type":"wysiwyg","raw":"MOD\u00c8LE | KRD ;\r\nMAT\u00c9RIAUX | Acier inoxydable, alliage 201, alliage 400, alliage 600, alliage 625, alliage C276, titane ;\r\nMAT\u00c9RIAUX DES JOINTS | PTFE ;\r\nDIMENSIONS | De DN15 (\u00bd pouce) \u00e0 DN900 (36 pouces) ;\r\nPRESSION DE RUPTURE | 0,1 - 8 bar g (selon la taille et le mat\u00e9riau) ;\r\nKR L | 0,48 ;\r\nTOL\u00c9RANCE | de +\/- 5 % \u00e0 +\/- 20 % ;\r\nTEMP\u00c9RATURE DE FONCTIONNEMENT | Max 260\u00b0C (joints en PTFE) ;\r\nFRAGMENTATION | No ;\r\nUTILISATION EN COMBINAISON AVEC PSV | Convient ;\r\nMARGE D'EXPLOITATION | 90 % - Peut atteindre 95 % selon les conditions de service.. ;\r\nR\u00c9SISTANCE \u00c0 LA PRESSION DU VIDE | Oui, autoportant dans des conditions de vide ;\r\nR\u00c9SISTANCE \u00c0 LA CORROSION | Tr\u00e8s bon ;\r\nLes rev\u00eatements | sont disponibles en PTFE et PFA ;\r\nHOLDER | <a href=\"https:\/\/www.donadonsdd.com\/fr\/produit\/htc\/\">HTC<\/a>;\r\nCAPTEUR DE RUPTURE | <a href=\"https:\/\/www.donadonsdd.com\/fr\/produits\/indicateurs-de-rupture\/electrique\/\">\u00c9lectrique<\/a>;"}}},"_links":{"self":[{"href":"https:\/\/www.donadonsdd.com\/fr\/wp-json\/wp\/v2\/product\/6068","targetHints":{"allow":["GET"]}}],"collection":[{"href":"https:\/\/www.donadonsdd.com\/fr\/wp-json\/wp\/v2\/product"}],"about":[{"href":"https:\/\/www.donadonsdd.com\/fr\/wp-json\/wp\/v2\/types\/product"}],"wp:featuredmedia":[{"embeddable":true,"href":"https:\/\/www.donadonsdd.com\/fr\/wp-json\/wp\/v2\/media\/10291"}],"wp:attachment":[{"href":"https:\/\/www.donadonsdd.com\/fr\/wp-json\/wp\/v2\/media?parent=6068"}],"wp:term":[{"taxonomy":"categoria_prodotto","embeddable":true,"href":"https:\/\/www.donadonsdd.com\/fr\/wp-json\/wp\/v2\/categoria_prodotto?post=6068"}],"curies":[{"name":"wp","href":"https:\/\/api.w.org\/{rel}","templated":true}]}}