{"id":6072,"date":"2025-12-11T14:10:11","date_gmt":"2025-12-11T13:10:11","guid":{"rendered":"https:\/\/www.donadonsdd.com\/product\/supports-hip-hrp-garantir-une-fiabilite-maximale-pour-les-disques-de-rupture\/"},"modified":"2026-02-28T00:30:58","modified_gmt":"2026-02-27T23:30:58","slug":"hip-hrp","status":"publish","type":"product","link":"https:\/\/www.donadonsdd.com\/fr\/produit\/hip-hrp\/","title":{"rendered":"Supports HIP\/HRP &#8211; Garantir une fiabilit\u00e9 maximale pour les disques de rupture"},"content":{"rendered":"<p>Les supports HIP\/HRP sont sp\u00e9cifiquement con\u00e7us pour garantir une fiabilit\u00e9 maximale, optimiser le d\u00e9bit (gr\u00e2ce \u00e0 l&rsquo;ouverture optimale des disques de rupture), assurer une orientation correcte dans le syst\u00e8me de tuyauterie, fournir un joint \u00e9tanche et emp\u00eacher la fragmentation des disques de rupture DonadonSDD.<\/p>\n<p>G\u00e9n\u00e9ralement, un support de disque de rupture est une unit\u00e9 en deux parties compos\u00e9e d&rsquo;une bride de base (entr\u00e9e) et d&rsquo;une bride de retenue (sortie). La face du support est usin\u00e9e pour accueillir le disque de rupture et forme un joint m\u00e9tal sur m\u00e9tal \u00e9tanche. <\/p>\n<p>Cela \u00e9vite d&rsquo;endommager le disque de rupture et permet des sc\u00e9narios d&rsquo;inspection illimit\u00e9s (retrait temporaire du disque de rupture pour une inspection visuelle)<br \/>\nCes supports sont mont\u00e9s entre des brides et la conception pr\u00e9-serr\u00e9e assure une installation facile, m\u00eame dans les situations o\u00f9 un acc\u00e8s horizontal \u00e0 la tuyauterie est n\u00e9cessaire. L&rsquo;objectif des supports pr\u00e9-serr\u00e9s est de permettre l&rsquo;installation des disques de rupture, puis de les \u00ab\u00a0serrer\u00a0\u00bb aux niveaux de charge statique recommand\u00e9s, afin d&rsquo;assurer un serrage correct du disque de rupture dans l&rsquo;assemblage. Cette op\u00e9ration peut avoir lieu sur un \u00e9tabli plut\u00f4t que sur le terrain o\u00f9 les conditions peuvent \u00eatre loin d&rsquo;\u00eatre id\u00e9ales, ce qui r\u00e9duit consid\u00e9rablement le risque d&rsquo;erreurs d&rsquo;assemblage. Une fois assembl\u00e9, le disque de rupture peut \u00eatre livr\u00e9 sur le terrain et install\u00e9 entre les brides d&rsquo;accompagnement du site<br \/>\n, o\u00f9 l&rsquo;application de charges de couple suppl\u00e9mentaires est essentielle au bon fonctionnement de l&rsquo;assemblage. Ces assemblages peuvent \u00e9galement \u00eatre retir\u00e9s, inspect\u00e9s et remplac\u00e9s au cours des programmes de maintenance de routine et des arr\u00eats d&rsquo;usine sans compromettre les performances du disque tant que celui-ci n&rsquo;est pas retir\u00e9.    <\/p>\n<h2>Caract\u00e9ristiques et avantages techniques<\/h2>\n<ul>\n<li>Les supports HIP et HRP offrent des avantages tels qu&rsquo;une installation simple, la v\u00e9rification d&rsquo;une installation correcte et la possibilit\u00e9 d&rsquo;une v\u00e9rification en laboratoire et d&rsquo;un pr\u00e9-assemblage avec des disques de rupture.<\/li>\n<li>Diam\u00e8tre interne dimensionn\u00e9 pour permettre une ouverture totale du disque et une transmission totale sur la zone de d\u00e9charge minimale.<\/li>\n<li>Diam\u00e8tre ext\u00e9rieur tangent aux boulons pour faciliter le centrage entre les brides.<\/li>\n<li>La conception de la double rainure frais\u00e9e emp\u00eache l&rsquo;installation incorrecte des disques de rupture.<\/li>\n<li>Les supports HRA prot\u00e8gent le d\u00f4me des disques \u00e0 action invers\u00e9e, tels que les mod\u00e8les SCR, Y90 et KRD.<\/li>\n<li>Les fl\u00e8ches d&rsquo;\u00e9coulement sur le support et les \u00e9tiquettes du disque de rupture confirment la bonne direction de l&rsquo;\u00e9coulement.<\/li>\n<li>Une finition de surface r\u00e9duite entre 125 et 250 micro-pouces (3,2 \u00e0 6,3 microm\u00e8tres) est disponible sur demande.<\/li>\n<li>Finition de la face en rainure et languette (selon DIN EN 1092-1) disponible sur demande.<\/li>\n<li>Des raccords de prise de jauge (1\/4&Prime; ou \u00bd\u00a0\u00bb) NPT sont disponibles sur demande.<\/li>\n<\/ul>\n<h2>Pourquoi choisir DonadonSDD ?<\/h2>\n<ul>\n<li>Les supports HIP et HRP permettent une v\u00e9rification pratique de l&rsquo;installation correcte, garantissant un montage pr\u00e9cis et s\u00fbr des disques de rupture.<\/li>\n<li>Sur demande, DonadonSDD peut v\u00e9rifier les porte-disques HIP et HRP et les fournir pr\u00e9-assembl\u00e9s avec leurs propres disques de rupture, pr\u00eats \u00e0 \u00eatre ins\u00e9r\u00e9s directement dans l&rsquo;usine.<\/li>\n<li>Nos supports sont personnalisables et peuvent \u00eatre fabriqu\u00e9s conform\u00e9ment \u00e0 un large \u00e9ventail de normes internationales en mati\u00e8re de brides, notamment EN 1092-1 (norme europ\u00e9enne), ASME (American Society of Mechanical Engineers), ANSI (American National Standards Institute), BS (British Standards), AS (Australian Standards), SABS (South African Bureau of Standards) et JIS (Japanese Industrial Standards). Cela garantit que nos produits r\u00e9pondent aux exigences diverses et sp\u00e9cifiques de nos clients. <\/li>\n<li>Des options de joints toriques sont disponibles pour am\u00e9liorer les performances en mati\u00e8re de fuite pour les applications \u00e0 haute int\u00e9grit\u00e9, telles que celles impliquant de l&rsquo;hydrog\u00e8ne ou dans le domaine nucl\u00e9aire.<\/li>\n<li>Disponibles dans une large gamme de tailles, de configurations et de mat\u00e9riaux standard (acier au carbone, acier inoxydable 316L et 304L, alliage 201, alliage 400, alliage 625, alliage C276, etc.)<\/li>\n<li>Des traitements sp\u00e9ciaux tels que le rev\u00eatement PFA sont disponibles, offrant une excellente r\u00e9sistance chimique et des propri\u00e9t\u00e9s anti-adh\u00e9rentes.<\/li>\n<li>Les supports peuvent \u00eatre adapt\u00e9s pour contenir l&rsquo;ensemble du\/des p\u00e9tale(s) \u00e0 l&rsquo;ouverture du disque, ce qui garantit des performances optimales (recommand\u00e9 en cas d&rsquo;installation directement sous les soupapes de s\u00fbret\u00e9).<\/li>\n<\/ul>\n","protected":false},"excerpt":{"rendered":"<p>Les supports HIP\/HRP sont sp\u00e9cifiquement con\u00e7us pour garantir une fiabilit\u00e9 maximale, optimiser le d\u00e9bit (gr\u00e2ce \u00e0 l&rsquo;ouverture optimale des disques de rupture), assurer une orientation correcte dans le syst\u00e8me de tuyauterie, fournir un joint \u00e9tanche et emp\u00eacher la fragmentation des disques de rupture DonadonSDD. G\u00e9n\u00e9ralement, un support de disque de rupture est une unit\u00e9 en [&hellip;]<\/p>\n","protected":false},"featured_media":10295,"menu_order":0,"template":"","meta":{"_acf_changed":false},"categoria_prodotto":[90,79],"class_list":["post-6072","product","type-product","status-publish","has-post-thumbnail","hentry","categoria_prodotto-holders","categoria_prodotto-rupture-discs"],"acf":[],"yoast_head":"<!-- This site is optimized with the Yoast SEO plugin v27.3 - https:\/\/yoast.com\/product\/yoast-seo-wordpress\/ -->\n<title>Supports de disques de rupture pr\u00e9-\u00e9quip\u00e9s pour disques de marche avant et arri\u00e8re - HIP \/ HRP<\/title>\n<meta name=\"description\" content=\"Supports de disque de rupture en deux parties, pr\u00e9-torqu\u00e9s, install\u00e9s entre les brides. Con\u00e7us pour assurer une orientation correcte du disque, une ouverture compl\u00e8te et une \u00e9tanch\u00e9it\u00e9 m\u00e9tal sur m\u00e9tal fiable, r\u00e9duisant ainsi la variabilit\u00e9 de l&#039;installation.\" \/>\n<meta name=\"robots\" content=\"index, follow, max-snippet:-1, max-image-preview:large, max-video-preview:-1\" \/>\n<link rel=\"canonical\" href=\"https:\/\/www.donadonsdd.com\/fr\/produit\/hip-hrp\/\" \/>\n<meta property=\"og:locale\" content=\"fr_FR\" \/>\n<meta property=\"og:type\" content=\"article\" \/>\n<meta property=\"og:title\" content=\"Supports de disques de rupture pr\u00e9-\u00e9quip\u00e9s pour disques de marche avant et arri\u00e8re - HIP \/ HRP\" \/>\n<meta property=\"og:description\" content=\"Supports de disque de rupture en deux parties, pr\u00e9-torqu\u00e9s, install\u00e9s entre les brides. Con\u00e7us pour assurer une orientation correcte du disque, une ouverture compl\u00e8te et une \u00e9tanch\u00e9it\u00e9 m\u00e9tal sur m\u00e9tal fiable, r\u00e9duisant ainsi la variabilit\u00e9 de l&#039;installation.\" \/>\n<meta property=\"og:url\" content=\"https:\/\/www.donadonsdd.com\/fr\/produit\/hip-hrp\/\" \/>\n<meta property=\"og:site_name\" content=\"DonadonSDD Srl\" \/>\n<meta property=\"article:modified_time\" content=\"2026-02-27T23:30:58+00:00\" \/>\n<meta property=\"og:image\" content=\"https:\/\/www.donadonsdd.com\/wp-content\/uploads\/2025\/12\/img_143-remove-background.com_.png\" \/>\n\t<meta property=\"og:image:width\" content=\"700\" \/>\n\t<meta property=\"og:image:height\" content=\"466\" \/>\n\t<meta property=\"og:image:type\" content=\"image\/png\" \/>\n<meta name=\"twitter:card\" content=\"summary_large_image\" \/>\n<meta name=\"twitter:label1\" content=\"Dur\u00e9e de lecture estim\u00e9e\" \/>\n\t<meta name=\"twitter:data1\" content=\"4 minutes\" \/>\n<script type=\"application\/ld+json\" class=\"yoast-schema-graph\">{\"@context\":\"https:\\\/\\\/schema.org\",\"@graph\":[{\"@type\":\"WebPage\",\"@id\":\"https:\\\/\\\/www.donadonsdd.com\\\/fr\\\/produit\\\/hip-hrp\\\/\",\"url\":\"https:\\\/\\\/www.donadonsdd.com\\\/fr\\\/produit\\\/hip-hrp\\\/\",\"name\":\"Supports de disques de rupture pr\u00e9-\u00e9quip\u00e9s pour disques de marche avant et arri\u00e8re - HIP \\\/ HRP\",\"isPartOf\":{\"@id\":\"https:\\\/\\\/www.donadonsdd.com\\\/fr\\\/#website\"},\"primaryImageOfPage\":{\"@id\":\"https:\\\/\\\/www.donadonsdd.com\\\/fr\\\/produit\\\/hip-hrp\\\/#primaryimage\"},\"image\":{\"@id\":\"https:\\\/\\\/www.donadonsdd.com\\\/fr\\\/produit\\\/hip-hrp\\\/#primaryimage\"},\"thumbnailUrl\":\"https:\\\/\\\/www.donadonsdd.com\\\/wp-content\\\/uploads\\\/2025\\\/12\\\/img_143-remove-background.com_.png\",\"datePublished\":\"2025-12-11T13:10:11+00:00\",\"dateModified\":\"2026-02-27T23:30:58+00:00\",\"description\":\"Supports de disque de rupture en deux parties, pr\u00e9-torqu\u00e9s, install\u00e9s entre les brides. Con\u00e7us pour assurer une orientation correcte du disque, une ouverture compl\u00e8te et une \u00e9tanch\u00e9it\u00e9 m\u00e9tal sur m\u00e9tal fiable, r\u00e9duisant ainsi la variabilit\u00e9 de l'installation.\",\"breadcrumb\":{\"@id\":\"https:\\\/\\\/www.donadonsdd.com\\\/fr\\\/produit\\\/hip-hrp\\\/#breadcrumb\"},\"inLanguage\":\"fr-FR\",\"potentialAction\":[{\"@type\":\"ReadAction\",\"target\":[\"https:\\\/\\\/www.donadonsdd.com\\\/fr\\\/produit\\\/hip-hrp\\\/\"]}]},{\"@type\":\"ImageObject\",\"inLanguage\":\"fr-FR\",\"@id\":\"https:\\\/\\\/www.donadonsdd.com\\\/fr\\\/produit\\\/hip-hrp\\\/#primaryimage\",\"url\":\"https:\\\/\\\/www.donadonsdd.com\\\/wp-content\\\/uploads\\\/2025\\\/12\\\/img_143-remove-background.com_.png\",\"contentUrl\":\"https:\\\/\\\/www.donadonsdd.com\\\/wp-content\\\/uploads\\\/2025\\\/12\\\/img_143-remove-background.com_.png\",\"width\":700,\"height\":466},{\"@type\":\"BreadcrumbList\",\"@id\":\"https:\\\/\\\/www.donadonsdd.com\\\/fr\\\/produit\\\/hip-hrp\\\/#breadcrumb\",\"itemListElement\":[{\"@type\":\"ListItem\",\"position\":1,\"name\":\"HOMEPAGE\",\"item\":\"https:\\\/\\\/www.donadonsdd.com\\\/fr\\\/\"},{\"@type\":\"ListItem\",\"position\":2,\"name\":\"Supports HIP\\\/HRP &#8211; Garantir une fiabilit\u00e9 maximale pour les disques de rupture\"}]},{\"@type\":\"WebSite\",\"@id\":\"https:\\\/\\\/www.donadonsdd.com\\\/fr\\\/#website\",\"url\":\"https:\\\/\\\/www.donadonsdd.com\\\/fr\\\/\",\"name\":\"DonadonSDD Srl\",\"description\":\"\",\"publisher\":{\"@id\":\"https:\\\/\\\/www.donadonsdd.com\\\/fr\\\/#organization\"},\"potentialAction\":[{\"@type\":\"SearchAction\",\"target\":{\"@type\":\"EntryPoint\",\"urlTemplate\":\"https:\\\/\\\/www.donadonsdd.com\\\/fr\\\/?s={search_term_string}\"},\"query-input\":{\"@type\":\"PropertyValueSpecification\",\"valueRequired\":true,\"valueName\":\"search_term_string\"}}],\"inLanguage\":\"fr-FR\"},{\"@type\":\"Organization\",\"@id\":\"https:\\\/\\\/www.donadonsdd.com\\\/fr\\\/#organization\",\"name\":\"DonadonSDD Srl\",\"url\":\"https:\\\/\\\/www.donadonsdd.com\\\/fr\\\/\",\"logo\":{\"@type\":\"ImageObject\",\"inLanguage\":\"fr-FR\",\"@id\":\"https:\\\/\\\/www.donadonsdd.com\\\/fr\\\/#\\\/schema\\\/logo\\\/image\\\/\",\"url\":\"https:\\\/\\\/www.donadonsdd.com\\\/wp-content\\\/uploads\\\/2025\\\/11\\\/donadonsdd-logo.png\",\"contentUrl\":\"https:\\\/\\\/www.donadonsdd.com\\\/wp-content\\\/uploads\\\/2025\\\/11\\\/donadonsdd-logo.png\",\"width\":544,\"height\":96,\"caption\":\"DonadonSDD Srl\"},\"image\":{\"@id\":\"https:\\\/\\\/www.donadonsdd.com\\\/fr\\\/#\\\/schema\\\/logo\\\/image\\\/\"}}]}<\/script>\n<!-- \/ Yoast SEO plugin. -->","yoast_head_json":{"title":"Supports de disques de rupture pr\u00e9-\u00e9quip\u00e9s pour disques de marche avant et arri\u00e8re - HIP \/ HRP","description":"Supports de disque de rupture en deux parties, pr\u00e9-torqu\u00e9s, install\u00e9s entre les brides. Con\u00e7us pour assurer une orientation correcte du disque, une ouverture compl\u00e8te et une \u00e9tanch\u00e9it\u00e9 m\u00e9tal sur m\u00e9tal fiable, r\u00e9duisant ainsi la variabilit\u00e9 de l'installation.","robots":{"index":"index","follow":"follow","max-snippet":"max-snippet:-1","max-image-preview":"max-image-preview:large","max-video-preview":"max-video-preview:-1"},"canonical":"https:\/\/www.donadonsdd.com\/fr\/produit\/hip-hrp\/","og_locale":"fr_FR","og_type":"article","og_title":"Supports de disques de rupture pr\u00e9-\u00e9quip\u00e9s pour disques de marche avant et arri\u00e8re - HIP \/ HRP","og_description":"Supports de disque de rupture en deux parties, pr\u00e9-torqu\u00e9s, install\u00e9s entre les brides. Con\u00e7us pour assurer une orientation correcte du disque, une ouverture compl\u00e8te et une \u00e9tanch\u00e9it\u00e9 m\u00e9tal sur m\u00e9tal fiable, r\u00e9duisant ainsi la variabilit\u00e9 de l'installation.","og_url":"https:\/\/www.donadonsdd.com\/fr\/produit\/hip-hrp\/","og_site_name":"DonadonSDD Srl","article_modified_time":"2026-02-27T23:30:58+00:00","og_image":[{"width":700,"height":466,"url":"https:\/\/www.donadonsdd.com\/wp-content\/uploads\/2025\/12\/img_143-remove-background.com_.png","type":"image\/png"}],"twitter_card":"summary_large_image","twitter_misc":{"Dur\u00e9e de lecture estim\u00e9e":"4 minutes"},"schema":{"@context":"https:\/\/schema.org","@graph":[{"@type":"WebPage","@id":"https:\/\/www.donadonsdd.com\/fr\/produit\/hip-hrp\/","url":"https:\/\/www.donadonsdd.com\/fr\/produit\/hip-hrp\/","name":"Supports de disques de rupture pr\u00e9-\u00e9quip\u00e9s pour disques de marche avant et arri\u00e8re - HIP \/ HRP","isPartOf":{"@id":"https:\/\/www.donadonsdd.com\/fr\/#website"},"primaryImageOfPage":{"@id":"https:\/\/www.donadonsdd.com\/fr\/produit\/hip-hrp\/#primaryimage"},"image":{"@id":"https:\/\/www.donadonsdd.com\/fr\/produit\/hip-hrp\/#primaryimage"},"thumbnailUrl":"https:\/\/www.donadonsdd.com\/wp-content\/uploads\/2025\/12\/img_143-remove-background.com_.png","datePublished":"2025-12-11T13:10:11+00:00","dateModified":"2026-02-27T23:30:58+00:00","description":"Supports de disque de rupture en deux parties, pr\u00e9-torqu\u00e9s, install\u00e9s entre les brides. Con\u00e7us pour assurer une orientation correcte du disque, une ouverture compl\u00e8te et une \u00e9tanch\u00e9it\u00e9 m\u00e9tal sur m\u00e9tal fiable, r\u00e9duisant ainsi la variabilit\u00e9 de l'installation.","breadcrumb":{"@id":"https:\/\/www.donadonsdd.com\/fr\/produit\/hip-hrp\/#breadcrumb"},"inLanguage":"fr-FR","potentialAction":[{"@type":"ReadAction","target":["https:\/\/www.donadonsdd.com\/fr\/produit\/hip-hrp\/"]}]},{"@type":"ImageObject","inLanguage":"fr-FR","@id":"https:\/\/www.donadonsdd.com\/fr\/produit\/hip-hrp\/#primaryimage","url":"https:\/\/www.donadonsdd.com\/wp-content\/uploads\/2025\/12\/img_143-remove-background.com_.png","contentUrl":"https:\/\/www.donadonsdd.com\/wp-content\/uploads\/2025\/12\/img_143-remove-background.com_.png","width":700,"height":466},{"@type":"BreadcrumbList","@id":"https:\/\/www.donadonsdd.com\/fr\/produit\/hip-hrp\/#breadcrumb","itemListElement":[{"@type":"ListItem","position":1,"name":"HOMEPAGE","item":"https:\/\/www.donadonsdd.com\/fr\/"},{"@type":"ListItem","position":2,"name":"Supports HIP\/HRP &#8211; Garantir une fiabilit\u00e9 maximale pour les disques de rupture"}]},{"@type":"WebSite","@id":"https:\/\/www.donadonsdd.com\/fr\/#website","url":"https:\/\/www.donadonsdd.com\/fr\/","name":"DonadonSDD Srl","description":"","publisher":{"@id":"https:\/\/www.donadonsdd.com\/fr\/#organization"},"potentialAction":[{"@type":"SearchAction","target":{"@type":"EntryPoint","urlTemplate":"https:\/\/www.donadonsdd.com\/fr\/?s={search_term_string}"},"query-input":{"@type":"PropertyValueSpecification","valueRequired":true,"valueName":"search_term_string"}}],"inLanguage":"fr-FR"},{"@type":"Organization","@id":"https:\/\/www.donadonsdd.com\/fr\/#organization","name":"DonadonSDD Srl","url":"https:\/\/www.donadonsdd.com\/fr\/","logo":{"@type":"ImageObject","inLanguage":"fr-FR","@id":"https:\/\/www.donadonsdd.com\/fr\/#\/schema\/logo\/image\/","url":"https:\/\/www.donadonsdd.com\/wp-content\/uploads\/2025\/11\/donadonsdd-logo.png","contentUrl":"https:\/\/www.donadonsdd.com\/wp-content\/uploads\/2025\/11\/donadonsdd-logo.png","width":544,"height":96,"caption":"DonadonSDD Srl"},"image":{"@id":"https:\/\/www.donadonsdd.com\/fr\/#\/schema\/logo\/image\/"}}]}},"toolset-meta":{"toolset-woocommerce-fields":{"_download_limit":{"type":"numeric","raw":""},"_virtual":{"type":"checkbox","raw":""},"_downloadable":{"type":"checkbox","raw":""},"_download_expiry":{"type":"numeric","raw":""},"_download_type":{"type":"radio","raw":""},"_regular_price":{"type":"numeric","raw":""},"_sale_price":{"type":"numeric","raw":""},"_sale_price_dates_from":{"type":"date","raw":"","formatted":null},"_sale_price_dates_to":{"type":"date","raw":"","formatted":null},"_sku":{"type":"textfield","raw":""},"_manage_stock":{"type":"checkbox","raw":""},"_stock_status":{"type":"radio","raw":""},"_stock":{"type":"numeric","raw":""},"_backorders":{"type":"radio","raw":""},"_sold_individually":{"type":"checkbox","raw":""},"_width":{"type":"numeric","raw":""},"_weight":{"type":"numeric","raw":""},"_length":{"type":"numeric","raw":""},"_purchase_note":{"type":"textarea","raw":""}},"infografica":{"operation-ratio":{"type":"textfield","raw":""},"non-fragmenting":{"type":"textfield","raw":""},"vacumm-resistant":{"type":"textfield","raw":""},"sanitary":{"type":"textfield","raw":""},"liquid":{"type":"textfield","raw":""},"vapor-gas":{"type":"textfield","raw":""},"ferrules":{"type":"textfield","raw":""}},"dettagli-prodotto":{"immagini-prodotto":{"type":"image","raw":["https:\/\/www.donadonsdd.com\/wp-content\/uploads\/2025\/12\/img_143-remove-background.com_.png","https:\/\/www.donadonsdd.com\/wp-content\/uploads\/2025\/12\/img_144.jpg"],"repeatable":[{"raw":"https:\/\/www.donadonsdd.com\/wp-content\/uploads\/2025\/12\/img_143-remove-background.com_.png","attachment_id":10295},{"raw":"https:\/\/www.donadonsdd.com\/wp-content\/uploads\/2025\/12\/img_144.jpg","attachment_id":8025}]},"tabella-specifiche":{"type":"wysiwyg","raw":"<p class=\"p1\">TYPE | HIP | HRP ;\nLISTE DE COMPATIBILITE DES DISQUES | <a href=\"https:\/\/www.donadonsdd.com\/fr\/produit\/dcd-composite\/\">DCD<\/a>, <a href=\"https:\/\/www.donadonsdd.com\/fr\/produit\/lpd\/\">LPD<\/a>, <a href=\"https:\/\/www.donadonsdd.com\/fr\/produit\/scd\/\">SCD<\/a>, <a href=\"https:\/\/www.donadonsdd.com\/fr\/produit\/gr\/\">GR<\/a> | <a href=\"https:\/\/www.donadonsdd.com\/fr\/produit\/scr\/\">SCR<\/a>, <a href=\"https:\/\/www.donadonsdd.com\/fr\/produit\/y90\/\">Y90<\/a>, <a href=\"https:\/\/www.donadonsdd.com\/fr\/produit\/krd\/\">KRD<\/a>;\nDIMENSIONS | De DN15 (\u00bd pouce) \u00e0 DN1000 (40 pouces) ;\nACCESSOIRES | Embouts, raccords en T, soupape de d\u00e9charge, manom\u00e8tre ;<\/p>"}}},"_links":{"self":[{"href":"https:\/\/www.donadonsdd.com\/fr\/wp-json\/wp\/v2\/product\/6072","targetHints":{"allow":["GET"]}}],"collection":[{"href":"https:\/\/www.donadonsdd.com\/fr\/wp-json\/wp\/v2\/product"}],"about":[{"href":"https:\/\/www.donadonsdd.com\/fr\/wp-json\/wp\/v2\/types\/product"}],"wp:featuredmedia":[{"embeddable":true,"href":"https:\/\/www.donadonsdd.com\/fr\/wp-json\/wp\/v2\/media\/10295"}],"wp:attachment":[{"href":"https:\/\/www.donadonsdd.com\/fr\/wp-json\/wp\/v2\/media?parent=6072"}],"wp:term":[{"taxonomy":"categoria_prodotto","embeddable":true,"href":"https:\/\/www.donadonsdd.com\/fr\/wp-json\/wp\/v2\/categoria_prodotto?post=6072"}],"curies":[{"name":"wp","href":"https:\/\/api.w.org\/{rel}","templated":true}]}}