{"id":6104,"date":"2025-12-11T14:18:35","date_gmt":"2025-12-11T13:18:35","guid":{"rendered":"https:\/\/www.donadonsdd.com\/product\/unites-etanches-su-m-montage-facile-et-fiable-du-disque-de-rupture-pour-les-installations-industrielles\/"},"modified":"2026-03-01T02:44:45","modified_gmt":"2026-03-01T01:44:45","slug":"sum","status":"publish","type":"product","link":"https:\/\/www.donadonsdd.com\/fr\/produit\/sum\/","title":{"rendered":"Unit\u00e9s \u00e9tanches SU\/M &#8211; Montage facile et fiable du disque de rupture pour les installations industrielles"},"content":{"rendered":"<p>Les unit\u00e9s scell\u00e9es SU\/M de DonadonSDD sont con\u00e7ues pour faciliter et fiabiliser le montage des disques de rupture dans les installations industrielles. DonadonSDD offre une gamme \u00e9tendue de disques de rupture con\u00e7us pour satisfaire les exigences de d\u00e9charge de pression que l&rsquo;on trouve dans de nombreuses industries de transformation. Lorsque les applications des clients n\u00e9cessitent une approche sp\u00e9cifique, DonadonSDD est pr\u00eat \u00e0 \u00e9tudier et \u00e0 produire un produit 100% personnalis\u00e9.<br \/>\nNormes de certification \u00e9lev\u00e9es : Nos disques de rupture sont certifi\u00e9s conformes aux normes internationales les plus strictes, notamment PED 2014\/68\/UE (CE STAMP), PER 2016 UK Statutory Instruments 2016 No 1105 (UKCA STAMP), et CU TR 032 (EAC STAMP).  <\/p>\n<h2>Caract\u00e9ristiques et avantages techniques<\/h2>\n<h3>Technique :<\/h3>\n<p>Ces unit\u00e9s sont constitu\u00e9es d&rsquo;un connecteur filet\u00e9 \u00e0 deux pi\u00e8ces, contenant un disque de rupture calibr\u00e9 qui est ins\u00e9r\u00e9 et scell\u00e9 dans le conteneur.<\/p>\n<h3>Connexions :<\/h3>\n<p>Disponible en plusieurs tailles (\u00e0 partir de 1\/4&Prime;) et connexions standard (NPT, GAS, BSPP, BSPT, UNF), des personnalisations sp\u00e9cifiques sont \u00e9galement possibles.<\/p>\n<h3>R\u00e9sistant \u00e0 la corrosion :<\/h3>\n<p>Large gamme de mat\u00e9riaux et d&rsquo;\u00e9paisseurs.<\/p>\n<h2>Pourquoi choisir DonadonSDD ?<\/h2>\n<ul>\n<li>Recommand\u00e9 pour la protection des plantes, du mat\u00e9riel v\u00e9g\u00e9tal et des conteneurs.<\/li>\n<li>Les unit\u00e9s scell\u00e9es DonadonSDD SU\/M sont con\u00e7ues pour rendre le montage du disque de rupture facile et fiable, en simplifiant la manipulation et en \u00e9liminant le besoin de personnel sp\u00e9cialis\u00e9.<\/li>\n<li>Les unit\u00e9s r\u00e9agissent \u00e0 la surpression en quelques millisecondes, assurant une protection fiable et efficace des installations industrielles, des \u00e9quipements et des conteneurs.<\/li>\n<\/ul>\n","protected":false},"excerpt":{"rendered":"<p>Les unit\u00e9s scell\u00e9es SU\/M de DonadonSDD sont con\u00e7ues pour faciliter et fiabiliser le montage des disques de rupture dans les installations industrielles. DonadonSDD offre une gamme \u00e9tendue de disques de rupture con\u00e7us pour satisfaire les exigences de d\u00e9charge de pression que l&rsquo;on trouve dans de nombreuses industries de transformation. Lorsque les applications des clients n\u00e9cessitent [&hellip;]<\/p>\n","protected":false},"featured_media":10287,"menu_order":0,"template":"","meta":{"_acf_changed":false},"categoria_prodotto":[79,89],"class_list":["post-6104","product","type-product","status-publish","has-post-thumbnail","hentry","categoria_prodotto-rupture-discs","categoria_prodotto-sealed-unit"],"acf":[],"yoast_head":"<!-- This site is optimized with the Yoast SEO plugin v27.3 - https:\/\/yoast.com\/product\/yoast-seo-wordpress\/ -->\n<title>Disque de rupture filet\u00e9 et scell\u00e9 (type \u00e0 vis) - SU\/M<\/title>\n<meta name=\"description\" content=\"Disque de rupture filet\u00e9 pour installations industrielles et conteneurs. Installation facile avec des raccords NPT, BSP ou UNF, adapt\u00e9 au service gaz et liquide, certifi\u00e9 PED et EAC.\" \/>\n<meta name=\"robots\" content=\"index, follow, max-snippet:-1, max-image-preview:large, max-video-preview:-1\" \/>\n<link rel=\"canonical\" href=\"https:\/\/www.donadonsdd.com\/fr\/produit\/sum\/\" \/>\n<meta property=\"og:locale\" content=\"fr_FR\" \/>\n<meta property=\"og:type\" content=\"article\" \/>\n<meta property=\"og:title\" content=\"Disque de rupture filet\u00e9 et scell\u00e9 (type \u00e0 vis) - SU\/M\" \/>\n<meta property=\"og:description\" content=\"Disque de rupture filet\u00e9 pour installations industrielles et conteneurs. Installation facile avec des raccords NPT, BSP ou UNF, adapt\u00e9 au service gaz et liquide, certifi\u00e9 PED et EAC.\" \/>\n<meta property=\"og:url\" content=\"https:\/\/www.donadonsdd.com\/fr\/produit\/sum\/\" \/>\n<meta property=\"og:site_name\" content=\"DonadonSDD Srl\" \/>\n<meta property=\"article:modified_time\" content=\"2026-03-01T01:44:45+00:00\" \/>\n<meta property=\"og:image\" content=\"https:\/\/www.donadonsdd.com\/wp-content\/uploads\/2025\/12\/donadon-108.png\" \/>\n\t<meta property=\"og:image:width\" content=\"1800\" \/>\n\t<meta property=\"og:image:height\" content=\"1200\" \/>\n\t<meta property=\"og:image:type\" content=\"image\/png\" \/>\n<meta name=\"twitter:card\" content=\"summary_large_image\" \/>\n<meta name=\"twitter:label1\" content=\"Dur\u00e9e de lecture estim\u00e9e\" \/>\n\t<meta name=\"twitter:data1\" content=\"1 minute\" \/>\n<script type=\"application\/ld+json\" class=\"yoast-schema-graph\">{\"@context\":\"https:\\\/\\\/schema.org\",\"@graph\":[{\"@type\":\"WebPage\",\"@id\":\"https:\\\/\\\/www.donadonsdd.com\\\/fr\\\/produit\\\/sum\\\/\",\"url\":\"https:\\\/\\\/www.donadonsdd.com\\\/fr\\\/produit\\\/sum\\\/\",\"name\":\"Disque de rupture filet\u00e9 et scell\u00e9 (type \u00e0 vis) - SU\\\/M\",\"isPartOf\":{\"@id\":\"https:\\\/\\\/www.donadonsdd.com\\\/fr\\\/#website\"},\"primaryImageOfPage\":{\"@id\":\"https:\\\/\\\/www.donadonsdd.com\\\/fr\\\/produit\\\/sum\\\/#primaryimage\"},\"image\":{\"@id\":\"https:\\\/\\\/www.donadonsdd.com\\\/fr\\\/produit\\\/sum\\\/#primaryimage\"},\"thumbnailUrl\":\"https:\\\/\\\/www.donadonsdd.com\\\/wp-content\\\/uploads\\\/2025\\\/12\\\/donadon-108.png\",\"datePublished\":\"2025-12-11T13:18:35+00:00\",\"dateModified\":\"2026-03-01T01:44:45+00:00\",\"description\":\"Disque de rupture filet\u00e9 pour installations industrielles et conteneurs. Installation facile avec des raccords NPT, BSP ou UNF, adapt\u00e9 au service gaz et liquide, certifi\u00e9 PED et EAC.\",\"breadcrumb\":{\"@id\":\"https:\\\/\\\/www.donadonsdd.com\\\/fr\\\/produit\\\/sum\\\/#breadcrumb\"},\"inLanguage\":\"fr-FR\",\"potentialAction\":[{\"@type\":\"ReadAction\",\"target\":[\"https:\\\/\\\/www.donadonsdd.com\\\/fr\\\/produit\\\/sum\\\/\"]}]},{\"@type\":\"ImageObject\",\"inLanguage\":\"fr-FR\",\"@id\":\"https:\\\/\\\/www.donadonsdd.com\\\/fr\\\/produit\\\/sum\\\/#primaryimage\",\"url\":\"https:\\\/\\\/www.donadonsdd.com\\\/wp-content\\\/uploads\\\/2025\\\/12\\\/donadon-108.png\",\"contentUrl\":\"https:\\\/\\\/www.donadonsdd.com\\\/wp-content\\\/uploads\\\/2025\\\/12\\\/donadon-108.png\",\"width\":1800,\"height\":1200},{\"@type\":\"BreadcrumbList\",\"@id\":\"https:\\\/\\\/www.donadonsdd.com\\\/fr\\\/produit\\\/sum\\\/#breadcrumb\",\"itemListElement\":[{\"@type\":\"ListItem\",\"position\":1,\"name\":\"HOMEPAGE\",\"item\":\"https:\\\/\\\/www.donadonsdd.com\\\/fr\\\/\"},{\"@type\":\"ListItem\",\"position\":2,\"name\":\"Unit\u00e9s \u00e9tanches SU\\\/M &#8211; Montage facile et fiable du disque de rupture pour les installations industrielles\"}]},{\"@type\":\"WebSite\",\"@id\":\"https:\\\/\\\/www.donadonsdd.com\\\/fr\\\/#website\",\"url\":\"https:\\\/\\\/www.donadonsdd.com\\\/fr\\\/\",\"name\":\"DonadonSDD Srl\",\"description\":\"\",\"publisher\":{\"@id\":\"https:\\\/\\\/www.donadonsdd.com\\\/fr\\\/#organization\"},\"potentialAction\":[{\"@type\":\"SearchAction\",\"target\":{\"@type\":\"EntryPoint\",\"urlTemplate\":\"https:\\\/\\\/www.donadonsdd.com\\\/fr\\\/?s={search_term_string}\"},\"query-input\":{\"@type\":\"PropertyValueSpecification\",\"valueRequired\":true,\"valueName\":\"search_term_string\"}}],\"inLanguage\":\"fr-FR\"},{\"@type\":\"Organization\",\"@id\":\"https:\\\/\\\/www.donadonsdd.com\\\/fr\\\/#organization\",\"name\":\"DonadonSDD Srl\",\"url\":\"https:\\\/\\\/www.donadonsdd.com\\\/fr\\\/\",\"logo\":{\"@type\":\"ImageObject\",\"inLanguage\":\"fr-FR\",\"@id\":\"https:\\\/\\\/www.donadonsdd.com\\\/fr\\\/#\\\/schema\\\/logo\\\/image\\\/\",\"url\":\"https:\\\/\\\/www.donadonsdd.com\\\/wp-content\\\/uploads\\\/2025\\\/11\\\/donadonsdd-logo.png\",\"contentUrl\":\"https:\\\/\\\/www.donadonsdd.com\\\/wp-content\\\/uploads\\\/2025\\\/11\\\/donadonsdd-logo.png\",\"width\":544,\"height\":96,\"caption\":\"DonadonSDD Srl\"},\"image\":{\"@id\":\"https:\\\/\\\/www.donadonsdd.com\\\/fr\\\/#\\\/schema\\\/logo\\\/image\\\/\"}}]}<\/script>\n<!-- \/ Yoast SEO plugin. -->","yoast_head_json":{"title":"Disque de rupture filet\u00e9 et scell\u00e9 (type \u00e0 vis) - SU\/M","description":"Disque de rupture filet\u00e9 pour installations industrielles et conteneurs. Installation facile avec des raccords NPT, BSP ou UNF, adapt\u00e9 au service gaz et liquide, certifi\u00e9 PED et EAC.","robots":{"index":"index","follow":"follow","max-snippet":"max-snippet:-1","max-image-preview":"max-image-preview:large","max-video-preview":"max-video-preview:-1"},"canonical":"https:\/\/www.donadonsdd.com\/fr\/produit\/sum\/","og_locale":"fr_FR","og_type":"article","og_title":"Disque de rupture filet\u00e9 et scell\u00e9 (type \u00e0 vis) - SU\/M","og_description":"Disque de rupture filet\u00e9 pour installations industrielles et conteneurs. Installation facile avec des raccords NPT, BSP ou UNF, adapt\u00e9 au service gaz et liquide, certifi\u00e9 PED et EAC.","og_url":"https:\/\/www.donadonsdd.com\/fr\/produit\/sum\/","og_site_name":"DonadonSDD Srl","article_modified_time":"2026-03-01T01:44:45+00:00","og_image":[{"width":1800,"height":1200,"url":"https:\/\/www.donadonsdd.com\/wp-content\/uploads\/2025\/12\/donadon-108.png","type":"image\/png"}],"twitter_card":"summary_large_image","twitter_misc":{"Dur\u00e9e de lecture estim\u00e9e":"1 minute"},"schema":{"@context":"https:\/\/schema.org","@graph":[{"@type":"WebPage","@id":"https:\/\/www.donadonsdd.com\/fr\/produit\/sum\/","url":"https:\/\/www.donadonsdd.com\/fr\/produit\/sum\/","name":"Disque de rupture filet\u00e9 et scell\u00e9 (type \u00e0 vis) - SU\/M","isPartOf":{"@id":"https:\/\/www.donadonsdd.com\/fr\/#website"},"primaryImageOfPage":{"@id":"https:\/\/www.donadonsdd.com\/fr\/produit\/sum\/#primaryimage"},"image":{"@id":"https:\/\/www.donadonsdd.com\/fr\/produit\/sum\/#primaryimage"},"thumbnailUrl":"https:\/\/www.donadonsdd.com\/wp-content\/uploads\/2025\/12\/donadon-108.png","datePublished":"2025-12-11T13:18:35+00:00","dateModified":"2026-03-01T01:44:45+00:00","description":"Disque de rupture filet\u00e9 pour installations industrielles et conteneurs. Installation facile avec des raccords NPT, BSP ou UNF, adapt\u00e9 au service gaz et liquide, certifi\u00e9 PED et EAC.","breadcrumb":{"@id":"https:\/\/www.donadonsdd.com\/fr\/produit\/sum\/#breadcrumb"},"inLanguage":"fr-FR","potentialAction":[{"@type":"ReadAction","target":["https:\/\/www.donadonsdd.com\/fr\/produit\/sum\/"]}]},{"@type":"ImageObject","inLanguage":"fr-FR","@id":"https:\/\/www.donadonsdd.com\/fr\/produit\/sum\/#primaryimage","url":"https:\/\/www.donadonsdd.com\/wp-content\/uploads\/2025\/12\/donadon-108.png","contentUrl":"https:\/\/www.donadonsdd.com\/wp-content\/uploads\/2025\/12\/donadon-108.png","width":1800,"height":1200},{"@type":"BreadcrumbList","@id":"https:\/\/www.donadonsdd.com\/fr\/produit\/sum\/#breadcrumb","itemListElement":[{"@type":"ListItem","position":1,"name":"HOMEPAGE","item":"https:\/\/www.donadonsdd.com\/fr\/"},{"@type":"ListItem","position":2,"name":"Unit\u00e9s \u00e9tanches SU\/M &#8211; Montage facile et fiable du disque de rupture pour les installations industrielles"}]},{"@type":"WebSite","@id":"https:\/\/www.donadonsdd.com\/fr\/#website","url":"https:\/\/www.donadonsdd.com\/fr\/","name":"DonadonSDD Srl","description":"","publisher":{"@id":"https:\/\/www.donadonsdd.com\/fr\/#organization"},"potentialAction":[{"@type":"SearchAction","target":{"@type":"EntryPoint","urlTemplate":"https:\/\/www.donadonsdd.com\/fr\/?s={search_term_string}"},"query-input":{"@type":"PropertyValueSpecification","valueRequired":true,"valueName":"search_term_string"}}],"inLanguage":"fr-FR"},{"@type":"Organization","@id":"https:\/\/www.donadonsdd.com\/fr\/#organization","name":"DonadonSDD Srl","url":"https:\/\/www.donadonsdd.com\/fr\/","logo":{"@type":"ImageObject","inLanguage":"fr-FR","@id":"https:\/\/www.donadonsdd.com\/fr\/#\/schema\/logo\/image\/","url":"https:\/\/www.donadonsdd.com\/wp-content\/uploads\/2025\/11\/donadonsdd-logo.png","contentUrl":"https:\/\/www.donadonsdd.com\/wp-content\/uploads\/2025\/11\/donadonsdd-logo.png","width":544,"height":96,"caption":"DonadonSDD Srl"},"image":{"@id":"https:\/\/www.donadonsdd.com\/fr\/#\/schema\/logo\/image\/"}}]}},"toolset-meta":{"toolset-woocommerce-fields":{"_download_limit":{"type":"numeric","raw":""},"_virtual":{"type":"checkbox","raw":""},"_downloadable":{"type":"checkbox","raw":""},"_download_expiry":{"type":"numeric","raw":""},"_download_type":{"type":"radio","raw":""},"_regular_price":{"type":"numeric","raw":""},"_sale_price":{"type":"numeric","raw":""},"_sale_price_dates_from":{"type":"date","raw":"","formatted":null},"_sale_price_dates_to":{"type":"date","raw":"","formatted":null},"_sku":{"type":"textfield","raw":""},"_manage_stock":{"type":"checkbox","raw":""},"_stock_status":{"type":"radio","raw":""},"_stock":{"type":"numeric","raw":""},"_backorders":{"type":"radio","raw":""},"_sold_individually":{"type":"checkbox","raw":""},"_width":{"type":"numeric","raw":""},"_weight":{"type":"numeric","raw":""},"_length":{"type":"numeric","raw":""},"_purchase_note":{"type":"textarea","raw":""}},"infografica":{"operation-ratio":{"type":"textfield","raw":"jusqu'\u00e0 80%"},"non-fragmenting":{"type":"textfield","raw":"non"},"vacumm-resistant":{"type":"textfield","raw":"en g\u00e9n\u00e9ral, non"},"sanitary":{"type":"textfield","raw":"non"},"liquid":{"type":"textfield","raw":"oui"},"vapor-gas":{"type":"textfield","raw":"oui"},"ferrules":{"type":"textfield","raw":""}},"dettagli-prodotto":{"immagini-prodotto":{"type":"image","raw":["https:\/\/www.donadonsdd.com\/wp-content\/uploads\/2025\/12\/donadon-106_result.webp"],"repeatable":[{"raw":"https:\/\/www.donadonsdd.com\/wp-content\/uploads\/2025\/12\/donadon-106_result.webp","attachment_id":1512}]},"tabella-specifiche":{"type":"wysiwyg","raw":"MOD\u00c8LE | SU\/M ;\nMAT\u00c9RIAUX | Acier inoxydable, Alloy 400, Alloy C276 ;\nPRESSION DE RUPTURE | 0,5 - 600 bar g (Selon la taille et le mat\u00e9riau) ;\nTOL\u00c9RANCE | de +\/- 5 % \u00e0 +\/- 20 % ;\nTEMP\u00c9RATURE DE FONCTIONNEMENT | jusqu'\u00e0 500\u00b0C ;\nFRAGMENTATION | Oui (Sans fragmentation en ex\u00e9cution sp\u00e9ciale) ;\nMARGE DE FONCTIONNEMENT | Peut atteindre jusqu'\u00e0 80 % selon les conditions de service;\nRESISTANCE A LA PRESSION DU VIDE | Non (Support du vide en ex\u00e9cution sp\u00e9ciale) ;\nRESISTANCE A LA CORROSION | Tr\u00e8s bonne ;\nINSTALLATION | Installation directe ;"}}},"_links":{"self":[{"href":"https:\/\/www.donadonsdd.com\/fr\/wp-json\/wp\/v2\/product\/6104","targetHints":{"allow":["GET"]}}],"collection":[{"href":"https:\/\/www.donadonsdd.com\/fr\/wp-json\/wp\/v2\/product"}],"about":[{"href":"https:\/\/www.donadonsdd.com\/fr\/wp-json\/wp\/v2\/types\/product"}],"wp:featuredmedia":[{"embeddable":true,"href":"https:\/\/www.donadonsdd.com\/fr\/wp-json\/wp\/v2\/media\/10287"}],"wp:attachment":[{"href":"https:\/\/www.donadonsdd.com\/fr\/wp-json\/wp\/v2\/media?parent=6104"}],"wp:term":[{"taxonomy":"categoria_prodotto","embeddable":true,"href":"https:\/\/www.donadonsdd.com\/fr\/wp-json\/wp\/v2\/categoria_prodotto?post=6104"}],"curies":[{"name":"wp","href":"https:\/\/api.w.org\/{rel}","templated":true}]}}