{"id":6140,"date":"2025-12-11T16:42:39","date_gmt":"2025-12-11T15:42:39","guid":{"rendered":"https:\/\/www.donadonsdd.com\/product\/indicateur-avance-de-disque-de-rupture-ir2e-garantir-la-securite-et-la-conformite\/"},"modified":"2026-03-01T02:37:27","modified_gmt":"2026-03-01T01:37:27","slug":"ir2e","status":"publish","type":"product","link":"https:\/\/www.donadonsdd.com\/fr\/produit\/ir2e\/","title":{"rendered":"Indicateur avanc\u00e9 de disque de rupture IR2E &#8211; Garantir la s\u00e9curit\u00e9 et la conformit\u00e9"},"content":{"rendered":"<p>L&rsquo;indicateur de rupture DonadonSDD IR2E est un instrument simple mais efficace con\u00e7u pour d\u00e9tecter les fractures dans les disques de rupture. Ce d\u00e9tecteur est install\u00e9 strat\u00e9giquement entre le c\u00f4t\u00e9 d\u00e9charge du disque ou, le cas \u00e9ch\u00e9ant, le support, et la bride aval du dispositif de s\u00e9curit\u00e9, rempla\u00e7ant ainsi efficacement un joint conventionnel. <\/p>\n<p>L&rsquo;assemblage du d\u00e9tecteur IR2E implique un actionneur compos\u00e9 de plusieurs \u00e9l\u00e9ments cl\u00e9s :<\/p>\n<ul>\n<li>Un anneau m\u00e9tallique, g\u00e9n\u00e9ralement en 316L<\/li>\n<li>Une membrane PTFE perfor\u00e9e<\/li>\n<li>Les joints, qui sont g\u00e9n\u00e9ralement fabriqu\u00e9s \u00e0 partir de fibres d&rsquo;aramide standard, mais qui sont \u00e9galement disponibles en graphite et en PTFE.<\/li>\n<\/ul>\n<p>Le c\u0153ur du capteur IR2E est constitu\u00e9 d&rsquo;une piste flexible en cuivre, solidement encapsul\u00e9e entre deux couches isolantes de Kapton, compl\u00e9t\u00e9e par un c\u00e2ble d&rsquo;interface. Ce c\u00e2ble peut \u00eatre configur\u00e9 soit avec des embouts doubles standard, soit avec un connecteur sp\u00e9cialis\u00e9. <\/p>\n<p>La connexion au syst\u00e8me de s\u00e9curit\u00e9 de l&rsquo;usine est assur\u00e9e par un c\u00e2ble indicateur d&rsquo;alarme, qui est reli\u00e9 \u00e0 une barri\u00e8re de s\u00e9curit\u00e9 intrins\u00e8que. Cette configuration respecte les sp\u00e9cifications \u00e9lectriques du capteur (avec une tension maximale de 24 V CC et un courant maximal de 50 mA) et est adapt\u00e9e aux exigences de classification des zones. <\/p>\n<p>En cas de rupture du disque, la continuit\u00e9 du circuit en cuivre de l&rsquo;indicateur IR2E est interrompue, stoppant ainsi le flux de courant. Cette interruption permet aux appareils connect\u00e9s de signaler efficacement l&rsquo;activation du disque de rupture. <\/p>\n<p>Le capteur IR2E est enti\u00e8rement conforme \u00e0 la directive europ\u00e9enne 2014\/34\/UE (ATEX), \u00e0 l&rsquo;instrument statutaire britannique 2016 n\u00b0 1107 (UKCA), au CU TR 012 (EAC), et est certifi\u00e9 selon le sch\u00e9ma IECEx. Cette adh\u00e9sion souligne sa fiabilit\u00e9 et sa s\u00e9curit\u00e9 pour une utilisation dans des environnements dangereux. <\/p>\n<p>La zone d&rsquo;installation du capteur est d\u00e9termin\u00e9e par le type de barri\u00e8re utilis\u00e9 :<\/p>\n<ul>\n<li>Pour une barri\u00e8re Ex ia, l&rsquo;installation est autoris\u00e9e dans les zones 0, 20, 1, 21, 2, 22.<\/li>\n<li>Pour une barri\u00e8re Ex ib, l&rsquo;installation est autoris\u00e9e dans les zones 1, 21, 2, 22.<\/li>\n<\/ul>\n<p>Les proc\u00e9dures d&rsquo;installation doivent \u00eatre conformes \u00e0 la norme EN 60079-14 et aux normes \u00e9lectriques nationales les plus r\u00e9centes afin de garantir la s\u00e9curit\u00e9 et la conformit\u00e9.<\/p>\n","protected":false},"excerpt":{"rendered":"<p>L&rsquo;indicateur de rupture DonadonSDD IR2E est un instrument simple mais efficace con\u00e7u pour d\u00e9tecter les fractures dans les disques de rupture. Ce d\u00e9tecteur est install\u00e9 strat\u00e9giquement entre le c\u00f4t\u00e9 d\u00e9charge du disque ou, le cas \u00e9ch\u00e9ant, le support, et la bride aval du dispositif de s\u00e9curit\u00e9, rempla\u00e7ant ainsi efficacement un joint conventionnel. L&rsquo;assemblage du d\u00e9tecteur [&hellip;]<\/p>\n","protected":false},"featured_media":10275,"menu_order":0,"template":"","meta":{"_acf_changed":false},"categoria_prodotto":[94,81],"class_list":["post-6140","product","type-product","status-publish","has-post-thumbnail","hentry","categoria_prodotto-electric","categoria_prodotto-rupture-indicators"],"acf":[],"yoast_head":"<!-- This site is optimized with the Yoast SEO plugin v27.3 - https:\/\/yoast.com\/product\/yoast-seo-wordpress\/ -->\n<title>Indicateur de disque de rupture \u00e9lectrique pour installation \u00e0 bride - IR2E<\/title>\n<meta name=\"description\" content=\"Indicateur \u00e9lectrique de disque de rupture pour la d\u00e9tection de l&#039;activation du disque de rupture. Install\u00e9 entre le disque de rupture ou le support et la bride, il fournit une signalisation fiable, \u00e0 s\u00e9curit\u00e9 intrins\u00e8que, conforme \u00e0 la norme IP67, certifi\u00e9 ATEX, IECEx et EAC.\" \/>\n<meta name=\"robots\" content=\"index, follow, max-snippet:-1, max-image-preview:large, max-video-preview:-1\" \/>\n<link rel=\"canonical\" href=\"https:\/\/www.donadonsdd.com\/fr\/produit\/ir2e\/\" \/>\n<meta property=\"og:locale\" content=\"fr_FR\" \/>\n<meta property=\"og:type\" content=\"article\" \/>\n<meta property=\"og:title\" content=\"Indicateur de disque de rupture \u00e9lectrique pour installation \u00e0 bride - IR2E\" \/>\n<meta property=\"og:description\" content=\"Indicateur \u00e9lectrique de disque de rupture pour la d\u00e9tection de l&#039;activation du disque de rupture. Install\u00e9 entre le disque de rupture ou le support et la bride, il fournit une signalisation fiable, \u00e0 s\u00e9curit\u00e9 intrins\u00e8que, conforme \u00e0 la norme IP67, certifi\u00e9 ATEX, IECEx et EAC.\" \/>\n<meta property=\"og:url\" content=\"https:\/\/www.donadonsdd.com\/fr\/produit\/ir2e\/\" \/>\n<meta property=\"og:site_name\" content=\"DonadonSDD Srl\" \/>\n<meta property=\"article:modified_time\" content=\"2026-03-01T01:37:27+00:00\" \/>\n<meta property=\"og:image\" content=\"https:\/\/www.donadonsdd.com\/wp-content\/uploads\/2025\/12\/donadon-37.png\" \/>\n\t<meta property=\"og:image:width\" content=\"1800\" \/>\n\t<meta property=\"og:image:height\" content=\"1200\" \/>\n\t<meta property=\"og:image:type\" content=\"image\/png\" \/>\n<meta name=\"twitter:card\" content=\"summary_large_image\" \/>\n<meta name=\"twitter:label1\" content=\"Dur\u00e9e de lecture estim\u00e9e\" \/>\n\t<meta name=\"twitter:data1\" content=\"2 minutes\" \/>\n<script type=\"application\/ld+json\" class=\"yoast-schema-graph\">{\"@context\":\"https:\\\/\\\/schema.org\",\"@graph\":[{\"@type\":\"WebPage\",\"@id\":\"https:\\\/\\\/www.donadonsdd.com\\\/fr\\\/produit\\\/ir2e\\\/\",\"url\":\"https:\\\/\\\/www.donadonsdd.com\\\/fr\\\/produit\\\/ir2e\\\/\",\"name\":\"Indicateur de disque de rupture \u00e9lectrique pour installation \u00e0 bride - IR2E\",\"isPartOf\":{\"@id\":\"https:\\\/\\\/www.donadonsdd.com\\\/fr\\\/#website\"},\"primaryImageOfPage\":{\"@id\":\"https:\\\/\\\/www.donadonsdd.com\\\/fr\\\/produit\\\/ir2e\\\/#primaryimage\"},\"image\":{\"@id\":\"https:\\\/\\\/www.donadonsdd.com\\\/fr\\\/produit\\\/ir2e\\\/#primaryimage\"},\"thumbnailUrl\":\"https:\\\/\\\/www.donadonsdd.com\\\/wp-content\\\/uploads\\\/2025\\\/12\\\/donadon-37.png\",\"datePublished\":\"2025-12-11T15:42:39+00:00\",\"dateModified\":\"2026-03-01T01:37:27+00:00\",\"description\":\"Indicateur \u00e9lectrique de disque de rupture pour la d\u00e9tection de l'activation du disque de rupture. Install\u00e9 entre le disque de rupture ou le support et la bride, il fournit une signalisation fiable, \u00e0 s\u00e9curit\u00e9 intrins\u00e8que, conforme \u00e0 la norme IP67, certifi\u00e9 ATEX, IECEx et EAC.\",\"breadcrumb\":{\"@id\":\"https:\\\/\\\/www.donadonsdd.com\\\/fr\\\/produit\\\/ir2e\\\/#breadcrumb\"},\"inLanguage\":\"fr-FR\",\"potentialAction\":[{\"@type\":\"ReadAction\",\"target\":[\"https:\\\/\\\/www.donadonsdd.com\\\/fr\\\/produit\\\/ir2e\\\/\"]}]},{\"@type\":\"ImageObject\",\"inLanguage\":\"fr-FR\",\"@id\":\"https:\\\/\\\/www.donadonsdd.com\\\/fr\\\/produit\\\/ir2e\\\/#primaryimage\",\"url\":\"https:\\\/\\\/www.donadonsdd.com\\\/wp-content\\\/uploads\\\/2025\\\/12\\\/donadon-37.png\",\"contentUrl\":\"https:\\\/\\\/www.donadonsdd.com\\\/wp-content\\\/uploads\\\/2025\\\/12\\\/donadon-37.png\",\"width\":1800,\"height\":1200},{\"@type\":\"BreadcrumbList\",\"@id\":\"https:\\\/\\\/www.donadonsdd.com\\\/fr\\\/produit\\\/ir2e\\\/#breadcrumb\",\"itemListElement\":[{\"@type\":\"ListItem\",\"position\":1,\"name\":\"HOMEPAGE\",\"item\":\"https:\\\/\\\/www.donadonsdd.com\\\/fr\\\/\"},{\"@type\":\"ListItem\",\"position\":2,\"name\":\"Indicateur avanc\u00e9 de disque de rupture IR2E &#8211; Garantir la s\u00e9curit\u00e9 et la conformit\u00e9\"}]},{\"@type\":\"WebSite\",\"@id\":\"https:\\\/\\\/www.donadonsdd.com\\\/fr\\\/#website\",\"url\":\"https:\\\/\\\/www.donadonsdd.com\\\/fr\\\/\",\"name\":\"DonadonSDD Srl\",\"description\":\"\",\"publisher\":{\"@id\":\"https:\\\/\\\/www.donadonsdd.com\\\/fr\\\/#organization\"},\"potentialAction\":[{\"@type\":\"SearchAction\",\"target\":{\"@type\":\"EntryPoint\",\"urlTemplate\":\"https:\\\/\\\/www.donadonsdd.com\\\/fr\\\/?s={search_term_string}\"},\"query-input\":{\"@type\":\"PropertyValueSpecification\",\"valueRequired\":true,\"valueName\":\"search_term_string\"}}],\"inLanguage\":\"fr-FR\"},{\"@type\":\"Organization\",\"@id\":\"https:\\\/\\\/www.donadonsdd.com\\\/fr\\\/#organization\",\"name\":\"DonadonSDD Srl\",\"url\":\"https:\\\/\\\/www.donadonsdd.com\\\/fr\\\/\",\"logo\":{\"@type\":\"ImageObject\",\"inLanguage\":\"fr-FR\",\"@id\":\"https:\\\/\\\/www.donadonsdd.com\\\/fr\\\/#\\\/schema\\\/logo\\\/image\\\/\",\"url\":\"https:\\\/\\\/www.donadonsdd.com\\\/wp-content\\\/uploads\\\/2025\\\/11\\\/donadonsdd-logo.png\",\"contentUrl\":\"https:\\\/\\\/www.donadonsdd.com\\\/wp-content\\\/uploads\\\/2025\\\/11\\\/donadonsdd-logo.png\",\"width\":544,\"height\":96,\"caption\":\"DonadonSDD Srl\"},\"image\":{\"@id\":\"https:\\\/\\\/www.donadonsdd.com\\\/fr\\\/#\\\/schema\\\/logo\\\/image\\\/\"}}]}<\/script>\n<!-- \/ Yoast SEO plugin. -->","yoast_head_json":{"title":"Indicateur de disque de rupture \u00e9lectrique pour installation \u00e0 bride - IR2E","description":"Indicateur \u00e9lectrique de disque de rupture pour la d\u00e9tection de l'activation du disque de rupture. Install\u00e9 entre le disque de rupture ou le support et la bride, il fournit une signalisation fiable, \u00e0 s\u00e9curit\u00e9 intrins\u00e8que, conforme \u00e0 la norme IP67, certifi\u00e9 ATEX, IECEx et EAC.","robots":{"index":"index","follow":"follow","max-snippet":"max-snippet:-1","max-image-preview":"max-image-preview:large","max-video-preview":"max-video-preview:-1"},"canonical":"https:\/\/www.donadonsdd.com\/fr\/produit\/ir2e\/","og_locale":"fr_FR","og_type":"article","og_title":"Indicateur de disque de rupture \u00e9lectrique pour installation \u00e0 bride - IR2E","og_description":"Indicateur \u00e9lectrique de disque de rupture pour la d\u00e9tection de l'activation du disque de rupture. Install\u00e9 entre le disque de rupture ou le support et la bride, il fournit une signalisation fiable, \u00e0 s\u00e9curit\u00e9 intrins\u00e8que, conforme \u00e0 la norme IP67, certifi\u00e9 ATEX, IECEx et EAC.","og_url":"https:\/\/www.donadonsdd.com\/fr\/produit\/ir2e\/","og_site_name":"DonadonSDD Srl","article_modified_time":"2026-03-01T01:37:27+00:00","og_image":[{"width":1800,"height":1200,"url":"https:\/\/www.donadonsdd.com\/wp-content\/uploads\/2025\/12\/donadon-37.png","type":"image\/png"}],"twitter_card":"summary_large_image","twitter_misc":{"Dur\u00e9e de lecture estim\u00e9e":"2 minutes"},"schema":{"@context":"https:\/\/schema.org","@graph":[{"@type":"WebPage","@id":"https:\/\/www.donadonsdd.com\/fr\/produit\/ir2e\/","url":"https:\/\/www.donadonsdd.com\/fr\/produit\/ir2e\/","name":"Indicateur de disque de rupture \u00e9lectrique pour installation \u00e0 bride - IR2E","isPartOf":{"@id":"https:\/\/www.donadonsdd.com\/fr\/#website"},"primaryImageOfPage":{"@id":"https:\/\/www.donadonsdd.com\/fr\/produit\/ir2e\/#primaryimage"},"image":{"@id":"https:\/\/www.donadonsdd.com\/fr\/produit\/ir2e\/#primaryimage"},"thumbnailUrl":"https:\/\/www.donadonsdd.com\/wp-content\/uploads\/2025\/12\/donadon-37.png","datePublished":"2025-12-11T15:42:39+00:00","dateModified":"2026-03-01T01:37:27+00:00","description":"Indicateur \u00e9lectrique de disque de rupture pour la d\u00e9tection de l'activation du disque de rupture. Install\u00e9 entre le disque de rupture ou le support et la bride, il fournit une signalisation fiable, \u00e0 s\u00e9curit\u00e9 intrins\u00e8que, conforme \u00e0 la norme IP67, certifi\u00e9 ATEX, IECEx et EAC.","breadcrumb":{"@id":"https:\/\/www.donadonsdd.com\/fr\/produit\/ir2e\/#breadcrumb"},"inLanguage":"fr-FR","potentialAction":[{"@type":"ReadAction","target":["https:\/\/www.donadonsdd.com\/fr\/produit\/ir2e\/"]}]},{"@type":"ImageObject","inLanguage":"fr-FR","@id":"https:\/\/www.donadonsdd.com\/fr\/produit\/ir2e\/#primaryimage","url":"https:\/\/www.donadonsdd.com\/wp-content\/uploads\/2025\/12\/donadon-37.png","contentUrl":"https:\/\/www.donadonsdd.com\/wp-content\/uploads\/2025\/12\/donadon-37.png","width":1800,"height":1200},{"@type":"BreadcrumbList","@id":"https:\/\/www.donadonsdd.com\/fr\/produit\/ir2e\/#breadcrumb","itemListElement":[{"@type":"ListItem","position":1,"name":"HOMEPAGE","item":"https:\/\/www.donadonsdd.com\/fr\/"},{"@type":"ListItem","position":2,"name":"Indicateur avanc\u00e9 de disque de rupture IR2E &#8211; Garantir la s\u00e9curit\u00e9 et la conformit\u00e9"}]},{"@type":"WebSite","@id":"https:\/\/www.donadonsdd.com\/fr\/#website","url":"https:\/\/www.donadonsdd.com\/fr\/","name":"DonadonSDD Srl","description":"","publisher":{"@id":"https:\/\/www.donadonsdd.com\/fr\/#organization"},"potentialAction":[{"@type":"SearchAction","target":{"@type":"EntryPoint","urlTemplate":"https:\/\/www.donadonsdd.com\/fr\/?s={search_term_string}"},"query-input":{"@type":"PropertyValueSpecification","valueRequired":true,"valueName":"search_term_string"}}],"inLanguage":"fr-FR"},{"@type":"Organization","@id":"https:\/\/www.donadonsdd.com\/fr\/#organization","name":"DonadonSDD Srl","url":"https:\/\/www.donadonsdd.com\/fr\/","logo":{"@type":"ImageObject","inLanguage":"fr-FR","@id":"https:\/\/www.donadonsdd.com\/fr\/#\/schema\/logo\/image\/","url":"https:\/\/www.donadonsdd.com\/wp-content\/uploads\/2025\/11\/donadonsdd-logo.png","contentUrl":"https:\/\/www.donadonsdd.com\/wp-content\/uploads\/2025\/11\/donadonsdd-logo.png","width":544,"height":96,"caption":"DonadonSDD Srl"},"image":{"@id":"https:\/\/www.donadonsdd.com\/fr\/#\/schema\/logo\/image\/"}}]}},"toolset-meta":{"toolset-woocommerce-fields":{"_download_limit":{"type":"numeric","raw":""},"_virtual":{"type":"checkbox","raw":""},"_downloadable":{"type":"checkbox","raw":""},"_download_expiry":{"type":"numeric","raw":""},"_download_type":{"type":"radio","raw":""},"_regular_price":{"type":"numeric","raw":""},"_sale_price":{"type":"numeric","raw":""},"_sale_price_dates_from":{"type":"date","raw":"","formatted":null},"_sale_price_dates_to":{"type":"date","raw":"","formatted":null},"_sku":{"type":"textfield","raw":""},"_manage_stock":{"type":"checkbox","raw":""},"_stock_status":{"type":"radio","raw":""},"_stock":{"type":"numeric","raw":""},"_backorders":{"type":"radio","raw":""},"_sold_individually":{"type":"checkbox","raw":""},"_width":{"type":"numeric","raw":""},"_weight":{"type":"numeric","raw":""},"_length":{"type":"numeric","raw":""},"_purchase_note":{"type":"textarea","raw":""}},"infografica":{"operation-ratio":{"type":"textfield","raw":""},"non-fragmenting":{"type":"textfield","raw":""},"vacumm-resistant":{"type":"textfield","raw":""},"sanitary":{"type":"textfield","raw":""},"liquid":{"type":"textfield","raw":""},"vapor-gas":{"type":"textfield","raw":""},"ferrules":{"type":"textfield","raw":""}},"dettagli-prodotto":{"immagini-prodotto":{"type":"image","raw":["https:\/\/www.donadonsdd.com\/wp-content\/uploads\/2025\/12\/donadon-38_result.webp"],"repeatable":[{"raw":"https:\/\/www.donadonsdd.com\/wp-content\/uploads\/2025\/12\/donadon-38_result.webp","attachment_id":8044}]},"tabella-specifiche":{"type":"wysiwyg","raw":"===TABLE===\nMod\u00e8le | IR2E ;\nTemp\u00e9rature de fonctionnement | Partie active : de -196 \u00b0C \u00e0 260 \u00b0C \u00a7 C\u00e2ble d'interface : de -40 \u00b0C \u00e0 +70 \u00b0C ;\nMembrane d'encapsulation | en polyimide (Kapton\u00ae) ;\nCircuit imprim\u00e9 | Cuivre ;\nC\u00e2ble | Standard, 2 m - disponible avec deux embouts ou avec connecteur \u00a7 Longueur maximale 15 m ;\nParam\u00e8tres \u00e9lectriques de l'alimentation (max) | Tension : 24 V CC \u00a7 Courant : 50 mA \u00a7 Puissance : 0,3 W \u00a7 Capacit\u00e9 : 780 pF \u00a7 Inductance : 7,2 \u00b5H ;\nFluide de traitement | Gaz, liquide, poudre ;\nDegr\u00e9 IP | 67 ;\nCompatibilit\u00e9 avec les supports \/ disques de rupture | <a href=\"https:\/\/www.donadonsdd.com\/fr\/produit\/hia-hra\/\">HIA<\/a>, <a href=\"https:\/\/www.donadonsdd.com\/fr\/produit\/hia-hra\/\">HRA<\/a>, <a href=\"https:\/\/www.donadonsdd.com\/fr\/produit\/hip-hrp\/\">HIP<\/a>, <a href=\"https:\/\/www.donadonsdd.com\/fr\/produit\/hip-hrp\/\">HRP<\/a> \u00a7 <a href=\"https:\/\/www.donadonsdd.com\/fr\/produit\/dcd-composite\/\">DCD<\/a>, <a href=\"https:\/\/www.donadonsdd.com\/fr\/produit\/dif\/\">DIF<\/a>, <a href=\"https:\/\/www.donadonsdd.com\/fr\/produit\/scd\/\">SCD<\/a>, <a href=\"https:\/\/www.donadonsdd.com\/fr\/produit\/scr\/\">SCR<\/a>, <a href=\"https:\/\/www.donadonsdd.com\/fr\/produit\/y90\/\">Y90<\/a>, <a href=\"https:\/\/www.donadonsdd.com\/fr\/produit\/krd\/\">KRD<\/a>, <a href=\"https:\/\/www.donadonsdd.com\/fr\/produit\/gm\/\">GM<\/a>, <a href=\"https:\/\/www.donadonsdd.com\/fr\/produit\/ga\/\">GA<\/a>, <a href=\"https:\/\/www.donadonsdd.com\/fr\/produit\/gr\/\">GR<\/a>;             \nOptions de configuration du c\u00e2ble d'interface | C\u00e2ble termin\u00e9 par des embouts doubles \u00a7 C\u00e2ble \u00e9quip\u00e9 d'un connecteur ;\n===TEXT===\n<h3>Pression minimale de fonctionnement en fonction du diam\u00e8tre<\/h3>\n===TABLE===\nDN (MM) | 32 | 40 | 50 | 65 | 80 | 100 | 125 | 150 | 200-350 | 400 | >500 ;\nNPS (POUCES) | 1 1\/4 | 1 1\/2 | 2 | 2 1\/2 | 3 | 4 | 4 1\/2 | 6 | 8-14 | 16 |  >20 ;\nPRESSION MINIMALE (BAR G) | 0,3 | 0,25 | 0,18 | 0,15 | 0,11 | 0,09 | 0,08 | 0,06 | 0,05 | 0,03 | 0,005 ;"}}},"_links":{"self":[{"href":"https:\/\/www.donadonsdd.com\/fr\/wp-json\/wp\/v2\/product\/6140","targetHints":{"allow":["GET"]}}],"collection":[{"href":"https:\/\/www.donadonsdd.com\/fr\/wp-json\/wp\/v2\/product"}],"about":[{"href":"https:\/\/www.donadonsdd.com\/fr\/wp-json\/wp\/v2\/types\/product"}],"wp:featuredmedia":[{"embeddable":true,"href":"https:\/\/www.donadonsdd.com\/fr\/wp-json\/wp\/v2\/media\/10275"}],"wp:attachment":[{"href":"https:\/\/www.donadonsdd.com\/fr\/wp-json\/wp\/v2\/media?parent=6140"}],"wp:term":[{"taxonomy":"categoria_prodotto","embeddable":true,"href":"https:\/\/www.donadonsdd.com\/fr\/wp-json\/wp\/v2\/categoria_prodotto?post=6140"}],"curies":[{"name":"wp","href":"https:\/\/api.w.org\/{rel}","templated":true}]}}