{"id":6144,"date":"2025-12-11T15:44:57","date_gmt":"2025-12-11T14:44:57","guid":{"rendered":"https:\/\/www.donadonsdd.com\/product\/indicateur-de-rupture-ir2c-detection-avancee-pour-les-disques-de-rupture-sanitaires\/"},"modified":"2026-04-14T17:11:05","modified_gmt":"2026-04-14T15:11:05","slug":"ir2c","status":"publish","type":"product","link":"https:\/\/www.donadonsdd.com\/fr\/produit\/ir2c\/","title":{"rendered":"Indicateur de rupture IR2C &#8211; D\u00e9tection avanc\u00e9e pour les disques de rupture sanitaires"},"content":{"rendered":"<p>L&rsquo;indicateur de rupture DonadonSDD IR2C est un dispositif rationalis\u00e9 et efficace con\u00e7u pour la d\u00e9tection pr\u00e9cise des ruptures de disques de rupture sanitaires. Cet indicateur est strat\u00e9giquement positionn\u00e9 du c\u00f4t\u00e9 du drain, en aval du raccord d&rsquo;espacement, afin d&rsquo;assurer une performance optimale.<\/p>\n<p>Le capteur IR2C est compos\u00e9 de deux \u00e9l\u00e9ments principaux :<\/p>\n<ul>\n<li>Un \u00e9l\u00e9ment actif compos\u00e9 d&rsquo;une piste flexible en cuivre encapsul\u00e9e entre deux couches isolantes en Kapton, coupl\u00e9e \u00e0 une membrane perfor\u00e9e en PTFE et \u00e0 deux joints en PTFE. Ces composants sont sp\u00e9cifiquement con\u00e7us pour \u00eatre compatibles avec les installations de raccordement sanitaire.<\/li>\n<li>Un c\u00e2ble d&rsquo;interface, disponible en configuration standard avec deux embouts ou en option avec un connecteur, facilite les connexions polyvalentes.<\/li>\n<\/ul>\n<p>La connexion au syst\u00e8me de s\u00e9curit\u00e9 de l&rsquo;usine est assur\u00e9e par un c\u00e2ble d&rsquo;indicateur d&rsquo;alarme, qui est reli\u00e9 \u00e0 une barri\u00e8re de s\u00e9curit\u00e9 intrins\u00e8que. Cette configuration respecte les caract\u00e9ristiques \u00e9lectriques sp\u00e9cifi\u00e9es du capteur (tension maximale de 24 V CC et courant maximal de 50 mA) et est adapt\u00e9e pour r\u00e9pondre aux exigences de classification des zones.<\/p>\n<p>En cas de rupture du disque, le circuit en cuivre de l&rsquo;indicateur IR2C est interrompu, stoppant ainsi le flux de courant. Cette interruption permet aux appareils connect\u00e9s de signaler efficacement l&rsquo;activation du disque de rupture.<\/p>\n<p>Le capteur IR2E est enti\u00e8rement conforme \u00e0 la directive europ\u00e9enne 2014\/34\/UE (ATEX), \u00e0 l&rsquo;instrument statutaire britannique 2016 n\u00b0 1107 (UKCA), au CU TR 012 (EAC), et est certifi\u00e9 selon le sch\u00e9ma IECEx. Cette adh\u00e9sion souligne sa fiabilit\u00e9 et sa s\u00e9curit\u00e9 pour une utilisation dans des environnements dangereux.<\/p>\n<p>La zone d&rsquo;installation du capteur est d\u00e9termin\u00e9e par le type de barri\u00e8re utilis\u00e9 :<\/p>\n<ul>\n<li>Pour une barri\u00e8re Ex ia, l&rsquo;installation est autoris\u00e9e dans les zones 0, 20, 1, 21, 2, 22.<\/li>\n<li>Pour une barri\u00e8re Ex ib, l&rsquo;installation est autoris\u00e9e dans les zones 1, 21, 2, 22.<\/li>\n<\/ul>\n<p>Les proc\u00e9dures d&rsquo;installation doivent \u00eatre conformes \u00e0 la norme EN 60079-14 et aux normes \u00e9lectriques nationales les plus r\u00e9centes afin de garantir la s\u00e9curit\u00e9 et la conformit\u00e9.<\/p>\n","protected":false},"excerpt":{"rendered":"<p>L&rsquo;indicateur de rupture DonadonSDD IR2C est un dispositif rationalis\u00e9 et efficace con\u00e7u pour la d\u00e9tection pr\u00e9cise des ruptures de disques de rupture sanitaires. Cet indicateur est strat\u00e9giquement positionn\u00e9 du c\u00f4t\u00e9 du drain, en aval du raccord d&rsquo;espacement, afin d&rsquo;assurer une performance optimale. Le capteur IR2C est compos\u00e9 de deux \u00e9l\u00e9ments principaux : Un \u00e9l\u00e9ment actif [&hellip;]<\/p>\n","protected":false},"featured_media":6145,"menu_order":0,"template":"","meta":{"_acf_changed":false},"categoria_prodotto":[94,81],"class_list":["post-6144","product","type-product","status-publish","has-post-thumbnail","hentry","categoria_prodotto-electric","categoria_prodotto-rupture-indicators"],"acf":[],"yoast_head":"<!-- This site is optimized with the Yoast SEO plugin v27.3 - https:\/\/yoast.com\/product\/yoast-seo-wordpress\/ -->\n<title>Indicateur de rupture IR2C - D\u00e9tection avanc\u00e9e pour les disques de rupture sanitaires - DonadonSDD Srl<\/title>\n<meta name=\"description\" content=\"IR2C \u2013 indicateur de rupture \u00e9lectrique DonadonSDD pour disques de rupture sanitaires mont\u00e9s sur raccord espaceur. Certifi\u00e9 ATEX, IECEx et UKCA. Zones dangereuses 0 \u00e0 22.\" \/>\n<meta name=\"robots\" content=\"index, follow, max-snippet:-1, max-image-preview:large, max-video-preview:-1\" \/>\n<link rel=\"canonical\" href=\"https:\/\/www.donadonsdd.com\/fr\/produit\/ir2c\/\" \/>\n<meta property=\"og:locale\" content=\"fr_FR\" \/>\n<meta property=\"og:type\" content=\"article\" \/>\n<meta property=\"og:title\" content=\"Indicateur de rupture IR2C - D\u00e9tection avanc\u00e9e pour les disques de rupture sanitaires - DonadonSDD Srl\" \/>\n<meta property=\"og:description\" content=\"IR2C \u2013 indicateur de rupture \u00e9lectrique DonadonSDD pour disques de rupture sanitaires mont\u00e9s sur raccord espaceur. Certifi\u00e9 ATEX, IECEx et UKCA. Zones dangereuses 0 \u00e0 22.\" \/>\n<meta property=\"og:url\" content=\"https:\/\/www.donadonsdd.com\/fr\/produit\/ir2c\/\" \/>\n<meta property=\"og:site_name\" content=\"DonadonSDD Srl\" \/>\n<meta property=\"article:modified_time\" content=\"2026-04-14T15:11:05+00:00\" \/>\n<meta property=\"og:image\" content=\"https:\/\/www.donadonsdd.com\/wp-content\/uploads\/2025\/12\/donadon-sdd-ir2c-rupture-indicators-e1766346908929.png\" \/>\n\t<meta property=\"og:image:width\" content=\"1089\" \/>\n\t<meta property=\"og:image:height\" content=\"726\" \/>\n\t<meta property=\"og:image:type\" content=\"image\/png\" \/>\n<meta name=\"twitter:card\" content=\"summary_large_image\" \/>\n<meta name=\"twitter:label1\" content=\"Dur\u00e9e de lecture estim\u00e9e\" \/>\n\t<meta name=\"twitter:data1\" content=\"3 minutes\" \/>\n<script type=\"application\/ld+json\" class=\"yoast-schema-graph\">{\"@context\":\"https:\\\/\\\/schema.org\",\"@graph\":[{\"@type\":\"WebPage\",\"@id\":\"https:\\\/\\\/www.donadonsdd.com\\\/fr\\\/produit\\\/ir2c\\\/\",\"url\":\"https:\\\/\\\/www.donadonsdd.com\\\/fr\\\/produit\\\/ir2c\\\/\",\"name\":\"Indicateur de rupture IR2C - D\u00e9tection avanc\u00e9e pour les disques de rupture sanitaires - DonadonSDD Srl\",\"isPartOf\":{\"@id\":\"https:\\\/\\\/www.donadonsdd.com\\\/fr\\\/#website\"},\"primaryImageOfPage\":{\"@id\":\"https:\\\/\\\/www.donadonsdd.com\\\/fr\\\/produit\\\/ir2c\\\/#primaryimage\"},\"image\":{\"@id\":\"https:\\\/\\\/www.donadonsdd.com\\\/fr\\\/produit\\\/ir2c\\\/#primaryimage\"},\"thumbnailUrl\":\"https:\\\/\\\/www.donadonsdd.com\\\/wp-content\\\/uploads\\\/2025\\\/12\\\/donadon-sdd-ir2c-rupture-indicators-e1766346908929.png\",\"datePublished\":\"2025-12-11T14:44:57+00:00\",\"dateModified\":\"2026-04-14T15:11:05+00:00\",\"description\":\"IR2C \u2013 indicateur de rupture \u00e9lectrique DonadonSDD pour disques de rupture sanitaires mont\u00e9s sur raccord espaceur. Certifi\u00e9 ATEX, IECEx et UKCA. Zones dangereuses 0 \u00e0 22.\",\"breadcrumb\":{\"@id\":\"https:\\\/\\\/www.donadonsdd.com\\\/fr\\\/produit\\\/ir2c\\\/#breadcrumb\"},\"inLanguage\":\"fr-FR\",\"potentialAction\":[{\"@type\":\"ReadAction\",\"target\":[\"https:\\\/\\\/www.donadonsdd.com\\\/fr\\\/produit\\\/ir2c\\\/\"]}]},{\"@type\":\"ImageObject\",\"inLanguage\":\"fr-FR\",\"@id\":\"https:\\\/\\\/www.donadonsdd.com\\\/fr\\\/produit\\\/ir2c\\\/#primaryimage\",\"url\":\"https:\\\/\\\/www.donadonsdd.com\\\/wp-content\\\/uploads\\\/2025\\\/12\\\/donadon-sdd-ir2c-rupture-indicators-e1766346908929.png\",\"contentUrl\":\"https:\\\/\\\/www.donadonsdd.com\\\/wp-content\\\/uploads\\\/2025\\\/12\\\/donadon-sdd-ir2c-rupture-indicators-e1766346908929.png\",\"width\":1089,\"height\":726,\"caption\":\"donadon sdd ir2c rupture indicators\"},{\"@type\":\"BreadcrumbList\",\"@id\":\"https:\\\/\\\/www.donadonsdd.com\\\/fr\\\/produit\\\/ir2c\\\/#breadcrumb\",\"itemListElement\":[{\"@type\":\"ListItem\",\"position\":1,\"name\":\"HOMEPAGE\",\"item\":\"https:\\\/\\\/www.donadonsdd.com\\\/fr\\\/\"},{\"@type\":\"ListItem\",\"position\":2,\"name\":\"Indicateur de rupture IR2C &#8211; D\u00e9tection avanc\u00e9e pour les disques de rupture sanitaires\"}]},{\"@type\":\"WebSite\",\"@id\":\"https:\\\/\\\/www.donadonsdd.com\\\/fr\\\/#website\",\"url\":\"https:\\\/\\\/www.donadonsdd.com\\\/fr\\\/\",\"name\":\"DonadonSDD Srl\",\"description\":\"\",\"publisher\":{\"@id\":\"https:\\\/\\\/www.donadonsdd.com\\\/fr\\\/#organization\"},\"potentialAction\":[{\"@type\":\"SearchAction\",\"target\":{\"@type\":\"EntryPoint\",\"urlTemplate\":\"https:\\\/\\\/www.donadonsdd.com\\\/fr\\\/?s={search_term_string}\"},\"query-input\":{\"@type\":\"PropertyValueSpecification\",\"valueRequired\":true,\"valueName\":\"search_term_string\"}}],\"inLanguage\":\"fr-FR\"},{\"@type\":\"Organization\",\"@id\":\"https:\\\/\\\/www.donadonsdd.com\\\/fr\\\/#organization\",\"name\":\"DonadonSDD Srl\",\"url\":\"https:\\\/\\\/www.donadonsdd.com\\\/fr\\\/\",\"logo\":{\"@type\":\"ImageObject\",\"inLanguage\":\"fr-FR\",\"@id\":\"https:\\\/\\\/www.donadonsdd.com\\\/fr\\\/#\\\/schema\\\/logo\\\/image\\\/\",\"url\":\"https:\\\/\\\/www.donadonsdd.com\\\/wp-content\\\/uploads\\\/2025\\\/11\\\/donadonsdd-logo.png\",\"contentUrl\":\"https:\\\/\\\/www.donadonsdd.com\\\/wp-content\\\/uploads\\\/2025\\\/11\\\/donadonsdd-logo.png\",\"width\":544,\"height\":96,\"caption\":\"DonadonSDD Srl\"},\"image\":{\"@id\":\"https:\\\/\\\/www.donadonsdd.com\\\/fr\\\/#\\\/schema\\\/logo\\\/image\\\/\"}}]}<\/script>\n<!-- \/ Yoast SEO plugin. -->","yoast_head_json":{"title":"Indicateur de rupture IR2C - D\u00e9tection avanc\u00e9e pour les disques de rupture sanitaires - DonadonSDD Srl","description":"IR2C \u2013 indicateur de rupture \u00e9lectrique DonadonSDD pour disques de rupture sanitaires mont\u00e9s sur raccord espaceur. Certifi\u00e9 ATEX, IECEx et UKCA. Zones dangereuses 0 \u00e0 22.","robots":{"index":"index","follow":"follow","max-snippet":"max-snippet:-1","max-image-preview":"max-image-preview:large","max-video-preview":"max-video-preview:-1"},"canonical":"https:\/\/www.donadonsdd.com\/fr\/produit\/ir2c\/","og_locale":"fr_FR","og_type":"article","og_title":"Indicateur de rupture IR2C - D\u00e9tection avanc\u00e9e pour les disques de rupture sanitaires - DonadonSDD Srl","og_description":"IR2C \u2013 indicateur de rupture \u00e9lectrique DonadonSDD pour disques de rupture sanitaires mont\u00e9s sur raccord espaceur. Certifi\u00e9 ATEX, IECEx et UKCA. Zones dangereuses 0 \u00e0 22.","og_url":"https:\/\/www.donadonsdd.com\/fr\/produit\/ir2c\/","og_site_name":"DonadonSDD Srl","article_modified_time":"2026-04-14T15:11:05+00:00","og_image":[{"width":1089,"height":726,"url":"https:\/\/www.donadonsdd.com\/wp-content\/uploads\/2025\/12\/donadon-sdd-ir2c-rupture-indicators-e1766346908929.png","type":"image\/png"}],"twitter_card":"summary_large_image","twitter_misc":{"Dur\u00e9e de lecture estim\u00e9e":"3 minutes"},"schema":{"@context":"https:\/\/schema.org","@graph":[{"@type":"WebPage","@id":"https:\/\/www.donadonsdd.com\/fr\/produit\/ir2c\/","url":"https:\/\/www.donadonsdd.com\/fr\/produit\/ir2c\/","name":"Indicateur de rupture IR2C - D\u00e9tection avanc\u00e9e pour les disques de rupture sanitaires - DonadonSDD Srl","isPartOf":{"@id":"https:\/\/www.donadonsdd.com\/fr\/#website"},"primaryImageOfPage":{"@id":"https:\/\/www.donadonsdd.com\/fr\/produit\/ir2c\/#primaryimage"},"image":{"@id":"https:\/\/www.donadonsdd.com\/fr\/produit\/ir2c\/#primaryimage"},"thumbnailUrl":"https:\/\/www.donadonsdd.com\/wp-content\/uploads\/2025\/12\/donadon-sdd-ir2c-rupture-indicators-e1766346908929.png","datePublished":"2025-12-11T14:44:57+00:00","dateModified":"2026-04-14T15:11:05+00:00","description":"IR2C \u2013 indicateur de rupture \u00e9lectrique DonadonSDD pour disques de rupture sanitaires mont\u00e9s sur raccord espaceur. Certifi\u00e9 ATEX, IECEx et UKCA. Zones dangereuses 0 \u00e0 22.","breadcrumb":{"@id":"https:\/\/www.donadonsdd.com\/fr\/produit\/ir2c\/#breadcrumb"},"inLanguage":"fr-FR","potentialAction":[{"@type":"ReadAction","target":["https:\/\/www.donadonsdd.com\/fr\/produit\/ir2c\/"]}]},{"@type":"ImageObject","inLanguage":"fr-FR","@id":"https:\/\/www.donadonsdd.com\/fr\/produit\/ir2c\/#primaryimage","url":"https:\/\/www.donadonsdd.com\/wp-content\/uploads\/2025\/12\/donadon-sdd-ir2c-rupture-indicators-e1766346908929.png","contentUrl":"https:\/\/www.donadonsdd.com\/wp-content\/uploads\/2025\/12\/donadon-sdd-ir2c-rupture-indicators-e1766346908929.png","width":1089,"height":726,"caption":"donadon sdd ir2c rupture indicators"},{"@type":"BreadcrumbList","@id":"https:\/\/www.donadonsdd.com\/fr\/produit\/ir2c\/#breadcrumb","itemListElement":[{"@type":"ListItem","position":1,"name":"HOMEPAGE","item":"https:\/\/www.donadonsdd.com\/fr\/"},{"@type":"ListItem","position":2,"name":"Indicateur de rupture IR2C &#8211; D\u00e9tection avanc\u00e9e pour les disques de rupture sanitaires"}]},{"@type":"WebSite","@id":"https:\/\/www.donadonsdd.com\/fr\/#website","url":"https:\/\/www.donadonsdd.com\/fr\/","name":"DonadonSDD Srl","description":"","publisher":{"@id":"https:\/\/www.donadonsdd.com\/fr\/#organization"},"potentialAction":[{"@type":"SearchAction","target":{"@type":"EntryPoint","urlTemplate":"https:\/\/www.donadonsdd.com\/fr\/?s={search_term_string}"},"query-input":{"@type":"PropertyValueSpecification","valueRequired":true,"valueName":"search_term_string"}}],"inLanguage":"fr-FR"},{"@type":"Organization","@id":"https:\/\/www.donadonsdd.com\/fr\/#organization","name":"DonadonSDD Srl","url":"https:\/\/www.donadonsdd.com\/fr\/","logo":{"@type":"ImageObject","inLanguage":"fr-FR","@id":"https:\/\/www.donadonsdd.com\/fr\/#\/schema\/logo\/image\/","url":"https:\/\/www.donadonsdd.com\/wp-content\/uploads\/2025\/11\/donadonsdd-logo.png","contentUrl":"https:\/\/www.donadonsdd.com\/wp-content\/uploads\/2025\/11\/donadonsdd-logo.png","width":544,"height":96,"caption":"DonadonSDD Srl"},"image":{"@id":"https:\/\/www.donadonsdd.com\/fr\/#\/schema\/logo\/image\/"}}]}},"toolset-meta":{"toolset-woocommerce-fields":{"_download_limit":{"type":"numeric","raw":""},"_virtual":{"type":"checkbox","raw":""},"_downloadable":{"type":"checkbox","raw":""},"_download_expiry":{"type":"numeric","raw":""},"_download_type":{"type":"radio","raw":""},"_regular_price":{"type":"numeric","raw":""},"_sale_price":{"type":"numeric","raw":""},"_sale_price_dates_from":{"type":"date","raw":"","formatted":null},"_sale_price_dates_to":{"type":"date","raw":"","formatted":null},"_sku":{"type":"textfield","raw":""},"_manage_stock":{"type":"checkbox","raw":""},"_stock_status":{"type":"radio","raw":""},"_stock":{"type":"numeric","raw":""},"_backorders":{"type":"radio","raw":""},"_sold_individually":{"type":"checkbox","raw":""},"_width":{"type":"numeric","raw":""},"_weight":{"type":"numeric","raw":""},"_length":{"type":"numeric","raw":""},"_purchase_note":{"type":"textarea","raw":""}},"infografica":{"operation-ratio":{"type":"textfield","raw":""},"non-fragmenting":{"type":"textfield","raw":""},"vacumm-resistant":{"type":"textfield","raw":""},"sanitary":{"type":"textfield","raw":""},"liquid":{"type":"textfield","raw":""},"vapor-gas":{"type":"textfield","raw":""},"ferrules":{"type":"textfield","raw":""}},"dettagli-prodotto":{"immagini-prodotto":{"type":"image","raw":["https:\/\/www.donadonsdd.com\/wp-content\/uploads\/2025\/12\/donadon-12_result.webp","https:\/\/www.donadonsdd.com\/wp-content\/uploads\/2025\/12\/donadon-13_result.webp","https:\/\/www.donadonsdd.com\/wp-content\/uploads\/2025\/12\/donadon-14_result.webp","https:\/\/www.donadonsdd.com\/wp-content\/uploads\/2025\/12\/donadon-15_result.webp"],"repeatable":[{"raw":"https:\/\/www.donadonsdd.com\/wp-content\/uploads\/2025\/12\/donadon-12_result.webp","attachment_id":6045},{"raw":"https:\/\/www.donadonsdd.com\/wp-content\/uploads\/2025\/12\/donadon-13_result.webp","attachment_id":6130},{"raw":"https:\/\/www.donadonsdd.com\/wp-content\/uploads\/2025\/12\/donadon-14_result.webp","attachment_id":6131},{"raw":"https:\/\/www.donadonsdd.com\/wp-content\/uploads\/2025\/12\/donadon-15_result.webp","attachment_id":6132}]},"tabella-specifiche":{"type":"wysiwyg","raw":"===TABLE===\r\nMod\u00e8le | IR2C ;\r\nTemp\u00e9rature de fonctionnement | Partie active : de -196 \u00b0C \u00e0 260 \u00b0C \u00a7 C\u00e2ble d'interface : de -40 \u00b0C \u00e0 +70 \u00b0C ;\r\nMembrane d'encapsulation | en polyimide (Kapton\u00ae) ;\r\nCircuit imprim\u00e9 | Cuivre ;\r\nC\u00e2ble | Standard, 2 m - disponible avec deux embouts ou avec connecteur \u00a7 Longueur maximale 15 m ;\r\nParam\u00e8tres \u00e9lectriques de l'alimentation (max) | Tension : 24 V CC \u00a7 Courant : 50 mA \u00a7 Puissance : 0,3 W \u00a7 Capacit\u00e9 : 780 pF \u00a7 Inductance : 7,2 \u00b5H ;\r\nFluide de traitement | Gaz, liquide, poudre ;\r\nDegr\u00e9 IP | 67 ;\r\nCompatibilit\u00e9 avec les supports \/ disques sanitaires | <a href=\"https:\/\/www.donadonsdd.com\/fr\/produit\/htc\/\">HTC<\/a> \u00a7 <a href=\"https:\/\/www.donadonsdd.com\/fr\/produit\/dcd-sanitary\/\">DCD<\/a>, <a href=\"https:\/\/www.donadonsdd.com\/fr\/produit\/scd-sanitary\/\">SCD<\/a>, <a href=\"https:\/\/www.donadonsdd.com\/fr\/produit\/scr-sanitary\/\">SCR<\/a>, <a href=\"https:\/\/www.donadonsdd.com\/fr\/produit\/y90-sanitary\/\">Y90<\/a>, <a href=\"https:\/\/www.donadonsdd.com\/fr\/produit\/krd-sanitary\/\">KRD<\/a>;\r\nOptions de configuration du c\u00e2ble d'interface | C\u00e2ble termin\u00e9 par des embouts doubles \u00a7 C\u00e2ble \u00e9quip\u00e9 d'un connecteur ;\r\n===TEXT===\r\n<h3>Pression minimale de fonctionnement en fonction du diam\u00e8tre<\/h3>\r\n===TABLE===\r\nDN (MM) | 32 | 40 | 50 | 65 | 80 | 100 | 125 | 150 | 200 ;\r\nNPS (POUCES) | 1 1\/4 | 1 1\/2 | 2 | 2 1\/2 | 3 | 4 | 4 1\/2 | 6 | 8-14 ;\r\nPression minimale (BAR G) | 0,3 | 0,25 | 0,18 | 0,15 | 0,11 | 0,09 | 0,08 | 0,06 | 0,05 ;"}}},"_links":{"self":[{"href":"https:\/\/www.donadonsdd.com\/fr\/wp-json\/wp\/v2\/product\/6144","targetHints":{"allow":["GET"]}}],"collection":[{"href":"https:\/\/www.donadonsdd.com\/fr\/wp-json\/wp\/v2\/product"}],"about":[{"href":"https:\/\/www.donadonsdd.com\/fr\/wp-json\/wp\/v2\/types\/product"}],"wp:featuredmedia":[{"embeddable":true,"href":"https:\/\/www.donadonsdd.com\/fr\/wp-json\/wp\/v2\/media\/6145"}],"wp:attachment":[{"href":"https:\/\/www.donadonsdd.com\/fr\/wp-json\/wp\/v2\/media?parent=6144"}],"wp:term":[{"taxonomy":"categoria_prodotto","embeddable":true,"href":"https:\/\/www.donadonsdd.com\/fr\/wp-json\/wp\/v2\/categoria_prodotto?post=6144"}],"curies":[{"name":"wp","href":"https:\/\/api.w.org\/{rel}","templated":true}]}}