{"id":6149,"date":"2025-12-11T16:45:06","date_gmt":"2025-12-11T15:45:06","guid":{"rendered":"https:\/\/www.donadonsdd.com\/product\/indicateur-de-rupture-ir2p-detection-avancee-de-lintegrite-des-panneaux-de-ventilation\/"},"modified":"2026-03-01T02:35:33","modified_gmt":"2026-03-01T01:35:33","slug":"ir2p","status":"publish","type":"product","link":"https:\/\/www.donadonsdd.com\/fr\/produit\/ir2p\/","title":{"rendered":"Indicateur de rupture IR2P &#8211; D\u00e9tection avanc\u00e9e de l&rsquo;int\u00e9grit\u00e9 des panneaux de ventilation"},"content":{"rendered":"<p>L&rsquo;indicateur de rupture DonadonSDD IR2P est con\u00e7u comme un outil simple et efficace pour d\u00e9tecter les fractures dans les disques de rupture. Il est install\u00e9 directement sur le panneau de ventilation pendant la construction du panneau, assurant une int\u00e9gration transparente pour des capacit\u00e9s de d\u00e9tection optimales. <\/p>\n<h2>Caract\u00e9ristiques et avantages techniques<\/h2>\n<h3>Installation directe :<\/h3>\n<p>Le d\u00e9tecteur IR2P est con\u00e7u pour \u00eatre mont\u00e9 directement sur le panneau de ventilation, ce qui facilite le processus d&rsquo;installation.<\/p>\n<h3>M\u00e9canisme de d\u00e9tection avanc\u00e9e :<\/h3>\n<p>Il comporte une piste flexible en cuivre, encapsul\u00e9e entre deux couches isolantes de Kapton, et est associ\u00e9 \u00e0 un c\u00e2ble d&rsquo;interface. Ce c\u00e2ble peut \u00eatre configur\u00e9 avec des embouts doubles standard ou \u00e9quip\u00e9 d&rsquo;un connecteur, offrant ainsi une grande flexibilit\u00e9 dans les options de connexion.<br \/>\nIntrinsic <\/p>\n<h3>Conformit\u00e9 \u00e0 la s\u00e9curit\u00e9 :<\/h3>\n<p>Le c\u00e2ble de l&rsquo;indicateur d&rsquo;alarme se connecte au syst\u00e8me de s\u00e9curit\u00e9 de l&rsquo;usine \u00e0 travers une barri\u00e8re de s\u00e9curit\u00e9 intrins\u00e8que, garantissant la conformit\u00e9 avec les exigences \u00e9lectriques du capteur (tension maximale de 24V DC et courant maximal de 50mA) et la classification appropri\u00e9e de la zone.<\/p>\n<h3>Efficacit\u00e9 op\u00e9rationnelle :<\/h3>\n<p>Lors de la rupture d&rsquo;un panneau, le circuit en cuivre de l&rsquo;indicateur IR2P est interrompu, ce qui interrompt le flux de courant. Cette interruption est un signal pour l&rsquo;\u00e9quipement connect\u00e9 qui indique l&rsquo;ouverture effective du disque de rupture, am\u00e9liorant ainsi les protocoles de s\u00e9curit\u00e9 au sein de l&rsquo;installation. <\/p>\n<p>Le capteur IR2P est enti\u00e8rement conforme \u00e0 la directive europ\u00e9enne 2014\/34\/UE (ATEX), \u00e0 l&rsquo;instrument statutaire britannique 2016 n\u00b0 1107 (UKCA), au CU TR 012 (EAC), et est certifi\u00e9 selon le sch\u00e9ma IECEx. Cette adh\u00e9sion souligne sa fiabilit\u00e9 et sa s\u00e9curit\u00e9 pour une utilisation dans des environnements dangereux. <\/p>\n<p>La zone d&rsquo;installation du capteur est d\u00e9termin\u00e9e par le type de barri\u00e8re utilis\u00e9 :<\/p>\n<ul>\n<li>Pour une barri\u00e8re Ex ia, l&rsquo;installation est autoris\u00e9e dans les zones 0, 20, 1, 21, 2, 22.<\/li>\n<li>Pour une barri\u00e8re Ex ib, l&rsquo;installation est autoris\u00e9e dans les zones 1, 21, 2, 22.<\/li>\n<\/ul>\n<p>Les proc\u00e9dures d&rsquo;installation doivent \u00eatre conformes \u00e0 la norme EN 60079-14 et aux normes \u00e9lectriques nationales les plus r\u00e9centes afin de garantir la s\u00e9curit\u00e9 et la conformit\u00e9.<\/p>\n","protected":false},"excerpt":{"rendered":"<p>L&rsquo;indicateur de rupture DonadonSDD IR2P est con\u00e7u comme un outil simple et efficace pour d\u00e9tecter les fractures dans les disques de rupture. Il est install\u00e9 directement sur le panneau de ventilation pendant la construction du panneau, assurant une int\u00e9gration transparente pour des capacit\u00e9s de d\u00e9tection optimales. Caract\u00e9ristiques et avantages techniques Installation directe : Le d\u00e9tecteur [&hellip;]<\/p>\n","protected":false},"featured_media":10271,"menu_order":0,"template":"","meta":{"_acf_changed":false},"categoria_prodotto":[94,81],"class_list":["post-6149","product","type-product","status-publish","has-post-thumbnail","hentry","categoria_prodotto-electric","categoria_prodotto-rupture-indicators"],"acf":[],"yoast_head":"<!-- This site is optimized with the Yoast SEO plugin v27.3 - https:\/\/yoast.com\/product\/yoast-seo-wordpress\/ -->\n<title>Indicateur de disque de rupture \u00e9lectrique pour les panneaux de ventilation - IR2P<\/title>\n<meta name=\"description\" content=\"Indicateur \u00e9lectrique de disque d&#039;\u00e9clatement pour la d\u00e9tection de la rupture du panneau d&#039;a\u00e9ration. Directement int\u00e9gr\u00e9 au panneau pour signaler les \u00e9v\u00e9nements d&#039;ouverture, \u00e0 s\u00e9curit\u00e9 intrins\u00e8que, class\u00e9 IP67, certifi\u00e9 ATEX, IECEx et EAC.\" \/>\n<meta name=\"robots\" content=\"index, follow, max-snippet:-1, max-image-preview:large, max-video-preview:-1\" \/>\n<link rel=\"canonical\" href=\"https:\/\/www.donadonsdd.com\/fr\/produit\/ir2p\/\" \/>\n<meta property=\"og:locale\" content=\"fr_FR\" \/>\n<meta property=\"og:type\" content=\"article\" \/>\n<meta property=\"og:title\" content=\"Indicateur de disque de rupture \u00e9lectrique pour les panneaux de ventilation - IR2P\" \/>\n<meta property=\"og:description\" content=\"Indicateur \u00e9lectrique de disque d&#039;\u00e9clatement pour la d\u00e9tection de la rupture du panneau d&#039;a\u00e9ration. Directement int\u00e9gr\u00e9 au panneau pour signaler les \u00e9v\u00e9nements d&#039;ouverture, \u00e0 s\u00e9curit\u00e9 intrins\u00e8que, class\u00e9 IP67, certifi\u00e9 ATEX, IECEx et EAC.\" \/>\n<meta property=\"og:url\" content=\"https:\/\/www.donadonsdd.com\/fr\/produit\/ir2p\/\" \/>\n<meta property=\"og:site_name\" content=\"DonadonSDD Srl\" \/>\n<meta property=\"article:modified_time\" content=\"2026-03-01T01:35:33+00:00\" \/>\n<meta property=\"og:image\" content=\"https:\/\/www.donadonsdd.com\/wp-content\/uploads\/2025\/12\/img_136-remove-background.com_.png\" \/>\n\t<meta property=\"og:image:width\" content=\"700\" \/>\n\t<meta property=\"og:image:height\" content=\"466\" \/>\n\t<meta property=\"og:image:type\" content=\"image\/png\" \/>\n<meta name=\"twitter:card\" content=\"summary_large_image\" \/>\n<meta name=\"twitter:label1\" content=\"Dur\u00e9e de lecture estim\u00e9e\" \/>\n\t<meta name=\"twitter:data1\" content=\"2 minutes\" \/>\n<script type=\"application\/ld+json\" class=\"yoast-schema-graph\">{\"@context\":\"https:\\\/\\\/schema.org\",\"@graph\":[{\"@type\":\"WebPage\",\"@id\":\"https:\\\/\\\/www.donadonsdd.com\\\/fr\\\/produit\\\/ir2p\\\/\",\"url\":\"https:\\\/\\\/www.donadonsdd.com\\\/fr\\\/produit\\\/ir2p\\\/\",\"name\":\"Indicateur de disque de rupture \u00e9lectrique pour les panneaux de ventilation - IR2P\",\"isPartOf\":{\"@id\":\"https:\\\/\\\/www.donadonsdd.com\\\/fr\\\/#website\"},\"primaryImageOfPage\":{\"@id\":\"https:\\\/\\\/www.donadonsdd.com\\\/fr\\\/produit\\\/ir2p\\\/#primaryimage\"},\"image\":{\"@id\":\"https:\\\/\\\/www.donadonsdd.com\\\/fr\\\/produit\\\/ir2p\\\/#primaryimage\"},\"thumbnailUrl\":\"https:\\\/\\\/www.donadonsdd.com\\\/wp-content\\\/uploads\\\/2025\\\/12\\\/img_136-remove-background.com_.png\",\"datePublished\":\"2025-12-11T15:45:06+00:00\",\"dateModified\":\"2026-03-01T01:35:33+00:00\",\"description\":\"Indicateur \u00e9lectrique de disque d'\u00e9clatement pour la d\u00e9tection de la rupture du panneau d'a\u00e9ration. Directement int\u00e9gr\u00e9 au panneau pour signaler les \u00e9v\u00e9nements d'ouverture, \u00e0 s\u00e9curit\u00e9 intrins\u00e8que, class\u00e9 IP67, certifi\u00e9 ATEX, IECEx et EAC.\",\"breadcrumb\":{\"@id\":\"https:\\\/\\\/www.donadonsdd.com\\\/fr\\\/produit\\\/ir2p\\\/#breadcrumb\"},\"inLanguage\":\"fr-FR\",\"potentialAction\":[{\"@type\":\"ReadAction\",\"target\":[\"https:\\\/\\\/www.donadonsdd.com\\\/fr\\\/produit\\\/ir2p\\\/\"]}]},{\"@type\":\"ImageObject\",\"inLanguage\":\"fr-FR\",\"@id\":\"https:\\\/\\\/www.donadonsdd.com\\\/fr\\\/produit\\\/ir2p\\\/#primaryimage\",\"url\":\"https:\\\/\\\/www.donadonsdd.com\\\/wp-content\\\/uploads\\\/2025\\\/12\\\/img_136-remove-background.com_.png\",\"contentUrl\":\"https:\\\/\\\/www.donadonsdd.com\\\/wp-content\\\/uploads\\\/2025\\\/12\\\/img_136-remove-background.com_.png\",\"width\":700,\"height\":466},{\"@type\":\"BreadcrumbList\",\"@id\":\"https:\\\/\\\/www.donadonsdd.com\\\/fr\\\/produit\\\/ir2p\\\/#breadcrumb\",\"itemListElement\":[{\"@type\":\"ListItem\",\"position\":1,\"name\":\"HOMEPAGE\",\"item\":\"https:\\\/\\\/www.donadonsdd.com\\\/fr\\\/\"},{\"@type\":\"ListItem\",\"position\":2,\"name\":\"Indicateur de rupture IR2P &#8211; D\u00e9tection avanc\u00e9e de l&rsquo;int\u00e9grit\u00e9 des panneaux de ventilation\"}]},{\"@type\":\"WebSite\",\"@id\":\"https:\\\/\\\/www.donadonsdd.com\\\/fr\\\/#website\",\"url\":\"https:\\\/\\\/www.donadonsdd.com\\\/fr\\\/\",\"name\":\"DonadonSDD Srl\",\"description\":\"\",\"publisher\":{\"@id\":\"https:\\\/\\\/www.donadonsdd.com\\\/fr\\\/#organization\"},\"potentialAction\":[{\"@type\":\"SearchAction\",\"target\":{\"@type\":\"EntryPoint\",\"urlTemplate\":\"https:\\\/\\\/www.donadonsdd.com\\\/fr\\\/?s={search_term_string}\"},\"query-input\":{\"@type\":\"PropertyValueSpecification\",\"valueRequired\":true,\"valueName\":\"search_term_string\"}}],\"inLanguage\":\"fr-FR\"},{\"@type\":\"Organization\",\"@id\":\"https:\\\/\\\/www.donadonsdd.com\\\/fr\\\/#organization\",\"name\":\"DonadonSDD Srl\",\"url\":\"https:\\\/\\\/www.donadonsdd.com\\\/fr\\\/\",\"logo\":{\"@type\":\"ImageObject\",\"inLanguage\":\"fr-FR\",\"@id\":\"https:\\\/\\\/www.donadonsdd.com\\\/fr\\\/#\\\/schema\\\/logo\\\/image\\\/\",\"url\":\"https:\\\/\\\/www.donadonsdd.com\\\/wp-content\\\/uploads\\\/2025\\\/11\\\/donadonsdd-logo.png\",\"contentUrl\":\"https:\\\/\\\/www.donadonsdd.com\\\/wp-content\\\/uploads\\\/2025\\\/11\\\/donadonsdd-logo.png\",\"width\":544,\"height\":96,\"caption\":\"DonadonSDD Srl\"},\"image\":{\"@id\":\"https:\\\/\\\/www.donadonsdd.com\\\/fr\\\/#\\\/schema\\\/logo\\\/image\\\/\"}}]}<\/script>\n<!-- \/ Yoast SEO plugin. -->","yoast_head_json":{"title":"Indicateur de disque de rupture \u00e9lectrique pour les panneaux de ventilation - IR2P","description":"Indicateur \u00e9lectrique de disque d'\u00e9clatement pour la d\u00e9tection de la rupture du panneau d'a\u00e9ration. Directement int\u00e9gr\u00e9 au panneau pour signaler les \u00e9v\u00e9nements d'ouverture, \u00e0 s\u00e9curit\u00e9 intrins\u00e8que, class\u00e9 IP67, certifi\u00e9 ATEX, IECEx et EAC.","robots":{"index":"index","follow":"follow","max-snippet":"max-snippet:-1","max-image-preview":"max-image-preview:large","max-video-preview":"max-video-preview:-1"},"canonical":"https:\/\/www.donadonsdd.com\/fr\/produit\/ir2p\/","og_locale":"fr_FR","og_type":"article","og_title":"Indicateur de disque de rupture \u00e9lectrique pour les panneaux de ventilation - IR2P","og_description":"Indicateur \u00e9lectrique de disque d'\u00e9clatement pour la d\u00e9tection de la rupture du panneau d'a\u00e9ration. Directement int\u00e9gr\u00e9 au panneau pour signaler les \u00e9v\u00e9nements d'ouverture, \u00e0 s\u00e9curit\u00e9 intrins\u00e8que, class\u00e9 IP67, certifi\u00e9 ATEX, IECEx et EAC.","og_url":"https:\/\/www.donadonsdd.com\/fr\/produit\/ir2p\/","og_site_name":"DonadonSDD Srl","article_modified_time":"2026-03-01T01:35:33+00:00","og_image":[{"width":700,"height":466,"url":"https:\/\/www.donadonsdd.com\/wp-content\/uploads\/2025\/12\/img_136-remove-background.com_.png","type":"image\/png"}],"twitter_card":"summary_large_image","twitter_misc":{"Dur\u00e9e de lecture estim\u00e9e":"2 minutes"},"schema":{"@context":"https:\/\/schema.org","@graph":[{"@type":"WebPage","@id":"https:\/\/www.donadonsdd.com\/fr\/produit\/ir2p\/","url":"https:\/\/www.donadonsdd.com\/fr\/produit\/ir2p\/","name":"Indicateur de disque de rupture \u00e9lectrique pour les panneaux de ventilation - IR2P","isPartOf":{"@id":"https:\/\/www.donadonsdd.com\/fr\/#website"},"primaryImageOfPage":{"@id":"https:\/\/www.donadonsdd.com\/fr\/produit\/ir2p\/#primaryimage"},"image":{"@id":"https:\/\/www.donadonsdd.com\/fr\/produit\/ir2p\/#primaryimage"},"thumbnailUrl":"https:\/\/www.donadonsdd.com\/wp-content\/uploads\/2025\/12\/img_136-remove-background.com_.png","datePublished":"2025-12-11T15:45:06+00:00","dateModified":"2026-03-01T01:35:33+00:00","description":"Indicateur \u00e9lectrique de disque d'\u00e9clatement pour la d\u00e9tection de la rupture du panneau d'a\u00e9ration. Directement int\u00e9gr\u00e9 au panneau pour signaler les \u00e9v\u00e9nements d'ouverture, \u00e0 s\u00e9curit\u00e9 intrins\u00e8que, class\u00e9 IP67, certifi\u00e9 ATEX, IECEx et EAC.","breadcrumb":{"@id":"https:\/\/www.donadonsdd.com\/fr\/produit\/ir2p\/#breadcrumb"},"inLanguage":"fr-FR","potentialAction":[{"@type":"ReadAction","target":["https:\/\/www.donadonsdd.com\/fr\/produit\/ir2p\/"]}]},{"@type":"ImageObject","inLanguage":"fr-FR","@id":"https:\/\/www.donadonsdd.com\/fr\/produit\/ir2p\/#primaryimage","url":"https:\/\/www.donadonsdd.com\/wp-content\/uploads\/2025\/12\/img_136-remove-background.com_.png","contentUrl":"https:\/\/www.donadonsdd.com\/wp-content\/uploads\/2025\/12\/img_136-remove-background.com_.png","width":700,"height":466},{"@type":"BreadcrumbList","@id":"https:\/\/www.donadonsdd.com\/fr\/produit\/ir2p\/#breadcrumb","itemListElement":[{"@type":"ListItem","position":1,"name":"HOMEPAGE","item":"https:\/\/www.donadonsdd.com\/fr\/"},{"@type":"ListItem","position":2,"name":"Indicateur de rupture IR2P &#8211; D\u00e9tection avanc\u00e9e de l&rsquo;int\u00e9grit\u00e9 des panneaux de ventilation"}]},{"@type":"WebSite","@id":"https:\/\/www.donadonsdd.com\/fr\/#website","url":"https:\/\/www.donadonsdd.com\/fr\/","name":"DonadonSDD Srl","description":"","publisher":{"@id":"https:\/\/www.donadonsdd.com\/fr\/#organization"},"potentialAction":[{"@type":"SearchAction","target":{"@type":"EntryPoint","urlTemplate":"https:\/\/www.donadonsdd.com\/fr\/?s={search_term_string}"},"query-input":{"@type":"PropertyValueSpecification","valueRequired":true,"valueName":"search_term_string"}}],"inLanguage":"fr-FR"},{"@type":"Organization","@id":"https:\/\/www.donadonsdd.com\/fr\/#organization","name":"DonadonSDD Srl","url":"https:\/\/www.donadonsdd.com\/fr\/","logo":{"@type":"ImageObject","inLanguage":"fr-FR","@id":"https:\/\/www.donadonsdd.com\/fr\/#\/schema\/logo\/image\/","url":"https:\/\/www.donadonsdd.com\/wp-content\/uploads\/2025\/11\/donadonsdd-logo.png","contentUrl":"https:\/\/www.donadonsdd.com\/wp-content\/uploads\/2025\/11\/donadonsdd-logo.png","width":544,"height":96,"caption":"DonadonSDD Srl"},"image":{"@id":"https:\/\/www.donadonsdd.com\/fr\/#\/schema\/logo\/image\/"}}]}},"toolset-meta":{"toolset-woocommerce-fields":{"_download_limit":{"type":"numeric","raw":""},"_virtual":{"type":"checkbox","raw":""},"_downloadable":{"type":"checkbox","raw":""},"_download_expiry":{"type":"numeric","raw":""},"_download_type":{"type":"radio","raw":""},"_regular_price":{"type":"numeric","raw":""},"_sale_price":{"type":"numeric","raw":""},"_sale_price_dates_from":{"type":"date","raw":"","formatted":null},"_sale_price_dates_to":{"type":"date","raw":"","formatted":null},"_sku":{"type":"textfield","raw":""},"_manage_stock":{"type":"checkbox","raw":""},"_stock_status":{"type":"radio","raw":""},"_stock":{"type":"numeric","raw":""},"_backorders":{"type":"radio","raw":""},"_sold_individually":{"type":"checkbox","raw":""},"_width":{"type":"numeric","raw":""},"_weight":{"type":"numeric","raw":""},"_length":{"type":"numeric","raw":""},"_purchase_note":{"type":"textarea","raw":""}},"infografica":{"operation-ratio":{"type":"textfield","raw":""},"non-fragmenting":{"type":"textfield","raw":""},"vacumm-resistant":{"type":"textfield","raw":""},"sanitary":{"type":"textfield","raw":""},"liquid":{"type":"textfield","raw":""},"vapor-gas":{"type":"textfield","raw":""},"ferrules":{"type":"textfield","raw":""}},"dettagli-prodotto":{"immagini-prodotto":{"type":"image","raw":["https:\/\/www.donadonsdd.com\/wp-content\/uploads\/2025\/12\/img_136-remove-background.com_.png"],"repeatable":[{"raw":"https:\/\/www.donadonsdd.com\/wp-content\/uploads\/2025\/12\/img_136-remove-background.com_.png","attachment_id":10271}]},"tabella-specifiche":{"type":"wysiwyg","raw":"===TABLE===\nMODELE | IR2P ;\nTEMPERATURE DE FONCTIONNEMENT | Partie active : de -196 \u00b0C \u00e0 280 \u00b0C \u00a7 C\u00e2ble d'interface : de -40 \u00b0C \u00e0 +70 \u00b0C ;\nENCAPSULATION DE MEMBRANES | Polyimide (Kapton\u00ae) ;\nPLAQUE DE CIRCUIT IMPRIMEE | Cuivre ;\nC\u00c2BLE | Standard, 2 m - disponible avec deux embouts ou avec connecteur \u00a7 Longueur max. 15 m ;\nPARAMETRES ELECTRIQUES DE L'ALIMENTATION (MAX) | Tension : 24 V CC \u00a7 Courant : 50 mA \u00a7 Puissance : 0.3 W \u00a7 Capacit\u00e9 : 780 pF \u00a7 Inductance : 7,2 \u00b5H ;\nFLUIDE DE TRAITEMENT | Gaz, liquide, poudre ;\nDEGR\u00c9 IP | 67 ;\nCOMPATIBILIT\u00c9 AVEC LES PANNEAUX DE VENTILATION | <a href=\"https:\/\/www.donadonsdd.com\/fr\/produit\/psc\/\">PSC<\/a>, <a href=\"https:\/\/www.donadonsdd.com\/fr\/produit\/psr\/\">PSR<\/a>;\nOptions de configuration du c\u00e2ble d'interface | C\u00e2ble termin\u00e9 par deux ferrules \u00a7 C\u00e2ble \u00e9quip\u00e9 d'un connecteur ;"}}},"_links":{"self":[{"href":"https:\/\/www.donadonsdd.com\/fr\/wp-json\/wp\/v2\/product\/6149","targetHints":{"allow":["GET"]}}],"collection":[{"href":"https:\/\/www.donadonsdd.com\/fr\/wp-json\/wp\/v2\/product"}],"about":[{"href":"https:\/\/www.donadonsdd.com\/fr\/wp-json\/wp\/v2\/types\/product"}],"wp:featuredmedia":[{"embeddable":true,"href":"https:\/\/www.donadonsdd.com\/fr\/wp-json\/wp\/v2\/media\/10271"}],"wp:attachment":[{"href":"https:\/\/www.donadonsdd.com\/fr\/wp-json\/wp\/v2\/media?parent=6149"}],"wp:term":[{"taxonomy":"categoria_prodotto","embeddable":true,"href":"https:\/\/www.donadonsdd.com\/fr\/wp-json\/wp\/v2\/categoria_prodotto?post=6149"}],"curies":[{"name":"wp","href":"https:\/\/api.w.org\/{rel}","templated":true}]}}