{"id":6175,"date":"2025-12-11T14:06:14","date_gmt":"2025-12-11T13:06:14","guid":{"rendered":"https:\/\/www.donadonsdd.com\/product\/supports-hif-hrf-garantir-une-fiabilite-maximale-pour-les-disques-de-rupture\/"},"modified":"2026-02-28T00:28:28","modified_gmt":"2026-02-27T23:28:28","slug":"hif-hrf","status":"publish","type":"product","link":"https:\/\/www.donadonsdd.com\/fr\/produit\/hif-hrf\/","title":{"rendered":"Supports HIF\/HRF &#8211; Garantir une fiabilit\u00e9 maximale pour les disques de rupture"},"content":{"rendered":"<p>Les supports de disque DonadonSDD sont sp\u00e9cifiquement con\u00e7us pour assurer une fiabilit\u00e9 maximale, optimiser le d\u00e9bit (en raison de l&rsquo;ouverture optimale des disques de rupture), assurer une orientation correcte dans le syst\u00e8me de tuyauterie, fournir un joint \u00e9tanche et emp\u00eacher la fragmentation du disque de rupture DonadonSDD.<br \/>\nG\u00e9n\u00e9ralement, un support de disque de rupture est une unit\u00e9 en deux parties compos\u00e9e d&rsquo;une bride de base (entr\u00e9e) et d&rsquo;une bride de retenue (sortie). La face du support est usin\u00e9e pour accueillir le disque de rupture et forme un joint m\u00e9tal sur m\u00e9tal \u00e9tanche.<br \/>\nCela emp\u00eache le disque de rupture d&rsquo;\u00eatre endommag\u00e9 et permet des sc\u00e9narios d&rsquo;inspection illimit\u00e9s (retrait temporaire du disque de rupture pour une inspection visuelle). <\/p>\n<h2>Caract\u00e9ristiques et avantages techniques<\/h2>\n<ul>\n<li>Les porte-disques \u00e0 bride HIF et HRF, pr\u00e9c\u00e9demment cod\u00e9s AZ-60, sont con\u00e7us pour \u00eatre mont\u00e9s directement sur la tuyauterie.<\/li>\n<li>Compos\u00e9s de deux parties brid\u00e9es, compl\u00e9t\u00e9es par des boulons en acier, ces supports permettent un montage s\u00fbr et fiable des disques de rupture.<\/li>\n<li>Les mod\u00e8les HIF et HRF sont enti\u00e8rement personnalisables et peuvent \u00eatre fournis avec diff\u00e9rents types de raccords pouvant s&#8217;embo\u00eeter les uns dans les autres, y compris des raccords filet\u00e9s femelles ou m\u00e2les NPT, GAS ou conformes \u00e0 d&rsquo;autres normes internationales, des raccords \u00e0 souder bout \u00e0 bout et des raccords \u00e0 souder par embo\u00eetement.<\/li>\n<li>Les fl\u00e8ches d&rsquo;\u00e9coulement sur le support et les \u00e9tiquettes du disque de rupture confirment la bonne direction de l&rsquo;\u00e9coulement.<\/li>\n<li>Des raccords de prise de jauge (1\/4&Prime; ou \u00bd\u00a0\u00bb) NPT sont disponibles sur demande.<\/li>\n<\/ul>\n<h2>Pourquoi choisir DonadonSDD ?<\/h2>\n<ul>\n<li>Les porte-disques DonadonSDD donnent la priorit\u00e9 \u00e0 une fiabilit\u00e9 maximale, assurant un montage s\u00fbr et pr\u00e9cis des disques de rupture.<\/li>\n<li>La nature personnalisable de nos supports permet une flexibilit\u00e9 dans les options d&rsquo;accouplement, en s&rsquo;adaptant \u00e0 diverses normes filet\u00e9es, \u00e0 la soudure bout \u00e0 bout et \u00e0 la soudure par embo\u00eetement.<\/li>\n<li>Des options de joints toriques sont disponibles pour am\u00e9liorer les performances en mati\u00e8re de fuite pour les applications \u00e0 haute int\u00e9grit\u00e9, telles que celles impliquant de l&rsquo;hydrog\u00e8ne ou dans le domaine nucl\u00e9aire.<\/li>\n<li>Disponibles dans une large gamme de tailles, de configurations et de mat\u00e9riaux standard (acier au carbone, acier inoxydable 316L et 304L, alliage 201, alliage 400, alliage 625, alliage C276, etc.)<\/li>\n<li>Des traitements sp\u00e9ciaux tels que le rev\u00eatement PFA sont disponibles, offrant une excellente r\u00e9sistance chimique et des propri\u00e9t\u00e9s anti-adh\u00e9rentes.<\/li>\n<\/ul>\n","protected":false},"excerpt":{"rendered":"<p>Les supports de disque DonadonSDD sont sp\u00e9cifiquement con\u00e7us pour assurer une fiabilit\u00e9 maximale, optimiser le d\u00e9bit (en raison de l&rsquo;ouverture optimale des disques de rupture), assurer une orientation correcte dans le syst\u00e8me de tuyauterie, fournir un joint \u00e9tanche et emp\u00eacher la fragmentation du disque de rupture DonadonSDD. G\u00e9n\u00e9ralement, un support de disque de rupture est [&hellip;]<\/p>\n","protected":false},"featured_media":10299,"menu_order":0,"template":"","meta":{"_acf_changed":false},"categoria_prodotto":[90,79],"class_list":["post-6175","product","type-product","status-publish","has-post-thumbnail","hentry","categoria_prodotto-holders","categoria_prodotto-rupture-discs"],"acf":[],"yoast_head":"<!-- This site is optimized with the Yoast SEO plugin v27.3 - https:\/\/yoast.com\/product\/yoast-seo-wordpress\/ -->\n<title>Supports de disques de rupture \u00e0 brides pour disques de marche avant et arri\u00e8re - HIF \/ HRF<\/title>\n<meta name=\"description\" content=\"Supports de disques de rupture \u00e0 bride en deux parties pour disques de rupture \u00e0 action directe ou inverse. Con\u00e7us pour une int\u00e9gration directe dans la tuyauterie, avec des raccords personnalisables, une \u00e9tanch\u00e9it\u00e9 s\u00fbre et une performance d&#039;ouverture totale.\" \/>\n<meta name=\"robots\" content=\"index, follow, max-snippet:-1, max-image-preview:large, max-video-preview:-1\" \/>\n<link rel=\"canonical\" href=\"https:\/\/www.donadonsdd.com\/fr\/produit\/hif-hrf\/\" \/>\n<meta property=\"og:locale\" content=\"fr_FR\" \/>\n<meta property=\"og:type\" content=\"article\" \/>\n<meta property=\"og:title\" content=\"Supports de disques de rupture \u00e0 brides pour disques de marche avant et arri\u00e8re - HIF \/ HRF\" \/>\n<meta property=\"og:description\" content=\"Supports de disques de rupture \u00e0 bride en deux parties pour disques de rupture \u00e0 action directe ou inverse. Con\u00e7us pour une int\u00e9gration directe dans la tuyauterie, avec des raccords personnalisables, une \u00e9tanch\u00e9it\u00e9 s\u00fbre et une performance d&#039;ouverture totale.\" \/>\n<meta property=\"og:url\" content=\"https:\/\/www.donadonsdd.com\/fr\/produit\/hif-hrf\/\" \/>\n<meta property=\"og:site_name\" content=\"DonadonSDD Srl\" \/>\n<meta property=\"article:modified_time\" content=\"2026-02-27T23:28:28+00:00\" \/>\n<meta property=\"og:image\" content=\"https:\/\/www.donadonsdd.com\/wp-content\/uploads\/2025\/12\/donadon-112.png\" \/>\n\t<meta property=\"og:image:width\" content=\"1800\" \/>\n\t<meta property=\"og:image:height\" content=\"1200\" \/>\n\t<meta property=\"og:image:type\" content=\"image\/png\" \/>\n<meta name=\"twitter:card\" content=\"summary_large_image\" \/>\n<meta name=\"twitter:label1\" content=\"Dur\u00e9e de lecture estim\u00e9e\" \/>\n\t<meta name=\"twitter:data1\" content=\"2 minutes\" \/>\n<script type=\"application\/ld+json\" class=\"yoast-schema-graph\">{\"@context\":\"https:\\\/\\\/schema.org\",\"@graph\":[{\"@type\":\"WebPage\",\"@id\":\"https:\\\/\\\/www.donadonsdd.com\\\/fr\\\/produit\\\/hif-hrf\\\/\",\"url\":\"https:\\\/\\\/www.donadonsdd.com\\\/fr\\\/produit\\\/hif-hrf\\\/\",\"name\":\"Supports de disques de rupture \u00e0 brides pour disques de marche avant et arri\u00e8re - HIF \\\/ HRF\",\"isPartOf\":{\"@id\":\"https:\\\/\\\/www.donadonsdd.com\\\/fr\\\/#website\"},\"primaryImageOfPage\":{\"@id\":\"https:\\\/\\\/www.donadonsdd.com\\\/fr\\\/produit\\\/hif-hrf\\\/#primaryimage\"},\"image\":{\"@id\":\"https:\\\/\\\/www.donadonsdd.com\\\/fr\\\/produit\\\/hif-hrf\\\/#primaryimage\"},\"thumbnailUrl\":\"https:\\\/\\\/www.donadonsdd.com\\\/wp-content\\\/uploads\\\/2025\\\/12\\\/donadon-112.png\",\"datePublished\":\"2025-12-11T13:06:14+00:00\",\"dateModified\":\"2026-02-27T23:28:28+00:00\",\"description\":\"Supports de disques de rupture \u00e0 bride en deux parties pour disques de rupture \u00e0 action directe ou inverse. Con\u00e7us pour une int\u00e9gration directe dans la tuyauterie, avec des raccords personnalisables, une \u00e9tanch\u00e9it\u00e9 s\u00fbre et une performance d'ouverture totale.\",\"breadcrumb\":{\"@id\":\"https:\\\/\\\/www.donadonsdd.com\\\/fr\\\/produit\\\/hif-hrf\\\/#breadcrumb\"},\"inLanguage\":\"fr-FR\",\"potentialAction\":[{\"@type\":\"ReadAction\",\"target\":[\"https:\\\/\\\/www.donadonsdd.com\\\/fr\\\/produit\\\/hif-hrf\\\/\"]}]},{\"@type\":\"ImageObject\",\"inLanguage\":\"fr-FR\",\"@id\":\"https:\\\/\\\/www.donadonsdd.com\\\/fr\\\/produit\\\/hif-hrf\\\/#primaryimage\",\"url\":\"https:\\\/\\\/www.donadonsdd.com\\\/wp-content\\\/uploads\\\/2025\\\/12\\\/donadon-112.png\",\"contentUrl\":\"https:\\\/\\\/www.donadonsdd.com\\\/wp-content\\\/uploads\\\/2025\\\/12\\\/donadon-112.png\",\"width\":1800,\"height\":1200},{\"@type\":\"BreadcrumbList\",\"@id\":\"https:\\\/\\\/www.donadonsdd.com\\\/fr\\\/produit\\\/hif-hrf\\\/#breadcrumb\",\"itemListElement\":[{\"@type\":\"ListItem\",\"position\":1,\"name\":\"HOMEPAGE\",\"item\":\"https:\\\/\\\/www.donadonsdd.com\\\/fr\\\/\"},{\"@type\":\"ListItem\",\"position\":2,\"name\":\"Supports HIF\\\/HRF &#8211; Garantir une fiabilit\u00e9 maximale pour les disques de rupture\"}]},{\"@type\":\"WebSite\",\"@id\":\"https:\\\/\\\/www.donadonsdd.com\\\/fr\\\/#website\",\"url\":\"https:\\\/\\\/www.donadonsdd.com\\\/fr\\\/\",\"name\":\"DonadonSDD Srl\",\"description\":\"\",\"publisher\":{\"@id\":\"https:\\\/\\\/www.donadonsdd.com\\\/fr\\\/#organization\"},\"potentialAction\":[{\"@type\":\"SearchAction\",\"target\":{\"@type\":\"EntryPoint\",\"urlTemplate\":\"https:\\\/\\\/www.donadonsdd.com\\\/fr\\\/?s={search_term_string}\"},\"query-input\":{\"@type\":\"PropertyValueSpecification\",\"valueRequired\":true,\"valueName\":\"search_term_string\"}}],\"inLanguage\":\"fr-FR\"},{\"@type\":\"Organization\",\"@id\":\"https:\\\/\\\/www.donadonsdd.com\\\/fr\\\/#organization\",\"name\":\"DonadonSDD Srl\",\"url\":\"https:\\\/\\\/www.donadonsdd.com\\\/fr\\\/\",\"logo\":{\"@type\":\"ImageObject\",\"inLanguage\":\"fr-FR\",\"@id\":\"https:\\\/\\\/www.donadonsdd.com\\\/fr\\\/#\\\/schema\\\/logo\\\/image\\\/\",\"url\":\"https:\\\/\\\/www.donadonsdd.com\\\/wp-content\\\/uploads\\\/2025\\\/11\\\/donadonsdd-logo.png\",\"contentUrl\":\"https:\\\/\\\/www.donadonsdd.com\\\/wp-content\\\/uploads\\\/2025\\\/11\\\/donadonsdd-logo.png\",\"width\":544,\"height\":96,\"caption\":\"DonadonSDD Srl\"},\"image\":{\"@id\":\"https:\\\/\\\/www.donadonsdd.com\\\/fr\\\/#\\\/schema\\\/logo\\\/image\\\/\"}}]}<\/script>\n<!-- \/ Yoast SEO plugin. -->","yoast_head_json":{"title":"Supports de disques de rupture \u00e0 brides pour disques de marche avant et arri\u00e8re - HIF \/ HRF","description":"Supports de disques de rupture \u00e0 bride en deux parties pour disques de rupture \u00e0 action directe ou inverse. Con\u00e7us pour une int\u00e9gration directe dans la tuyauterie, avec des raccords personnalisables, une \u00e9tanch\u00e9it\u00e9 s\u00fbre et une performance d'ouverture totale.","robots":{"index":"index","follow":"follow","max-snippet":"max-snippet:-1","max-image-preview":"max-image-preview:large","max-video-preview":"max-video-preview:-1"},"canonical":"https:\/\/www.donadonsdd.com\/fr\/produit\/hif-hrf\/","og_locale":"fr_FR","og_type":"article","og_title":"Supports de disques de rupture \u00e0 brides pour disques de marche avant et arri\u00e8re - HIF \/ HRF","og_description":"Supports de disques de rupture \u00e0 bride en deux parties pour disques de rupture \u00e0 action directe ou inverse. Con\u00e7us pour une int\u00e9gration directe dans la tuyauterie, avec des raccords personnalisables, une \u00e9tanch\u00e9it\u00e9 s\u00fbre et une performance d'ouverture totale.","og_url":"https:\/\/www.donadonsdd.com\/fr\/produit\/hif-hrf\/","og_site_name":"DonadonSDD Srl","article_modified_time":"2026-02-27T23:28:28+00:00","og_image":[{"width":1800,"height":1200,"url":"https:\/\/www.donadonsdd.com\/wp-content\/uploads\/2025\/12\/donadon-112.png","type":"image\/png"}],"twitter_card":"summary_large_image","twitter_misc":{"Dur\u00e9e de lecture estim\u00e9e":"2 minutes"},"schema":{"@context":"https:\/\/schema.org","@graph":[{"@type":"WebPage","@id":"https:\/\/www.donadonsdd.com\/fr\/produit\/hif-hrf\/","url":"https:\/\/www.donadonsdd.com\/fr\/produit\/hif-hrf\/","name":"Supports de disques de rupture \u00e0 brides pour disques de marche avant et arri\u00e8re - HIF \/ HRF","isPartOf":{"@id":"https:\/\/www.donadonsdd.com\/fr\/#website"},"primaryImageOfPage":{"@id":"https:\/\/www.donadonsdd.com\/fr\/produit\/hif-hrf\/#primaryimage"},"image":{"@id":"https:\/\/www.donadonsdd.com\/fr\/produit\/hif-hrf\/#primaryimage"},"thumbnailUrl":"https:\/\/www.donadonsdd.com\/wp-content\/uploads\/2025\/12\/donadon-112.png","datePublished":"2025-12-11T13:06:14+00:00","dateModified":"2026-02-27T23:28:28+00:00","description":"Supports de disques de rupture \u00e0 bride en deux parties pour disques de rupture \u00e0 action directe ou inverse. Con\u00e7us pour une int\u00e9gration directe dans la tuyauterie, avec des raccords personnalisables, une \u00e9tanch\u00e9it\u00e9 s\u00fbre et une performance d'ouverture totale.","breadcrumb":{"@id":"https:\/\/www.donadonsdd.com\/fr\/produit\/hif-hrf\/#breadcrumb"},"inLanguage":"fr-FR","potentialAction":[{"@type":"ReadAction","target":["https:\/\/www.donadonsdd.com\/fr\/produit\/hif-hrf\/"]}]},{"@type":"ImageObject","inLanguage":"fr-FR","@id":"https:\/\/www.donadonsdd.com\/fr\/produit\/hif-hrf\/#primaryimage","url":"https:\/\/www.donadonsdd.com\/wp-content\/uploads\/2025\/12\/donadon-112.png","contentUrl":"https:\/\/www.donadonsdd.com\/wp-content\/uploads\/2025\/12\/donadon-112.png","width":1800,"height":1200},{"@type":"BreadcrumbList","@id":"https:\/\/www.donadonsdd.com\/fr\/produit\/hif-hrf\/#breadcrumb","itemListElement":[{"@type":"ListItem","position":1,"name":"HOMEPAGE","item":"https:\/\/www.donadonsdd.com\/fr\/"},{"@type":"ListItem","position":2,"name":"Supports HIF\/HRF &#8211; Garantir une fiabilit\u00e9 maximale pour les disques de rupture"}]},{"@type":"WebSite","@id":"https:\/\/www.donadonsdd.com\/fr\/#website","url":"https:\/\/www.donadonsdd.com\/fr\/","name":"DonadonSDD Srl","description":"","publisher":{"@id":"https:\/\/www.donadonsdd.com\/fr\/#organization"},"potentialAction":[{"@type":"SearchAction","target":{"@type":"EntryPoint","urlTemplate":"https:\/\/www.donadonsdd.com\/fr\/?s={search_term_string}"},"query-input":{"@type":"PropertyValueSpecification","valueRequired":true,"valueName":"search_term_string"}}],"inLanguage":"fr-FR"},{"@type":"Organization","@id":"https:\/\/www.donadonsdd.com\/fr\/#organization","name":"DonadonSDD Srl","url":"https:\/\/www.donadonsdd.com\/fr\/","logo":{"@type":"ImageObject","inLanguage":"fr-FR","@id":"https:\/\/www.donadonsdd.com\/fr\/#\/schema\/logo\/image\/","url":"https:\/\/www.donadonsdd.com\/wp-content\/uploads\/2025\/11\/donadonsdd-logo.png","contentUrl":"https:\/\/www.donadonsdd.com\/wp-content\/uploads\/2025\/11\/donadonsdd-logo.png","width":544,"height":96,"caption":"DonadonSDD Srl"},"image":{"@id":"https:\/\/www.donadonsdd.com\/fr\/#\/schema\/logo\/image\/"}}]}},"toolset-meta":{"toolset-woocommerce-fields":{"_download_limit":{"type":"numeric","raw":""},"_virtual":{"type":"checkbox","raw":""},"_downloadable":{"type":"checkbox","raw":""},"_download_expiry":{"type":"numeric","raw":""},"_download_type":{"type":"radio","raw":""},"_regular_price":{"type":"numeric","raw":""},"_sale_price":{"type":"numeric","raw":""},"_sale_price_dates_from":{"type":"date","raw":"","formatted":null},"_sale_price_dates_to":{"type":"date","raw":"","formatted":null},"_sku":{"type":"textfield","raw":""},"_manage_stock":{"type":"checkbox","raw":""},"_stock_status":{"type":"radio","raw":""},"_stock":{"type":"numeric","raw":""},"_backorders":{"type":"radio","raw":""},"_sold_individually":{"type":"checkbox","raw":""},"_width":{"type":"numeric","raw":""},"_weight":{"type":"numeric","raw":""},"_length":{"type":"numeric","raw":""},"_purchase_note":{"type":"textarea","raw":""}},"infografica":{"operation-ratio":{"type":"textfield","raw":""},"non-fragmenting":{"type":"textfield","raw":""},"vacumm-resistant":{"type":"textfield","raw":""},"sanitary":{"type":"textfield","raw":""},"liquid":{"type":"textfield","raw":""},"vapor-gas":{"type":"textfield","raw":""},"ferrules":{"type":"textfield","raw":""}},"dettagli-prodotto":{"immagini-prodotto":{"type":"image","raw":["https:\/\/www.donadonsdd.com\/wp-content\/uploads\/2025\/12\/donadon-110_result.webp","https:\/\/www.donadonsdd.com\/wp-content\/uploads\/2025\/12\/donadon-111_result.webp","https:\/\/www.donadonsdd.com\/wp-content\/uploads\/2025\/12\/donadon-112_result.webp","https:\/\/www.donadonsdd.com\/wp-content\/uploads\/2025\/12\/donadon-113_result.webp","https:\/\/www.donadonsdd.com\/wp-content\/uploads\/2025\/12\/donadon-114_result.webp","https:\/\/www.donadonsdd.com\/wp-content\/uploads\/2025\/12\/donadon-115_result.webp","https:\/\/www.donadonsdd.com\/wp-content\/uploads\/2025\/12\/donadon-116_result.webp"],"repeatable":[{"raw":"https:\/\/www.donadonsdd.com\/wp-content\/uploads\/2025\/12\/donadon-110_result.webp","attachment_id":6073},{"raw":"https:\/\/www.donadonsdd.com\/wp-content\/uploads\/2025\/12\/donadon-111_result.webp","attachment_id":6176},{"raw":"https:\/\/www.donadonsdd.com\/wp-content\/uploads\/2025\/12\/donadon-112_result.webp","attachment_id":6177},{"raw":"https:\/\/www.donadonsdd.com\/wp-content\/uploads\/2025\/12\/donadon-113_result.webp","attachment_id":6178},{"raw":"https:\/\/www.donadonsdd.com\/wp-content\/uploads\/2025\/12\/donadon-114_result.webp","attachment_id":6179},{"raw":"https:\/\/www.donadonsdd.com\/wp-content\/uploads\/2025\/12\/donadon-115_result.webp","attachment_id":6180},{"raw":"https:\/\/www.donadonsdd.com\/wp-content\/uploads\/2025\/12\/donadon-116_result.webp","attachment_id":6181}]},"tabella-specifiche":{"type":"wysiwyg","raw":"TYPE | HIF | HRF ;\nLISTE DE COMPATIBILITE DES DISQUES | <a href=\"https:\/\/www.donadonsdd.com\/fr\/produit\/dcd-composite\/\">DCD<\/a>, <a href=\"https:\/\/www.donadonsdd.com\/fr\/produit\/lpd\/\">LPD<\/a>, <a href=\"https:\/\/www.donadonsdd.com\/fr\/produit\/scd\/\">SCD<\/a>, <a href=\"https:\/\/www.donadonsdd.com\/fr\/produit\/gr\/\">GR<\/a> | <a href=\"https:\/\/www.donadonsdd.com\/fr\/produit\/scr\/\">SCR<\/a>, <a href=\"https:\/\/www.donadonsdd.com\/fr\/produit\/y90\/\">Y90<\/a>, <a href=\"https:\/\/www.donadonsdd.com\/fr\/produit\/krd\/\">KRD<\/a>;\nDIMENSIONS | De DN20 (3\/4 pouce) \u00e0 DN150 (6 pouces) ;\nACCESSOIRES | Embouts, raccords en T, soupape de d\u00e9charge, manom\u00e8tre ;"}}},"_links":{"self":[{"href":"https:\/\/www.donadonsdd.com\/fr\/wp-json\/wp\/v2\/product\/6175","targetHints":{"allow":["GET"]}}],"collection":[{"href":"https:\/\/www.donadonsdd.com\/fr\/wp-json\/wp\/v2\/product"}],"about":[{"href":"https:\/\/www.donadonsdd.com\/fr\/wp-json\/wp\/v2\/types\/product"}],"wp:featuredmedia":[{"embeddable":true,"href":"https:\/\/www.donadonsdd.com\/fr\/wp-json\/wp\/v2\/media\/10299"}],"wp:attachment":[{"href":"https:\/\/www.donadonsdd.com\/fr\/wp-json\/wp\/v2\/media?parent=6175"}],"wp:term":[{"taxonomy":"categoria_prodotto","embeddable":true,"href":"https:\/\/www.donadonsdd.com\/fr\/wp-json\/wp\/v2\/categoria_prodotto?post=6175"}],"curies":[{"name":"wp","href":"https:\/\/api.w.org\/{rel}","templated":true}]}}