{"id":6216,"date":"2025-12-10T15:01:20","date_gmt":"2025-12-10T14:01:20","guid":{"rendered":"https:\/\/www.donadonsdd.com\/product\/disques-de-rupture-scr-pour-la-securite-du-systeme-de-condenseur-a-vapeur\/"},"modified":"2026-03-01T01:26:00","modified_gmt":"2026-03-01T00:26:00","slug":"scr-steam-condenser-system-safety","status":"publish","type":"product","link":"https:\/\/www.donadonsdd.com\/fr\/produit\/scr-steam-condenser-system-safety\/","title":{"rendered":"Disques de rupture SCR pour la s\u00e9curit\u00e9 du syst\u00e8me de condenseur \u00e0 vapeur"},"content":{"rendered":"<p>Les disques de rupture \u00e0 action inverse DonadonSDD SCR sont des dispositifs de s\u00e9curit\u00e9 essentiels qui emp\u00eachent les variations soudaines de pression d&rsquo;endommager les installations industrielles. Les disques de rupture \u00e0 action inverse ont une cambrure convexe qui reste inchang\u00e9e sous la pression de fonctionnement jusqu&rsquo;\u00e0 ce que la pression inverse soit atteinte, ce qui peut garantir une longue dur\u00e9e de vie. Les disques de rupture DonadonSDD SCR utilisent une technologie sectorielle avanc\u00e9e et fournissent une performance et une fiabilit\u00e9 am\u00e9lior\u00e9es pour offrir une protection pr\u00e9cise dans les applications les plus risqu\u00e9es, faisant des disques de rupture DonadonSDD SCR le meilleur choix pour la s\u00e9curit\u00e9 de votre usine. Nos disques de rupture SCR sont sp\u00e9cialement con\u00e7us pour prot\u00e9ger les syst\u00e8mes de condenseurs \u00e0 vapeur contre les surpressions. Les disques se caract\u00e9risent par une conception enti\u00e8rement m\u00e9tallique avec des sections laser micro-rainur\u00e9es qui garantissent une grande fiabilit\u00e9, une tol\u00e9rance stricte et une efficacit\u00e9 accrue du syst\u00e8me de vide. L&rsquo;utilisation d&rsquo;une membrane d&rsquo;\u00e9tanch\u00e9it\u00e9 en PTFE, notoirement perm\u00e9able, n&rsquo;est plus n\u00e9cessaire.  <\/p>\n<h2>Caract\u00e9ristiques et avantages techniques<\/h2>\n<h3><span lang=\"en-US\">Normes de certification \u00e9lev\u00e9es :<\/span><\/h3>\n<p><span lang=\"en-US\">Nos disques de rupture SCR sont certifi\u00e9s conformes aux normes de s\u00e9curit\u00e9 les plus strictes, notamment PED 2014\/68\/UE (CE STAMP), ATEX EX II 2 GD (CE STAMP), PER 2016 UK Statutory Instruments 2016 No 1105 (UKCA STAMP), et CU TR 032 (EAC STAMP).<\/span><\/p>\n<h3><span lang=\"en-US\">Technologie avanc\u00e9e :<\/span><\/h3>\n<p><span lang=\"en-US\">Les disques de rupture SCR obtenus gr\u00e2ce \u00e0 notre technologie brevet\u00e9e Laser NS NanoScored sont des disques \u00e0 action inverse dont les sections calibr\u00e9es micro-scores s&rsquo;ouvrent en p\u00e9tales, r\u00e9duisant ainsi le risque de d\u00e9tachement des p\u00e9tales.<\/span><\/p>\n<h3><span lang=\"en-US\">Conception polyvalente :<\/span><\/h3>\n<p><span lang=\"en-US\">Con\u00e7u pour une installation facile dans les raccords \u00e0 brides du client (ou avec des bagues d&rsquo;\u00e9cartement suppl\u00e9mentaires pour s&rsquo;adapter \u00e0 l&rsquo;espace existant entre les brides et faciliter l&rsquo;installation), il a une longue dur\u00e9e de vie sous des pressions cycliques et pulsatoires.<\/span><\/p>\n<h3><span lang=\"en-US\">Des performances fiables :<\/span><\/h3>\n<p><span lang=\"en-US\">Ils supportent des milliers de cycles sans compromettre leur fiabilit\u00e9, avec des rapports allant jusqu&rsquo;\u00e0 95 % entre la pression de fonctionnement et la pression de rupture. Une tol\u00e9rance stricte sur le point d&rsquo;\u00e9clatement garantit une protection fiable.<\/span><\/p>\n<h3><span lang=\"en-US\">Rupture rapide :<\/span><\/h3>\n<p><span lang=\"en-US\">Le disque se rompt en quelques millisecondes et avec une ouverture compl\u00e8te le long des lignes de p\u00e9tales de notation sur le c\u00f4t\u00e9 aval du disque.<\/span><\/p>\n<h3><span lang=\"en-US\">Non fragment\u00e9 :<\/span><\/h3>\n<p><span lang=\"en-US\">Les disques de rupture DonadonSDD SCR se rompent le long de la ligne de marquage sans g\u00e9n\u00e9rer de fragments.<\/span><\/p>\n<h3><span lang=\"en-US\">R\u00e9sistance \u00e0 la temp\u00e9rature :<\/span><\/h3>\n<p><span lang=\"en-US\">id\u00e9al pour les applications pr\u00e9sentant des variations de temp\u00e9rature importantes, en raison d&rsquo;une sensibilit\u00e9 r\u00e9duite aux fluctuations de temp\u00e9rature.<\/span><\/p>\n<h3><span lang=\"en-US\">R\u00e9sistance au vide :<\/span><\/h3>\n<p><span lang=\"en-US\">R\u00e9sistant au vide complet, il offre une zone d&rsquo;a\u00e9ration compl\u00e8te sans avoir besoin d&rsquo;un support de vide.<\/span><\/p>\n<h2>Pourquoi choisir les disques de rupture DonadonSDD SCR ?<\/h2>\n<ul>\n<li>Les disques de rupture DonadonSDD SCR sont certifi\u00e9s conformes aux normes de s\u00e9curit\u00e9 les plus \u00e9lev\u00e9es, offrant une protection fiable pour les syst\u00e8mes de condenseurs \u00e0 vapeur.<\/li>\n<li>Notre technologie brevet\u00e9e NS NanoScored nous permet de micro-scorer n&rsquo;importe quel mat\u00e9riau industriel pour obtenir le meilleur disque de rupture possible.<\/li>\n<li>Notre conception enti\u00e8rement m\u00e9tallique avec des sections laser micro-rainur\u00e9es garantit une grande fiabilit\u00e9 et une tol\u00e9rance stricte tout en am\u00e9liorant l&rsquo;efficacit\u00e9 du syst\u00e8me d&rsquo;aspiration.<\/li>\n<li>Nos disques de rupture SCR sont r\u00e9sistants au vide absolu et peuvent \u00eatre install\u00e9s sans support, ce qui les rend polyvalents et pratiques pour une vari\u00e9t\u00e9 d&rsquo;applications.<\/li>\n<\/ul>\n","protected":false},"excerpt":{"rendered":"<p>Les disques de rupture \u00e0 action inverse DonadonSDD SCR sont des dispositifs de s\u00e9curit\u00e9 essentiels qui emp\u00eachent les variations soudaines de pression d&rsquo;endommager les installations industrielles. Les disques de rupture \u00e0 action inverse ont une cambrure convexe qui reste inchang\u00e9e sous la pression de fonctionnement jusqu&rsquo;\u00e0 ce que la pression inverse soit atteinte, ce qui [&hellip;]<\/p>\n","protected":false},"featured_media":10326,"menu_order":0,"template":"","meta":{"_acf_changed":false},"categoria_prodotto":[79,91],"class_list":["post-6216","product","type-product","status-publish","has-post-thumbnail","hentry","categoria_prodotto-rupture-discs","categoria_prodotto-special-executions"],"acf":[],"yoast_head":"<!-- This site is optimized with the Yoast SEO plugin v27.3 - https:\/\/yoast.com\/product\/yoast-seo-wordpress\/ -->\n<title>Disque de rupture \u00e0 action inverse pour condenseur \u00e0 vapeur - SCR<\/title>\n<meta name=\"description\" content=\"Disque de rupture \u00e0 action inverse pour la protection du condenseur de vapeur. Conception enti\u00e8rement m\u00e9tallique pour les hautes temp\u00e9ratures, installation entre brides, r\u00e9sistant au vide, taux de fonctionnement jusqu&#039;\u00e0 95 %.\" \/>\n<meta name=\"robots\" content=\"index, follow, max-snippet:-1, max-image-preview:large, max-video-preview:-1\" \/>\n<link rel=\"canonical\" href=\"https:\/\/www.donadonsdd.com\/fr\/produit\/scr-steam-condenser-system-safety\/\" \/>\n<meta property=\"og:locale\" content=\"fr_FR\" \/>\n<meta property=\"og:type\" content=\"article\" \/>\n<meta property=\"og:title\" content=\"Disque de rupture \u00e0 action inverse pour condenseur \u00e0 vapeur - SCR\" \/>\n<meta property=\"og:description\" content=\"Disque de rupture \u00e0 action inverse pour la protection du condenseur de vapeur. Conception enti\u00e8rement m\u00e9tallique pour les hautes temp\u00e9ratures, installation entre brides, r\u00e9sistant au vide, taux de fonctionnement jusqu&#039;\u00e0 95 %.\" \/>\n<meta property=\"og:url\" content=\"https:\/\/www.donadonsdd.com\/fr\/produit\/scr-steam-condenser-system-safety\/\" \/>\n<meta property=\"og:site_name\" content=\"DonadonSDD Srl\" \/>\n<meta property=\"article:modified_time\" content=\"2026-03-01T00:26:00+00:00\" \/>\n<meta property=\"og:image\" content=\"https:\/\/www.donadonsdd.com\/wp-content\/uploads\/2025\/12\/scr-steam.png\" \/>\n\t<meta property=\"og:image:width\" content=\"1582\" \/>\n\t<meta property=\"og:image:height\" content=\"1118\" \/>\n\t<meta property=\"og:image:type\" content=\"image\/png\" \/>\n<meta name=\"twitter:card\" content=\"summary_large_image\" \/>\n<meta name=\"twitter:label1\" content=\"Dur\u00e9e de lecture estim\u00e9e\" \/>\n\t<meta name=\"twitter:data1\" content=\"3 minutes\" \/>\n<script type=\"application\/ld+json\" class=\"yoast-schema-graph\">{\"@context\":\"https:\\\/\\\/schema.org\",\"@graph\":[{\"@type\":\"WebPage\",\"@id\":\"https:\\\/\\\/www.donadonsdd.com\\\/fr\\\/produit\\\/scr-steam-condenser-system-safety\\\/\",\"url\":\"https:\\\/\\\/www.donadonsdd.com\\\/fr\\\/produit\\\/scr-steam-condenser-system-safety\\\/\",\"name\":\"Disque de rupture \u00e0 action inverse pour condenseur \u00e0 vapeur - SCR\",\"isPartOf\":{\"@id\":\"https:\\\/\\\/www.donadonsdd.com\\\/fr\\\/#website\"},\"primaryImageOfPage\":{\"@id\":\"https:\\\/\\\/www.donadonsdd.com\\\/fr\\\/produit\\\/scr-steam-condenser-system-safety\\\/#primaryimage\"},\"image\":{\"@id\":\"https:\\\/\\\/www.donadonsdd.com\\\/fr\\\/produit\\\/scr-steam-condenser-system-safety\\\/#primaryimage\"},\"thumbnailUrl\":\"https:\\\/\\\/www.donadonsdd.com\\\/wp-content\\\/uploads\\\/2025\\\/12\\\/scr-steam.png\",\"datePublished\":\"2025-12-10T14:01:20+00:00\",\"dateModified\":\"2026-03-01T00:26:00+00:00\",\"description\":\"Disque de rupture \u00e0 action inverse pour la protection du condenseur de vapeur. Conception enti\u00e8rement m\u00e9tallique pour les hautes temp\u00e9ratures, installation entre brides, r\u00e9sistant au vide, taux de fonctionnement jusqu'\u00e0 95 %.\",\"breadcrumb\":{\"@id\":\"https:\\\/\\\/www.donadonsdd.com\\\/fr\\\/produit\\\/scr-steam-condenser-system-safety\\\/#breadcrumb\"},\"inLanguage\":\"fr-FR\",\"potentialAction\":[{\"@type\":\"ReadAction\",\"target\":[\"https:\\\/\\\/www.donadonsdd.com\\\/fr\\\/produit\\\/scr-steam-condenser-system-safety\\\/\"]}]},{\"@type\":\"ImageObject\",\"inLanguage\":\"fr-FR\",\"@id\":\"https:\\\/\\\/www.donadonsdd.com\\\/fr\\\/produit\\\/scr-steam-condenser-system-safety\\\/#primaryimage\",\"url\":\"https:\\\/\\\/www.donadonsdd.com\\\/wp-content\\\/uploads\\\/2025\\\/12\\\/scr-steam.png\",\"contentUrl\":\"https:\\\/\\\/www.donadonsdd.com\\\/wp-content\\\/uploads\\\/2025\\\/12\\\/scr-steam.png\",\"width\":1582,\"height\":1118},{\"@type\":\"BreadcrumbList\",\"@id\":\"https:\\\/\\\/www.donadonsdd.com\\\/fr\\\/produit\\\/scr-steam-condenser-system-safety\\\/#breadcrumb\",\"itemListElement\":[{\"@type\":\"ListItem\",\"position\":1,\"name\":\"HOMEPAGE\",\"item\":\"https:\\\/\\\/www.donadonsdd.com\\\/fr\\\/\"},{\"@type\":\"ListItem\",\"position\":2,\"name\":\"Disques de rupture SCR pour la s\u00e9curit\u00e9 du syst\u00e8me de condenseur \u00e0 vapeur\"}]},{\"@type\":\"WebSite\",\"@id\":\"https:\\\/\\\/www.donadonsdd.com\\\/fr\\\/#website\",\"url\":\"https:\\\/\\\/www.donadonsdd.com\\\/fr\\\/\",\"name\":\"DonadonSDD Srl\",\"description\":\"\",\"publisher\":{\"@id\":\"https:\\\/\\\/www.donadonsdd.com\\\/fr\\\/#organization\"},\"potentialAction\":[{\"@type\":\"SearchAction\",\"target\":{\"@type\":\"EntryPoint\",\"urlTemplate\":\"https:\\\/\\\/www.donadonsdd.com\\\/fr\\\/?s={search_term_string}\"},\"query-input\":{\"@type\":\"PropertyValueSpecification\",\"valueRequired\":true,\"valueName\":\"search_term_string\"}}],\"inLanguage\":\"fr-FR\"},{\"@type\":\"Organization\",\"@id\":\"https:\\\/\\\/www.donadonsdd.com\\\/fr\\\/#organization\",\"name\":\"DonadonSDD Srl\",\"url\":\"https:\\\/\\\/www.donadonsdd.com\\\/fr\\\/\",\"logo\":{\"@type\":\"ImageObject\",\"inLanguage\":\"fr-FR\",\"@id\":\"https:\\\/\\\/www.donadonsdd.com\\\/fr\\\/#\\\/schema\\\/logo\\\/image\\\/\",\"url\":\"https:\\\/\\\/www.donadonsdd.com\\\/wp-content\\\/uploads\\\/2025\\\/11\\\/donadonsdd-logo.png\",\"contentUrl\":\"https:\\\/\\\/www.donadonsdd.com\\\/wp-content\\\/uploads\\\/2025\\\/11\\\/donadonsdd-logo.png\",\"width\":544,\"height\":96,\"caption\":\"DonadonSDD Srl\"},\"image\":{\"@id\":\"https:\\\/\\\/www.donadonsdd.com\\\/fr\\\/#\\\/schema\\\/logo\\\/image\\\/\"}}]}<\/script>\n<!-- \/ Yoast SEO plugin. -->","yoast_head_json":{"title":"Disque de rupture \u00e0 action inverse pour condenseur \u00e0 vapeur - SCR","description":"Disque de rupture \u00e0 action inverse pour la protection du condenseur de vapeur. Conception enti\u00e8rement m\u00e9tallique pour les hautes temp\u00e9ratures, installation entre brides, r\u00e9sistant au vide, taux de fonctionnement jusqu'\u00e0 95 %.","robots":{"index":"index","follow":"follow","max-snippet":"max-snippet:-1","max-image-preview":"max-image-preview:large","max-video-preview":"max-video-preview:-1"},"canonical":"https:\/\/www.donadonsdd.com\/fr\/produit\/scr-steam-condenser-system-safety\/","og_locale":"fr_FR","og_type":"article","og_title":"Disque de rupture \u00e0 action inverse pour condenseur \u00e0 vapeur - SCR","og_description":"Disque de rupture \u00e0 action inverse pour la protection du condenseur de vapeur. Conception enti\u00e8rement m\u00e9tallique pour les hautes temp\u00e9ratures, installation entre brides, r\u00e9sistant au vide, taux de fonctionnement jusqu'\u00e0 95 %.","og_url":"https:\/\/www.donadonsdd.com\/fr\/produit\/scr-steam-condenser-system-safety\/","og_site_name":"DonadonSDD Srl","article_modified_time":"2026-03-01T00:26:00+00:00","og_image":[{"width":1582,"height":1118,"url":"https:\/\/www.donadonsdd.com\/wp-content\/uploads\/2025\/12\/scr-steam.png","type":"image\/png"}],"twitter_card":"summary_large_image","twitter_misc":{"Dur\u00e9e de lecture estim\u00e9e":"3 minutes"},"schema":{"@context":"https:\/\/schema.org","@graph":[{"@type":"WebPage","@id":"https:\/\/www.donadonsdd.com\/fr\/produit\/scr-steam-condenser-system-safety\/","url":"https:\/\/www.donadonsdd.com\/fr\/produit\/scr-steam-condenser-system-safety\/","name":"Disque de rupture \u00e0 action inverse pour condenseur \u00e0 vapeur - SCR","isPartOf":{"@id":"https:\/\/www.donadonsdd.com\/fr\/#website"},"primaryImageOfPage":{"@id":"https:\/\/www.donadonsdd.com\/fr\/produit\/scr-steam-condenser-system-safety\/#primaryimage"},"image":{"@id":"https:\/\/www.donadonsdd.com\/fr\/produit\/scr-steam-condenser-system-safety\/#primaryimage"},"thumbnailUrl":"https:\/\/www.donadonsdd.com\/wp-content\/uploads\/2025\/12\/scr-steam.png","datePublished":"2025-12-10T14:01:20+00:00","dateModified":"2026-03-01T00:26:00+00:00","description":"Disque de rupture \u00e0 action inverse pour la protection du condenseur de vapeur. Conception enti\u00e8rement m\u00e9tallique pour les hautes temp\u00e9ratures, installation entre brides, r\u00e9sistant au vide, taux de fonctionnement jusqu'\u00e0 95 %.","breadcrumb":{"@id":"https:\/\/www.donadonsdd.com\/fr\/produit\/scr-steam-condenser-system-safety\/#breadcrumb"},"inLanguage":"fr-FR","potentialAction":[{"@type":"ReadAction","target":["https:\/\/www.donadonsdd.com\/fr\/produit\/scr-steam-condenser-system-safety\/"]}]},{"@type":"ImageObject","inLanguage":"fr-FR","@id":"https:\/\/www.donadonsdd.com\/fr\/produit\/scr-steam-condenser-system-safety\/#primaryimage","url":"https:\/\/www.donadonsdd.com\/wp-content\/uploads\/2025\/12\/scr-steam.png","contentUrl":"https:\/\/www.donadonsdd.com\/wp-content\/uploads\/2025\/12\/scr-steam.png","width":1582,"height":1118},{"@type":"BreadcrumbList","@id":"https:\/\/www.donadonsdd.com\/fr\/produit\/scr-steam-condenser-system-safety\/#breadcrumb","itemListElement":[{"@type":"ListItem","position":1,"name":"HOMEPAGE","item":"https:\/\/www.donadonsdd.com\/fr\/"},{"@type":"ListItem","position":2,"name":"Disques de rupture SCR pour la s\u00e9curit\u00e9 du syst\u00e8me de condenseur \u00e0 vapeur"}]},{"@type":"WebSite","@id":"https:\/\/www.donadonsdd.com\/fr\/#website","url":"https:\/\/www.donadonsdd.com\/fr\/","name":"DonadonSDD Srl","description":"","publisher":{"@id":"https:\/\/www.donadonsdd.com\/fr\/#organization"},"potentialAction":[{"@type":"SearchAction","target":{"@type":"EntryPoint","urlTemplate":"https:\/\/www.donadonsdd.com\/fr\/?s={search_term_string}"},"query-input":{"@type":"PropertyValueSpecification","valueRequired":true,"valueName":"search_term_string"}}],"inLanguage":"fr-FR"},{"@type":"Organization","@id":"https:\/\/www.donadonsdd.com\/fr\/#organization","name":"DonadonSDD Srl","url":"https:\/\/www.donadonsdd.com\/fr\/","logo":{"@type":"ImageObject","inLanguage":"fr-FR","@id":"https:\/\/www.donadonsdd.com\/fr\/#\/schema\/logo\/image\/","url":"https:\/\/www.donadonsdd.com\/wp-content\/uploads\/2025\/11\/donadonsdd-logo.png","contentUrl":"https:\/\/www.donadonsdd.com\/wp-content\/uploads\/2025\/11\/donadonsdd-logo.png","width":544,"height":96,"caption":"DonadonSDD Srl"},"image":{"@id":"https:\/\/www.donadonsdd.com\/fr\/#\/schema\/logo\/image\/"}}]}},"toolset-meta":{"toolset-woocommerce-fields":{"_download_limit":{"type":"numeric","raw":""},"_virtual":{"type":"checkbox","raw":""},"_downloadable":{"type":"checkbox","raw":""},"_download_expiry":{"type":"numeric","raw":""},"_download_type":{"type":"radio","raw":""},"_regular_price":{"type":"numeric","raw":""},"_sale_price":{"type":"numeric","raw":""},"_sale_price_dates_from":{"type":"date","raw":"","formatted":null},"_sale_price_dates_to":{"type":"date","raw":"","formatted":null},"_sku":{"type":"textfield","raw":""},"_manage_stock":{"type":"checkbox","raw":""},"_stock_status":{"type":"radio","raw":""},"_stock":{"type":"numeric","raw":""},"_backorders":{"type":"radio","raw":""},"_sold_individually":{"type":"checkbox","raw":""},"_width":{"type":"numeric","raw":""},"_weight":{"type":"numeric","raw":""},"_length":{"type":"numeric","raw":""},"_purchase_note":{"type":"textarea","raw":""}},"infografica":{"operation-ratio":{"type":"textfield","raw":"jusqu'\u00e0 95%"},"non-fragmenting":{"type":"textfield","raw":"oui"},"vacumm-resistant":{"type":"textfield","raw":"oui"},"sanitary":{"type":"textfield","raw":"non"},"liquid":{"type":"textfield","raw":""},"vapor-gas":{"type":"textfield","raw":"oui"},"ferrules":{"type":"textfield","raw":""}},"dettagli-prodotto":{"immagini-prodotto":{"type":"image","raw":[""],"repeatable":[{"raw":""}]},"tabella-specifiche":{"type":"wysiwyg","raw":"<p class=\"p1\">MOD\u00c8LE|SCR ;\nMAT\u00c9RIAUX|Acier inoxydable, alliage 201, alliage 400, alliage 600, alliage 625, alliage C276 ;\nDIMENSIONS|De DN300 (12 pouces) \u00e0 DN900 (36 pouces) ;\nPRESSION DE RUPTURE|0,5 - 1,5 bar g (en fonction de la taille et du mat\u00e9riau) ;\nTOLERANCE|de +\/- 5 % \u00e0 +\/- 10 % ;\nTEMPERATURE DE FONCTIONNEMENT|jusqu'\u00e0 600\u00b0C ;\nFRAGMENTATION|Non ;\nMARGE DE FONCTIONNEMENT|90% - Peut atteindre jusqu'\u00e0 95% en fonction des conditions de service;\nRESISTANCE A LA PRESSION DU VIDE|Oui, autoportant dans des conditions de vide ;\nRESISTANCE A LA CORROSION|Tr\u00e8s bonne ;\nINSTALLATION|Con\u00e7ue pour \u00eatre install\u00e9e directement entre les brides ;\nCAPTEUR DE RUPTURE|<a href=\"https:\/\/www.donadonsdd.com\/fr\/produits\/indicateurs-de-rupture\/electrique\/\">Electrique<\/a> ;<\/p>"}}},"_links":{"self":[{"href":"https:\/\/www.donadonsdd.com\/fr\/wp-json\/wp\/v2\/product\/6216","targetHints":{"allow":["GET"]}}],"collection":[{"href":"https:\/\/www.donadonsdd.com\/fr\/wp-json\/wp\/v2\/product"}],"about":[{"href":"https:\/\/www.donadonsdd.com\/fr\/wp-json\/wp\/v2\/types\/product"}],"wp:featuredmedia":[{"embeddable":true,"href":"https:\/\/www.donadonsdd.com\/fr\/wp-json\/wp\/v2\/media\/10326"}],"wp:attachment":[{"href":"https:\/\/www.donadonsdd.com\/fr\/wp-json\/wp\/v2\/media?parent=6216"}],"wp:term":[{"taxonomy":"categoria_prodotto","embeddable":true,"href":"https:\/\/www.donadonsdd.com\/fr\/wp-json\/wp\/v2\/categoria_prodotto?post=6216"}],"curies":[{"name":"wp","href":"https:\/\/api.w.org\/{rel}","templated":true}]}}