{"id":6220,"date":"2025-12-10T14:51:30","date_gmt":"2025-12-10T13:51:30","guid":{"rendered":"https:\/\/www.donadonsdd.com\/product\/disques-de-rupture-y90-pour-la-securite-des-systemes-de-condenseurs-a-vapeur\/"},"modified":"2026-03-01T01:32:35","modified_gmt":"2026-03-01T00:32:35","slug":"y90-steam-condenser-system-safety","status":"publish","type":"product","link":"https:\/\/www.donadonsdd.com\/fr\/produit\/y90-steam-condenser-system-safety\/","title":{"rendered":"Disques de rupture Y90 pour la s\u00e9curit\u00e9 des syst\u00e8mes de condenseurs \u00e0 vapeur"},"content":{"rendered":"<p>Les disques de rupture \u00e0 action inverse DonadonSDD Y90 sont des dispositifs de s\u00e9curit\u00e9 sp\u00e9cialement con\u00e7us pour \u00eatre r\u00e9gl\u00e9s \u00e0 une pression d&rsquo;\u00e9clatement tr\u00e8s basse, afin d&rsquo;\u00e9viter que des variations soudaines de pression n&rsquo;endommagent les installations industrielles. Les disques de rupture \u00e0 action inverse ont une cambrure convexe qui reste inchang\u00e9e sous la pression de fonctionnement jusqu&rsquo;\u00e0 ce que la pression inverse soit atteinte, ce qui peut garantir une longue dur\u00e9e de vie. Nos Disques de rupture Y90 sont sp\u00e9cialement con\u00e7us pour prot\u00e9ger les syst\u00e8mes de condenseurs \u00e0 vapeur contre les surpressions. Les disques sont dot\u00e9s d&rsquo;une ouverture de section calibr\u00e9e micro-calibr\u00e9e sur la circonf\u00e9rence, ce qui r\u00e9duit le risque de d\u00e9tachement des p\u00e9tales. L&rsquo;utilisation d&rsquo;une membrane d&rsquo;\u00e9tanch\u00e9it\u00e9 en PTFE, notoirement perm\u00e9able, n&rsquo;est plus n\u00e9cessaire.  <\/p>\n<h2>Caract\u00e9ristiques et avantages techniques<\/h2>\n<ul>\n<li>Nos disques de rupture Y90 sont certifi\u00e9s conformes aux normes de s\u00e9curit\u00e9 les plus strictes, notamment PED 2014\/68\/UE (CE STAMP), ATEX EX II 2 GD (CE STAMP), PER 2016 UK Statutory Instruments 2016 No 1105 (UKCA STAMP), et CU TR 032 (EAC STAMP).<\/li>\n<li>Con\u00e7u pour une installation facile dans les raccords \u00e0 brides du client (ou avec des bagues d&rsquo;\u00e9cartement suppl\u00e9mentaires pour s&rsquo;adapter \u00e0 l&rsquo;espace existant entre les brides et faciliter l&rsquo;installation), il a une longue dur\u00e9e de vie sous des pressions cycliques et pulsatoires.<\/li>\n<li>Les disques de rupture \u00e0 action inverse ont une cambrure convexe qui reste inchang\u00e9e sous la pression de fonctionnement jusqu&rsquo;\u00e0 ce que la pression inverse soit atteinte, ce qui peut garantir une longue dur\u00e9e de vie.<\/li>\n<li>Les disques de rupture Y90 obtenus gr\u00e2ce \u00e0 notre technologie brevet\u00e9e Laser NS NanoScored sont des disques \u00e0 action invers\u00e9e dont les sections calibr\u00e9es micro-scored s&rsquo;ouvrent sur la circonf\u00e9rence, r\u00e9duisant ainsi le risque de d\u00e9tachement des p\u00e9tales.<\/li>\n<\/ul>\n<h2>Pourquoi choisir les disques de rupture DonadonSDD Y90 ?<\/h2>\n<ul>\n<li>Les disques de rupture DonadonSDD Y90 sont certifi\u00e9s conformes aux normes de s\u00e9curit\u00e9 les plus strictes, offrant une protection fiable pour les syst\u00e8mes de condenseurs \u00e0 vapeur.<\/li>\n<li>Notre technologie brevet\u00e9e NS NanoScored nous permet de micro-scorer n&rsquo;importe quel mat\u00e9riau industriel pour obtenir le meilleur disque de rupture possible.<\/li>\n<li>Notre conception enti\u00e8rement m\u00e9tallique avec des sections laser micro-rainur\u00e9es garantit une grande fiabilit\u00e9 et une tol\u00e9rance stricte tout en am\u00e9liorant l&rsquo;efficacit\u00e9 du syst\u00e8me d&rsquo;aspiration.<\/li>\n<li>Nos disques de rupture Y90 sont r\u00e9sistants au vide absolu et peuvent \u00eatre install\u00e9s sans support, ce qui les rend polyvalents et pratiques pour une vari\u00e9t\u00e9 d&rsquo;applications.<\/li>\n<\/ul>\n","protected":false},"excerpt":{"rendered":"<p>Les disques de rupture \u00e0 action inverse DonadonSDD Y90 sont des dispositifs de s\u00e9curit\u00e9 sp\u00e9cialement con\u00e7us pour \u00eatre r\u00e9gl\u00e9s \u00e0 une pression d&rsquo;\u00e9clatement tr\u00e8s basse, afin d&rsquo;\u00e9viter que des variations soudaines de pression n&rsquo;endommagent les installations industrielles. Les disques de rupture \u00e0 action inverse ont une cambrure convexe qui reste inchang\u00e9e sous la pression de [&hellip;]<\/p>\n","protected":false},"featured_media":10330,"menu_order":0,"template":"","meta":{"_acf_changed":false},"categoria_prodotto":[79,91],"class_list":["post-6220","product","type-product","status-publish","has-post-thumbnail","hentry","categoria_prodotto-rupture-discs","categoria_prodotto-special-executions"],"acf":[],"yoast_head":"<!-- This site is optimized with the Yoast SEO plugin v27.3 - https:\/\/yoast.com\/product\/yoast-seo-wordpress\/ -->\n<title>Disque de rupture \u00e0 flambage invers\u00e9 pour condenseur \u00e0 vapeur - Y90<\/title>\n<meta name=\"description\" content=\"Disque de rupture \u00e0 action inverse pour condenseurs de vapeur \u00e0 tr\u00e8s faible pression d&#039;\u00e9clatement. Construction enti\u00e8rement m\u00e9tallique assurant la stabilit\u00e9 thermique, installation entre brides, r\u00e9sistant au vide.\" \/>\n<meta name=\"robots\" content=\"index, follow, max-snippet:-1, max-image-preview:large, max-video-preview:-1\" \/>\n<link rel=\"canonical\" href=\"https:\/\/www.donadonsdd.com\/fr\/produit\/y90-steam-condenser-system-safety\/\" \/>\n<meta property=\"og:locale\" content=\"fr_FR\" \/>\n<meta property=\"og:type\" content=\"article\" \/>\n<meta property=\"og:title\" content=\"Disque de rupture \u00e0 flambage invers\u00e9 pour condenseur \u00e0 vapeur - Y90\" \/>\n<meta property=\"og:description\" content=\"Disque de rupture \u00e0 action inverse pour condenseurs de vapeur \u00e0 tr\u00e8s faible pression d&#039;\u00e9clatement. Construction enti\u00e8rement m\u00e9tallique assurant la stabilit\u00e9 thermique, installation entre brides, r\u00e9sistant au vide.\" \/>\n<meta property=\"og:url\" content=\"https:\/\/www.donadonsdd.com\/fr\/produit\/y90-steam-condenser-system-safety\/\" \/>\n<meta property=\"og:site_name\" content=\"DonadonSDD Srl\" \/>\n<meta property=\"article:modified_time\" content=\"2026-03-01T00:32:35+00:00\" \/>\n<meta property=\"og:image\" content=\"https:\/\/www.donadonsdd.com\/wp-content\/uploads\/2025\/12\/y90-steam.png\" \/>\n\t<meta property=\"og:image:width\" content=\"1966\" \/>\n\t<meta property=\"og:image:height\" content=\"1392\" \/>\n\t<meta property=\"og:image:type\" content=\"image\/png\" \/>\n<meta name=\"twitter:card\" content=\"summary_large_image\" \/>\n<meta name=\"twitter:label1\" content=\"Dur\u00e9e de lecture estim\u00e9e\" \/>\n\t<meta name=\"twitter:data1\" content=\"2 minutes\" \/>\n<script type=\"application\/ld+json\" class=\"yoast-schema-graph\">{\"@context\":\"https:\\\/\\\/schema.org\",\"@graph\":[{\"@type\":\"WebPage\",\"@id\":\"https:\\\/\\\/www.donadonsdd.com\\\/fr\\\/produit\\\/y90-steam-condenser-system-safety\\\/\",\"url\":\"https:\\\/\\\/www.donadonsdd.com\\\/fr\\\/produit\\\/y90-steam-condenser-system-safety\\\/\",\"name\":\"Disque de rupture \u00e0 flambage invers\u00e9 pour condenseur \u00e0 vapeur - Y90\",\"isPartOf\":{\"@id\":\"https:\\\/\\\/www.donadonsdd.com\\\/fr\\\/#website\"},\"primaryImageOfPage\":{\"@id\":\"https:\\\/\\\/www.donadonsdd.com\\\/fr\\\/produit\\\/y90-steam-condenser-system-safety\\\/#primaryimage\"},\"image\":{\"@id\":\"https:\\\/\\\/www.donadonsdd.com\\\/fr\\\/produit\\\/y90-steam-condenser-system-safety\\\/#primaryimage\"},\"thumbnailUrl\":\"https:\\\/\\\/www.donadonsdd.com\\\/wp-content\\\/uploads\\\/2025\\\/12\\\/y90-steam.png\",\"datePublished\":\"2025-12-10T13:51:30+00:00\",\"dateModified\":\"2026-03-01T00:32:35+00:00\",\"description\":\"Disque de rupture \u00e0 action inverse pour condenseurs de vapeur \u00e0 tr\u00e8s faible pression d'\u00e9clatement. Construction enti\u00e8rement m\u00e9tallique assurant la stabilit\u00e9 thermique, installation entre brides, r\u00e9sistant au vide.\",\"breadcrumb\":{\"@id\":\"https:\\\/\\\/www.donadonsdd.com\\\/fr\\\/produit\\\/y90-steam-condenser-system-safety\\\/#breadcrumb\"},\"inLanguage\":\"fr-FR\",\"potentialAction\":[{\"@type\":\"ReadAction\",\"target\":[\"https:\\\/\\\/www.donadonsdd.com\\\/fr\\\/produit\\\/y90-steam-condenser-system-safety\\\/\"]}]},{\"@type\":\"ImageObject\",\"inLanguage\":\"fr-FR\",\"@id\":\"https:\\\/\\\/www.donadonsdd.com\\\/fr\\\/produit\\\/y90-steam-condenser-system-safety\\\/#primaryimage\",\"url\":\"https:\\\/\\\/www.donadonsdd.com\\\/wp-content\\\/uploads\\\/2025\\\/12\\\/y90-steam.png\",\"contentUrl\":\"https:\\\/\\\/www.donadonsdd.com\\\/wp-content\\\/uploads\\\/2025\\\/12\\\/y90-steam.png\",\"width\":1966,\"height\":1392},{\"@type\":\"BreadcrumbList\",\"@id\":\"https:\\\/\\\/www.donadonsdd.com\\\/fr\\\/produit\\\/y90-steam-condenser-system-safety\\\/#breadcrumb\",\"itemListElement\":[{\"@type\":\"ListItem\",\"position\":1,\"name\":\"HOMEPAGE\",\"item\":\"https:\\\/\\\/www.donadonsdd.com\\\/fr\\\/\"},{\"@type\":\"ListItem\",\"position\":2,\"name\":\"Disques de rupture Y90 pour la s\u00e9curit\u00e9 des syst\u00e8mes de condenseurs \u00e0 vapeur\"}]},{\"@type\":\"WebSite\",\"@id\":\"https:\\\/\\\/www.donadonsdd.com\\\/fr\\\/#website\",\"url\":\"https:\\\/\\\/www.donadonsdd.com\\\/fr\\\/\",\"name\":\"DonadonSDD Srl\",\"description\":\"\",\"publisher\":{\"@id\":\"https:\\\/\\\/www.donadonsdd.com\\\/fr\\\/#organization\"},\"potentialAction\":[{\"@type\":\"SearchAction\",\"target\":{\"@type\":\"EntryPoint\",\"urlTemplate\":\"https:\\\/\\\/www.donadonsdd.com\\\/fr\\\/?s={search_term_string}\"},\"query-input\":{\"@type\":\"PropertyValueSpecification\",\"valueRequired\":true,\"valueName\":\"search_term_string\"}}],\"inLanguage\":\"fr-FR\"},{\"@type\":\"Organization\",\"@id\":\"https:\\\/\\\/www.donadonsdd.com\\\/fr\\\/#organization\",\"name\":\"DonadonSDD Srl\",\"url\":\"https:\\\/\\\/www.donadonsdd.com\\\/fr\\\/\",\"logo\":{\"@type\":\"ImageObject\",\"inLanguage\":\"fr-FR\",\"@id\":\"https:\\\/\\\/www.donadonsdd.com\\\/fr\\\/#\\\/schema\\\/logo\\\/image\\\/\",\"url\":\"https:\\\/\\\/www.donadonsdd.com\\\/wp-content\\\/uploads\\\/2025\\\/11\\\/donadonsdd-logo.png\",\"contentUrl\":\"https:\\\/\\\/www.donadonsdd.com\\\/wp-content\\\/uploads\\\/2025\\\/11\\\/donadonsdd-logo.png\",\"width\":544,\"height\":96,\"caption\":\"DonadonSDD Srl\"},\"image\":{\"@id\":\"https:\\\/\\\/www.donadonsdd.com\\\/fr\\\/#\\\/schema\\\/logo\\\/image\\\/\"}}]}<\/script>\n<!-- \/ Yoast SEO plugin. -->","yoast_head_json":{"title":"Disque de rupture \u00e0 flambage invers\u00e9 pour condenseur \u00e0 vapeur - Y90","description":"Disque de rupture \u00e0 action inverse pour condenseurs de vapeur \u00e0 tr\u00e8s faible pression d'\u00e9clatement. Construction enti\u00e8rement m\u00e9tallique assurant la stabilit\u00e9 thermique, installation entre brides, r\u00e9sistant au vide.","robots":{"index":"index","follow":"follow","max-snippet":"max-snippet:-1","max-image-preview":"max-image-preview:large","max-video-preview":"max-video-preview:-1"},"canonical":"https:\/\/www.donadonsdd.com\/fr\/produit\/y90-steam-condenser-system-safety\/","og_locale":"fr_FR","og_type":"article","og_title":"Disque de rupture \u00e0 flambage invers\u00e9 pour condenseur \u00e0 vapeur - Y90","og_description":"Disque de rupture \u00e0 action inverse pour condenseurs de vapeur \u00e0 tr\u00e8s faible pression d'\u00e9clatement. Construction enti\u00e8rement m\u00e9tallique assurant la stabilit\u00e9 thermique, installation entre brides, r\u00e9sistant au vide.","og_url":"https:\/\/www.donadonsdd.com\/fr\/produit\/y90-steam-condenser-system-safety\/","og_site_name":"DonadonSDD Srl","article_modified_time":"2026-03-01T00:32:35+00:00","og_image":[{"width":1966,"height":1392,"url":"https:\/\/www.donadonsdd.com\/wp-content\/uploads\/2025\/12\/y90-steam.png","type":"image\/png"}],"twitter_card":"summary_large_image","twitter_misc":{"Dur\u00e9e de lecture estim\u00e9e":"2 minutes"},"schema":{"@context":"https:\/\/schema.org","@graph":[{"@type":"WebPage","@id":"https:\/\/www.donadonsdd.com\/fr\/produit\/y90-steam-condenser-system-safety\/","url":"https:\/\/www.donadonsdd.com\/fr\/produit\/y90-steam-condenser-system-safety\/","name":"Disque de rupture \u00e0 flambage invers\u00e9 pour condenseur \u00e0 vapeur - Y90","isPartOf":{"@id":"https:\/\/www.donadonsdd.com\/fr\/#website"},"primaryImageOfPage":{"@id":"https:\/\/www.donadonsdd.com\/fr\/produit\/y90-steam-condenser-system-safety\/#primaryimage"},"image":{"@id":"https:\/\/www.donadonsdd.com\/fr\/produit\/y90-steam-condenser-system-safety\/#primaryimage"},"thumbnailUrl":"https:\/\/www.donadonsdd.com\/wp-content\/uploads\/2025\/12\/y90-steam.png","datePublished":"2025-12-10T13:51:30+00:00","dateModified":"2026-03-01T00:32:35+00:00","description":"Disque de rupture \u00e0 action inverse pour condenseurs de vapeur \u00e0 tr\u00e8s faible pression d'\u00e9clatement. Construction enti\u00e8rement m\u00e9tallique assurant la stabilit\u00e9 thermique, installation entre brides, r\u00e9sistant au vide.","breadcrumb":{"@id":"https:\/\/www.donadonsdd.com\/fr\/produit\/y90-steam-condenser-system-safety\/#breadcrumb"},"inLanguage":"fr-FR","potentialAction":[{"@type":"ReadAction","target":["https:\/\/www.donadonsdd.com\/fr\/produit\/y90-steam-condenser-system-safety\/"]}]},{"@type":"ImageObject","inLanguage":"fr-FR","@id":"https:\/\/www.donadonsdd.com\/fr\/produit\/y90-steam-condenser-system-safety\/#primaryimage","url":"https:\/\/www.donadonsdd.com\/wp-content\/uploads\/2025\/12\/y90-steam.png","contentUrl":"https:\/\/www.donadonsdd.com\/wp-content\/uploads\/2025\/12\/y90-steam.png","width":1966,"height":1392},{"@type":"BreadcrumbList","@id":"https:\/\/www.donadonsdd.com\/fr\/produit\/y90-steam-condenser-system-safety\/#breadcrumb","itemListElement":[{"@type":"ListItem","position":1,"name":"HOMEPAGE","item":"https:\/\/www.donadonsdd.com\/fr\/"},{"@type":"ListItem","position":2,"name":"Disques de rupture Y90 pour la s\u00e9curit\u00e9 des syst\u00e8mes de condenseurs \u00e0 vapeur"}]},{"@type":"WebSite","@id":"https:\/\/www.donadonsdd.com\/fr\/#website","url":"https:\/\/www.donadonsdd.com\/fr\/","name":"DonadonSDD Srl","description":"","publisher":{"@id":"https:\/\/www.donadonsdd.com\/fr\/#organization"},"potentialAction":[{"@type":"SearchAction","target":{"@type":"EntryPoint","urlTemplate":"https:\/\/www.donadonsdd.com\/fr\/?s={search_term_string}"},"query-input":{"@type":"PropertyValueSpecification","valueRequired":true,"valueName":"search_term_string"}}],"inLanguage":"fr-FR"},{"@type":"Organization","@id":"https:\/\/www.donadonsdd.com\/fr\/#organization","name":"DonadonSDD Srl","url":"https:\/\/www.donadonsdd.com\/fr\/","logo":{"@type":"ImageObject","inLanguage":"fr-FR","@id":"https:\/\/www.donadonsdd.com\/fr\/#\/schema\/logo\/image\/","url":"https:\/\/www.donadonsdd.com\/wp-content\/uploads\/2025\/11\/donadonsdd-logo.png","contentUrl":"https:\/\/www.donadonsdd.com\/wp-content\/uploads\/2025\/11\/donadonsdd-logo.png","width":544,"height":96,"caption":"DonadonSDD Srl"},"image":{"@id":"https:\/\/www.donadonsdd.com\/fr\/#\/schema\/logo\/image\/"}}]}},"toolset-meta":{"toolset-woocommerce-fields":{"_download_limit":{"type":"numeric","raw":""},"_virtual":{"type":"checkbox","raw":""},"_downloadable":{"type":"checkbox","raw":""},"_download_expiry":{"type":"numeric","raw":""},"_download_type":{"type":"radio","raw":""},"_regular_price":{"type":"numeric","raw":""},"_sale_price":{"type":"numeric","raw":""},"_sale_price_dates_from":{"type":"date","raw":"","formatted":null},"_sale_price_dates_to":{"type":"date","raw":"","formatted":null},"_sku":{"type":"textfield","raw":""},"_manage_stock":{"type":"checkbox","raw":""},"_stock_status":{"type":"radio","raw":""},"_stock":{"type":"numeric","raw":""},"_backorders":{"type":"radio","raw":""},"_sold_individually":{"type":"checkbox","raw":""},"_width":{"type":"numeric","raw":""},"_weight":{"type":"numeric","raw":""},"_length":{"type":"numeric","raw":""},"_purchase_note":{"type":"textarea","raw":""}},"infografica":{"operation-ratio":{"type":"textfield","raw":"jusqu'\u00e0 95%"},"non-fragmenting":{"type":"textfield","raw":"oui"},"vacumm-resistant":{"type":"textfield","raw":"oui"},"sanitary":{"type":"textfield","raw":"non"},"liquid":{"type":"textfield","raw":"oui, en pr\u00e9sence d'un volume minimum de vapeur libre"},"vapor-gas":{"type":"textfield","raw":"oui"},"ferrules":{"type":"textfield","raw":""}},"dettagli-prodotto":{"immagini-prodotto":{"type":"image","raw":[""],"repeatable":[{"raw":""}]},"tabella-specifiche":{"type":"wysiwyg","raw":"<p class=\"p1\">MOD\u00c8LE|Y90 ;\nMAT\u00c9RIAUX|Acier inoxydable, alliage 201, alliage 400, alliage 600, alliage 625, alliage C276, titane ;\nDIMENSIONS|De DN15 (\u00bd pouce) \u00e0 DN900 (36 pouces) ;\nPRESSION DE RUPTURE|0,1 - 80 bar g (selon la taille et le mat\u00e9riau) ;\nTOL\u00c9RANCE | de +\/- 5 % \u00e0 +\/- 20 % ;\nTEMPERATURE DE FONCTIONNEMENT|De - 196\u00b0C \u00e0 600\u00b0C ;\nFRAGMENTATION|Non ;\nUTILISATION EN COMBINAISON AVEC PSV|Convient ;\nMARGE DE FONCTIONNEMENT|90% - Peut atteindre jusqu'\u00e0 95% en fonction des conditions de service.. ;\nR\u00c9SISTANCE \u00c0 LA PRESSION DU VIDE|Oui, autoportant dans des conditions de vide ;\nR\u00c9SISTANCE \u00c0 LA CORROSION|Tr\u00e8s bonne ;\nDOUBLURES|Disponibles en PTFE et PFA ;\nTITULAIRE| <a href=\"https:\/\/www.donadonsdd.com\/fr\/produit\/hia-hra\/\">HRA<\/a>, <a href=\"https:\/\/www.donadonsdd.com\/fr\/produit\/hip-hrp\/\">HRP<\/a>, <a href=\"https:\/\/www.donadonsdd.com\/fr\/produit\/hif-hrf\/\">HRF<\/a>;  \nCAPTEUR DE RUPTURE| <a href=\"https:\/\/www.donadonsdd.com\/fr\/produits\/indicateurs-de-rupture\/electrique\/\">\u00c9lectrique<\/a>, <a href=\"https:\/\/www.donadonsdd.com\/fr\/produits\/indicateurs-de-rupture\/magnetique\/\">magn\u00e9tique<\/a>, <a href=\"https:\/\/www.donadonsdd.com\/fr\/produits\/indicateurs-de-rupture\/inductif\/\">inductif<\/a>;  <\/p>"}}},"_links":{"self":[{"href":"https:\/\/www.donadonsdd.com\/fr\/wp-json\/wp\/v2\/product\/6220","targetHints":{"allow":["GET"]}}],"collection":[{"href":"https:\/\/www.donadonsdd.com\/fr\/wp-json\/wp\/v2\/product"}],"about":[{"href":"https:\/\/www.donadonsdd.com\/fr\/wp-json\/wp\/v2\/types\/product"}],"wp:featuredmedia":[{"embeddable":true,"href":"https:\/\/www.donadonsdd.com\/fr\/wp-json\/wp\/v2\/media\/10330"}],"wp:attachment":[{"href":"https:\/\/www.donadonsdd.com\/fr\/wp-json\/wp\/v2\/media?parent=6220"}],"wp:term":[{"taxonomy":"categoria_prodotto","embeddable":true,"href":"https:\/\/www.donadonsdd.com\/fr\/wp-json\/wp\/v2\/categoria_prodotto?post=6220"}],"curies":[{"name":"wp","href":"https:\/\/api.w.org\/{rel}","templated":true}]}}