{"id":6254,"date":"2025-12-10T15:10:11","date_gmt":"2025-12-10T14:10:11","guid":{"rendered":"https:\/\/www.donadonsdd.com\/product\/disques-de-rupture-lpd-une-solution-simple-pour-la-protection-contre-les-basses-pressions\/"},"modified":"2026-03-01T01:20:47","modified_gmt":"2026-03-01T00:20:47","slug":"lpd","status":"publish","type":"product","link":"https:\/\/www.donadonsdd.com\/fr\/produit\/lpd\/","title":{"rendered":"Disques de rupture LPD &#8211; Une solution simple pour la protection contre les basses pressions"},"content":{"rendered":"<p>DonadonSDD propose des disques de rupture LPD qui sont con\u00e7us pour prot\u00e9ger les installations industrielles contre les variations de pression tr\u00e8s faibles qui peuvent causer de graves dommages. Les disques de rupture LPD sont constitu\u00e9s de 3 composants ou plus qui forment un disque unique pouvant \u00eatre install\u00e9 directement entre des brides ou dans des supports (en fonction de l&rsquo;application sp\u00e9cifique) ; ils sont dot\u00e9s d&rsquo;une lame de couteau qui freine la couche de PTFE en cas de contact. <\/p>\n<h2>Caract\u00e9ristiques et avantages techniques<\/h2>\n<h3><span lang=\"en-US\">Normes de certification \u00e9lev\u00e9es :<\/span><\/h3>\n<p><span lang=\"en-US\">Nos disques de rupture LPD sont certifi\u00e9s conformes aux normes internationales les plus strictes, notamment <\/span><span lang=\"en-GB\">ATEX EX II 2 GD (CACHET CE), <\/span><span lang=\"en-US\">PER 2016 UK Statutory Instruments 2016 No 1105 (UKCA STAMP), et CU TR 032 (EAC STAMP).<\/span><\/p>\n<h3><span lang=\"en-US\">Technique :<\/span><\/h3>\n<p><span lang=\"en-US\">Compos\u00e9 d&rsquo;une partie m\u00e9tallique perfor\u00e9e et fendue, d&rsquo;une membrane d&rsquo;\u00e9tanch\u00e9it\u00e9 (g\u00e9n\u00e9ralement en PTFE), d&rsquo;une section de protection et d&rsquo;un anneau de calibrage avec des lames pour am\u00e9liorer la rupture de la membrane.<\/span><\/p>\n<h3><span lang=\"en-US\">Applications :<\/span><\/h3>\n<p><span lang=\"en-US\">Con\u00e7u pour les applications n\u00e9cessitant une protection \u00e0 tr\u00e8s basse pression (positive ou n\u00e9gative). Id\u00e9al pour prot\u00e9ger les r\u00e9servoirs de traitement et de stockage, les cuves atmosph\u00e9riques et les silos \u00e0 faible pression de conception contre l&rsquo;implosion ou la rupture. <\/span><\/p>\n<h3><span lang=\"en-US\">Caract\u00e9ristiques :<\/span><\/h3>\n<p><span lang=\"en-US\">Peut \u00eatre personnalis\u00e9 pour r\u00e9pondre \u00e0 un large \u00e9ventail de sp\u00e9cifications et d&rsquo;applications non standard.<\/span><\/p>\n<h3><span lang=\"en-US\">R\u00e9sistance au vide :<\/span><\/h3>\n<p><span lang=\"en-US\">Un support sp\u00e9cifique pour la protection contre le vide et la contre-pression est disponible sur demande.  <\/span><\/p>\n<h3><span lang=\"en-US\">Option de disque \u00e0 double sens :<\/span><\/h3>\n<p><span lang=\"en-US\">Prot\u00e8ge simultan\u00e9ment contre le vide et la pression (m\u00eame avec deux pressions diff\u00e9rentes).<\/span><\/p>\n<h2>Pourquoi choisir les disques de rupture LPD de DonadonSDD ?<\/h2>\n<ul>\n<li>Nos disques de rupture LPD sont certifi\u00e9s conformes aux normes de s\u00e9curit\u00e9 internationales les plus strictes et offrent une protection fiable \u00e0 votre installation industrielle.<\/li>\n<li>Les disques sont id\u00e9aux pour prot\u00e9ger les r\u00e9servoirs de traitement et de stockage, les cuves atmosph\u00e9riques et les silos \u00e0 faible pression de conception, en emp\u00eachant l&rsquo;implosion ou la rupture.<\/li>\n<li>Les disques peuvent \u00eatre personnalis\u00e9s pour r\u00e9pondre \u00e0 une large gamme de sp\u00e9cifications et d&rsquo;applications non standard.<\/li>\n<\/ul>\n","protected":false},"excerpt":{"rendered":"<p>DonadonSDD propose des disques de rupture LPD qui sont con\u00e7us pour prot\u00e9ger les installations industrielles contre les variations de pression tr\u00e8s faibles qui peuvent causer de graves dommages. Les disques de rupture LPD sont constitu\u00e9s de 3 composants ou plus qui forment un disque unique pouvant \u00eatre install\u00e9 directement entre des brides ou dans des [&hellip;]<\/p>\n","protected":false},"featured_media":6259,"menu_order":0,"template":"","meta":{"_acf_changed":false},"categoria_prodotto":[87,85,79,98],"class_list":["post-6254","product","type-product","status-publish","has-post-thumbnail","hentry","categoria_prodotto-double-way","categoria_prodotto-forward-acting","categoria_prodotto-rupture-discs","categoria_prodotto-ultra-low-pressure"],"acf":[],"yoast_head":"<!-- This site is optimized with the Yoast SEO plugin v27.3 - https:\/\/yoast.com\/product\/yoast-seo-wordpress\/ -->\n<title>Disque de rupture composite \u00e0 ultra-basse pression pour le biogaz - LPD<\/title>\n<meta name=\"description\" content=\"Disque de rupture composite \u00e0 tr\u00e8s basse pression pour les usines de biogaz. Configurable pour la surpression, le vide ou la protection combin\u00e9e, avec une conception non fragment\u00e9e, une installation directe sur la bride et un support de vide en option.\" \/>\n<meta name=\"robots\" content=\"index, follow, max-snippet:-1, max-image-preview:large, max-video-preview:-1\" \/>\n<link rel=\"canonical\" href=\"https:\/\/www.donadonsdd.com\/fr\/produit\/lpd\/\" \/>\n<meta property=\"og:locale\" content=\"fr_FR\" \/>\n<meta property=\"og:type\" content=\"article\" \/>\n<meta property=\"og:title\" content=\"Disque de rupture composite \u00e0 ultra-basse pression pour le biogaz - LPD\" \/>\n<meta property=\"og:description\" content=\"Disque de rupture composite \u00e0 tr\u00e8s basse pression pour les usines de biogaz. Configurable pour la surpression, le vide ou la protection combin\u00e9e, avec une conception non fragment\u00e9e, une installation directe sur la bride et un support de vide en option.\" \/>\n<meta property=\"og:url\" content=\"https:\/\/www.donadonsdd.com\/fr\/produit\/lpd\/\" \/>\n<meta property=\"og:site_name\" content=\"DonadonSDD Srl\" \/>\n<meta property=\"article:modified_time\" content=\"2026-03-01T00:20:47+00:00\" \/>\n<meta property=\"og:image\" content=\"https:\/\/www.donadonsdd.com\/wp-content\/uploads\/2025\/12\/donadon-sdd-lpd-rupture-discs-low-pressure.png\" \/>\n\t<meta property=\"og:image:width\" content=\"1800\" \/>\n\t<meta property=\"og:image:height\" content=\"1200\" \/>\n\t<meta property=\"og:image:type\" content=\"image\/png\" \/>\n<meta name=\"twitter:card\" content=\"summary_large_image\" \/>\n<meta name=\"twitter:label1\" content=\"Dur\u00e9e de lecture estim\u00e9e\" \/>\n\t<meta name=\"twitter:data1\" content=\"2 minutes\" \/>\n<script type=\"application\/ld+json\" class=\"yoast-schema-graph\">{\"@context\":\"https:\\\/\\\/schema.org\",\"@graph\":[{\"@type\":\"WebPage\",\"@id\":\"https:\\\/\\\/www.donadonsdd.com\\\/fr\\\/produit\\\/lpd\\\/\",\"url\":\"https:\\\/\\\/www.donadonsdd.com\\\/fr\\\/produit\\\/lpd\\\/\",\"name\":\"Disque de rupture composite \u00e0 ultra-basse pression pour le biogaz - LPD\",\"isPartOf\":{\"@id\":\"https:\\\/\\\/www.donadonsdd.com\\\/fr\\\/#website\"},\"primaryImageOfPage\":{\"@id\":\"https:\\\/\\\/www.donadonsdd.com\\\/fr\\\/produit\\\/lpd\\\/#primaryimage\"},\"image\":{\"@id\":\"https:\\\/\\\/www.donadonsdd.com\\\/fr\\\/produit\\\/lpd\\\/#primaryimage\"},\"thumbnailUrl\":\"https:\\\/\\\/www.donadonsdd.com\\\/wp-content\\\/uploads\\\/2025\\\/12\\\/donadon-sdd-lpd-rupture-discs-low-pressure.png\",\"datePublished\":\"2025-12-10T14:10:11+00:00\",\"dateModified\":\"2026-03-01T00:20:47+00:00\",\"description\":\"Disque de rupture composite \u00e0 tr\u00e8s basse pression pour les usines de biogaz. Configurable pour la surpression, le vide ou la protection combin\u00e9e, avec une conception non fragment\u00e9e, une installation directe sur la bride et un support de vide en option.\",\"breadcrumb\":{\"@id\":\"https:\\\/\\\/www.donadonsdd.com\\\/fr\\\/produit\\\/lpd\\\/#breadcrumb\"},\"inLanguage\":\"fr-FR\",\"potentialAction\":[{\"@type\":\"ReadAction\",\"target\":[\"https:\\\/\\\/www.donadonsdd.com\\\/fr\\\/produit\\\/lpd\\\/\"]}]},{\"@type\":\"ImageObject\",\"inLanguage\":\"fr-FR\",\"@id\":\"https:\\\/\\\/www.donadonsdd.com\\\/fr\\\/produit\\\/lpd\\\/#primaryimage\",\"url\":\"https:\\\/\\\/www.donadonsdd.com\\\/wp-content\\\/uploads\\\/2025\\\/12\\\/donadon-sdd-lpd-rupture-discs-low-pressure.png\",\"contentUrl\":\"https:\\\/\\\/www.donadonsdd.com\\\/wp-content\\\/uploads\\\/2025\\\/12\\\/donadon-sdd-lpd-rupture-discs-low-pressure.png\",\"width\":1800,\"height\":1200,\"caption\":\"disques de rupture basse pression donadon sdd lpd\"},{\"@type\":\"BreadcrumbList\",\"@id\":\"https:\\\/\\\/www.donadonsdd.com\\\/fr\\\/produit\\\/lpd\\\/#breadcrumb\",\"itemListElement\":[{\"@type\":\"ListItem\",\"position\":1,\"name\":\"HOMEPAGE\",\"item\":\"https:\\\/\\\/www.donadonsdd.com\\\/fr\\\/\"},{\"@type\":\"ListItem\",\"position\":2,\"name\":\"Disques de rupture LPD &#8211; Une solution simple pour la protection contre les basses pressions\"}]},{\"@type\":\"WebSite\",\"@id\":\"https:\\\/\\\/www.donadonsdd.com\\\/fr\\\/#website\",\"url\":\"https:\\\/\\\/www.donadonsdd.com\\\/fr\\\/\",\"name\":\"DonadonSDD Srl\",\"description\":\"\",\"publisher\":{\"@id\":\"https:\\\/\\\/www.donadonsdd.com\\\/fr\\\/#organization\"},\"potentialAction\":[{\"@type\":\"SearchAction\",\"target\":{\"@type\":\"EntryPoint\",\"urlTemplate\":\"https:\\\/\\\/www.donadonsdd.com\\\/fr\\\/?s={search_term_string}\"},\"query-input\":{\"@type\":\"PropertyValueSpecification\",\"valueRequired\":true,\"valueName\":\"search_term_string\"}}],\"inLanguage\":\"fr-FR\"},{\"@type\":\"Organization\",\"@id\":\"https:\\\/\\\/www.donadonsdd.com\\\/fr\\\/#organization\",\"name\":\"DonadonSDD Srl\",\"url\":\"https:\\\/\\\/www.donadonsdd.com\\\/fr\\\/\",\"logo\":{\"@type\":\"ImageObject\",\"inLanguage\":\"fr-FR\",\"@id\":\"https:\\\/\\\/www.donadonsdd.com\\\/fr\\\/#\\\/schema\\\/logo\\\/image\\\/\",\"url\":\"https:\\\/\\\/www.donadonsdd.com\\\/wp-content\\\/uploads\\\/2025\\\/11\\\/donadonsdd-logo.png\",\"contentUrl\":\"https:\\\/\\\/www.donadonsdd.com\\\/wp-content\\\/uploads\\\/2025\\\/11\\\/donadonsdd-logo.png\",\"width\":544,\"height\":96,\"caption\":\"DonadonSDD Srl\"},\"image\":{\"@id\":\"https:\\\/\\\/www.donadonsdd.com\\\/fr\\\/#\\\/schema\\\/logo\\\/image\\\/\"}}]}<\/script>\n<!-- \/ Yoast SEO plugin. -->","yoast_head_json":{"title":"Disque de rupture composite \u00e0 ultra-basse pression pour le biogaz - LPD","description":"Disque de rupture composite \u00e0 tr\u00e8s basse pression pour les usines de biogaz. Configurable pour la surpression, le vide ou la protection combin\u00e9e, avec une conception non fragment\u00e9e, une installation directe sur la bride et un support de vide en option.","robots":{"index":"index","follow":"follow","max-snippet":"max-snippet:-1","max-image-preview":"max-image-preview:large","max-video-preview":"max-video-preview:-1"},"canonical":"https:\/\/www.donadonsdd.com\/fr\/produit\/lpd\/","og_locale":"fr_FR","og_type":"article","og_title":"Disque de rupture composite \u00e0 ultra-basse pression pour le biogaz - LPD","og_description":"Disque de rupture composite \u00e0 tr\u00e8s basse pression pour les usines de biogaz. Configurable pour la surpression, le vide ou la protection combin\u00e9e, avec une conception non fragment\u00e9e, une installation directe sur la bride et un support de vide en option.","og_url":"https:\/\/www.donadonsdd.com\/fr\/produit\/lpd\/","og_site_name":"DonadonSDD Srl","article_modified_time":"2026-03-01T00:20:47+00:00","og_image":[{"width":1800,"height":1200,"url":"https:\/\/www.donadonsdd.com\/wp-content\/uploads\/2025\/12\/donadon-sdd-lpd-rupture-discs-low-pressure.png","type":"image\/png"}],"twitter_card":"summary_large_image","twitter_misc":{"Dur\u00e9e de lecture estim\u00e9e":"2 minutes"},"schema":{"@context":"https:\/\/schema.org","@graph":[{"@type":"WebPage","@id":"https:\/\/www.donadonsdd.com\/fr\/produit\/lpd\/","url":"https:\/\/www.donadonsdd.com\/fr\/produit\/lpd\/","name":"Disque de rupture composite \u00e0 ultra-basse pression pour le biogaz - LPD","isPartOf":{"@id":"https:\/\/www.donadonsdd.com\/fr\/#website"},"primaryImageOfPage":{"@id":"https:\/\/www.donadonsdd.com\/fr\/produit\/lpd\/#primaryimage"},"image":{"@id":"https:\/\/www.donadonsdd.com\/fr\/produit\/lpd\/#primaryimage"},"thumbnailUrl":"https:\/\/www.donadonsdd.com\/wp-content\/uploads\/2025\/12\/donadon-sdd-lpd-rupture-discs-low-pressure.png","datePublished":"2025-12-10T14:10:11+00:00","dateModified":"2026-03-01T00:20:47+00:00","description":"Disque de rupture composite \u00e0 tr\u00e8s basse pression pour les usines de biogaz. Configurable pour la surpression, le vide ou la protection combin\u00e9e, avec une conception non fragment\u00e9e, une installation directe sur la bride et un support de vide en option.","breadcrumb":{"@id":"https:\/\/www.donadonsdd.com\/fr\/produit\/lpd\/#breadcrumb"},"inLanguage":"fr-FR","potentialAction":[{"@type":"ReadAction","target":["https:\/\/www.donadonsdd.com\/fr\/produit\/lpd\/"]}]},{"@type":"ImageObject","inLanguage":"fr-FR","@id":"https:\/\/www.donadonsdd.com\/fr\/produit\/lpd\/#primaryimage","url":"https:\/\/www.donadonsdd.com\/wp-content\/uploads\/2025\/12\/donadon-sdd-lpd-rupture-discs-low-pressure.png","contentUrl":"https:\/\/www.donadonsdd.com\/wp-content\/uploads\/2025\/12\/donadon-sdd-lpd-rupture-discs-low-pressure.png","width":1800,"height":1200,"caption":"disques de rupture basse pression donadon sdd lpd"},{"@type":"BreadcrumbList","@id":"https:\/\/www.donadonsdd.com\/fr\/produit\/lpd\/#breadcrumb","itemListElement":[{"@type":"ListItem","position":1,"name":"HOMEPAGE","item":"https:\/\/www.donadonsdd.com\/fr\/"},{"@type":"ListItem","position":2,"name":"Disques de rupture LPD &#8211; Une solution simple pour la protection contre les basses pressions"}]},{"@type":"WebSite","@id":"https:\/\/www.donadonsdd.com\/fr\/#website","url":"https:\/\/www.donadonsdd.com\/fr\/","name":"DonadonSDD Srl","description":"","publisher":{"@id":"https:\/\/www.donadonsdd.com\/fr\/#organization"},"potentialAction":[{"@type":"SearchAction","target":{"@type":"EntryPoint","urlTemplate":"https:\/\/www.donadonsdd.com\/fr\/?s={search_term_string}"},"query-input":{"@type":"PropertyValueSpecification","valueRequired":true,"valueName":"search_term_string"}}],"inLanguage":"fr-FR"},{"@type":"Organization","@id":"https:\/\/www.donadonsdd.com\/fr\/#organization","name":"DonadonSDD Srl","url":"https:\/\/www.donadonsdd.com\/fr\/","logo":{"@type":"ImageObject","inLanguage":"fr-FR","@id":"https:\/\/www.donadonsdd.com\/fr\/#\/schema\/logo\/image\/","url":"https:\/\/www.donadonsdd.com\/wp-content\/uploads\/2025\/11\/donadonsdd-logo.png","contentUrl":"https:\/\/www.donadonsdd.com\/wp-content\/uploads\/2025\/11\/donadonsdd-logo.png","width":544,"height":96,"caption":"DonadonSDD Srl"},"image":{"@id":"https:\/\/www.donadonsdd.com\/fr\/#\/schema\/logo\/image\/"}}]}},"toolset-meta":{"toolset-woocommerce-fields":{"_download_limit":{"type":"numeric","raw":""},"_virtual":{"type":"checkbox","raw":""},"_downloadable":{"type":"checkbox","raw":""},"_download_expiry":{"type":"numeric","raw":""},"_download_type":{"type":"radio","raw":""},"_regular_price":{"type":"numeric","raw":""},"_sale_price":{"type":"numeric","raw":""},"_sale_price_dates_from":{"type":"date","raw":"","formatted":null},"_sale_price_dates_to":{"type":"date","raw":"","formatted":null},"_sku":{"type":"textfield","raw":""},"_manage_stock":{"type":"checkbox","raw":""},"_stock_status":{"type":"radio","raw":""},"_stock":{"type":"numeric","raw":""},"_backorders":{"type":"radio","raw":""},"_sold_individually":{"type":"checkbox","raw":""},"_width":{"type":"numeric","raw":""},"_weight":{"type":"numeric","raw":""},"_length":{"type":"numeric","raw":""},"_purchase_note":{"type":"textarea","raw":""}},"infografica":{"operation-ratio":{"type":"textfield","raw":"jusqu'\u00e0 60%"},"non-fragmenting":{"type":"textfield","raw":"oui (membrane uniquement)"},"vacumm-resistant":{"type":"textfield","raw":"Oui, le support de vide est n\u00e9cessaire"},"sanitary":{"type":"textfield","raw":"non"},"liquid":{"type":"textfield","raw":"oui"},"vapor-gas":{"type":"textfield","raw":"oui"},"ferrules":{"type":"textfield","raw":""}},"dettagli-prodotto":{"immagini-prodotto":{"type":"image","raw":["https:\/\/www.donadonsdd.com\/wp-content\/uploads\/2025\/12\/donadon-16_result.webp","https:\/\/www.donadonsdd.com\/wp-content\/uploads\/2025\/12\/donadon-17_result.webp","https:\/\/www.donadonsdd.com\/wp-content\/uploads\/2025\/12\/donadon-18_result.webp"],"repeatable":[{"raw":"https:\/\/www.donadonsdd.com\/wp-content\/uploads\/2025\/12\/donadon-16_result.webp","attachment_id":6255},{"raw":"https:\/\/www.donadonsdd.com\/wp-content\/uploads\/2025\/12\/donadon-17_result.webp","attachment_id":1404},{"raw":"https:\/\/www.donadonsdd.com\/wp-content\/uploads\/2025\/12\/donadon-18_result.webp","attachment_id":6257}]},"tabella-specifiche":{"type":"wysiwyg","raw":"<p class=\"p1\">MAT\u00c9RIAUX|Acier inoxydable, alliage 201, alliage 400, alliage 600, alliage 625, alliage C276, titane ;\nMEMBRANE D'\u00c9TANCH\u00c9IT\u00c9|Disponible en PTFE ou PFA ;\nDIMENSIONS|De DN50 (2 pouces) \u00e0 DN300 (12 pouces) ;\nPRESSION DE RUPTURE|0,005 - 0,5 bar g (selon la taille et le mat\u00e9riau) ;\nTOL\u00c9RANCE : de +\/- 20 % \u00e0 +\/- 40 % ;\nTEMPERATURE DE FONCTIONNEMENT|max 260\u00b0C (membrane en PTFE ou PFA) ;\nFRAGMENTATION|Non (membrane uniquement) ;\nUTILISATION EN COMBINAISON AVEC PSV|Convient ;\nMARGE DE FONCTIONNEMENT|Pouvant atteindre jusqu'\u00e0 60 % selon les conditions de service.. ;\nRESISTANCE A LA PRESSION D'ASPIRATION|Oui, Support d'aspiration n\u00e9cessaire ;\nOPTION DE DISQUE DOUBLE VOIE|Disponible, m\u00eame avec deux pressions de r\u00e9glage diff\u00e9rentes ;\nRESISTANCE A LA CORROSION|Tr\u00e8s bon ;\nDOUBLURES|Disponibles en PTFE et PFA ;\nINSTALLATION|Directement entre les brides ou pour les supports <a href=\"https:\/\/www.donadonsdd.com\/fr\/produit\/hia-hra\/\">HIA<\/a>, <a href=\"https:\/\/www.donadonsdd.com\/fr\/produit\/hip-hrp\/\">HIP<\/a>, <a href=\"https:\/\/www.donadonsdd.com\/fr\/produit\/hif-hrf\/\">HIF<\/a>;   \nCAPTEUR DE RUPTURE| <a href=\"https:\/\/www.donadonsdd.com\/fr\/produits\/indicateurs-de-rupture\/inductif\/\">Inductif<\/a>, <a href=\"https:\/\/www.donadonsdd.com\/fr\/produits\/indicateurs-de-rupture\/fibre-optique\/\">optique<\/a>; <\/p>"}}},"_links":{"self":[{"href":"https:\/\/www.donadonsdd.com\/fr\/wp-json\/wp\/v2\/product\/6254","targetHints":{"allow":["GET"]}}],"collection":[{"href":"https:\/\/www.donadonsdd.com\/fr\/wp-json\/wp\/v2\/product"}],"about":[{"href":"https:\/\/www.donadonsdd.com\/fr\/wp-json\/wp\/v2\/types\/product"}],"wp:featuredmedia":[{"embeddable":true,"href":"https:\/\/www.donadonsdd.com\/fr\/wp-json\/wp\/v2\/media\/6259"}],"wp:attachment":[{"href":"https:\/\/www.donadonsdd.com\/fr\/wp-json\/wp\/v2\/media?parent=6254"}],"wp:term":[{"taxonomy":"categoria_prodotto","embeddable":true,"href":"https:\/\/www.donadonsdd.com\/fr\/wp-json\/wp\/v2\/categoria_prodotto?post=6254"}],"curies":[{"name":"wp","href":"https:\/\/api.w.org\/{rel}","templated":true}]}}