{"id":6318,"date":"2025-12-10T16:09:24","date_gmt":"2025-12-10T15:09:24","guid":{"rendered":"https:\/\/www.donadonsdd.com\/product\/supports-hia-hra-garantir-une-fiabilite-maximale-pour-les-disques-de-rupture\/"},"modified":"2026-02-28T00:22:25","modified_gmt":"2026-02-27T23:22:25","slug":"hia-hra","status":"publish","type":"product","link":"https:\/\/www.donadonsdd.com\/fr\/produit\/hia-hra\/","title":{"rendered":"Supports HIA\/HRA &#8211; Garantir une fiabilit\u00e9 maximale pour les disques de rupture"},"content":{"rendered":"<p>Les supports HIA\/HRA sont sp\u00e9cifiquement con\u00e7us pour garantir une fiabilit\u00e9 maximale, optimiser le d\u00e9bit (en raison de l&rsquo;ouverture optimale des disques de rupture), assurer une orientation correcte dans le syst\u00e8me de tuyauterie, fournir un joint \u00e9tanche et emp\u00eacher la fragmentation du disque de rupture DonadonSDD.<br \/>\nEn r\u00e8gle g\u00e9n\u00e9rale, un support de disque de rupture est une unit\u00e9 en deux parties compos\u00e9e d&rsquo;une bride de base (entr\u00e9e) et d&rsquo;une bride de retenue (sortie). La face du support est usin\u00e9e pour accueillir le disque de rupture et forme un joint m\u00e9tal sur m\u00e9tal \u00e9tanche.<br \/>\nCela emp\u00eache le disque de rupture d&rsquo;\u00eatre endommag\u00e9 et permet des sc\u00e9narios d&rsquo;inspection illimit\u00e9s (retrait temporaire du disque de rupture pour une inspection visuelle). <\/p>\n<p>Ces supports sont mont\u00e9s entre des brides et offrent diverses caract\u00e9ristiques pour une performance optimale.<\/p>\n<h2>Caract\u00e9ristiques et avantages techniques<\/h2>\n<ul>\n<li>Diam\u00e8tre interne dimensionn\u00e9 pour permettre une ouverture totale du disque et une transmission totale sur la zone de d\u00e9charge minimale.<\/li>\n<li>Diam\u00e8tre ext\u00e9rieur tangent aux boulons pour faciliter le centrage entre les brides.<\/li>\n<li>La conception de la double rainure frais\u00e9e emp\u00eache l&rsquo;installation incorrecte des disques de rupture.<\/li>\n<li>Les supports HRA prot\u00e8gent le d\u00f4me des disques \u00e0 action invers\u00e9e, tels que les mod\u00e8les SCR, Y90 et KRD.<\/li>\n<li>Deux clips lat\u00e9raux d&rsquo;assemblage en acier inoxydable sont inclus pour faciliter la manipulation.<\/li>\n<li>Les fl\u00e8ches d&rsquo;\u00e9coulement sur le support et les \u00e9tiquettes du disque de rupture confirment la bonne direction de l&rsquo;\u00e9coulement.<\/li>\n<li>Une finition de surface r\u00e9duite entre 125 et 250 micro-pouces (3,2 \u00e0 6,3 microm\u00e8tres) est disponible sur demande.<\/li>\n<li>Finition de la face en rainure et languette (selon DIN EN 1092-1) disponible sur demande.<\/li>\n<li>Des raccords de prise de jauge (1\/4&Prime; ou \u00bd\u00a0\u00bb) NPT sont disponibles sur demande.<\/li>\n<\/ul>\n<h2>Pourquoi choisir DonadonSDD ?<\/h2>\n<ul>\n<li>Nos supports sont personnalisables et peuvent \u00eatre fabriqu\u00e9s conform\u00e9ment \u00e0 un large \u00e9ventail de normes internationales en mati\u00e8re de brides, notamment EN 1092-1 (norme europ\u00e9enne), ASME (American Society of Mechanical Engineers), ANSI (American National Standards Institute), BS (British Standards), AS (Australian Standards), SABS (South African Bureau of Standards) et JIS (Japanese Industrial Standards). Cela garantit que nos produits r\u00e9pondent aux exigences diverses et sp\u00e9cifiques de nos clients. <\/li>\n<li>Les supports peuvent \u00eatre adapt\u00e9s pour contenir l&rsquo;ensemble du\/des p\u00e9tale(s) \u00e0 l&rsquo;ouverture du disque, ce qui garantit des performances optimales (recommand\u00e9 en cas d&rsquo;installation directement sous les soupapes de s\u00fbret\u00e9).<\/li>\n<li>Des options de joints toriques sont disponibles pour am\u00e9liorer les performances en mati\u00e8re de fuite pour les applications \u00e0 haute int\u00e9grit\u00e9, telles que celles impliquant de l&rsquo;hydrog\u00e8ne ou dans le domaine nucl\u00e9aire.<\/li>\n<li>Disponibles dans une large gamme de tailles, de configurations et de mat\u00e9riaux standard (acier au carbone, acier inoxydable 316L et 304, alliage 201, alliage 400, alliage 625, alliage C276, etc.)<\/li>\n<li>Des traitements sp\u00e9ciaux tels que le rev\u00eatement PFA sont disponibles, offrant une excellente r\u00e9sistance chimique et des propri\u00e9t\u00e9s anti-adh\u00e9rentes.<\/li>\n<\/ul>\n","protected":false},"excerpt":{"rendered":"<p>Les supports HIA\/HRA sont sp\u00e9cifiquement con\u00e7us pour garantir une fiabilit\u00e9 maximale, optimiser le d\u00e9bit (en raison de l&rsquo;ouverture optimale des disques de rupture), assurer une orientation correcte dans le syst\u00e8me de tuyauterie, fournir un joint \u00e9tanche et emp\u00eacher la fragmentation du disque de rupture DonadonSDD. En r\u00e8gle g\u00e9n\u00e9rale, un support de disque de rupture est [&hellip;]<\/p>\n","protected":false},"featured_media":10318,"menu_order":0,"template":"","meta":{"_acf_changed":false},"categoria_prodotto":[90,79],"class_list":["post-6318","product","type-product","status-publish","has-post-thumbnail","hentry","categoria_prodotto-holders","categoria_prodotto-rupture-discs"],"acf":[],"yoast_head":"<!-- This site is optimized with the Yoast SEO plugin v27.3 - https:\/\/yoast.com\/product\/yoast-seo-wordpress\/ -->\n<title>Supports de disques de rupture pour disques avant et arri\u00e8re - HIA \/ HRA<\/title>\n<meta name=\"description\" content=\"Supports de disques de rupture en deux parties install\u00e9s entre des brides. Con\u00e7us pour les disques de rupture \u00e0 action directe et inverse, ils garantissent un positionnement correct, une ouverture totale et une \u00e9tanch\u00e9it\u00e9 fiable sans affecter la fonctionnalit\u00e9 du disque.\" \/>\n<meta name=\"robots\" content=\"index, follow, max-snippet:-1, max-image-preview:large, max-video-preview:-1\" \/>\n<link rel=\"canonical\" href=\"https:\/\/www.donadonsdd.com\/fr\/produit\/hia-hra\/\" \/>\n<meta property=\"og:locale\" content=\"fr_FR\" \/>\n<meta property=\"og:type\" content=\"article\" \/>\n<meta property=\"og:title\" content=\"Supports de disques de rupture pour disques avant et arri\u00e8re - HIA \/ HRA\" \/>\n<meta property=\"og:description\" content=\"Supports de disques de rupture en deux parties install\u00e9s entre des brides. Con\u00e7us pour les disques de rupture \u00e0 action directe et inverse, ils garantissent un positionnement correct, une ouverture totale et une \u00e9tanch\u00e9it\u00e9 fiable sans affecter la fonctionnalit\u00e9 du disque.\" \/>\n<meta property=\"og:url\" content=\"https:\/\/www.donadonsdd.com\/fr\/produit\/hia-hra\/\" \/>\n<meta property=\"og:site_name\" content=\"DonadonSDD Srl\" \/>\n<meta property=\"article:modified_time\" content=\"2026-02-27T23:22:25+00:00\" \/>\n<meta property=\"og:image\" content=\"https:\/\/www.donadonsdd.com\/wp-content\/uploads\/2025\/12\/donadon-128.png\" \/>\n\t<meta property=\"og:image:width\" content=\"1800\" \/>\n\t<meta property=\"og:image:height\" content=\"1200\" \/>\n\t<meta property=\"og:image:type\" content=\"image\/png\" \/>\n<meta name=\"twitter:card\" content=\"summary_large_image\" \/>\n<meta name=\"twitter:label1\" content=\"Dur\u00e9e de lecture estim\u00e9e\" \/>\n\t<meta name=\"twitter:data1\" content=\"3 minutes\" \/>\n<script type=\"application\/ld+json\" class=\"yoast-schema-graph\">{\"@context\":\"https:\\\/\\\/schema.org\",\"@graph\":[{\"@type\":\"WebPage\",\"@id\":\"https:\\\/\\\/www.donadonsdd.com\\\/fr\\\/produit\\\/hia-hra\\\/\",\"url\":\"https:\\\/\\\/www.donadonsdd.com\\\/fr\\\/produit\\\/hia-hra\\\/\",\"name\":\"Supports de disques de rupture pour disques avant et arri\u00e8re - HIA \\\/ HRA\",\"isPartOf\":{\"@id\":\"https:\\\/\\\/www.donadonsdd.com\\\/fr\\\/#website\"},\"primaryImageOfPage\":{\"@id\":\"https:\\\/\\\/www.donadonsdd.com\\\/fr\\\/produit\\\/hia-hra\\\/#primaryimage\"},\"image\":{\"@id\":\"https:\\\/\\\/www.donadonsdd.com\\\/fr\\\/produit\\\/hia-hra\\\/#primaryimage\"},\"thumbnailUrl\":\"https:\\\/\\\/www.donadonsdd.com\\\/wp-content\\\/uploads\\\/2025\\\/12\\\/donadon-128.png\",\"datePublished\":\"2025-12-10T15:09:24+00:00\",\"dateModified\":\"2026-02-27T23:22:25+00:00\",\"description\":\"Supports de disques de rupture en deux parties install\u00e9s entre des brides. Con\u00e7us pour les disques de rupture \u00e0 action directe et inverse, ils garantissent un positionnement correct, une ouverture totale et une \u00e9tanch\u00e9it\u00e9 fiable sans affecter la fonctionnalit\u00e9 du disque.\",\"breadcrumb\":{\"@id\":\"https:\\\/\\\/www.donadonsdd.com\\\/fr\\\/produit\\\/hia-hra\\\/#breadcrumb\"},\"inLanguage\":\"fr-FR\",\"potentialAction\":[{\"@type\":\"ReadAction\",\"target\":[\"https:\\\/\\\/www.donadonsdd.com\\\/fr\\\/produit\\\/hia-hra\\\/\"]}]},{\"@type\":\"ImageObject\",\"inLanguage\":\"fr-FR\",\"@id\":\"https:\\\/\\\/www.donadonsdd.com\\\/fr\\\/produit\\\/hia-hra\\\/#primaryimage\",\"url\":\"https:\\\/\\\/www.donadonsdd.com\\\/wp-content\\\/uploads\\\/2025\\\/12\\\/donadon-128.png\",\"contentUrl\":\"https:\\\/\\\/www.donadonsdd.com\\\/wp-content\\\/uploads\\\/2025\\\/12\\\/donadon-128.png\",\"width\":1800,\"height\":1200},{\"@type\":\"BreadcrumbList\",\"@id\":\"https:\\\/\\\/www.donadonsdd.com\\\/fr\\\/produit\\\/hia-hra\\\/#breadcrumb\",\"itemListElement\":[{\"@type\":\"ListItem\",\"position\":1,\"name\":\"HOMEPAGE\",\"item\":\"https:\\\/\\\/www.donadonsdd.com\\\/fr\\\/\"},{\"@type\":\"ListItem\",\"position\":2,\"name\":\"Supports HIA\\\/HRA &#8211; Garantir une fiabilit\u00e9 maximale pour les disques de rupture\"}]},{\"@type\":\"WebSite\",\"@id\":\"https:\\\/\\\/www.donadonsdd.com\\\/fr\\\/#website\",\"url\":\"https:\\\/\\\/www.donadonsdd.com\\\/fr\\\/\",\"name\":\"DonadonSDD Srl\",\"description\":\"\",\"publisher\":{\"@id\":\"https:\\\/\\\/www.donadonsdd.com\\\/fr\\\/#organization\"},\"potentialAction\":[{\"@type\":\"SearchAction\",\"target\":{\"@type\":\"EntryPoint\",\"urlTemplate\":\"https:\\\/\\\/www.donadonsdd.com\\\/fr\\\/?s={search_term_string}\"},\"query-input\":{\"@type\":\"PropertyValueSpecification\",\"valueRequired\":true,\"valueName\":\"search_term_string\"}}],\"inLanguage\":\"fr-FR\"},{\"@type\":\"Organization\",\"@id\":\"https:\\\/\\\/www.donadonsdd.com\\\/fr\\\/#organization\",\"name\":\"DonadonSDD Srl\",\"url\":\"https:\\\/\\\/www.donadonsdd.com\\\/fr\\\/\",\"logo\":{\"@type\":\"ImageObject\",\"inLanguage\":\"fr-FR\",\"@id\":\"https:\\\/\\\/www.donadonsdd.com\\\/fr\\\/#\\\/schema\\\/logo\\\/image\\\/\",\"url\":\"https:\\\/\\\/www.donadonsdd.com\\\/wp-content\\\/uploads\\\/2025\\\/11\\\/donadonsdd-logo.png\",\"contentUrl\":\"https:\\\/\\\/www.donadonsdd.com\\\/wp-content\\\/uploads\\\/2025\\\/11\\\/donadonsdd-logo.png\",\"width\":544,\"height\":96,\"caption\":\"DonadonSDD Srl\"},\"image\":{\"@id\":\"https:\\\/\\\/www.donadonsdd.com\\\/fr\\\/#\\\/schema\\\/logo\\\/image\\\/\"}}]}<\/script>\n<!-- \/ Yoast SEO plugin. -->","yoast_head_json":{"title":"Supports de disques de rupture pour disques avant et arri\u00e8re - HIA \/ HRA","description":"Supports de disques de rupture en deux parties install\u00e9s entre des brides. Con\u00e7us pour les disques de rupture \u00e0 action directe et inverse, ils garantissent un positionnement correct, une ouverture totale et une \u00e9tanch\u00e9it\u00e9 fiable sans affecter la fonctionnalit\u00e9 du disque.","robots":{"index":"index","follow":"follow","max-snippet":"max-snippet:-1","max-image-preview":"max-image-preview:large","max-video-preview":"max-video-preview:-1"},"canonical":"https:\/\/www.donadonsdd.com\/fr\/produit\/hia-hra\/","og_locale":"fr_FR","og_type":"article","og_title":"Supports de disques de rupture pour disques avant et arri\u00e8re - HIA \/ HRA","og_description":"Supports de disques de rupture en deux parties install\u00e9s entre des brides. Con\u00e7us pour les disques de rupture \u00e0 action directe et inverse, ils garantissent un positionnement correct, une ouverture totale et une \u00e9tanch\u00e9it\u00e9 fiable sans affecter la fonctionnalit\u00e9 du disque.","og_url":"https:\/\/www.donadonsdd.com\/fr\/produit\/hia-hra\/","og_site_name":"DonadonSDD Srl","article_modified_time":"2026-02-27T23:22:25+00:00","og_image":[{"width":1800,"height":1200,"url":"https:\/\/www.donadonsdd.com\/wp-content\/uploads\/2025\/12\/donadon-128.png","type":"image\/png"}],"twitter_card":"summary_large_image","twitter_misc":{"Dur\u00e9e de lecture estim\u00e9e":"3 minutes"},"schema":{"@context":"https:\/\/schema.org","@graph":[{"@type":"WebPage","@id":"https:\/\/www.donadonsdd.com\/fr\/produit\/hia-hra\/","url":"https:\/\/www.donadonsdd.com\/fr\/produit\/hia-hra\/","name":"Supports de disques de rupture pour disques avant et arri\u00e8re - HIA \/ HRA","isPartOf":{"@id":"https:\/\/www.donadonsdd.com\/fr\/#website"},"primaryImageOfPage":{"@id":"https:\/\/www.donadonsdd.com\/fr\/produit\/hia-hra\/#primaryimage"},"image":{"@id":"https:\/\/www.donadonsdd.com\/fr\/produit\/hia-hra\/#primaryimage"},"thumbnailUrl":"https:\/\/www.donadonsdd.com\/wp-content\/uploads\/2025\/12\/donadon-128.png","datePublished":"2025-12-10T15:09:24+00:00","dateModified":"2026-02-27T23:22:25+00:00","description":"Supports de disques de rupture en deux parties install\u00e9s entre des brides. Con\u00e7us pour les disques de rupture \u00e0 action directe et inverse, ils garantissent un positionnement correct, une ouverture totale et une \u00e9tanch\u00e9it\u00e9 fiable sans affecter la fonctionnalit\u00e9 du disque.","breadcrumb":{"@id":"https:\/\/www.donadonsdd.com\/fr\/produit\/hia-hra\/#breadcrumb"},"inLanguage":"fr-FR","potentialAction":[{"@type":"ReadAction","target":["https:\/\/www.donadonsdd.com\/fr\/produit\/hia-hra\/"]}]},{"@type":"ImageObject","inLanguage":"fr-FR","@id":"https:\/\/www.donadonsdd.com\/fr\/produit\/hia-hra\/#primaryimage","url":"https:\/\/www.donadonsdd.com\/wp-content\/uploads\/2025\/12\/donadon-128.png","contentUrl":"https:\/\/www.donadonsdd.com\/wp-content\/uploads\/2025\/12\/donadon-128.png","width":1800,"height":1200},{"@type":"BreadcrumbList","@id":"https:\/\/www.donadonsdd.com\/fr\/produit\/hia-hra\/#breadcrumb","itemListElement":[{"@type":"ListItem","position":1,"name":"HOMEPAGE","item":"https:\/\/www.donadonsdd.com\/fr\/"},{"@type":"ListItem","position":2,"name":"Supports HIA\/HRA &#8211; Garantir une fiabilit\u00e9 maximale pour les disques de rupture"}]},{"@type":"WebSite","@id":"https:\/\/www.donadonsdd.com\/fr\/#website","url":"https:\/\/www.donadonsdd.com\/fr\/","name":"DonadonSDD Srl","description":"","publisher":{"@id":"https:\/\/www.donadonsdd.com\/fr\/#organization"},"potentialAction":[{"@type":"SearchAction","target":{"@type":"EntryPoint","urlTemplate":"https:\/\/www.donadonsdd.com\/fr\/?s={search_term_string}"},"query-input":{"@type":"PropertyValueSpecification","valueRequired":true,"valueName":"search_term_string"}}],"inLanguage":"fr-FR"},{"@type":"Organization","@id":"https:\/\/www.donadonsdd.com\/fr\/#organization","name":"DonadonSDD Srl","url":"https:\/\/www.donadonsdd.com\/fr\/","logo":{"@type":"ImageObject","inLanguage":"fr-FR","@id":"https:\/\/www.donadonsdd.com\/fr\/#\/schema\/logo\/image\/","url":"https:\/\/www.donadonsdd.com\/wp-content\/uploads\/2025\/11\/donadonsdd-logo.png","contentUrl":"https:\/\/www.donadonsdd.com\/wp-content\/uploads\/2025\/11\/donadonsdd-logo.png","width":544,"height":96,"caption":"DonadonSDD Srl"},"image":{"@id":"https:\/\/www.donadonsdd.com\/fr\/#\/schema\/logo\/image\/"}}]}},"toolset-meta":{"toolset-woocommerce-fields":{"_download_limit":{"type":"numeric","raw":""},"_virtual":{"type":"checkbox","raw":""},"_downloadable":{"type":"checkbox","raw":""},"_download_expiry":{"type":"numeric","raw":""},"_download_type":{"type":"radio","raw":""},"_regular_price":{"type":"numeric","raw":""},"_sale_price":{"type":"numeric","raw":""},"_sale_price_dates_from":{"type":"date","raw":"","formatted":null},"_sale_price_dates_to":{"type":"date","raw":"","formatted":null},"_sku":{"type":"textfield","raw":""},"_manage_stock":{"type":"checkbox","raw":""},"_stock_status":{"type":"radio","raw":""},"_stock":{"type":"numeric","raw":""},"_backorders":{"type":"radio","raw":""},"_sold_individually":{"type":"checkbox","raw":""},"_width":{"type":"numeric","raw":""},"_weight":{"type":"numeric","raw":""},"_length":{"type":"numeric","raw":""},"_purchase_note":{"type":"textarea","raw":""}},"infografica":{"operation-ratio":{"type":"textfield","raw":""},"non-fragmenting":{"type":"textfield","raw":""},"vacumm-resistant":{"type":"textfield","raw":""},"sanitary":{"type":"textfield","raw":""},"liquid":{"type":"textfield","raw":""},"vapor-gas":{"type":"textfield","raw":""},"ferrules":{"type":"textfield","raw":""}},"dettagli-prodotto":{"immagini-prodotto":{"type":"image","raw":["https:\/\/www.donadonsdd.com\/wp-content\/uploads\/2025\/12\/donadon-126_result.webp","https:\/\/www.donadonsdd.com\/wp-content\/uploads\/2025\/12\/donadon-127_result.webp","https:\/\/www.donadonsdd.com\/wp-content\/uploads\/2025\/12\/donadon-128_result.webp","https:\/\/www.donadonsdd.com\/wp-content\/uploads\/2025\/12\/donadon-129_result.webp","https:\/\/www.donadonsdd.com\/wp-content\/uploads\/2025\/12\/donadon-130_result.webp","https:\/\/www.donadonsdd.com\/wp-content\/uploads\/2025\/12\/donadon-131_result.webp"],"repeatable":[{"raw":"https:\/\/www.donadonsdd.com\/wp-content\/uploads\/2025\/12\/donadon-126_result.webp","attachment_id":6319},{"raw":"https:\/\/www.donadonsdd.com\/wp-content\/uploads\/2025\/12\/donadon-127_result.webp","attachment_id":6320},{"raw":"https:\/\/www.donadonsdd.com\/wp-content\/uploads\/2025\/12\/donadon-128_result.webp","attachment_id":6321},{"raw":"https:\/\/www.donadonsdd.com\/wp-content\/uploads\/2025\/12\/donadon-129_result.webp","attachment_id":6322},{"raw":"https:\/\/www.donadonsdd.com\/wp-content\/uploads\/2025\/12\/donadon-130_result.webp","attachment_id":6323},{"raw":"https:\/\/www.donadonsdd.com\/wp-content\/uploads\/2025\/12\/donadon-131_result.webp","attachment_id":1463}]},"tabella-specifiche":{"type":"wysiwyg","raw":"<p class=\"p1\">Type | HIA | HRA ;\nListe de compatibilit\u00e9 des disques | <a href=\"https:\/\/www.donadonsdd.com\/fr\/produit\/dcd-composite\/\">DCD<\/a>, <a href=\"https:\/\/www.donadonsdd.com\/fr\/produit\/lpd\/\">LPD<\/a>, <a href=\"https:\/\/www.donadonsdd.com\/fr\/produit\/scd\/\">SCD<\/a>, <a href=\"https:\/\/www.donadonsdd.com\/fr\/produit\/gr\/\">GR<\/a> | <a href=\"https:\/\/www.donadonsdd.com\/fr\/produit\/scr\/\">SCR<\/a>, <a href=\"https:\/\/www.donadonsdd.com\/fr\/produit\/y90\/\">Y90<\/a>, <a href=\"https:\/\/www.donadonsdd.com\/fr\/produit\/krd\/\">KRD<\/a>;\nDimensions | De DN15 (\u00bd pouce) \u00e0 DN1000 (40 pouces) ;\nAccessoires | Embouts, raccords en T, soupape de d\u00e9charge, manom\u00e8tre ;<\/p>"}}},"_links":{"self":[{"href":"https:\/\/www.donadonsdd.com\/fr\/wp-json\/wp\/v2\/product\/6318","targetHints":{"allow":["GET"]}}],"collection":[{"href":"https:\/\/www.donadonsdd.com\/fr\/wp-json\/wp\/v2\/product"}],"about":[{"href":"https:\/\/www.donadonsdd.com\/fr\/wp-json\/wp\/v2\/types\/product"}],"wp:featuredmedia":[{"embeddable":true,"href":"https:\/\/www.donadonsdd.com\/fr\/wp-json\/wp\/v2\/media\/10318"}],"wp:attachment":[{"href":"https:\/\/www.donadonsdd.com\/fr\/wp-json\/wp\/v2\/media?parent=6318"}],"wp:term":[{"taxonomy":"categoria_prodotto","embeddable":true,"href":"https:\/\/www.donadonsdd.com\/fr\/wp-json\/wp\/v2\/categoria_prodotto?post=6318"}],"curies":[{"name":"wp","href":"https:\/\/api.w.org\/{rel}","templated":true}]}}