{"id":6334,"date":"2025-12-10T15:24:45","date_gmt":"2025-12-10T14:24:45","guid":{"rendered":"https:\/\/www.donadonsdd.com\/product\/porte-disques-gr-solution-de-montage-fiable-pour-les-disques-en-graphite-remplacables-gr\/"},"modified":"2026-03-03T15:47:31","modified_gmt":"2026-03-03T14:47:31","slug":"gr-2","status":"publish","type":"product","link":"https:\/\/www.donadonsdd.com\/fr\/produit\/gr-2\/","title":{"rendered":"Porte-disques GR &#8211; Solution de montage fiable pour les disques en graphite rempla\u00e7ables GR"},"content":{"rendered":"<p>Les supports GR sont m\u00e9ticuleusement con\u00e7us pour assurer une fiabilit\u00e9 maximale aux disques de rupture DonadonSDD. Nos supports GR, sp\u00e9cialement con\u00e7us pour le montage des disques graphite rempla\u00e7ables GR, offrent une solution de montage s\u00fbre et efficace pour les applications industrielles. <\/p>\n<h2>Caract\u00e9ristiques et avantages techniques<\/h2>\n<ul>\n<li>Diam\u00e8tre interne dimensionn\u00e9 pour permettre une ouverture totale du disque et une transmission totale sur la zone de d\u00e9charge minimale.<\/li>\n<li>Diam\u00e8tre ext\u00e9rieur tangent aux boulons pour faciliter le centrage entre les brides.<\/li>\n<li>Compl\u00e9t\u00e9 par des joints en graphite pour une \u00e9tanch\u00e9it\u00e9 efficace<\/li>\n<li>Les fl\u00e8ches d&rsquo;\u00e9coulement sur le support et les \u00e9tiquettes du disque de rupture confirment la bonne direction de l&rsquo;\u00e9coulement.<\/li>\n<\/ul>\n<h2>Pourquoi choisir DonadonSDD ?<\/h2>\n<ul>\n<li>Les deux pi\u00e8ces en graphite \u00e0 bride assurent la durabilit\u00e9 et la r\u00e9sistance aux fluides agressifs, garantissant la long\u00e9vit\u00e9 et la performance dans les applications industrielles difficiles.<\/li>\n<li>Les porte-disques DonadonSDD GR sont con\u00e7us pour faciliter l&rsquo;installation et permettre un montage efficace et sans probl\u00e8me des disques.<\/li>\n<\/ul>\n","protected":false},"excerpt":{"rendered":"<p>Les supports GR sont m\u00e9ticuleusement con\u00e7us pour assurer une fiabilit\u00e9 maximale aux disques de rupture DonadonSDD. Nos supports GR, sp\u00e9cialement con\u00e7us pour le montage des disques graphite rempla\u00e7ables GR, offrent une solution de montage s\u00fbre et efficace pour les applications industrielles. Caract\u00e9ristiques et avantages techniques Diam\u00e8tre interne dimensionn\u00e9 pour permettre une ouverture totale du disque [&hellip;]<\/p>\n","protected":false},"featured_media":10322,"menu_order":0,"template":"","meta":{"_acf_changed":false},"categoria_prodotto":[90,79],"class_list":["post-6334","product","type-product","status-publish","has-post-thumbnail","hentry","categoria_prodotto-holders","categoria_prodotto-rupture-discs"],"acf":[],"yoast_head":"<!-- This site is optimized with the Yoast SEO plugin v27.3 - https:\/\/yoast.com\/product\/yoast-seo-wordpress\/ -->\n<title>Porte-disques de rupture en graphite - GR<\/title>\n<meta name=\"description\" content=\"Supports de disques de rupture en graphite con\u00e7us pour les disques de rupture en graphite rempla\u00e7ables par GR. Install\u00e9s entre des brides, ils garantissent une ouverture totale, un centrage correct et une \u00e9tanch\u00e9it\u00e9 fiable pour les fluides industriels agressifs.\" \/>\n<meta name=\"robots\" content=\"index, follow, max-snippet:-1, max-image-preview:large, max-video-preview:-1\" \/>\n<link rel=\"canonical\" href=\"https:\/\/www.donadonsdd.com\/fr\/produit\/gr-2\/\" \/>\n<meta property=\"og:locale\" content=\"fr_FR\" \/>\n<meta property=\"og:type\" content=\"article\" \/>\n<meta property=\"og:title\" content=\"Porte-disques de rupture en graphite - GR\" \/>\n<meta property=\"og:description\" content=\"Supports de disques de rupture en graphite con\u00e7us pour les disques de rupture en graphite rempla\u00e7ables par GR. Install\u00e9s entre des brides, ils garantissent une ouverture totale, un centrage correct et une \u00e9tanch\u00e9it\u00e9 fiable pour les fluides industriels agressifs.\" \/>\n<meta property=\"og:url\" content=\"https:\/\/www.donadonsdd.com\/fr\/produit\/gr-2\/\" \/>\n<meta property=\"og:site_name\" content=\"DonadonSDD Srl\" \/>\n<meta property=\"article:modified_time\" content=\"2026-03-03T14:47:31+00:00\" \/>\n<meta property=\"og:image\" content=\"https:\/\/www.donadonsdd.com\/wp-content\/uploads\/2025\/12\/donadon-118.png\" \/>\n\t<meta property=\"og:image:width\" content=\"1800\" \/>\n\t<meta property=\"og:image:height\" content=\"1200\" \/>\n\t<meta property=\"og:image:type\" content=\"image\/png\" \/>\n<meta name=\"twitter:card\" content=\"summary_large_image\" \/>\n<meta name=\"twitter:label1\" content=\"Dur\u00e9e de lecture estim\u00e9e\" \/>\n\t<meta name=\"twitter:data1\" content=\"1 minute\" \/>\n<script type=\"application\/ld+json\" class=\"yoast-schema-graph\">{\"@context\":\"https:\\\/\\\/schema.org\",\"@graph\":[{\"@type\":\"WebPage\",\"@id\":\"https:\\\/\\\/www.donadonsdd.com\\\/fr\\\/produit\\\/gr-2\\\/\",\"url\":\"https:\\\/\\\/www.donadonsdd.com\\\/fr\\\/produit\\\/gr-2\\\/\",\"name\":\"Porte-disques de rupture en graphite - GR\",\"isPartOf\":{\"@id\":\"https:\\\/\\\/www.donadonsdd.com\\\/fr\\\/#website\"},\"primaryImageOfPage\":{\"@id\":\"https:\\\/\\\/www.donadonsdd.com\\\/fr\\\/produit\\\/gr-2\\\/#primaryimage\"},\"image\":{\"@id\":\"https:\\\/\\\/www.donadonsdd.com\\\/fr\\\/produit\\\/gr-2\\\/#primaryimage\"},\"thumbnailUrl\":\"https:\\\/\\\/www.donadonsdd.com\\\/wp-content\\\/uploads\\\/2025\\\/12\\\/donadon-118.png\",\"datePublished\":\"2025-12-10T14:24:45+00:00\",\"dateModified\":\"2026-03-03T14:47:31+00:00\",\"description\":\"Supports de disques de rupture en graphite con\u00e7us pour les disques de rupture en graphite rempla\u00e7ables par GR. Install\u00e9s entre des brides, ils garantissent une ouverture totale, un centrage correct et une \u00e9tanch\u00e9it\u00e9 fiable pour les fluides industriels agressifs.\",\"breadcrumb\":{\"@id\":\"https:\\\/\\\/www.donadonsdd.com\\\/fr\\\/produit\\\/gr-2\\\/#breadcrumb\"},\"inLanguage\":\"fr-FR\",\"potentialAction\":[{\"@type\":\"ReadAction\",\"target\":[\"https:\\\/\\\/www.donadonsdd.com\\\/fr\\\/produit\\\/gr-2\\\/\"]}]},{\"@type\":\"ImageObject\",\"inLanguage\":\"fr-FR\",\"@id\":\"https:\\\/\\\/www.donadonsdd.com\\\/fr\\\/produit\\\/gr-2\\\/#primaryimage\",\"url\":\"https:\\\/\\\/www.donadonsdd.com\\\/wp-content\\\/uploads\\\/2025\\\/12\\\/donadon-118.png\",\"contentUrl\":\"https:\\\/\\\/www.donadonsdd.com\\\/wp-content\\\/uploads\\\/2025\\\/12\\\/donadon-118.png\",\"width\":1800,\"height\":1200},{\"@type\":\"BreadcrumbList\",\"@id\":\"https:\\\/\\\/www.donadonsdd.com\\\/fr\\\/produit\\\/gr-2\\\/#breadcrumb\",\"itemListElement\":[{\"@type\":\"ListItem\",\"position\":1,\"name\":\"HOMEPAGE\",\"item\":\"https:\\\/\\\/www.donadonsdd.com\\\/fr\\\/\"},{\"@type\":\"ListItem\",\"position\":2,\"name\":\"Porte-disques GR &#8211; Solution de montage fiable pour les disques en graphite rempla\u00e7ables GR\"}]},{\"@type\":\"WebSite\",\"@id\":\"https:\\\/\\\/www.donadonsdd.com\\\/fr\\\/#website\",\"url\":\"https:\\\/\\\/www.donadonsdd.com\\\/fr\\\/\",\"name\":\"DonadonSDD Srl\",\"description\":\"\",\"publisher\":{\"@id\":\"https:\\\/\\\/www.donadonsdd.com\\\/fr\\\/#organization\"},\"potentialAction\":[{\"@type\":\"SearchAction\",\"target\":{\"@type\":\"EntryPoint\",\"urlTemplate\":\"https:\\\/\\\/www.donadonsdd.com\\\/fr\\\/?s={search_term_string}\"},\"query-input\":{\"@type\":\"PropertyValueSpecification\",\"valueRequired\":true,\"valueName\":\"search_term_string\"}}],\"inLanguage\":\"fr-FR\"},{\"@type\":\"Organization\",\"@id\":\"https:\\\/\\\/www.donadonsdd.com\\\/fr\\\/#organization\",\"name\":\"DonadonSDD Srl\",\"url\":\"https:\\\/\\\/www.donadonsdd.com\\\/fr\\\/\",\"logo\":{\"@type\":\"ImageObject\",\"inLanguage\":\"fr-FR\",\"@id\":\"https:\\\/\\\/www.donadonsdd.com\\\/fr\\\/#\\\/schema\\\/logo\\\/image\\\/\",\"url\":\"https:\\\/\\\/www.donadonsdd.com\\\/wp-content\\\/uploads\\\/2025\\\/11\\\/donadonsdd-logo.png\",\"contentUrl\":\"https:\\\/\\\/www.donadonsdd.com\\\/wp-content\\\/uploads\\\/2025\\\/11\\\/donadonsdd-logo.png\",\"width\":544,\"height\":96,\"caption\":\"DonadonSDD Srl\"},\"image\":{\"@id\":\"https:\\\/\\\/www.donadonsdd.com\\\/fr\\\/#\\\/schema\\\/logo\\\/image\\\/\"}}]}<\/script>\n<!-- \/ Yoast SEO plugin. -->","yoast_head_json":{"title":"Porte-disques de rupture en graphite - GR","description":"Supports de disques de rupture en graphite con\u00e7us pour les disques de rupture en graphite rempla\u00e7ables par GR. Install\u00e9s entre des brides, ils garantissent une ouverture totale, un centrage correct et une \u00e9tanch\u00e9it\u00e9 fiable pour les fluides industriels agressifs.","robots":{"index":"index","follow":"follow","max-snippet":"max-snippet:-1","max-image-preview":"max-image-preview:large","max-video-preview":"max-video-preview:-1"},"canonical":"https:\/\/www.donadonsdd.com\/fr\/produit\/gr-2\/","og_locale":"fr_FR","og_type":"article","og_title":"Porte-disques de rupture en graphite - GR","og_description":"Supports de disques de rupture en graphite con\u00e7us pour les disques de rupture en graphite rempla\u00e7ables par GR. Install\u00e9s entre des brides, ils garantissent une ouverture totale, un centrage correct et une \u00e9tanch\u00e9it\u00e9 fiable pour les fluides industriels agressifs.","og_url":"https:\/\/www.donadonsdd.com\/fr\/produit\/gr-2\/","og_site_name":"DonadonSDD Srl","article_modified_time":"2026-03-03T14:47:31+00:00","og_image":[{"width":1800,"height":1200,"url":"https:\/\/www.donadonsdd.com\/wp-content\/uploads\/2025\/12\/donadon-118.png","type":"image\/png"}],"twitter_card":"summary_large_image","twitter_misc":{"Dur\u00e9e de lecture estim\u00e9e":"1 minute"},"schema":{"@context":"https:\/\/schema.org","@graph":[{"@type":"WebPage","@id":"https:\/\/www.donadonsdd.com\/fr\/produit\/gr-2\/","url":"https:\/\/www.donadonsdd.com\/fr\/produit\/gr-2\/","name":"Porte-disques de rupture en graphite - GR","isPartOf":{"@id":"https:\/\/www.donadonsdd.com\/fr\/#website"},"primaryImageOfPage":{"@id":"https:\/\/www.donadonsdd.com\/fr\/produit\/gr-2\/#primaryimage"},"image":{"@id":"https:\/\/www.donadonsdd.com\/fr\/produit\/gr-2\/#primaryimage"},"thumbnailUrl":"https:\/\/www.donadonsdd.com\/wp-content\/uploads\/2025\/12\/donadon-118.png","datePublished":"2025-12-10T14:24:45+00:00","dateModified":"2026-03-03T14:47:31+00:00","description":"Supports de disques de rupture en graphite con\u00e7us pour les disques de rupture en graphite rempla\u00e7ables par GR. Install\u00e9s entre des brides, ils garantissent une ouverture totale, un centrage correct et une \u00e9tanch\u00e9it\u00e9 fiable pour les fluides industriels agressifs.","breadcrumb":{"@id":"https:\/\/www.donadonsdd.com\/fr\/produit\/gr-2\/#breadcrumb"},"inLanguage":"fr-FR","potentialAction":[{"@type":"ReadAction","target":["https:\/\/www.donadonsdd.com\/fr\/produit\/gr-2\/"]}]},{"@type":"ImageObject","inLanguage":"fr-FR","@id":"https:\/\/www.donadonsdd.com\/fr\/produit\/gr-2\/#primaryimage","url":"https:\/\/www.donadonsdd.com\/wp-content\/uploads\/2025\/12\/donadon-118.png","contentUrl":"https:\/\/www.donadonsdd.com\/wp-content\/uploads\/2025\/12\/donadon-118.png","width":1800,"height":1200},{"@type":"BreadcrumbList","@id":"https:\/\/www.donadonsdd.com\/fr\/produit\/gr-2\/#breadcrumb","itemListElement":[{"@type":"ListItem","position":1,"name":"HOMEPAGE","item":"https:\/\/www.donadonsdd.com\/fr\/"},{"@type":"ListItem","position":2,"name":"Porte-disques GR &#8211; Solution de montage fiable pour les disques en graphite rempla\u00e7ables GR"}]},{"@type":"WebSite","@id":"https:\/\/www.donadonsdd.com\/fr\/#website","url":"https:\/\/www.donadonsdd.com\/fr\/","name":"DonadonSDD Srl","description":"","publisher":{"@id":"https:\/\/www.donadonsdd.com\/fr\/#organization"},"potentialAction":[{"@type":"SearchAction","target":{"@type":"EntryPoint","urlTemplate":"https:\/\/www.donadonsdd.com\/fr\/?s={search_term_string}"},"query-input":{"@type":"PropertyValueSpecification","valueRequired":true,"valueName":"search_term_string"}}],"inLanguage":"fr-FR"},{"@type":"Organization","@id":"https:\/\/www.donadonsdd.com\/fr\/#organization","name":"DonadonSDD Srl","url":"https:\/\/www.donadonsdd.com\/fr\/","logo":{"@type":"ImageObject","inLanguage":"fr-FR","@id":"https:\/\/www.donadonsdd.com\/fr\/#\/schema\/logo\/image\/","url":"https:\/\/www.donadonsdd.com\/wp-content\/uploads\/2025\/11\/donadonsdd-logo.png","contentUrl":"https:\/\/www.donadonsdd.com\/wp-content\/uploads\/2025\/11\/donadonsdd-logo.png","width":544,"height":96,"caption":"DonadonSDD Srl"},"image":{"@id":"https:\/\/www.donadonsdd.com\/fr\/#\/schema\/logo\/image\/"}}]}},"toolset-meta":{"toolset-woocommerce-fields":{"_download_limit":{"type":"numeric","raw":""},"_virtual":{"type":"checkbox","raw":""},"_downloadable":{"type":"checkbox","raw":""},"_download_expiry":{"type":"numeric","raw":""},"_download_type":{"type":"radio","raw":""},"_regular_price":{"type":"numeric","raw":""},"_sale_price":{"type":"numeric","raw":""},"_sale_price_dates_from":{"type":"date","raw":"","formatted":null},"_sale_price_dates_to":{"type":"date","raw":"","formatted":null},"_sku":{"type":"textfield","raw":""},"_manage_stock":{"type":"checkbox","raw":""},"_stock_status":{"type":"radio","raw":""},"_stock":{"type":"numeric","raw":""},"_backorders":{"type":"radio","raw":""},"_sold_individually":{"type":"checkbox","raw":""},"_width":{"type":"numeric","raw":""},"_weight":{"type":"numeric","raw":""},"_length":{"type":"numeric","raw":""},"_purchase_note":{"type":"textarea","raw":""}},"infografica":{"operation-ratio":{"type":"textfield","raw":""},"non-fragmenting":{"type":"textfield","raw":""},"vacumm-resistant":{"type":"textfield","raw":""},"sanitary":{"type":"textfield","raw":""},"liquid":{"type":"textfield","raw":""},"vapor-gas":{"type":"textfield","raw":""},"ferrules":{"type":"textfield","raw":""}},"dettagli-prodotto":{"immagini-prodotto":{"type":"image","raw":["https:\/\/www.donadonsdd.com\/wp-content\/uploads\/2025\/12\/donadon-117_result.webp","https:\/\/www.donadonsdd.com\/wp-content\/uploads\/2025\/12\/donadon-118_result.webp","https:\/\/www.donadonsdd.com\/wp-content\/uploads\/2025\/12\/donadon-119_result.webp","https:\/\/www.donadonsdd.com\/wp-content\/uploads\/2025\/12\/donadon-120_result.webp"],"repeatable":[{"raw":"https:\/\/www.donadonsdd.com\/wp-content\/uploads\/2025\/12\/donadon-117_result.webp","attachment_id":6335},{"raw":"https:\/\/www.donadonsdd.com\/wp-content\/uploads\/2025\/12\/donadon-118_result.webp","attachment_id":6336},{"raw":"https:\/\/www.donadonsdd.com\/wp-content\/uploads\/2025\/12\/donadon-119_result.webp","attachment_id":6337},{"raw":"https:\/\/www.donadonsdd.com\/wp-content\/uploads\/2025\/12\/donadon-120_result.webp","attachment_id":6338}]},"tabella-specifiche":{"type":"wysiwyg","raw":"<p class=\"p1\">TYPE | GR ;\nLISTE DE COMPATIBILIT\u00c9 DES DISQUES | <a href=\"https:\/\/www.donadonsdd.com\/product\/gr\/\">GR<\/a>;\nDIMENSIONS | De DN25 (1 pouce) \u00e0 DN200 (8 pouces) ;<\/p>"}}},"_links":{"self":[{"href":"https:\/\/www.donadonsdd.com\/fr\/wp-json\/wp\/v2\/product\/6334","targetHints":{"allow":["GET"]}}],"collection":[{"href":"https:\/\/www.donadonsdd.com\/fr\/wp-json\/wp\/v2\/product"}],"about":[{"href":"https:\/\/www.donadonsdd.com\/fr\/wp-json\/wp\/v2\/types\/product"}],"wp:featuredmedia":[{"embeddable":true,"href":"https:\/\/www.donadonsdd.com\/fr\/wp-json\/wp\/v2\/media\/10322"}],"wp:attachment":[{"href":"https:\/\/www.donadonsdd.com\/fr\/wp-json\/wp\/v2\/media?parent=6334"}],"wp:term":[{"taxonomy":"categoria_prodotto","embeddable":true,"href":"https:\/\/www.donadonsdd.com\/fr\/wp-json\/wp\/v2\/categoria_prodotto?post=6334"}],"curies":[{"name":"wp","href":"https:\/\/api.w.org\/{rel}","templated":true}]}}