{"id":6349,"date":"2025-12-11T13:51:20","date_gmt":"2025-12-11T12:51:20","guid":{"rendered":"https:\/\/www.donadonsdd.com\/product\/disques-de-rupture-dcd-dispositifs-de-securite-de-haute-qualite-pour-les-installations-industrielles\/"},"modified":"2026-03-01T02:55:40","modified_gmt":"2026-03-01T01:55:40","slug":"dcd-composite","status":"publish","type":"product","link":"https:\/\/www.donadonsdd.com\/fr\/produit\/dcd-composite\/","title":{"rendered":"Disques de rupture DCD &#8211; Dispositifs de s\u00e9curit\u00e9 de haute qualit\u00e9 pour les installations industrielles"},"content":{"rendered":"<p>DonadonSDD propose des disques de rupture DCD qui sont con\u00e7us pour prot\u00e9ger les installations industrielles contre les variations soudaines de pression qui peuvent causer de graves dommages. Les disques de rupture DCD sont constitu\u00e9s de 3 composants ou plus qui forment un disque unique \u00e0 ins\u00e9rer dans un support sp\u00e9cifique. Ils sont disponibles dans une grande vari\u00e9t\u00e9 d&rsquo;ex\u00e9cutions pour couvrir la plupart des besoins de l&rsquo;industrie.  <\/p>\n<h2>Caract\u00e9ristiques et avantages techniques<\/h2>\n<p><strong>Normes de certification \u00e9lev\u00e9es :<\/strong><\/p>\n<p>Nos disques de rupture DCD sont certifi\u00e9s conformes aux normes internationales les plus strictes, notamment PED 2014\/68\/UE (estampille CE), ATEX EX II 2 GD (estampille CE), PER 2016 UK Statutory (estampille UKCA), CU TR 032 (estampille EAC).<\/p>\n<h3>Technique :<\/h3>\n<p>Compos\u00e9 d&rsquo;une partie m\u00e9tallique perfor\u00e9e et fendue, d&rsquo;une membrane d&rsquo;\u00e9tanch\u00e9it\u00e9 (g\u00e9n\u00e9ralement en PTFE ou PFA, mais disponible en divers mat\u00e9riaux m\u00e9talliques ou non m\u00e9talliques) et d&rsquo;une section de protection.<\/p>\n<h3>Applications :<\/h3>\n<p>Id\u00e9al pour l&rsquo;utilisation de gaz et de liquides dans des conditions statiques et \u00e0 basse pression<\/p>\n<h3>Non fragment\u00e9 :<\/h3>\n<p>R\u00e9pond \u00e0 une pression excessive par une ouverture totale en quelques millisecondes sans fragmentation des couches m\u00e9talliques (convient pour la protection des vannes).<\/p>\n<h3>R\u00e9sistance au vide :<\/h3>\n<p>Un support sp\u00e9cifique pour la protection contre le vide et la contre-pression est disponible sur demande.<\/p>\n<h3>Option de disque \u00e0 double sens :<\/h3>\n<p>Protection simultan\u00e9e contre le vide et la pression (m\u00eame avec deux pressions diff\u00e9rentes)<\/p>\n<h2>Pourquoi choisir DonadonSDD ?<\/h2>\n<ul>\n<li>Nos disques de rupture DCD sont certifi\u00e9s conformes aux normes de s\u00e9curit\u00e9 internationales les plus strictes et offrent une protection fiable \u00e0 votre installation industrielle.<\/li>\n<li>Les disques de rupture DonadonSDD DCD sont id\u00e9aux pour une utilisation avec des gaz et des liquides dans des conditions statiques et \u00e0 basse pression, ce qui les rend tr\u00e8s polyvalents.<\/li>\n<li>Les disques r\u00e9agissent rapidement \u00e0 une pression excessive, \u00e9vitant ainsi d&rsquo;endommager votre plante.<\/li>\n<\/ul>\n","protected":false},"excerpt":{"rendered":"<p>DonadonSDD propose des disques de rupture DCD qui sont con\u00e7us pour prot\u00e9ger les installations industrielles contre les variations soudaines de pression qui peuvent causer de graves dommages. Les disques de rupture DCD sont constitu\u00e9s de 3 composants ou plus qui forment un disque unique \u00e0 ins\u00e9rer dans un support sp\u00e9cifique. Ils sont disponibles dans une [&hellip;]<\/p>\n","protected":false},"featured_media":10310,"menu_order":0,"template":"","meta":{"_acf_changed":false},"categoria_prodotto":[85,79],"class_list":["post-6349","product","type-product","status-publish","has-post-thumbnail","hentry","categoria_prodotto-forward-acting","categoria_prodotto-rupture-discs"],"acf":[],"yoast_head":"<!-- This site is optimized with the Yoast SEO plugin v27.3 - https:\/\/yoast.com\/product\/yoast-seo-wordpress\/ -->\n<title>Disque de rupture composite - DCD<\/title>\n<meta name=\"description\" content=\"Disque de rupture composite pour gaz et liquides \u00e0 basse pression. Disponible en configuration simple ou double effet pour une protection contre la surpression, le vide ou une protection combin\u00e9e, support de vide en option, rapport de fonctionnement jusqu&#039;\u00e0 80 %, certifi\u00e9 PED et ATEX.\" \/>\n<meta name=\"robots\" content=\"index, follow, max-snippet:-1, max-image-preview:large, max-video-preview:-1\" \/>\n<link rel=\"canonical\" href=\"https:\/\/www.donadonsdd.com\/fr\/produit\/dcd-composite\/\" \/>\n<meta property=\"og:locale\" content=\"fr_FR\" \/>\n<meta property=\"og:type\" content=\"article\" \/>\n<meta property=\"og:title\" content=\"Disque de rupture composite - DCD\" \/>\n<meta property=\"og:description\" content=\"Disque de rupture composite pour gaz et liquides \u00e0 basse pression. Disponible en configuration simple ou double effet pour une protection contre la surpression, le vide ou une protection combin\u00e9e, support de vide en option, rapport de fonctionnement jusqu&#039;\u00e0 80 %, certifi\u00e9 PED et ATEX.\" \/>\n<meta property=\"og:url\" content=\"https:\/\/www.donadonsdd.com\/fr\/produit\/dcd-composite\/\" \/>\n<meta property=\"og:site_name\" content=\"DonadonSDD Srl\" \/>\n<meta property=\"article:modified_time\" content=\"2026-03-01T01:55:40+00:00\" \/>\n<meta property=\"og:image\" content=\"https:\/\/www.donadonsdd.com\/wp-content\/uploads\/2025\/12\/donadon-50.png\" \/>\n\t<meta property=\"og:image:width\" content=\"1800\" \/>\n\t<meta property=\"og:image:height\" content=\"1200\" \/>\n\t<meta property=\"og:image:type\" content=\"image\/png\" \/>\n<meta name=\"twitter:card\" content=\"summary_large_image\" \/>\n<meta name=\"twitter:label1\" content=\"Dur\u00e9e de lecture estim\u00e9e\" \/>\n\t<meta name=\"twitter:data1\" content=\"2 minutes\" \/>\n<script type=\"application\/ld+json\" class=\"yoast-schema-graph\">{\"@context\":\"https:\\\/\\\/schema.org\",\"@graph\":[{\"@type\":\"WebPage\",\"@id\":\"https:\\\/\\\/www.donadonsdd.com\\\/fr\\\/produit\\\/dcd-composite\\\/\",\"url\":\"https:\\\/\\\/www.donadonsdd.com\\\/fr\\\/produit\\\/dcd-composite\\\/\",\"name\":\"Disque de rupture composite - DCD\",\"isPartOf\":{\"@id\":\"https:\\\/\\\/www.donadonsdd.com\\\/fr\\\/#website\"},\"primaryImageOfPage\":{\"@id\":\"https:\\\/\\\/www.donadonsdd.com\\\/fr\\\/produit\\\/dcd-composite\\\/#primaryimage\"},\"image\":{\"@id\":\"https:\\\/\\\/www.donadonsdd.com\\\/fr\\\/produit\\\/dcd-composite\\\/#primaryimage\"},\"thumbnailUrl\":\"https:\\\/\\\/www.donadonsdd.com\\\/wp-content\\\/uploads\\\/2025\\\/12\\\/donadon-50.png\",\"datePublished\":\"2025-12-11T12:51:20+00:00\",\"dateModified\":\"2026-03-01T01:55:40+00:00\",\"description\":\"Disque de rupture composite pour gaz et liquides \u00e0 basse pression. Disponible en configuration simple ou double effet pour une protection contre la surpression, le vide ou une protection combin\u00e9e, support de vide en option, rapport de fonctionnement jusqu'\u00e0 80 %, certifi\u00e9 PED et ATEX.\",\"breadcrumb\":{\"@id\":\"https:\\\/\\\/www.donadonsdd.com\\\/fr\\\/produit\\\/dcd-composite\\\/#breadcrumb\"},\"inLanguage\":\"fr-FR\",\"potentialAction\":[{\"@type\":\"ReadAction\",\"target\":[\"https:\\\/\\\/www.donadonsdd.com\\\/fr\\\/produit\\\/dcd-composite\\\/\"]}]},{\"@type\":\"ImageObject\",\"inLanguage\":\"fr-FR\",\"@id\":\"https:\\\/\\\/www.donadonsdd.com\\\/fr\\\/produit\\\/dcd-composite\\\/#primaryimage\",\"url\":\"https:\\\/\\\/www.donadonsdd.com\\\/wp-content\\\/uploads\\\/2025\\\/12\\\/donadon-50.png\",\"contentUrl\":\"https:\\\/\\\/www.donadonsdd.com\\\/wp-content\\\/uploads\\\/2025\\\/12\\\/donadon-50.png\",\"width\":1800,\"height\":1200},{\"@type\":\"BreadcrumbList\",\"@id\":\"https:\\\/\\\/www.donadonsdd.com\\\/fr\\\/produit\\\/dcd-composite\\\/#breadcrumb\",\"itemListElement\":[{\"@type\":\"ListItem\",\"position\":1,\"name\":\"HOMEPAGE\",\"item\":\"https:\\\/\\\/www.donadonsdd.com\\\/fr\\\/\"},{\"@type\":\"ListItem\",\"position\":2,\"name\":\"Disques de rupture DCD &#8211; Dispositifs de s\u00e9curit\u00e9 de haute qualit\u00e9 pour les installations industrielles\"}]},{\"@type\":\"WebSite\",\"@id\":\"https:\\\/\\\/www.donadonsdd.com\\\/fr\\\/#website\",\"url\":\"https:\\\/\\\/www.donadonsdd.com\\\/fr\\\/\",\"name\":\"DonadonSDD Srl\",\"description\":\"\",\"publisher\":{\"@id\":\"https:\\\/\\\/www.donadonsdd.com\\\/fr\\\/#organization\"},\"potentialAction\":[{\"@type\":\"SearchAction\",\"target\":{\"@type\":\"EntryPoint\",\"urlTemplate\":\"https:\\\/\\\/www.donadonsdd.com\\\/fr\\\/?s={search_term_string}\"},\"query-input\":{\"@type\":\"PropertyValueSpecification\",\"valueRequired\":true,\"valueName\":\"search_term_string\"}}],\"inLanguage\":\"fr-FR\"},{\"@type\":\"Organization\",\"@id\":\"https:\\\/\\\/www.donadonsdd.com\\\/fr\\\/#organization\",\"name\":\"DonadonSDD Srl\",\"url\":\"https:\\\/\\\/www.donadonsdd.com\\\/fr\\\/\",\"logo\":{\"@type\":\"ImageObject\",\"inLanguage\":\"fr-FR\",\"@id\":\"https:\\\/\\\/www.donadonsdd.com\\\/fr\\\/#\\\/schema\\\/logo\\\/image\\\/\",\"url\":\"https:\\\/\\\/www.donadonsdd.com\\\/wp-content\\\/uploads\\\/2025\\\/11\\\/donadonsdd-logo.png\",\"contentUrl\":\"https:\\\/\\\/www.donadonsdd.com\\\/wp-content\\\/uploads\\\/2025\\\/11\\\/donadonsdd-logo.png\",\"width\":544,\"height\":96,\"caption\":\"DonadonSDD Srl\"},\"image\":{\"@id\":\"https:\\\/\\\/www.donadonsdd.com\\\/fr\\\/#\\\/schema\\\/logo\\\/image\\\/\"}}]}<\/script>\n<!-- \/ Yoast SEO plugin. -->","yoast_head_json":{"title":"Disque de rupture composite - DCD","description":"Disque de rupture composite pour gaz et liquides \u00e0 basse pression. Disponible en configuration simple ou double effet pour une protection contre la surpression, le vide ou une protection combin\u00e9e, support de vide en option, rapport de fonctionnement jusqu'\u00e0 80 %, certifi\u00e9 PED et ATEX.","robots":{"index":"index","follow":"follow","max-snippet":"max-snippet:-1","max-image-preview":"max-image-preview:large","max-video-preview":"max-video-preview:-1"},"canonical":"https:\/\/www.donadonsdd.com\/fr\/produit\/dcd-composite\/","og_locale":"fr_FR","og_type":"article","og_title":"Disque de rupture composite - DCD","og_description":"Disque de rupture composite pour gaz et liquides \u00e0 basse pression. Disponible en configuration simple ou double effet pour une protection contre la surpression, le vide ou une protection combin\u00e9e, support de vide en option, rapport de fonctionnement jusqu'\u00e0 80 %, certifi\u00e9 PED et ATEX.","og_url":"https:\/\/www.donadonsdd.com\/fr\/produit\/dcd-composite\/","og_site_name":"DonadonSDD Srl","article_modified_time":"2026-03-01T01:55:40+00:00","og_image":[{"width":1800,"height":1200,"url":"https:\/\/www.donadonsdd.com\/wp-content\/uploads\/2025\/12\/donadon-50.png","type":"image\/png"}],"twitter_card":"summary_large_image","twitter_misc":{"Dur\u00e9e de lecture estim\u00e9e":"2 minutes"},"schema":{"@context":"https:\/\/schema.org","@graph":[{"@type":"WebPage","@id":"https:\/\/www.donadonsdd.com\/fr\/produit\/dcd-composite\/","url":"https:\/\/www.donadonsdd.com\/fr\/produit\/dcd-composite\/","name":"Disque de rupture composite - DCD","isPartOf":{"@id":"https:\/\/www.donadonsdd.com\/fr\/#website"},"primaryImageOfPage":{"@id":"https:\/\/www.donadonsdd.com\/fr\/produit\/dcd-composite\/#primaryimage"},"image":{"@id":"https:\/\/www.donadonsdd.com\/fr\/produit\/dcd-composite\/#primaryimage"},"thumbnailUrl":"https:\/\/www.donadonsdd.com\/wp-content\/uploads\/2025\/12\/donadon-50.png","datePublished":"2025-12-11T12:51:20+00:00","dateModified":"2026-03-01T01:55:40+00:00","description":"Disque de rupture composite pour gaz et liquides \u00e0 basse pression. Disponible en configuration simple ou double effet pour une protection contre la surpression, le vide ou une protection combin\u00e9e, support de vide en option, rapport de fonctionnement jusqu'\u00e0 80 %, certifi\u00e9 PED et ATEX.","breadcrumb":{"@id":"https:\/\/www.donadonsdd.com\/fr\/produit\/dcd-composite\/#breadcrumb"},"inLanguage":"fr-FR","potentialAction":[{"@type":"ReadAction","target":["https:\/\/www.donadonsdd.com\/fr\/produit\/dcd-composite\/"]}]},{"@type":"ImageObject","inLanguage":"fr-FR","@id":"https:\/\/www.donadonsdd.com\/fr\/produit\/dcd-composite\/#primaryimage","url":"https:\/\/www.donadonsdd.com\/wp-content\/uploads\/2025\/12\/donadon-50.png","contentUrl":"https:\/\/www.donadonsdd.com\/wp-content\/uploads\/2025\/12\/donadon-50.png","width":1800,"height":1200},{"@type":"BreadcrumbList","@id":"https:\/\/www.donadonsdd.com\/fr\/produit\/dcd-composite\/#breadcrumb","itemListElement":[{"@type":"ListItem","position":1,"name":"HOMEPAGE","item":"https:\/\/www.donadonsdd.com\/fr\/"},{"@type":"ListItem","position":2,"name":"Disques de rupture DCD &#8211; Dispositifs de s\u00e9curit\u00e9 de haute qualit\u00e9 pour les installations industrielles"}]},{"@type":"WebSite","@id":"https:\/\/www.donadonsdd.com\/fr\/#website","url":"https:\/\/www.donadonsdd.com\/fr\/","name":"DonadonSDD Srl","description":"","publisher":{"@id":"https:\/\/www.donadonsdd.com\/fr\/#organization"},"potentialAction":[{"@type":"SearchAction","target":{"@type":"EntryPoint","urlTemplate":"https:\/\/www.donadonsdd.com\/fr\/?s={search_term_string}"},"query-input":{"@type":"PropertyValueSpecification","valueRequired":true,"valueName":"search_term_string"}}],"inLanguage":"fr-FR"},{"@type":"Organization","@id":"https:\/\/www.donadonsdd.com\/fr\/#organization","name":"DonadonSDD Srl","url":"https:\/\/www.donadonsdd.com\/fr\/","logo":{"@type":"ImageObject","inLanguage":"fr-FR","@id":"https:\/\/www.donadonsdd.com\/fr\/#\/schema\/logo\/image\/","url":"https:\/\/www.donadonsdd.com\/wp-content\/uploads\/2025\/11\/donadonsdd-logo.png","contentUrl":"https:\/\/www.donadonsdd.com\/wp-content\/uploads\/2025\/11\/donadonsdd-logo.png","width":544,"height":96,"caption":"DonadonSDD Srl"},"image":{"@id":"https:\/\/www.donadonsdd.com\/fr\/#\/schema\/logo\/image\/"}}]}},"toolset-meta":{"toolset-woocommerce-fields":{"_download_limit":{"type":"numeric","raw":""},"_virtual":{"type":"checkbox","raw":""},"_downloadable":{"type":"checkbox","raw":""},"_download_expiry":{"type":"numeric","raw":""},"_download_type":{"type":"radio","raw":""},"_regular_price":{"type":"numeric","raw":""},"_sale_price":{"type":"numeric","raw":""},"_sale_price_dates_from":{"type":"date","raw":"","formatted":null},"_sale_price_dates_to":{"type":"date","raw":"","formatted":null},"_sku":{"type":"textfield","raw":""},"_manage_stock":{"type":"checkbox","raw":""},"_stock_status":{"type":"radio","raw":""},"_stock":{"type":"numeric","raw":""},"_backorders":{"type":"radio","raw":""},"_sold_individually":{"type":"checkbox","raw":""},"_width":{"type":"numeric","raw":""},"_weight":{"type":"numeric","raw":""},"_length":{"type":"numeric","raw":""},"_purchase_note":{"type":"textarea","raw":""}},"infografica":{"operation-ratio":{"type":"textfield","raw":"jusqu'\u00e0 80%"},"non-fragmenting":{"type":"textfield","raw":"oui (membrane uniquement)"},"vacumm-resistant":{"type":"textfield","raw":"Oui, le support de vide est n\u00e9cessaire"},"sanitary":{"type":"textfield","raw":"non"},"liquid":{"type":"textfield","raw":"oui"},"vapor-gas":{"type":"textfield","raw":"oui"},"ferrules":{"type":"textfield","raw":""}},"dettagli-prodotto":{"immagini-prodotto":{"type":"image","raw":["https:\/\/www.donadonsdd.com\/wp-content\/uploads\/2025\/12\/donadon-50_result.webp","https:\/\/www.donadonsdd.com\/wp-content\/uploads\/2025\/12\/donadon-51_result.webp"],"repeatable":[{"raw":"https:\/\/www.donadonsdd.com\/wp-content\/uploads\/2025\/12\/donadon-50_result.webp","attachment_id":6353},{"raw":"https:\/\/www.donadonsdd.com\/wp-content\/uploads\/2025\/12\/donadon-51_result.webp","attachment_id":6354}]},"tabella-specifiche":{"type":"wysiwyg","raw":"<p class=\"p1\">MOD\u00c8LE | DCD ;\nMAT\u00c9RIAUX | Acier inoxydable, alliage 201, alliage 400, alliage 600, alliage 625, alliage C276, titane ;\nMEMBRANE D'\u00c9TANCH\u00c9IT\u00c9 | Disponible en PTFE ou PFA ;\nDIMENSIONS | De DN25 (1 pouce) \u00e0 DN1000 (40 pouces) ;\nPRESSION DE RUPTURE | 0,01 - 100 bar g (selon la taille et le mat\u00e9riau) ;\nTOL\u00c9RANCE | de +\/- 5 % \u00e0 +\/- 40 % ;\nTEMPERATURE DE FONCTIONNEMENT | max 260\u00b0C (membrane en PTFE ou PFA) ;\nFRAGMENTATION | Non (membrane uniquement) ;\nUTILISATION EN COMBINAISON AVEC PSV | Convient ;\nMARGE DE FONCTIONNEMENT | Peut atteindre jusqu'\u00e0 80 % selon les conditions de service.. ;\nR\u00c9SISTANCE \u00c0 LA PRESSION DU VIDE | Oui, le support du vide est n\u00e9cessaire ;\nOPTION DE DISQUE DOUBLE VOIE | Disponible, m\u00eame avec deux pressions de r\u00e9glage diff\u00e9rentes ;\nR\u00c9SISTANCE \u00c0 LA CORROSION | Tr\u00e8s bon ;\nLes rev\u00eatements | sont disponibles en PTFE et PFA ;\nHOLDER | <a href=\"https:\/\/www.donadonsdd.com\/fr\/produit\/hia-hra\/\">HIA<\/a>, <a href=\"https:\/\/www.donadonsdd.com\/fr\/produit\/hip-hrp\/\">HIP<\/a>, <a href=\"https:\/\/www.donadonsdd.com\/fr\/produit\/hif-hrf\/\">HIF<\/a>;   \nCAPTEUR DE RUPTURE | <a href=\"https:\/\/www.donadonsdd.com\/fr\/produits\/indicateurs-de-rupture\/electrique\/\">\u00e9lectrique<\/a>, <a href=\"https:\/\/www.donadonsdd.com\/fr\/produits\/indicateurs-de-rupture\/magnetique\/\">magn\u00e9tique<\/a>, <a href=\"https:\/\/www.donadonsdd.com\/fr\/produits\/indicateurs-de-rupture\/inductif\/\">inductif<\/a>, <a href=\"https:\/\/www.donadonsdd.com\/fr\/produits\/indicateurs-de-rupture\/fibre-optique\/\">optique<\/a>;    <\/p>"}}},"_links":{"self":[{"href":"https:\/\/www.donadonsdd.com\/fr\/wp-json\/wp\/v2\/product\/6349","targetHints":{"allow":["GET"]}}],"collection":[{"href":"https:\/\/www.donadonsdd.com\/fr\/wp-json\/wp\/v2\/product"}],"about":[{"href":"https:\/\/www.donadonsdd.com\/fr\/wp-json\/wp\/v2\/types\/product"}],"wp:featuredmedia":[{"embeddable":true,"href":"https:\/\/www.donadonsdd.com\/fr\/wp-json\/wp\/v2\/media\/10310"}],"wp:attachment":[{"href":"https:\/\/www.donadonsdd.com\/fr\/wp-json\/wp\/v2\/media?parent=6349"}],"wp:term":[{"taxonomy":"categoria_prodotto","embeddable":true,"href":"https:\/\/www.donadonsdd.com\/fr\/wp-json\/wp\/v2\/categoria_prodotto?post=6349"}],"curies":[{"name":"wp","href":"https:\/\/api.w.org\/{rel}","templated":true}]}}